{"id":44551,"date":"2025-01-18T21:24:53","date_gmt":"2025-01-18T20:24:53","guid":{"rendered":"https:\/\/formar.shop\/prodotto\/konsolbord-spider\/"},"modified":"2025-01-18T21:25:06","modified_gmt":"2025-01-18T20:25:06","slug":"konsolbord-spider","status":"publish","type":"product","link":"https:\/\/formar.shop\/sv\/prodotto\/konsolbord-spider\/","title":{"rendered":"Konsolbord &#8211; Spider"},"content":{"rendered":"<div class=\"slider-wrapper relative\" id=\"slider-948740961\" >\n    <div class=\"slider slider-nav-circle slider-nav-large slider-nav-dark slider-style-normal\"\n        data-flickity-options='{\n            \"cellAlign\": \"center\",\n            \"imagesLoaded\": true,\n            \"lazyLoad\": 1,\n            \"freeScroll\": false,\n            \"wrapAround\": true,\n            \"autoPlay\": 6000,\n            \"pauseAutoPlayOnHover\" : true,\n            \"prevNextButtons\": true,\n            \"contain\" : true,\n            \"adaptiveHeight\" : true,\n            \"dragThreshold\" : 10,\n            \"percentPosition\": true,\n            \"pageDots\": true,\n            \"rightToLeft\": false,\n            \"draggable\": true,\n            \"selectedAttraction\": 0.1,\n            \"parallax\" : 0,\n            \"friction\": 0.6        }'\n        >\n        \n\t<div class=\"img has-hover x md-x lg-x y md-y lg-y\" id=\"image_1416989907\">\n\t\t\t\t\t\t\t\t<div class=\"img-inner dark\" >\n\t\t\t<img loading=\"lazy\" decoding=\"async\" width=\"775\" height=\"1030\" src=\"https:\/\/static.formar.net\/wp-content\/uploads\/2020\/12\/11164238\/Immagini-x-shop-04.png\" class=\"attachment-large size-large\" alt=\"\" srcset=\"https:\/\/static.formar.net\/wp-content\/uploads\/2020\/12\/11164238\/Immagini-x-shop-04.png 1071w, https:\/\/static.formar.net\/wp-content\/uploads\/2020\/12\/11164238\/Immagini-x-shop-04-510x678.png 510w\" sizes=\"auto, (max-width: 775px) 100vw, 775px\" \/>\t\t\t\t\t\t\n\t\t\t\t\t<\/div>\n\t\t\t\t\t\t\t\t\n<style>\n#image_1416989907 {\n  width: 100%;\n}\n<\/style>\n\t<\/div>\n\t\n\t<div class=\"img has-hover x md-x lg-x y md-y lg-y\" id=\"image_1816814783\">\n\t\t\t\t\t\t\t\t<div class=\"img-inner dark\" >\n\t\t\t<img loading=\"lazy\" decoding=\"async\" width=\"1001\" height=\"1001\" src=\"https:\/\/static.formar.net\/wp-content\/uploads\/2020\/12\/04172716\/Immagini-di-prodotto-x-Amazon-07.png\" class=\"attachment-large size-large\" alt=\"\" \/>\t\t\t\t\t\t\n\t\t\t\t\t<\/div>\n\t\t\t\t\t\t\t\t\n<style>\n#image_1816814783 {\n  width: 100%;\n}\n<\/style>\n\t<\/div>\n\t\n\t<div class=\"img has-hover x md-x lg-x y md-y lg-y\" id=\"image_581239058\">\n\t\t\t\t\t\t\t\t<div class=\"img-inner dark\" >\n\t\t\t<img loading=\"lazy\" decoding=\"async\" width=\"1020\" height=\"680\" src=\"https:\/\/static.formar.net\/wp-content\/uploads\/sites\/1\/2022\/11\/02111040\/Spider-Consolle_12per-web-1030x687.jpg\" class=\"attachment-large size-large\" alt=\"\" srcset=\"https:\/\/static.formar.net\/wp-content\/uploads\/sites\/1\/2022\/11\/02111040\/Spider-Consolle_12per-web-1030x687.jpg 1030w, https:\/\/static.formar.net\/wp-content\/uploads\/sites\/1\/2022\/11\/02111040\/Spider-Consolle_12per-web-300x200.jpg 300w, https:\/\/static.formar.net\/wp-content\/uploads\/sites\/1\/2022\/11\/02111040\/Spider-Consolle_12per-web-768x512.jpg 768w, https:\/\/static.formar.net\/wp-content\/uploads\/sites\/1\/2022\/11\/02111040\/Spider-Consolle_12per-web-1536x1024.jpg 1536w, https:\/\/static.formar.net\/wp-content\/uploads\/sites\/1\/2022\/11\/02111040\/Spider-Consolle_12per-web-2048x1365.jpg 2048w, https:\/\/static.formar.net\/wp-content\/uploads\/sites\/1\/2022\/11\/02111040\/Spider-Consolle_12per-web-510x340.jpg 510w, https:\/\/static.formar.net\/wp-content\/uploads\/sites\/1\/2022\/11\/02111040\/Spider-Consolle_12per-web-1200x800.jpg 1200w, https:\/\/static.formar.net\/wp-content\/uploads\/sites\/1\/2022\/11\/02111040\/Spider-Consolle_12per-web-600x400.jpg 600w\" sizes=\"auto, (max-width: 1020px) 100vw, 1020px\" \/>\t\t\t\t\t\t\n\t\t\t\t\t<\/div>\n\t\t\t\t\t\t\t\t\n<style>\n#image_581239058 {\n  width: 100%;\n}\n<\/style>\n\t<\/div>\n\t\n\t<div class=\"img has-hover x md-x lg-x y md-y lg-y\" id=\"image_1458442240\">\n\t\t\t\t\t\t\t\t<div class=\"img-inner dark\" >\n\t\t\t<img loading=\"lazy\" decoding=\"async\" width=\"2560\" height=\"1707\" src=\"https:\/\/static.formar.net\/wp-content\/uploads\/sites\/1\/2022\/11\/02111039\/Spider-Consolle_19-per-web-scaled.jpg\" class=\"attachment-original size-original\" alt=\"\" srcset=\"https:\/\/static.formar.net\/wp-content\/uploads\/sites\/1\/2022\/11\/02111039\/Spider-Consolle_19-per-web-scaled.jpg 2560w, https:\/\/static.formar.net\/wp-content\/uploads\/sites\/1\/2022\/11\/02111039\/Spider-Consolle_19-per-web-300x200.jpg 300w, https:\/\/static.formar.net\/wp-content\/uploads\/sites\/1\/2022\/11\/02111039\/Spider-Consolle_19-per-web-1030x687.jpg 1030w, https:\/\/static.formar.net\/wp-content\/uploads\/sites\/1\/2022\/11\/02111039\/Spider-Consolle_19-per-web-768x512.jpg 768w, https:\/\/static.formar.net\/wp-content\/uploads\/sites\/1\/2022\/11\/02111039\/Spider-Consolle_19-per-web-1536x1024.jpg 1536w, https:\/\/static.formar.net\/wp-content\/uploads\/sites\/1\/2022\/11\/02111039\/Spider-Consolle_19-per-web-2048x1365.jpg 2048w, https:\/\/static.formar.net\/wp-content\/uploads\/sites\/1\/2022\/11\/02111039\/Spider-Consolle_19-per-web-510x340.jpg 510w, https:\/\/static.formar.net\/wp-content\/uploads\/sites\/1\/2022\/11\/02111039\/Spider-Consolle_19-per-web-1200x800.jpg 1200w, https:\/\/static.formar.net\/wp-content\/uploads\/sites\/1\/2022\/11\/02111039\/Spider-Consolle_19-per-web-600x400.jpg 600w\" sizes=\"auto, (max-width: 2560px) 100vw, 2560px\" \/>\t\t\t\t\t\t\n\t\t\t\t\t<\/div>\n\t\t\t\t\t\t\t\t\n<style>\n#image_1458442240 {\n  width: 100%;\n}\n<\/style>\n\t<\/div>\n\t\n     <\/div>\n\n     <div class=\"loading-spin dark large centered\"><\/div>\n\n\t<\/div>\n\n\n<h3>BORD &#8211; SPIDER<\/h3>\n<p>Modernt, praktiskt, innovativt och funktionellt, l\u00f6sningen f\u00f6r att inreda ditt hem eller kontor.<br \/>\nTack vare sin speciella <strong>struktur med hylla<\/strong> \u00e4r detta konsolbord ocks\u00e5 perfekt f\u00f6r dem som beh\u00f6ver arbeta hemifr\u00e5n.<br \/>\nNaturlig touch och eleganta linjer \u00e4r k\u00e4rnan i Spider konsolbord, <strong>bekv\u00e4mt<\/strong> och <strong>rymligt<\/strong> tack vare den andra hyllan med svarta avdelare.<br \/>\nDenna m\u00f6bel kommer enkelt att integreras i ett arbetsrum, vardagsrum, sovrum eller n\u00e5gon annan hemmilj\u00f6.<\/p>\n<h3 class=\"av-special-heading-tag \">DESIGN PRODUKT<\/h3>\n<p>Den \u00e4r framtagen och designad av designern Chen Zhiyi, designchef f\u00f6r Morikawa Furniture.<br \/>\nZhiyi vann ett prestigefyllt pris vid Shanghai International Furniture Exhibition och spelar en viktig roll p\u00e5 den globala scenen f\u00f6r inredningsdesign.<br \/>\n&#8221;Enkelhet, mode och milj\u00f6skydd&#8221; \u00e4r filosofin bakom hans arbete. <\/p>\n<h3 id=\"h-materiali-di-qualit\">MATERIAL AV H\u00d6G KVALITET<\/h3>\n<p>Materialval och omsorg om detaljerna g\u00f6r Spider konsolbord till en m\u00f6bel med enkla linjer och h\u00f6g kvalitet.<br \/>\nBenen \u00e4r i<strong> massivt boktr\u00e4<\/strong> med en naturlig finish, skivorna i vit <strong>MDF<\/strong> och skarven mellan de tv\u00e5 skivorna i svart polypropylen. <\/p>\n<h3 class=\"av-special-heading-tag \">PRODUKTENS M\u00c5TT<\/h3>\n<p>Spider konsolbord \u00e4r den perfekta l\u00f6sningen om du letar efter ett bord som g\u00f6r att du kan optimera utrymmet tack vare dess m\u00e5tt som g\u00f6r att det ocks\u00e5 passar hemma f\u00f6r <strong>smart arbete<\/strong> eller som <strong>datorbord<\/strong>.<\/p>\n<p>Produkten m\u00e4ter: &#8211; 120 cm i l\u00e4ngd &#8211; 70 cm i djup &#8211; 75 cm i h\u00f6jd<\/p>\n<h3>SK\u00d6TSEL OCH UNDERH\u00c5LL:<\/h3>\n<p>Testa f\u00f6rst om reng\u00f6ringsmedlet \u00e4r kompatibelt p\u00e5 en yta som inte syns.<br \/>\nAnv\u00e4nd aldrig reng\u00f6ringsmedel eller polermedel med slipande eller avfettande partiklar.<br \/>\nTorka alltid med en fuktig trasa och l\u00e5t torka.<\/p>\n\n\t<section class=\"section\" id=\"section_1030047652\">\n\t\t<div class=\"section-bg fill\" >\n\t\t\t\t\t\t\t\t\t\n\t\t\t\n\n\t\t<\/div>\n\n\t\t\n\n\t\t<div class=\"section-content relative\">\n\t\t\t\n<div class=\"is-divider divider clearfix\" style=\"max-width:1000px;\"><\/div>\n<div class=\"row row-solid\"  id=\"row-1106872915\">\n\n\t<div id=\"col-1711666013\" class=\"col medium-3 small-12 large-3\"  >\n\t\t\t\t<div class=\"col-inner\"  >\n\t\t\t\n\t\t\t\n\n\t\t<div class=\"icon-box featured-box icon-box-center text-center\"  >\n\t\t\t\t\t<div class=\"icon-box-img\" style=\"width: 50px\">\n\t\t\t\t<div class=\"icon\">\n\t\t\t\t\t<div class=\"icon-inner\" >\n\t\t\t\t\t\t<img loading=\"lazy\" decoding=\"async\" width=\"128\" height=\"128\" src=\"https:\/\/static.formar.net\/wp-content\/uploads\/sites\/1\/2022\/10\/02111131\/2703076-128-1-1.png\" class=\"attachment-medium size-medium\" alt=\"\" srcset=\"https:\/\/static.formar.net\/wp-content\/uploads\/sites\/1\/2022\/10\/02111131\/2703076-128-1-1.png 128w, https:\/\/static.formar.net\/wp-content\/uploads\/sites\/1\/2022\/10\/02111131\/2703076-128-1-1-80x80.png 80w, https:\/\/static.formar.net\/wp-content\/uploads\/sites\/1\/2022\/10\/02111131\/2703076-128-1-1-100x100.png 100w, https:\/\/static.formar.net\/wp-content\/uploads\/sites\/1\/2022\/10\/02111131\/2703076-128-1-1-50x50.png 50w\" sizes=\"auto, (max-width: 128px) 100vw, 128px\" \/>\t\t\t\t\t<\/div>\n\t\t\t\t<\/div>\n\t\t\t<\/div>\n\t\t\t\t<div class=\"icon-box-text last-reset\">\n\t\t\t\t\t\t\t\t\t\n<h3>Kundtj\u00e4nst alltid tillg\u00e4nglig<\/h3>\n<p>Du kan n\u00e5 oss via WhatsApp:  <a href=\"https:\/\/api.whatsapp.com\/send\/?phone=390715906063&amp;text&amp;type=phone_number&amp;app_absent=0\">+39 071 5906063<\/a><\/p>\n<p>Best\u00e4llningar per telefon: <a href=\"tel:+39800122267\">800 122 267<\/a><\/p>\n\t\t<\/div>\n\t<\/div>\n\t\n\t\n\t\t<\/div>\n\t\t\t\t\t<\/div>\n\n\t\n\n\t<div id=\"col-472580799\" class=\"col medium-3 small-12 large-3\"  >\n\t\t\t\t<div class=\"col-inner\"  >\n\t\t\t\n\t\t\t\n\n\t\t<div class=\"icon-box featured-box icon-box-center text-center\"  >\n\t\t\t\t\t<div class=\"icon-box-img\" style=\"width: 50px\">\n\t\t\t\t<div class=\"icon\">\n\t\t\t\t\t<div class=\"icon-inner\" >\n\t\t\t\t\t\t<img loading=\"lazy\" decoding=\"async\" width=\"256\" height=\"256\" src=\"https:\/\/static.formar.net\/wp-content\/uploads\/sites\/1\/2022\/11\/02111117\/Icona-carta-di-credito.png\" class=\"attachment-medium size-medium\" alt=\"\" srcset=\"https:\/\/static.formar.net\/wp-content\/uploads\/sites\/1\/2022\/11\/02111117\/Icona-carta-di-credito.png 256w, https:\/\/static.formar.net\/wp-content\/uploads\/sites\/1\/2022\/11\/02111117\/Icona-carta-di-credito-80x80.png 80w, https:\/\/static.formar.net\/wp-content\/uploads\/sites\/1\/2022\/11\/02111117\/Icona-carta-di-credito-100x100.png 100w, https:\/\/static.formar.net\/wp-content\/uploads\/sites\/1\/2022\/11\/02111117\/Icona-carta-di-credito-50x50.png 50w\" sizes=\"auto, (max-width: 256px) 100vw, 256px\" \/>\t\t\t\t\t<\/div>\n\t\t\t\t<\/div>\n\t\t\t<\/div>\n\t\t\t\t<div class=\"icon-box-text last-reset\">\n\t\t\t\t\t\t\t\t\t\n<h3>V\u00e4lj betalningsform<\/h3>\n<p>Betalning via Paypal, kreditkort, kontanter eller Bancomat (p\u00e5 plats) och postf\u00f6rskott<\/p>\n\t\t<\/div>\n\t<\/div>\n\t\n\t\n\t\t<\/div>\n\t\t\t\t\t<\/div>\n\n\t\n\n\t<div id=\"col-2071913319\" class=\"col medium-3 small-12 large-3\"  >\n\t\t\t\t<div class=\"col-inner\"  >\n\t\t\t\n\t\t\t\n\n\t\t<div class=\"icon-box featured-box icon-box-center text-center\"  >\n\t\t\t\t\t<div class=\"icon-box-img\" style=\"width: 50px\">\n\t\t\t\t<div class=\"icon\">\n\t\t\t\t\t<div class=\"icon-inner\" >\n\t\t\t\t\t\t<img loading=\"lazy\" decoding=\"async\" width=\"128\" height=\"128\" src=\"https:\/\/static.formar.net\/wp-content\/uploads\/sites\/1\/2022\/10\/02111130\/3669335-128-1.png\" class=\"attachment-medium size-medium\" alt=\"\" srcset=\"https:\/\/static.formar.net\/wp-content\/uploads\/sites\/1\/2022\/10\/02111130\/3669335-128-1.png 128w, https:\/\/static.formar.net\/wp-content\/uploads\/sites\/1\/2022\/10\/02111130\/3669335-128-1-80x80.png 80w, https:\/\/static.formar.net\/wp-content\/uploads\/sites\/1\/2022\/10\/02111130\/3669335-128-1-100x100.png 100w, https:\/\/static.formar.net\/wp-content\/uploads\/sites\/1\/2022\/10\/02111130\/3669335-128-1-50x50.png 50w\" sizes=\"auto, (max-width: 128px) 100vw, 128px\" \/>\t\t\t\t\t<\/div>\n\t\t\t\t<\/div>\n\t\t\t<\/div>\n\t\t\t\t<div class=\"icon-box-text last-reset\">\n\t\t\t\t\t\t\t\t\t\n<h3>Enkel och bekymmersfri retur<\/h3>\n<p>Om det uppst\u00e5r problem ordnar vi upph\u00e4mtning direkt p\u00e5 din adress.<a href=\"https:\/\/formar.shop\/sv\/regler-om-aterlamnande\/\">(Mer information)<\/a>.<\/p>\n\t\t<\/div>\n\t<\/div>\n\t\n\t\n\t\t<\/div>\n\t\t\t\t\t<\/div>\n\n\t\n\n\t<div id=\"col-805252451\" class=\"col medium-3 small-12 large-3\"  >\n\t\t\t\t<div class=\"col-inner\"  >\n\t\t\t\n\t\t\t\n\n\t\t<div class=\"icon-box featured-box icon-box-center text-center\"  >\n\t\t\t\t\t<div class=\"icon-box-img\" style=\"width: 50px\">\n\t\t\t\t<div class=\"icon\">\n\t\t\t\t\t<div class=\"icon-inner\" >\n\t\t\t\t\t\t<img loading=\"lazy\" decoding=\"async\" width=\"128\" height=\"128\" src=\"https:\/\/static.formar.net\/wp-content\/uploads\/sites\/1\/2022\/10\/02111130\/5959201-128-1.png\" class=\"attachment-medium size-medium\" alt=\"\" srcset=\"https:\/\/static.formar.net\/wp-content\/uploads\/sites\/1\/2022\/10\/02111130\/5959201-128-1.png 128w, https:\/\/static.formar.net\/wp-content\/uploads\/sites\/1\/2022\/10\/02111130\/5959201-128-1-80x80.png 80w, https:\/\/static.formar.net\/wp-content\/uploads\/sites\/1\/2022\/10\/02111130\/5959201-128-1-100x100.png 100w, https:\/\/static.formar.net\/wp-content\/uploads\/sites\/1\/2022\/10\/02111130\/5959201-128-1-50x50.png 50w\" sizes=\"auto, (max-width: 128px) 100vw, 128px\" \/>\t\t\t\t\t<\/div>\n\t\t\t\t<\/div>\n\t\t\t<\/div>\n\t\t\t\t<div class=\"icon-box-text last-reset\">\n\t\t\t\t\t\t\t\t\t\n<h3>Tillverkarens garanti och reservdelar<\/h3>\n<p>Alla v\u00e5ra produkter levereras med v\u00e5r garanti. F\u00f6r m\u00e5nga produkter garanterar vi reservdelar under samma period.<\/p>\n\t\t<\/div>\n\t<\/div>\n\t\n\t\n\t\t<\/div>\n\t\t\t\t\t<\/div>\n\n\t\n\n<style>\n#row-1106872915 > .col > .col-inner {\n  padding: 20px 20px 20px 20px;\n}\n<\/style>\n<\/div>\n\t\t<\/div>\n\n\t\t\n<style>\n#section_1030047652 {\n  padding-top: 30px;\n  padding-bottom: 30px;\n}\n<\/style>\n\t<\/section>\n\t\n","protected":false},"excerpt":{"rendered":"<p>Konsolbordet Spider har utformats och designats av designern CHEN ZHIYI och \u00e4r perfekt som datorbord och hemmakontor.<br \/>\nYtbehandlingarna \u00e4r extremt exakta tack vare valet av kvalitetsmaterial: naturligt massivt boktr\u00e4 f\u00f6r benen, vit MDF f\u00f6r hyllorna och svart MDF f\u00f6r de sammanfogande delarna.<br \/>\nMonteringen g\u00e5r snabbt och enkelt.  <\/p>\n","protected":false},"featured_media":44552,"template":"","meta":{"_joinchat":[]},"product_brand":[],"product_cat":[1597,1596],"product_tag":[],"class_list":{"0":"post-44551","1":"product","2":"type-product","3":"status-publish","4":"has-post-thumbnail","6":"product_cat-bord-och-soffbord","7":"product_cat-hem","9":"first","10":"instock","11":"taxable","12":"shipping-taxable","13":"purchasable","14":"product-type-simple"},"yoast_head":"<!-- This site is optimized with the Yoast SEO plugin v27.3 - https:\/\/yoast.com\/product\/yoast-seo-wordpress\/ -->\n<title>Konsolbord - Spider - Formar.shop<\/title>\n<meta name=\"robots\" content=\"index, follow, max-snippet:-1, max-image-preview:large, max-video-preview:-1\" \/>\n<link rel=\"canonical\" href=\"https:\/\/formar.shop\/sv\/prodotto\/konsolbord-spider\/\" \/>\n<script type=\"application\/ld+json\" class=\"yoast-schema-graph\">{\"@context\":\"https:\\\/\\\/schema.org\",\"@graph\":[{\"@type\":\"WebPage\",\"@id\":\"https:\\\/\\\/formar.shop\\\/sv\\\/prodotto\\\/konsolbord-spider\\\/\",\"url\":\"https:\\\/\\\/formar.shop\\\/sv\\\/prodotto\\\/konsolbord-spider\\\/\",\"name\":\"Konsolbord - Spider - Formar.shop\",\"isPartOf\":{\"@id\":\"https:\\\/\\\/formar.shop\\\/sv\\\/#website\"},\"primaryImageOfPage\":{\"@id\":\"https:\\\/\\\/formar.shop\\\/sv\\\/prodotto\\\/konsolbord-spider\\\/#primaryimage\"},\"image\":{\"@id\":\"https:\\\/\\\/formar.shop\\\/sv\\\/prodotto\\\/konsolbord-spider\\\/#primaryimage\"},\"thumbnailUrl\":\"https:\\\/\\\/static.formar.net\\\/wp-content\\\/uploads\\\/2020\\\/12\\\/04172727\\\/Immagini-di-prodotto-x-Amazon-08.png\",\"datePublished\":\"2025-01-18T20:24:53+00:00\",\"dateModified\":\"2025-01-18T20:25:06+00:00\",\"breadcrumb\":{\"@id\":\"https:\\\/\\\/formar.shop\\\/sv\\\/prodotto\\\/konsolbord-spider\\\/#breadcrumb\"},\"inLanguage\":\"sv-SE\",\"potentialAction\":[{\"@type\":\"ReadAction\",\"target\":[\"https:\\\/\\\/formar.shop\\\/sv\\\/prodotto\\\/konsolbord-spider\\\/\"]}]},{\"@type\":\"ImageObject\",\"inLanguage\":\"sv-SE\",\"@id\":\"https:\\\/\\\/formar.shop\\\/sv\\\/prodotto\\\/konsolbord-spider\\\/#primaryimage\",\"url\":\"https:\\\/\\\/static.formar.net\\\/wp-content\\\/uploads\\\/2020\\\/12\\\/04172727\\\/Immagini-di-prodotto-x-Amazon-08.png\",\"contentUrl\":\"https:\\\/\\\/static.formar.net\\\/wp-content\\\/uploads\\\/2020\\\/12\\\/04172727\\\/Immagini-di-prodotto-x-Amazon-08.png\",\"width\":1001,\"height\":1001},{\"@type\":\"BreadcrumbList\",\"@id\":\"https:\\\/\\\/formar.shop\\\/sv\\\/prodotto\\\/konsolbord-spider\\\/#breadcrumb\",\"itemListElement\":[{\"@type\":\"ListItem\",\"position\":1,\"name\":\"Home\",\"item\":\"https:\\\/\\\/formar.shop\\\/sv\\\/auto-draft\\\/\"},{\"@type\":\"ListItem\",\"position\":2,\"name\":\"Butik\",\"item\":\"https:\\\/\\\/formar.shop\\\/sv\\\/butik\\\/\"},{\"@type\":\"ListItem\",\"position\":3,\"name\":\"Konsolbord &#8211; Spider\"}]},{\"@type\":\"WebSite\",\"@id\":\"https:\\\/\\\/formar.shop\\\/sv\\\/#website\",\"url\":\"https:\\\/\\\/formar.shop\\\/sv\\\/\",\"name\":\"Formar.shop\",\"description\":\"Soluzioni espresse con stile\",\"potentialAction\":[{\"@type\":\"SearchAction\",\"target\":{\"@type\":\"EntryPoint\",\"urlTemplate\":\"https:\\\/\\\/formar.shop\\\/sv\\\/?s={search_term_string}\"},\"query-input\":{\"@type\":\"PropertyValueSpecification\",\"valueRequired\":true,\"valueName\":\"search_term_string\"}}],\"inLanguage\":\"sv-SE\"}]}<\/script>\n<!-- \/ Yoast SEO plugin. -->","yoast_head_json":{"title":"Konsolbord - Spider - Formar.shop","robots":{"index":"index","follow":"follow","max-snippet":"max-snippet:-1","max-image-preview":"max-image-preview:large","max-video-preview":"max-video-preview:-1"},"canonical":"https:\/\/formar.shop\/sv\/prodotto\/konsolbord-spider\/","schema":{"@context":"https:\/\/schema.org","@graph":[{"@type":"WebPage","@id":"https:\/\/formar.shop\/sv\/prodotto\/konsolbord-spider\/","url":"https:\/\/formar.shop\/sv\/prodotto\/konsolbord-spider\/","name":"Konsolbord - Spider - Formar.shop","isPartOf":{"@id":"https:\/\/formar.shop\/sv\/#website"},"primaryImageOfPage":{"@id":"https:\/\/formar.shop\/sv\/prodotto\/konsolbord-spider\/#primaryimage"},"image":{"@id":"https:\/\/formar.shop\/sv\/prodotto\/konsolbord-spider\/#primaryimage"},"thumbnailUrl":"https:\/\/static.formar.net\/wp-content\/uploads\/2020\/12\/04172727\/Immagini-di-prodotto-x-Amazon-08.png","datePublished":"2025-01-18T20:24:53+00:00","dateModified":"2025-01-18T20:25:06+00:00","breadcrumb":{"@id":"https:\/\/formar.shop\/sv\/prodotto\/konsolbord-spider\/#breadcrumb"},"inLanguage":"sv-SE","potentialAction":[{"@type":"ReadAction","target":["https:\/\/formar.shop\/sv\/prodotto\/konsolbord-spider\/"]}]},{"@type":"ImageObject","inLanguage":"sv-SE","@id":"https:\/\/formar.shop\/sv\/prodotto\/konsolbord-spider\/#primaryimage","url":"https:\/\/static.formar.net\/wp-content\/uploads\/2020\/12\/04172727\/Immagini-di-prodotto-x-Amazon-08.png","contentUrl":"https:\/\/static.formar.net\/wp-content\/uploads\/2020\/12\/04172727\/Immagini-di-prodotto-x-Amazon-08.png","width":1001,"height":1001},{"@type":"BreadcrumbList","@id":"https:\/\/formar.shop\/sv\/prodotto\/konsolbord-spider\/#breadcrumb","itemListElement":[{"@type":"ListItem","position":1,"name":"Home","item":"https:\/\/formar.shop\/sv\/auto-draft\/"},{"@type":"ListItem","position":2,"name":"Butik","item":"https:\/\/formar.shop\/sv\/butik\/"},{"@type":"ListItem","position":3,"name":"Konsolbord &#8211; Spider"}]},{"@type":"WebSite","@id":"https:\/\/formar.shop\/sv\/#website","url":"https:\/\/formar.shop\/sv\/","name":"Formar.shop","description":"Soluzioni espresse con stile","potentialAction":[{"@type":"SearchAction","target":{"@type":"EntryPoint","urlTemplate":"https:\/\/formar.shop\/sv\/?s={search_term_string}"},"query-input":{"@type":"PropertyValueSpecification","valueRequired":true,"valueName":"search_term_string"}}],"inLanguage":"sv-SE"}]}},"_links":{"self":[{"href":"https:\/\/formar.shop\/sv\/wp-json\/wp\/v2\/product\/44551","targetHints":{"allow":["GET"]}}],"collection":[{"href":"https:\/\/formar.shop\/sv\/wp-json\/wp\/v2\/product"}],"about":[{"href":"https:\/\/formar.shop\/sv\/wp-json\/wp\/v2\/types\/product"}],"wp:featuredmedia":[{"embeddable":true,"href":"https:\/\/formar.shop\/sv\/wp-json\/wp\/v2\/media\/44552"}],"wp:attachment":[{"href":"https:\/\/formar.shop\/sv\/wp-json\/wp\/v2\/media?parent=44551"}],"wp:term":[{"taxonomy":"product_brand","embeddable":true,"href":"https:\/\/formar.shop\/sv\/wp-json\/wp\/v2\/product_brand?post=44551"},{"taxonomy":"product_cat","embeddable":true,"href":"https:\/\/formar.shop\/sv\/wp-json\/wp\/v2\/product_cat?post=44551"},{"taxonomy":"product_tag","embeddable":true,"href":"https:\/\/formar.shop\/sv\/wp-json\/wp\/v2\/product_tag?post=44551"}],"curies":[{"name":"wp","href":"https:\/\/api.w.org\/{rel}","templated":true}]}}