{"id":44290,"date":"2022-10-01T17:52:49","date_gmt":"2025-01-18T20:23:14","guid":{"rendered":"https:\/\/formar.shop\/prodotto\/par-stoppade-sitt-och-ryggkuddar-till-bank\/"},"modified":"2025-11-18T10:43:39","modified_gmt":"2025-11-18T09:43:39","slug":"par-stoppade-sitt-och-ryggkuddar-till-bank","status":"publish","type":"product","link":"https:\/\/formar.shop\/sv\/prodotto\/par-stoppade-sitt-och-ryggkuddar-till-bank\/","title":{"rendered":"Par stoppade sitt- och ryggkuddar till b\u00e4nk"},"content":{"rendered":"\t<div id=\"gap-861076557\" class=\"gap-element clearfix\" style=\"display:block; height:auto;\">\n\t\t\n<style>\n#gap-861076557 {\n  padding-top: 30px;\n}\n<\/style>\n\t<\/div>\n\t\n\t<div id=\"text-4102870984\" class=\"text\">\n\t\t\n<h3><span style=\"color: #3b3b00;\">Par av vadderade kuddar i brands\u00e4ker konstl\u00e4der klass 1\/IM<\/span><\/h3>\n<\/p>\n\t\t\n<style>\n#text-4102870984 {\n  font-size: 1.9rem;\n  line-height: 1;\n  text-align: center;\n  color: #85d782;\n}\n#text-4102870984 > * {\n  color: #85d782;\n}\n@media (min-width:550px) {\n  #text-4102870984 {\n    line-height: 0.75;\n  }\n}\n<\/style>\n\t<\/div>\n\t\n<div class=\"row\"  id=\"row-172557084\">\n\n\t<div id=\"col-1724064445\" class=\"col small-12 large-12\"  >\n\t\t\t\t<div class=\"col-inner text-left\"  >\n\t\t\t\n\t\t\t\n\n\t<section class=\"section\" id=\"section_660371916\">\n\t\t<div class=\"section-bg fill\" >\n\t\t\t\t\t\t\t\t\t\n\t\t\t\n\t<div class=\"is-border\"\n\t\tstyle=\"border-width:0px 0px 0px 0px;margin:0px 0px 0px 0px;\">\n\t<\/div>\n\n\t\t<\/div>\n\n\t\t\n\n\t\t<div class=\"section-content relative\">\n\t\t\t\n<div class=\"row row-large row-full-width align-right\"  id=\"row-1478541442\">\n\n\t<div id=\"col-1388853124\" class=\"col medium-5 small-12 large-5\"  >\n\t\t\t\t<div class=\"col-inner\"  >\n\t\t\t\n\t\t\t\n\t<div class=\"img has-hover x md-x lg-x y md-y lg-y\" id=\"image_418698350\">\n\t\t\t\t\t\t\t\t<div class=\"img-inner dark\" >\n\t\t\t<img loading=\"lazy\" decoding=\"async\" width=\"974\" height=\"1030\" src=\"https:\/\/static.formar.net\/wp-content\/uploads\/sites\/1\/2023\/08\/02110703\/Sedile-Imbottito-per-panche-acciaio_Insiem-Sfuocato_coppia--974x1030.jpg\" class=\"attachment-large size-large\" alt=\"\" srcset=\"https:\/\/static.formar.net\/wp-content\/uploads\/sites\/1\/2023\/08\/02110703\/Sedile-Imbottito-per-panche-acciaio_Insiem-Sfuocato_coppia--974x1030.jpg 974w, https:\/\/static.formar.net\/wp-content\/uploads\/sites\/1\/2023\/08\/02110703\/Sedile-Imbottito-per-panche-acciaio_Insiem-Sfuocato_coppia--284x300.jpg 284w, https:\/\/static.formar.net\/wp-content\/uploads\/sites\/1\/2023\/08\/02110703\/Sedile-Imbottito-per-panche-acciaio_Insiem-Sfuocato_coppia--768x812.jpg 768w, https:\/\/static.formar.net\/wp-content\/uploads\/sites\/1\/2023\/08\/02110703\/Sedile-Imbottito-per-panche-acciaio_Insiem-Sfuocato_coppia--1453x1536.jpg 1453w, https:\/\/static.formar.net\/wp-content\/uploads\/sites\/1\/2023\/08\/02110703\/Sedile-Imbottito-per-panche-acciaio_Insiem-Sfuocato_coppia--1937x2048.jpg 1937w, https:\/\/static.formar.net\/wp-content\/uploads\/sites\/1\/2023\/08\/02110703\/Sedile-Imbottito-per-panche-acciaio_Insiem-Sfuocato_coppia--510x539.jpg 510w\" sizes=\"auto, (max-width: 974px) 100vw, 974px\" \/>\t\t\t\t\t\t\n\t\t\t\t\t<\/div>\n\t\t\t\t\t\t\t\t\n<style>\n#image_418698350 {\n  width: 100%;\n}\n<\/style>\n\t<\/div>\n\t\n\t\t<\/div>\n\t\t\t\t\t<\/div>\n\n\t\n\n\t<div id=\"col-1004286391\" class=\"col medium-7 small-12 large-7\"  >\n\t\t\t\t<div class=\"col-inner\"  >\n\t\t\t\n\t\t\t\n<h3><span style=\"color: #808080;\">Funktioner  <\/span><\/h3>\n<ul>\n<li><span style=\"color: #808080;\">St\u00f6d i b\u00f6jt laminat med 12 mm tjocklek vadderat med formbest\u00e4ndigt skum och kl\u00e4tt i <strong>brands\u00e4ker konstl\u00e4der<\/strong> <strong>klass 1\/IM<\/strong><\/span><\/li>\n<li><span style=\"color: #808080;\">Dynorna f\u00e4sts med skruvar p\u00e5 sits och rygg p\u00e5 2-, 3-, 4- och 5-sitsiga b\u00e4nkar<\/span><\/li>\n<li><span style=\"color: #808080;\">Fasade kanter<\/span><\/li>\n<li><span style=\"color: #808080;\">S\u00e4ljs i par (1 per ryggst\u00f6d 1 per sits)<\/span><\/li>\n<li><span style=\"color: #808080;\">M\u00e5tt cm L 47 x D 38 x H 4<\/span><\/li>\n<li><span style=\"color: #808080;\">Vikt f\u00f6r den enskilda dynan 1 kg (2 kg f\u00f6r paret)<\/span><\/li>\n<li><span style=\"color: #808080;\">Passar alla modeller av Formar Shop-b\u00e4nkar<\/span><\/li>\n<\/ul>\n\t\t<\/div>\n\t\t\t\t\t<\/div>\n\n\t\n<\/p>\n<\/div>\n\t\t<\/div>\n\n\t\t\n<style>\n#section_660371916 {\n  padding-top: 0px;\n  padding-bottom: 0px;\n  margin-bottom: 0px;\n  min-height: 400px;\n}\n@media (min-width:550px) {\n  #section_660371916 {\n    min-height: 0px;\n  }\n}\n<\/style>\n\t<\/section>\n\t\n<p>SK\u00d6TSEL OCH UNDERH\u00c5LL:<\/p>\n<p>Torka av med en fuktig trasa med ljummet vatten och en neutral produkt.<\/p>\n\t\t<\/div>\n\t\t\t\t\t<\/div>\n\n\t\n<\/div>\n<\/p>\n\n\t<section class=\"section\" id=\"section_2084739229\">\n\t\t<div class=\"section-bg fill\" >\n\t\t\t\t\t\t\t\t\t\n\t\t\t\n\n\t\t<\/div>\n\n\t\t\n\n\t\t<div class=\"section-content relative\">\n\t\t\t\n<div class=\"is-divider divider clearfix\" style=\"max-width:1000px;\"><\/div>\n<div class=\"row row-solid\"  id=\"row-372299037\">\n\n\t<div id=\"col-1395814850\" class=\"col medium-3 small-12 large-3\"  >\n\t\t\t\t<div class=\"col-inner\"  >\n\t\t\t\n\t\t\t\n\n\t\t<div class=\"icon-box featured-box icon-box-center text-center\"  >\n\t\t\t\t\t<div class=\"icon-box-img\" style=\"width: 50px\">\n\t\t\t\t<div class=\"icon\">\n\t\t\t\t\t<div class=\"icon-inner\" >\n\t\t\t\t\t\t<img loading=\"lazy\" decoding=\"async\" width=\"128\" height=\"128\" src=\"https:\/\/static.formar.net\/wp-content\/uploads\/sites\/1\/2022\/10\/02111131\/2703076-128-1-1.png\" class=\"attachment-medium size-medium\" alt=\"\" srcset=\"https:\/\/static.formar.net\/wp-content\/uploads\/sites\/1\/2022\/10\/02111131\/2703076-128-1-1.png 128w, https:\/\/static.formar.net\/wp-content\/uploads\/sites\/1\/2022\/10\/02111131\/2703076-128-1-1-80x80.png 80w, https:\/\/static.formar.net\/wp-content\/uploads\/sites\/1\/2022\/10\/02111131\/2703076-128-1-1-100x100.png 100w, https:\/\/static.formar.net\/wp-content\/uploads\/sites\/1\/2022\/10\/02111131\/2703076-128-1-1-50x50.png 50w\" sizes=\"auto, (max-width: 128px) 100vw, 128px\" \/>\t\t\t\t\t<\/div>\n\t\t\t\t<\/div>\n\t\t\t<\/div>\n\t\t\t\t<div class=\"icon-box-text last-reset\">\n\t\t\t\t\t\t\t\t\t\n<h3>Kundtj\u00e4nst alltid tillg\u00e4nglig<\/h3>\n<p>Du kan n\u00e5 oss via WhatsApp: <a href=\"https:\/\/api.whatsapp.com\/send\/?phone=390715906063&amp;text&amp;type=phone_number&amp;app_absent=0\">+39 071 5906063<\/a><\/p>\n<p>Best\u00e4llningar per telefon: <a href=\"tel:+39800122267\">800 122 267<\/a><\/p>\n\t\t<\/div>\n\t<\/div>\n\t\n\t\n\t\t<\/div>\n\t\t\t\t\t<\/div>\n\n\t\n<\/p>\n\n\t<div id=\"col-1998241751\" class=\"col medium-3 small-12 large-3\"  >\n\t\t\t\t<div class=\"col-inner\"  >\n\t\t\t\n\t\t\t\n\n\t\t<div class=\"icon-box featured-box icon-box-center text-center\"  >\n\t\t\t\t\t<div class=\"icon-box-img\" style=\"width: 50px\">\n\t\t\t\t<div class=\"icon\">\n\t\t\t\t\t<div class=\"icon-inner\" >\n\t\t\t\t\t\t<img loading=\"lazy\" decoding=\"async\" width=\"256\" height=\"256\" src=\"https:\/\/static.formar.net\/wp-content\/uploads\/sites\/1\/2022\/11\/02111117\/Icona-carta-di-credito.png\" class=\"attachment-medium size-medium\" alt=\"\" srcset=\"https:\/\/static.formar.net\/wp-content\/uploads\/sites\/1\/2022\/11\/02111117\/Icona-carta-di-credito.png 256w, https:\/\/static.formar.net\/wp-content\/uploads\/sites\/1\/2022\/11\/02111117\/Icona-carta-di-credito-80x80.png 80w, https:\/\/static.formar.net\/wp-content\/uploads\/sites\/1\/2022\/11\/02111117\/Icona-carta-di-credito-100x100.png 100w, https:\/\/static.formar.net\/wp-content\/uploads\/sites\/1\/2022\/11\/02111117\/Icona-carta-di-credito-50x50.png 50w\" sizes=\"auto, (max-width: 256px) 100vw, 256px\" \/>\t\t\t\t\t<\/div>\n\t\t\t\t<\/div>\n\t\t\t<\/div>\n\t\t\t\t<div class=\"icon-box-text last-reset\">\n\t\t\t\t\t\t\t\t\t\n<h3>V\u00e4lj betalningsform<\/h3>\n<p>Betalning via Paypal, kreditkort, kontanter eller Bancomat (p\u00e5 plats) och postf\u00f6rskott<\/p>\n\t\t<\/div>\n\t<\/div>\n\t\n\t\n\t\t<\/div>\n\t\t\t\t\t<\/div>\n\n\t\n<\/p>\n\n\t<div id=\"col-1470132286\" class=\"col medium-3 small-12 large-3\"  >\n\t\t\t\t<div class=\"col-inner\"  >\n\t\t\t\n\t\t\t\n\n\t\t<div class=\"icon-box featured-box icon-box-center text-center\"  >\n\t\t\t\t\t<div class=\"icon-box-img\" style=\"width: 50px\">\n\t\t\t\t<div class=\"icon\">\n\t\t\t\t\t<div class=\"icon-inner\" >\n\t\t\t\t\t\t<img loading=\"lazy\" decoding=\"async\" width=\"128\" height=\"128\" src=\"https:\/\/static.formar.net\/wp-content\/uploads\/sites\/1\/2022\/10\/02111130\/3669335-128-1.png\" class=\"attachment-medium size-medium\" alt=\"\" srcset=\"https:\/\/static.formar.net\/wp-content\/uploads\/sites\/1\/2022\/10\/02111130\/3669335-128-1.png 128w, https:\/\/static.formar.net\/wp-content\/uploads\/sites\/1\/2022\/10\/02111130\/3669335-128-1-80x80.png 80w, https:\/\/static.formar.net\/wp-content\/uploads\/sites\/1\/2022\/10\/02111130\/3669335-128-1-100x100.png 100w, https:\/\/static.formar.net\/wp-content\/uploads\/sites\/1\/2022\/10\/02111130\/3669335-128-1-50x50.png 50w\" sizes=\"auto, (max-width: 128px) 100vw, 128px\" \/>\t\t\t\t\t<\/div>\n\t\t\t\t<\/div>\n\t\t\t<\/div>\n\t\t\t\t<div class=\"icon-box-text last-reset\">\n\t\t\t\t\t\t\t\t\t\n<h3>Enkel och bekymmersfri retur<\/h3>\n<p>Om det uppst\u00e5r problem ordnar vi upph\u00e4mtning direkt p\u00e5 din adress.<a href=\"https:\/\/formar.shop\/sv\/regler-om-aterlamnande\/\">(Mer information)<\/a>.<\/p>\n\t\t<\/div>\n\t<\/div>\n\t\n\t\n\t\t<\/div>\n\t\t\t\t\t<\/div>\n\n\t\n<\/p>\n\n\t<div id=\"col-1906512550\" class=\"col medium-3 small-12 large-3\"  >\n\t\t\t\t<div class=\"col-inner\"  >\n\t\t\t\n\t\t\t\n\n\t\t<div class=\"icon-box featured-box icon-box-center text-center\"  >\n\t\t\t\t\t<div class=\"icon-box-img\" style=\"width: 50px\">\n\t\t\t\t<div class=\"icon\">\n\t\t\t\t\t<div class=\"icon-inner\" >\n\t\t\t\t\t\t<img loading=\"lazy\" decoding=\"async\" width=\"128\" height=\"128\" src=\"https:\/\/static.formar.net\/wp-content\/uploads\/sites\/1\/2022\/10\/02111130\/5959201-128-1.png\" class=\"attachment-medium size-medium\" alt=\"\" srcset=\"https:\/\/static.formar.net\/wp-content\/uploads\/sites\/1\/2022\/10\/02111130\/5959201-128-1.png 128w, https:\/\/static.formar.net\/wp-content\/uploads\/sites\/1\/2022\/10\/02111130\/5959201-128-1-80x80.png 80w, https:\/\/static.formar.net\/wp-content\/uploads\/sites\/1\/2022\/10\/02111130\/5959201-128-1-100x100.png 100w, https:\/\/static.formar.net\/wp-content\/uploads\/sites\/1\/2022\/10\/02111130\/5959201-128-1-50x50.png 50w\" sizes=\"auto, (max-width: 128px) 100vw, 128px\" \/>\t\t\t\t\t<\/div>\n\t\t\t\t<\/div>\n\t\t\t<\/div>\n\t\t\t\t<div class=\"icon-box-text last-reset\">\n\t\t\t\t\t\t\t\t\t\n<h3>Tillverkarens garanti och reservdelar<\/h3>\n<p>Alla v\u00e5ra produkter levereras med v\u00e5r garanti. F\u00f6r m\u00e5nga produkter garanterar vi reservdelar under samma period. <\/p>\n\t\t<\/div>\n\t<\/div>\n\t\n\t\n\t\t<\/div>\n\t\t\t\t\t<\/div>\n\n\t\n\n<style>\n#row-372299037 > .col > .col-inner {\n  padding: 20px 20px 20px 20px;\n}\n<\/style>\n<\/div>\n\t\t<\/div>\n\n\t\t\n<style>\n#section_2084739229 {\n  padding-top: 30px;\n  padding-bottom: 30px;\n}\n<\/style>\n\t<\/section>\n\t\n","protected":false},"excerpt":{"rendered":"<p>St\u00f6d i b\u00f6jt laminat med 12 mm tjocklek och vadderat med formbest\u00e4ndigt skum och kl\u00e4tt i brands\u00e4ker konstl\u00e4der klass 1\/IM. Kuddarna f\u00e4sts med skruvar p\u00e5 s\u00e4tet och ryggst\u00f6det p\u00e5 b\u00e4nkar f\u00f6r 2, 3, 4 och 5 personer. Avfasade kanter. S\u00e4ljs i par (1 st f\u00f6r ryggst\u00f6d, 1 st f\u00f6r s\u00e4te)<br \/>Passar alla modeller av b\u00e4nkar fr\u00e5n Formar Shop.   <\/p>\n","protected":false},"featured_media":51618,"template":"","meta":{"_joinchat":[]},"product_brand":[],"product_cat":[1325,1483],"product_tag":[],"class_list":{"0":"post-44290","1":"product","2":"type-product","3":"status-publish","4":"has-post-thumbnail","6":"product_cat-kontor","7":"product_cat-sittplatser-i-vantrummet","9":"first","10":"instock","11":"taxable","12":"shipping-taxable","13":"purchasable","14":"product-type-variable","15":"has-default-attributes"},"yoast_head":"<!-- This site is optimized with the Yoast SEO plugin v27.3 - https:\/\/yoast.com\/product\/yoast-seo-wordpress\/ -->\n<title>Par stoppade sitt- och ryggkuddar till b\u00e4nk - Formar.shop<\/title>\n<meta name=\"description\" content=\"St\u00f6d i b\u00f6jt laminat med 12 mm tjocklek och vadderat med formbest\u00e4ndigt skum och kl\u00e4tt i brands\u00e4ker konstl\u00e4der i svart f\u00e4rg. Kuddarna f\u00e4sts med skruvar p\u00e5 s\u00e4tet och ryggst\u00f6det p\u00e5 b\u00e4nkar f\u00f6r 2, 3, 4 och 5 personer. Avfasade kanter. S\u00e4ljs i par (1 st f\u00f6r ryggst\u00f6d, 1 st f\u00f6r s\u00e4te). Passar alla modeller av b\u00e4nkar fr\u00e5n Formar Shop.\" \/>\n<meta name=\"robots\" content=\"index, follow, max-snippet:-1, max-image-preview:large, max-video-preview:-1\" \/>\n<link rel=\"canonical\" href=\"https:\/\/formar.shop\/sv\/prodotto\/par-stoppade-sitt-och-ryggkuddar-till-bank\/\" \/>\n<script type=\"application\/ld+json\" class=\"yoast-schema-graph\">{\"@context\":\"https:\\\/\\\/schema.org\",\"@graph\":[{\"@type\":\"WebPage\",\"@id\":\"https:\\\/\\\/formar.shop\\\/sv\\\/prodotto\\\/par-stoppade-sitt-och-ryggkuddar-till-bank\\\/\",\"url\":\"https:\\\/\\\/formar.shop\\\/sv\\\/prodotto\\\/par-stoppade-sitt-och-ryggkuddar-till-bank\\\/\",\"name\":\"Par stoppade sitt- och ryggkuddar till b\u00e4nk - Formar.shop\",\"isPartOf\":{\"@id\":\"https:\\\/\\\/formar.shop\\\/sv\\\/#website\"},\"primaryImageOfPage\":{\"@id\":\"https:\\\/\\\/formar.shop\\\/sv\\\/prodotto\\\/par-stoppade-sitt-och-ryggkuddar-till-bank\\\/#primaryimage\"},\"image\":{\"@id\":\"https:\\\/\\\/formar.shop\\\/sv\\\/prodotto\\\/par-stoppade-sitt-och-ryggkuddar-till-bank\\\/#primaryimage\"},\"thumbnailUrl\":\"https:\\\/\\\/static.formar.net\\\/wp-content\\\/uploads\\\/sites\\\/1\\\/2022\\\/10\\\/20143243\\\/Sedile-Imbottito-per-panche-acciaio_Insiem-Sfuocato_coppia-_scontornata.png\",\"datePublished\":\"2025-01-18T20:23:14+00:00\",\"dateModified\":\"2025-11-18T09:43:39+00:00\",\"description\":\"St\u00f6d i b\u00f6jt laminat med 12 mm tjocklek och vadderat med formbest\u00e4ndigt skum och kl\u00e4tt i brands\u00e4ker konstl\u00e4der i svart f\u00e4rg. Kuddarna f\u00e4sts med skruvar p\u00e5 s\u00e4tet och ryggst\u00f6det p\u00e5 b\u00e4nkar f\u00f6r 2, 3, 4 och 5 personer. Avfasade kanter. S\u00e4ljs i par (1 st f\u00f6r ryggst\u00f6d, 1 st f\u00f6r s\u00e4te). Passar alla modeller av b\u00e4nkar fr\u00e5n Formar Shop.\",\"breadcrumb\":{\"@id\":\"https:\\\/\\\/formar.shop\\\/sv\\\/prodotto\\\/par-stoppade-sitt-och-ryggkuddar-till-bank\\\/#breadcrumb\"},\"inLanguage\":\"sv-SE\",\"potentialAction\":[{\"@type\":\"ReadAction\",\"target\":[\"https:\\\/\\\/formar.shop\\\/sv\\\/prodotto\\\/par-stoppade-sitt-och-ryggkuddar-till-bank\\\/\"]}]},{\"@type\":\"ImageObject\",\"inLanguage\":\"sv-SE\",\"@id\":\"https:\\\/\\\/formar.shop\\\/sv\\\/prodotto\\\/par-stoppade-sitt-och-ryggkuddar-till-bank\\\/#primaryimage\",\"url\":\"https:\\\/\\\/static.formar.net\\\/wp-content\\\/uploads\\\/sites\\\/1\\\/2022\\\/10\\\/20143243\\\/Sedile-Imbottito-per-panche-acciaio_Insiem-Sfuocato_coppia-_scontornata.png\",\"contentUrl\":\"https:\\\/\\\/static.formar.net\\\/wp-content\\\/uploads\\\/sites\\\/1\\\/2022\\\/10\\\/20143243\\\/Sedile-Imbottito-per-panche-acciaio_Insiem-Sfuocato_coppia-_scontornata.png\",\"width\":894,\"height\":894},{\"@type\":\"BreadcrumbList\",\"@id\":\"https:\\\/\\\/formar.shop\\\/sv\\\/prodotto\\\/par-stoppade-sitt-och-ryggkuddar-till-bank\\\/#breadcrumb\",\"itemListElement\":[{\"@type\":\"ListItem\",\"position\":1,\"name\":\"Home\",\"item\":\"https:\\\/\\\/formar.shop\\\/sv\\\/auto-draft\\\/\"},{\"@type\":\"ListItem\",\"position\":2,\"name\":\"Butik\",\"item\":\"https:\\\/\\\/formar.shop\\\/sv\\\/butik\\\/\"},{\"@type\":\"ListItem\",\"position\":3,\"name\":\"Par stoppade sitt- och ryggkuddar till b\u00e4nk\"}]},{\"@type\":\"WebSite\",\"@id\":\"https:\\\/\\\/formar.shop\\\/sv\\\/#website\",\"url\":\"https:\\\/\\\/formar.shop\\\/sv\\\/\",\"name\":\"Formar.shop\",\"description\":\"Soluzioni espresse con stile\",\"potentialAction\":[{\"@type\":\"SearchAction\",\"target\":{\"@type\":\"EntryPoint\",\"urlTemplate\":\"https:\\\/\\\/formar.shop\\\/sv\\\/?s={search_term_string}\"},\"query-input\":{\"@type\":\"PropertyValueSpecification\",\"valueRequired\":true,\"valueName\":\"search_term_string\"}}],\"inLanguage\":\"sv-SE\"}]}<\/script>\n<!-- \/ Yoast SEO plugin. -->","yoast_head_json":{"title":"Par stoppade sitt- och ryggkuddar till b\u00e4nk - Formar.shop","description":"St\u00f6d i b\u00f6jt laminat med 12 mm tjocklek och vadderat med formbest\u00e4ndigt skum och kl\u00e4tt i brands\u00e4ker konstl\u00e4der i svart f\u00e4rg. Kuddarna f\u00e4sts med skruvar p\u00e5 s\u00e4tet och ryggst\u00f6det p\u00e5 b\u00e4nkar f\u00f6r 2, 3, 4 och 5 personer. Avfasade kanter. S\u00e4ljs i par (1 st f\u00f6r ryggst\u00f6d, 1 st f\u00f6r s\u00e4te). Passar alla modeller av b\u00e4nkar fr\u00e5n Formar Shop.","robots":{"index":"index","follow":"follow","max-snippet":"max-snippet:-1","max-image-preview":"max-image-preview:large","max-video-preview":"max-video-preview:-1"},"canonical":"https:\/\/formar.shop\/sv\/prodotto\/par-stoppade-sitt-och-ryggkuddar-till-bank\/","schema":{"@context":"https:\/\/schema.org","@graph":[{"@type":"WebPage","@id":"https:\/\/formar.shop\/sv\/prodotto\/par-stoppade-sitt-och-ryggkuddar-till-bank\/","url":"https:\/\/formar.shop\/sv\/prodotto\/par-stoppade-sitt-och-ryggkuddar-till-bank\/","name":"Par stoppade sitt- och ryggkuddar till b\u00e4nk - Formar.shop","isPartOf":{"@id":"https:\/\/formar.shop\/sv\/#website"},"primaryImageOfPage":{"@id":"https:\/\/formar.shop\/sv\/prodotto\/par-stoppade-sitt-och-ryggkuddar-till-bank\/#primaryimage"},"image":{"@id":"https:\/\/formar.shop\/sv\/prodotto\/par-stoppade-sitt-och-ryggkuddar-till-bank\/#primaryimage"},"thumbnailUrl":"https:\/\/static.formar.net\/wp-content\/uploads\/sites\/1\/2022\/10\/20143243\/Sedile-Imbottito-per-panche-acciaio_Insiem-Sfuocato_coppia-_scontornata.png","datePublished":"2025-01-18T20:23:14+00:00","dateModified":"2025-11-18T09:43:39+00:00","description":"St\u00f6d i b\u00f6jt laminat med 12 mm tjocklek och vadderat med formbest\u00e4ndigt skum och kl\u00e4tt i brands\u00e4ker konstl\u00e4der i svart f\u00e4rg. Kuddarna f\u00e4sts med skruvar p\u00e5 s\u00e4tet och ryggst\u00f6det p\u00e5 b\u00e4nkar f\u00f6r 2, 3, 4 och 5 personer. Avfasade kanter. S\u00e4ljs i par (1 st f\u00f6r ryggst\u00f6d, 1 st f\u00f6r s\u00e4te). Passar alla modeller av b\u00e4nkar fr\u00e5n Formar Shop.","breadcrumb":{"@id":"https:\/\/formar.shop\/sv\/prodotto\/par-stoppade-sitt-och-ryggkuddar-till-bank\/#breadcrumb"},"inLanguage":"sv-SE","potentialAction":[{"@type":"ReadAction","target":["https:\/\/formar.shop\/sv\/prodotto\/par-stoppade-sitt-och-ryggkuddar-till-bank\/"]}]},{"@type":"ImageObject","inLanguage":"sv-SE","@id":"https:\/\/formar.shop\/sv\/prodotto\/par-stoppade-sitt-och-ryggkuddar-till-bank\/#primaryimage","url":"https:\/\/static.formar.net\/wp-content\/uploads\/sites\/1\/2022\/10\/20143243\/Sedile-Imbottito-per-panche-acciaio_Insiem-Sfuocato_coppia-_scontornata.png","contentUrl":"https:\/\/static.formar.net\/wp-content\/uploads\/sites\/1\/2022\/10\/20143243\/Sedile-Imbottito-per-panche-acciaio_Insiem-Sfuocato_coppia-_scontornata.png","width":894,"height":894},{"@type":"BreadcrumbList","@id":"https:\/\/formar.shop\/sv\/prodotto\/par-stoppade-sitt-och-ryggkuddar-till-bank\/#breadcrumb","itemListElement":[{"@type":"ListItem","position":1,"name":"Home","item":"https:\/\/formar.shop\/sv\/auto-draft\/"},{"@type":"ListItem","position":2,"name":"Butik","item":"https:\/\/formar.shop\/sv\/butik\/"},{"@type":"ListItem","position":3,"name":"Par stoppade sitt- och ryggkuddar till b\u00e4nk"}]},{"@type":"WebSite","@id":"https:\/\/formar.shop\/sv\/#website","url":"https:\/\/formar.shop\/sv\/","name":"Formar.shop","description":"Soluzioni espresse con stile","potentialAction":[{"@type":"SearchAction","target":{"@type":"EntryPoint","urlTemplate":"https:\/\/formar.shop\/sv\/?s={search_term_string}"},"query-input":{"@type":"PropertyValueSpecification","valueRequired":true,"valueName":"search_term_string"}}],"inLanguage":"sv-SE"}]}},"_links":{"self":[{"href":"https:\/\/formar.shop\/sv\/wp-json\/wp\/v2\/product\/44290","targetHints":{"allow":["GET"]}}],"collection":[{"href":"https:\/\/formar.shop\/sv\/wp-json\/wp\/v2\/product"}],"about":[{"href":"https:\/\/formar.shop\/sv\/wp-json\/wp\/v2\/types\/product"}],"wp:featuredmedia":[{"embeddable":true,"href":"https:\/\/formar.shop\/sv\/wp-json\/wp\/v2\/media\/51618"}],"wp:attachment":[{"href":"https:\/\/formar.shop\/sv\/wp-json\/wp\/v2\/media?parent=44290"}],"wp:term":[{"taxonomy":"product_brand","embeddable":true,"href":"https:\/\/formar.shop\/sv\/wp-json\/wp\/v2\/product_brand?post=44290"},{"taxonomy":"product_cat","embeddable":true,"href":"https:\/\/formar.shop\/sv\/wp-json\/wp\/v2\/product_cat?post=44290"},{"taxonomy":"product_tag","embeddable":true,"href":"https:\/\/formar.shop\/sv\/wp-json\/wp\/v2\/product_tag?post=44290"}],"curies":[{"name":"wp","href":"https:\/\/api.w.org\/{rel}","templated":true}]}}