{"id":47777,"date":"2025-01-18T21:35:25","date_gmt":"2025-01-18T20:35:25","guid":{"rendered":"https:\/\/formar.shop\/bestallning-av-reception-vad-ska-man-gora\/"},"modified":"2025-01-18T21:35:28","modified_gmt":"2025-01-18T20:35:28","slug":"bestallning-av-reception-vad-ska-man-gora","status":"publish","type":"page","link":"https:\/\/formar.shop\/sv\/bestallning-av-reception-vad-ska-man-gora\/","title":{"rendered":"BEST\u00c4LLNING AV RECEPTION: vad ska man g\u00f6ra?"},"content":{"rendered":"<p>K\u00e4ra kund,<\/p>\n<p>F\u00f6r att s\u00e4kerst\u00e4lla att ditt k\u00f6p kommer fram i perfekt skick har vi alltid anv\u00e4nt oss av professionella spedit\u00f6rer. Men ibland kan det h\u00e4nda att paketen eller paketen med best\u00e4llda varor inte kommer fram i sitt ursprungliga skick och inte hanteras med samma omsorg som vi brukar anv\u00e4nda. Av denna anledning ber vi dig att ta en snabb titt p\u00e5 p\u00e5minnelsen nedan:<\/p>\n<ul>\n<li><span style=\"background-color: #ffff00;\">Kontrollera alltid att antalet mottagna kollin \u00f6verensst\u00e4mmer med det antal kollin som anges i transportdokumentet.<\/span><\/li>\n<li><span style=\"background-color: #ffff00;\">Kontrollera alltid att f\u00f6rpackningen \u00e4r helt intakt, oavsett om det \u00e4r en pall eller l\u00f6sa f\u00f6rpackningar<\/span>.<\/li>\n<\/ul>\n<p><strong><span style=\"color: #ed1c24; font-size: 120%;\"><em>I h\u00e4ndelse av en kvantitativ eller kvalitativ avvikelse kommer leveransen endast att accepteras genom att f\u00f6ljande anges i kvittot:<\/em><\/span><\/strong><\/p>\n<p style=\"text-align: center;\"><span style=\"background-color: #ffff00;\">SPECIFIC RESERVE\u00b9 och en beskrivning av de avvikelser som konstaterats.<\/span><br \/><span style=\"background-color: #ffff00;\">markera p\u00e5 POD\/palmare de avvikelser som konstaterats<\/span><\/p>\n<p>(N.B. Generiska reservationer som &#8221;icke \u00f6verensst\u00e4mmande varor&#8221; eller &#8221;kontrollreserv&#8221; anses inte vara giltiga)<\/p>\n<p><strong><em>Meddela oss omedelbart via e-post (shop@formar-contract.it) och ange den avvikelse som hittats i leveransen och fotot p\u00e5 kvittot som utf\u00e4rdats av kuriren som anger den specifika reservationen du har undertecknat.<\/em><\/strong><\/p>\n<p><span style=\"background-color: #ffff00;\"><strong><span style=\"font-size: 105%; background-color: #ffff00;\">I M P O R T A N T !!!<\/span><\/strong><\/span><\/p>\n<p><span style=\"color: #ed1c24;\">Signera med <span style=\"font-size: 95%;\"><strong>S\u00e4rskild reservation<\/strong><\/span> inneb\u00e4r att mottagaren f\u00f6rbeh\u00e5ller sig r\u00e4tten att kontrollera godsets integritet, med m\u00f6jlighet till regress mot transport\u00f6ren i h\u00e4ndelse av skada.<\/span><\/p>\n<p>\u00b9 <strong><em>Klicka p\u00e5 knappen nedan s\u00e5 kommer du till en pdf som visar hur du s\u00e4tter formuleringen Specific Reserve och en generisk beskrivning av avvikelsen.<\/em><\/strong><\/p>\n<p>Tack f\u00f6r ditt samarbete och din tillg\u00e4nglighet!<br \/>Teamet hos Formar Contract Srl<\/p>\n<a href=\"https:\/\/formar.shop\/wp-content\/uploads\/2022\/04\/riserva-di-controllo-Formar-Shop.pdf\" target=\"_blank\" class=\"button primary\" rel=\"noopener\" style=\"border-radius:10px;\">\n\t\t<span>Reserv Specific_Pod<\/span>\n\t<i class=\"icon-user\" aria-hidden=\"true\"><\/i><\/a>\n\n","protected":false},"excerpt":{"rendered":"<p>K\u00e4ra kund, F\u00f6r att s\u00e4kerst\u00e4lla att ditt k\u00f6p kommer fram i perfekt skick har vi alltid anv\u00e4nt oss av professionella spedit\u00f6rer. Men ibland kan det h\u00e4nda att paketen eller paketen med best\u00e4llda varor inte kommer fram i sitt ursprungliga skick och inte hanteras med samma omsorg som vi brukar anv\u00e4nda. Av denna anledning ber vi [&#8230;]\n","protected":false},"author":175,"featured_media":0,"parent":0,"menu_order":0,"comment_status":"closed","ping_status":"closed","template":"","meta":{"_joinchat":[],"footnotes":""},"class_list":["post-47777","page","type-page","status-publish","hentry"],"yoast_head":"<!-- This site is optimized with the Yoast SEO plugin v27.3 - https:\/\/yoast.com\/product\/yoast-seo-wordpress\/ -->\n<title>BEST\u00c4LLNING AV RECEPTION: vad ska man g\u00f6ra? - Formar.shop<\/title>\n<meta name=\"robots\" content=\"index, follow, max-snippet:-1, max-image-preview:large, max-video-preview:-1\" \/>\n<link rel=\"canonical\" href=\"https:\/\/formar.shop\/sv\/bestallning-av-reception-vad-ska-man-gora\/\" \/>\n<script type=\"application\/ld+json\" class=\"yoast-schema-graph\">{\"@context\":\"https:\\\/\\\/schema.org\",\"@graph\":[{\"@type\":\"WebPage\",\"@id\":\"https:\\\/\\\/formar.shop\\\/sv\\\/bestallning-av-reception-vad-ska-man-gora\\\/\",\"url\":\"https:\\\/\\\/formar.shop\\\/sv\\\/bestallning-av-reception-vad-ska-man-gora\\\/\",\"name\":\"BEST\u00c4LLNING AV RECEPTION: vad ska man g\u00f6ra? - Formar.shop\",\"isPartOf\":{\"@id\":\"https:\\\/\\\/formar.shop\\\/sv\\\/#website\"},\"datePublished\":\"2025-01-18T20:35:25+00:00\",\"dateModified\":\"2025-01-18T20:35:28+00:00\",\"breadcrumb\":{\"@id\":\"https:\\\/\\\/formar.shop\\\/sv\\\/bestallning-av-reception-vad-ska-man-gora\\\/#breadcrumb\"},\"inLanguage\":\"sv-SE\",\"potentialAction\":[{\"@type\":\"ReadAction\",\"target\":[\"https:\\\/\\\/formar.shop\\\/sv\\\/bestallning-av-reception-vad-ska-man-gora\\\/\"]}]},{\"@type\":\"BreadcrumbList\",\"@id\":\"https:\\\/\\\/formar.shop\\\/sv\\\/bestallning-av-reception-vad-ska-man-gora\\\/#breadcrumb\",\"itemListElement\":[{\"@type\":\"ListItem\",\"position\":1,\"name\":\"Home\",\"item\":\"https:\\\/\\\/formar.shop\\\/sv\\\/auto-draft\\\/\"},{\"@type\":\"ListItem\",\"position\":2,\"name\":\"BEST\u00c4LLNING AV RECEPTION: vad ska man g\u00f6ra?\"}]},{\"@type\":\"WebSite\",\"@id\":\"https:\\\/\\\/formar.shop\\\/sv\\\/#website\",\"url\":\"https:\\\/\\\/formar.shop\\\/sv\\\/\",\"name\":\"Formar.shop\",\"description\":\"Soluzioni espresse con stile\",\"potentialAction\":[{\"@type\":\"SearchAction\",\"target\":{\"@type\":\"EntryPoint\",\"urlTemplate\":\"https:\\\/\\\/formar.shop\\\/sv\\\/?s={search_term_string}\"},\"query-input\":{\"@type\":\"PropertyValueSpecification\",\"valueRequired\":true,\"valueName\":\"search_term_string\"}}],\"inLanguage\":\"sv-SE\"}]}<\/script>\n<!-- \/ Yoast SEO plugin. -->","yoast_head_json":{"title":"BEST\u00c4LLNING AV RECEPTION: vad ska man g\u00f6ra? - Formar.shop","robots":{"index":"index","follow":"follow","max-snippet":"max-snippet:-1","max-image-preview":"max-image-preview:large","max-video-preview":"max-video-preview:-1"},"canonical":"https:\/\/formar.shop\/sv\/bestallning-av-reception-vad-ska-man-gora\/","schema":{"@context":"https:\/\/schema.org","@graph":[{"@type":"WebPage","@id":"https:\/\/formar.shop\/sv\/bestallning-av-reception-vad-ska-man-gora\/","url":"https:\/\/formar.shop\/sv\/bestallning-av-reception-vad-ska-man-gora\/","name":"BEST\u00c4LLNING AV RECEPTION: vad ska man g\u00f6ra? - Formar.shop","isPartOf":{"@id":"https:\/\/formar.shop\/sv\/#website"},"datePublished":"2025-01-18T20:35:25+00:00","dateModified":"2025-01-18T20:35:28+00:00","breadcrumb":{"@id":"https:\/\/formar.shop\/sv\/bestallning-av-reception-vad-ska-man-gora\/#breadcrumb"},"inLanguage":"sv-SE","potentialAction":[{"@type":"ReadAction","target":["https:\/\/formar.shop\/sv\/bestallning-av-reception-vad-ska-man-gora\/"]}]},{"@type":"BreadcrumbList","@id":"https:\/\/formar.shop\/sv\/bestallning-av-reception-vad-ska-man-gora\/#breadcrumb","itemListElement":[{"@type":"ListItem","position":1,"name":"Home","item":"https:\/\/formar.shop\/sv\/auto-draft\/"},{"@type":"ListItem","position":2,"name":"BEST\u00c4LLNING AV RECEPTION: vad ska man g\u00f6ra?"}]},{"@type":"WebSite","@id":"https:\/\/formar.shop\/sv\/#website","url":"https:\/\/formar.shop\/sv\/","name":"Formar.shop","description":"Soluzioni espresse con stile","potentialAction":[{"@type":"SearchAction","target":{"@type":"EntryPoint","urlTemplate":"https:\/\/formar.shop\/sv\/?s={search_term_string}"},"query-input":{"@type":"PropertyValueSpecification","valueRequired":true,"valueName":"search_term_string"}}],"inLanguage":"sv-SE"}]}},"_links":{"self":[{"href":"https:\/\/formar.shop\/sv\/wp-json\/wp\/v2\/pages\/47777","targetHints":{"allow":["GET"]}}],"collection":[{"href":"https:\/\/formar.shop\/sv\/wp-json\/wp\/v2\/pages"}],"about":[{"href":"https:\/\/formar.shop\/sv\/wp-json\/wp\/v2\/types\/page"}],"author":[{"embeddable":true,"href":"https:\/\/formar.shop\/sv\/wp-json\/wp\/v2\/users\/175"}],"replies":[{"embeddable":true,"href":"https:\/\/formar.shop\/sv\/wp-json\/wp\/v2\/comments?post=47777"}],"version-history":[{"count":8,"href":"https:\/\/formar.shop\/sv\/wp-json\/wp\/v2\/pages\/47777\/revisions"}],"predecessor-version":[{"id":47803,"href":"https:\/\/formar.shop\/sv\/wp-json\/wp\/v2\/pages\/47777\/revisions\/47803"}],"wp:attachment":[{"href":"https:\/\/formar.shop\/sv\/wp-json\/wp\/v2\/media?parent=47777"}],"curies":[{"name":"wp","href":"https:\/\/api.w.org\/{rel}","templated":true}]}}