{"id":43741,"date":"2025-01-18T21:19:51","date_gmt":"2025-01-18T20:19:51","guid":{"rendered":"https:\/\/formar.shop\/kopguide\/"},"modified":"2025-01-18T21:19:52","modified_gmt":"2025-01-18T20:19:52","slug":"kopguide","status":"publish","type":"page","link":"https:\/\/formar.shop\/sv\/kopguide\/","title":{"rendered":"K\u00d6PGUIDE"},"content":{"rendered":"\t<div id=\"text-742091691\" class=\"text\">\n\t\t\n<p><strong>Villkor och anvisningar<\/strong><\/p>\n<p>Formar.shop by Formar Contract g\u00f6r det m\u00f6jligt f\u00f6r alla att k\u00f6pa deras produkter online genom en <strong>enkel, bekv\u00e4m och s\u00e4ker<\/strong> tj\u00e4nst.<\/p>\n<p>Det \u00e4r m\u00f6jligt att g\u00f6ra ett k\u00f6p efter registrering eller som g\u00e4st, men i b\u00e5da fallen \u00e4r det n\u00f6dv\u00e4ndigt att fylla i alla obligatoriska f\u00e4lt.  <\/p>\n<p><strong>Alla best\u00e4llningar m\u00e5ste bekr\u00e4ftas<\/strong>.<\/p>\n<\/p>\n<p><strong>Registrering<\/strong><\/p>\n<p>Efter registreringen, som bara tar n\u00e5gra enkla steg, har den nya kunden en intern kontrollpanel d\u00e4r de kan ange sin leveransadress, s\u00e5 att systemet kan h\u00e5lla den memorerad f\u00f6r att p\u00e5skynda n\u00e4sta k\u00f6p, och hantera kundvagnen och produktj\u00e4mf\u00f6relsealternativet. V\u00e4lj den produkt, storlek och f\u00e4rg de vill ha, och efter att ha valt \u00f6nskad kvantitet, l\u00e4gg den i kundvagnen. N\u00e4r du vill g\u00e5 vidare med k\u00f6pet g\u00e5r du in i korgen, loggar in f\u00f6rst om du \u00e4r registrerad, och forts\u00e4tter med best\u00e4llningen. Du kan n\u00e4r som helst \u00e4ndra eller ta bort de valda produkterna fr\u00e5n kundvagnen.  <\/p>\n<\/p>\n<p><strong>Best\u00e4llning<\/strong><\/p>\n<p>N\u00e4r du har valt alla produkter som du vill k\u00f6pa, forts\u00e4tt med best\u00e4llningen. Om du har ett uppdaterat konto med uppgifter och leveransadress kommer k\u00f6pprocessen att g\u00e5 snabbare.<br \/>I annat fall anger du de uppgifter som kr\u00e4vs och forts\u00e4tter med best\u00e4llningen. Best\u00e4llningen behandlas f\u00f6rst n\u00e4r betalningen f\u00f6r produkten har mottagits, beroende p\u00e5 vilken betalningsmetod som valts.  <\/p>\n<\/p>\n<p><strong>V\u00e5r kundtj\u00e4nst st\u00e5r till ditt f\u00f6rfogande.<\/strong><\/p>\n<p>V\u00e5ra medarbetare kommer att svara p\u00e5 dina fr\u00e5gor om v\u00e5ra tj\u00e4nster.<\/p>\n<p>Tveka inte att kontakta oss f\u00f6r information eller offertf\u00f6rfr\u00e5gningar!  <\/p>\n<\/p>\n<p style=\"text-align: left;\"><strong>Formar Contract srl<\/strong><br \/><strong>Via del Consorzio 44<\/strong><br \/><strong>60015 | Falconara Marittima (AN)<\/strong><\/p>\n<p style=\"text-align: left;\"><a href=\"tel:800122267\">Nummer till fri telefon <\/a><a href=\"tel:800122267\">800 12 22 67<\/a><br \/><a href=\"tel:+390715906063\">Tfn 071 590.60.63<\/a><\/p>\n<p style=\"text-align: left;\">\n<p>F\u00f6rs\u00e4ljningskontor: <a href=\"mailto:info@formar-contract.it\">info@formar.net<\/a> E-handel:<a href=\"mailto:shop@formar.net\">shop@formar.net<\/a> PEC:<a href=\"mailto:info@pec.formar-contract.it\">info@pec.formar-contract.it<\/a><\/p>\n<p style=\"text-align: left;\">\n\t\t\n<style>\n#text-742091691 {\n  color: rgb(0,0,0);\n}\n#text-742091691 > * {\n  color: rgb(0,0,0);\n}\n<\/style>\n\t<\/div>\n\t\n","protected":false},"excerpt":{"rendered":"","protected":false},"author":6,"featured_media":0,"parent":0,"menu_order":0,"comment_status":"closed","ping_status":"closed","template":"","meta":{"_joinchat":[],"footnotes":""},"class_list":["post-43741","page","type-page","status-publish","hentry"],"yoast_head":"<!-- This site is optimized with the Yoast SEO plugin v27.3 - https:\/\/yoast.com\/product\/yoast-seo-wordpress\/ -->\n<title>K\u00d6PGUIDE - Formar.shop<\/title>\n<meta name=\"robots\" content=\"index, follow, max-snippet:-1, max-image-preview:large, max-video-preview:-1\" \/>\n<link rel=\"canonical\" href=\"https:\/\/formar.shop\/sv\/kopguide\/\" \/>\n<script type=\"application\/ld+json\" class=\"yoast-schema-graph\">{\"@context\":\"https:\\\/\\\/schema.org\",\"@graph\":[{\"@type\":\"WebPage\",\"@id\":\"https:\\\/\\\/formar.shop\\\/sv\\\/kopguide\\\/\",\"url\":\"https:\\\/\\\/formar.shop\\\/sv\\\/kopguide\\\/\",\"name\":\"K\u00d6PGUIDE - Formar.shop\",\"isPartOf\":{\"@id\":\"https:\\\/\\\/formar.shop\\\/sv\\\/#website\"},\"datePublished\":\"2025-01-18T20:19:51+00:00\",\"dateModified\":\"2025-01-18T20:19:52+00:00\",\"breadcrumb\":{\"@id\":\"https:\\\/\\\/formar.shop\\\/sv\\\/kopguide\\\/#breadcrumb\"},\"inLanguage\":\"sv-SE\",\"potentialAction\":[{\"@type\":\"ReadAction\",\"target\":[\"https:\\\/\\\/formar.shop\\\/sv\\\/kopguide\\\/\"]}]},{\"@type\":\"BreadcrumbList\",\"@id\":\"https:\\\/\\\/formar.shop\\\/sv\\\/kopguide\\\/#breadcrumb\",\"itemListElement\":[{\"@type\":\"ListItem\",\"position\":1,\"name\":\"Home\",\"item\":\"https:\\\/\\\/formar.shop\\\/sv\\\/auto-draft\\\/\"},{\"@type\":\"ListItem\",\"position\":2,\"name\":\"K\u00d6PGUIDE\"}]},{\"@type\":\"WebSite\",\"@id\":\"https:\\\/\\\/formar.shop\\\/sv\\\/#website\",\"url\":\"https:\\\/\\\/formar.shop\\\/sv\\\/\",\"name\":\"Formar.shop\",\"description\":\"Soluzioni espresse con stile\",\"potentialAction\":[{\"@type\":\"SearchAction\",\"target\":{\"@type\":\"EntryPoint\",\"urlTemplate\":\"https:\\\/\\\/formar.shop\\\/sv\\\/?s={search_term_string}\"},\"query-input\":{\"@type\":\"PropertyValueSpecification\",\"valueRequired\":true,\"valueName\":\"search_term_string\"}}],\"inLanguage\":\"sv-SE\"}]}<\/script>\n<!-- \/ Yoast SEO plugin. -->","yoast_head_json":{"title":"K\u00d6PGUIDE - Formar.shop","robots":{"index":"index","follow":"follow","max-snippet":"max-snippet:-1","max-image-preview":"max-image-preview:large","max-video-preview":"max-video-preview:-1"},"canonical":"https:\/\/formar.shop\/sv\/kopguide\/","schema":{"@context":"https:\/\/schema.org","@graph":[{"@type":"WebPage","@id":"https:\/\/formar.shop\/sv\/kopguide\/","url":"https:\/\/formar.shop\/sv\/kopguide\/","name":"K\u00d6PGUIDE - Formar.shop","isPartOf":{"@id":"https:\/\/formar.shop\/sv\/#website"},"datePublished":"2025-01-18T20:19:51+00:00","dateModified":"2025-01-18T20:19:52+00:00","breadcrumb":{"@id":"https:\/\/formar.shop\/sv\/kopguide\/#breadcrumb"},"inLanguage":"sv-SE","potentialAction":[{"@type":"ReadAction","target":["https:\/\/formar.shop\/sv\/kopguide\/"]}]},{"@type":"BreadcrumbList","@id":"https:\/\/formar.shop\/sv\/kopguide\/#breadcrumb","itemListElement":[{"@type":"ListItem","position":1,"name":"Home","item":"https:\/\/formar.shop\/sv\/auto-draft\/"},{"@type":"ListItem","position":2,"name":"K\u00d6PGUIDE"}]},{"@type":"WebSite","@id":"https:\/\/formar.shop\/sv\/#website","url":"https:\/\/formar.shop\/sv\/","name":"Formar.shop","description":"Soluzioni espresse con stile","potentialAction":[{"@type":"SearchAction","target":{"@type":"EntryPoint","urlTemplate":"https:\/\/formar.shop\/sv\/?s={search_term_string}"},"query-input":{"@type":"PropertyValueSpecification","valueRequired":true,"valueName":"search_term_string"}}],"inLanguage":"sv-SE"}]}},"_links":{"self":[{"href":"https:\/\/formar.shop\/sv\/wp-json\/wp\/v2\/pages\/43741","targetHints":{"allow":["GET"]}}],"collection":[{"href":"https:\/\/formar.shop\/sv\/wp-json\/wp\/v2\/pages"}],"about":[{"href":"https:\/\/formar.shop\/sv\/wp-json\/wp\/v2\/types\/page"}],"author":[{"embeddable":true,"href":"https:\/\/formar.shop\/sv\/wp-json\/wp\/v2\/users\/6"}],"replies":[{"embeddable":true,"href":"https:\/\/formar.shop\/sv\/wp-json\/wp\/v2\/comments?post=43741"}],"version-history":[{"count":1,"href":"https:\/\/formar.shop\/sv\/wp-json\/wp\/v2\/pages\/43741\/revisions"}],"predecessor-version":[{"id":43750,"href":"https:\/\/formar.shop\/sv\/wp-json\/wp\/v2\/pages\/43741\/revisions\/43750"}],"wp:attachment":[{"href":"https:\/\/formar.shop\/sv\/wp-json\/wp\/v2\/media?parent=43741"}],"curies":[{"name":"wp","href":"https:\/\/api.w.org\/{rel}","templated":true}]}}