{"id":43638,"date":"2025-01-18T21:19:36","date_gmt":"2025-01-18T20:19:36","guid":{"rendered":"https:\/\/formar.shop\/regler-om-aterlamnande\/"},"modified":"2025-11-18T10:47:57","modified_gmt":"2025-11-18T09:47:57","slug":"regler-om-aterlamnande","status":"publish","type":"page","link":"https:\/\/formar.shop\/sv\/regler-om-aterlamnande\/","title":{"rendered":"REGLER OM \u00c5TERL\u00c4MNANDE"},"content":{"rendered":"<h3><span style=\"font-size: 140%;\"><strong>VILLKOR OCH BEST\u00c4MMELSER<\/strong><\/span><\/h3>\n<\/p>\n<p><span style=\"font-size: 110%; color: #000000;\"><strong>Det \u00e4r m\u00f6jligt att returnera k\u00f6pta varor i ett enkelt och snabbt f\u00f6rfarande.<\/strong><\/span><\/p>\n<p>I enlighet med <em>EU-direktiv 2011\/83, som implementerats i Italien genom lagdekret av den 3 december 2013<\/em>, kan k\u00f6paren fr\u00e5ntr\u00e4da k\u00f6peavtalet utan att n\u00f6dv\u00e4ndigtvis ange sk\u00e4let till \u00e5terl\u00e4mnandet.<\/p>\n<p>Den k\u00f6pare som vill utnyttja sin \u00e5ngerr\u00e4tt ska underr\u00e4tta Formar Contract om detta per rekommenderat brev med mottagningsbevis eller per <strong>Pec<\/strong>, <strong>inom 14 arbetsdagar<\/strong> fr\u00e5n leveransdagen, och bifoga en kopia av transportdokumenten, till de adresser som anges nedan.<\/p>\n<p><span style=\"font-size: 110%; color: #000000;\"><strong>Kostnaden f\u00f6r returporto \u00e4r helt och h\u00e5llet p\u00e5<\/strong><strong>Kundens ansvar.<\/strong><\/span><\/p>\n<p>Fr\u00e5n det att Formar Contract har accepterat beg\u00e4ran om retur har k\u00f6paren <strong>14 kalenderdagar<\/strong> p\u00e5 sig att avs\u00e4nda returen.<br \/>\nN\u00e4r denna tid har l\u00f6pt ut kan k\u00f6paren inte l\u00e4ngre utnyttja \u00e5ngerr\u00e4tten. <\/p>\n<p>Efter att ha erh\u00e5llit returtillst\u00e5nd fr\u00e5n operat\u00f6ren ska k\u00f6paren skicka produkten till<\/p>\n<p style=\"text-align: center;\"><span style=\"color: #000000;\"><strong><i>Formar Contract Srl<\/i><\/strong><\/span><\/p>\n<p style=\"text-align: center;\"><span style=\"color: #000000;\"><strong><i>Via del Consorzio 44<\/i><\/strong><\/span><\/p>\n<p style=\"text-align: center;\"><span style=\"color: #000000;\"><strong><i>60015 | Falconara Marittima (AN)<\/i><\/strong><\/span><\/p>\n<p style=\"text-align: center;\"><span style=\"color: #000000;\"><strong>info@pec.formar-contract.it<\/strong><\/span><\/p>\n<p>Formar Contract kommer att genomf\u00f6ra<strong> \u00e5terbetalningen via bank\u00f6verf\u00f6ring inom 14 arbetsdagar efter<\/strong> mottagandet av de returnerade varorna.<\/p>\n<p>\u00c5ngerr\u00e4tten f\u00f6rfaller helt om den returnerade varan inte \u00e4r intakt, dvs. saknar original ytter- och innerf\u00f6rpackning, \u00e4r skadad eller ens delvis anv\u00e4nd.<\/p>\n<\/p>\n<p style=\"text-align: center;\"><strong>V\u00e5r kundtj\u00e4nst st\u00e5r till ditt f\u00f6rfogande.  <\/strong><\/p>\n<p style=\"text-align: center;\">Tveka inte att kontakta oss f\u00f6r information eller offertf\u00f6rfr\u00e5gningar! V\u00e5ra medarbetare svarar p\u00e5 dina fr\u00e5gor om v\u00e5ra tj\u00e4nster: design, f\u00f6rverkligande, leverans och montering av kontorsm\u00f6bler. <\/p>\n<a href=\"https:\/\/formar.shop\/sv\/kontakta-oss\/\" class=\"button primary box-shadow-1 lowercase expand\" style=\"border-radius:10px;\">\n\t\t<span>Kontakta oss!<\/span>\n\t<\/a>\n\n","protected":false},"excerpt":{"rendered":"<p>VILLKOR OCH BEST\u00c4MMELSER Det \u00e4r m\u00f6jligt att returnera k\u00f6pta varor i ett enkelt och snabbt f\u00f6rfarande. I enlighet med EU-direktiv 2011\/83, som implementerats i Italien genom lagdekret av den 3 december 2013, kan k\u00f6paren fr\u00e5ntr\u00e4da k\u00f6peavtalet utan att n\u00f6dv\u00e4ndigtvis ange sk\u00e4let till \u00e5terl\u00e4mnandet. Den k\u00f6pare som vill utnyttja sin \u00e5ngerr\u00e4tt ska underr\u00e4tta Formar Contract om [&#8230;]\n","protected":false},"author":175,"featured_media":0,"parent":0,"menu_order":0,"comment_status":"closed","ping_status":"closed","template":"","meta":{"_joinchat":[],"footnotes":""},"class_list":["post-43638","page","type-page","status-publish","hentry"],"yoast_head":"<!-- This site is optimized with the Yoast SEO plugin v27.4 - https:\/\/yoast.com\/product\/yoast-seo-wordpress\/ -->\n<title>REGLER OM \u00c5TERL\u00c4MNANDE - Formar.shop<\/title>\n<meta name=\"robots\" content=\"index, follow, max-snippet:-1, max-image-preview:large, max-video-preview:-1\" \/>\n<link rel=\"canonical\" href=\"https:\/\/formar.shop\/sv\/regler-om-aterlamnande\/\" \/>\n<script type=\"application\/ld+json\" class=\"yoast-schema-graph\">{\"@context\":\"https:\\\/\\\/schema.org\",\"@graph\":[{\"@type\":\"WebPage\",\"@id\":\"https:\\\/\\\/formar.shop\\\/sv\\\/regler-om-aterlamnande\\\/\",\"url\":\"https:\\\/\\\/formar.shop\\\/sv\\\/regler-om-aterlamnande\\\/\",\"name\":\"REGLER OM \u00c5TERL\u00c4MNANDE - Formar.shop\",\"isPartOf\":{\"@id\":\"https:\\\/\\\/formar.shop\\\/sv\\\/#website\"},\"datePublished\":\"2025-01-18T20:19:36+00:00\",\"dateModified\":\"2025-11-18T09:47:57+00:00\",\"breadcrumb\":{\"@id\":\"https:\\\/\\\/formar.shop\\\/sv\\\/regler-om-aterlamnande\\\/#breadcrumb\"},\"inLanguage\":\"sv-SE\",\"potentialAction\":[{\"@type\":\"ReadAction\",\"target\":[\"https:\\\/\\\/formar.shop\\\/sv\\\/regler-om-aterlamnande\\\/\"]}]},{\"@type\":\"BreadcrumbList\",\"@id\":\"https:\\\/\\\/formar.shop\\\/sv\\\/regler-om-aterlamnande\\\/#breadcrumb\",\"itemListElement\":[{\"@type\":\"ListItem\",\"position\":1,\"name\":\"Home\",\"item\":\"https:\\\/\\\/formar.shop\\\/sv\\\/auto-draft\\\/\"},{\"@type\":\"ListItem\",\"position\":2,\"name\":\"REGLER OM \u00c5TERL\u00c4MNANDE\"}]},{\"@type\":\"WebSite\",\"@id\":\"https:\\\/\\\/formar.shop\\\/sv\\\/#website\",\"url\":\"https:\\\/\\\/formar.shop\\\/sv\\\/\",\"name\":\"Formar.shop\",\"description\":\"Soluzioni espresse con stile\",\"potentialAction\":[{\"@type\":\"SearchAction\",\"target\":{\"@type\":\"EntryPoint\",\"urlTemplate\":\"https:\\\/\\\/formar.shop\\\/sv\\\/?s={search_term_string}\"},\"query-input\":{\"@type\":\"PropertyValueSpecification\",\"valueRequired\":true,\"valueName\":\"search_term_string\"}}],\"inLanguage\":\"sv-SE\"}]}<\/script>\n<!-- \/ Yoast SEO plugin. -->","yoast_head_json":{"title":"REGLER OM \u00c5TERL\u00c4MNANDE - Formar.shop","robots":{"index":"index","follow":"follow","max-snippet":"max-snippet:-1","max-image-preview":"max-image-preview:large","max-video-preview":"max-video-preview:-1"},"canonical":"https:\/\/formar.shop\/sv\/regler-om-aterlamnande\/","schema":{"@context":"https:\/\/schema.org","@graph":[{"@type":"WebPage","@id":"https:\/\/formar.shop\/sv\/regler-om-aterlamnande\/","url":"https:\/\/formar.shop\/sv\/regler-om-aterlamnande\/","name":"REGLER OM \u00c5TERL\u00c4MNANDE - Formar.shop","isPartOf":{"@id":"https:\/\/formar.shop\/sv\/#website"},"datePublished":"2025-01-18T20:19:36+00:00","dateModified":"2025-11-18T09:47:57+00:00","breadcrumb":{"@id":"https:\/\/formar.shop\/sv\/regler-om-aterlamnande\/#breadcrumb"},"inLanguage":"sv-SE","potentialAction":[{"@type":"ReadAction","target":["https:\/\/formar.shop\/sv\/regler-om-aterlamnande\/"]}]},{"@type":"BreadcrumbList","@id":"https:\/\/formar.shop\/sv\/regler-om-aterlamnande\/#breadcrumb","itemListElement":[{"@type":"ListItem","position":1,"name":"Home","item":"https:\/\/formar.shop\/sv\/auto-draft\/"},{"@type":"ListItem","position":2,"name":"REGLER OM \u00c5TERL\u00c4MNANDE"}]},{"@type":"WebSite","@id":"https:\/\/formar.shop\/sv\/#website","url":"https:\/\/formar.shop\/sv\/","name":"Formar.shop","description":"Soluzioni espresse con stile","potentialAction":[{"@type":"SearchAction","target":{"@type":"EntryPoint","urlTemplate":"https:\/\/formar.shop\/sv\/?s={search_term_string}"},"query-input":{"@type":"PropertyValueSpecification","valueRequired":true,"valueName":"search_term_string"}}],"inLanguage":"sv-SE"}]}},"_links":{"self":[{"href":"https:\/\/formar.shop\/sv\/wp-json\/wp\/v2\/pages\/43638","targetHints":{"allow":["GET"]}}],"collection":[{"href":"https:\/\/formar.shop\/sv\/wp-json\/wp\/v2\/pages"}],"about":[{"href":"https:\/\/formar.shop\/sv\/wp-json\/wp\/v2\/types\/page"}],"author":[{"embeddable":true,"href":"https:\/\/formar.shop\/sv\/wp-json\/wp\/v2\/users\/175"}],"replies":[{"embeddable":true,"href":"https:\/\/formar.shop\/sv\/wp-json\/wp\/v2\/comments?post=43638"}],"version-history":[{"count":10,"href":"https:\/\/formar.shop\/sv\/wp-json\/wp\/v2\/pages\/43638\/revisions"}],"predecessor-version":[{"id":43675,"href":"https:\/\/formar.shop\/sv\/wp-json\/wp\/v2\/pages\/43638\/revisions\/43675"}],"wp:attachment":[{"href":"https:\/\/formar.shop\/sv\/wp-json\/wp\/v2\/media?parent=43638"}],"curies":[{"name":"wp","href":"https:\/\/api.w.org\/{rel}","templated":true}]}}