{"id":43567,"date":"2025-01-18T21:19:20","date_gmt":"2025-01-18T20:19:20","guid":{"rendered":"https:\/\/formar.shop\/kostnader-och-leveransmetoder\/"},"modified":"2025-01-18T21:19:24","modified_gmt":"2025-01-18T20:19:24","slug":"kostnader-och-leveransmetoder","status":"publish","type":"page","link":"https:\/\/formar.shop\/sv\/kostnader-och-leveransmetoder\/","title":{"rendered":"KOSTNADER OCH LEVERANSMETODER"},"content":{"rendered":"\n  <div class=\"banner has-hover\" id=\"banner-1354199448\">\n          <div class=\"banner-inner fill\">\n        <div class=\"banner-bg fill\" >\n                                                \n                    <\/div>\n\t\t\n        <div class=\"banner-layers container\">\n            <div class=\"fill banner-link\"><\/div>            \n   <div id=\"text-box-1423854750\" class=\"text-box banner-layer x50 md-x50 lg-x50 y50 md-y50 lg-y50 res-text\">\n                     <div data-animate=\"flipInY\">           <div class=\"text-box-content text dark\">\n              \n              <div class=\"text-inner text-center\">\n                  \n<h3 style=\"text-align: center;\"><strong><span style=\"font-size: 115%; color: #000000;\"><em>I costi di spedizioni sono sempre gratuiti e inclusi per ogni tuo acquisto !<\/em><\/span><\/strong><\/h3>\n<div class=\"is-divider divider clearfix\" ><\/div>\n\t<div id=\"text-2533704699\" class=\"text\">\n\t\t\n<h1 class=\"h-large uppercase\"><strong><span style=\"font-size: 180%;\">NOLL FRAKTKOSTNADER!<\/span><\/strong><\/h1>\n\t\t\n<style>\n#text-2533704699 {\n  font-size: 0.8rem;\n  line-height: 2.05;\n  color: rgb(0,0,0);\n}\n#text-2533704699 > * {\n  color: rgb(0,0,0);\n}\n<\/style>\n\t<\/div>\n\t\n              <\/div>\n           <\/div>\n       <\/div>                     \n<style>\n#text-box-1423854750 {\n  width: 67%;\n}\n#text-box-1423854750 .text-box-content {\n  font-size: 100%;\n}\n<\/style>\n    <\/div>\n \n        <\/div>\n      <\/div>\n\n            \n<style>\n#banner-1354199448 {\n  padding-top: 400px;\n}\n<\/style>\n  <\/div>\n\n\n<h4><span style=\"font-size: 110%;\"><strong><span style=\"font-size: 140%; color: #50b848;\"><span style=\"color: #808080;\">REGISTRERING<\/span>  <\/span>    <\/strong><\/span><\/h4>\n<p>Efter registreringen, som bara tar n\u00e5gra enkla steg, har den nya kunden en intern kontrollpanel d\u00e4r de kan ange sin leveransadress, s\u00e5 att systemet kan h\u00e5lla den memorerad f\u00f6r att p\u00e5skynda n\u00e4sta k\u00f6p, och hantera kundvagnen och produktj\u00e4mf\u00f6relsealternativet. V\u00e4lj den produkt, storlek och f\u00e4rg de vill ha, och efter att ha valt \u00f6nskad kvantitet, l\u00e4gg den i kundvagnen. N\u00e4r du vill g\u00e5 vidare med k\u00f6pet g\u00e5r du in i korgen, loggar in f\u00f6rst om du \u00e4r registrerad, och forts\u00e4tter med best\u00e4llningen. Du kan n\u00e4r som helst \u00e4ndra eller ta bort de valda produkterna fr\u00e5n kundvagnen.  <\/p>\n<h4><strong><span style=\"font-size: 110%;\"><span style=\"color: #808080;\"><span style=\"font-size: 140%;\">BEST\u00c4LLNING<\/span> <\/span>                        <\/span><\/strong><\/h4>\n<p style=\"text-align: left;\">N\u00e4r du har valt alla produkter som du vill k\u00f6pa, forts\u00e4tt med best\u00e4llningen. Om du har ett uppdaterat konto med uppgifter och leveransadress kommer k\u00f6pprocessen att g\u00e5 snabbare.<br \/>I annat fall anger du de uppgifter som kr\u00e4vs och forts\u00e4tter med best\u00e4llningen. Best\u00e4llningen behandlas f\u00f6rst n\u00e4r betalningen f\u00f6r produkten har mottagits, beroende p\u00e5 vilken betalningsmetod som valts.  <\/p>\n<\/p>\n<h2 style=\"text-align: center;\"><span style=\"color: #808080;\"><strong>V\u00e5ra fraktpartners:<\/strong><\/span><\/h2>\n<\/p>\n<p><img loading=\"lazy\" decoding=\"async\" class=\"aligncenter wp-image-12578\" src=\"https:\/\/formar.shop\/wp-content\/uploads\/2022\/05\/brt.jpg\" alt=\"\" width=\"300\" height=\"163\" data-wp-pid=\"12578\"><\/p>\n<\/p>\n<p style=\"text-align: center;\"><img loading=\"lazy\" decoding=\"async\" class=\"\" src=\"https:\/\/s3-eu-west-1.amazonaws.com\/tpd\/logos\/5ea7e22c7a4aa40001deb02c\/0x0.png\" alt=\"FERCAM Group | L\u00e4s recensioner av fercam.com-tj\u00e4nster\" width=\"303\" height=\"313\"><\/p>\n<\/p>\n<p style=\"text-align: center;\"><span style=\"color: #000000;\"><strong><em>Valet av spedit\u00f6r g\u00f6rs automatiskt av v\u00e5rt system, <\/em><\/strong><\/span><strong><em><span style=\"color: #000000;\">f\u00f6r att garantera maximal leveranshastighet!<\/span><\/em><\/strong><\/p>\n<\/p>\n<p style=\"text-align: center;\">\n<p>V\u00e5r kundtj\u00e4nst st\u00e5r till ditt f\u00f6rfogande. Tveka inte att kontakta oss f\u00f6r information eller offertf\u00f6rfr\u00e5gningar! V\u00e5ra medarbetare svarar p\u00e5 dina fr\u00e5gor om v\u00e5ra tj\u00e4nster.<\/p>\n<a href=\"https:\/\/formar.shop\/sv\/kontakta-oss\/\" class=\"button primary box-shadow-1 lowercase expand\" style=\"border-radius:10px;\">\n\t\t<span>Kontakta oss!<\/span>\n\t<\/a>\n\n","protected":false},"excerpt":{"rendered":"<p>REGISTRERING Efter registreringen, som bara tar n\u00e5gra enkla steg, har den nya kunden en intern kontrollpanel d\u00e4r de kan ange sin leveransadress, s\u00e5 att systemet kan h\u00e5lla den memorerad f\u00f6r att p\u00e5skynda n\u00e4sta k\u00f6p, och hantera kundvagnen och produktj\u00e4mf\u00f6relsealternativet. V\u00e4lj den produkt, storlek och f\u00e4rg de vill ha, och efter att ha valt \u00f6nskad kvantitet, [&#8230;]\n","protected":false},"author":175,"featured_media":0,"parent":0,"menu_order":0,"comment_status":"closed","ping_status":"closed","template":"","meta":{"_joinchat":[],"footnotes":""},"class_list":["post-43567","page","type-page","status-publish","hentry"],"yoast_head":"<!-- This site is optimized with the Yoast SEO plugin v27.5 - https:\/\/yoast.com\/product\/yoast-seo-wordpress\/ -->\n<title>KOSTNADER OCH LEVERANSMETODER - Formar.shop<\/title>\n<meta name=\"robots\" content=\"index, follow, max-snippet:-1, max-image-preview:large, max-video-preview:-1\" \/>\n<link rel=\"canonical\" href=\"https:\/\/formar.shop\/sv\/kostnader-och-leveransmetoder\/\" \/>\n<script type=\"application\/ld+json\" class=\"yoast-schema-graph\">{\"@context\":\"https:\\\/\\\/schema.org\",\"@graph\":[{\"@type\":\"WebPage\",\"@id\":\"https:\\\/\\\/formar.shop\\\/sv\\\/kostnader-och-leveransmetoder\\\/\",\"url\":\"https:\\\/\\\/formar.shop\\\/sv\\\/kostnader-och-leveransmetoder\\\/\",\"name\":\"KOSTNADER OCH LEVERANSMETODER - Formar.shop\",\"isPartOf\":{\"@id\":\"https:\\\/\\\/formar.shop\\\/sv\\\/#website\"},\"primaryImageOfPage\":{\"@id\":\"https:\\\/\\\/formar.shop\\\/sv\\\/kostnader-och-leveransmetoder\\\/#primaryimage\"},\"image\":{\"@id\":\"https:\\\/\\\/formar.shop\\\/sv\\\/kostnader-och-leveransmetoder\\\/#primaryimage\"},\"thumbnailUrl\":\"https:\\\/\\\/formar.shop\\\/wp-content\\\/uploads\\\/2022\\\/05\\\/brt.jpg\",\"datePublished\":\"2025-01-18T20:19:20+00:00\",\"dateModified\":\"2025-01-18T20:19:24+00:00\",\"breadcrumb\":{\"@id\":\"https:\\\/\\\/formar.shop\\\/sv\\\/kostnader-och-leveransmetoder\\\/#breadcrumb\"},\"inLanguage\":\"sv-SE\",\"potentialAction\":[{\"@type\":\"ReadAction\",\"target\":[\"https:\\\/\\\/formar.shop\\\/sv\\\/kostnader-och-leveransmetoder\\\/\"]}]},{\"@type\":\"ImageObject\",\"inLanguage\":\"sv-SE\",\"@id\":\"https:\\\/\\\/formar.shop\\\/sv\\\/kostnader-och-leveransmetoder\\\/#primaryimage\",\"url\":\"https:\\\/\\\/formar.shop\\\/wp-content\\\/uploads\\\/2022\\\/05\\\/brt.jpg\",\"contentUrl\":\"https:\\\/\\\/formar.shop\\\/wp-content\\\/uploads\\\/2022\\\/05\\\/brt.jpg\"},{\"@type\":\"BreadcrumbList\",\"@id\":\"https:\\\/\\\/formar.shop\\\/sv\\\/kostnader-och-leveransmetoder\\\/#breadcrumb\",\"itemListElement\":[{\"@type\":\"ListItem\",\"position\":1,\"name\":\"Home\",\"item\":\"https:\\\/\\\/formar.shop\\\/sv\\\/auto-draft\\\/\"},{\"@type\":\"ListItem\",\"position\":2,\"name\":\"KOSTNADER OCH LEVERANSMETODER\"}]},{\"@type\":\"WebSite\",\"@id\":\"https:\\\/\\\/formar.shop\\\/sv\\\/#website\",\"url\":\"https:\\\/\\\/formar.shop\\\/sv\\\/\",\"name\":\"Formar.shop\",\"description\":\"Soluzioni espresse con stile\",\"potentialAction\":[{\"@type\":\"SearchAction\",\"target\":{\"@type\":\"EntryPoint\",\"urlTemplate\":\"https:\\\/\\\/formar.shop\\\/sv\\\/?s={search_term_string}\"},\"query-input\":{\"@type\":\"PropertyValueSpecification\",\"valueRequired\":true,\"valueName\":\"search_term_string\"}}],\"inLanguage\":\"sv-SE\"}]}<\/script>\n<!-- \/ Yoast SEO plugin. -->","yoast_head_json":{"title":"KOSTNADER OCH LEVERANSMETODER - Formar.shop","robots":{"index":"index","follow":"follow","max-snippet":"max-snippet:-1","max-image-preview":"max-image-preview:large","max-video-preview":"max-video-preview:-1"},"canonical":"https:\/\/formar.shop\/sv\/kostnader-och-leveransmetoder\/","schema":{"@context":"https:\/\/schema.org","@graph":[{"@type":"WebPage","@id":"https:\/\/formar.shop\/sv\/kostnader-och-leveransmetoder\/","url":"https:\/\/formar.shop\/sv\/kostnader-och-leveransmetoder\/","name":"KOSTNADER OCH LEVERANSMETODER - Formar.shop","isPartOf":{"@id":"https:\/\/formar.shop\/sv\/#website"},"primaryImageOfPage":{"@id":"https:\/\/formar.shop\/sv\/kostnader-och-leveransmetoder\/#primaryimage"},"image":{"@id":"https:\/\/formar.shop\/sv\/kostnader-och-leveransmetoder\/#primaryimage"},"thumbnailUrl":"https:\/\/formar.shop\/wp-content\/uploads\/2022\/05\/brt.jpg","datePublished":"2025-01-18T20:19:20+00:00","dateModified":"2025-01-18T20:19:24+00:00","breadcrumb":{"@id":"https:\/\/formar.shop\/sv\/kostnader-och-leveransmetoder\/#breadcrumb"},"inLanguage":"sv-SE","potentialAction":[{"@type":"ReadAction","target":["https:\/\/formar.shop\/sv\/kostnader-och-leveransmetoder\/"]}]},{"@type":"ImageObject","inLanguage":"sv-SE","@id":"https:\/\/formar.shop\/sv\/kostnader-och-leveransmetoder\/#primaryimage","url":"https:\/\/formar.shop\/wp-content\/uploads\/2022\/05\/brt.jpg","contentUrl":"https:\/\/formar.shop\/wp-content\/uploads\/2022\/05\/brt.jpg"},{"@type":"BreadcrumbList","@id":"https:\/\/formar.shop\/sv\/kostnader-och-leveransmetoder\/#breadcrumb","itemListElement":[{"@type":"ListItem","position":1,"name":"Home","item":"https:\/\/formar.shop\/sv\/auto-draft\/"},{"@type":"ListItem","position":2,"name":"KOSTNADER OCH LEVERANSMETODER"}]},{"@type":"WebSite","@id":"https:\/\/formar.shop\/sv\/#website","url":"https:\/\/formar.shop\/sv\/","name":"Formar.shop","description":"Soluzioni espresse con stile","potentialAction":[{"@type":"SearchAction","target":{"@type":"EntryPoint","urlTemplate":"https:\/\/formar.shop\/sv\/?s={search_term_string}"},"query-input":{"@type":"PropertyValueSpecification","valueRequired":true,"valueName":"search_term_string"}}],"inLanguage":"sv-SE"}]}},"_links":{"self":[{"href":"https:\/\/formar.shop\/sv\/wp-json\/wp\/v2\/pages\/43567","targetHints":{"allow":["GET"]}}],"collection":[{"href":"https:\/\/formar.shop\/sv\/wp-json\/wp\/v2\/pages"}],"about":[{"href":"https:\/\/formar.shop\/sv\/wp-json\/wp\/v2\/types\/page"}],"author":[{"embeddable":true,"href":"https:\/\/formar.shop\/sv\/wp-json\/wp\/v2\/users\/175"}],"replies":[{"embeddable":true,"href":"https:\/\/formar.shop\/sv\/wp-json\/wp\/v2\/comments?post=43567"}],"version-history":[{"count":6,"href":"https:\/\/formar.shop\/sv\/wp-json\/wp\/v2\/pages\/43567\/revisions"}],"predecessor-version":[{"id":43584,"href":"https:\/\/formar.shop\/sv\/wp-json\/wp\/v2\/pages\/43567\/revisions\/43584"}],"wp:attachment":[{"href":"https:\/\/formar.shop\/sv\/wp-json\/wp\/v2\/media?parent=43567"}],"curies":[{"name":"wp","href":"https:\/\/api.w.org\/{rel}","templated":true}]}}