{"id":43119,"date":"2025-01-18T21:16:38","date_gmt":"2025-01-18T20:16:38","guid":{"rendered":"https:\/\/formar.shop\/vagn\/"},"modified":"2025-01-18T21:16:39","modified_gmt":"2025-01-18T20:16:39","slug":"vagn","status":"publish","type":"page","link":"https:\/\/formar.shop\/sv\/vagn\/","title":{"rendered":"Vagn"},"content":{"rendered":"\n<div data-block-name=\"woocommerce\/cart\" class=\"wp-block-woocommerce-cart alignwide is-loading\">\n<div data-block-name=\"woocommerce\/filled-cart-block\" class=\"wp-block-woocommerce-filled-cart-block\">\n<div data-block-name=\"woocommerce\/cart-items-block\" class=\"wp-block-woocommerce-cart-items-block\">\n<div data-block-name=\"woocommerce\/cart-line-items-block\" class=\"wp-block-woocommerce-cart-line-items-block\"><\/div>\n\n\n\n<div data-block-name=\"woocommerce\/cart-cross-sells-block\" class=\"wp-block-woocommerce-cart-cross-sells-block\">\n<h2 class=\"wp-block-heading has-large-font-size\">Du kanske ocks\u00e5 \u00e4r intresserad av&#8230;<\/h2>\n\n\n\n<div data-block-name=\"woocommerce\/cart-cross-sells-products-block\" class=\"wp-block-woocommerce-cart-cross-sells-products-block\"><\/div>\n<\/div>\n<\/div>\n\n\n\n<div data-block-name=\"woocommerce\/cart-totals-block\" class=\"wp-block-woocommerce-cart-totals-block\">\n<div data-block-name=\"woocommerce\/cart-order-summary-block\" class=\"wp-block-woocommerce-cart-order-summary-block\">\n<div data-block-name=\"woocommerce\/cart-order-summary-heading-block\" data-content=\"Vagn totalt\" class=\"wp-block-woocommerce-cart-order-summary-heading-block\"><\/div>\n\n\n\n<div data-block-name=\"woocommerce\/cart-order-summary-coupon-form-block\" class=\"wp-block-woocommerce-cart-order-summary-coupon-form-block\"><\/div>\n\n\n\n<div data-block-name=\"woocommerce\/cart-order-summary-totals-block\" class=\"wp-block-woocommerce-cart-order-summary-totals-block\">\n<div data-block-name=\"woocommerce\/cart-order-summary-subtotal-block\" class=\"wp-block-woocommerce-cart-order-summary-subtotal-block\"><\/div>\n\n\n\n<div data-block-name=\"woocommerce\/cart-order-summary-fee-block\" class=\"wp-block-woocommerce-cart-order-summary-fee-block\"><\/div>\n\n\n\n<div data-block-name=\"woocommerce\/cart-order-summary-discount-block\" class=\"wp-block-woocommerce-cart-order-summary-discount-block\"><\/div>\n\n\n\n<div data-block-name=\"woocommerce\/cart-order-summary-shipping-block\" class=\"wp-block-woocommerce-cart-order-summary-shipping-block\"><\/div>\n\n\n\n<div data-block-name=\"woocommerce\/cart-order-summary-taxes-block\" class=\"wp-block-woocommerce-cart-order-summary-taxes-block\"><\/div>\n<\/div>\n<\/div>\n\n\n<div data-lock=\"{&quot;remove&quot;:true}\" data-ppcp-id=\"ppcp-34c4c46e-3a45-4e95-ab67-5b553bd991dd\" data-block-name=\"woocommerce-paypal-payments\/cart-paylater-messages\" data-pp-placement=\"cart\" data-pp-style-layout=\"text\" data-pp-style-logo-position=\"left\" data-pp-style-logo-type=\"inline\" data-pp-style-text-color=\"black\" data-pp-style-text-size=\"12\" id=\"ppcp-34c4c46e-3a45-4e95-ab67-5b553bd991dd\" class=\"ppcp-messages\" data-partner-attribution-id=\"Woo_PPCP\"><\/div>\n\n\n<div data-block-name=\"woocommerce\/cart-express-payment-block\" class=\"wp-block-woocommerce-cart-express-payment-block\"><\/div>\n\n\n\n<div data-block-name=\"woocommerce\/proceed-to-checkout-block\" class=\"wp-block-woocommerce-proceed-to-checkout-block\"><\/div>\n\n\n\n<div data-block-name=\"woocommerce\/cart-accepted-payment-methods-block\" class=\"wp-block-woocommerce-cart-accepted-payment-methods-block\"><\/div>\n<\/div>\n<\/div>\n\n\n\n<div data-block-name=\"woocommerce\/empty-cart-block\" class=\"wp-block-woocommerce-empty-cart-block\">\n<h2 class=\"wp-block-heading has-text-align-center with-empty-cart-icon wc-block-cart__empty-cart__title\">Din kundvagn \u00e4r f\u00f6r n\u00e4rvarande tom!<\/h2>\n\n\n\n<p class=\"has-text-align-center\"><a href=\"https:\/\/formar.shop\/shop\/\">Bl\u00e4ddra i butiken<\/a><\/p>\n\n\n\n<hr class=\"wp-block-separator has-alpha-channel-opacity is-style-dots\"\/>\n\n\n\n<h2 class=\"wp-block-heading has-text-align-center\">Ny i butiken<\/h2>\n\n\n<div data-block-name=\"woocommerce\/product-new\" data-columns=\"4\" data-rows=\"1\" class=\"wc-block-grid wp-block-product-new wp-block-woocommerce-product-new wc-block-product-new has-4-columns\"><ul class=\"wc-block-grid__products\"><li class=\"wc-block-grid__product\"><span class=\"gtm4wp_productdata\" style=\"display:none; visibility:hidden;\" data-gtm4wp_product_data=\"{&quot;internal_id&quot;:44967,&quot;item_id&quot;:44967,&quot;item_name&quot;:&quot;F\\u00f6rvaringshylla - Cellv\\u00e4gg&quot;,&quot;sku&quot;:&quot;8056149750391&quot;,&quot;price&quot;:49.18,&quot;stocklevel&quot;:78,&quot;stockstatus&quot;:&quot;instock&quot;,&quot;google_business_vertical&quot;:&quot;retail&quot;,&quot;item_category&quot;:&quot;Hyllor och beh\\u00e5llare&quot;,&quot;id&quot;:44967,&quot;productlink&quot;:&quot;https:\\\/\\\/formar.shop\\\/sv\\\/prodotto\\\/forvaringshylla-cellvagg\\\/&quot;,&quot;item_list_name&quot;:&quot;General Product List&quot;,&quot;index&quot;:0,&quot;product_type&quot;:&quot;simple&quot;,&quot;item_brand&quot;:&quot;&quot;}\"><\/span>\n\t\t\t\t<a href=\"https:\/\/formar.shop\/sv\/prodotto\/forvaringshylla-cellvagg\/\" class=\"wc-block-grid__product-link\">\n\t\t\t\t\t\n\t\t\t\t\t<div class=\"wc-block-grid__product-image\"><img loading=\"lazy\" decoding=\"async\" width=\"247\" height=\"185\" src=\"https:\/\/static.formar.net\/wp-content\/uploads\/2020\/12\/19150623\/campus.png\" class=\"attachment-woocommerce_thumbnail size-woocommerce_thumbnail\" alt=\"F\u00f6rvaringshylla - Cellv\u00e4gg\" \/><\/div>\n\t\t\t\t\t<div class=\"wc-block-grid__product-title\">F\u00f6rvaringshylla &#8211; Cellv\u00e4gg<\/div>\n\t\t\t\t<\/a>\n\t\t\t\t<div class=\"wc-block-grid__product-price price\"><span class=\"woocommerce-Price-amount amount\">49,18<span class=\"woocommerce-Price-currencySymbol\">&euro;<\/span><\/span> <small class=\"woocommerce-price-suffix\">(<span class=\"woocommerce-Price-amount amount\">49,18<span class=\"woocommerce-Price-currencySymbol\">&euro;<\/span><\/span> +iva)<\/small><\/div>\n\t\t\t\t\n\t\t\t\t<div class=\"wp-block-button wc-block-grid__product-add-to-cart\"><a href=\"\/sv\/wp-json\/wp\/v2\/pages\/43119?add-to-cart=44967\" aria-label=\"L\u00e4gg till i varukorgen: \u201dF\u00f6rvaringshylla - Cellv\u00e4gg\u201d\" data-quantity=\"1\" data-product_id=\"44967\" data-product_sku=\"8056149750391\" data-price=\"49.18\" rel=\"nofollow\" class=\"wp-block-button__link  add_to_cart_button ajax_add_to_cart\">L\u00e4gg till i varukorg<\/a><\/div>\n\t\t\t<\/li><li class=\"wc-block-grid__product\"><span class=\"gtm4wp_productdata\" style=\"display:none; visibility:hidden;\" data-gtm4wp_product_data=\"{&quot;internal_id&quot;:44845,&quot;item_id&quot;:44845,&quot;item_name&quot;:&quot;Planteringsk\\u00e4rl - Tr\\u00e4d 03&quot;,&quot;sku&quot;:44845,&quot;price&quot;:49.18,&quot;stocklevel&quot;:null,&quot;stockstatus&quot;:&quot;instock&quot;,&quot;google_business_vertical&quot;:&quot;retail&quot;,&quot;item_category&quot;:&quot;Planteringsk\\u00e4rl&quot;,&quot;id&quot;:44845,&quot;productlink&quot;:&quot;https:\\\/\\\/formar.shop\\\/sv\\\/prodotto\\\/planteringskarl-trad-03\\\/&quot;,&quot;item_list_name&quot;:&quot;General Product List&quot;,&quot;index&quot;:0,&quot;product_type&quot;:&quot;variable&quot;,&quot;item_brand&quot;:&quot;&quot;}\"><\/span>\n\t\t\t\t<a href=\"https:\/\/formar.shop\/sv\/prodotto\/planteringskarl-trad-03\/\" class=\"wc-block-grid__product-link\">\n\t\t\t\t\t\n\t\t\t\t\t<div class=\"wc-block-grid__product-image\"><img loading=\"lazy\" decoding=\"async\" width=\"247\" height=\"247\" src=\"https:\/\/static.formar.net\/wp-content\/uploads\/2020\/12\/22160928\/Immagini-di-prodotto-x-Amazon-01-1.png\" class=\"attachment-woocommerce_thumbnail size-woocommerce_thumbnail\" alt=\"Planteringsk\u00e4rl - Tr\u00e4d 03\" \/><\/div>\n\t\t\t\t\t<div class=\"wc-block-grid__product-title\">Planteringsk\u00e4rl &#8211; Tr\u00e4d 03<\/div>\n\t\t\t\t<\/a>\n\t\t\t\t<div class=\"wc-block-grid__product-price price\">A partire da <span class=\"woocommerce-Price-amount amount\">59,84<span class=\"woocommerce-Price-currencySymbol\">&euro;<\/span><\/span><\/div>\n\t\t\t\t\n\t\t\t\t<div class=\"wp-block-button wc-block-grid__product-add-to-cart\"><a href=\"https:\/\/formar.shop\/sv\/prodotto\/planteringskarl-trad-03\/\" aria-label=\"V\u00e4lj alternativ f\u00f6r \u201dPlanteringsk\u00e4rl - Tr\u00e4d 03\u201d\" data-quantity=\"1\" data-product_id=\"44845\" data-product_sku=\"\" data-price=\"49.18\" rel=\"nofollow\" class=\"wp-block-button__link  add_to_cart_button\">V\u00e4lj alternativ<\/a><\/div>\n\t\t\t<\/li><li class=\"wc-block-grid__product\"><span class=\"gtm4wp_productdata\" style=\"display:none; visibility:hidden;\" data-gtm4wp_product_data=\"{&quot;internal_id&quot;:44804,&quot;item_id&quot;:44804,&quot;item_name&quot;:&quot;V\\u00e4ggbeh\\u00e5llare - H\\u00e4ngande&quot;,&quot;sku&quot;:44804,&quot;price&quot;:19.67,&quot;stocklevel&quot;:31,&quot;stockstatus&quot;:&quot;instock&quot;,&quot;google_business_vertical&quot;:&quot;retail&quot;,&quot;item_category&quot;:&quot;Hyllor och beh\\u00e5llare&quot;,&quot;id&quot;:44804,&quot;productlink&quot;:&quot;https:\\\/\\\/formar.shop\\\/sv\\\/prodotto\\\/vaggbehallare-hangande\\\/&quot;,&quot;item_list_name&quot;:&quot;General Product List&quot;,&quot;index&quot;:0,&quot;product_type&quot;:&quot;variable&quot;,&quot;item_brand&quot;:&quot;&quot;}\"><\/span>\n\t\t\t\t<a href=\"https:\/\/formar.shop\/sv\/prodotto\/vaggbehallare-hangande\/\" class=\"wc-block-grid__product-link\">\n\t\t\t\t\t\n\t\t\t\t\t<div class=\"wc-block-grid__product-image\"><img loading=\"lazy\" decoding=\"async\" width=\"247\" height=\"247\" src=\"https:\/\/static.formar.net\/wp-content\/uploads\/2020\/12\/22153635\/Immagini-di-prodotto-x-Amazon-36.png\" class=\"attachment-woocommerce_thumbnail size-woocommerce_thumbnail\" alt=\"V\u00e4ggbeh\u00e5llare - H\u00e4ngande\" \/><\/div>\n\t\t\t\t\t<div class=\"wc-block-grid__product-title\">V\u00e4ggbeh\u00e5llare &#8211; H\u00e4ngande<\/div>\n\t\t\t\t<\/a>\n\t\t\t\t<div class=\"wc-block-grid__product-price price\">A partire da <span class=\"woocommerce-Price-amount amount\">27,87<span class=\"woocommerce-Price-currencySymbol\">&euro;<\/span><\/span><\/div>\n\t\t\t\t\n\t\t\t\t<div class=\"wp-block-button wc-block-grid__product-add-to-cart\"><a href=\"https:\/\/formar.shop\/sv\/prodotto\/vaggbehallare-hangande\/\" aria-label=\"V\u00e4lj alternativ f\u00f6r \u201dV\u00e4ggbeh\u00e5llare - H\u00e4ngande\u201d\" data-quantity=\"1\" data-product_id=\"44804\" data-product_sku=\"\" data-price=\"19.67\" rel=\"nofollow\" class=\"wp-block-button__link  add_to_cart_button\">V\u00e4lj alternativ<\/a><\/div>\n\t\t\t<\/li><li class=\"wc-block-grid__product\"><span class=\"gtm4wp_productdata\" style=\"display:none; visibility:hidden;\" data-gtm4wp_product_data=\"{&quot;internal_id&quot;:44773,&quot;item_id&quot;:44773,&quot;item_name&quot;:&quot;Stol - Bud Stol 09&quot;,&quot;sku&quot;:44773,&quot;price&quot;:71.31,&quot;stocklevel&quot;:10,&quot;stockstatus&quot;:&quot;instock&quot;,&quot;google_business_vertical&quot;:&quot;retail&quot;,&quot;item_category&quot;:&quot;S\\u00e4ten&quot;,&quot;id&quot;:44773,&quot;productlink&quot;:&quot;https:\\\/\\\/formar.shop\\\/sv\\\/prodotto\\\/stol-bud-stol-09\\\/&quot;,&quot;item_list_name&quot;:&quot;General Product List&quot;,&quot;index&quot;:0,&quot;product_type&quot;:&quot;variable&quot;,&quot;item_brand&quot;:&quot;&quot;}\"><\/span>\n\t\t\t\t<a href=\"https:\/\/formar.shop\/sv\/prodotto\/stol-bud-stol-09\/\" class=\"wc-block-grid__product-link\">\n\t\t\t\t\t\n\t\t\t\t\t<div class=\"wc-block-grid__product-image\"><img loading=\"lazy\" decoding=\"async\" width=\"247\" height=\"247\" src=\"https:\/\/static.formar.net\/wp-content\/uploads\/2020\/12\/22164335\/Immagini-di-prodotto-x-Amazon-26.png\" class=\"attachment-woocommerce_thumbnail size-woocommerce_thumbnail\" alt=\"Stol - Bud Stol 09\" \/><\/div>\n\t\t\t\t\t<div class=\"wc-block-grid__product-title\">Stol &#8211; Bud Stol 09<\/div>\n\t\t\t\t<\/a>\n\t\t\t\t<div class=\"wc-block-grid__product-price price\">A partire da <span class=\"woocommerce-Price-amount amount\">71,31<span class=\"woocommerce-Price-currencySymbol\">&euro;<\/span><\/span><\/div>\n\t\t\t\t\n\t\t\t\t<div class=\"wp-block-button wc-block-grid__product-add-to-cart\"><a href=\"https:\/\/formar.shop\/sv\/prodotto\/stol-bud-stol-09\/\" aria-label=\"V\u00e4lj alternativ f\u00f6r \u201dStol - Bud Stol 09\u201d\" data-quantity=\"1\" data-product_id=\"44773\" data-product_sku=\"\" data-price=\"71.31\" rel=\"nofollow\" class=\"wp-block-button__link  add_to_cart_button\">V\u00e4lj alternativ<\/a><\/div>\n\t\t\t<\/li><\/ul><\/div><\/div>\n<\/div>\n","protected":false},"excerpt":{"rendered":"","protected":false},"author":1,"featured_media":0,"parent":0,"menu_order":0,"comment_status":"closed","ping_status":"closed","template":"","meta":{"_joinchat":[],"footnotes":""},"class_list":["post-43119","page","type-page","status-publish","hentry"],"yoast_head":"<!-- This site is optimized with the Yoast SEO plugin v27.3 - https:\/\/yoast.com\/product\/yoast-seo-wordpress\/ -->\n<title>Vagn - Formar.shop<\/title>\n<meta name=\"robots\" content=\"index, follow, max-snippet:-1, max-image-preview:large, max-video-preview:-1\" \/>\n<link rel=\"canonical\" href=\"https:\/\/formar.shop\/sv\/vagn\/\" \/>\n<script type=\"application\/ld+json\" class=\"yoast-schema-graph\">{\"@context\":\"https:\\\/\\\/schema.org\",\"@graph\":[{\"@type\":\"WebPage\",\"@id\":\"https:\\\/\\\/formar.shop\\\/sv\\\/vagn\\\/\",\"url\":\"https:\\\/\\\/formar.shop\\\/sv\\\/vagn\\\/\",\"name\":\"Vagn - Formar.shop\",\"isPartOf\":{\"@id\":\"https:\\\/\\\/formar.shop\\\/sv\\\/#website\"},\"datePublished\":\"2025-01-18T20:16:38+00:00\",\"dateModified\":\"2025-01-18T20:16:39+00:00\",\"breadcrumb\":{\"@id\":\"https:\\\/\\\/formar.shop\\\/sv\\\/vagn\\\/#breadcrumb\"},\"inLanguage\":\"sv-SE\",\"potentialAction\":[{\"@type\":\"ReadAction\",\"target\":[\"https:\\\/\\\/formar.shop\\\/sv\\\/vagn\\\/\"]}]},{\"@type\":\"BreadcrumbList\",\"@id\":\"https:\\\/\\\/formar.shop\\\/sv\\\/vagn\\\/#breadcrumb\",\"itemListElement\":[{\"@type\":\"ListItem\",\"position\":1,\"name\":\"Home\",\"item\":\"https:\\\/\\\/formar.shop\\\/sv\\\/auto-draft\\\/\"},{\"@type\":\"ListItem\",\"position\":2,\"name\":\"Vagn\"}]},{\"@type\":\"WebSite\",\"@id\":\"https:\\\/\\\/formar.shop\\\/sv\\\/#website\",\"url\":\"https:\\\/\\\/formar.shop\\\/sv\\\/\",\"name\":\"Formar.shop\",\"description\":\"Soluzioni espresse con stile\",\"potentialAction\":[{\"@type\":\"SearchAction\",\"target\":{\"@type\":\"EntryPoint\",\"urlTemplate\":\"https:\\\/\\\/formar.shop\\\/sv\\\/?s={search_term_string}\"},\"query-input\":{\"@type\":\"PropertyValueSpecification\",\"valueRequired\":true,\"valueName\":\"search_term_string\"}}],\"inLanguage\":\"sv-SE\"}]}<\/script>\n<!-- \/ Yoast SEO plugin. -->","yoast_head_json":{"title":"Vagn - Formar.shop","robots":{"index":"index","follow":"follow","max-snippet":"max-snippet:-1","max-image-preview":"max-image-preview:large","max-video-preview":"max-video-preview:-1"},"canonical":"https:\/\/formar.shop\/sv\/vagn\/","schema":{"@context":"https:\/\/schema.org","@graph":[{"@type":"WebPage","@id":"https:\/\/formar.shop\/sv\/vagn\/","url":"https:\/\/formar.shop\/sv\/vagn\/","name":"Vagn - Formar.shop","isPartOf":{"@id":"https:\/\/formar.shop\/sv\/#website"},"datePublished":"2025-01-18T20:16:38+00:00","dateModified":"2025-01-18T20:16:39+00:00","breadcrumb":{"@id":"https:\/\/formar.shop\/sv\/vagn\/#breadcrumb"},"inLanguage":"sv-SE","potentialAction":[{"@type":"ReadAction","target":["https:\/\/formar.shop\/sv\/vagn\/"]}]},{"@type":"BreadcrumbList","@id":"https:\/\/formar.shop\/sv\/vagn\/#breadcrumb","itemListElement":[{"@type":"ListItem","position":1,"name":"Home","item":"https:\/\/formar.shop\/sv\/auto-draft\/"},{"@type":"ListItem","position":2,"name":"Vagn"}]},{"@type":"WebSite","@id":"https:\/\/formar.shop\/sv\/#website","url":"https:\/\/formar.shop\/sv\/","name":"Formar.shop","description":"Soluzioni espresse con stile","potentialAction":[{"@type":"SearchAction","target":{"@type":"EntryPoint","urlTemplate":"https:\/\/formar.shop\/sv\/?s={search_term_string}"},"query-input":{"@type":"PropertyValueSpecification","valueRequired":true,"valueName":"search_term_string"}}],"inLanguage":"sv-SE"}]}},"_links":{"self":[{"href":"https:\/\/formar.shop\/sv\/wp-json\/wp\/v2\/pages\/43119","targetHints":{"allow":["GET"]}}],"collection":[{"href":"https:\/\/formar.shop\/sv\/wp-json\/wp\/v2\/pages"}],"about":[{"href":"https:\/\/formar.shop\/sv\/wp-json\/wp\/v2\/types\/page"}],"author":[{"embeddable":true,"href":"https:\/\/formar.shop\/sv\/wp-json\/wp\/v2\/users\/1"}],"replies":[{"embeddable":true,"href":"https:\/\/formar.shop\/sv\/wp-json\/wp\/v2\/comments?post=43119"}],"version-history":[{"count":1,"href":"https:\/\/formar.shop\/sv\/wp-json\/wp\/v2\/pages\/43119\/revisions"}],"predecessor-version":[{"id":43121,"href":"https:\/\/formar.shop\/sv\/wp-json\/wp\/v2\/pages\/43119\/revisions\/43121"}],"wp:attachment":[{"href":"https:\/\/formar.shop\/sv\/wp-json\/wp\/v2\/media?parent=43119"}],"curies":[{"name":"wp","href":"https:\/\/api.w.org\/{rel}","templated":true}]}}