{"id":42373,"date":"2025-01-18T15:42:38","date_gmt":"2025-01-18T14:42:38","guid":{"rendered":"https:\/\/formar.shop\/themencode-pdf-lasare-do-not-delete\/"},"modified":"2025-01-18T15:42:38","modified_gmt":"2025-01-18T14:42:38","slug":"themencode-pdf-lasare-do-not-delete","status":"publish","type":"page","link":"https:\/\/formar.shop\/sv\/themencode-pdf-lasare-do-not-delete\/","title":{"rendered":"ThemeNcode PDF-l\u00e4sare  [Do not Delete]"},"content":{"rendered":"\nDen h\u00e4r sidan anv\u00e4nds f\u00f6r att visa PDF.\n","protected":false},"excerpt":{"rendered":"<p>Den h\u00e4r sidan anv\u00e4nds f\u00f6r att visa PDF.<\/p>\n","protected":false},"author":1,"featured_media":0,"parent":0,"menu_order":0,"comment_status":"closed","ping_status":"closed","template":"","meta":{"_joinchat":[],"footnotes":""},"class_list":["post-42373","page","type-page","status-publish","hentry"],"yoast_head":"<!-- This site is optimized with the Yoast SEO plugin v27.3 - https:\/\/yoast.com\/product\/yoast-seo-wordpress\/ -->\n<title>ThemeNcode PDF-l\u00e4sare [Do not Delete] - Formar.shop<\/title>\n<meta name=\"robots\" content=\"index, follow, max-snippet:-1, max-image-preview:large, max-video-preview:-1\" \/>\n<link rel=\"canonical\" href=\"https:\/\/formar.shop\/sv\/themencode-pdf-lasare-do-not-delete\/\" \/>\n<script type=\"application\/ld+json\" class=\"yoast-schema-graph\">{\"@context\":\"https:\\\/\\\/schema.org\",\"@graph\":[{\"@type\":\"WebPage\",\"@id\":\"https:\\\/\\\/formar.shop\\\/sv\\\/themencode-pdf-lasare-do-not-delete\\\/\",\"url\":\"https:\\\/\\\/formar.shop\\\/sv\\\/themencode-pdf-lasare-do-not-delete\\\/\",\"name\":\"ThemeNcode PDF-l\u00e4sare [Do not Delete] - Formar.shop\",\"isPartOf\":{\"@id\":\"https:\\\/\\\/formar.shop\\\/sv\\\/#website\"},\"datePublished\":\"2025-01-18T14:42:38+00:00\",\"breadcrumb\":{\"@id\":\"https:\\\/\\\/formar.shop\\\/sv\\\/themencode-pdf-lasare-do-not-delete\\\/#breadcrumb\"},\"inLanguage\":\"sv-SE\",\"potentialAction\":[{\"@type\":\"ReadAction\",\"target\":[\"https:\\\/\\\/formar.shop\\\/sv\\\/themencode-pdf-lasare-do-not-delete\\\/\"]}]},{\"@type\":\"BreadcrumbList\",\"@id\":\"https:\\\/\\\/formar.shop\\\/sv\\\/themencode-pdf-lasare-do-not-delete\\\/#breadcrumb\",\"itemListElement\":[{\"@type\":\"ListItem\",\"position\":1,\"name\":\"Home\",\"item\":\"https:\\\/\\\/formar.shop\\\/sv\\\/auto-draft\\\/\"},{\"@type\":\"ListItem\",\"position\":2,\"name\":\"ThemeNcode PDF-l\u00e4sare [Do not Delete]\"}]},{\"@type\":\"WebSite\",\"@id\":\"https:\\\/\\\/formar.shop\\\/sv\\\/#website\",\"url\":\"https:\\\/\\\/formar.shop\\\/sv\\\/\",\"name\":\"Formar.shop\",\"description\":\"Soluzioni espresse con stile\",\"potentialAction\":[{\"@type\":\"SearchAction\",\"target\":{\"@type\":\"EntryPoint\",\"urlTemplate\":\"https:\\\/\\\/formar.shop\\\/sv\\\/?s={search_term_string}\"},\"query-input\":{\"@type\":\"PropertyValueSpecification\",\"valueRequired\":true,\"valueName\":\"search_term_string\"}}],\"inLanguage\":\"sv-SE\"}]}<\/script>\n<!-- \/ Yoast SEO plugin. -->","yoast_head_json":{"title":"ThemeNcode PDF-l\u00e4sare [Do not Delete] - Formar.shop","robots":{"index":"index","follow":"follow","max-snippet":"max-snippet:-1","max-image-preview":"max-image-preview:large","max-video-preview":"max-video-preview:-1"},"canonical":"https:\/\/formar.shop\/sv\/themencode-pdf-lasare-do-not-delete\/","schema":{"@context":"https:\/\/schema.org","@graph":[{"@type":"WebPage","@id":"https:\/\/formar.shop\/sv\/themencode-pdf-lasare-do-not-delete\/","url":"https:\/\/formar.shop\/sv\/themencode-pdf-lasare-do-not-delete\/","name":"ThemeNcode PDF-l\u00e4sare [Do not Delete] - Formar.shop","isPartOf":{"@id":"https:\/\/formar.shop\/sv\/#website"},"datePublished":"2025-01-18T14:42:38+00:00","breadcrumb":{"@id":"https:\/\/formar.shop\/sv\/themencode-pdf-lasare-do-not-delete\/#breadcrumb"},"inLanguage":"sv-SE","potentialAction":[{"@type":"ReadAction","target":["https:\/\/formar.shop\/sv\/themencode-pdf-lasare-do-not-delete\/"]}]},{"@type":"BreadcrumbList","@id":"https:\/\/formar.shop\/sv\/themencode-pdf-lasare-do-not-delete\/#breadcrumb","itemListElement":[{"@type":"ListItem","position":1,"name":"Home","item":"https:\/\/formar.shop\/sv\/auto-draft\/"},{"@type":"ListItem","position":2,"name":"ThemeNcode PDF-l\u00e4sare [Do not Delete]"}]},{"@type":"WebSite","@id":"https:\/\/formar.shop\/sv\/#website","url":"https:\/\/formar.shop\/sv\/","name":"Formar.shop","description":"Soluzioni espresse con stile","potentialAction":[{"@type":"SearchAction","target":{"@type":"EntryPoint","urlTemplate":"https:\/\/formar.shop\/sv\/?s={search_term_string}"},"query-input":{"@type":"PropertyValueSpecification","valueRequired":true,"valueName":"search_term_string"}}],"inLanguage":"sv-SE"}]}},"_links":{"self":[{"href":"https:\/\/formar.shop\/sv\/wp-json\/wp\/v2\/pages\/42373","targetHints":{"allow":["GET"]}}],"collection":[{"href":"https:\/\/formar.shop\/sv\/wp-json\/wp\/v2\/pages"}],"about":[{"href":"https:\/\/formar.shop\/sv\/wp-json\/wp\/v2\/types\/page"}],"author":[{"embeddable":true,"href":"https:\/\/formar.shop\/sv\/wp-json\/wp\/v2\/users\/1"}],"replies":[{"embeddable":true,"href":"https:\/\/formar.shop\/sv\/wp-json\/wp\/v2\/comments?post=42373"}],"version-history":[{"count":1,"href":"https:\/\/formar.shop\/sv\/wp-json\/wp\/v2\/pages\/42373\/revisions"}],"predecessor-version":[{"id":42375,"href":"https:\/\/formar.shop\/sv\/wp-json\/wp\/v2\/pages\/42373\/revisions\/42375"}],"wp:attachment":[{"href":"https:\/\/formar.shop\/sv\/wp-json\/wp\/v2\/media?parent=42373"}],"curies":[{"name":"wp","href":"https:\/\/api.w.org\/{rel}","templated":true}]}}