{"id":42204,"date":"2025-01-18T15:41:36","date_gmt":"2025-01-18T14:41:36","guid":{"rendered":"https:\/\/formar.shop\/om-oss\/"},"modified":"2025-11-18T12:05:50","modified_gmt":"2025-11-18T11:05:50","slug":"om-oss","status":"publish","type":"page","link":"https:\/\/formar.shop\/sv\/om-oss\/","title":{"rendered":"Om oss"},"content":{"rendered":"\n<div class=\"row\"  id=\"row-1714895786\">\n\n\n\t<div id=\"col-56515348\" class=\"col medium-11 small-12 large-12\"  >\n\t\t\t\t<div class=\"col-inner text-center\"  >\n\t\t\t\n\t\t\t\n\n\t<div id=\"text-1482991092\" class=\"text\">\n\t\t\n\n<h3><span style=\"font-size: 140%;\"><strong>OM OSS<\/strong><\/span><\/h3>\n<p><strong data-start=\"181\" data-end=\"196\">Formar.shop<\/strong> \u00e4r den officiella e-handeln f\u00f6r <strong data-start=\"225\" data-end=\"248\">Formar Contract Srl<\/strong>, ett italienskt f\u00f6retag med s\u00e4te i Falconara Marittima (AN) som specialiserar sig p\u00e5 inredning f\u00f6r kontor, professionella studior, offentliga milj\u00f6er och kontraktsutrymmen. I \u00f6ver 20 \u00e5r har vi arbetat med passion och kompetens f\u00f6r att erbjuda funktionella, h\u00e5llbara inredningsl\u00f6sningar med modern design. <\/p>\n<div>\n<p data-start=\"539\" data-end=\"752\">V\u00e5r verksamhet v\u00e4xte fram ur erfarenhet inom kontraktssektorn, med m\u00e5let att \u00e4ven online leverera den kvalitet och tillf\u00f6rlitlighet som alltid har utm\u00e4rkt oss i arbetet med f\u00f6retag, offentliga och privata organisationer.<\/p>\n<hr data-start=\"754\" data-end=\"757\">\n<h2><strong>Vad som utm\u00e4rker oss<\/strong><\/h2>\n<p data-start=\"1250\" data-end=\"1366\"><strong data-start=\"1250\" data-end=\"1277\">Erfarenhet och kompetens<\/strong>: en l\u00e5ng historia inom kontraktssektorn som \u00f6vers\u00e4tts till tillf\u00f6rlitlighet och professionalism.<\/p>\n<p data-start=\"1369\" data-end=\"1507\"><strong data-start=\"1369\" data-end=\"1388\">Noggrant utvald katalog<\/strong>: vi v\u00e4ljer omsorgsfullt ut de b\u00e4sta produkterna f\u00f6r professionell inredning, med fokus p\u00e5 ergonomi, estetik och h\u00e5llbarhet.<\/p>\n<p data-start=\"1510\" data-end=\"1623\"><strong data-start=\"1510\" data-end=\"1539\">Personlig service<\/strong>: v\u00e5rt team finns alltid tillg\u00e4ngligt f\u00f6r r\u00e5d och support f\u00f6re och efter k\u00f6p.<\/p>\n<p data-start=\"1626\" data-end=\"1752\"><strong data-start=\"1626\" data-end=\"1643\">Multikanal<\/strong>: f\u00f6rutom webbplatsen formar.shop finns vi \u00e4ven p\u00e5 de viktigaste marknadsplatserna med samma kvalitet och seriositet.<\/p>\n<p data-start=\"560\" data-end=\"744\">Genom v\u00e5r onlinebutik erbjuder vi ett brett utbud av utvalda produkter, som kombinerar <strong data-start=\"665\" data-end=\"711\">teknisk erfarenhet, passion f\u00f6r design<\/strong> och <strong data-start=\"714\" data-end=\"743\">fokus p\u00e5 kvalitet<\/strong>.<\/p>\n<hr data-start=\"746\" data-end=\"749\">\n<h2 data-start=\"751\" data-end=\"771\">V\u00e5rt uppdrag<\/h2>\n<p data-start=\"813\" data-end=\"902\"><strong>Produkter av h\u00f6g kvalitet,<\/strong> b\u00e5de f\u00f6r professionell inredning och f\u00f6r bostadsutrymmen.<\/p>\n<p data-start=\"905\" data-end=\"1004\"><strong>Genomt\u00e4nkt och funktionell design,<\/strong> med ett urval inriktat p\u00e5 komfort, ergonomi och stil.<\/p>\n<p data-start=\"1007\" data-end=\"1101\"><strong>Intuitiv och s\u00e4ker k\u00f6pupplevelse,<\/strong> med snabb och kompetent kundservice.<\/p>\n<p data-start=\"1104\" data-end=\"1180\"><strong>Snabb och gratis leverans,<\/strong> f\u00f6r att effektivt tillgodose alla behov.<\/p>\n<hr data-start=\"1574\" data-end=\"1577\">\n<h2 data-start=\"1579\" data-end=\"1599\">V\u00e5ra produkter<\/h2>\n<p data-start=\"1601\" data-end=\"1630\"><strong data-start=\"1634\" data-end=\"1656\">Kontorsinredning<\/strong>: skrivbord, stolar, sk\u00e5p, byr\u00e5l\u00e5dor och m\u00f6testabeller.<\/p>\n<p data-start=\"1720\" data-end=\"1809\"><strong data-start=\"1720\" data-end=\"1771\">L\u00f6sningar f\u00f6r offentliga organisationer och kontraktsmilj\u00f6er<\/strong>: b\u00e4nkar, bokhyllor, arkivm\u00f6bler.<\/p>\n<p data-start=\"1812\" data-end=\"1951\"><strong data-start=\"1812\" data-end=\"1839\">Heminredning<\/strong>: stolar, tabeller, tillbeh\u00f6r, bokhyllor och utrymmesbesparande l\u00f6sningar, alltid med fokus p\u00e5 design och praktiskhet.<\/p>\n<hr data-start=\"1953\" data-end=\"1956\">\n<h2 data-start=\"1958\" data-end=\"1977\">V\u00e5ra kunder<\/h2>\n<p data-start=\"2005\" data-end=\"2031\">F\u00f6retag och professionella<\/p>\n<p data-start=\"2034\" data-end=\"2067\">Offentliga organisationer och f\u00f6rvaltningar<\/p>\n<p data-start=\"2070\" data-end=\"2145\">Privatpersoner som s\u00f6ker moderna och funktionella inredningsl\u00f6sningar f\u00f6r hemmet<\/p>\n<hr data-start=\"2147\" data-end=\"2150\">\n<h2 data-start=\"2335\" data-end=\"2349\">Slutsats<\/h2>\n<p data-start=\"2351\" data-end=\"2671\">I en v\u00e4rld som f\u00f6r\u00e4ndras snabbt tror vi att kvalitet och tillf\u00f6rlitlighet \u00e4r grundl\u00e4ggande v\u00e4rden. Med <strong data-start=\"2462\" data-end=\"2477\">Formar.shop<\/strong> erbjuder vi inte bara m\u00f6bler, utan verkliga <strong data-start=\"2523\" data-end=\"2564\">l\u00f6sningar f\u00f6r v\u00e4lbefinnande och funktionalitet<\/strong> f\u00f6r din vardag, oavsett om du planerar ett nytt kontor eller g\u00f6r ditt hem mer v\u00e4lkomnande. <\/p>\n<p data-start=\"2673\" data-end=\"2821\">Att v\u00e4lja Formar.shop inneb\u00e4r att f\u00f6rlita sig p\u00e5 en solid, transparent och passionerad partner som alltid s\u00e4tter m\u00e4nniskor och deras behov i centrum.<\/p>\n<p data-start=\"2823\" data-end=\"2873\"><strong data-start=\"2823\" data-end=\"2873\">Formar.shop \u2013 D\u00e4r ditt utrymme tar form.<\/strong><\/p>\n<p> <\/p>\n<\/div>\n\t\t\n<style>\n#text-1482991092 {\n  text-align: left;\n}\n<\/style>\n\t<\/div>\n\t\n\n\t\t<\/div>\n\t\t\t\t\n<style>\n#col-56515348 > .col-inner {\n  padding: 0px 0px 0px 0;\n}\n@media (min-width:550px) {\n  #col-56515348 > .col-inner {\n    padding: 0px 0px 0px 0px;\n  }\n}\n<\/style>\n\t<\/div>\n\n\t\n\n\t<div id=\"col-7982601\" class=\"col medium-12 small-12 large-12\"  >\n\t\t\t\t<div class=\"col-inner\"  >\n\t\t\t\n\t\t\t\n\n\n  <div class=\"banner has-hover\" id=\"banner-1137847937\">\n          <div class=\"banner-inner fill\">\n        <div class=\"banner-bg fill\" >\n            <img loading=\"lazy\" decoding=\"async\" width=\"1600\" height=\"1200\" src=\"https:\/\/static.formar.net\/wp-content\/uploads\/sites\/1\/2024\/07\/02110352\/Universal-Color-Mobile-420_AMBENTATA_4.jpg\" class=\"bg attachment-original size-original\" alt=\"\" \/>                                    \n                    <\/div>\n\t\t\n        <div class=\"banner-layers container\">\n            <div class=\"fill banner-link\"><\/div>            \n\n   <div id=\"text-box-1044589797\" class=\"text-box banner-layer x50 md-x50 lg-x50 y50 md-y50 lg-y50 res-text\">\n                                <div class=\"text-box-content text dark\">\n              \n              <div class=\"text-inner text-center\">\n                  \n\n\n              <\/div>\n           <\/div>\n                            \n<style>\n#text-box-1044589797 {\n  width: 60%;\n}\n#text-box-1044589797 .text-box-content {\n  font-size: 100%;\n}\n@media (min-width:550px) {\n  #text-box-1044589797 {\n    width: 60%;\n  }\n}\n<\/style>\n    <\/div>\n \n\n        <\/div>\n      <\/div>\n\n            \n<style>\n#banner-1137847937 {\n  padding-top: 300px;\n  background-color: rgb(255, 255, 255);\n}\n#banner-1137847937 .banner-bg img {\n  object-position: 52% 77%;\n}\n@media (min-width:550px) {\n  #banner-1137847937 {\n    padding-top: 500px;\n  }\n}\n@media (min-width:850px) {\n  #banner-1137847937 {\n    padding-top: 570px;\n  }\n}\n<\/style>\n  <\/div>\n\n\n\n\t\t<\/div>\n\t\t\t\t\n<style>\n#col-7982601 > .col-inner {\n  margin: -100px 0px 0px 0px;\n}\n@media (min-width:550px) {\n  #col-7982601 > .col-inner {\n    margin: -150px 0px 0px 0px;\n  }\n}\n@media (min-width:850px) {\n  #col-7982601 > .col-inner {\n    margin: 0px 0px 0px 0px;\n  }\n}\n<\/style>\n\t<\/div>\n\n\t\n\n<\/div>\n<div class=\"is-divider divider clearfix\" style=\"max-width:1000px;\"><\/div>\n\n\n","protected":false},"excerpt":{"rendered":"","protected":false},"author":5,"featured_media":0,"parent":0,"menu_order":0,"comment_status":"closed","ping_status":"closed","template":"","meta":{"_joinchat":[],"footnotes":""},"class_list":["post-42204","page","type-page","status-publish","hentry"],"yoast_head":"<!-- This site is optimized with the Yoast SEO plugin v27.4 - https:\/\/yoast.com\/product\/yoast-seo-wordpress\/ -->\n<title>Om oss - Formar.shop<\/title>\n<meta name=\"robots\" content=\"index, follow, max-snippet:-1, max-image-preview:large, max-video-preview:-1\" \/>\n<link rel=\"canonical\" href=\"https:\/\/formar.shop\/sv\/om-oss\/\" \/>\n<script type=\"application\/ld+json\" class=\"yoast-schema-graph\">{\"@context\":\"https:\\\/\\\/schema.org\",\"@graph\":[{\"@type\":\"WebPage\",\"@id\":\"https:\\\/\\\/formar.shop\\\/sv\\\/om-oss\\\/\",\"url\":\"https:\\\/\\\/formar.shop\\\/sv\\\/om-oss\\\/\",\"name\":\"Om oss - Formar.shop\",\"isPartOf\":{\"@id\":\"https:\\\/\\\/formar.shop\\\/sv\\\/#website\"},\"datePublished\":\"2025-01-18T14:41:36+00:00\",\"dateModified\":\"2025-11-18T11:05:50+00:00\",\"breadcrumb\":{\"@id\":\"https:\\\/\\\/formar.shop\\\/sv\\\/om-oss\\\/#breadcrumb\"},\"inLanguage\":\"sv-SE\",\"potentialAction\":[{\"@type\":\"ReadAction\",\"target\":[\"https:\\\/\\\/formar.shop\\\/sv\\\/om-oss\\\/\"]}]},{\"@type\":\"BreadcrumbList\",\"@id\":\"https:\\\/\\\/formar.shop\\\/sv\\\/om-oss\\\/#breadcrumb\",\"itemListElement\":[{\"@type\":\"ListItem\",\"position\":1,\"name\":\"Home\",\"item\":\"https:\\\/\\\/formar.shop\\\/sv\\\/auto-draft\\\/\"},{\"@type\":\"ListItem\",\"position\":2,\"name\":\"Om oss\"}]},{\"@type\":\"WebSite\",\"@id\":\"https:\\\/\\\/formar.shop\\\/sv\\\/#website\",\"url\":\"https:\\\/\\\/formar.shop\\\/sv\\\/\",\"name\":\"Formar.shop\",\"description\":\"Soluzioni espresse con stile\",\"potentialAction\":[{\"@type\":\"SearchAction\",\"target\":{\"@type\":\"EntryPoint\",\"urlTemplate\":\"https:\\\/\\\/formar.shop\\\/sv\\\/?s={search_term_string}\"},\"query-input\":{\"@type\":\"PropertyValueSpecification\",\"valueRequired\":true,\"valueName\":\"search_term_string\"}}],\"inLanguage\":\"sv-SE\"}]}<\/script>\n<!-- \/ Yoast SEO plugin. -->","yoast_head_json":{"title":"Om oss - Formar.shop","robots":{"index":"index","follow":"follow","max-snippet":"max-snippet:-1","max-image-preview":"max-image-preview:large","max-video-preview":"max-video-preview:-1"},"canonical":"https:\/\/formar.shop\/sv\/om-oss\/","schema":{"@context":"https:\/\/schema.org","@graph":[{"@type":"WebPage","@id":"https:\/\/formar.shop\/sv\/om-oss\/","url":"https:\/\/formar.shop\/sv\/om-oss\/","name":"Om oss - Formar.shop","isPartOf":{"@id":"https:\/\/formar.shop\/sv\/#website"},"datePublished":"2025-01-18T14:41:36+00:00","dateModified":"2025-11-18T11:05:50+00:00","breadcrumb":{"@id":"https:\/\/formar.shop\/sv\/om-oss\/#breadcrumb"},"inLanguage":"sv-SE","potentialAction":[{"@type":"ReadAction","target":["https:\/\/formar.shop\/sv\/om-oss\/"]}]},{"@type":"BreadcrumbList","@id":"https:\/\/formar.shop\/sv\/om-oss\/#breadcrumb","itemListElement":[{"@type":"ListItem","position":1,"name":"Home","item":"https:\/\/formar.shop\/sv\/auto-draft\/"},{"@type":"ListItem","position":2,"name":"Om oss"}]},{"@type":"WebSite","@id":"https:\/\/formar.shop\/sv\/#website","url":"https:\/\/formar.shop\/sv\/","name":"Formar.shop","description":"Soluzioni espresse con stile","potentialAction":[{"@type":"SearchAction","target":{"@type":"EntryPoint","urlTemplate":"https:\/\/formar.shop\/sv\/?s={search_term_string}"},"query-input":{"@type":"PropertyValueSpecification","valueRequired":true,"valueName":"search_term_string"}}],"inLanguage":"sv-SE"}]}},"_links":{"self":[{"href":"https:\/\/formar.shop\/sv\/wp-json\/wp\/v2\/pages\/42204","targetHints":{"allow":["GET"]}}],"collection":[{"href":"https:\/\/formar.shop\/sv\/wp-json\/wp\/v2\/pages"}],"about":[{"href":"https:\/\/formar.shop\/sv\/wp-json\/wp\/v2\/types\/page"}],"author":[{"embeddable":true,"href":"https:\/\/formar.shop\/sv\/wp-json\/wp\/v2\/users\/5"}],"replies":[{"embeddable":true,"href":"https:\/\/formar.shop\/sv\/wp-json\/wp\/v2\/comments?post=42204"}],"version-history":[{"count":2,"href":"https:\/\/formar.shop\/sv\/wp-json\/wp\/v2\/pages\/42204\/revisions"}],"predecessor-version":[{"id":61903,"href":"https:\/\/formar.shop\/sv\/wp-json\/wp\/v2\/pages\/42204\/revisions\/61903"}],"wp:attachment":[{"href":"https:\/\/formar.shop\/sv\/wp-json\/wp\/v2\/media?parent=42204"}],"curies":[{"name":"wp","href":"https:\/\/api.w.org\/{rel}","templated":true}]}}