{"id":42005,"date":"2025-01-18T15:40:31","date_gmt":"2025-01-18T14:40:31","guid":{"rendered":"https:\/\/formar.shop\/kontakta-oss\/"},"modified":"2025-11-18T12:05:11","modified_gmt":"2025-11-18T11:05:11","slug":"kontakta-oss","status":"publish","type":"page","link":"https:\/\/formar.shop\/sv\/kontakta-oss\/","title":{"rendered":"Kontakta oss"},"content":{"rendered":"\n\t<div id=\"text-1061441653\" class=\"text\">\n\t\t\n\n<h3><span style=\"color: #6e6e6e;\"><strong><span style=\"font-size: 140%;\">KONTAKTA OSS<\/span><\/strong><\/span><\/h3>\n\t\t\n<style>\n#text-1061441653 {\n  color: #484646;\n}\n#text-1061441653 > * {\n  color: #484646;\n}\n<\/style>\n\t<\/div>\n\t\n<div class=\"row\"  id=\"row-1569906512\">\n\n\n\t<div id=\"col-1388713074\" class=\"col small-12 large-12\"  >\n\t\t\t\t<div class=\"col-inner\"  >\n\t\t\t\n\t\t\t\n\n\n\t\t<\/div>\n\t\t\t\t\n<style>\n#col-1388713074 > .col-inner {\n  padding: 0px 30px 0px 0px;\n}\n<\/style>\n\t<\/div>\n\n\t\n\n<\/div>\n<div class=\"row row-large\" style=\"max-width:1400px\" id=\"row-1994974751\">\n\n\n\t<div id=\"col-185863410\" class=\"col small-12 large-12\"  >\n\t\t\t\t<div class=\"col-inner\" style=\"background-color:rgb(255, 255, 255);\" >\n\t\t\t\n\t\t\t\n\n<div class=\"row row-collapse row-full-width\"  id=\"row-310618631\">\n\n\n\t<div id=\"col-678173462\" class=\"col medium-12 small-12 large-6\"  >\n\t\t\t\t<div class=\"col-inner\"  >\n\t\t\t\n\t\t\t\n\n<h2><span style=\"font-size: 120%; color: #595959;\">V\u00e5ra kontaktuppgifter<\/span><\/h2>\n<p>&nbsp;<\/p>\n\t<div id=\"gap-144341503\" class=\"gap-element clearfix\" style=\"display:block; height:auto;\">\n\t\t\n<style>\n#gap-144341503 {\n  padding-top: 20px;\n}\n@media (min-width:550px) {\n  #gap-144341503 {\n    padding-top: 20px;\n  }\n}\n@media (min-width:850px) {\n  #gap-144341503 {\n    padding-top: 30px;\n  }\n}\n<\/style>\n\t<\/div>\n\t\n\n<div class=\"row\"  id=\"row-2064020090\">\n\n\n\t<div id=\"col-644166942\" class=\"col medium-6 small-12 large-6\"  >\n\t\t\t\t<div class=\"col-inner\"  >\n\t\t\t\n\t\t\t\n\n\t<div class=\"img has-hover x md-x lg-x y md-y lg-y\" id=\"image_911409250\">\n\t\t\t\t\t\t\t\t<div class=\"img-inner dark\" >\n\t\t\t<img loading=\"lazy\" decoding=\"async\" width=\"240\" height=\"240\" src=\"https:\/\/static.formar.net\/wp-content\/uploads\/2022\/05\/20173629\/map-pin-2-fill-2.png\" class=\"attachment-large size-large\" alt=\"\" srcset=\"https:\/\/static.formar.net\/wp-content\/uploads\/2022\/05\/20173629\/map-pin-2-fill-2.png 240w, https:\/\/static.formar.net\/wp-content\/uploads\/2022\/05\/20173629\/map-pin-2-fill-2-100x100.png 100w, https:\/\/static.formar.net\/wp-content\/uploads\/2022\/05\/20173629\/map-pin-2-fill-2-80x80.png 80w\" sizes=\"auto, (max-width: 240px) 100vw, 240px\" \/>\t\t\t\t\t\t\n\t\t\t\t\t<\/div>\n\t\t\t\t\t\t\t\t\n<style>\n#image_911409250 {\n  width: 15%;\n}\n@media (min-width:550px) {\n  #image_911409250 {\n    width: 20%;\n  }\n}\n<\/style>\n\t<\/div>\n\t\n\n<h3 class=\"uppercase\"><span style=\"color: #595959;\">Adress<\/span><\/h3>\n<p>Via del Consorzio 44<br>60015 Falconara M.ma (AN)<br>Italy<\/p>\n\n\t\t<\/div>\n\t\t\t\t\t<\/div>\n\n\t\n\n\t<div id=\"col-1704945876\" class=\"col medium-5 small-12 large-6\"  >\n\t\t\t\t<div class=\"col-inner\"  >\n\t\t\t\n\t\t\t\n\n\t<div class=\"img has-hover x md-x lg-x y md-y lg-y\" id=\"image_428574201\">\n\t\t\t\t\t\t\t\t<div class=\"img-inner dark\" >\n\t\t\t<img loading=\"lazy\" decoding=\"async\" width=\"240\" height=\"240\" src=\"https:\/\/static.formar.net\/wp-content\/uploads\/2022\/05\/20173629\/time-fill.png\" class=\"attachment-large size-large\" alt=\"\" srcset=\"https:\/\/static.formar.net\/wp-content\/uploads\/2022\/05\/20173629\/time-fill.png 240w, https:\/\/static.formar.net\/wp-content\/uploads\/2022\/05\/20173629\/time-fill-100x100.png 100w, https:\/\/static.formar.net\/wp-content\/uploads\/2022\/05\/20173629\/time-fill-80x80.png 80w\" sizes=\"auto, (max-width: 240px) 100vw, 240px\" \/>\t\t\t\t\t\t\n\t\t\t\t\t<\/div>\n\t\t\t\t\t\t\t\t\n<style>\n#image_428574201 {\n  width: 15%;\n}\n@media (min-width:550px) {\n  #image_428574201 {\n    width: 20%;\n  }\n}\n<\/style>\n\t<\/div>\n\t\n\n<h3 class=\"uppercase\"><span style=\"color: #595959;\">Tidtabell<\/span><\/h3>\n<p>M\u00e5n \/ Fre: 9 &#8211; 18<br>L\u00f6rdag: st\u00e4ngt<br>S\u00f6ndag: st\u00e4ngt<\/p>\n\n\t\t<\/div>\n\t\t\t\t\t<\/div>\n\n\t\n\n<\/div>\n<div class=\"row\"  id=\"row-1262468059\">\n\n\n\t<div id=\"col-1001802780\" class=\"col medium-6 small-12 large-6\"  >\n\t\t\t\t<div class=\"col-inner\"  >\n\t\t\t\n\t\t\t\n\n\t<div class=\"img has-hover x md-x lg-x y md-y lg-y\" id=\"image_2022383541\">\n\t\t\t\t\t\t\t\t<div class=\"img-inner dark\" >\n\t\t\t<img loading=\"lazy\" decoding=\"async\" width=\"240\" height=\"240\" src=\"https:\/\/static.formar.net\/wp-content\/uploads\/2022\/05\/20173628\/mail-open-fill.png\" class=\"attachment-large size-large\" alt=\"\" srcset=\"https:\/\/static.formar.net\/wp-content\/uploads\/2022\/05\/20173628\/mail-open-fill.png 240w, https:\/\/static.formar.net\/wp-content\/uploads\/2022\/05\/20173628\/mail-open-fill-100x100.png 100w, https:\/\/static.formar.net\/wp-content\/uploads\/2022\/05\/20173628\/mail-open-fill-80x80.png 80w\" sizes=\"auto, (max-width: 240px) 100vw, 240px\" \/>\t\t\t\t\t\t\n\t\t\t\t\t<\/div>\n\t\t\t\t\t\t\t\t\n<style>\n#image_2022383541 {\n  width: 15%;\n}\n@media (min-width:550px) {\n  #image_2022383541 {\n    width: 20%;\n  }\n}\n<\/style>\n\t<\/div>\n\t\n\n<h3 class=\"uppercase\"><span style=\"color: #595959;\">E-post<\/span><\/h3>\n<p style=\"text-align: left;\">F\u00f6rs\u00e4ljningskontor: <a href=\"mailto:info@formar.shop\">info@formar.shop<\/a><br>E-handel: <a href=\"mailto:shop@formar.shop\">shop@formar.shop<\/a><\/p>\n\n\t\t<\/div>\n\t\t\t\t\t<\/div>\n\n\t\n\n\t<div id=\"col-732344110\" class=\"col medium-6 small-12 large-6\"  >\n\t\t\t\t<div class=\"col-inner\"  >\n\t\t\t\n\t\t\t\n\n\t<div class=\"img has-hover x md-x lg-x y md-y lg-y\" id=\"image_1474624901\">\n\t\t\t\t\t\t\t\t<div class=\"img-inner dark\" >\n\t\t\t<img loading=\"lazy\" decoding=\"async\" width=\"240\" height=\"240\" src=\"https:\/\/static.formar.net\/wp-content\/uploads\/2022\/05\/20173628\/phone-fill.png\" class=\"attachment-large size-large\" alt=\"\" srcset=\"https:\/\/static.formar.net\/wp-content\/uploads\/2022\/05\/20173628\/phone-fill.png 240w, https:\/\/static.formar.net\/wp-content\/uploads\/2022\/05\/20173628\/phone-fill-100x100.png 100w, https:\/\/static.formar.net\/wp-content\/uploads\/2022\/05\/20173628\/phone-fill-80x80.png 80w\" sizes=\"auto, (max-width: 240px) 100vw, 240px\" \/>\t\t\t\t\t\t\n\t\t\t\t\t<\/div>\n\t\t\t\t\t\t\t\t\n<style>\n#image_1474624901 {\n  width: 15%;\n}\n@media (min-width:550px) {\n  #image_1474624901 {\n    width: 20%;\n  }\n}\n<\/style>\n\t<\/div>\n\t\n\n<h3 class=\"uppercase\"><span style=\"color: #595959;\">telefon<\/span><\/h3>\n<p><span style=\"color: #00a859;\">Gratisnummer<\/span> <span style=\"color: #00a859;\"><a href=\"tel:+39800%2012.22.67\">800122267<\/a><\/span><br>Tel. <a href=\"tel:+390715906063\">071 590.60.63<\/a><\/p>\n\n\t\t<\/div>\n\t\t\t\t\t<\/div>\n\n\t\n\n<\/div>\n\n\t\t<\/div>\n\t\t\t\t\n<style>\n#col-678173462 > .col-inner {\n  padding: 0px 0px 0px 20px;\n}\n<\/style>\n\t<\/div>\n\n\t\n\n\t<div id=\"col-1565774992\" class=\"col medium-12 small-12 large-6\"  >\n\t\t\t\t<div class=\"col-inner\"  >\n\t\t\t\n\t\t\t\n\n<h2><span style=\"font-size: 120%; color: #595959;\">Vill du st\u00e4lla en fr\u00e5ga till oss?<\/span><\/h2>\n\t<div id=\"gap-1068872418\" class=\"gap-element clearfix\" style=\"display:block; height:auto;\">\n\t\t\n<style>\n#gap-1068872418 {\n  padding-top: 20px;\n}\n@media (min-width:550px) {\n  #gap-1068872418 {\n    padding-top: 20px;\n  }\n}\n@media (min-width:850px) {\n  #gap-1068872418 {\n    padding-top: 30px;\n  }\n}\n<\/style>\n\t<\/div>\n\t\n\n<p class=\"wpcf7-contact-form-not-found\"><strong>Fel:<\/strong> Kontaktformul\u00e4r hittades inte.<\/p>\n\n\n\t\t<\/div>\n\t\t\t\t\t<\/div>\n\n\t\n\n\n<style>\n#row-310618631 > .col > .col-inner {\n  padding: 0px 15px 0px 15px;\n}\n<\/style>\n<\/div>\n\n\t\t<\/div>\n\t\t\t\t\n<style>\n#col-185863410 > .col-inner {\n  padding: 50px 20px 0px 20px;\n  margin: -0 0px 0px 0px;\n}\n@media (min-width:550px) {\n  #col-185863410 > .col-inner {\n    padding: 50px 20px 30px 20px;\n    margin: 0 0px 0px 0px;\n  }\n}\n@media (min-width:850px) {\n  #col-185863410 > .col-inner {\n    padding: 66px 5% 16px 5%;\n    margin: -135px 0px 0px 0px;\n  }\n}\n<\/style>\n\t<\/div>\n\n\t\n\n<\/div>\n\n","protected":false},"excerpt":{"rendered":"","protected":false},"author":5,"featured_media":0,"parent":0,"menu_order":0,"comment_status":"closed","ping_status":"closed","template":"","meta":{"_joinchat":[],"footnotes":""},"class_list":["post-42005","page","type-page","status-publish","hentry"],"yoast_head":"<!-- This site is optimized with the Yoast SEO plugin v27.3 - https:\/\/yoast.com\/product\/yoast-seo-wordpress\/ -->\n<title>Kontakta oss - Formar.shop<\/title>\n<meta name=\"robots\" content=\"index, follow, max-snippet:-1, max-image-preview:large, max-video-preview:-1\" \/>\n<link rel=\"canonical\" href=\"https:\/\/formar.shop\/sv\/kontakta-oss\/\" \/>\n<script type=\"application\/ld+json\" class=\"yoast-schema-graph\">{\"@context\":\"https:\\\/\\\/schema.org\",\"@graph\":[{\"@type\":\"WebPage\",\"@id\":\"https:\\\/\\\/formar.shop\\\/sv\\\/kontakta-oss\\\/\",\"url\":\"https:\\\/\\\/formar.shop\\\/sv\\\/kontakta-oss\\\/\",\"name\":\"Kontakta oss - Formar.shop\",\"isPartOf\":{\"@id\":\"https:\\\/\\\/formar.shop\\\/sv\\\/#website\"},\"datePublished\":\"2025-01-18T14:40:31+00:00\",\"dateModified\":\"2025-11-18T11:05:11+00:00\",\"breadcrumb\":{\"@id\":\"https:\\\/\\\/formar.shop\\\/sv\\\/kontakta-oss\\\/#breadcrumb\"},\"inLanguage\":\"sv-SE\",\"potentialAction\":[{\"@type\":\"ReadAction\",\"target\":[\"https:\\\/\\\/formar.shop\\\/sv\\\/kontakta-oss\\\/\"]}]},{\"@type\":\"BreadcrumbList\",\"@id\":\"https:\\\/\\\/formar.shop\\\/sv\\\/kontakta-oss\\\/#breadcrumb\",\"itemListElement\":[{\"@type\":\"ListItem\",\"position\":1,\"name\":\"Home\",\"item\":\"https:\\\/\\\/formar.shop\\\/sv\\\/auto-draft\\\/\"},{\"@type\":\"ListItem\",\"position\":2,\"name\":\"Kontakta oss\"}]},{\"@type\":\"WebSite\",\"@id\":\"https:\\\/\\\/formar.shop\\\/sv\\\/#website\",\"url\":\"https:\\\/\\\/formar.shop\\\/sv\\\/\",\"name\":\"Formar.shop\",\"description\":\"Soluzioni espresse con stile\",\"potentialAction\":[{\"@type\":\"SearchAction\",\"target\":{\"@type\":\"EntryPoint\",\"urlTemplate\":\"https:\\\/\\\/formar.shop\\\/sv\\\/?s={search_term_string}\"},\"query-input\":{\"@type\":\"PropertyValueSpecification\",\"valueRequired\":true,\"valueName\":\"search_term_string\"}}],\"inLanguage\":\"sv-SE\"}]}<\/script>\n<!-- \/ Yoast SEO plugin. -->","yoast_head_json":{"title":"Kontakta oss - Formar.shop","robots":{"index":"index","follow":"follow","max-snippet":"max-snippet:-1","max-image-preview":"max-image-preview:large","max-video-preview":"max-video-preview:-1"},"canonical":"https:\/\/formar.shop\/sv\/kontakta-oss\/","schema":{"@context":"https:\/\/schema.org","@graph":[{"@type":"WebPage","@id":"https:\/\/formar.shop\/sv\/kontakta-oss\/","url":"https:\/\/formar.shop\/sv\/kontakta-oss\/","name":"Kontakta oss - Formar.shop","isPartOf":{"@id":"https:\/\/formar.shop\/sv\/#website"},"datePublished":"2025-01-18T14:40:31+00:00","dateModified":"2025-11-18T11:05:11+00:00","breadcrumb":{"@id":"https:\/\/formar.shop\/sv\/kontakta-oss\/#breadcrumb"},"inLanguage":"sv-SE","potentialAction":[{"@type":"ReadAction","target":["https:\/\/formar.shop\/sv\/kontakta-oss\/"]}]},{"@type":"BreadcrumbList","@id":"https:\/\/formar.shop\/sv\/kontakta-oss\/#breadcrumb","itemListElement":[{"@type":"ListItem","position":1,"name":"Home","item":"https:\/\/formar.shop\/sv\/auto-draft\/"},{"@type":"ListItem","position":2,"name":"Kontakta oss"}]},{"@type":"WebSite","@id":"https:\/\/formar.shop\/sv\/#website","url":"https:\/\/formar.shop\/sv\/","name":"Formar.shop","description":"Soluzioni espresse con stile","potentialAction":[{"@type":"SearchAction","target":{"@type":"EntryPoint","urlTemplate":"https:\/\/formar.shop\/sv\/?s={search_term_string}"},"query-input":{"@type":"PropertyValueSpecification","valueRequired":true,"valueName":"search_term_string"}}],"inLanguage":"sv-SE"}]}},"_links":{"self":[{"href":"https:\/\/formar.shop\/sv\/wp-json\/wp\/v2\/pages\/42005","targetHints":{"allow":["GET"]}}],"collection":[{"href":"https:\/\/formar.shop\/sv\/wp-json\/wp\/v2\/pages"}],"about":[{"href":"https:\/\/formar.shop\/sv\/wp-json\/wp\/v2\/types\/page"}],"author":[{"embeddable":true,"href":"https:\/\/formar.shop\/sv\/wp-json\/wp\/v2\/users\/5"}],"replies":[{"embeddable":true,"href":"https:\/\/formar.shop\/sv\/wp-json\/wp\/v2\/comments?post=42005"}],"version-history":[{"count":2,"href":"https:\/\/formar.shop\/sv\/wp-json\/wp\/v2\/pages\/42005\/revisions"}],"predecessor-version":[{"id":61888,"href":"https:\/\/formar.shop\/sv\/wp-json\/wp\/v2\/pages\/42005\/revisions\/61888"}],"wp:attachment":[{"href":"https:\/\/formar.shop\/sv\/wp-json\/wp\/v2\/media?parent=42005"}],"curies":[{"name":"wp","href":"https:\/\/api.w.org\/{rel}","templated":true}]}}