{"id":44971,"date":"2025-01-18T21:28:21","date_gmt":"2025-01-18T20:28:21","guid":{"rendered":"https:\/\/formar.shop\/prodotto\/raft-de-depozitare-perete-celula\/"},"modified":"2025-01-18T21:28:27","modified_gmt":"2025-01-18T20:28:27","slug":"raft-de-depozitare-perete-celula","status":"publish","type":"product","link":"https:\/\/formar.shop\/ro\/prodotto\/raft-de-depozitare-perete-celula\/","title":{"rendered":"Raft de depozitare &#8211; perete celul\u0103"},"content":{"rendered":"<div class=\"is-divider divider clearfix\" style=\"max-width:2000px;\"><\/div>\n<div class=\"slider-wrapper relative\" id=\"slider-2021815287\" >\n    <div class=\"slider slider-nav-circle slider-nav-large slider-nav-dark slider-style-normal\"\n        data-flickity-options='{\n            \"cellAlign\": \"center\",\n            \"imagesLoaded\": true,\n            \"lazyLoad\": 1,\n            \"freeScroll\": false,\n            \"wrapAround\": true,\n            \"autoPlay\": 6000,\n            \"pauseAutoPlayOnHover\" : true,\n            \"prevNextButtons\": true,\n            \"contain\" : true,\n            \"adaptiveHeight\" : true,\n            \"dragThreshold\" : 10,\n            \"percentPosition\": true,\n            \"pageDots\": true,\n            \"rightToLeft\": false,\n            \"draggable\": true,\n            \"selectedAttraction\": 0.1,\n            \"parallax\" : 0,\n            \"friction\": 0.6        }'\n        >\n        \n\t<div class=\"img has-hover x md-x lg-x y md-y lg-y\" id=\"image_289741700\">\n\t\t\t\t\t\t\t\t<div class=\"img-inner dark\" >\n\t\t\t\t\t\t\t\t\t\n\t\t\t\t\t<\/div>\n\t\t\t\t\t\t\t\t\n<style>\n#image_289741700 {\n  width: 100%;\n}\n<\/style>\n\t<\/div>\n\t\n\t<div class=\"img has-hover x md-x lg-x y md-y lg-y\" id=\"image_2035294082\">\n\t\t\t\t\t\t\t\t<div class=\"img-inner dark\" >\n\t\t\t<img loading=\"lazy\" decoding=\"async\" width=\"1012\" height=\"1012\" src=\"https:\/\/static.formar.net\/wp-content\/uploads\/2020\/12\/22152448\/Immagini-di-prodotto-x-Amazon-23.png\" class=\"attachment-large size-large\" alt=\"\" srcset=\"https:\/\/static.formar.net\/wp-content\/uploads\/2020\/12\/22152448\/Immagini-di-prodotto-x-Amazon-23.png 1012w, https:\/\/static.formar.net\/wp-content\/uploads\/2020\/12\/22152448\/Immagini-di-prodotto-x-Amazon-23-100x100.png 100w, https:\/\/static.formar.net\/wp-content\/uploads\/2020\/12\/22152448\/Immagini-di-prodotto-x-Amazon-23-510x510.png 510w, https:\/\/static.formar.net\/wp-content\/uploads\/2020\/12\/22152448\/Immagini-di-prodotto-x-Amazon-23-300x300.png 300w, https:\/\/static.formar.net\/wp-content\/uploads\/2020\/12\/22152448\/Immagini-di-prodotto-x-Amazon-23-80x80.png 80w, https:\/\/static.formar.net\/wp-content\/uploads\/2020\/12\/22152448\/Immagini-di-prodotto-x-Amazon-23-768x768.png 768w, https:\/\/static.formar.net\/wp-content\/uploads\/2020\/12\/22152448\/Immagini-di-prodotto-x-Amazon-23-36x36.png 36w, https:\/\/static.formar.net\/wp-content\/uploads\/2020\/12\/22152448\/Immagini-di-prodotto-x-Amazon-23-180x180.png 180w, https:\/\/static.formar.net\/wp-content\/uploads\/2020\/12\/22152448\/Immagini-di-prodotto-x-Amazon-23-705x705.png 705w, https:\/\/static.formar.net\/wp-content\/uploads\/2020\/12\/22152448\/Immagini-di-prodotto-x-Amazon-23-600x600.png 600w\" sizes=\"auto, (max-width: 1012px) 100vw, 1012px\" \/>\t\t\t\t\t\t\n\t\t\t\t\t<\/div>\n\t\t\t\t\t\t\t\t\n<style>\n#image_2035294082 {\n  width: 100%;\n}\n<\/style>\n\t<\/div>\n\t\n     <\/div>\n\n     <div class=\"loading-spin dark large centered\"><\/div>\n\n\t<\/div>\n\n\n<h3>PERETE CELUL\u0102 &#8211; RAFT DE DEPOZITARE<\/h3>\n<p>C\u0103uta\u021bi o solu\u021bie impresionant\u0103 de amenajare care s\u0103 combine caracterul practic \u0219i designul?<br \/>\nRaftul de perete Cell Wall este potrivit pentru toate tipurile de medii.<br \/>\nO pies\u0103 de mobilier <strong>simpl\u0103<\/strong>, <strong>modern\u0103 <\/strong>, realizat\u0103 din polipropilen\u0103 alb\u0103 durabil\u0103.<br \/>\nDa\u021bi fr\u00e2u liber imagina\u021biei \u0219i crea\u021bi o <strong>compozi\u021bie personalizat\u0103<\/strong> prin a\u0219ezarea mai multor rafturi Cell Wall unul l\u00e2ng\u0103 altul pentru a afi\u0219a ceea ce v\u0103 place mai mult. <\/p>\n<h3 class=\"av-special-heading-tag \">DESIGN PRODUS<\/h3>\n<p>A fost conceput \u0219i proiectat de designerul italian Mario Mazzer, care a absolvit arhitectura la Politehnica din Milano \u00een 1978 \u0219i designul industrial la Scuola Politecnica di Design din Milano \u00een 1979.<br \/>\nAici s-a format \u00een anii &#8217;70, colabor\u00e2nd cu mae\u0219trii designului italian, iar \u00een 1980 a fondat Mario Mazzer Architects \u00een Conegliano Veneto. Multiplu premiat, \u00een 1996 a primit o men\u021biune de onoare la ID Annual Design Review din New York. Prin prezentarea lucr\u0103rilor sale, a contribuit \u00een mare m\u0103sur\u0103 la promovarea popularit\u0103\u021bii produselor italiene \u00een \u00eentreaga lume.  <\/p>\n<h3 class=\"av-special-heading-tag \">FIXARE U\u0218OAR\u0102 PE PERE\u021aI<\/h3>\n<p>Raftul de depozitare Cell Wall va sosi <strong>deja asamblat<\/strong> \u0219i gata de ag\u0103\u021bat pe perete.<br \/>\nEste u\u0219or, <strong>economise\u0219te spa\u021biu<\/strong> \u0219i permite realizarea unei biblioteci simple \u0219i minimaliste atunci c\u00e2nd este combinat cu mai multe unit\u0103\u021bi.<\/p>\n<h3 id=\"h-finiture-di-qualit-e-made-in-italy\">DIMENSIUNILE PRODUSULUI<\/h3>\n<p>Dimensiunile produsului: &#8211; 44 cm lungime &#8211; 21,5 cm ad\u00e2ncime &#8211; 44 cm \u00een\u0103l\u021bime<\/p>\n<h3>\u00ceNGRIJIRE \u0218I \u00ceNTRE\u021aINERE:<\/h3>\n<p>V\u0103 rug\u0103m s\u0103 testa\u021bi mai \u00eent\u00e2i compatibilitatea detergen\u021bilor pe o suprafa\u021b\u0103 nevizibil\u0103.<br \/>\nNu utiliza\u021bi niciodat\u0103 detergen\u021bi sau produse de lustruire cu particule abrazive sau degresante.<br \/>\n\u0218terge\u021bi \u00eentotdeauna cu o c\u00e2rp\u0103 umed\u0103 \u0219i usca\u021bi.<\/p>\n\n\t<section class=\"section\" id=\"section_1896283253\">\n\t\t<div class=\"section-bg fill\" >\n\t\t\t\t\t\t\t\t\t\n\t\t\t\n\n\t\t<\/div>\n\n\t\t\n\n\t\t<div class=\"section-content relative\">\n\t\t\t\n<div class=\"is-divider divider clearfix\" style=\"max-width:1000px;\"><\/div>\n<div class=\"row row-solid\"  id=\"row-1419981586\">\n\n\t<div id=\"col-1201688680\" class=\"col medium-3 small-12 large-3\"  >\n\t\t\t\t<div class=\"col-inner\"  >\n\t\t\t\n\t\t\t\n\n\t\t<div class=\"icon-box featured-box icon-box-center text-center\"  >\n\t\t\t\t\t<div class=\"icon-box-img\" style=\"width: 50px\">\n\t\t\t\t<div class=\"icon\">\n\t\t\t\t\t<div class=\"icon-inner\" >\n\t\t\t\t\t\t<img loading=\"lazy\" decoding=\"async\" width=\"128\" height=\"128\" src=\"https:\/\/static.formar.net\/wp-content\/uploads\/sites\/1\/2022\/10\/02111131\/2703076-128-1-1.png\" class=\"attachment-medium size-medium\" alt=\"\" srcset=\"https:\/\/static.formar.net\/wp-content\/uploads\/sites\/1\/2022\/10\/02111131\/2703076-128-1-1.png 128w, https:\/\/static.formar.net\/wp-content\/uploads\/sites\/1\/2022\/10\/02111131\/2703076-128-1-1-80x80.png 80w, https:\/\/static.formar.net\/wp-content\/uploads\/sites\/1\/2022\/10\/02111131\/2703076-128-1-1-100x100.png 100w, https:\/\/static.formar.net\/wp-content\/uploads\/sites\/1\/2022\/10\/02111131\/2703076-128-1-1-50x50.png 50w\" sizes=\"auto, (max-width: 128px) 100vw, 128px\" \/>\t\t\t\t\t<\/div>\n\t\t\t\t<\/div>\n\t\t\t<\/div>\n\t\t\t\t<div class=\"icon-box-text last-reset\">\n\t\t\t\t\t\t\t\t\t\n<h3>Serviciul clien\u021bi \u00eentotdeauna disponibil<\/h3>\n<p>Ne pute\u021bi contacta prin WhatsApp:  <a href=\"https:\/\/api.whatsapp.com\/send\/?phone=390715906063&amp;text&amp;type=phone_number&amp;app_absent=0\">+39 071 5906063<\/a><\/p>\n<p>Comenzi telefonice: <a href=\"tel:+39800122267\">800 122 267<\/a><\/p>\n\t\t<\/div>\n\t<\/div>\n\t\n\t\n\t\t<\/div>\n\t\t\t\t\t<\/div>\n\n\t\n\n\t<div id=\"col-1816675011\" class=\"col medium-3 small-12 large-3\"  >\n\t\t\t\t<div class=\"col-inner\"  >\n\t\t\t\n\t\t\t\n\n\t\t<div class=\"icon-box featured-box icon-box-center text-center\"  >\n\t\t\t\t\t<div class=\"icon-box-img\" style=\"width: 50px\">\n\t\t\t\t<div class=\"icon\">\n\t\t\t\t\t<div class=\"icon-inner\" >\n\t\t\t\t\t\t<img loading=\"lazy\" decoding=\"async\" width=\"256\" height=\"256\" src=\"https:\/\/static.formar.net\/wp-content\/uploads\/sites\/1\/2022\/11\/02111117\/Icona-carta-di-credito.png\" class=\"attachment-medium size-medium\" alt=\"\" srcset=\"https:\/\/static.formar.net\/wp-content\/uploads\/sites\/1\/2022\/11\/02111117\/Icona-carta-di-credito.png 256w, https:\/\/static.formar.net\/wp-content\/uploads\/sites\/1\/2022\/11\/02111117\/Icona-carta-di-credito-80x80.png 80w, https:\/\/static.formar.net\/wp-content\/uploads\/sites\/1\/2022\/11\/02111117\/Icona-carta-di-credito-100x100.png 100w, https:\/\/static.formar.net\/wp-content\/uploads\/sites\/1\/2022\/11\/02111117\/Icona-carta-di-credito-50x50.png 50w\" sizes=\"auto, (max-width: 256px) 100vw, 256px\" \/>\t\t\t\t\t<\/div>\n\t\t\t\t<\/div>\n\t\t\t<\/div>\n\t\t\t\t<div class=\"icon-box-text last-reset\">\n\t\t\t\t\t\t\t\t\t\n<h3>Alege\u021bi forma de plat\u0103<\/h3>\n<p>Plata prin Paypal, card de credit, numerar sau card de debit (la fa\u021ba locului) \u0219i numerar la livrare<\/p>\n\t\t<\/div>\n\t<\/div>\n\t\n\t\n\t\t<\/div>\n\t\t\t\t\t<\/div>\n\n\t\n\n\t<div id=\"col-1337604455\" class=\"col medium-3 small-12 large-3\"  >\n\t\t\t\t<div class=\"col-inner\"  >\n\t\t\t\n\t\t\t\n\n\t\t<div class=\"icon-box featured-box icon-box-center text-center\"  >\n\t\t\t\t\t<div class=\"icon-box-img\" style=\"width: 50px\">\n\t\t\t\t<div class=\"icon\">\n\t\t\t\t\t<div class=\"icon-inner\" >\n\t\t\t\t\t\t<img loading=\"lazy\" decoding=\"async\" width=\"128\" height=\"128\" src=\"https:\/\/static.formar.net\/wp-content\/uploads\/sites\/1\/2022\/10\/02111130\/3669335-128-1.png\" class=\"attachment-medium size-medium\" alt=\"\" srcset=\"https:\/\/static.formar.net\/wp-content\/uploads\/sites\/1\/2022\/10\/02111130\/3669335-128-1.png 128w, https:\/\/static.formar.net\/wp-content\/uploads\/sites\/1\/2022\/10\/02111130\/3669335-128-1-80x80.png 80w, https:\/\/static.formar.net\/wp-content\/uploads\/sites\/1\/2022\/10\/02111130\/3669335-128-1-100x100.png 100w, https:\/\/static.formar.net\/wp-content\/uploads\/sites\/1\/2022\/10\/02111130\/3669335-128-1-50x50.png 50w\" sizes=\"auto, (max-width: 128px) 100vw, 128px\" \/>\t\t\t\t\t<\/div>\n\t\t\t\t<\/div>\n\t\t\t<\/div>\n\t\t\t\t<div class=\"icon-box-text last-reset\">\n\t\t\t\t\t\t\t\t\t\n<h3>Returnare u\u0219oar\u0103 \u0219i f\u0103r\u0103 griji<\/h3>\n<p>\u00cen caz de probleme, organiz\u0103m preluarea direct la adresa dumneavoastr\u0103.<a href=\"https:\/\/formar.shop\/ro\/norme-privind-returnarea\/\">(Mai multe detalii<\/a>).<\/p>\n\t\t<\/div>\n\t<\/div>\n\t\n\t\n\t\t<\/div>\n\t\t\t\t\t<\/div>\n\n\t\n\n\t<div id=\"col-490472382\" class=\"col medium-3 small-12 large-3\"  >\n\t\t\t\t<div class=\"col-inner\"  >\n\t\t\t\n\t\t\t\n\n\t\t<div class=\"icon-box featured-box icon-box-center text-center\"  >\n\t\t\t\t\t<div class=\"icon-box-img\" style=\"width: 50px\">\n\t\t\t\t<div class=\"icon\">\n\t\t\t\t\t<div class=\"icon-inner\" >\n\t\t\t\t\t\t<img loading=\"lazy\" decoding=\"async\" width=\"128\" height=\"128\" src=\"https:\/\/static.formar.net\/wp-content\/uploads\/sites\/1\/2022\/10\/02111130\/5959201-128-1.png\" class=\"attachment-medium size-medium\" alt=\"\" srcset=\"https:\/\/static.formar.net\/wp-content\/uploads\/sites\/1\/2022\/10\/02111130\/5959201-128-1.png 128w, https:\/\/static.formar.net\/wp-content\/uploads\/sites\/1\/2022\/10\/02111130\/5959201-128-1-80x80.png 80w, https:\/\/static.formar.net\/wp-content\/uploads\/sites\/1\/2022\/10\/02111130\/5959201-128-1-100x100.png 100w, https:\/\/static.formar.net\/wp-content\/uploads\/sites\/1\/2022\/10\/02111130\/5959201-128-1-50x50.png 50w\" sizes=\"auto, (max-width: 128px) 100vw, 128px\" \/>\t\t\t\t\t<\/div>\n\t\t\t\t<\/div>\n\t\t\t<\/div>\n\t\t\t\t<div class=\"icon-box-text last-reset\">\n\t\t\t\t\t\t\t\t\t\n<h3>Garan\u021bia produc\u0103torului \u0219i piese de schimb<\/h3>\n<p>Toate produsele noastre vin cu garan\u021bia noastr\u0103. Pentru multe produse garant\u0103m piesele de schimb pentru aceea\u0219i perioad\u0103.<\/p>\n\t\t<\/div>\n\t<\/div>\n\t\n\t\n\t\t<\/div>\n\t\t\t\t\t<\/div>\n\n\t\n\n<style>\n#row-1419981586 > .col > .col-inner {\n  padding: 20px 20px 20px 20px;\n}\n<\/style>\n<\/div>\n\t\t<\/div>\n\n\t\t\n<style>\n#section_1896283253 {\n  padding-top: 30px;\n  padding-bottom: 30px;\n}\n<\/style>\n\t<\/section>\n\t\n","protected":false},"excerpt":{"rendered":"<p>Raftul de depozitare Cell Wall este realizat din polipropilen\u0103 alb\u0103 \u0219i are o linie estetic\u0103 simpl\u0103, contemporan\u0103.<br \/>\nA fost g\u00e2ndit \u0219i proiectat de designerul italian Mario Mazzer pentru a mobila cu gust orice \u00eenc\u0103pere.<br \/>\nEste \u00eenc\u0103p\u0103tor \u0219i durabil, ideal pentru expunerea de obiecte, plante mici, c\u0103r\u021bi \u0219i depozitarea dosarelor.<br \/>\nEste u\u0219or de pozi\u021bionat \u0219i poate fi asamblat individual sau poate crea diferite compozi\u021bii cu alte elemente.<br \/>\nStilul s\u0103u minimalist va ad\u0103uga o not\u0103 suplimentar\u0103 pere\u021bilor dvs.    <\/p>\n","protected":false},"featured_media":44972,"template":"","meta":{"_joinchat":[]},"product_brand":[],"product_cat":[1600,1700],"product_tag":[1701],"class_list":{"0":"post-44971","1":"product","2":"type-product","3":"status-publish","4":"has-post-thumbnail","6":"product_cat-acasa","7":"product_cat-rafturi-si-containere","8":"product_tag-container-montat-pe-perete","10":"first","11":"instock","12":"taxable","13":"shipping-taxable","14":"purchasable","15":"product-type-simple"},"yoast_head":"<!-- This site is optimized with the Yoast SEO plugin v27.3 - https:\/\/yoast.com\/product\/yoast-seo-wordpress\/ -->\n<title>Raft de depozitare - perete celul\u0103 - Formar.shop<\/title>\n<meta name=\"robots\" content=\"index, follow, max-snippet:-1, max-image-preview:large, max-video-preview:-1\" \/>\n<link rel=\"canonical\" href=\"https:\/\/formar.shop\/ro\/prodotto\/raft-de-depozitare-perete-celula\/\" \/>\n<script type=\"application\/ld+json\" class=\"yoast-schema-graph\">{\"@context\":\"https:\\\/\\\/schema.org\",\"@graph\":[{\"@type\":\"WebPage\",\"@id\":\"https:\\\/\\\/formar.shop\\\/ro\\\/prodotto\\\/raft-de-depozitare-perete-celula\\\/\",\"url\":\"https:\\\/\\\/formar.shop\\\/ro\\\/prodotto\\\/raft-de-depozitare-perete-celula\\\/\",\"name\":\"Raft de depozitare - perete celul\u0103 - Formar.shop\",\"isPartOf\":{\"@id\":\"https:\\\/\\\/formar.shop\\\/ro\\\/#website\"},\"primaryImageOfPage\":{\"@id\":\"https:\\\/\\\/formar.shop\\\/ro\\\/prodotto\\\/raft-de-depozitare-perete-celula\\\/#primaryimage\"},\"image\":{\"@id\":\"https:\\\/\\\/formar.shop\\\/ro\\\/prodotto\\\/raft-de-depozitare-perete-celula\\\/#primaryimage\"},\"thumbnailUrl\":\"https:\\\/\\\/static.formar.net\\\/wp-content\\\/uploads\\\/2020\\\/12\\\/19150623\\\/campus.png\",\"datePublished\":\"2025-01-18T20:28:21+00:00\",\"dateModified\":\"2025-01-18T20:28:27+00:00\",\"breadcrumb\":{\"@id\":\"https:\\\/\\\/formar.shop\\\/ro\\\/prodotto\\\/raft-de-depozitare-perete-celula\\\/#breadcrumb\"},\"inLanguage\":\"ro-RO\",\"potentialAction\":[{\"@type\":\"ReadAction\",\"target\":[\"https:\\\/\\\/formar.shop\\\/ro\\\/prodotto\\\/raft-de-depozitare-perete-celula\\\/\"]}]},{\"@type\":\"ImageObject\",\"inLanguage\":\"ro-RO\",\"@id\":\"https:\\\/\\\/formar.shop\\\/ro\\\/prodotto\\\/raft-de-depozitare-perete-celula\\\/#primaryimage\",\"url\":\"https:\\\/\\\/static.formar.net\\\/wp-content\\\/uploads\\\/2020\\\/12\\\/19150623\\\/campus.png\",\"contentUrl\":\"https:\\\/\\\/static.formar.net\\\/wp-content\\\/uploads\\\/2020\\\/12\\\/19150623\\\/campus.png\",\"width\":1024,\"height\":768},{\"@type\":\"BreadcrumbList\",\"@id\":\"https:\\\/\\\/formar.shop\\\/ro\\\/prodotto\\\/raft-de-depozitare-perete-celula\\\/#breadcrumb\",\"itemListElement\":[{\"@type\":\"ListItem\",\"position\":1,\"name\":\"Home\",\"item\":\"https:\\\/\\\/formar.shop\\\/ro\\\/proiect-automat\\\/\"},{\"@type\":\"ListItem\",\"position\":2,\"name\":\"Magazin\",\"item\":\"https:\\\/\\\/formar.shop\\\/ro\\\/magazin\\\/\"},{\"@type\":\"ListItem\",\"position\":3,\"name\":\"Raft de depozitare &#8211; perete celul\u0103\"}]},{\"@type\":\"WebSite\",\"@id\":\"https:\\\/\\\/formar.shop\\\/ro\\\/#website\",\"url\":\"https:\\\/\\\/formar.shop\\\/ro\\\/\",\"name\":\"Formar.shop\",\"description\":\"Soluzioni espresse con stile\",\"potentialAction\":[{\"@type\":\"SearchAction\",\"target\":{\"@type\":\"EntryPoint\",\"urlTemplate\":\"https:\\\/\\\/formar.shop\\\/ro\\\/?s={search_term_string}\"},\"query-input\":{\"@type\":\"PropertyValueSpecification\",\"valueRequired\":true,\"valueName\":\"search_term_string\"}}],\"inLanguage\":\"ro-RO\"}]}<\/script>\n<!-- \/ Yoast SEO plugin. -->","yoast_head_json":{"title":"Raft de depozitare - perete celul\u0103 - Formar.shop","robots":{"index":"index","follow":"follow","max-snippet":"max-snippet:-1","max-image-preview":"max-image-preview:large","max-video-preview":"max-video-preview:-1"},"canonical":"https:\/\/formar.shop\/ro\/prodotto\/raft-de-depozitare-perete-celula\/","schema":{"@context":"https:\/\/schema.org","@graph":[{"@type":"WebPage","@id":"https:\/\/formar.shop\/ro\/prodotto\/raft-de-depozitare-perete-celula\/","url":"https:\/\/formar.shop\/ro\/prodotto\/raft-de-depozitare-perete-celula\/","name":"Raft de depozitare - perete celul\u0103 - Formar.shop","isPartOf":{"@id":"https:\/\/formar.shop\/ro\/#website"},"primaryImageOfPage":{"@id":"https:\/\/formar.shop\/ro\/prodotto\/raft-de-depozitare-perete-celula\/#primaryimage"},"image":{"@id":"https:\/\/formar.shop\/ro\/prodotto\/raft-de-depozitare-perete-celula\/#primaryimage"},"thumbnailUrl":"https:\/\/static.formar.net\/wp-content\/uploads\/2020\/12\/19150623\/campus.png","datePublished":"2025-01-18T20:28:21+00:00","dateModified":"2025-01-18T20:28:27+00:00","breadcrumb":{"@id":"https:\/\/formar.shop\/ro\/prodotto\/raft-de-depozitare-perete-celula\/#breadcrumb"},"inLanguage":"ro-RO","potentialAction":[{"@type":"ReadAction","target":["https:\/\/formar.shop\/ro\/prodotto\/raft-de-depozitare-perete-celula\/"]}]},{"@type":"ImageObject","inLanguage":"ro-RO","@id":"https:\/\/formar.shop\/ro\/prodotto\/raft-de-depozitare-perete-celula\/#primaryimage","url":"https:\/\/static.formar.net\/wp-content\/uploads\/2020\/12\/19150623\/campus.png","contentUrl":"https:\/\/static.formar.net\/wp-content\/uploads\/2020\/12\/19150623\/campus.png","width":1024,"height":768},{"@type":"BreadcrumbList","@id":"https:\/\/formar.shop\/ro\/prodotto\/raft-de-depozitare-perete-celula\/#breadcrumb","itemListElement":[{"@type":"ListItem","position":1,"name":"Home","item":"https:\/\/formar.shop\/ro\/proiect-automat\/"},{"@type":"ListItem","position":2,"name":"Magazin","item":"https:\/\/formar.shop\/ro\/magazin\/"},{"@type":"ListItem","position":3,"name":"Raft de depozitare &#8211; perete celul\u0103"}]},{"@type":"WebSite","@id":"https:\/\/formar.shop\/ro\/#website","url":"https:\/\/formar.shop\/ro\/","name":"Formar.shop","description":"Soluzioni espresse con stile","potentialAction":[{"@type":"SearchAction","target":{"@type":"EntryPoint","urlTemplate":"https:\/\/formar.shop\/ro\/?s={search_term_string}"},"query-input":{"@type":"PropertyValueSpecification","valueRequired":true,"valueName":"search_term_string"}}],"inLanguage":"ro-RO"}]}},"_links":{"self":[{"href":"https:\/\/formar.shop\/ro\/wp-json\/wp\/v2\/product\/44971","targetHints":{"allow":["GET"]}}],"collection":[{"href":"https:\/\/formar.shop\/ro\/wp-json\/wp\/v2\/product"}],"about":[{"href":"https:\/\/formar.shop\/ro\/wp-json\/wp\/v2\/types\/product"}],"wp:featuredmedia":[{"embeddable":true,"href":"https:\/\/formar.shop\/ro\/wp-json\/wp\/v2\/media\/44972"}],"wp:attachment":[{"href":"https:\/\/formar.shop\/ro\/wp-json\/wp\/v2\/media?parent=44971"}],"wp:term":[{"taxonomy":"product_brand","embeddable":true,"href":"https:\/\/formar.shop\/ro\/wp-json\/wp\/v2\/product_brand?post=44971"},{"taxonomy":"product_cat","embeddable":true,"href":"https:\/\/formar.shop\/ro\/wp-json\/wp\/v2\/product_cat?post=44971"},{"taxonomy":"product_tag","embeddable":true,"href":"https:\/\/formar.shop\/ro\/wp-json\/wp\/v2\/product_tag?post=44971"}],"curies":[{"name":"wp","href":"https:\/\/api.w.org\/{rel}","templated":true}]}}