{"id":44858,"date":"2025-01-18T21:27:31","date_gmt":"2025-01-18T20:27:31","guid":{"rendered":"https:\/\/formar.shop\/prodotto\/plantator-copac-03\/"},"modified":"2025-01-18T21:27:47","modified_gmt":"2025-01-18T20:27:47","slug":"plantator-copac-03","status":"publish","type":"product","link":"https:\/\/formar.shop\/ro\/prodotto\/plantator-copac-03\/","title":{"rendered":"Plantator &#8211; Copac 03"},"content":{"rendered":"<div class=\"is-divider divider clearfix\" style=\"max-width:2000px;\"><\/div>\n<div class=\"slider-wrapper relative\" id=\"slider-43781102\" >\n    <div class=\"slider slider-nav-circle slider-nav-large slider-nav-dark slider-style-normal\"\n        data-flickity-options='{\n            \"cellAlign\": \"center\",\n            \"imagesLoaded\": true,\n            \"lazyLoad\": 1,\n            \"freeScroll\": false,\n            \"wrapAround\": true,\n            \"autoPlay\": 6000,\n            \"pauseAutoPlayOnHover\" : true,\n            \"prevNextButtons\": true,\n            \"contain\" : true,\n            \"adaptiveHeight\" : true,\n            \"dragThreshold\" : 10,\n            \"percentPosition\": true,\n            \"pageDots\": true,\n            \"rightToLeft\": false,\n            \"draggable\": true,\n            \"selectedAttraction\": 0.1,\n            \"parallax\" : 0,\n            \"friction\": 0.6        }'\n        >\n        \n\t<div class=\"img has-hover x md-x lg-x y md-y lg-y\" id=\"image_490597655\">\n\t\t\t\t\t\t\t\t<div class=\"img-inner dark\" >\n\t\t\t<img loading=\"lazy\" decoding=\"async\" width=\"1001\" height=\"1001\" src=\"https:\/\/static.formar.net\/wp-content\/uploads\/2020\/12\/22145235\/Immagini-di-prodotto-x-Amazon-03.png\" class=\"attachment-large size-large\" alt=\"\" \/>\t\t\t\t\t\t\n\t\t\t\t\t<\/div>\n\t\t\t\t\t\t\t\t\n<style>\n#image_490597655 {\n  width: 100%;\n}\n<\/style>\n\t<\/div>\n\t\n\t<div class=\"img has-hover x md-x lg-x y md-y lg-y\" id=\"image_1859749861\">\n\t\t\t\t\t\t\t\t<div class=\"img-inner dark\" >\n\t\t\t<img loading=\"lazy\" decoding=\"async\" width=\"1001\" height=\"1001\" src=\"https:\/\/static.formar.net\/wp-content\/uploads\/2020\/12\/22145201\/Immagini-di-prodotto-x-Amazon-04.png\" class=\"attachment-large size-large\" alt=\"\" \/>\t\t\t\t\t\t\n\t\t\t\t\t<\/div>\n\t\t\t\t\t\t\t\t\n<style>\n#image_1859749861 {\n  width: 100%;\n}\n<\/style>\n\t<\/div>\n\t\n\t<div class=\"img has-hover x md-x lg-x y md-y lg-y\" id=\"image_4013625\">\n\t\t\t\t\t\t\t\t<div class=\"img-inner dark\" >\n\t\t\t<img loading=\"lazy\" decoding=\"async\" width=\"1001\" height=\"1001\" src=\"https:\/\/static.formar.net\/wp-content\/uploads\/2020\/12\/22145117\/Immagini-di-prodotto-x-Amazon-01.png\" class=\"attachment-large size-large\" alt=\"\" \/>\t\t\t\t\t\t\n\t\t\t\t\t<\/div>\n\t\t\t\t\t\t\t\t\n<style>\n#image_4013625 {\n  width: 100%;\n}\n<\/style>\n\t<\/div>\n\t\n     <\/div>\n\n     <div class=\"loading-spin dark large centered\"><\/div>\n\n\t<\/div>\n\n\n<div class=\"is-divider divider clearfix\" style=\"max-width:2000px;\"><\/div>\n<h3>PLANTATOR &#8211; COPAC 03<\/h3>\n<p>Face\u021bi col\u021bul verde al casei, gr\u0103dinii, terasei sau balconului dvs. cu adev\u0103rat unic cu o jardinier\u0103 <strong>de design<\/strong>.<br \/>\nIdeal\u0103 pentru decorarea <strong>spa\u021biului exterior<\/strong>, dar \u0219i a spa\u021biilor <strong>interioare<\/strong>.<br \/>\nGhiveciul Tree 03 proiectat de Mario Mazzer este perfect pentru decorarea casei, biroului, balconului sau gr\u0103dinii cu flori \u0219i plante.<br \/>\nStructura din metal vopsit este alb\u0103, \u00een timp ce recipientele sunt disponibile \u00een trei <strong>variante de culori frumoase<\/strong>, pentru a satisface toate gusturile \u0219i cerin\u021bele. <\/p>\n<h3 class=\"av-special-heading-tag \">DESIGN PRODUS<\/h3>\n<p>Conceput \u0219i proiectat de designerul italian Mario Mazzer, care a absolvit arhitectura la Politehnica din Milano \u00een 1978 \u0219i designul industrial la Scuola Politecnica di Design din Milano \u00een 1979.<br \/>\nAici s-a format \u00een anii &#8217;70, colabor\u00e2nd cu mae\u0219trii designului italian, iar \u00een 1980 a fondat Mario Mazzer Architects \u00een Conegliano Veneto. Multiplu premiat, \u00een 1996 a primit o men\u021biune de onoare la ID Annual Design Review din New York. Prin prezentarea lucr\u0103rilor sale, a contribuit \u00een mare m\u0103sur\u0103 la promovarea popularit\u0103\u021bii produselor italiene \u00een \u00eentreaga lume.  <\/p>\n<h3 class=\"av-special-heading-tag \">MATERIAL DE CALITATE<\/h3>\n<p>Rama este fabricat\u0103 din metal vopsit \u00een alb, \u00een timp ce recipientele sunt fabricate din polipropilen\u0103 durabil\u0103 <strong>alb\u0103<\/strong>, <strong>gri<\/strong> sau <strong>var<\/strong> \u0219i au o baz\u0103 perforat\u0103 pentru a permite scurgerea excesului de ap\u0103.<\/p>\n<h3>IDEAL PENTRU DECORA\u021aIUNI INTERIOARE \u0218I EXTERIOARE<\/h3>\n<p>Flor\u0103ria Tree 03 este alegerea perfect\u0103 pentru decorarea <strong>interioar\u0103<\/strong> \u0219i <strong>exterioar\u0103<\/strong> cu bun gust \u0219i \u00eembun\u0103t\u0103\u021be\u0219te estetic toate \u00eenc\u0103perile \u0219i contextele \u00een care este utilizat\u0103 datorit\u0103 designului s\u0103u <strong>curat<\/strong> \u0219i <strong>elegant<\/strong>.<\/p>\n<h3 id=\"h-finiture-di-qualit-e-made-in-italy\">DIMENSIUNILE PRODUSULUI<\/h3>\n<p>Cutia de plantare individual\u0103 m\u0103soar\u0103: &#8211; 16,6 cm \u00een diametru &#8211; 26 cm \u00een \u00een\u0103l\u021bime Dimensiunea maxim\u0103 a cutiei de plantare m\u0103soar\u0103: L 51,5 x P 48 x H 91 cm<\/p>\n<h3>DISPONIBIL \u00ceN TREI VARIANTE DE CULOARE<\/h3>\n\n\t<section class=\"section\" id=\"section_1300775260\">\n\t\t<div class=\"section-bg fill\" >\n\t\t\t\t\t\t\t\t\t\n\t\t\t\n\n\t\t<\/div>\n\n\t\t\n\n\t\t<div class=\"section-content relative\">\n\t\t\t\n<div class=\"row\"  id=\"row-1208672310\">\n\n\t<div id=\"col-2121951177\" class=\"col medium-4 small-6 large-4\"  >\n\t\t\t\t<div class=\"col-inner text-center\"  >\n\t\t\t\n\t\t\t\n\t<div class=\"img has-hover x md-x lg-x y md-y lg-y\" id=\"image_243627345\">\n\t\t<a class=\"\" href=\"https:\/\/formar.shop\/wp-content\/uploads\/2022\/10\/03_ROVERE_O.jpg\" >\t\t\t\t\t\t<div class=\"img-inner dark\" >\n\t\t\t\t\t\t\t\t\t\n\t\t\t\t\t<\/div>\n\t\t\t\t\t\t<\/a>\t\t\n<style>\n#image_243627345 {\n  width: 50%;\n}\n<\/style>\n\t<\/div>\n\t\n\t<div class=\"box has-hover   has-hover box-text-bottom\" >\n\n\t\t<div class=\"box-image\" >\n\t\t\t\t\t\t<div class=\"\" >\n\t\t\t\t<img loading=\"lazy\" decoding=\"async\" width=\"2560\" height=\"1707\" src=\"https:\/\/static.formar.net\/wp-content\/uploads\/sites\/1\/2022\/11\/02111044\/FP-01-per-web-1-scaled.jpg\" class=\"attachment- size-\" alt=\"\" srcset=\"https:\/\/static.formar.net\/wp-content\/uploads\/sites\/1\/2022\/11\/02111044\/FP-01-per-web-1-scaled.jpg 2560w, https:\/\/static.formar.net\/wp-content\/uploads\/sites\/1\/2022\/11\/02111044\/FP-01-per-web-1-300x200.jpg 300w, https:\/\/static.formar.net\/wp-content\/uploads\/sites\/1\/2022\/11\/02111044\/FP-01-per-web-1-1030x687.jpg 1030w, https:\/\/static.formar.net\/wp-content\/uploads\/sites\/1\/2022\/11\/02111044\/FP-01-per-web-1-768x512.jpg 768w, https:\/\/static.formar.net\/wp-content\/uploads\/sites\/1\/2022\/11\/02111044\/FP-01-per-web-1-1536x1024.jpg 1536w, https:\/\/static.formar.net\/wp-content\/uploads\/sites\/1\/2022\/11\/02111044\/FP-01-per-web-1-2048x1365.jpg 2048w, https:\/\/static.formar.net\/wp-content\/uploads\/sites\/1\/2022\/11\/02111044\/FP-01-per-web-1-510x340.jpg 510w, https:\/\/static.formar.net\/wp-content\/uploads\/sites\/1\/2022\/11\/02111044\/FP-01-per-web-1-1200x800.jpg 1200w, https:\/\/static.formar.net\/wp-content\/uploads\/sites\/1\/2022\/11\/02111044\/FP-01-per-web-1-600x400.jpg 600w\" sizes=\"auto, (max-width: 2560px) 100vw, 2560px\" \/>\t\t\t\t\t\t\t\t\t\t\t<\/div>\n\t\t\t\t\t<\/div>\n\n\t\t<div class=\"box-text text-center\" >\n\t\t\t<div class=\"box-text-inner\">\n\t\t\t\t\n\t<div id=\"text-1818736812\" class=\"text\">\n\t\t\n<p>Alb<br \/>\n\t\t\n<style>\n#text-1818736812 {\n  font-size: 1.5rem;\n}\n<\/style>\n\t<\/div>\n\t\n\t\t\t<\/div>\n\t\t<\/div>\n\t<\/div>\n\t\n\t\t<\/div>\n\t\t\t\t\t<\/div>\n\n\t\n\n\t<div id=\"col-1427028184\" class=\"col medium-4 small-6 large-4\"  >\n\t\t\t\t<div class=\"col-inner text-center\"  >\n\t\t\t\n\t\t\t\n\t<div class=\"img has-hover x md-x lg-x y md-y lg-y\" id=\"image_1335940662\">\n\t\t<a class=\"\" href=\"https:\/\/formar.shop\/wp-content\/uploads\/2022\/10\/03_ROVERE_O.jpg\" >\t\t\t\t\t\t<div class=\"img-inner dark\" >\n\t\t\t\t\t\t\t\t\t\n\t\t\t\t\t<\/div>\n\t\t\t\t\t\t<\/a>\t\t\n<style>\n#image_1335940662 {\n  width: 50%;\n}\n<\/style>\n\t<\/div>\n\t\n\t<div class=\"box has-hover   has-hover box-text-bottom\" >\n\n\t\t<div class=\"box-image\" >\n\t\t\t\t\t\t<div class=\"\" >\n\t\t\t\t<img loading=\"lazy\" decoding=\"async\" width=\"2560\" height=\"1707\" src=\"https:\/\/static.formar.net\/wp-content\/uploads\/sites\/1\/2022\/11\/02111042\/FP-01-2-per-web-scaled.jpg\" class=\"attachment- size-\" alt=\"\" srcset=\"https:\/\/static.formar.net\/wp-content\/uploads\/sites\/1\/2022\/11\/02111042\/FP-01-2-per-web-scaled.jpg 2560w, https:\/\/static.formar.net\/wp-content\/uploads\/sites\/1\/2022\/11\/02111042\/FP-01-2-per-web-300x200.jpg 300w, https:\/\/static.formar.net\/wp-content\/uploads\/sites\/1\/2022\/11\/02111042\/FP-01-2-per-web-1030x687.jpg 1030w, https:\/\/static.formar.net\/wp-content\/uploads\/sites\/1\/2022\/11\/02111042\/FP-01-2-per-web-768x512.jpg 768w, https:\/\/static.formar.net\/wp-content\/uploads\/sites\/1\/2022\/11\/02111042\/FP-01-2-per-web-1536x1024.jpg 1536w, https:\/\/static.formar.net\/wp-content\/uploads\/sites\/1\/2022\/11\/02111042\/FP-01-2-per-web-2048x1365.jpg 2048w, https:\/\/static.formar.net\/wp-content\/uploads\/sites\/1\/2022\/11\/02111042\/FP-01-2-per-web-510x340.jpg 510w, https:\/\/static.formar.net\/wp-content\/uploads\/sites\/1\/2022\/11\/02111042\/FP-01-2-per-web-1200x800.jpg 1200w, https:\/\/static.formar.net\/wp-content\/uploads\/sites\/1\/2022\/11\/02111042\/FP-01-2-per-web-600x400.jpg 600w\" sizes=\"auto, (max-width: 2560px) 100vw, 2560px\" \/>\t\t\t\t\t\t\t\t\t\t\t<\/div>\n\t\t\t\t\t<\/div>\n\n\t\t<div class=\"box-text text-center\" >\n\t\t\t<div class=\"box-text-inner\">\n\t\t\t\t\n\t<div id=\"text-1438468640\" class=\"text\">\n\t\t\n<p>Var<br \/>\n\t\t\n<style>\n#text-1438468640 {\n  font-size: 1.5rem;\n}\n<\/style>\n\t<\/div>\n\t\n\t\t\t<\/div>\n\t\t<\/div>\n\t<\/div>\n\t\n\t\t<\/div>\n\t\t\t\t\t<\/div>\n\n\t\n\n\t<div id=\"col-1900001950\" class=\"col medium-4 small-6 large-4\"  >\n\t\t\t\t<div class=\"col-inner text-center\"  >\n\t\t\t\n\t\t\t\n\t<div class=\"img has-hover x md-x lg-x y md-y lg-y\" id=\"image_408793459\">\n\t\t<a class=\"\" href=\"https:\/\/formar.shop\/wp-content\/uploads\/2022\/10\/03_ROVERE_O.jpg\" >\t\t\t\t\t\t<div class=\"img-inner dark\" >\n\t\t\t\t\t\t\t\t\t\n\t\t\t\t\t<\/div>\n\t\t\t\t\t\t<\/a>\t\t\n<style>\n#image_408793459 {\n  width: 50%;\n}\n<\/style>\n\t<\/div>\n\t\n\t<div class=\"box has-hover   has-hover box-text-bottom\" >\n\n\t\t<div class=\"box-image\" >\n\t\t\t\t\t\t<div class=\"\" >\n\t\t\t\t<img loading=\"lazy\" decoding=\"async\" width=\"2560\" height=\"1707\" src=\"https:\/\/static.formar.net\/wp-content\/uploads\/sites\/1\/2022\/11\/02111043\/FP-01-3-per-web-scaled.jpg\" class=\"attachment- size-\" alt=\"\" srcset=\"https:\/\/static.formar.net\/wp-content\/uploads\/sites\/1\/2022\/11\/02111043\/FP-01-3-per-web-scaled.jpg 2560w, https:\/\/static.formar.net\/wp-content\/uploads\/sites\/1\/2022\/11\/02111043\/FP-01-3-per-web-300x200.jpg 300w, https:\/\/static.formar.net\/wp-content\/uploads\/sites\/1\/2022\/11\/02111043\/FP-01-3-per-web-1030x687.jpg 1030w, https:\/\/static.formar.net\/wp-content\/uploads\/sites\/1\/2022\/11\/02111043\/FP-01-3-per-web-768x512.jpg 768w, https:\/\/static.formar.net\/wp-content\/uploads\/sites\/1\/2022\/11\/02111043\/FP-01-3-per-web-1536x1024.jpg 1536w, https:\/\/static.formar.net\/wp-content\/uploads\/sites\/1\/2022\/11\/02111043\/FP-01-3-per-web-2048x1365.jpg 2048w, https:\/\/static.formar.net\/wp-content\/uploads\/sites\/1\/2022\/11\/02111043\/FP-01-3-per-web-510x340.jpg 510w, https:\/\/static.formar.net\/wp-content\/uploads\/sites\/1\/2022\/11\/02111043\/FP-01-3-per-web-1200x800.jpg 1200w, https:\/\/static.formar.net\/wp-content\/uploads\/sites\/1\/2022\/11\/02111043\/FP-01-3-per-web-600x400.jpg 600w\" sizes=\"auto, (max-width: 2560px) 100vw, 2560px\" \/>\t\t\t\t\t\t\t\t\t\t\t<\/div>\n\t\t\t\t\t<\/div>\n\n\t\t<div class=\"box-text text-center\" >\n\t\t\t<div class=\"box-text-inner\">\n\t\t\t\t\n\t<div id=\"text-2935081067\" class=\"text\">\n\t\t\n<p>Gri<br \/>\n\t\t\n<style>\n#text-2935081067 {\n  font-size: 1.5rem;\n}\n<\/style>\n\t<\/div>\n\t\n\t\t\t<\/div>\n\t\t<\/div>\n\t<\/div>\n\t\n\t\t<\/div>\n\t\t\t\t\t<\/div>\n\n\t\n<\/div>\n\t\t<\/div>\n\n\t\t\n<style>\n#section_1300775260 {\n  padding-top: 30px;\n  padding-bottom: 30px;\n}\n<\/style>\n\t<\/section>\n\t\n<h3>\u00ceNGRIJIRE \u0218I \u00ceNTRE\u021aINERE:<\/h3>\n<p>\u00centre\u021binerea produsului este simpl\u0103:<\/p>\n<ul>\n<li>pentru partea din polipropilen\u0103, este necesar s\u0103 se cure\u021be regulat cu o c\u00e2rp\u0103 curat\u0103 sau un burete \u00eenmuiat \u00een ap\u0103 c\u0103ldu\u021b\u0103, evit\u00e2nd atingerea suprafe\u021bei cu obiecte ascu\u021bite.<\/li>\n<li>pentru partea metalic\u0103, pur \u0219i simplu \u0219terge\u021bi cu o c\u00e2rp\u0103 uscat\u0103.<\/li>\n<\/ul>\n\n\t<section class=\"section\" id=\"section_592911678\">\n\t\t<div class=\"section-bg fill\" >\n\t\t\t\t\t\t\t\t\t\n\t\t\t\n\n\t\t<\/div>\n\n\t\t\n\n\t\t<div class=\"section-content relative\">\n\t\t\t\n<div class=\"is-divider divider clearfix\" style=\"max-width:1000px;\"><\/div>\n<div class=\"row row-solid\"  id=\"row-109367434\">\n\n\t<div id=\"col-943598354\" class=\"col medium-3 small-12 large-3\"  >\n\t\t\t\t<div class=\"col-inner\"  >\n\t\t\t\n\t\t\t\n\n\t\t<div class=\"icon-box featured-box icon-box-center text-center\"  >\n\t\t\t\t\t<div class=\"icon-box-img\" style=\"width: 50px\">\n\t\t\t\t<div class=\"icon\">\n\t\t\t\t\t<div class=\"icon-inner\" >\n\t\t\t\t\t\t<img loading=\"lazy\" decoding=\"async\" width=\"128\" height=\"128\" src=\"https:\/\/static.formar.net\/wp-content\/uploads\/sites\/1\/2022\/10\/02111131\/2703076-128-1-1.png\" class=\"attachment-medium size-medium\" alt=\"\" srcset=\"https:\/\/static.formar.net\/wp-content\/uploads\/sites\/1\/2022\/10\/02111131\/2703076-128-1-1.png 128w, https:\/\/static.formar.net\/wp-content\/uploads\/sites\/1\/2022\/10\/02111131\/2703076-128-1-1-80x80.png 80w, https:\/\/static.formar.net\/wp-content\/uploads\/sites\/1\/2022\/10\/02111131\/2703076-128-1-1-100x100.png 100w, https:\/\/static.formar.net\/wp-content\/uploads\/sites\/1\/2022\/10\/02111131\/2703076-128-1-1-50x50.png 50w\" sizes=\"auto, (max-width: 128px) 100vw, 128px\" \/>\t\t\t\t\t<\/div>\n\t\t\t\t<\/div>\n\t\t\t<\/div>\n\t\t\t\t<div class=\"icon-box-text last-reset\">\n\t\t\t\t\t\t\t\t\t\n<h3>Serviciul clien\u021bi \u00eentotdeauna disponibil<\/h3>\n<p>Ne pute\u021bi contacta prin WhatsApp:  <a href=\"https:\/\/api.whatsapp.com\/send\/?phone=390715906063&amp;text&amp;type=phone_number&amp;app_absent=0\">+39 071 5906063<\/a><\/p>\n<p>Comenzi telefonice: <a href=\"tel:+39800122267\">800 122 267<\/a><\/p>\n\t\t<\/div>\n\t<\/div>\n\t\n\t\n\t\t<\/div>\n\t\t\t\t\t<\/div>\n\n\t\n\n\t<div id=\"col-1145114317\" class=\"col medium-3 small-12 large-3\"  >\n\t\t\t\t<div class=\"col-inner\"  >\n\t\t\t\n\t\t\t\n\n\t\t<div class=\"icon-box featured-box icon-box-center text-center\"  >\n\t\t\t\t\t<div class=\"icon-box-img\" style=\"width: 50px\">\n\t\t\t\t<div class=\"icon\">\n\t\t\t\t\t<div class=\"icon-inner\" >\n\t\t\t\t\t\t<img loading=\"lazy\" decoding=\"async\" width=\"256\" height=\"256\" src=\"https:\/\/static.formar.net\/wp-content\/uploads\/sites\/1\/2022\/11\/02111117\/Icona-carta-di-credito.png\" class=\"attachment-medium size-medium\" alt=\"\" srcset=\"https:\/\/static.formar.net\/wp-content\/uploads\/sites\/1\/2022\/11\/02111117\/Icona-carta-di-credito.png 256w, https:\/\/static.formar.net\/wp-content\/uploads\/sites\/1\/2022\/11\/02111117\/Icona-carta-di-credito-80x80.png 80w, https:\/\/static.formar.net\/wp-content\/uploads\/sites\/1\/2022\/11\/02111117\/Icona-carta-di-credito-100x100.png 100w, https:\/\/static.formar.net\/wp-content\/uploads\/sites\/1\/2022\/11\/02111117\/Icona-carta-di-credito-50x50.png 50w\" sizes=\"auto, (max-width: 256px) 100vw, 256px\" \/>\t\t\t\t\t<\/div>\n\t\t\t\t<\/div>\n\t\t\t<\/div>\n\t\t\t\t<div class=\"icon-box-text last-reset\">\n\t\t\t\t\t\t\t\t\t\n<h3>Alege\u021bi forma de plat\u0103<\/h3>\n<p>Plata prin Paypal, card de credit, numerar sau card de debit (la fa\u021ba locului) \u0219i numerar la livrare<\/p>\n\t\t<\/div>\n\t<\/div>\n\t\n\t\n\t\t<\/div>\n\t\t\t\t\t<\/div>\n\n\t\n\n\t<div id=\"col-1448679407\" class=\"col medium-3 small-12 large-3\"  >\n\t\t\t\t<div class=\"col-inner\"  >\n\t\t\t\n\t\t\t\n\n\t\t<div class=\"icon-box featured-box icon-box-center text-center\"  >\n\t\t\t\t\t<div class=\"icon-box-img\" style=\"width: 50px\">\n\t\t\t\t<div class=\"icon\">\n\t\t\t\t\t<div class=\"icon-inner\" >\n\t\t\t\t\t\t<img loading=\"lazy\" decoding=\"async\" width=\"128\" height=\"128\" src=\"https:\/\/static.formar.net\/wp-content\/uploads\/sites\/1\/2022\/10\/02111130\/3669335-128-1.png\" class=\"attachment-medium size-medium\" alt=\"\" srcset=\"https:\/\/static.formar.net\/wp-content\/uploads\/sites\/1\/2022\/10\/02111130\/3669335-128-1.png 128w, https:\/\/static.formar.net\/wp-content\/uploads\/sites\/1\/2022\/10\/02111130\/3669335-128-1-80x80.png 80w, https:\/\/static.formar.net\/wp-content\/uploads\/sites\/1\/2022\/10\/02111130\/3669335-128-1-100x100.png 100w, https:\/\/static.formar.net\/wp-content\/uploads\/sites\/1\/2022\/10\/02111130\/3669335-128-1-50x50.png 50w\" sizes=\"auto, (max-width: 128px) 100vw, 128px\" \/>\t\t\t\t\t<\/div>\n\t\t\t\t<\/div>\n\t\t\t<\/div>\n\t\t\t\t<div class=\"icon-box-text last-reset\">\n\t\t\t\t\t\t\t\t\t\n<h3>Returnare u\u0219oar\u0103 \u0219i f\u0103r\u0103 griji<\/h3>\n<p>\u00cen caz de probleme, organiz\u0103m preluarea direct la adresa dumneavoastr\u0103.<a href=\"https:\/\/formar.shop\/ro\/norme-privind-returnarea\/\">(Mai multe detalii<\/a>).<\/p>\n\t\t<\/div>\n\t<\/div>\n\t\n\t\n\t\t<\/div>\n\t\t\t\t\t<\/div>\n\n\t\n\n\t<div id=\"col-1199157838\" class=\"col medium-3 small-12 large-3\"  >\n\t\t\t\t<div class=\"col-inner\"  >\n\t\t\t\n\t\t\t\n\n\t\t<div class=\"icon-box featured-box icon-box-center text-center\"  >\n\t\t\t\t\t<div class=\"icon-box-img\" style=\"width: 50px\">\n\t\t\t\t<div class=\"icon\">\n\t\t\t\t\t<div class=\"icon-inner\" >\n\t\t\t\t\t\t<img loading=\"lazy\" decoding=\"async\" width=\"128\" height=\"128\" src=\"https:\/\/static.formar.net\/wp-content\/uploads\/sites\/1\/2022\/10\/02111130\/5959201-128-1.png\" class=\"attachment-medium size-medium\" alt=\"\" srcset=\"https:\/\/static.formar.net\/wp-content\/uploads\/sites\/1\/2022\/10\/02111130\/5959201-128-1.png 128w, https:\/\/static.formar.net\/wp-content\/uploads\/sites\/1\/2022\/10\/02111130\/5959201-128-1-80x80.png 80w, https:\/\/static.formar.net\/wp-content\/uploads\/sites\/1\/2022\/10\/02111130\/5959201-128-1-100x100.png 100w, https:\/\/static.formar.net\/wp-content\/uploads\/sites\/1\/2022\/10\/02111130\/5959201-128-1-50x50.png 50w\" sizes=\"auto, (max-width: 128px) 100vw, 128px\" \/>\t\t\t\t\t<\/div>\n\t\t\t\t<\/div>\n\t\t\t<\/div>\n\t\t\t\t<div class=\"icon-box-text last-reset\">\n\t\t\t\t\t\t\t\t\t\n<h3>Garan\u021bia produc\u0103torului \u0219i piese de schimb<\/h3>\n<p>Toate produsele noastre vin cu garan\u021bia noastr\u0103. Pentru multe produse garant\u0103m piesele de schimb pentru aceea\u0219i perioad\u0103.<\/p>\n\t\t<\/div>\n\t<\/div>\n\t\n\t\n\t\t<\/div>\n\t\t\t\t\t<\/div>\n\n\t\n\n<style>\n#row-109367434 > .col > .col-inner {\n  padding: 20px 20px 20px 20px;\n}\n<\/style>\n<\/div>\n\t\t<\/div>\n\n\t\t\n<style>\n#section_592911678 {\n  padding-top: 30px;\n  padding-bottom: 30px;\n}\n<\/style>\n\t<\/section>\n\t\n\n\t<section class=\"section\" id=\"section_454721568\">\n\t\t<div class=\"section-bg fill\" >\n\t\t\t\t\t\t\t\t\t\n\t\t\t\n\n\t\t<\/div>\n\n\t\t\n\n\t\t<div class=\"section-content relative\">\n\t\t\t\n\t\t<\/div>\n\n\t\t\n<style>\n#section_454721568 {\n  padding-top: 30px;\n  padding-bottom: 30px;\n}\n<\/style>\n\t<\/section>\n\t\n","protected":false},"excerpt":{"rendered":"<p>Conceput \u0219i proiectat de designerul italian MARIO MAZZER, ghiveciul Tree 03 este format dintr-un cadru metalic vopsit \u00een alb \u0219i trei recipiente din polipropilen\u0103 disponibile \u00een trei culori: alb, gri \u0219i var.<br \/>\nBaza perforat\u0103 faciliteaz\u0103 scurgerea excesului de ap\u0103 \u0219i, datorit\u0103 instruc\u021biunilor din pachet, asamblarea este rapid\u0103 \u0219i u\u0219oar\u0103. <\/p>\n","protected":false},"featured_media":44863,"template":"","meta":{"_joinchat":[]},"product_brand":[],"product_cat":[1600,1723],"product_tag":[1724],"class_list":{"0":"post-44858","1":"product","2":"type-product","3":"status-publish","4":"has-post-thumbnail","6":"product_cat-acasa","7":"product_cat-ghivece","8":"product_tag-vaza","10":"first","11":"instock","12":"taxable","13":"shipping-taxable","14":"purchasable","15":"product-type-variable"},"yoast_head":"<!-- This site is optimized with the Yoast SEO plugin v27.3 - https:\/\/yoast.com\/product\/yoast-seo-wordpress\/ -->\n<title>Plantator - Copac 03 - Formar.shop<\/title>\n<meta name=\"robots\" content=\"index, follow, max-snippet:-1, max-image-preview:large, max-video-preview:-1\" \/>\n<link rel=\"canonical\" href=\"https:\/\/formar.shop\/ro\/prodotto\/plantator-copac-03\/\" \/>\n<script type=\"application\/ld+json\" class=\"yoast-schema-graph\">{\"@context\":\"https:\\\/\\\/schema.org\",\"@graph\":[{\"@type\":\"WebPage\",\"@id\":\"https:\\\/\\\/formar.shop\\\/ro\\\/prodotto\\\/plantator-copac-03\\\/\",\"url\":\"https:\\\/\\\/formar.shop\\\/ro\\\/prodotto\\\/plantator-copac-03\\\/\",\"name\":\"Plantator - Copac 03 - Formar.shop\",\"isPartOf\":{\"@id\":\"https:\\\/\\\/formar.shop\\\/ro\\\/#website\"},\"primaryImageOfPage\":{\"@id\":\"https:\\\/\\\/formar.shop\\\/ro\\\/prodotto\\\/plantator-copac-03\\\/#primaryimage\"},\"image\":{\"@id\":\"https:\\\/\\\/formar.shop\\\/ro\\\/prodotto\\\/plantator-copac-03\\\/#primaryimage\"},\"thumbnailUrl\":\"https:\\\/\\\/static.formar.net\\\/wp-content\\\/uploads\\\/2020\\\/12\\\/22160928\\\/Immagini-di-prodotto-x-Amazon-01-1.png\",\"datePublished\":\"2025-01-18T20:27:31+00:00\",\"dateModified\":\"2025-01-18T20:27:47+00:00\",\"breadcrumb\":{\"@id\":\"https:\\\/\\\/formar.shop\\\/ro\\\/prodotto\\\/plantator-copac-03\\\/#breadcrumb\"},\"inLanguage\":\"ro-RO\",\"potentialAction\":[{\"@type\":\"ReadAction\",\"target\":[\"https:\\\/\\\/formar.shop\\\/ro\\\/prodotto\\\/plantator-copac-03\\\/\"]}]},{\"@type\":\"ImageObject\",\"inLanguage\":\"ro-RO\",\"@id\":\"https:\\\/\\\/formar.shop\\\/ro\\\/prodotto\\\/plantator-copac-03\\\/#primaryimage\",\"url\":\"https:\\\/\\\/static.formar.net\\\/wp-content\\\/uploads\\\/2020\\\/12\\\/22160928\\\/Immagini-di-prodotto-x-Amazon-01-1.png\",\"contentUrl\":\"https:\\\/\\\/static.formar.net\\\/wp-content\\\/uploads\\\/2020\\\/12\\\/22160928\\\/Immagini-di-prodotto-x-Amazon-01-1.png\",\"width\":1001,\"height\":1001},{\"@type\":\"BreadcrumbList\",\"@id\":\"https:\\\/\\\/formar.shop\\\/ro\\\/prodotto\\\/plantator-copac-03\\\/#breadcrumb\",\"itemListElement\":[{\"@type\":\"ListItem\",\"position\":1,\"name\":\"Home\",\"item\":\"https:\\\/\\\/formar.shop\\\/ro\\\/proiect-automat\\\/\"},{\"@type\":\"ListItem\",\"position\":2,\"name\":\"Magazin\",\"item\":\"https:\\\/\\\/formar.shop\\\/ro\\\/magazin\\\/\"},{\"@type\":\"ListItem\",\"position\":3,\"name\":\"Plantator &#8211; Copac 03\"}]},{\"@type\":\"WebSite\",\"@id\":\"https:\\\/\\\/formar.shop\\\/ro\\\/#website\",\"url\":\"https:\\\/\\\/formar.shop\\\/ro\\\/\",\"name\":\"Formar.shop\",\"description\":\"Soluzioni espresse con stile\",\"potentialAction\":[{\"@type\":\"SearchAction\",\"target\":{\"@type\":\"EntryPoint\",\"urlTemplate\":\"https:\\\/\\\/formar.shop\\\/ro\\\/?s={search_term_string}\"},\"query-input\":{\"@type\":\"PropertyValueSpecification\",\"valueRequired\":true,\"valueName\":\"search_term_string\"}}],\"inLanguage\":\"ro-RO\"}]}<\/script>\n<!-- \/ Yoast SEO plugin. -->","yoast_head_json":{"title":"Plantator - Copac 03 - Formar.shop","robots":{"index":"index","follow":"follow","max-snippet":"max-snippet:-1","max-image-preview":"max-image-preview:large","max-video-preview":"max-video-preview:-1"},"canonical":"https:\/\/formar.shop\/ro\/prodotto\/plantator-copac-03\/","schema":{"@context":"https:\/\/schema.org","@graph":[{"@type":"WebPage","@id":"https:\/\/formar.shop\/ro\/prodotto\/plantator-copac-03\/","url":"https:\/\/formar.shop\/ro\/prodotto\/plantator-copac-03\/","name":"Plantator - Copac 03 - Formar.shop","isPartOf":{"@id":"https:\/\/formar.shop\/ro\/#website"},"primaryImageOfPage":{"@id":"https:\/\/formar.shop\/ro\/prodotto\/plantator-copac-03\/#primaryimage"},"image":{"@id":"https:\/\/formar.shop\/ro\/prodotto\/plantator-copac-03\/#primaryimage"},"thumbnailUrl":"https:\/\/static.formar.net\/wp-content\/uploads\/2020\/12\/22160928\/Immagini-di-prodotto-x-Amazon-01-1.png","datePublished":"2025-01-18T20:27:31+00:00","dateModified":"2025-01-18T20:27:47+00:00","breadcrumb":{"@id":"https:\/\/formar.shop\/ro\/prodotto\/plantator-copac-03\/#breadcrumb"},"inLanguage":"ro-RO","potentialAction":[{"@type":"ReadAction","target":["https:\/\/formar.shop\/ro\/prodotto\/plantator-copac-03\/"]}]},{"@type":"ImageObject","inLanguage":"ro-RO","@id":"https:\/\/formar.shop\/ro\/prodotto\/plantator-copac-03\/#primaryimage","url":"https:\/\/static.formar.net\/wp-content\/uploads\/2020\/12\/22160928\/Immagini-di-prodotto-x-Amazon-01-1.png","contentUrl":"https:\/\/static.formar.net\/wp-content\/uploads\/2020\/12\/22160928\/Immagini-di-prodotto-x-Amazon-01-1.png","width":1001,"height":1001},{"@type":"BreadcrumbList","@id":"https:\/\/formar.shop\/ro\/prodotto\/plantator-copac-03\/#breadcrumb","itemListElement":[{"@type":"ListItem","position":1,"name":"Home","item":"https:\/\/formar.shop\/ro\/proiect-automat\/"},{"@type":"ListItem","position":2,"name":"Magazin","item":"https:\/\/formar.shop\/ro\/magazin\/"},{"@type":"ListItem","position":3,"name":"Plantator &#8211; Copac 03"}]},{"@type":"WebSite","@id":"https:\/\/formar.shop\/ro\/#website","url":"https:\/\/formar.shop\/ro\/","name":"Formar.shop","description":"Soluzioni espresse con stile","potentialAction":[{"@type":"SearchAction","target":{"@type":"EntryPoint","urlTemplate":"https:\/\/formar.shop\/ro\/?s={search_term_string}"},"query-input":{"@type":"PropertyValueSpecification","valueRequired":true,"valueName":"search_term_string"}}],"inLanguage":"ro-RO"}]}},"_links":{"self":[{"href":"https:\/\/formar.shop\/ro\/wp-json\/wp\/v2\/product\/44858","targetHints":{"allow":["GET"]}}],"collection":[{"href":"https:\/\/formar.shop\/ro\/wp-json\/wp\/v2\/product"}],"about":[{"href":"https:\/\/formar.shop\/ro\/wp-json\/wp\/v2\/types\/product"}],"wp:featuredmedia":[{"embeddable":true,"href":"https:\/\/formar.shop\/ro\/wp-json\/wp\/v2\/media\/44863"}],"wp:attachment":[{"href":"https:\/\/formar.shop\/ro\/wp-json\/wp\/v2\/media?parent=44858"}],"wp:term":[{"taxonomy":"product_brand","embeddable":true,"href":"https:\/\/formar.shop\/ro\/wp-json\/wp\/v2\/product_brand?post=44858"},{"taxonomy":"product_cat","embeddable":true,"href":"https:\/\/formar.shop\/ro\/wp-json\/wp\/v2\/product_cat?post=44858"},{"taxonomy":"product_tag","embeddable":true,"href":"https:\/\/formar.shop\/ro\/wp-json\/wp\/v2\/product_tag?post=44858"}],"curies":[{"name":"wp","href":"https:\/\/api.w.org\/{rel}","templated":true}]}}