{"id":44755,"date":"2025-01-18T21:26:39","date_gmt":"2025-01-18T20:26:39","guid":{"rendered":"https:\/\/formar.shop\/prodotto\/biblioteca-scara\/"},"modified":"2025-01-18T21:26:45","modified_gmt":"2025-01-18T20:26:45","slug":"biblioteca-scara","status":"publish","type":"product","link":"https:\/\/formar.shop\/ro\/prodotto\/biblioteca-scara\/","title":{"rendered":"Bibliotec\u0103 &#8211; Scar\u0103"},"content":{"rendered":"<div class=\"is-divider divider clearfix\" style=\"max-width:2000px;\"><\/div>\n<div class=\"slider-wrapper relative\" id=\"slider-333989600\" >\n    <div class=\"slider slider-nav-circle slider-nav-large slider-nav-dark slider-style-normal\"\n        data-flickity-options='{\n            \"cellAlign\": \"center\",\n            \"imagesLoaded\": true,\n            \"lazyLoad\": 1,\n            \"freeScroll\": false,\n            \"wrapAround\": true,\n            \"autoPlay\": 6000,\n            \"pauseAutoPlayOnHover\" : true,\n            \"prevNextButtons\": true,\n            \"contain\" : true,\n            \"adaptiveHeight\" : true,\n            \"dragThreshold\" : 10,\n            \"percentPosition\": true,\n            \"pageDots\": true,\n            \"rightToLeft\": false,\n            \"draggable\": true,\n            \"selectedAttraction\": 0.1,\n            \"parallax\" : 0,\n            \"friction\": 0.6        }'\n        >\n        \n\t<div class=\"img has-hover x md-x lg-x y md-y lg-y\" id=\"image_450436302\">\n\t\t\t\t\t\t\t\t<div class=\"img-inner dark\" >\n\t\t\t<img loading=\"lazy\" decoding=\"async\" width=\"1001\" height=\"1001\" src=\"https:\/\/static.formar.net\/wp-content\/uploads\/2020\/12\/04155230\/Immagini-di-prodotto-x-Amazon-17.png\" class=\"attachment-large size-large\" alt=\"\" \/>\t\t\t\t\t\t\n\t\t\t\t\t<\/div>\n\t\t\t\t\t\t\t\t\n<style>\n#image_450436302 {\n  width: 100%;\n}\n<\/style>\n\t<\/div>\n\t\n\t<div class=\"img has-hover x md-x lg-x y md-y lg-y\" id=\"image_1128144848\">\n\t\t\t\t\t\t\t\t<div class=\"img-inner dark\" >\n\t\t\t<img loading=\"lazy\" decoding=\"async\" width=\"1001\" height=\"1001\" src=\"https:\/\/static.formar.net\/wp-content\/uploads\/2020\/12\/04155242\/Immagini-di-prodotto-x-Amazon-18.png\" class=\"attachment-large size-large\" alt=\"\" \/>\t\t\t\t\t\t\n\t\t\t\t\t<\/div>\n\t\t\t\t\t\t\t\t\n<style>\n#image_1128144848 {\n  width: 100%;\n}\n<\/style>\n\t<\/div>\n\t\n\t<div class=\"img has-hover x md-x lg-x y md-y lg-y\" id=\"image_543617681\">\n\t\t\t\t\t\t\t\t<div class=\"img-inner dark\" >\n\t\t\t<img loading=\"lazy\" decoding=\"async\" width=\"1001\" height=\"1001\" src=\"https:\/\/static.formar.net\/wp-content\/uploads\/2020\/12\/04155247\/Immagini-di-prodotto-x-Amazon-19.png\" class=\"attachment-large size-large\" alt=\"\" \/>\t\t\t\t\t\t\n\t\t\t\t\t<\/div>\n\t\t\t\t\t\t\t\t\n<style>\n#image_543617681 {\n  width: 100%;\n}\n<\/style>\n\t<\/div>\n\t\n\t<div class=\"img has-hover x md-x lg-x y md-y lg-y\" id=\"image_372058622\">\n\t\t\t\t\t\t\t\t<div class=\"img-inner dark\" >\n\t\t\t<img loading=\"lazy\" decoding=\"async\" width=\"1001\" height=\"1001\" src=\"https:\/\/static.formar.net\/wp-content\/uploads\/2020\/12\/22171519\/Immagini-di-prodotto-x-Amazon-16.png\" class=\"attachment-large size-large\" alt=\"\" \/>\t\t\t\t\t\t\n\t\t\t\t\t<\/div>\n\t\t\t\t\t\t\t\t\n<style>\n#image_372058622 {\n  width: 100%;\n}\n<\/style>\n\t<\/div>\n\t\n     <\/div>\n\n     <div class=\"loading-spin dark large centered\"><\/div>\n\n\t<\/div>\n\n\n<div class=\"is-divider divider clearfix\" style=\"max-width:2000px;\"><\/div>\n<h3>SCARA &#8211; BIBLIOTEC\u0102<\/h3>\n<p>Bibliotec\u0103 cu 5 rafturi util\u0103 pentru a profita la maximum de spa\u021biul liber \u0219i pentru a face ordine \u00een camer\u0103 <strong>cu stil<\/strong>.<\/p>\n<p class=\"a-spacing-mini\">Pentru a picta, pictorii folosesc dou\u0103 sc\u0103ri distan\u021bate \u00eentre ele \u0219i conectate cu o sc\u00e2ndur\u0103, plasat\u0103 la o anumit\u0103 \u00een\u0103l\u021bime, ca un raft pentru o mi\u0219care u\u0219oar\u0103.<br \/>\nAcest concept a inspirat ideea frumoasei rafturi Staircase, un element de mobilier <strong>de design<\/strong> care va ad\u0103uga o not\u0103 de personalitate camerei dvs. <\/p>\n<p>Un sistem frumos face posibil\u0103, prin plasarea unui suport suplimentar \u00een partea de jos, unirea<strong> mai multor rafturi \u00eempreun\u0103<\/strong> \u0219i extinderea astfel a zonei de rafturi.<\/p>\n<h3 class=\"av-special-heading-tag \">DESIGN PRODUS<\/h3>\n<p>Conceput \u0219i proiectat de designerul italian Mario Mazzer, care a absolvit arhitectura la Politehnica din Milano \u00een 1978 \u0219i designul industrial la Scuola Politecnica di Design din Milano \u00een 1979.<br \/>\nAici s-a format \u00een anii 1970, lucr\u00e2nd cu mae\u0219trii designului italian, iar \u00een 1980 a fondat Mario Mazzer Architects \u00een Conegliano Veneto.<br \/>\nLaureat al mai multor premii, a primit o men\u021biune de onoare la ID Annual Design Review din New York \u00een 1996.<br \/>\nPrin prezentarea lucr\u0103rilor sale, el a contribuit \u00een mare m\u0103sur\u0103 la promovarea popularit\u0103\u021bii produselor italiene \u00een \u00eentreaga lume. <\/p>\n<h3>ATEN\u021aIE LA DETALII<\/h3>\n<p>Biblioteca Staircase este extrem de bine g\u00e2ndit\u0103 \u00een ceea ce prive\u0219te detaliile \u0219i alegerea materialelor.<br \/>\nSe compune din: <\/p>\n<ul>\n<li>St\u00e2lpi din lemn <strong>masiv de fag <\/strong>natural de 4&#215;4 cm<\/li>\n<li>Nr. 5 rafturi MDF alb <strong>l\u0103cuit mat<\/strong><\/li>\n<li>Articula\u021bii <strong>albastru deschis<\/strong><\/li>\n<\/ul>\n<h3 class=\"av-special-heading-tag \">DIMENSIUNILE PRODUSULUI<\/h3>\n<p>Dimensiunile produsului: &#8211; 100 cm lungime &#8211; 40 cm ad\u00e2ncime &#8211; 170 cm \u00een\u0103l\u021bime<\/p>\n<h3>\u00ceNGRIJIRE \u0218I \u00ceNTRE\u021aINERE:<\/h3>\n<p>V\u0103 rug\u0103m s\u0103 testa\u021bi mai \u00eent\u00e2i compatibilitatea detergen\u021bilor pe o suprafa\u021b\u0103 nevizibil\u0103.<br \/>\nNu utiliza\u021bi niciodat\u0103 detergen\u021bi sau produse de lustruire cu particule abrazive sau degresante.<br \/>\n\u0218terge\u021bi \u00eentotdeauna cu o c\u00e2rp\u0103 umed\u0103 \u0219i usca\u021bi.<\/p>\n\n\t<section class=\"section\" id=\"section_1954640075\">\n\t\t<div class=\"section-bg fill\" >\n\t\t\t\t\t\t\t\t\t\n\t\t\t\n\n\t\t<\/div>\n\n\t\t\n\n\t\t<div class=\"section-content relative\">\n\t\t\t\n<div class=\"is-divider divider clearfix\" style=\"max-width:1000px;\"><\/div>\n<div class=\"row row-solid\"  id=\"row-1573810173\">\n\n\t<div id=\"col-1148204678\" class=\"col medium-3 small-12 large-3\"  >\n\t\t\t\t<div class=\"col-inner\"  >\n\t\t\t\n\t\t\t\n\n\t\t<div class=\"icon-box featured-box icon-box-center text-center\"  >\n\t\t\t\t\t<div class=\"icon-box-img\" style=\"width: 50px\">\n\t\t\t\t<div class=\"icon\">\n\t\t\t\t\t<div class=\"icon-inner\" >\n\t\t\t\t\t\t<img loading=\"lazy\" decoding=\"async\" width=\"128\" height=\"128\" src=\"https:\/\/static.formar.net\/wp-content\/uploads\/sites\/1\/2022\/10\/02111131\/2703076-128-1-1.png\" class=\"attachment-medium size-medium\" alt=\"\" srcset=\"https:\/\/static.formar.net\/wp-content\/uploads\/sites\/1\/2022\/10\/02111131\/2703076-128-1-1.png 128w, https:\/\/static.formar.net\/wp-content\/uploads\/sites\/1\/2022\/10\/02111131\/2703076-128-1-1-80x80.png 80w, https:\/\/static.formar.net\/wp-content\/uploads\/sites\/1\/2022\/10\/02111131\/2703076-128-1-1-100x100.png 100w, https:\/\/static.formar.net\/wp-content\/uploads\/sites\/1\/2022\/10\/02111131\/2703076-128-1-1-50x50.png 50w\" sizes=\"auto, (max-width: 128px) 100vw, 128px\" \/>\t\t\t\t\t<\/div>\n\t\t\t\t<\/div>\n\t\t\t<\/div>\n\t\t\t\t<div class=\"icon-box-text last-reset\">\n\t\t\t\t\t\t\t\t\t\n<h3>Serviciul clien\u021bi \u00eentotdeauna disponibil<\/h3>\n<p>Ne pute\u021bi contacta prin WhatsApp:  <a href=\"https:\/\/api.whatsapp.com\/send\/?phone=390715906063&amp;text&amp;type=phone_number&amp;app_absent=0\">+39 071 5906063<\/a><\/p>\n<p>Comenzi telefonice: <a href=\"tel:+39800122267\">800 122 267<\/a><\/p>\n\t\t<\/div>\n\t<\/div>\n\t\n\t\n\t\t<\/div>\n\t\t\t\t\t<\/div>\n\n\t\n\n\t<div id=\"col-73344453\" class=\"col medium-3 small-12 large-3\"  >\n\t\t\t\t<div class=\"col-inner\"  >\n\t\t\t\n\t\t\t\n\n\t\t<div class=\"icon-box featured-box icon-box-center text-center\"  >\n\t\t\t\t\t<div class=\"icon-box-img\" style=\"width: 50px\">\n\t\t\t\t<div class=\"icon\">\n\t\t\t\t\t<div class=\"icon-inner\" >\n\t\t\t\t\t\t<img loading=\"lazy\" decoding=\"async\" width=\"256\" height=\"256\" src=\"https:\/\/static.formar.net\/wp-content\/uploads\/sites\/1\/2022\/11\/02111117\/Icona-carta-di-credito.png\" class=\"attachment-medium size-medium\" alt=\"\" srcset=\"https:\/\/static.formar.net\/wp-content\/uploads\/sites\/1\/2022\/11\/02111117\/Icona-carta-di-credito.png 256w, https:\/\/static.formar.net\/wp-content\/uploads\/sites\/1\/2022\/11\/02111117\/Icona-carta-di-credito-80x80.png 80w, https:\/\/static.formar.net\/wp-content\/uploads\/sites\/1\/2022\/11\/02111117\/Icona-carta-di-credito-100x100.png 100w, https:\/\/static.formar.net\/wp-content\/uploads\/sites\/1\/2022\/11\/02111117\/Icona-carta-di-credito-50x50.png 50w\" sizes=\"auto, (max-width: 256px) 100vw, 256px\" \/>\t\t\t\t\t<\/div>\n\t\t\t\t<\/div>\n\t\t\t<\/div>\n\t\t\t\t<div class=\"icon-box-text last-reset\">\n\t\t\t\t\t\t\t\t\t\n<h3>Alege\u021bi forma de plat\u0103<\/h3>\n<p>Plata prin Paypal, card de credit, numerar sau card de debit (la fa\u021ba locului) \u0219i numerar la livrare<\/p>\n\t\t<\/div>\n\t<\/div>\n\t\n\t\n\t\t<\/div>\n\t\t\t\t\t<\/div>\n\n\t\n\n\t<div id=\"col-884077186\" class=\"col medium-3 small-12 large-3\"  >\n\t\t\t\t<div class=\"col-inner\"  >\n\t\t\t\n\t\t\t\n\n\t\t<div class=\"icon-box featured-box icon-box-center text-center\"  >\n\t\t\t\t\t<div class=\"icon-box-img\" style=\"width: 50px\">\n\t\t\t\t<div class=\"icon\">\n\t\t\t\t\t<div class=\"icon-inner\" >\n\t\t\t\t\t\t<img loading=\"lazy\" decoding=\"async\" width=\"128\" height=\"128\" src=\"https:\/\/static.formar.net\/wp-content\/uploads\/sites\/1\/2022\/10\/02111130\/3669335-128-1.png\" class=\"attachment-medium size-medium\" alt=\"\" srcset=\"https:\/\/static.formar.net\/wp-content\/uploads\/sites\/1\/2022\/10\/02111130\/3669335-128-1.png 128w, https:\/\/static.formar.net\/wp-content\/uploads\/sites\/1\/2022\/10\/02111130\/3669335-128-1-80x80.png 80w, https:\/\/static.formar.net\/wp-content\/uploads\/sites\/1\/2022\/10\/02111130\/3669335-128-1-100x100.png 100w, https:\/\/static.formar.net\/wp-content\/uploads\/sites\/1\/2022\/10\/02111130\/3669335-128-1-50x50.png 50w\" sizes=\"auto, (max-width: 128px) 100vw, 128px\" \/>\t\t\t\t\t<\/div>\n\t\t\t\t<\/div>\n\t\t\t<\/div>\n\t\t\t\t<div class=\"icon-box-text last-reset\">\n\t\t\t\t\t\t\t\t\t\n<h3>Returnare u\u0219oar\u0103 \u0219i f\u0103r\u0103 griji<\/h3>\n<p>\u00cen caz de probleme, organiz\u0103m preluarea direct la adresa dumneavoastr\u0103.<a href=\"https:\/\/formar.shop\/ro\/norme-privind-returnarea\/\">(Mai multe detalii<\/a>).<\/p>\n\t\t<\/div>\n\t<\/div>\n\t\n\t\n\t\t<\/div>\n\t\t\t\t\t<\/div>\n\n\t\n\n\t<div id=\"col-450050168\" class=\"col medium-3 small-12 large-3\"  >\n\t\t\t\t<div class=\"col-inner\"  >\n\t\t\t\n\t\t\t\n\n\t\t<div class=\"icon-box featured-box icon-box-center text-center\"  >\n\t\t\t\t\t<div class=\"icon-box-img\" style=\"width: 50px\">\n\t\t\t\t<div class=\"icon\">\n\t\t\t\t\t<div class=\"icon-inner\" >\n\t\t\t\t\t\t<img loading=\"lazy\" decoding=\"async\" width=\"128\" height=\"128\" src=\"https:\/\/static.formar.net\/wp-content\/uploads\/sites\/1\/2022\/10\/02111130\/5959201-128-1.png\" class=\"attachment-medium size-medium\" alt=\"\" srcset=\"https:\/\/static.formar.net\/wp-content\/uploads\/sites\/1\/2022\/10\/02111130\/5959201-128-1.png 128w, https:\/\/static.formar.net\/wp-content\/uploads\/sites\/1\/2022\/10\/02111130\/5959201-128-1-80x80.png 80w, https:\/\/static.formar.net\/wp-content\/uploads\/sites\/1\/2022\/10\/02111130\/5959201-128-1-100x100.png 100w, https:\/\/static.formar.net\/wp-content\/uploads\/sites\/1\/2022\/10\/02111130\/5959201-128-1-50x50.png 50w\" sizes=\"auto, (max-width: 128px) 100vw, 128px\" \/>\t\t\t\t\t<\/div>\n\t\t\t\t<\/div>\n\t\t\t<\/div>\n\t\t\t\t<div class=\"icon-box-text last-reset\">\n\t\t\t\t\t\t\t\t\t\n<h3>Garan\u021bia produc\u0103torului \u0219i piese de schimb<\/h3>\n<p>Toate produsele noastre vin cu garan\u021bia noastr\u0103. Pentru multe produse garant\u0103m piesele de schimb pentru aceea\u0219i perioad\u0103.<\/p>\n\t\t<\/div>\n\t<\/div>\n\t\n\t\n\t\t<\/div>\n\t\t\t\t\t<\/div>\n\n\t\n\n<style>\n#row-1573810173 > .col > .col-inner {\n  padding: 20px 20px 20px 20px;\n}\n<\/style>\n<\/div>\n\t\t<\/div>\n\n\t\t\n<style>\n#section_1954640075 {\n  padding-top: 30px;\n  padding-bottom: 30px;\n}\n<\/style>\n\t<\/section>\n\t\n\n\t<section class=\"section\" id=\"section_239058080\">\n\t\t<div class=\"section-bg fill\" >\n\t\t\t\t\t\t\t\t\t\n\t\t\t\n\n\t\t<\/div>\n\n\t\t\n\n\t\t<div class=\"section-content relative\">\n\t\t\t\n\t\t<\/div>\n\n\t\t\n<style>\n#section_239058080 {\n  padding-top: 30px;\n  padding-bottom: 30px;\n}\n<\/style>\n\t<\/section>\n\t\n","protected":false},"excerpt":{"rendered":"<p>Conceput\u0103 \u0219i proiectat\u0103 de designerul italian MARIO MAZZER, biblioteca Staircase se inspir\u0103 din sc\u0103rile folosite de pictori pentru a picta.<br \/>\nStructura principal\u0103 este realizat\u0103 din lemn masiv de fag natural, \u00een timp ce rafturile sunt realizate din MDF l\u0103cuit alb mat.<br \/>\nAsamblarea este rapid\u0103 \u0219i u\u0219oar\u0103.  <\/p>\n","protected":false},"featured_media":44761,"template":"","meta":{"_joinchat":[]},"product_brand":[],"product_cat":[1600,1657],"product_tag":[1658],"class_list":{"0":"post-44755","1":"product","2":"type-product","3":"status-publish","4":"has-post-thumbnail","6":"product_cat-acasa","7":"product_cat-librarii","8":"product_tag-librarii","10":"first","11":"instock","12":"sale","13":"taxable","14":"shipping-taxable","15":"purchasable","16":"product-type-simple"},"yoast_head":"<!-- This site is optimized with the Yoast SEO plugin v27.3 - https:\/\/yoast.com\/product\/yoast-seo-wordpress\/ -->\n<title>Bibliotec\u0103 - Scar\u0103 - Formar.shop<\/title>\n<meta name=\"robots\" content=\"index, follow, max-snippet:-1, max-image-preview:large, max-video-preview:-1\" \/>\n<link rel=\"canonical\" href=\"https:\/\/formar.shop\/ro\/prodotto\/biblioteca-scara\/\" \/>\n<script type=\"application\/ld+json\" class=\"yoast-schema-graph\">{\"@context\":\"https:\\\/\\\/schema.org\",\"@graph\":[{\"@type\":\"WebPage\",\"@id\":\"https:\\\/\\\/formar.shop\\\/ro\\\/prodotto\\\/biblioteca-scara\\\/\",\"url\":\"https:\\\/\\\/formar.shop\\\/ro\\\/prodotto\\\/biblioteca-scara\\\/\",\"name\":\"Bibliotec\u0103 - Scar\u0103 - Formar.shop\",\"isPartOf\":{\"@id\":\"https:\\\/\\\/formar.shop\\\/ro\\\/#website\"},\"primaryImageOfPage\":{\"@id\":\"https:\\\/\\\/formar.shop\\\/ro\\\/prodotto\\\/biblioteca-scara\\\/#primaryimage\"},\"image\":{\"@id\":\"https:\\\/\\\/formar.shop\\\/ro\\\/prodotto\\\/biblioteca-scara\\\/#primaryimage\"},\"thumbnailUrl\":\"https:\\\/\\\/static.formar.net\\\/wp-content\\\/uploads\\\/2020\\\/12\\\/22171519\\\/Immagini-di-prodotto-x-Amazon-16.png\",\"datePublished\":\"2025-01-18T20:26:39+00:00\",\"dateModified\":\"2025-01-18T20:26:45+00:00\",\"breadcrumb\":{\"@id\":\"https:\\\/\\\/formar.shop\\\/ro\\\/prodotto\\\/biblioteca-scara\\\/#breadcrumb\"},\"inLanguage\":\"ro-RO\",\"potentialAction\":[{\"@type\":\"ReadAction\",\"target\":[\"https:\\\/\\\/formar.shop\\\/ro\\\/prodotto\\\/biblioteca-scara\\\/\"]}]},{\"@type\":\"ImageObject\",\"inLanguage\":\"ro-RO\",\"@id\":\"https:\\\/\\\/formar.shop\\\/ro\\\/prodotto\\\/biblioteca-scara\\\/#primaryimage\",\"url\":\"https:\\\/\\\/static.formar.net\\\/wp-content\\\/uploads\\\/2020\\\/12\\\/22171519\\\/Immagini-di-prodotto-x-Amazon-16.png\",\"contentUrl\":\"https:\\\/\\\/static.formar.net\\\/wp-content\\\/uploads\\\/2020\\\/12\\\/22171519\\\/Immagini-di-prodotto-x-Amazon-16.png\",\"width\":1001,\"height\":1001},{\"@type\":\"BreadcrumbList\",\"@id\":\"https:\\\/\\\/formar.shop\\\/ro\\\/prodotto\\\/biblioteca-scara\\\/#breadcrumb\",\"itemListElement\":[{\"@type\":\"ListItem\",\"position\":1,\"name\":\"Home\",\"item\":\"https:\\\/\\\/formar.shop\\\/ro\\\/proiect-automat\\\/\"},{\"@type\":\"ListItem\",\"position\":2,\"name\":\"Magazin\",\"item\":\"https:\\\/\\\/formar.shop\\\/ro\\\/magazin\\\/\"},{\"@type\":\"ListItem\",\"position\":3,\"name\":\"Bibliotec\u0103 &#8211; Scar\u0103\"}]},{\"@type\":\"WebSite\",\"@id\":\"https:\\\/\\\/formar.shop\\\/ro\\\/#website\",\"url\":\"https:\\\/\\\/formar.shop\\\/ro\\\/\",\"name\":\"Formar.shop\",\"description\":\"Soluzioni espresse con stile\",\"potentialAction\":[{\"@type\":\"SearchAction\",\"target\":{\"@type\":\"EntryPoint\",\"urlTemplate\":\"https:\\\/\\\/formar.shop\\\/ro\\\/?s={search_term_string}\"},\"query-input\":{\"@type\":\"PropertyValueSpecification\",\"valueRequired\":true,\"valueName\":\"search_term_string\"}}],\"inLanguage\":\"ro-RO\"}]}<\/script>\n<!-- \/ Yoast SEO plugin. -->","yoast_head_json":{"title":"Bibliotec\u0103 - Scar\u0103 - Formar.shop","robots":{"index":"index","follow":"follow","max-snippet":"max-snippet:-1","max-image-preview":"max-image-preview:large","max-video-preview":"max-video-preview:-1"},"canonical":"https:\/\/formar.shop\/ro\/prodotto\/biblioteca-scara\/","schema":{"@context":"https:\/\/schema.org","@graph":[{"@type":"WebPage","@id":"https:\/\/formar.shop\/ro\/prodotto\/biblioteca-scara\/","url":"https:\/\/formar.shop\/ro\/prodotto\/biblioteca-scara\/","name":"Bibliotec\u0103 - Scar\u0103 - Formar.shop","isPartOf":{"@id":"https:\/\/formar.shop\/ro\/#website"},"primaryImageOfPage":{"@id":"https:\/\/formar.shop\/ro\/prodotto\/biblioteca-scara\/#primaryimage"},"image":{"@id":"https:\/\/formar.shop\/ro\/prodotto\/biblioteca-scara\/#primaryimage"},"thumbnailUrl":"https:\/\/static.formar.net\/wp-content\/uploads\/2020\/12\/22171519\/Immagini-di-prodotto-x-Amazon-16.png","datePublished":"2025-01-18T20:26:39+00:00","dateModified":"2025-01-18T20:26:45+00:00","breadcrumb":{"@id":"https:\/\/formar.shop\/ro\/prodotto\/biblioteca-scara\/#breadcrumb"},"inLanguage":"ro-RO","potentialAction":[{"@type":"ReadAction","target":["https:\/\/formar.shop\/ro\/prodotto\/biblioteca-scara\/"]}]},{"@type":"ImageObject","inLanguage":"ro-RO","@id":"https:\/\/formar.shop\/ro\/prodotto\/biblioteca-scara\/#primaryimage","url":"https:\/\/static.formar.net\/wp-content\/uploads\/2020\/12\/22171519\/Immagini-di-prodotto-x-Amazon-16.png","contentUrl":"https:\/\/static.formar.net\/wp-content\/uploads\/2020\/12\/22171519\/Immagini-di-prodotto-x-Amazon-16.png","width":1001,"height":1001},{"@type":"BreadcrumbList","@id":"https:\/\/formar.shop\/ro\/prodotto\/biblioteca-scara\/#breadcrumb","itemListElement":[{"@type":"ListItem","position":1,"name":"Home","item":"https:\/\/formar.shop\/ro\/proiect-automat\/"},{"@type":"ListItem","position":2,"name":"Magazin","item":"https:\/\/formar.shop\/ro\/magazin\/"},{"@type":"ListItem","position":3,"name":"Bibliotec\u0103 &#8211; Scar\u0103"}]},{"@type":"WebSite","@id":"https:\/\/formar.shop\/ro\/#website","url":"https:\/\/formar.shop\/ro\/","name":"Formar.shop","description":"Soluzioni espresse con stile","potentialAction":[{"@type":"SearchAction","target":{"@type":"EntryPoint","urlTemplate":"https:\/\/formar.shop\/ro\/?s={search_term_string}"},"query-input":{"@type":"PropertyValueSpecification","valueRequired":true,"valueName":"search_term_string"}}],"inLanguage":"ro-RO"}]}},"_links":{"self":[{"href":"https:\/\/formar.shop\/ro\/wp-json\/wp\/v2\/product\/44755","targetHints":{"allow":["GET"]}}],"collection":[{"href":"https:\/\/formar.shop\/ro\/wp-json\/wp\/v2\/product"}],"about":[{"href":"https:\/\/formar.shop\/ro\/wp-json\/wp\/v2\/types\/product"}],"wp:featuredmedia":[{"embeddable":true,"href":"https:\/\/formar.shop\/ro\/wp-json\/wp\/v2\/media\/44761"}],"wp:attachment":[{"href":"https:\/\/formar.shop\/ro\/wp-json\/wp\/v2\/media?parent=44755"}],"wp:term":[{"taxonomy":"product_brand","embeddable":true,"href":"https:\/\/formar.shop\/ro\/wp-json\/wp\/v2\/product_brand?post=44755"},{"taxonomy":"product_cat","embeddable":true,"href":"https:\/\/formar.shop\/ro\/wp-json\/wp\/v2\/product_cat?post=44755"},{"taxonomy":"product_tag","embeddable":true,"href":"https:\/\/formar.shop\/ro\/wp-json\/wp\/v2\/product_tag?post=44755"}],"curies":[{"name":"wp","href":"https:\/\/api.w.org\/{rel}","templated":true}]}}