{"id":44406,"date":"2022-05-31T19:21:33","date_gmt":"2025-01-18T20:23:50","guid":{"rendered":"https:\/\/formar.shop\/prodotto\/masa-de-banca\/"},"modified":"2025-11-18T10:41:42","modified_gmt":"2025-11-18T09:41:42","slug":"masa-de-banca","status":"publish","type":"product","link":"https:\/\/formar.shop\/ro\/prodotto\/masa-de-banca\/","title":{"rendered":"Mas\u0103 de banc\u0103"},"content":{"rendered":"\t<div id=\"gap-1274744579\" class=\"gap-element clearfix\" style=\"display:block; height:auto;\">\n\t\t\n<style>\n#gap-1274744579 {\n  padding-top: 30px;\n}\n<\/style>\n\t<\/div>\n\t\n\t<div id=\"text-2659572967\" class=\"text\">\n\t\t\n<h3 style=\"text-align: center;\"><span style=\"color: #333333;\">Sal\u0103 de a\u0219teptare banc de mas\u0103<\/span><\/h3>\n\t\t\n<style>\n#text-2659572967 {\n  font-size: 2rem;\n  line-height: 1;\n  text-align: center;\n  color: rgb(133, 215, 130);\n}\n#text-2659572967 > * {\n  color: rgb(133, 215, 130);\n}\n@media (min-width:550px) {\n  #text-2659572967 {\n    line-height: 0.75;\n  }\n}\n<\/style>\n\t<\/div>\n\t\n<div class=\"row\"  id=\"row-718952556\">\n\n\t<div id=\"col-611745882\" class=\"col small-12 large-12\"  >\n\t\t\t\t<div class=\"col-inner\"  >\n\t\t\t\n\t\t\t\n\n\t<section class=\"section dark\" id=\"section_1786320150\">\n\t\t<div class=\"section-bg fill\" >\n\t\t\t\t\t\t\t\t\t\n\t\t\t\n\n\t\t<\/div>\n\n\t\t\n\n\t\t<div class=\"section-content relative\">\n\t\t\t\n<div class=\"row align-center\"  id=\"row-1917816918\">\n\n\t<div id=\"col-1067347932\" class=\"col medium-9 small-12 large-6\"  >\n\t\t\t\t<div class=\"col-inner text-center\"  >\n\t\t\t\n\t\t\t\n\t\t<\/div>\n\t\t\t\t\t<\/div>\n\n\t\n<\/div>\n\t\t<\/div>\n\n\t\t\n<style>\n#section_1786320150 {\n  padding-top: 27px;\n  padding-bottom: 27px;\n  min-height: 400px;\n}\n#section_1786320150 .section-bg img {\n  object-position: 38% 61%;\n}\n@media (min-width:550px) {\n  #section_1786320150 {\n    min-height: 500px;\n  }\n}\n<\/style>\n\t<\/section>\n\t\n<div class=\"row\"  id=\"row-2057657936\">\n\n\t<div id=\"col-604907350\" class=\"col medium-6 small-12 large-6\"  >\n\t\t\t\t<div class=\"col-inner\"  >\n\t\t\t\n\t\t\t\n\t<div id=\"text-3211770963\" class=\"text\">\n\t\t\n<h3><span style=\"color: #333333;\">Tabl\u0103 de o\u021bel microperforat\u0103<\/span><\/h3>\n\t\t\n<style>\n#text-3211770963 {\n  font-size: 1rem;\n  line-height: 0.75;\n  text-align: center;\n  color: rgb(133, 215, 130);\n}\n#text-3211770963 > * {\n  color: rgb(133, 215, 130);\n}\n<\/style>\n\t<\/div>\n\t\n\n\t<section class=\"section dark\" id=\"section_2119482039\">\n\t\t<div class=\"section-bg fill\" >\n\t\t\t<img loading=\"lazy\" decoding=\"async\" width=\"1024\" height=\"683\" src=\"https:\/\/static.formar.net\/wp-content\/uploads\/2022\/03\/20173643\/IMG_0323.jpg\" class=\"bg attachment- size-\" alt=\"\" \/>\t\t\t\t\t\t\n\t\t\t\n\n\t\t<\/div>\n\n\t\t\n\n\t\t<div class=\"section-content relative\">\n\t\t\t\n\t<div id=\"gap-79517517\" class=\"gap-element clearfix\" style=\"display:block; height:auto;\">\n\t\t\n<style>\n#gap-79517517 {\n  padding-top: 40px;\n}\n<\/style>\n\t<\/div>\n\t\n<div class=\"row\"  id=\"row-438776692\">\n\n\t<div id=\"col-446995536\" class=\"col small-12 large-12\"  >\n\t\t\t\t<div class=\"col-inner text-center\"  >\n\t\t\t\n\t\t\t\n\t<div id=\"gap-1639787066\" class=\"gap-element clearfix\" style=\"display:block; height:auto;\">\n\t\t\n<style>\n#gap-1639787066 {\n  padding-top: 10px;\n}\n<\/style>\n\t<\/div>\n\t\n\t\t<\/div>\n\t\t\t\t\t<\/div>\n\n\t\n<\/div>\n\t\t<\/div>\n\n\t\t\n<style>\n#section_2119482039 {\n  padding-top: 0px;\n  padding-bottom: 0px;\n  min-height: 200px;\n}\n#section_2119482039 .section-bg img {\n  object-position: 66% 84%;\n}\n@media (min-width:550px) {\n  #section_2119482039 {\n    min-height: 275px;\n  }\n}\n<\/style>\n\t<\/section>\n\t\n\t\t<\/div>\n\t\t\t\t\t<\/div>\n\n\t\n\n\t<div id=\"col-1749938223\" class=\"col medium-6 small-12 large-6\"  >\n\t\t\t\t<div class=\"col-inner text-center\"  >\n\t\t\t\n\t\t\t\n\t<div id=\"text-2218409014\" class=\"text\">\n\t\t\n<h3><span style=\"color: #333333;\">Margini profilate<\/span><\/h3>\n\t\t\n<style>\n#text-2218409014 {\n  font-size: 1rem;\n  line-height: 0.75;\n  text-align: center;\n  color: rgb(133, 215, 130);\n}\n#text-2218409014 > * {\n  color: rgb(133, 215, 130);\n}\n<\/style>\n\t<\/div>\n\t\n\n\t<section class=\"section dark\" id=\"section_304930940\">\n\t\t<div class=\"section-bg fill\" >\n\t\t\t<img loading=\"lazy\" decoding=\"async\" width=\"1280\" height=\"730\" src=\"https:\/\/static.formar.net\/wp-content\/uploads\/2022\/03\/20173643\/photo_2022-03-16_19-17-54.jpg\" class=\"bg attachment- size-\" alt=\"\" \/>\t\t\t\t\t\t\n\t\t\t\n\n\t\t<\/div>\n\n\t\t\n\n\t\t<div class=\"section-content relative\">\n\t\t\t\n\t<div id=\"gap-169505517\" class=\"gap-element clearfix\" style=\"display:block; height:auto;\">\n\t\t\n<style>\n#gap-169505517 {\n  padding-top: 40px;\n}\n<\/style>\n\t<\/div>\n\t\n<div class=\"row\"  id=\"row-859487688\">\n\n\t<div id=\"col-1925107514\" class=\"col small-12 large-12\"  >\n\t\t\t\t<div class=\"col-inner text-center\"  >\n\t\t\t\n\t\t\t\n\t<div id=\"gap-1345162277\" class=\"gap-element clearfix\" style=\"display:block; height:auto;\">\n\t\t\n<style>\n#gap-1345162277 {\n  padding-top: 10px;\n}\n<\/style>\n\t<\/div>\n\t\n\t\t<\/div>\n\t\t\t\t\t<\/div>\n\n\t\n<\/div>\n\t\t<\/div>\n\n\t\t\n<style>\n#section_304930940 {\n  padding-top: 0px;\n  padding-bottom: 0px;\n  min-height: 200px;\n}\n#section_304930940 .section-bg img {\n  object-position: 66% 84%;\n}\n@media (min-width:550px) {\n  #section_304930940 {\n    min-height: 275px;\n  }\n}\n<\/style>\n\t<\/section>\n\t\n\t\t<\/div>\n\t\t\t\t\t<\/div>\n\n\t\n<\/div>\n\t\t<\/div>\n\t\t\t\t\t<\/div>\n\n\t\n<\/div>\n\n\t\t<div class=\"icon-box featured-box icon-box-top text-left\"  >\n\t\t\t\t<div class=\"icon-box-text last-reset\">\n\t\t\t\t\t\t\t\t\t\n<h3>Caracteristici<\/h3>\n<ul>\n<li><strong>\u00cen \u00eentregime metalic<\/strong>.<\/li>\n<li>Fabricate din acelea\u0219i materiale \u0219i grosimi ca \u0219i scaunele banchet\u0103 cu 2, 3, 4 \u0219i 5 locuri.<\/li>\n<li>Fabricat din <strong>o\u021bel<\/strong>, un material care garanteaz\u0103 rezisten\u021b\u0103 \u0219i durabilitate maxim\u0103, factori esen\u021biali pentru acest tip de mas\u0103. O\u021belul asigur\u0103 o durat\u0103 de via\u021b\u0103 mai lung\u0103 \u0219i o rezisten\u021b\u0103 mai mare la utilizare. <\/li>\n<li>Suprafa\u021ba de sprijin este din o\u021bel perforat \u0219i vopsit, la fel ca \u0219i scaunele. Profile laterale din o\u021bel cromat. <\/li>\n<li>Masa de a\u0219teptare poate fi instalat\u0103 \u00een orice pozi\u021bie preferat\u0103 \u00een locul unui scaun de pe b\u0103ncile cu 2, 3, 4 \u0219i 5 locuri.<\/li>\n<li>Masa va putea fi \u00eenlocuit\u0103 \u00een orice moment cu scaunul furnizat standard.<\/li>\n<li>Dimensiuni top cm W52x45P<\/li>\n<li>Greutate kg 2,5<\/li>\n<\/ul>\n\t<div id=\"gap-445054235\" class=\"gap-element clearfix\" style=\"display:block; height:auto;\">\n\t\t\n<style>\n#gap-445054235 {\n  padding-top: 50px;\n}\n<\/style>\n\t<\/div>\n\t\n<p>\u00ceNGRIJIRE \u0218I \u00ceNTRE\u021aINERE:<\/p>\n<p>Pentru cur\u0103\u021barea metalului, folose\u0219te o c\u00e2rp\u0103 moale \u0219i umed\u0103. Nu folosi bure\u021bi abrazivi sau produse abrazive cu solven\u021bi de orice tip, deoarece acestea pot deteriora suprafa\u021ba.<\/p>\n\t\t<\/div>\n\t<\/div>\n\t\n\t\n\n\t<section class=\"section\" id=\"section_1362339342\">\n\t\t<div class=\"section-bg fill\" >\n\t\t\t\t\t\t\t\t\t\n\t\t\t\n\n\t\t<\/div>\n\n\t\t\n\n\t\t<div class=\"section-content relative\">\n\t\t\t\n<div class=\"is-divider divider clearfix\" style=\"max-width:1000px;\"><\/div>\n<div class=\"row row-solid\"  id=\"row-1754403656\">\n\n\t<div id=\"col-2103632879\" class=\"col medium-3 small-12 large-3\"  >\n\t\t\t\t<div class=\"col-inner\"  >\n\t\t\t\n\t\t\t\n\n\t\t<div class=\"icon-box featured-box icon-box-center text-center\"  >\n\t\t\t\t\t<div class=\"icon-box-img\" style=\"width: 50px\">\n\t\t\t\t<div class=\"icon\">\n\t\t\t\t\t<div class=\"icon-inner\" >\n\t\t\t\t\t\t<img loading=\"lazy\" decoding=\"async\" width=\"128\" height=\"128\" src=\"https:\/\/static.formar.net\/wp-content\/uploads\/sites\/1\/2022\/10\/02111131\/2703076-128-1-1.png\" class=\"attachment-medium size-medium\" alt=\"\" srcset=\"https:\/\/static.formar.net\/wp-content\/uploads\/sites\/1\/2022\/10\/02111131\/2703076-128-1-1.png 128w, https:\/\/static.formar.net\/wp-content\/uploads\/sites\/1\/2022\/10\/02111131\/2703076-128-1-1-80x80.png 80w, https:\/\/static.formar.net\/wp-content\/uploads\/sites\/1\/2022\/10\/02111131\/2703076-128-1-1-100x100.png 100w, https:\/\/static.formar.net\/wp-content\/uploads\/sites\/1\/2022\/10\/02111131\/2703076-128-1-1-50x50.png 50w\" sizes=\"auto, (max-width: 128px) 100vw, 128px\" \/>\t\t\t\t\t<\/div>\n\t\t\t\t<\/div>\n\t\t\t<\/div>\n\t\t\t\t<div class=\"icon-box-text last-reset\">\n\t\t\t\t\t\t\t\t\t\n<h3>Serviciul clien\u021bi \u00eentotdeauna disponibil<\/h3>\n<p>Ne pute\u021bi contacta prin WhatsApp:  <a href=\"https:\/\/api.whatsapp.com\/send\/?phone=390715906063&amp;text&amp;type=phone_number&amp;app_absent=0\">+39 071 5906063<\/a><\/p>\n<p>Comenzi telefonice: <a href=\"tel:+39800122267\">800 122 267<\/a><\/p>\n\t\t<\/div>\n\t<\/div>\n\t\n\t\n\t\t<\/div>\n\t\t\t\t\t<\/div>\n\n\t\n\n\t<div id=\"col-1340376189\" class=\"col medium-3 small-12 large-3\"  >\n\t\t\t\t<div class=\"col-inner\"  >\n\t\t\t\n\t\t\t\n\n\t\t<div class=\"icon-box featured-box icon-box-center text-center\"  >\n\t\t\t\t\t<div class=\"icon-box-img\" style=\"width: 50px\">\n\t\t\t\t<div class=\"icon\">\n\t\t\t\t\t<div class=\"icon-inner\" >\n\t\t\t\t\t\t<img loading=\"lazy\" decoding=\"async\" width=\"256\" height=\"256\" src=\"https:\/\/static.formar.net\/wp-content\/uploads\/sites\/1\/2022\/11\/02111117\/Icona-carta-di-credito.png\" class=\"attachment-medium size-medium\" alt=\"\" srcset=\"https:\/\/static.formar.net\/wp-content\/uploads\/sites\/1\/2022\/11\/02111117\/Icona-carta-di-credito.png 256w, https:\/\/static.formar.net\/wp-content\/uploads\/sites\/1\/2022\/11\/02111117\/Icona-carta-di-credito-80x80.png 80w, https:\/\/static.formar.net\/wp-content\/uploads\/sites\/1\/2022\/11\/02111117\/Icona-carta-di-credito-100x100.png 100w, https:\/\/static.formar.net\/wp-content\/uploads\/sites\/1\/2022\/11\/02111117\/Icona-carta-di-credito-50x50.png 50w\" sizes=\"auto, (max-width: 256px) 100vw, 256px\" \/>\t\t\t\t\t<\/div>\n\t\t\t\t<\/div>\n\t\t\t<\/div>\n\t\t\t\t<div class=\"icon-box-text last-reset\">\n\t\t\t\t\t\t\t\t\t\n<h3>Alege\u021bi forma de plat\u0103<\/h3>\n<p>Plata prin Paypal, card de credit, numerar sau card de debit (la fa\u021ba locului) \u0219i numerar la livrare<\/p>\n\t\t<\/div>\n\t<\/div>\n\t\n\t\n\t\t<\/div>\n\t\t\t\t\t<\/div>\n\n\t\n\n\t<div id=\"col-622098901\" class=\"col medium-3 small-12 large-3\"  >\n\t\t\t\t<div class=\"col-inner\"  >\n\t\t\t\n\t\t\t\n\n\t\t<div class=\"icon-box featured-box icon-box-center text-center\"  >\n\t\t\t\t\t<div class=\"icon-box-img\" style=\"width: 50px\">\n\t\t\t\t<div class=\"icon\">\n\t\t\t\t\t<div class=\"icon-inner\" >\n\t\t\t\t\t\t<img loading=\"lazy\" decoding=\"async\" width=\"128\" height=\"128\" src=\"https:\/\/static.formar.net\/wp-content\/uploads\/sites\/1\/2022\/10\/02111130\/3669335-128-1.png\" class=\"attachment-medium size-medium\" alt=\"\" srcset=\"https:\/\/static.formar.net\/wp-content\/uploads\/sites\/1\/2022\/10\/02111130\/3669335-128-1.png 128w, https:\/\/static.formar.net\/wp-content\/uploads\/sites\/1\/2022\/10\/02111130\/3669335-128-1-80x80.png 80w, https:\/\/static.formar.net\/wp-content\/uploads\/sites\/1\/2022\/10\/02111130\/3669335-128-1-100x100.png 100w, https:\/\/static.formar.net\/wp-content\/uploads\/sites\/1\/2022\/10\/02111130\/3669335-128-1-50x50.png 50w\" sizes=\"auto, (max-width: 128px) 100vw, 128px\" \/>\t\t\t\t\t<\/div>\n\t\t\t\t<\/div>\n\t\t\t<\/div>\n\t\t\t\t<div class=\"icon-box-text last-reset\">\n\t\t\t\t\t\t\t\t\t\n<h3>Returnare u\u0219oar\u0103 \u0219i f\u0103r\u0103 griji<\/h3>\n<p>\u00cen caz de probleme, organiz\u0103m preluarea direct la adresa dumneavoastr\u0103.<a href=\"https:\/\/formar.shop\/ro\/norme-privind-returnarea\/\">(Mai multe detalii<\/a>).<\/p>\n\t\t<\/div>\n\t<\/div>\n\t\n\t\n\t\t<\/div>\n\t\t\t\t\t<\/div>\n\n\t\n\n\t<div id=\"col-2052514233\" class=\"col medium-3 small-12 large-3\"  >\n\t\t\t\t<div class=\"col-inner\"  >\n\t\t\t\n\t\t\t\n\n\t\t<div class=\"icon-box featured-box icon-box-center text-center\"  >\n\t\t\t\t\t<div class=\"icon-box-img\" style=\"width: 50px\">\n\t\t\t\t<div class=\"icon\">\n\t\t\t\t\t<div class=\"icon-inner\" >\n\t\t\t\t\t\t<img loading=\"lazy\" decoding=\"async\" width=\"128\" height=\"128\" src=\"https:\/\/static.formar.net\/wp-content\/uploads\/sites\/1\/2022\/10\/02111130\/5959201-128-1.png\" class=\"attachment-medium size-medium\" alt=\"\" srcset=\"https:\/\/static.formar.net\/wp-content\/uploads\/sites\/1\/2022\/10\/02111130\/5959201-128-1.png 128w, https:\/\/static.formar.net\/wp-content\/uploads\/sites\/1\/2022\/10\/02111130\/5959201-128-1-80x80.png 80w, https:\/\/static.formar.net\/wp-content\/uploads\/sites\/1\/2022\/10\/02111130\/5959201-128-1-100x100.png 100w, https:\/\/static.formar.net\/wp-content\/uploads\/sites\/1\/2022\/10\/02111130\/5959201-128-1-50x50.png 50w\" sizes=\"auto, (max-width: 128px) 100vw, 128px\" \/>\t\t\t\t\t<\/div>\n\t\t\t\t<\/div>\n\t\t\t<\/div>\n\t\t\t\t<div class=\"icon-box-text last-reset\">\n\t\t\t\t\t\t\t\t\t\n<h3>Garan\u021bia produc\u0103torului \u0219i piese de schimb<\/h3>\n<p>Toate produsele noastre vin cu garan\u021bia noastr\u0103. Pentru multe produse garant\u0103m piesele de schimb pentru aceea\u0219i perioad\u0103.<\/p>\n\t\t<\/div>\n\t<\/div>\n\t\n\t\n\t\t<\/div>\n\t\t\t\t\t<\/div>\n\n\t\n\n<style>\n#row-1754403656 > .col > .col-inner {\n  padding: 20px 20px 20px 20px;\n}\n<\/style>\n<\/div>\n\t\t<\/div>\n\n\t\t\n<style>\n#section_1362339342 {\n  padding-top: 30px;\n  padding-bottom: 30px;\n}\n<\/style>\n\t<\/section>\n\t\n","protected":false},"excerpt":{"rendered":"","protected":false},"featured_media":51674,"template":"","meta":{"_joinchat":[]},"product_brand":[],"product_cat":[1334,1493],"product_tag":[],"class_list":{"0":"post-44406","1":"product","2":"type-product","3":"status-publish","4":"has-post-thumbnail","6":"product_cat-birou","7":"product_cat-scaune-pentru-sala-de-asteptare","9":"first","10":"instock","11":"taxable","12":"shipping-taxable","13":"purchasable","14":"product-type-simple"},"yoast_head":"<!-- This site is optimized with the Yoast SEO plugin v27.3 - https:\/\/yoast.com\/product\/yoast-seo-wordpress\/ -->\n<title>Mas\u0103 de banc\u0103 - Formar.shop<\/title>\n<meta name=\"robots\" content=\"index, follow, max-snippet:-1, max-image-preview:large, max-video-preview:-1\" \/>\n<link rel=\"canonical\" href=\"https:\/\/formar.shop\/ro\/prodotto\/masa-de-banca\/\" \/>\n<script type=\"application\/ld+json\" class=\"yoast-schema-graph\">{\"@context\":\"https:\\\/\\\/schema.org\",\"@graph\":[{\"@type\":\"WebPage\",\"@id\":\"https:\\\/\\\/formar.shop\\\/ro\\\/prodotto\\\/masa-de-banca\\\/\",\"url\":\"https:\\\/\\\/formar.shop\\\/ro\\\/prodotto\\\/masa-de-banca\\\/\",\"name\":\"Mas\u0103 de banc\u0103 - Formar.shop\",\"isPartOf\":{\"@id\":\"https:\\\/\\\/formar.shop\\\/ro\\\/#website\"},\"primaryImageOfPage\":{\"@id\":\"https:\\\/\\\/formar.shop\\\/ro\\\/prodotto\\\/masa-de-banca\\\/#primaryimage\"},\"image\":{\"@id\":\"https:\\\/\\\/formar.shop\\\/ro\\\/prodotto\\\/masa-de-banca\\\/#primaryimage\"},\"thumbnailUrl\":\"https:\\\/\\\/static.formar.net\\\/wp-content\\\/uploads\\\/sites\\\/1\\\/2022\\\/05\\\/20144943\\\/tavolino_scontornato.png\",\"datePublished\":\"2025-01-18T20:23:50+00:00\",\"dateModified\":\"2025-11-18T09:41:42+00:00\",\"breadcrumb\":{\"@id\":\"https:\\\/\\\/formar.shop\\\/ro\\\/prodotto\\\/masa-de-banca\\\/#breadcrumb\"},\"inLanguage\":\"ro-RO\",\"potentialAction\":[{\"@type\":\"ReadAction\",\"target\":[\"https:\\\/\\\/formar.shop\\\/ro\\\/prodotto\\\/masa-de-banca\\\/\"]}]},{\"@type\":\"ImageObject\",\"inLanguage\":\"ro-RO\",\"@id\":\"https:\\\/\\\/formar.shop\\\/ro\\\/prodotto\\\/masa-de-banca\\\/#primaryimage\",\"url\":\"https:\\\/\\\/static.formar.net\\\/wp-content\\\/uploads\\\/sites\\\/1\\\/2022\\\/05\\\/20144943\\\/tavolino_scontornato.png\",\"contentUrl\":\"https:\\\/\\\/static.formar.net\\\/wp-content\\\/uploads\\\/sites\\\/1\\\/2022\\\/05\\\/20144943\\\/tavolino_scontornato.png\",\"width\":894,\"height\":894},{\"@type\":\"BreadcrumbList\",\"@id\":\"https:\\\/\\\/formar.shop\\\/ro\\\/prodotto\\\/masa-de-banca\\\/#breadcrumb\",\"itemListElement\":[{\"@type\":\"ListItem\",\"position\":1,\"name\":\"Home\",\"item\":\"https:\\\/\\\/formar.shop\\\/ro\\\/proiect-automat\\\/\"},{\"@type\":\"ListItem\",\"position\":2,\"name\":\"Magazin\",\"item\":\"https:\\\/\\\/formar.shop\\\/ro\\\/magazin\\\/\"},{\"@type\":\"ListItem\",\"position\":3,\"name\":\"Mas\u0103 de banc\u0103\"}]},{\"@type\":\"WebSite\",\"@id\":\"https:\\\/\\\/formar.shop\\\/ro\\\/#website\",\"url\":\"https:\\\/\\\/formar.shop\\\/ro\\\/\",\"name\":\"Formar.shop\",\"description\":\"Soluzioni espresse con stile\",\"potentialAction\":[{\"@type\":\"SearchAction\",\"target\":{\"@type\":\"EntryPoint\",\"urlTemplate\":\"https:\\\/\\\/formar.shop\\\/ro\\\/?s={search_term_string}\"},\"query-input\":{\"@type\":\"PropertyValueSpecification\",\"valueRequired\":true,\"valueName\":\"search_term_string\"}}],\"inLanguage\":\"ro-RO\"}]}<\/script>\n<!-- \/ Yoast SEO plugin. -->","yoast_head_json":{"title":"Mas\u0103 de banc\u0103 - Formar.shop","robots":{"index":"index","follow":"follow","max-snippet":"max-snippet:-1","max-image-preview":"max-image-preview:large","max-video-preview":"max-video-preview:-1"},"canonical":"https:\/\/formar.shop\/ro\/prodotto\/masa-de-banca\/","schema":{"@context":"https:\/\/schema.org","@graph":[{"@type":"WebPage","@id":"https:\/\/formar.shop\/ro\/prodotto\/masa-de-banca\/","url":"https:\/\/formar.shop\/ro\/prodotto\/masa-de-banca\/","name":"Mas\u0103 de banc\u0103 - Formar.shop","isPartOf":{"@id":"https:\/\/formar.shop\/ro\/#website"},"primaryImageOfPage":{"@id":"https:\/\/formar.shop\/ro\/prodotto\/masa-de-banca\/#primaryimage"},"image":{"@id":"https:\/\/formar.shop\/ro\/prodotto\/masa-de-banca\/#primaryimage"},"thumbnailUrl":"https:\/\/static.formar.net\/wp-content\/uploads\/sites\/1\/2022\/05\/20144943\/tavolino_scontornato.png","datePublished":"2025-01-18T20:23:50+00:00","dateModified":"2025-11-18T09:41:42+00:00","breadcrumb":{"@id":"https:\/\/formar.shop\/ro\/prodotto\/masa-de-banca\/#breadcrumb"},"inLanguage":"ro-RO","potentialAction":[{"@type":"ReadAction","target":["https:\/\/formar.shop\/ro\/prodotto\/masa-de-banca\/"]}]},{"@type":"ImageObject","inLanguage":"ro-RO","@id":"https:\/\/formar.shop\/ro\/prodotto\/masa-de-banca\/#primaryimage","url":"https:\/\/static.formar.net\/wp-content\/uploads\/sites\/1\/2022\/05\/20144943\/tavolino_scontornato.png","contentUrl":"https:\/\/static.formar.net\/wp-content\/uploads\/sites\/1\/2022\/05\/20144943\/tavolino_scontornato.png","width":894,"height":894},{"@type":"BreadcrumbList","@id":"https:\/\/formar.shop\/ro\/prodotto\/masa-de-banca\/#breadcrumb","itemListElement":[{"@type":"ListItem","position":1,"name":"Home","item":"https:\/\/formar.shop\/ro\/proiect-automat\/"},{"@type":"ListItem","position":2,"name":"Magazin","item":"https:\/\/formar.shop\/ro\/magazin\/"},{"@type":"ListItem","position":3,"name":"Mas\u0103 de banc\u0103"}]},{"@type":"WebSite","@id":"https:\/\/formar.shop\/ro\/#website","url":"https:\/\/formar.shop\/ro\/","name":"Formar.shop","description":"Soluzioni espresse con stile","potentialAction":[{"@type":"SearchAction","target":{"@type":"EntryPoint","urlTemplate":"https:\/\/formar.shop\/ro\/?s={search_term_string}"},"query-input":{"@type":"PropertyValueSpecification","valueRequired":true,"valueName":"search_term_string"}}],"inLanguage":"ro-RO"}]}},"_links":{"self":[{"href":"https:\/\/formar.shop\/ro\/wp-json\/wp\/v2\/product\/44406","targetHints":{"allow":["GET"]}}],"collection":[{"href":"https:\/\/formar.shop\/ro\/wp-json\/wp\/v2\/product"}],"about":[{"href":"https:\/\/formar.shop\/ro\/wp-json\/wp\/v2\/types\/product"}],"wp:featuredmedia":[{"embeddable":true,"href":"https:\/\/formar.shop\/ro\/wp-json\/wp\/v2\/media\/51674"}],"wp:attachment":[{"href":"https:\/\/formar.shop\/ro\/wp-json\/wp\/v2\/media?parent=44406"}],"wp:term":[{"taxonomy":"product_brand","embeddable":true,"href":"https:\/\/formar.shop\/ro\/wp-json\/wp\/v2\/product_brand?post=44406"},{"taxonomy":"product_cat","embeddable":true,"href":"https:\/\/formar.shop\/ro\/wp-json\/wp\/v2\/product_cat?post=44406"},{"taxonomy":"product_tag","embeddable":true,"href":"https:\/\/formar.shop\/ro\/wp-json\/wp\/v2\/product_tag?post=44406"}],"curies":[{"name":"wp","href":"https:\/\/api.w.org\/{rel}","templated":true}]}}