{"id":47783,"date":"2025-01-18T21:35:26","date_gmt":"2025-01-18T20:35:26","guid":{"rendered":"https:\/\/formar.shop\/ordine-receptie-ce-trebuie-sa-faceti\/"},"modified":"2025-01-18T21:35:29","modified_gmt":"2025-01-18T20:35:29","slug":"ordine-receptie-ce-trebuie-sa-faceti","status":"publish","type":"page","link":"https:\/\/formar.shop\/ro\/ordine-receptie-ce-trebuie-sa-faceti\/","title":{"rendered":"ORDINE RECEP\u021aIE: ce trebuie s\u0103 face\u021bi?"},"content":{"rendered":"<p>Stimate client,<\/p>\n<p>Pentru a ne asigura c\u0103 achizi\u021bia dvs. ajunge \u00een stare perfect\u0103, am folosit \u00eentotdeauna curieri profesioni\u0219ti. Dar uneori se poate \u00eent\u00e2mpla ca pachetele sau coletele cu articole comandate s\u0103 nu ajung\u0103 \u00een starea lor original\u0103 \u0219i s\u0103 nu fie manipulate cu aceea\u0219i grij\u0103 pe care o folosim de obicei. Din acest motiv, v\u0103 rug\u0103m s\u0103 arunca\u021bi o privire rapid\u0103 la mementoul de mai jos:<\/p>\n<ul>\n<li><span style=\"background-color: #ffff00;\">Verifica\u021bi \u00eentotdeauna dac\u0103 num\u0103rul de colete primite corespunde cu num\u0103rul de colete marcate \u00een documentul de transport.<\/span><\/li>\n<li><span style=\"background-color: #ffff00;\">Verifica\u021bi \u00eentotdeauna integritatea perfect\u0103 a ambalajului, fie c\u0103 este vorba de un palet sau de pachete libere<\/span>.<\/li>\n<\/ul>\n<p><strong><span style=\"color: #ed1c24; font-size: 120%;\"><em>\u00cen cazul unei anomalii cantitative sau calitative, livrarea va fi acceptat\u0103 numai prin introducerea urm\u0103toarelor informa\u021bii \u00een chitan\u021b\u0103:<\/em><\/span><\/strong><\/p>\n<p style=\"text-align: center;\"><span style=\"background-color: #ffff00;\">SPECIFIC RESERVE\u00b9 \u0219i o descriere a discrepan\u021belor constatate.<\/span><br \/><span style=\"background-color: #ffff00;\">eviden\u021bierea pe POD\/palmare a discrepan\u021belor constatate<\/span><\/p>\n<p>(N.B. rezervele generice precum &#8222;bunuri neconforme&#8221; sau &#8222;rezerv\u0103 de control&#8221; nu sunt considerate valabile)<\/p>\n<p><strong><em>Anun\u021ba\u021bi-ne imediat prin e-mail (shop@formar-contract.it), indic\u00e2nd anomalia constatat\u0103 \u00een livrare \u0219i fotografia chitan\u021bei emise de curier, indic\u00e2nd Rezervarea specific\u0103 pe care a\u021bi semnat-o.<\/em><\/strong><\/p>\n<p><span style=\"background-color: #ffff00;\"><strong><span style=\"font-size: 105%; background-color: #ffff00;\">I M P O R T A N T !!!<\/span><\/strong><\/span><\/p>\n<p><span style=\"color: #ed1c24;\">Semna\u021bi cu <span style=\"font-size: 95%;\"><strong>Rezervare specific\u0103<\/strong><\/span> \u00eenseamn\u0103 c\u0103 destinatarul \u00ee\u0219i rezerv\u0103 dreptul de a verifica integritatea bunurilor, cu posibilitatea de a se \u00eendrepta \u00eempotriva transportatorului \u00een caz de deteriorare.<\/span><\/p>\n<p>\u00b9 <strong><em>Face\u021bi clic pe butonul de mai jos \u0219i ve\u021bi g\u0103si un pdf, care arat\u0103 cum s\u0103 pune\u021bi formularea Specific Reserve \u0219i o descriere generic\u0103 a discrepan\u021bei.<\/em><\/strong><\/p>\n<p>V\u0103 mul\u021bumim pentru cooperare \u0219i disponibilitate!<br \/>Echipa Formar Contract Srl<\/p>\n<a href=\"https:\/\/formar.shop\/wp-content\/uploads\/2022\/04\/riserva-di-controllo-Formar-Shop.pdf\" target=\"_blank\" class=\"button primary\" rel=\"noopener\" style=\"border-radius:10px;\">\n\t\t<span>Rezerv\u0103 Specific_Pod<\/span>\n\t<i class=\"icon-user\" aria-hidden=\"true\"><\/i><\/a>\n\n","protected":false},"excerpt":{"rendered":"<p>Stimate client, Pentru a ne asigura c\u0103 achizi\u021bia dvs. ajunge \u00een stare perfect\u0103, am folosit \u00eentotdeauna curieri profesioni\u0219ti. Dar uneori se poate \u00eent\u00e2mpla ca pachetele sau coletele cu articole comandate s\u0103 nu ajung\u0103 \u00een starea lor original\u0103 \u0219i s\u0103 nu fie manipulate cu aceea\u0219i grij\u0103 pe care o folosim de obicei. Din acest motiv, v\u0103 [&#8230;]\n","protected":false},"author":175,"featured_media":0,"parent":0,"menu_order":0,"comment_status":"closed","ping_status":"closed","template":"","meta":{"_joinchat":[],"footnotes":""},"class_list":["post-47783","page","type-page","status-publish","hentry"],"yoast_head":"<!-- This site is optimized with the Yoast SEO plugin v27.3 - https:\/\/yoast.com\/product\/yoast-seo-wordpress\/ -->\n<title>ORDINE RECEP\u021aIE: ce trebuie s\u0103 face\u021bi? - Formar.shop<\/title>\n<meta name=\"robots\" content=\"index, follow, max-snippet:-1, max-image-preview:large, max-video-preview:-1\" \/>\n<link rel=\"canonical\" href=\"https:\/\/formar.shop\/ro\/ordine-receptie-ce-trebuie-sa-faceti\/\" \/>\n<script type=\"application\/ld+json\" class=\"yoast-schema-graph\">{\"@context\":\"https:\\\/\\\/schema.org\",\"@graph\":[{\"@type\":\"WebPage\",\"@id\":\"https:\\\/\\\/formar.shop\\\/ro\\\/ordine-receptie-ce-trebuie-sa-faceti\\\/\",\"url\":\"https:\\\/\\\/formar.shop\\\/ro\\\/ordine-receptie-ce-trebuie-sa-faceti\\\/\",\"name\":\"ORDINE RECEP\u021aIE: ce trebuie s\u0103 face\u021bi? - Formar.shop\",\"isPartOf\":{\"@id\":\"https:\\\/\\\/formar.shop\\\/ro\\\/#website\"},\"datePublished\":\"2025-01-18T20:35:26+00:00\",\"dateModified\":\"2025-01-18T20:35:29+00:00\",\"breadcrumb\":{\"@id\":\"https:\\\/\\\/formar.shop\\\/ro\\\/ordine-receptie-ce-trebuie-sa-faceti\\\/#breadcrumb\"},\"inLanguage\":\"ro-RO\",\"potentialAction\":[{\"@type\":\"ReadAction\",\"target\":[\"https:\\\/\\\/formar.shop\\\/ro\\\/ordine-receptie-ce-trebuie-sa-faceti\\\/\"]}]},{\"@type\":\"BreadcrumbList\",\"@id\":\"https:\\\/\\\/formar.shop\\\/ro\\\/ordine-receptie-ce-trebuie-sa-faceti\\\/#breadcrumb\",\"itemListElement\":[{\"@type\":\"ListItem\",\"position\":1,\"name\":\"Home\",\"item\":\"https:\\\/\\\/formar.shop\\\/ro\\\/proiect-automat\\\/\"},{\"@type\":\"ListItem\",\"position\":2,\"name\":\"ORDINE RECEP\u021aIE: ce trebuie s\u0103 face\u021bi?\"}]},{\"@type\":\"WebSite\",\"@id\":\"https:\\\/\\\/formar.shop\\\/ro\\\/#website\",\"url\":\"https:\\\/\\\/formar.shop\\\/ro\\\/\",\"name\":\"Formar.shop\",\"description\":\"Soluzioni espresse con stile\",\"potentialAction\":[{\"@type\":\"SearchAction\",\"target\":{\"@type\":\"EntryPoint\",\"urlTemplate\":\"https:\\\/\\\/formar.shop\\\/ro\\\/?s={search_term_string}\"},\"query-input\":{\"@type\":\"PropertyValueSpecification\",\"valueRequired\":true,\"valueName\":\"search_term_string\"}}],\"inLanguage\":\"ro-RO\"}]}<\/script>\n<!-- \/ Yoast SEO plugin. -->","yoast_head_json":{"title":"ORDINE RECEP\u021aIE: ce trebuie s\u0103 face\u021bi? - Formar.shop","robots":{"index":"index","follow":"follow","max-snippet":"max-snippet:-1","max-image-preview":"max-image-preview:large","max-video-preview":"max-video-preview:-1"},"canonical":"https:\/\/formar.shop\/ro\/ordine-receptie-ce-trebuie-sa-faceti\/","schema":{"@context":"https:\/\/schema.org","@graph":[{"@type":"WebPage","@id":"https:\/\/formar.shop\/ro\/ordine-receptie-ce-trebuie-sa-faceti\/","url":"https:\/\/formar.shop\/ro\/ordine-receptie-ce-trebuie-sa-faceti\/","name":"ORDINE RECEP\u021aIE: ce trebuie s\u0103 face\u021bi? - Formar.shop","isPartOf":{"@id":"https:\/\/formar.shop\/ro\/#website"},"datePublished":"2025-01-18T20:35:26+00:00","dateModified":"2025-01-18T20:35:29+00:00","breadcrumb":{"@id":"https:\/\/formar.shop\/ro\/ordine-receptie-ce-trebuie-sa-faceti\/#breadcrumb"},"inLanguage":"ro-RO","potentialAction":[{"@type":"ReadAction","target":["https:\/\/formar.shop\/ro\/ordine-receptie-ce-trebuie-sa-faceti\/"]}]},{"@type":"BreadcrumbList","@id":"https:\/\/formar.shop\/ro\/ordine-receptie-ce-trebuie-sa-faceti\/#breadcrumb","itemListElement":[{"@type":"ListItem","position":1,"name":"Home","item":"https:\/\/formar.shop\/ro\/proiect-automat\/"},{"@type":"ListItem","position":2,"name":"ORDINE RECEP\u021aIE: ce trebuie s\u0103 face\u021bi?"}]},{"@type":"WebSite","@id":"https:\/\/formar.shop\/ro\/#website","url":"https:\/\/formar.shop\/ro\/","name":"Formar.shop","description":"Soluzioni espresse con stile","potentialAction":[{"@type":"SearchAction","target":{"@type":"EntryPoint","urlTemplate":"https:\/\/formar.shop\/ro\/?s={search_term_string}"},"query-input":{"@type":"PropertyValueSpecification","valueRequired":true,"valueName":"search_term_string"}}],"inLanguage":"ro-RO"}]}},"_links":{"self":[{"href":"https:\/\/formar.shop\/ro\/wp-json\/wp\/v2\/pages\/47783","targetHints":{"allow":["GET"]}}],"collection":[{"href":"https:\/\/formar.shop\/ro\/wp-json\/wp\/v2\/pages"}],"about":[{"href":"https:\/\/formar.shop\/ro\/wp-json\/wp\/v2\/types\/page"}],"author":[{"embeddable":true,"href":"https:\/\/formar.shop\/ro\/wp-json\/wp\/v2\/users\/175"}],"replies":[{"embeddable":true,"href":"https:\/\/formar.shop\/ro\/wp-json\/wp\/v2\/comments?post=47783"}],"version-history":[{"count":6,"href":"https:\/\/formar.shop\/ro\/wp-json\/wp\/v2\/pages\/47783\/revisions"}],"predecessor-version":[{"id":47804,"href":"https:\/\/formar.shop\/ro\/wp-json\/wp\/v2\/pages\/47783\/revisions\/47804"}],"wp:attachment":[{"href":"https:\/\/formar.shop\/ro\/wp-json\/wp\/v2\/media?parent=47783"}],"curies":[{"name":"wp","href":"https:\/\/api.w.org\/{rel}","templated":true}]}}