{"id":43682,"date":"2025-01-18T21:19:47","date_gmt":"2025-01-18T20:19:47","guid":{"rendered":"https:\/\/formar.shop\/ghid-de-cumparare\/"},"modified":"2025-01-18T21:19:51","modified_gmt":"2025-01-18T20:19:51","slug":"ghid-de-cumparare","status":"publish","type":"page","link":"https:\/\/formar.shop\/ro\/ghid-de-cumparare\/","title":{"rendered":"GHID DE CUMPARARE"},"content":{"rendered":"\t<div id=\"text-3775381984\" class=\"text\">\n\t\t\n<p><strong>Termeni \u0219i condi\u021bii<\/strong><\/p>\n<p>Formar.shop by Formar Contract permite tuturor s\u0103 cumpere produsele lor online, printr-un serviciu <strong>simplu, convenabil \u0219i sigur<\/strong>.<\/p>\n<p>Este posibil s\u0103 efectua\u021bi o achizi\u021bie dup\u0103 \u00eenregistrare sau ca invitat, dar \u00een ambele cazuri este necesar s\u0103 completa\u021bi toate c\u00e2mpurile obligatorii.  <\/p>\n<p><strong>Toate comenzile sunt supuse confirm\u0103rii<\/strong>.<\/p>\n<\/p>\n<p><strong>\u00cenregistrare<\/strong><\/p>\n<p>Dup\u0103 \u00eenregistrare, care dureaz\u0103 doar c\u00e2\u021biva pa\u0219i simpli, noul client dispune de un panou de control intern, unde \u00ee\u0219i poate introduce adresa de expediere, permi\u021b\u00e2nd sistemului s\u0103 o memoreze pentru a accelera urm\u0103toarea achizi\u021bie, \u0219i poate gestiona co\u0219ul de cump\u0103r\u0103turi \u0219i op\u021biunea de comparare a produselor. Alege produsul, m\u0103rimea \u0219i culoarea dorite \u0219i, dup\u0103 selectarea cantit\u0103\u021bii dorite, \u00eel adaug\u0103 \u00een co\u0219ul de cump\u0103r\u0103turi. C\u00e2nd doresc s\u0103 procedeze la achizi\u021bie, intr\u0103 \u00een co\u0219, autentific\u00e2ndu-se mai \u00eent\u00e2i dac\u0103 sunt \u00eenregistra\u021bi, \u0219i procedeaz\u0103 la comand\u0103. Pute\u021bi modifica sau elimina produsele alese din co\u0219ul de cump\u0103r\u0103turi \u00een orice moment.  <\/p>\n<\/p>\n<p><strong>Comand\u0103<\/strong><\/p>\n<p>Dup\u0103 ce a\u021bi selectat toate produsele pe care dori\u021bi s\u0103 le achizi\u021biona\u021bi, continua\u021bi cu comanda. Dac\u0103 ave\u021bi un cont actualizat cu datele \u0219i adresa de expediere, procesul de cump\u0103rare va fi mai rapid.<br \/>\u00cen caz contrar, introduce\u021bi datele solicitate \u0219i continua\u021bi cu comanda. Comanda va fi procesat\u0103 numai dup\u0103 ce plata pentru produs a fost primit\u0103, \u00een func\u021bie de metoda de plat\u0103 aleas\u0103.  <\/p>\n<\/p>\n<p><strong>Serviciul nostru pentru clien\u021bi este la dispozi\u021bia dumneavoastr\u0103.<\/strong><\/p>\n<p>Profesioni\u0219tii no\u0219tri v\u0103 vor r\u0103spunde la \u00eentreb\u0103rile cu privire la serviciile noastre.<\/p>\n<p>V\u0103 rug\u0103m s\u0103 nu ezita\u021bi s\u0103 ne contacta\u021bi pentru orice informa\u021bie sau cerere de ofert\u0103!  <\/p>\n<\/p>\n<p style=\"text-align: left;\"><strong>Formar Contract srl<\/strong><br \/><strong>Via del Consorzio 44<\/strong><br \/><strong>60015 | Falconara Marittima (AN)<\/strong><\/p>\n<p style=\"text-align: left;\"><a href=\"tel:800122267\">Num\u0103r de telefon gratuit <\/a><a href=\"tel:800122267\">800 12 22 67<\/a><br \/><a href=\"tel:+390715906063\">Tel. 071 590.60.63<\/a><\/p>\n<p style=\"text-align: left;\">\n<p>Biroul de v\u00e2nz\u0103ri: <a href=\"mailto:info@formar-contract.it\">info@formar.net<\/a> Comer\u021b electronic:<a href=\"mailto:shop@formar.net\">shop@formar.net<\/a> PEC:<a href=\"mailto:info@pec.formar-contract.it\">info@pec.formar-contract.it<\/a><\/p>\n<p style=\"text-align: left;\">\n\t\t\n<style>\n#text-3775381984 {\n  color: rgb(0,0,0);\n}\n#text-3775381984 > * {\n  color: rgb(0,0,0);\n}\n<\/style>\n\t<\/div>\n\t\n","protected":false},"excerpt":{"rendered":"","protected":false},"author":6,"featured_media":0,"parent":0,"menu_order":0,"comment_status":"closed","ping_status":"closed","template":"","meta":{"_joinchat":[],"footnotes":""},"class_list":["post-43682","page","type-page","status-publish","hentry"],"yoast_head":"<!-- This site is optimized with the Yoast SEO plugin v27.3 - https:\/\/yoast.com\/product\/yoast-seo-wordpress\/ -->\n<title>GHID DE CUMPARARE - Formar.shop<\/title>\n<meta name=\"robots\" content=\"index, follow, max-snippet:-1, max-image-preview:large, max-video-preview:-1\" \/>\n<link rel=\"canonical\" href=\"https:\/\/formar.shop\/ro\/ghid-de-cumparare\/\" \/>\n<script type=\"application\/ld+json\" class=\"yoast-schema-graph\">{\"@context\":\"https:\\\/\\\/schema.org\",\"@graph\":[{\"@type\":\"WebPage\",\"@id\":\"https:\\\/\\\/formar.shop\\\/ro\\\/ghid-de-cumparare\\\/\",\"url\":\"https:\\\/\\\/formar.shop\\\/ro\\\/ghid-de-cumparare\\\/\",\"name\":\"GHID DE CUMPARARE - Formar.shop\",\"isPartOf\":{\"@id\":\"https:\\\/\\\/formar.shop\\\/ro\\\/#website\"},\"datePublished\":\"2025-01-18T20:19:47+00:00\",\"dateModified\":\"2025-01-18T20:19:51+00:00\",\"breadcrumb\":{\"@id\":\"https:\\\/\\\/formar.shop\\\/ro\\\/ghid-de-cumparare\\\/#breadcrumb\"},\"inLanguage\":\"ro-RO\",\"potentialAction\":[{\"@type\":\"ReadAction\",\"target\":[\"https:\\\/\\\/formar.shop\\\/ro\\\/ghid-de-cumparare\\\/\"]}]},{\"@type\":\"BreadcrumbList\",\"@id\":\"https:\\\/\\\/formar.shop\\\/ro\\\/ghid-de-cumparare\\\/#breadcrumb\",\"itemListElement\":[{\"@type\":\"ListItem\",\"position\":1,\"name\":\"Home\",\"item\":\"https:\\\/\\\/formar.shop\\\/ro\\\/proiect-automat\\\/\"},{\"@type\":\"ListItem\",\"position\":2,\"name\":\"GHID DE CUMPARARE\"}]},{\"@type\":\"WebSite\",\"@id\":\"https:\\\/\\\/formar.shop\\\/ro\\\/#website\",\"url\":\"https:\\\/\\\/formar.shop\\\/ro\\\/\",\"name\":\"Formar.shop\",\"description\":\"Soluzioni espresse con stile\",\"potentialAction\":[{\"@type\":\"SearchAction\",\"target\":{\"@type\":\"EntryPoint\",\"urlTemplate\":\"https:\\\/\\\/formar.shop\\\/ro\\\/?s={search_term_string}\"},\"query-input\":{\"@type\":\"PropertyValueSpecification\",\"valueRequired\":true,\"valueName\":\"search_term_string\"}}],\"inLanguage\":\"ro-RO\"}]}<\/script>\n<!-- \/ Yoast SEO plugin. -->","yoast_head_json":{"title":"GHID DE CUMPARARE - Formar.shop","robots":{"index":"index","follow":"follow","max-snippet":"max-snippet:-1","max-image-preview":"max-image-preview:large","max-video-preview":"max-video-preview:-1"},"canonical":"https:\/\/formar.shop\/ro\/ghid-de-cumparare\/","schema":{"@context":"https:\/\/schema.org","@graph":[{"@type":"WebPage","@id":"https:\/\/formar.shop\/ro\/ghid-de-cumparare\/","url":"https:\/\/formar.shop\/ro\/ghid-de-cumparare\/","name":"GHID DE CUMPARARE - Formar.shop","isPartOf":{"@id":"https:\/\/formar.shop\/ro\/#website"},"datePublished":"2025-01-18T20:19:47+00:00","dateModified":"2025-01-18T20:19:51+00:00","breadcrumb":{"@id":"https:\/\/formar.shop\/ro\/ghid-de-cumparare\/#breadcrumb"},"inLanguage":"ro-RO","potentialAction":[{"@type":"ReadAction","target":["https:\/\/formar.shop\/ro\/ghid-de-cumparare\/"]}]},{"@type":"BreadcrumbList","@id":"https:\/\/formar.shop\/ro\/ghid-de-cumparare\/#breadcrumb","itemListElement":[{"@type":"ListItem","position":1,"name":"Home","item":"https:\/\/formar.shop\/ro\/proiect-automat\/"},{"@type":"ListItem","position":2,"name":"GHID DE CUMPARARE"}]},{"@type":"WebSite","@id":"https:\/\/formar.shop\/ro\/#website","url":"https:\/\/formar.shop\/ro\/","name":"Formar.shop","description":"Soluzioni espresse con stile","potentialAction":[{"@type":"SearchAction","target":{"@type":"EntryPoint","urlTemplate":"https:\/\/formar.shop\/ro\/?s={search_term_string}"},"query-input":{"@type":"PropertyValueSpecification","valueRequired":true,"valueName":"search_term_string"}}],"inLanguage":"ro-RO"}]}},"_links":{"self":[{"href":"https:\/\/formar.shop\/ro\/wp-json\/wp\/v2\/pages\/43682","targetHints":{"allow":["GET"]}}],"collection":[{"href":"https:\/\/formar.shop\/ro\/wp-json\/wp\/v2\/pages"}],"about":[{"href":"https:\/\/formar.shop\/ro\/wp-json\/wp\/v2\/types\/page"}],"author":[{"embeddable":true,"href":"https:\/\/formar.shop\/ro\/wp-json\/wp\/v2\/users\/6"}],"replies":[{"embeddable":true,"href":"https:\/\/formar.shop\/ro\/wp-json\/wp\/v2\/comments?post=43682"}],"version-history":[{"count":10,"href":"https:\/\/formar.shop\/ro\/wp-json\/wp\/v2\/pages\/43682\/revisions"}],"predecessor-version":[{"id":43736,"href":"https:\/\/formar.shop\/ro\/wp-json\/wp\/v2\/pages\/43682\/revisions\/43736"}],"wp:attachment":[{"href":"https:\/\/formar.shop\/ro\/wp-json\/wp\/v2\/media?parent=43682"}],"curies":[{"name":"wp","href":"https:\/\/api.w.org\/{rel}","templated":true}]}}