{"id":43642,"date":"2025-01-18T21:19:38","date_gmt":"2025-01-18T20:19:38","guid":{"rendered":"https:\/\/formar.shop\/norme-privind-returnarea\/"},"modified":"2025-11-18T11:28:18","modified_gmt":"2025-11-18T10:28:18","slug":"norme-privind-returnarea","status":"publish","type":"page","link":"https:\/\/formar.shop\/ro\/norme-privind-returnarea\/","title":{"rendered":"NORME PRIVIND RETURNAREA"},"content":{"rendered":"<h3><span style=\"font-size: 140%;\"><strong>TERMENI \u0218I CONDI\u021aII<\/strong><\/span><\/h3>\n<\/p>\n<p><span style=\"font-size: 110%; color: #000000;\"><strong>Este posibil s\u0103 returna\u021bi bunurile achizi\u021bionate printr-o procedur\u0103 simpl\u0103 \u0219i rapid\u0103.<\/strong><\/span><\/p>\n<p>\u00cen conformitate cu <em>Directiva european\u0103 2011\/83, pus\u0103 \u00een aplicare \u00een Italia prin Decretul legislativ din 3 decembrie 2013<\/em>, cump\u0103r\u0103torul se poate retrage din contractul de cump\u0103rare f\u0103r\u0103 a specifica neap\u0103rat motivul return\u0103rii.<\/p>\n<p>Cump\u0103r\u0103torul care dore\u0219te s\u0103 \u00ee\u0219i exercite dreptul de retragere trebuie s\u0103 notifice Formar Contract inten\u021bia sa prin scrisoare recomandat\u0103 cu confirmare de primire sau prin <strong>Pec<\/strong>, <strong>\u00een termen de 14 zile lucr\u0103toare<\/strong> de la data livr\u0103rii, anex\u00e2nd o copie a documentelor de transport, la adresele indicate mai jos.<\/p>\n<p><span style=\"font-size: 110%; color: #000000;\"><strong>Costul expedierii returului este \u00een \u00eentregime la<\/strong><strong>responsabilitatea clientului.<\/strong><\/span><\/p>\n<p>Din momentul \u00een care Formar Contract a acceptat cererea de retur, cump\u0103r\u0103torul are la <strong>dispozi\u021bie 14 zile calendaristice pentru a expedia returul.<\/strong><br \/>\nOdat\u0103 ce aceast\u0103 perioad\u0103 a expirat, cump\u0103r\u0103torul nu mai poate beneficia de dreptul de retragere. <\/p>\n<p>Dup\u0103 ob\u021binerea autoriza\u021biei de returnare de la operator, cump\u0103r\u0103torul trebuie s\u0103 trimit\u0103 produsul la<\/p>\n<p style=\"text-align: center;\"><span style=\"color: #000000;\"><strong><i>Formar Contract Srl<\/i><\/strong><\/span><\/p>\n<p style=\"text-align: center;\"><span style=\"color: #000000;\"><strong><i>Via del Consorzio 44<\/i><\/strong><\/span><\/p>\n<p style=\"text-align: center;\"><span style=\"color: #000000;\"><strong><i>60015 | Falconara Marittima (AN)<\/i><\/strong><\/span><\/p>\n<p style=\"text-align: center;\"><span style=\"color: #000000;\"><strong>info@pec.formar-contract.it<\/strong><\/span><\/p>\n<p>Formar Contract va proceda la<strong> rambursarea prin transfer bancar \u00een termen de 14 zile lucr\u0103toare de la<\/strong> primirea bunurilor returnate.<\/p>\n<p>Dreptul de retragere \u00eenceteaz\u0103 complet \u00een cazul \u00een care produsul returnat nu este intact, adic\u0103 nu are ambalajul exterior \u0219i interior original, este deteriorat sau chiar par\u021bial utilizat.<\/p>\n<\/p>\n<p style=\"text-align: center;\"><strong>Serviciul nostru pentru clien\u021bi este la dispozi\u021bia dumneavoastr\u0103.  <\/strong><\/p>\n<p style=\"text-align: center;\">Pentru orice informa\u021bii sau cerere de ofert\u0103, nu ezita\u021bi s\u0103 ne contacta\u021bi! Profesioni\u0219tii no\u0219tri v\u0103 vor r\u0103spunde la \u00eentreb\u0103rile privind serviciile noastre: proiectare, realizare, livrare \u0219i montare de mobilier de birou. <\/p>\n<a href=\"https:\/\/formar.shop\/ro\/contactati-ne\/\" class=\"button primary box-shadow-1 lowercase expand\" style=\"border-radius:10px;\">\n\t\t<span>Contacta\u021bi-ne!<\/span>\n\t<\/a>\n\n","protected":false},"excerpt":{"rendered":"<p>TERMENI \u0218I CONDI\u021aII Este posibil s\u0103 returna\u021bi bunurile achizi\u021bionate printr-o procedur\u0103 simpl\u0103 \u0219i rapid\u0103. \u00cen conformitate cu Directiva european\u0103 2011\/83, pus\u0103 \u00een aplicare \u00een Italia prin Decretul legislativ din 3 decembrie 2013, cump\u0103r\u0103torul se poate retrage din contractul de cump\u0103rare f\u0103r\u0103 a specifica neap\u0103rat motivul return\u0103rii. Cump\u0103r\u0103torul care dore\u0219te s\u0103 \u00ee\u0219i exercite dreptul de retragere [&#8230;]\n","protected":false},"author":175,"featured_media":0,"parent":0,"menu_order":0,"comment_status":"closed","ping_status":"closed","template":"","meta":{"_joinchat":[],"footnotes":""},"class_list":["post-43642","page","type-page","status-publish","hentry"],"yoast_head":"<!-- This site is optimized with the Yoast SEO plugin v27.3 - https:\/\/yoast.com\/product\/yoast-seo-wordpress\/ -->\n<title>NORME PRIVIND RETURNAREA - Formar.shop<\/title>\n<meta name=\"robots\" content=\"index, follow, max-snippet:-1, max-image-preview:large, max-video-preview:-1\" \/>\n<link rel=\"canonical\" href=\"https:\/\/formar.shop\/ro\/norme-privind-returnarea\/\" \/>\n<script type=\"application\/ld+json\" class=\"yoast-schema-graph\">{\"@context\":\"https:\\\/\\\/schema.org\",\"@graph\":[{\"@type\":\"WebPage\",\"@id\":\"https:\\\/\\\/formar.shop\\\/ro\\\/norme-privind-returnarea\\\/\",\"url\":\"https:\\\/\\\/formar.shop\\\/ro\\\/norme-privind-returnarea\\\/\",\"name\":\"NORME PRIVIND RETURNAREA - Formar.shop\",\"isPartOf\":{\"@id\":\"https:\\\/\\\/formar.shop\\\/ro\\\/#website\"},\"datePublished\":\"2025-01-18T20:19:38+00:00\",\"dateModified\":\"2025-11-18T10:28:18+00:00\",\"breadcrumb\":{\"@id\":\"https:\\\/\\\/formar.shop\\\/ro\\\/norme-privind-returnarea\\\/#breadcrumb\"},\"inLanguage\":\"ro-RO\",\"potentialAction\":[{\"@type\":\"ReadAction\",\"target\":[\"https:\\\/\\\/formar.shop\\\/ro\\\/norme-privind-returnarea\\\/\"]}]},{\"@type\":\"BreadcrumbList\",\"@id\":\"https:\\\/\\\/formar.shop\\\/ro\\\/norme-privind-returnarea\\\/#breadcrumb\",\"itemListElement\":[{\"@type\":\"ListItem\",\"position\":1,\"name\":\"Home\",\"item\":\"https:\\\/\\\/formar.shop\\\/ro\\\/proiect-automat\\\/\"},{\"@type\":\"ListItem\",\"position\":2,\"name\":\"NORME PRIVIND RETURNAREA\"}]},{\"@type\":\"WebSite\",\"@id\":\"https:\\\/\\\/formar.shop\\\/ro\\\/#website\",\"url\":\"https:\\\/\\\/formar.shop\\\/ro\\\/\",\"name\":\"Formar.shop\",\"description\":\"Soluzioni espresse con stile\",\"potentialAction\":[{\"@type\":\"SearchAction\",\"target\":{\"@type\":\"EntryPoint\",\"urlTemplate\":\"https:\\\/\\\/formar.shop\\\/ro\\\/?s={search_term_string}\"},\"query-input\":{\"@type\":\"PropertyValueSpecification\",\"valueRequired\":true,\"valueName\":\"search_term_string\"}}],\"inLanguage\":\"ro-RO\"}]}<\/script>\n<!-- \/ Yoast SEO plugin. -->","yoast_head_json":{"title":"NORME PRIVIND RETURNAREA - Formar.shop","robots":{"index":"index","follow":"follow","max-snippet":"max-snippet:-1","max-image-preview":"max-image-preview:large","max-video-preview":"max-video-preview:-1"},"canonical":"https:\/\/formar.shop\/ro\/norme-privind-returnarea\/","schema":{"@context":"https:\/\/schema.org","@graph":[{"@type":"WebPage","@id":"https:\/\/formar.shop\/ro\/norme-privind-returnarea\/","url":"https:\/\/formar.shop\/ro\/norme-privind-returnarea\/","name":"NORME PRIVIND RETURNAREA - Formar.shop","isPartOf":{"@id":"https:\/\/formar.shop\/ro\/#website"},"datePublished":"2025-01-18T20:19:38+00:00","dateModified":"2025-11-18T10:28:18+00:00","breadcrumb":{"@id":"https:\/\/formar.shop\/ro\/norme-privind-returnarea\/#breadcrumb"},"inLanguage":"ro-RO","potentialAction":[{"@type":"ReadAction","target":["https:\/\/formar.shop\/ro\/norme-privind-returnarea\/"]}]},{"@type":"BreadcrumbList","@id":"https:\/\/formar.shop\/ro\/norme-privind-returnarea\/#breadcrumb","itemListElement":[{"@type":"ListItem","position":1,"name":"Home","item":"https:\/\/formar.shop\/ro\/proiect-automat\/"},{"@type":"ListItem","position":2,"name":"NORME PRIVIND RETURNAREA"}]},{"@type":"WebSite","@id":"https:\/\/formar.shop\/ro\/#website","url":"https:\/\/formar.shop\/ro\/","name":"Formar.shop","description":"Soluzioni espresse con stile","potentialAction":[{"@type":"SearchAction","target":{"@type":"EntryPoint","urlTemplate":"https:\/\/formar.shop\/ro\/?s={search_term_string}"},"query-input":{"@type":"PropertyValueSpecification","valueRequired":true,"valueName":"search_term_string"}}],"inLanguage":"ro-RO"}]}},"_links":{"self":[{"href":"https:\/\/formar.shop\/ro\/wp-json\/wp\/v2\/pages\/43642","targetHints":{"allow":["GET"]}}],"collection":[{"href":"https:\/\/formar.shop\/ro\/wp-json\/wp\/v2\/pages"}],"about":[{"href":"https:\/\/formar.shop\/ro\/wp-json\/wp\/v2\/types\/page"}],"author":[{"embeddable":true,"href":"https:\/\/formar.shop\/ro\/wp-json\/wp\/v2\/users\/175"}],"replies":[{"embeddable":true,"href":"https:\/\/formar.shop\/ro\/wp-json\/wp\/v2\/comments?post=43642"}],"version-history":[{"count":8,"href":"https:\/\/formar.shop\/ro\/wp-json\/wp\/v2\/pages\/43642\/revisions"}],"predecessor-version":[{"id":43676,"href":"https:\/\/formar.shop\/ro\/wp-json\/wp\/v2\/pages\/43642\/revisions\/43676"}],"wp:attachment":[{"href":"https:\/\/formar.shop\/ro\/wp-json\/wp\/v2\/media?parent=43642"}],"curies":[{"name":"wp","href":"https:\/\/api.w.org\/{rel}","templated":true}]}}