{"id":43573,"date":"2025-01-18T21:19:21","date_gmt":"2025-01-18T20:19:21","guid":{"rendered":"https:\/\/formar.shop\/costuri-si-metode-de-expediere\/"},"modified":"2025-01-18T21:19:24","modified_gmt":"2025-01-18T20:19:24","slug":"costuri-si-metode-de-expediere","status":"publish","type":"page","link":"https:\/\/formar.shop\/ro\/costuri-si-metode-de-expediere\/","title":{"rendered":"COSTURI \u0218I METODE DE EXPEDIERE"},"content":{"rendered":"\n  <div class=\"banner has-hover\" id=\"banner-1665857506\">\n          <div class=\"banner-inner fill\">\n        <div class=\"banner-bg fill\" >\n                                                \n                    <\/div>\n\t\t\n        <div class=\"banner-layers container\">\n            <div class=\"fill banner-link\"><\/div>            \n   <div id=\"text-box-2134709376\" class=\"text-box banner-layer x50 md-x50 lg-x50 y50 md-y50 lg-y50 res-text\">\n                     <div data-animate=\"flipInY\">           <div class=\"text-box-content text dark\">\n              \n              <div class=\"text-inner text-center\">\n                  \n<h3 style=\"text-align: center;\"><strong><span style=\"font-size: 115%; color: #000000;\"><em>I costi di spedizioni sono sempre gratuiti e inclusi per ogni tuo acquisto !<\/em><\/span><\/strong><\/h3>\n<div class=\"is-divider divider clearfix\" ><\/div>\n\t<div id=\"text-1327069123\" class=\"text\">\n\t\t\n<h1 class=\"h-large uppercase\"><strong><span style=\"font-size: 180%;\">COSTURI DE TRANSPORT ZERO!<\/span><\/strong><\/h1>\n\t\t\n<style>\n#text-1327069123 {\n  font-size: 0.8rem;\n  line-height: 2.05;\n  color: rgb(0,0,0);\n}\n#text-1327069123 > * {\n  color: rgb(0,0,0);\n}\n<\/style>\n\t<\/div>\n\t\n              <\/div>\n           <\/div>\n       <\/div>                     \n<style>\n#text-box-2134709376 {\n  width: 67%;\n}\n#text-box-2134709376 .text-box-content {\n  font-size: 100%;\n}\n<\/style>\n    <\/div>\n \n        <\/div>\n      <\/div>\n\n            \n<style>\n#banner-1665857506 {\n  padding-top: 400px;\n}\n<\/style>\n  <\/div>\n\n\n<h4><span style=\"font-size: 110%;\"><strong><span style=\"font-size: 140%; color: #50b848;\"><span style=\"color: #808080;\">\u00ceNREGISTRARE<\/span>  <\/span>    <\/strong><\/span><\/h4>\n<p>Dup\u0103 \u00eenregistrare, care dureaz\u0103 doar c\u00e2\u021biva pa\u0219i simpli, noul client dispune de un panou de control intern, unde \u00ee\u0219i poate introduce adresa de expediere, permi\u021b\u00e2nd sistemului s\u0103 o memoreze pentru a accelera urm\u0103toarea achizi\u021bie, \u0219i poate gestiona co\u0219ul de cump\u0103r\u0103turi \u0219i op\u021biunea de comparare a produselor. Alege produsul, m\u0103rimea \u0219i culoarea dorite \u0219i, dup\u0103 selectarea cantit\u0103\u021bii dorite, \u00eel adaug\u0103 \u00een co\u0219ul de cump\u0103r\u0103turi. C\u00e2nd doresc s\u0103 procedeze la achizi\u021bie, intr\u0103 \u00een co\u0219, autentific\u00e2ndu-se mai \u00eent\u00e2i dac\u0103 sunt \u00eenregistra\u021bi, \u0219i procedeaz\u0103 la comand\u0103. Pute\u021bi modifica sau elimina produsele alese din co\u0219ul de cump\u0103r\u0103turi \u00een orice moment.  <\/p>\n<h4><strong><span style=\"font-size: 110%;\"><span style=\"color: #808080;\"><span style=\"font-size: 140%;\">ORDINE<\/span> <\/span>                        <\/span><\/strong><\/h4>\n<p style=\"text-align: left;\">Dup\u0103 ce a\u021bi selectat toate produsele pe care dori\u021bi s\u0103 le achizi\u021biona\u021bi, continua\u021bi cu comanda. Dac\u0103 ave\u021bi un cont actualizat cu datele \u0219i adresa de expediere, procesul de cump\u0103rare va fi mai rapid.<br \/>\u00cen caz contrar, introduce\u021bi datele solicitate \u0219i continua\u021bi cu comanda. Comanda va fi procesat\u0103 numai dup\u0103 ce plata pentru produs a fost primit\u0103, \u00een func\u021bie de metoda de plat\u0103 aleas\u0103.  <\/p>\n<\/p>\n<h2 style=\"text-align: center;\"><span style=\"color: #808080;\"><strong>Partenerii no\u0219tri de expediere:<\/strong><\/span><\/h2>\n<\/p>\n<p><img loading=\"lazy\" decoding=\"async\" class=\"aligncenter wp-image-12578\" src=\"https:\/\/formar.shop\/wp-content\/uploads\/2022\/05\/brt.jpg\" alt=\"\" width=\"300\" height=\"163\" data-wp-pid=\"12578\"><\/p>\n<\/p>\n<p style=\"text-align: center;\"><img loading=\"lazy\" decoding=\"async\" class=\"\" src=\"https:\/\/s3-eu-west-1.amazonaws.com\/tpd\/logos\/5ea7e22c7a4aa40001deb02c\/0x0.png\" alt=\"FERCAM Group | Citi\u021bi recenziile serviciilor fercam.com\" width=\"303\" height=\"313\"><\/p>\n<\/p>\n<p style=\"text-align: center;\"><span style=\"color: #000000;\"><strong><em>Alegerea agentului de expediere este f\u0103cut\u0103 automat de sistemul nostru, <\/em><\/strong><\/span><strong><em><span style=\"color: #000000;\">pentru a garanta viteza maxim\u0103 de livrare!<\/span><\/em><\/strong><\/p>\n<\/p>\n<p style=\"text-align: center;\">\n<p>Serviciul nostru pentru clien\u021bi v\u0103 st\u0103 la dispozi\u021bie. Pentru orice informa\u021bii sau cerere de ofert\u0103, nu ezita\u021bi s\u0103 ne contacta\u021bi! Profesioni\u0219tii no\u0219tri v\u0103 vor r\u0103spunde la \u00eentreb\u0103rile privind serviciile noastre.<\/p>\n<a href=\"https:\/\/formar.shop\/ro\/contactati-ne\/\" class=\"button primary box-shadow-1 lowercase expand\" style=\"border-radius:10px;\">\n\t\t<span>Contacta\u021bi-ne!<\/span>\n\t<\/a>\n\n","protected":false},"excerpt":{"rendered":"<p>\u00ceNREGISTRARE Dup\u0103 \u00eenregistrare, care dureaz\u0103 doar c\u00e2\u021biva pa\u0219i simpli, noul client dispune de un panou de control intern, unde \u00ee\u0219i poate introduce adresa de expediere, permi\u021b\u00e2nd sistemului s\u0103 o memoreze pentru a accelera urm\u0103toarea achizi\u021bie, \u0219i poate gestiona co\u0219ul de cump\u0103r\u0103turi \u0219i op\u021biunea de comparare a produselor. Alege produsul, m\u0103rimea \u0219i culoarea dorite \u0219i, dup\u0103 [&#8230;]\n","protected":false},"author":175,"featured_media":0,"parent":0,"menu_order":0,"comment_status":"closed","ping_status":"closed","template":"","meta":{"_joinchat":[],"footnotes":""},"class_list":["post-43573","page","type-page","status-publish","hentry"],"yoast_head":"<!-- This site is optimized with the Yoast SEO plugin v27.5 - https:\/\/yoast.com\/product\/yoast-seo-wordpress\/ -->\n<title>COSTURI \u0218I METODE DE EXPEDIERE - Formar.shop<\/title>\n<meta name=\"robots\" content=\"index, follow, max-snippet:-1, max-image-preview:large, max-video-preview:-1\" \/>\n<link rel=\"canonical\" href=\"https:\/\/formar.shop\/ro\/costuri-si-metode-de-expediere\/\" \/>\n<script type=\"application\/ld+json\" class=\"yoast-schema-graph\">{\"@context\":\"https:\\\/\\\/schema.org\",\"@graph\":[{\"@type\":\"WebPage\",\"@id\":\"https:\\\/\\\/formar.shop\\\/ro\\\/costuri-si-metode-de-expediere\\\/\",\"url\":\"https:\\\/\\\/formar.shop\\\/ro\\\/costuri-si-metode-de-expediere\\\/\",\"name\":\"COSTURI \u0218I METODE DE EXPEDIERE - Formar.shop\",\"isPartOf\":{\"@id\":\"https:\\\/\\\/formar.shop\\\/ro\\\/#website\"},\"primaryImageOfPage\":{\"@id\":\"https:\\\/\\\/formar.shop\\\/ro\\\/costuri-si-metode-de-expediere\\\/#primaryimage\"},\"image\":{\"@id\":\"https:\\\/\\\/formar.shop\\\/ro\\\/costuri-si-metode-de-expediere\\\/#primaryimage\"},\"thumbnailUrl\":\"https:\\\/\\\/formar.shop\\\/wp-content\\\/uploads\\\/2022\\\/05\\\/brt.jpg\",\"datePublished\":\"2025-01-18T20:19:21+00:00\",\"dateModified\":\"2025-01-18T20:19:24+00:00\",\"breadcrumb\":{\"@id\":\"https:\\\/\\\/formar.shop\\\/ro\\\/costuri-si-metode-de-expediere\\\/#breadcrumb\"},\"inLanguage\":\"ro-RO\",\"potentialAction\":[{\"@type\":\"ReadAction\",\"target\":[\"https:\\\/\\\/formar.shop\\\/ro\\\/costuri-si-metode-de-expediere\\\/\"]}]},{\"@type\":\"ImageObject\",\"inLanguage\":\"ro-RO\",\"@id\":\"https:\\\/\\\/formar.shop\\\/ro\\\/costuri-si-metode-de-expediere\\\/#primaryimage\",\"url\":\"https:\\\/\\\/formar.shop\\\/wp-content\\\/uploads\\\/2022\\\/05\\\/brt.jpg\",\"contentUrl\":\"https:\\\/\\\/formar.shop\\\/wp-content\\\/uploads\\\/2022\\\/05\\\/brt.jpg\"},{\"@type\":\"BreadcrumbList\",\"@id\":\"https:\\\/\\\/formar.shop\\\/ro\\\/costuri-si-metode-de-expediere\\\/#breadcrumb\",\"itemListElement\":[{\"@type\":\"ListItem\",\"position\":1,\"name\":\"Home\",\"item\":\"https:\\\/\\\/formar.shop\\\/ro\\\/proiect-automat\\\/\"},{\"@type\":\"ListItem\",\"position\":2,\"name\":\"COSTURI \u0218I METODE DE EXPEDIERE\"}]},{\"@type\":\"WebSite\",\"@id\":\"https:\\\/\\\/formar.shop\\\/ro\\\/#website\",\"url\":\"https:\\\/\\\/formar.shop\\\/ro\\\/\",\"name\":\"Formar.shop\",\"description\":\"Soluzioni espresse con stile\",\"potentialAction\":[{\"@type\":\"SearchAction\",\"target\":{\"@type\":\"EntryPoint\",\"urlTemplate\":\"https:\\\/\\\/formar.shop\\\/ro\\\/?s={search_term_string}\"},\"query-input\":{\"@type\":\"PropertyValueSpecification\",\"valueRequired\":true,\"valueName\":\"search_term_string\"}}],\"inLanguage\":\"ro-RO\"}]}<\/script>\n<!-- \/ Yoast SEO plugin. -->","yoast_head_json":{"title":"COSTURI \u0218I METODE DE EXPEDIERE - Formar.shop","robots":{"index":"index","follow":"follow","max-snippet":"max-snippet:-1","max-image-preview":"max-image-preview:large","max-video-preview":"max-video-preview:-1"},"canonical":"https:\/\/formar.shop\/ro\/costuri-si-metode-de-expediere\/","schema":{"@context":"https:\/\/schema.org","@graph":[{"@type":"WebPage","@id":"https:\/\/formar.shop\/ro\/costuri-si-metode-de-expediere\/","url":"https:\/\/formar.shop\/ro\/costuri-si-metode-de-expediere\/","name":"COSTURI \u0218I METODE DE EXPEDIERE - Formar.shop","isPartOf":{"@id":"https:\/\/formar.shop\/ro\/#website"},"primaryImageOfPage":{"@id":"https:\/\/formar.shop\/ro\/costuri-si-metode-de-expediere\/#primaryimage"},"image":{"@id":"https:\/\/formar.shop\/ro\/costuri-si-metode-de-expediere\/#primaryimage"},"thumbnailUrl":"https:\/\/formar.shop\/wp-content\/uploads\/2022\/05\/brt.jpg","datePublished":"2025-01-18T20:19:21+00:00","dateModified":"2025-01-18T20:19:24+00:00","breadcrumb":{"@id":"https:\/\/formar.shop\/ro\/costuri-si-metode-de-expediere\/#breadcrumb"},"inLanguage":"ro-RO","potentialAction":[{"@type":"ReadAction","target":["https:\/\/formar.shop\/ro\/costuri-si-metode-de-expediere\/"]}]},{"@type":"ImageObject","inLanguage":"ro-RO","@id":"https:\/\/formar.shop\/ro\/costuri-si-metode-de-expediere\/#primaryimage","url":"https:\/\/formar.shop\/wp-content\/uploads\/2022\/05\/brt.jpg","contentUrl":"https:\/\/formar.shop\/wp-content\/uploads\/2022\/05\/brt.jpg"},{"@type":"BreadcrumbList","@id":"https:\/\/formar.shop\/ro\/costuri-si-metode-de-expediere\/#breadcrumb","itemListElement":[{"@type":"ListItem","position":1,"name":"Home","item":"https:\/\/formar.shop\/ro\/proiect-automat\/"},{"@type":"ListItem","position":2,"name":"COSTURI \u0218I METODE DE EXPEDIERE"}]},{"@type":"WebSite","@id":"https:\/\/formar.shop\/ro\/#website","url":"https:\/\/formar.shop\/ro\/","name":"Formar.shop","description":"Soluzioni espresse con stile","potentialAction":[{"@type":"SearchAction","target":{"@type":"EntryPoint","urlTemplate":"https:\/\/formar.shop\/ro\/?s={search_term_string}"},"query-input":{"@type":"PropertyValueSpecification","valueRequired":true,"valueName":"search_term_string"}}],"inLanguage":"ro-RO"}]}},"_links":{"self":[{"href":"https:\/\/formar.shop\/ro\/wp-json\/wp\/v2\/pages\/43573","targetHints":{"allow":["GET"]}}],"collection":[{"href":"https:\/\/formar.shop\/ro\/wp-json\/wp\/v2\/pages"}],"about":[{"href":"https:\/\/formar.shop\/ro\/wp-json\/wp\/v2\/types\/page"}],"author":[{"embeddable":true,"href":"https:\/\/formar.shop\/ro\/wp-json\/wp\/v2\/users\/175"}],"replies":[{"embeddable":true,"href":"https:\/\/formar.shop\/ro\/wp-json\/wp\/v2\/comments?post=43573"}],"version-history":[{"count":4,"href":"https:\/\/formar.shop\/ro\/wp-json\/wp\/v2\/pages\/43573\/revisions"}],"predecessor-version":[{"id":43585,"href":"https:\/\/formar.shop\/ro\/wp-json\/wp\/v2\/pages\/43573\/revisions\/43585"}],"wp:attachment":[{"href":"https:\/\/formar.shop\/ro\/wp-json\/wp\/v2\/media?parent=43573"}],"curies":[{"name":"wp","href":"https:\/\/api.w.org\/{rel}","templated":true}]}}