{"id":42172,"date":"2025-01-18T15:41:32","date_gmt":"2025-01-18T14:41:32","guid":{"rendered":"https:\/\/formar.shop\/despre-noi\/"},"modified":"2025-11-18T10:38:46","modified_gmt":"2025-11-18T09:38:46","slug":"despre-noi","status":"publish","type":"page","link":"https:\/\/formar.shop\/ro\/despre-noi\/","title":{"rendered":"Despre noi"},"content":{"rendered":"\n<div class=\"row\"  id=\"row-642510156\">\n\n\n\t<div id=\"col-1061410712\" class=\"col medium-11 small-12 large-12\"  >\n\t\t\t\t<div class=\"col-inner text-center\"  >\n\t\t\t\n\t\t\t\n\n\t<div id=\"text-3853848522\" class=\"text\">\n\t\t\n\n<h3><span style=\"font-size: 140%;\"><strong>CINE SUNTEM<\/strong><\/span><\/h3>\n<p><strong data-start=\"181\" data-end=\"196\">Formar.shop<\/strong> este e-commerce-ul oficial al <strong data-start=\"225\" data-end=\"248\">Formar Contract Srl<\/strong>, o companie italian\u0103 cu sediul \u00een Falconara Marittima (AN), specializat\u0103 \u00een mobilier pentru birouri, studiouri profesionale, spa\u021bii publice \u0219i contractuale. De peste 20 de ani, oper\u0103m cu pasiune \u0219i competen\u021b\u0103 pentru a oferi solu\u021bii de mobilier func\u021bionale, durabile \u0219i cu un design contemporan. <\/p>\n<div>\n<p data-start=\"539\" data-end=\"752\">Realitatea noastr\u0103 se na\u0219te din experien\u021ba \u00een sectorul contract, cu obiectivul de a aduce online calitatea \u0219i fiabilitatea care ne-au caracterizat \u00eentotdeauna \u00een colaborarea cu companii, institu\u021bii publice \u0219i private.<\/p>\n<hr data-start=\"754\" data-end=\"757\">\n<h2><strong>Ce ne deosebe\u0219te<\/strong><\/h2>\n<p data-start=\"1250\" data-end=\"1366\"><strong data-start=\"1250\" data-end=\"1277\">Experien\u021b\u0103 \u0219i competen\u021b\u0103<\/strong>: o lung\u0103 istorie \u00een sectorul contract care se traduce \u00een fiabilitate \u0219i profesionalism.<\/p>\n<p data-start=\"1369\" data-end=\"1507\"><strong data-start=\"1369\" data-end=\"1388\">Catalog \u00eengrijit<\/strong>: select\u0103m cu aten\u021bie cele mai bune produse pentru mobilier profesional, pun\u00e2nd accent pe ergonomie, estetic\u0103 \u0219i durabilitate.<\/p>\n<p data-start=\"1510\" data-end=\"1623\"><strong data-start=\"1510\" data-end=\"1539\">Asisten\u021b\u0103 personalizat\u0103<\/strong>: echipa noastr\u0103 este mereu disponibil\u0103 pentru sfaturi \u0219i suport pre \u0219i post-v\u00e2nzare.<\/p>\n<p data-start=\"1626\" data-end=\"1752\"><strong data-start=\"1626\" data-end=\"1643\">Multicanalitate<\/strong>: pe l\u00e2ng\u0103 site-ul formar.shop, suntem prezen\u021bi \u0219i pe principalele pie\u021be online cu aceea\u0219i calitate \u0219i seriozitate.<\/p>\n<p data-start=\"560\" data-end=\"744\">Prin intermediul magazinului nostru online, punem la dispozi\u021bie o gam\u0103 larg\u0103 de produse selectate, \u00eembin\u00e2nd <strong data-start=\"665\" data-end=\"711\">experien\u021ba tehnic\u0103, pasiunea pentru design<\/strong> \u0219i <strong data-start=\"714\" data-end=\"743\">aten\u021bia pentru calitate<\/strong>.<\/p>\n<hr data-start=\"746\" data-end=\"749\">\n<h2 data-start=\"751\" data-end=\"771\">Misiunea Noastr\u0103<\/h2>\n<p data-start=\"813\" data-end=\"902\"><strong>Produse de \u00eenalt\u0103 calitate,<\/strong> at\u00e2t pentru mobilier profesional, c\u00e2t \u0219i pentru spa\u021biile de locuit.<\/p>\n<p data-start=\"905\" data-end=\"1004\"><strong>Design \u00eengrijit \u0219i func\u021bional,<\/strong> cu o selec\u021bie orientat\u0103 spre confort, ergonomie \u0219i stil.<\/p>\n<p data-start=\"1007\" data-end=\"1101\"><strong>Experien\u021b\u0103 de cump\u0103rare intuitiv\u0103 \u0219i sigur\u0103,<\/strong> cu asisten\u021b\u0103 clien\u021bi prompt\u0103 \u0219i competent\u0103.<\/p>\n<p data-start=\"1104\" data-end=\"1180\"><strong>Livrare rapid\u0103 \u0219i gratuit\u0103,<\/strong> pentru a satisface orice nevoie cu eficien\u021b\u0103.<\/p>\n<hr data-start=\"1574\" data-end=\"1577\">\n<h2 data-start=\"1579\" data-end=\"1599\">Produsele Noastre<\/h2>\n<p data-start=\"1601\" data-end=\"1630\"><strong data-start=\"1634\" data-end=\"1656\">Mobilier de birou<\/strong>: birouri, scaune, dulapuri, sertare \u0219i mese de conferin\u021b\u0103.<\/p>\n<p data-start=\"1720\" data-end=\"1809\"><strong data-start=\"1720\" data-end=\"1771\">Solu\u021bii pentru institu\u021bii publice \u0219i spa\u021bii contractuale<\/strong>: b\u0103nci, biblioteci, mobilier de arhivare.<\/p>\n<p data-start=\"1812\" data-end=\"1951\"><strong data-start=\"1812\" data-end=\"1839\">Mobilier pentru cas\u0103<\/strong>: scaune, mese, accesorii, biblioteci \u0219i solu\u021bii de economisire a spa\u021biului, mereu cu un ochi la design \u0219i practicitate.<\/p>\n<hr data-start=\"1953\" data-end=\"1956\">\n<h2 data-start=\"1958\" data-end=\"1977\">Clien\u021bii No\u0219tri<\/h2>\n<p data-start=\"2005\" data-end=\"2031\">Companii \u0219i profesioni\u0219ti<\/p>\n<p data-start=\"2034\" data-end=\"2067\">Institu\u021bii publice \u0219i administra\u021bii<\/p>\n<p data-start=\"2070\" data-end=\"2145\">Persoane fizice \u00een c\u0103utarea unor solu\u021bii de mobilier moderne \u0219i func\u021bionale pentru cas\u0103<\/p>\n<hr data-start=\"2147\" data-end=\"2150\">\n<h2 data-start=\"2335\" data-end=\"2349\">Concluzie<\/h2>\n<p data-start=\"2351\" data-end=\"2671\">\u00centr-o lume care se schimb\u0103 rapid, credem c\u0103 calitatea \u0219i fiabilitatea sunt valori indispensabile. Cu <strong data-start=\"2462\" data-end=\"2477\">Formar.shop<\/strong>, nu oferim doar mobilier, ci adev\u0103rate <strong data-start=\"2523\" data-end=\"2564\">solu\u021bii de bun\u0103stare \u0219i func\u021bionalitate<\/strong> pentru via\u021ba ta de zi cu zi, fie c\u0103 proiectezi un nou birou sau faci casa mai primitoare. <\/p>\n<p data-start=\"2673\" data-end=\"2821\">A alege Formar.shop \u00eenseamn\u0103 a te baza pe un partener solid, transparent \u0219i pasionat, care pune mereu oamenii \u0219i nevoile lor \u00een centrul aten\u021biei.<\/p>\n<p data-start=\"2823\" data-end=\"2873\"><strong data-start=\"2823\" data-end=\"2873\">Formar.shop \u2013 Acolo unde spa\u021biul t\u0103u prinde form\u0103.<\/strong><\/p>\n<p> <\/p>\n<\/div>\n\t\t\n<style>\n#text-3853848522 {\n  text-align: left;\n}\n<\/style>\n\t<\/div>\n\t\n\n\t\t<\/div>\n\t\t\t\t\n<style>\n#col-1061410712 > .col-inner {\n  padding: 0px 0px 0px 0;\n}\n@media (min-width:550px) {\n  #col-1061410712 > .col-inner {\n    padding: 0px 0px 0px 0px;\n  }\n}\n<\/style>\n\t<\/div>\n\n\t\n\n\t<div id=\"col-694972169\" class=\"col medium-12 small-12 large-12\"  >\n\t\t\t\t<div class=\"col-inner\"  >\n\t\t\t\n\t\t\t\n\n\n  <div class=\"banner has-hover\" id=\"banner-931454749\">\n          <div class=\"banner-inner fill\">\n        <div class=\"banner-bg fill\" >\n            <img loading=\"lazy\" decoding=\"async\" width=\"1600\" height=\"1200\" src=\"https:\/\/static.formar.net\/wp-content\/uploads\/sites\/1\/2024\/07\/02110352\/Universal-Color-Mobile-420_AMBENTATA_4.jpg\" class=\"bg attachment-original size-original\" alt=\"\" \/>                                    \n                    <\/div>\n\t\t\n        <div class=\"banner-layers container\">\n            <div class=\"fill banner-link\"><\/div>            \n\n   <div id=\"text-box-1717915430\" class=\"text-box banner-layer x50 md-x50 lg-x50 y50 md-y50 lg-y50 res-text\">\n                                <div class=\"text-box-content text dark\">\n              \n              <div class=\"text-inner text-center\">\n                  \n\n\n              <\/div>\n           <\/div>\n                            \n<style>\n#text-box-1717915430 {\n  width: 60%;\n}\n#text-box-1717915430 .text-box-content {\n  font-size: 100%;\n}\n@media (min-width:550px) {\n  #text-box-1717915430 {\n    width: 60%;\n  }\n}\n<\/style>\n    <\/div>\n \n\n        <\/div>\n      <\/div>\n\n            \n<style>\n#banner-931454749 {\n  padding-top: 300px;\n  background-color: rgb(255, 255, 255);\n}\n#banner-931454749 .banner-bg img {\n  object-position: 52% 77%;\n}\n@media (min-width:550px) {\n  #banner-931454749 {\n    padding-top: 500px;\n  }\n}\n@media (min-width:850px) {\n  #banner-931454749 {\n    padding-top: 570px;\n  }\n}\n<\/style>\n  <\/div>\n\n\n\n\t\t<\/div>\n\t\t\t\t\n<style>\n#col-694972169 > .col-inner {\n  margin: -100px 0px 0px 0px;\n}\n@media (min-width:550px) {\n  #col-694972169 > .col-inner {\n    margin: -150px 0px 0px 0px;\n  }\n}\n@media (min-width:850px) {\n  #col-694972169 > .col-inner {\n    margin: 0px 0px 0px 0px;\n  }\n}\n<\/style>\n\t<\/div>\n\n\t\n\n<\/div>\n<div class=\"is-divider divider clearfix\" style=\"max-width:1000px;\"><\/div>\n\n\n","protected":false},"excerpt":{"rendered":"","protected":false},"author":5,"featured_media":0,"parent":0,"menu_order":0,"comment_status":"closed","ping_status":"closed","template":"","meta":{"_joinchat":[],"footnotes":""},"class_list":["post-42172","page","type-page","status-publish","hentry"],"yoast_head":"<!-- This site is optimized with the Yoast SEO plugin v27.4 - https:\/\/yoast.com\/product\/yoast-seo-wordpress\/ -->\n<title>Despre noi - Formar.shop<\/title>\n<meta name=\"robots\" content=\"index, follow, max-snippet:-1, max-image-preview:large, max-video-preview:-1\" \/>\n<link rel=\"canonical\" href=\"https:\/\/formar.shop\/ro\/despre-noi\/\" \/>\n<script type=\"application\/ld+json\" class=\"yoast-schema-graph\">{\"@context\":\"https:\\\/\\\/schema.org\",\"@graph\":[{\"@type\":\"WebPage\",\"@id\":\"https:\\\/\\\/formar.shop\\\/ro\\\/despre-noi\\\/\",\"url\":\"https:\\\/\\\/formar.shop\\\/ro\\\/despre-noi\\\/\",\"name\":\"Despre noi - Formar.shop\",\"isPartOf\":{\"@id\":\"https:\\\/\\\/formar.shop\\\/ro\\\/#website\"},\"datePublished\":\"2025-01-18T14:41:32+00:00\",\"dateModified\":\"2025-11-18T09:38:46+00:00\",\"breadcrumb\":{\"@id\":\"https:\\\/\\\/formar.shop\\\/ro\\\/despre-noi\\\/#breadcrumb\"},\"inLanguage\":\"ro-RO\",\"potentialAction\":[{\"@type\":\"ReadAction\",\"target\":[\"https:\\\/\\\/formar.shop\\\/ro\\\/despre-noi\\\/\"]}]},{\"@type\":\"BreadcrumbList\",\"@id\":\"https:\\\/\\\/formar.shop\\\/ro\\\/despre-noi\\\/#breadcrumb\",\"itemListElement\":[{\"@type\":\"ListItem\",\"position\":1,\"name\":\"Home\",\"item\":\"https:\\\/\\\/formar.shop\\\/ro\\\/proiect-automat\\\/\"},{\"@type\":\"ListItem\",\"position\":2,\"name\":\"Despre noi\"}]},{\"@type\":\"WebSite\",\"@id\":\"https:\\\/\\\/formar.shop\\\/ro\\\/#website\",\"url\":\"https:\\\/\\\/formar.shop\\\/ro\\\/\",\"name\":\"Formar.shop\",\"description\":\"Soluzioni espresse con stile\",\"potentialAction\":[{\"@type\":\"SearchAction\",\"target\":{\"@type\":\"EntryPoint\",\"urlTemplate\":\"https:\\\/\\\/formar.shop\\\/ro\\\/?s={search_term_string}\"},\"query-input\":{\"@type\":\"PropertyValueSpecification\",\"valueRequired\":true,\"valueName\":\"search_term_string\"}}],\"inLanguage\":\"ro-RO\"}]}<\/script>\n<!-- \/ Yoast SEO plugin. -->","yoast_head_json":{"title":"Despre noi - Formar.shop","robots":{"index":"index","follow":"follow","max-snippet":"max-snippet:-1","max-image-preview":"max-image-preview:large","max-video-preview":"max-video-preview:-1"},"canonical":"https:\/\/formar.shop\/ro\/despre-noi\/","schema":{"@context":"https:\/\/schema.org","@graph":[{"@type":"WebPage","@id":"https:\/\/formar.shop\/ro\/despre-noi\/","url":"https:\/\/formar.shop\/ro\/despre-noi\/","name":"Despre noi - Formar.shop","isPartOf":{"@id":"https:\/\/formar.shop\/ro\/#website"},"datePublished":"2025-01-18T14:41:32+00:00","dateModified":"2025-11-18T09:38:46+00:00","breadcrumb":{"@id":"https:\/\/formar.shop\/ro\/despre-noi\/#breadcrumb"},"inLanguage":"ro-RO","potentialAction":[{"@type":"ReadAction","target":["https:\/\/formar.shop\/ro\/despre-noi\/"]}]},{"@type":"BreadcrumbList","@id":"https:\/\/formar.shop\/ro\/despre-noi\/#breadcrumb","itemListElement":[{"@type":"ListItem","position":1,"name":"Home","item":"https:\/\/formar.shop\/ro\/proiect-automat\/"},{"@type":"ListItem","position":2,"name":"Despre noi"}]},{"@type":"WebSite","@id":"https:\/\/formar.shop\/ro\/#website","url":"https:\/\/formar.shop\/ro\/","name":"Formar.shop","description":"Soluzioni espresse con stile","potentialAction":[{"@type":"SearchAction","target":{"@type":"EntryPoint","urlTemplate":"https:\/\/formar.shop\/ro\/?s={search_term_string}"},"query-input":{"@type":"PropertyValueSpecification","valueRequired":true,"valueName":"search_term_string"}}],"inLanguage":"ro-RO"}]}},"_links":{"self":[{"href":"https:\/\/formar.shop\/ro\/wp-json\/wp\/v2\/pages\/42172","targetHints":{"allow":["GET"]}}],"collection":[{"href":"https:\/\/formar.shop\/ro\/wp-json\/wp\/v2\/pages"}],"about":[{"href":"https:\/\/formar.shop\/ro\/wp-json\/wp\/v2\/types\/page"}],"author":[{"embeddable":true,"href":"https:\/\/formar.shop\/ro\/wp-json\/wp\/v2\/users\/5"}],"replies":[{"embeddable":true,"href":"https:\/\/formar.shop\/ro\/wp-json\/wp\/v2\/comments?post=42172"}],"version-history":[{"count":11,"href":"https:\/\/formar.shop\/ro\/wp-json\/wp\/v2\/pages\/42172\/revisions"}],"predecessor-version":[{"id":61816,"href":"https:\/\/formar.shop\/ro\/wp-json\/wp\/v2\/pages\/42172\/revisions\/61816"}],"wp:attachment":[{"href":"https:\/\/formar.shop\/ro\/wp-json\/wp\/v2\/media?parent=42172"}],"curies":[{"name":"wp","href":"https:\/\/api.w.org\/{rel}","templated":true}]}}