{"id":48229,"date":"2022-05-31T19:21:33","date_gmt":"2025-01-18T20:38:07","guid":{"rendered":"https:\/\/formar.shop\/prodotto\/mesa-de-bancada\/"},"modified":"2025-11-18T10:41:38","modified_gmt":"2025-11-18T09:41:38","slug":"mesa-de-bancada","status":"publish","type":"product","link":"https:\/\/formar.shop\/pt-pt\/prodotto\/mesa-de-bancada\/","title":{"rendered":"Mesa de bancada"},"content":{"rendered":"\t<div id=\"gap-962109489\" class=\"gap-element clearfix\" style=\"display:block; height:auto;\">\n\t\t\n<style>\n#gap-962109489 {\n  padding-top: 30px;\n}\n<\/style>\n\t<\/div>\n\t\n\t<div id=\"text-1171722223\" class=\"text\">\n\t\t\n<h3 style=\"text-align: center;\"><span style=\"color: #333333;\">Mesa de banco para sala de espera<\/span><\/h3>\n\t\t\n<style>\n#text-1171722223 {\n  font-size: 2rem;\n  line-height: 1;\n  text-align: center;\n  color: rgb(133, 215, 130);\n}\n#text-1171722223 > * {\n  color: rgb(133, 215, 130);\n}\n@media (min-width:550px) {\n  #text-1171722223 {\n    line-height: 0.75;\n  }\n}\n<\/style>\n\t<\/div>\n\t\n<div class=\"row\"  id=\"row-792657054\">\n\n\t<div id=\"col-1006979032\" class=\"col small-12 large-12\"  >\n\t\t\t\t<div class=\"col-inner\"  >\n\t\t\t\n\t\t\t\n\n\t<section class=\"section dark\" id=\"section_1618183462\">\n\t\t<div class=\"section-bg fill\" >\n\t\t\t\t\t\t\t\t\t\n\t\t\t\n\n\t\t<\/div>\n\n\t\t\n\n\t\t<div class=\"section-content relative\">\n\t\t\t\n<div class=\"row align-center\"  id=\"row-1263150116\">\n\n\t<div id=\"col-164892289\" class=\"col medium-9 small-12 large-6\"  >\n\t\t\t\t<div class=\"col-inner text-center\"  >\n\t\t\t\n\t\t\t\n\t\t<\/div>\n\t\t\t\t\t<\/div>\n\n\t\n<\/div>\n\t\t<\/div>\n\n\t\t\n<style>\n#section_1618183462 {\n  padding-top: 27px;\n  padding-bottom: 27px;\n  min-height: 400px;\n}\n#section_1618183462 .section-bg img {\n  object-position: 38% 61%;\n}\n@media (min-width:550px) {\n  #section_1618183462 {\n    min-height: 500px;\n  }\n}\n<\/style>\n\t<\/section>\n\t\n<div class=\"row\"  id=\"row-548135230\">\n\n\t<div id=\"col-192896470\" class=\"col medium-6 small-12 large-6\"  >\n\t\t\t\t<div class=\"col-inner\"  >\n\t\t\t\n\t\t\t\n\t<div id=\"text-508036925\" class=\"text\">\n\t\t\n<h3><span style=\"color: #333333;\">Chapa de a\u00e7o microperfurada<\/span><\/h3>\n\t\t\n<style>\n#text-508036925 {\n  font-size: 1rem;\n  line-height: 0.75;\n  text-align: center;\n  color: rgb(133, 215, 130);\n}\n#text-508036925 > * {\n  color: rgb(133, 215, 130);\n}\n<\/style>\n\t<\/div>\n\t\n\n\t<section class=\"section dark\" id=\"section_2092077807\">\n\t\t<div class=\"section-bg fill\" >\n\t\t\t<img loading=\"lazy\" decoding=\"async\" width=\"1024\" height=\"683\" src=\"https:\/\/static.formar.net\/wp-content\/uploads\/2022\/03\/20173643\/IMG_0323.jpg\" class=\"bg attachment- size-\" alt=\"\" \/>\t\t\t\t\t\t\n\t\t\t\n\n\t\t<\/div>\n\n\t\t\n\n\t\t<div class=\"section-content relative\">\n\t\t\t\n\t<div id=\"gap-50050672\" class=\"gap-element clearfix\" style=\"display:block; height:auto;\">\n\t\t\n<style>\n#gap-50050672 {\n  padding-top: 40px;\n}\n<\/style>\n\t<\/div>\n\t\n<div class=\"row\"  id=\"row-1429538966\">\n\n\t<div id=\"col-959494730\" class=\"col small-12 large-12\"  >\n\t\t\t\t<div class=\"col-inner text-center\"  >\n\t\t\t\n\t\t\t\n\t<div id=\"gap-539612103\" class=\"gap-element clearfix\" style=\"display:block; height:auto;\">\n\t\t\n<style>\n#gap-539612103 {\n  padding-top: 10px;\n}\n<\/style>\n\t<\/div>\n\t\n\t\t<\/div>\n\t\t\t\t\t<\/div>\n\n\t\n<\/div>\n\t\t<\/div>\n\n\t\t\n<style>\n#section_2092077807 {\n  padding-top: 0px;\n  padding-bottom: 0px;\n  min-height: 200px;\n}\n#section_2092077807 .section-bg img {\n  object-position: 66% 84%;\n}\n@media (min-width:550px) {\n  #section_2092077807 {\n    min-height: 275px;\n  }\n}\n<\/style>\n\t<\/section>\n\t\n\t\t<\/div>\n\t\t\t\t\t<\/div>\n\n\t\n\n\t<div id=\"col-350684413\" class=\"col medium-6 small-12 large-6\"  >\n\t\t\t\t<div class=\"col-inner text-center\"  >\n\t\t\t\n\t\t\t\n\t<div id=\"text-1454848618\" class=\"text\">\n\t\t\n<h3><span style=\"color: #333333;\">Bordos perfilados<\/span><\/h3>\n\t\t\n<style>\n#text-1454848618 {\n  font-size: 1rem;\n  line-height: 0.75;\n  text-align: center;\n  color: rgb(133, 215, 130);\n}\n#text-1454848618 > * {\n  color: rgb(133, 215, 130);\n}\n<\/style>\n\t<\/div>\n\t\n\n\t<section class=\"section dark\" id=\"section_996274578\">\n\t\t<div class=\"section-bg fill\" >\n\t\t\t<img loading=\"lazy\" decoding=\"async\" width=\"1280\" height=\"730\" src=\"https:\/\/static.formar.net\/wp-content\/uploads\/2022\/03\/20173643\/photo_2022-03-16_19-17-54.jpg\" class=\"bg attachment- size-\" alt=\"\" \/>\t\t\t\t\t\t\n\t\t\t\n\n\t\t<\/div>\n\n\t\t\n\n\t\t<div class=\"section-content relative\">\n\t\t\t\n\t<div id=\"gap-1209835274\" class=\"gap-element clearfix\" style=\"display:block; height:auto;\">\n\t\t\n<style>\n#gap-1209835274 {\n  padding-top: 40px;\n}\n<\/style>\n\t<\/div>\n\t\n<div class=\"row\"  id=\"row-1880956981\">\n\n\t<div id=\"col-1798501872\" class=\"col small-12 large-12\"  >\n\t\t\t\t<div class=\"col-inner text-center\"  >\n\t\t\t\n\t\t\t\n\t<div id=\"gap-334150367\" class=\"gap-element clearfix\" style=\"display:block; height:auto;\">\n\t\t\n<style>\n#gap-334150367 {\n  padding-top: 10px;\n}\n<\/style>\n\t<\/div>\n\t\n\t\t<\/div>\n\t\t\t\t\t<\/div>\n\n\t\n<\/div>\n\t\t<\/div>\n\n\t\t\n<style>\n#section_996274578 {\n  padding-top: 0px;\n  padding-bottom: 0px;\n  min-height: 200px;\n}\n#section_996274578 .section-bg img {\n  object-position: 66% 84%;\n}\n@media (min-width:550px) {\n  #section_996274578 {\n    min-height: 275px;\n  }\n}\n<\/style>\n\t<\/section>\n\t\n\t\t<\/div>\n\t\t\t\t\t<\/div>\n\n\t\n<\/div>\n\t\t<\/div>\n\t\t\t\t\t<\/div>\n\n\t\n<\/div>\n\n\t\t<div class=\"icon-box featured-box icon-box-top text-left\"  >\n\t\t\t\t<div class=\"icon-box-text last-reset\">\n\t\t\t\t\t\t\t\t\t\n<h3>Carater\u00edsticas<\/h3>\n<ul>\n<li><strong>Totalmente met\u00e1lico<\/strong>.<\/li>\n<li>Fabricado com os mesmos materiais e espessuras que os bancos corridos de 2, 3, 4 e 5 lugares.<\/li>\n<li>Fabricado em <strong>a\u00e7o<\/strong>, material que garante a m\u00e1xima resist\u00eancia e durabilidade, fatores essenciais neste tipo de mesa. O a\u00e7o garante uma maior longevidade e resist\u00eancia ao uso. <\/li>\n<li>Parte de apoio em a\u00e7o perfurado e pintado como os assentos. Perfis laterais em a\u00e7o cromado. <\/li>\n<li>A mesa de espera pode ser instalada em qualquer posi\u00e7\u00e3o preferida no lugar de um assento em bancos de 2, 3, 4 e 5 lugares.<\/li>\n<li>Em qualquer altura, \u00e9 poss\u00edvel substituir a mesa pelo assento fornecido de s\u00e9rie.<\/li>\n<li>Dimens\u00f5es do tampo cm L52x45P<\/li>\n<li>Peso kg 2,5<\/li>\n<\/ul>\n\t<div id=\"gap-1863362017\" class=\"gap-element clearfix\" style=\"display:block; height:auto;\">\n\t\t\n<style>\n#gap-1863362017 {\n  padding-top: 50px;\n}\n<\/style>\n\t<\/div>\n\t\n<p>CUIDADOS E MANUTEN\u00c7\u00c3O:<\/p>\n<p>Para limpar o metal, utiliza um pano macio e h\u00famido. N\u00e3o utilizes esponjas abrasivas ou produtos abrasivos com solventes de qualquer tipo, pois podem danificar a superf\u00edcie.<\/p>\n\t\t<\/div>\n\t<\/div>\n\t\n\t\n\n\t<section class=\"section\" id=\"section_823465340\">\n\t\t<div class=\"section-bg fill\" >\n\t\t\t\t\t\t\t\t\t\n\t\t\t\n\n\t\t<\/div>\n\n\t\t\n\n\t\t<div class=\"section-content relative\">\n\t\t\t\n<div class=\"is-divider divider clearfix\" style=\"max-width:1000px;\"><\/div>\n<div class=\"row row-solid\"  id=\"row-88093566\">\n\n\t<div id=\"col-1600816957\" class=\"col medium-3 small-12 large-3\"  >\n\t\t\t\t<div class=\"col-inner\"  >\n\t\t\t\n\t\t\t\n\n\t\t<div class=\"icon-box featured-box icon-box-center text-center\"  >\n\t\t\t\t\t<div class=\"icon-box-img\" style=\"width: 50px\">\n\t\t\t\t<div class=\"icon\">\n\t\t\t\t\t<div class=\"icon-inner\" >\n\t\t\t\t\t\t<img loading=\"lazy\" decoding=\"async\" width=\"128\" height=\"128\" src=\"https:\/\/static.formar.net\/wp-content\/uploads\/sites\/1\/2022\/10\/02111131\/2703076-128-1-1.png\" class=\"attachment-medium size-medium\" alt=\"\" srcset=\"https:\/\/static.formar.net\/wp-content\/uploads\/sites\/1\/2022\/10\/02111131\/2703076-128-1-1.png 128w, https:\/\/static.formar.net\/wp-content\/uploads\/sites\/1\/2022\/10\/02111131\/2703076-128-1-1-80x80.png 80w, https:\/\/static.formar.net\/wp-content\/uploads\/sites\/1\/2022\/10\/02111131\/2703076-128-1-1-100x100.png 100w, https:\/\/static.formar.net\/wp-content\/uploads\/sites\/1\/2022\/10\/02111131\/2703076-128-1-1-50x50.png 50w\" sizes=\"auto, (max-width: 128px) 100vw, 128px\" \/>\t\t\t\t\t<\/div>\n\t\t\t\t<\/div>\n\t\t\t<\/div>\n\t\t\t\t<div class=\"icon-box-text last-reset\">\n\t\t\t\t\t\t\t\t\t\n<h3>Servi\u00e7o de apoio ao cliente sempre dispon\u00edvel<\/h3>\n<p>Podes contactar-nos atrav\u00e9s do WhatsApp:  <a href=\"https:\/\/api.whatsapp.com\/send\/?phone=390715906063&amp;text&amp;type=phone_number&amp;app_absent=0\">+39 071 5906063<\/a><\/p>\n<p>Encomendas por telefone: <a href=\"tel:+39800122267\">800 122 267<\/a><\/p>\n\t\t<\/div>\n\t<\/div>\n\t\n\t\n\t\t<\/div>\n\t\t\t\t\t<\/div>\n\n\t\n\n\t<div id=\"col-1839145416\" class=\"col medium-3 small-12 large-3\"  >\n\t\t\t\t<div class=\"col-inner\"  >\n\t\t\t\n\t\t\t\n\n\t\t<div class=\"icon-box featured-box icon-box-center text-center\"  >\n\t\t\t\t\t<div class=\"icon-box-img\" style=\"width: 50px\">\n\t\t\t\t<div class=\"icon\">\n\t\t\t\t\t<div class=\"icon-inner\" >\n\t\t\t\t\t\t<img loading=\"lazy\" decoding=\"async\" width=\"256\" height=\"256\" src=\"https:\/\/static.formar.net\/wp-content\/uploads\/sites\/1\/2022\/11\/02111117\/Icona-carta-di-credito.png\" class=\"attachment-medium size-medium\" alt=\"\" srcset=\"https:\/\/static.formar.net\/wp-content\/uploads\/sites\/1\/2022\/11\/02111117\/Icona-carta-di-credito.png 256w, https:\/\/static.formar.net\/wp-content\/uploads\/sites\/1\/2022\/11\/02111117\/Icona-carta-di-credito-80x80.png 80w, https:\/\/static.formar.net\/wp-content\/uploads\/sites\/1\/2022\/11\/02111117\/Icona-carta-di-credito-100x100.png 100w, https:\/\/static.formar.net\/wp-content\/uploads\/sites\/1\/2022\/11\/02111117\/Icona-carta-di-credito-50x50.png 50w\" sizes=\"auto, (max-width: 256px) 100vw, 256px\" \/>\t\t\t\t\t<\/div>\n\t\t\t\t<\/div>\n\t\t\t<\/div>\n\t\t\t\t<div class=\"icon-box-text last-reset\">\n\t\t\t\t\t\t\t\t\t\n<h3>Escolhe a forma de pagamento<\/h3>\n<p>Pagamento via Paypal, cart\u00e3o de cr\u00e9dito, dinheiro ou cart\u00e3o de d\u00e9bito (no local) e contra-reembolso<\/p>\n\t\t<\/div>\n\t<\/div>\n\t\n\t\n\t\t<\/div>\n\t\t\t\t\t<\/div>\n\n\t\n\n\t<div id=\"col-2064903570\" class=\"col medium-3 small-12 large-3\"  >\n\t\t\t\t<div class=\"col-inner\"  >\n\t\t\t\n\t\t\t\n\n\t\t<div class=\"icon-box featured-box icon-box-center text-center\"  >\n\t\t\t\t\t<div class=\"icon-box-img\" style=\"width: 50px\">\n\t\t\t\t<div class=\"icon\">\n\t\t\t\t\t<div class=\"icon-inner\" >\n\t\t\t\t\t\t<img loading=\"lazy\" decoding=\"async\" width=\"128\" height=\"128\" src=\"https:\/\/static.formar.net\/wp-content\/uploads\/sites\/1\/2022\/10\/02111130\/3669335-128-1.png\" class=\"attachment-medium size-medium\" alt=\"\" srcset=\"https:\/\/static.formar.net\/wp-content\/uploads\/sites\/1\/2022\/10\/02111130\/3669335-128-1.png 128w, https:\/\/static.formar.net\/wp-content\/uploads\/sites\/1\/2022\/10\/02111130\/3669335-128-1-80x80.png 80w, https:\/\/static.formar.net\/wp-content\/uploads\/sites\/1\/2022\/10\/02111130\/3669335-128-1-100x100.png 100w, https:\/\/static.formar.net\/wp-content\/uploads\/sites\/1\/2022\/10\/02111130\/3669335-128-1-50x50.png 50w\" sizes=\"auto, (max-width: 128px) 100vw, 128px\" \/>\t\t\t\t\t<\/div>\n\t\t\t\t<\/div>\n\t\t\t<\/div>\n\t\t\t\t<div class=\"icon-box-text last-reset\">\n\t\t\t\t\t\t\t\t\t\n<h3>Devolu\u00e7\u00e3o f\u00e1cil e sem preocupa\u00e7\u00f5es<\/h3>\n<p>Em caso de problemas, organizamos a recolha diretamente no teu endere\u00e7o.<a href=\"https:\/\/formar.shop\/pt-pt\/regras-de-regresso\/\">(Mais pormenores<\/a>).<\/p>\n\t\t<\/div>\n\t<\/div>\n\t\n\t\n\t\t<\/div>\n\t\t\t\t\t<\/div>\n\n\t\n\n\t<div id=\"col-2023691263\" class=\"col medium-3 small-12 large-3\"  >\n\t\t\t\t<div class=\"col-inner\"  >\n\t\t\t\n\t\t\t\n\n\t\t<div class=\"icon-box featured-box icon-box-center text-center\"  >\n\t\t\t\t\t<div class=\"icon-box-img\" style=\"width: 50px\">\n\t\t\t\t<div class=\"icon\">\n\t\t\t\t\t<div class=\"icon-inner\" >\n\t\t\t\t\t\t<img loading=\"lazy\" decoding=\"async\" width=\"128\" height=\"128\" src=\"https:\/\/static.formar.net\/wp-content\/uploads\/sites\/1\/2022\/10\/02111130\/5959201-128-1.png\" class=\"attachment-medium size-medium\" alt=\"\" srcset=\"https:\/\/static.formar.net\/wp-content\/uploads\/sites\/1\/2022\/10\/02111130\/5959201-128-1.png 128w, https:\/\/static.formar.net\/wp-content\/uploads\/sites\/1\/2022\/10\/02111130\/5959201-128-1-80x80.png 80w, https:\/\/static.formar.net\/wp-content\/uploads\/sites\/1\/2022\/10\/02111130\/5959201-128-1-100x100.png 100w, https:\/\/static.formar.net\/wp-content\/uploads\/sites\/1\/2022\/10\/02111130\/5959201-128-1-50x50.png 50w\" sizes=\"auto, (max-width: 128px) 100vw, 128px\" \/>\t\t\t\t\t<\/div>\n\t\t\t\t<\/div>\n\t\t\t<\/div>\n\t\t\t\t<div class=\"icon-box-text last-reset\">\n\t\t\t\t\t\t\t\t\t\n<h3>Garantia do fabricante e pe\u00e7as de substitui\u00e7\u00e3o<\/h3>\n<p>Todos os nossos produtos t\u00eam a nossa garantia. Para muitos produtos, garantimos pe\u00e7as sobresselentes durante o mesmo per\u00edodo.<\/p>\n\t\t<\/div>\n\t<\/div>\n\t\n\t\n\t\t<\/div>\n\t\t\t\t\t<\/div>\n\n\t\n\n<style>\n#row-88093566 > .col > .col-inner {\n  padding: 20px 20px 20px 20px;\n}\n<\/style>\n<\/div>\n\t\t<\/div>\n\n\t\t\n<style>\n#section_823465340 {\n  padding-top: 30px;\n  padding-bottom: 30px;\n}\n<\/style>\n\t<\/section>\n\t\n","protected":false},"excerpt":{"rendered":"","protected":false},"featured_media":51673,"template":"","meta":{"_joinchat":[]},"product_brand":[],"product_cat":[2173,2069],"product_tag":[],"class_list":{"0":"post-48229","1":"product","2":"type-product","3":"status-publish","4":"has-post-thumbnail","6":"product_cat-assentos-na-sala-de-espera","7":"product_cat-escritorio","9":"first","10":"instock","11":"taxable","12":"shipping-taxable","13":"purchasable","14":"product-type-simple"},"yoast_head":"<!-- This site is optimized with the Yoast SEO plugin v27.3 - https:\/\/yoast.com\/product\/yoast-seo-wordpress\/ -->\n<title>Mesa de bancada - Formar.shop<\/title>\n<meta name=\"robots\" content=\"index, follow, max-snippet:-1, max-image-preview:large, max-video-preview:-1\" \/>\n<link rel=\"canonical\" href=\"https:\/\/formar.shop\/pt-pt\/prodotto\/mesa-de-bancada\/\" \/>\n<script type=\"application\/ld+json\" class=\"yoast-schema-graph\">{\"@context\":\"https:\\\/\\\/schema.org\",\"@graph\":[{\"@type\":\"WebPage\",\"@id\":\"https:\\\/\\\/formar.shop\\\/pt-pt\\\/prodotto\\\/mesa-de-bancada\\\/\",\"url\":\"https:\\\/\\\/formar.shop\\\/pt-pt\\\/prodotto\\\/mesa-de-bancada\\\/\",\"name\":\"Mesa de bancada - Formar.shop\",\"isPartOf\":{\"@id\":\"https:\\\/\\\/formar.shop\\\/pt-pt\\\/#website\"},\"primaryImageOfPage\":{\"@id\":\"https:\\\/\\\/formar.shop\\\/pt-pt\\\/prodotto\\\/mesa-de-bancada\\\/#primaryimage\"},\"image\":{\"@id\":\"https:\\\/\\\/formar.shop\\\/pt-pt\\\/prodotto\\\/mesa-de-bancada\\\/#primaryimage\"},\"thumbnailUrl\":\"https:\\\/\\\/static.formar.net\\\/wp-content\\\/uploads\\\/sites\\\/1\\\/2022\\\/05\\\/20144943\\\/tavolino_scontornato.png\",\"datePublished\":\"2025-01-18T20:38:07+00:00\",\"dateModified\":\"2025-11-18T09:41:38+00:00\",\"breadcrumb\":{\"@id\":\"https:\\\/\\\/formar.shop\\\/pt-pt\\\/prodotto\\\/mesa-de-bancada\\\/#breadcrumb\"},\"inLanguage\":\"pt-PT\",\"potentialAction\":[{\"@type\":\"ReadAction\",\"target\":[\"https:\\\/\\\/formar.shop\\\/pt-pt\\\/prodotto\\\/mesa-de-bancada\\\/\"]}]},{\"@type\":\"ImageObject\",\"inLanguage\":\"pt-PT\",\"@id\":\"https:\\\/\\\/formar.shop\\\/pt-pt\\\/prodotto\\\/mesa-de-bancada\\\/#primaryimage\",\"url\":\"https:\\\/\\\/static.formar.net\\\/wp-content\\\/uploads\\\/sites\\\/1\\\/2022\\\/05\\\/20144943\\\/tavolino_scontornato.png\",\"contentUrl\":\"https:\\\/\\\/static.formar.net\\\/wp-content\\\/uploads\\\/sites\\\/1\\\/2022\\\/05\\\/20144943\\\/tavolino_scontornato.png\",\"width\":894,\"height\":894},{\"@type\":\"BreadcrumbList\",\"@id\":\"https:\\\/\\\/formar.shop\\\/pt-pt\\\/prodotto\\\/mesa-de-bancada\\\/#breadcrumb\",\"itemListElement\":[{\"@type\":\"ListItem\",\"position\":1,\"name\":\"Home\",\"item\":\"https:\\\/\\\/formar.shop\\\/pt-pt\\\/rascunho-automatico\\\/\"},{\"@type\":\"ListItem\",\"position\":2,\"name\":\"Compra\",\"item\":\"https:\\\/\\\/formar.shop\\\/pt-pt\\\/compra\\\/\"},{\"@type\":\"ListItem\",\"position\":3,\"name\":\"Mesa de bancada\"}]},{\"@type\":\"WebSite\",\"@id\":\"https:\\\/\\\/formar.shop\\\/pt-pt\\\/#website\",\"url\":\"https:\\\/\\\/formar.shop\\\/pt-pt\\\/\",\"name\":\"Formar.shop\",\"description\":\"Soluzioni espresse con stile\",\"potentialAction\":[{\"@type\":\"SearchAction\",\"target\":{\"@type\":\"EntryPoint\",\"urlTemplate\":\"https:\\\/\\\/formar.shop\\\/pt-pt\\\/?s={search_term_string}\"},\"query-input\":{\"@type\":\"PropertyValueSpecification\",\"valueRequired\":true,\"valueName\":\"search_term_string\"}}],\"inLanguage\":\"pt-PT\"}]}<\/script>\n<!-- \/ Yoast SEO plugin. -->","yoast_head_json":{"title":"Mesa de bancada - Formar.shop","robots":{"index":"index","follow":"follow","max-snippet":"max-snippet:-1","max-image-preview":"max-image-preview:large","max-video-preview":"max-video-preview:-1"},"canonical":"https:\/\/formar.shop\/pt-pt\/prodotto\/mesa-de-bancada\/","schema":{"@context":"https:\/\/schema.org","@graph":[{"@type":"WebPage","@id":"https:\/\/formar.shop\/pt-pt\/prodotto\/mesa-de-bancada\/","url":"https:\/\/formar.shop\/pt-pt\/prodotto\/mesa-de-bancada\/","name":"Mesa de bancada - Formar.shop","isPartOf":{"@id":"https:\/\/formar.shop\/pt-pt\/#website"},"primaryImageOfPage":{"@id":"https:\/\/formar.shop\/pt-pt\/prodotto\/mesa-de-bancada\/#primaryimage"},"image":{"@id":"https:\/\/formar.shop\/pt-pt\/prodotto\/mesa-de-bancada\/#primaryimage"},"thumbnailUrl":"https:\/\/static.formar.net\/wp-content\/uploads\/sites\/1\/2022\/05\/20144943\/tavolino_scontornato.png","datePublished":"2025-01-18T20:38:07+00:00","dateModified":"2025-11-18T09:41:38+00:00","breadcrumb":{"@id":"https:\/\/formar.shop\/pt-pt\/prodotto\/mesa-de-bancada\/#breadcrumb"},"inLanguage":"pt-PT","potentialAction":[{"@type":"ReadAction","target":["https:\/\/formar.shop\/pt-pt\/prodotto\/mesa-de-bancada\/"]}]},{"@type":"ImageObject","inLanguage":"pt-PT","@id":"https:\/\/formar.shop\/pt-pt\/prodotto\/mesa-de-bancada\/#primaryimage","url":"https:\/\/static.formar.net\/wp-content\/uploads\/sites\/1\/2022\/05\/20144943\/tavolino_scontornato.png","contentUrl":"https:\/\/static.formar.net\/wp-content\/uploads\/sites\/1\/2022\/05\/20144943\/tavolino_scontornato.png","width":894,"height":894},{"@type":"BreadcrumbList","@id":"https:\/\/formar.shop\/pt-pt\/prodotto\/mesa-de-bancada\/#breadcrumb","itemListElement":[{"@type":"ListItem","position":1,"name":"Home","item":"https:\/\/formar.shop\/pt-pt\/rascunho-automatico\/"},{"@type":"ListItem","position":2,"name":"Compra","item":"https:\/\/formar.shop\/pt-pt\/compra\/"},{"@type":"ListItem","position":3,"name":"Mesa de bancada"}]},{"@type":"WebSite","@id":"https:\/\/formar.shop\/pt-pt\/#website","url":"https:\/\/formar.shop\/pt-pt\/","name":"Formar.shop","description":"Soluzioni espresse con stile","potentialAction":[{"@type":"SearchAction","target":{"@type":"EntryPoint","urlTemplate":"https:\/\/formar.shop\/pt-pt\/?s={search_term_string}"},"query-input":{"@type":"PropertyValueSpecification","valueRequired":true,"valueName":"search_term_string"}}],"inLanguage":"pt-PT"}]}},"_links":{"self":[{"href":"https:\/\/formar.shop\/pt-pt\/wp-json\/wp\/v2\/product\/48229","targetHints":{"allow":["GET"]}}],"collection":[{"href":"https:\/\/formar.shop\/pt-pt\/wp-json\/wp\/v2\/product"}],"about":[{"href":"https:\/\/formar.shop\/pt-pt\/wp-json\/wp\/v2\/types\/product"}],"wp:featuredmedia":[{"embeddable":true,"href":"https:\/\/formar.shop\/pt-pt\/wp-json\/wp\/v2\/media\/51673"}],"wp:attachment":[{"href":"https:\/\/formar.shop\/pt-pt\/wp-json\/wp\/v2\/media?parent=48229"}],"wp:term":[{"taxonomy":"product_brand","embeddable":true,"href":"https:\/\/formar.shop\/pt-pt\/wp-json\/wp\/v2\/product_brand?post=48229"},{"taxonomy":"product_cat","embeddable":true,"href":"https:\/\/formar.shop\/pt-pt\/wp-json\/wp\/v2\/product_cat?post=48229"},{"taxonomy":"product_tag","embeddable":true,"href":"https:\/\/formar.shop\/pt-pt\/wp-json\/wp\/v2\/product_tag?post=48229"}],"curies":[{"name":"wp","href":"https:\/\/api.w.org\/{rel}","templated":true}]}}