{"id":46780,"date":"2025-01-18T21:31:54","date_gmt":"2025-01-18T20:31:54","guid":{"rendered":"https:\/\/formar.shop\/prodotto\/recipiente-de-parede-pendurado\/"},"modified":"2025-01-18T21:32:04","modified_gmt":"2025-01-18T20:32:04","slug":"recipiente-de-parede-pendurado","status":"publish","type":"product","link":"https:\/\/formar.shop\/pt-pt\/prodotto\/recipiente-de-parede-pendurado\/","title":{"rendered":"Recipiente de parede &#8211; Pendurado"},"content":{"rendered":"<div class=\"is-divider divider clearfix\" style=\"max-width:2000px;\"><\/div>\n<div class=\"slider-wrapper relative\" id=\"slider-1597573580\" >\n    <div class=\"slider slider-nav-circle slider-nav-large slider-nav-dark slider-style-normal\"\n        data-flickity-options='{\n            \"cellAlign\": \"center\",\n            \"imagesLoaded\": true,\n            \"lazyLoad\": 1,\n            \"freeScroll\": false,\n            \"wrapAround\": true,\n            \"autoPlay\": 6000,\n            \"pauseAutoPlayOnHover\" : true,\n            \"prevNextButtons\": true,\n            \"contain\" : true,\n            \"adaptiveHeight\" : true,\n            \"dragThreshold\" : 10,\n            \"percentPosition\": true,\n            \"pageDots\": true,\n            \"rightToLeft\": false,\n            \"draggable\": true,\n            \"selectedAttraction\": 0.1,\n            \"parallax\" : 0,\n            \"friction\": 0.6        }'\n        >\n        \n\t<div class=\"img has-hover x md-x lg-x y md-y lg-y\" id=\"image_741615999\">\n\t\t\t\t\t\t\t\t<div class=\"img-inner dark\" >\n\t\t\t<img loading=\"lazy\" decoding=\"async\" width=\"1012\" height=\"1012\" src=\"https:\/\/static.formar.net\/wp-content\/uploads\/2020\/12\/22153635\/Immagini-di-prodotto-x-Amazon-36.png\" class=\"attachment-large size-large\" alt=\"\" \/>\t\t\t\t\t\t\n\t\t\t\t\t<\/div>\n\t\t\t\t\t\t\t\t\n<style>\n#image_741615999 {\n  width: 100%;\n}\n<\/style>\n\t<\/div>\n\t\n\t<div class=\"img has-hover x md-x lg-x y md-y lg-y\" id=\"image_1444128889\">\n\t\t\t\t\t\t\t\t<div class=\"img-inner dark\" >\n\t\t\t<img loading=\"lazy\" decoding=\"async\" width=\"1001\" height=\"1001\" src=\"https:\/\/static.formar.net\/wp-content\/uploads\/2020\/12\/22153556\/Immagini-di-prodotto-x-Amazon-39-1.png\" class=\"attachment-large size-large\" alt=\"\" srcset=\"https:\/\/static.formar.net\/wp-content\/uploads\/2020\/12\/22153556\/Immagini-di-prodotto-x-Amazon-39-1.png 1001w, https:\/\/static.formar.net\/wp-content\/uploads\/2020\/12\/22153556\/Immagini-di-prodotto-x-Amazon-39-1-100x100.png 100w, https:\/\/static.formar.net\/wp-content\/uploads\/2020\/12\/22153556\/Immagini-di-prodotto-x-Amazon-39-1-510x510.png 510w, https:\/\/static.formar.net\/wp-content\/uploads\/2020\/12\/22153556\/Immagini-di-prodotto-x-Amazon-39-1-300x300.png 300w, https:\/\/static.formar.net\/wp-content\/uploads\/2020\/12\/22153556\/Immagini-di-prodotto-x-Amazon-39-1-80x80.png 80w, https:\/\/static.formar.net\/wp-content\/uploads\/2020\/12\/22153556\/Immagini-di-prodotto-x-Amazon-39-1-768x768.png 768w, https:\/\/static.formar.net\/wp-content\/uploads\/2020\/12\/22153556\/Immagini-di-prodotto-x-Amazon-39-1-36x36.png 36w, https:\/\/static.formar.net\/wp-content\/uploads\/2020\/12\/22153556\/Immagini-di-prodotto-x-Amazon-39-1-180x180.png 180w, https:\/\/static.formar.net\/wp-content\/uploads\/2020\/12\/22153556\/Immagini-di-prodotto-x-Amazon-39-1-705x705.png 705w, https:\/\/static.formar.net\/wp-content\/uploads\/2020\/12\/22153556\/Immagini-di-prodotto-x-Amazon-39-1-600x600.png 600w\" sizes=\"auto, (max-width: 1001px) 100vw, 1001px\" \/>\t\t\t\t\t\t\n\t\t\t\t\t<\/div>\n\t\t\t\t\t\t\t\t\n<style>\n#image_1444128889 {\n  width: 100%;\n}\n<\/style>\n\t<\/div>\n\t\n\t<div class=\"img has-hover x md-x lg-x y md-y lg-y\" id=\"image_1204770231\">\n\t\t\t\t\t\t\t\t<div class=\"img-inner dark\" >\n\t\t\t<img loading=\"lazy\" decoding=\"async\" width=\"1012\" height=\"1012\" src=\"https:\/\/static.formar.net\/wp-content\/uploads\/2020\/12\/04123949\/Immagini-di-prodotto-x-Amazon-42.png\" class=\"attachment-large size-large\" alt=\"\" \/>\t\t\t\t\t\t\n\t\t\t\t\t<\/div>\n\t\t\t\t\t\t\t\t\n<style>\n#image_1204770231 {\n  width: 100%;\n}\n<\/style>\n\t<\/div>\n\t\n     <\/div>\n\n     <div class=\"loading-spin dark large centered\"><\/div>\n\n\t<\/div>\n\n\n<h3>PENDURADO &#8211; CONTENTOR DE PAREDE<\/h3>\n<p>O arm\u00e1rio suspenso de parede \u00e9 a solu\u00e7\u00e3o perfeita para arrumar com estilo todas as pequenas coisas que n\u00e3o t\u00eam um local espec\u00edfico.<br \/>\nPermite-te organizar uma divis\u00e3o de forma inteligente e \u00e9 <strong>\u00fatil para guardar pequenos objectos<\/strong>.<br \/>\nEst\u00e1 dispon\u00edvel em branco e preto para satisfazer todos os gostos e exig\u00eancias.<br \/>\nD\u00e1 largas \u00e0 tua imagina\u00e7\u00e3o e cria, de acordo com o teu gosto, uma <strong>composi\u00e7\u00e3o personalizada<\/strong> com v\u00e1rios recipientes lado a lado.<\/p>\n<h3 class=\"av-special-heading-tag \">DESENHO DO PRODUTO<\/h3>\n<p>Foi concebido e desenhado pelo designer italiano Mario Mazzer, licenciado em Arquitetura pelo Polit\u00e9cnico de Mil\u00e3o em 1978 e em Design Industrial pela Scuola Politecnica di Design de Mil\u00e3o em 1979.<br \/>\nAqui estagiou nos anos 70, colaborando com os mestres do design italiano, e em 1980 fundou a Mario Mazzer Architects em Conegliano Veneto. V\u00e1rias vezes premiado, em 1996 recebeu uma men\u00e7\u00e3o honrosa na ID Annual Design Review em Nova Iorque. Ao mostrar o seu trabalho, contribuiu grandemente para promover a popularidade dos produtos italianos em todo o mundo.  <\/p>\n<h3 id=\"h-facilit-di-fissaggio-alle-pareti\">FIXA\u00c7\u00c3O F\u00c1CIL \u00c0S PAREDES<\/h3>\n<p>A instala\u00e7\u00e3o do contentor suspenso \u00e9 muito f\u00e1cil, pois chega pronto a pendurar, basta fix\u00e1-lo \u00e0 parede.<br \/>\n\u00c9 <strong>leve<\/strong>,<strong> r\u00edgido<\/strong>, economiza <strong>espa\u00e7o<\/strong> e permite-te criar composi\u00e7\u00f5es com v\u00e1rias unidades para otimizar ainda mais o espa\u00e7o e conter objectos.<\/p>\n<h3 id=\"h-finiture-di-qualit-e-made-in-italy\">DIMENS\u00d5ES DO PRODUTO<\/h3>\n<p>O produto mede: &#8211; 40 cm de comprimento &#8211; 11,5 cm de profundidade &#8211; 38,5 cm de altura<\/p>\n<h3>DISPON\u00cdVEL EM DUAS VARIANTES DE COR<\/h3>\n<div class=\"info-block\">\n<div class=\"info full\"><\/div>\n<\/div>\n\n\t<section class=\"section\" id=\"section_257997800\">\n\t\t<div class=\"section-bg fill\" >\n\t\t\t\t\t\t\t\t\t\n\t\t\t\n\n\t\t<\/div>\n\n\t\t\n\n\t\t<div class=\"section-content relative\">\n\t\t\t\n<div class=\"row\"  id=\"row-1009617425\">\n\n\t<div id=\"col-700653388\" class=\"col medium-6 small-6 large-6\"  >\n\t\t\t\t<div class=\"col-inner text-center\"  >\n\t\t\t\n\t\t\t\n\t<div class=\"box has-hover   has-hover box-text-bottom\" >\n\n\t\t<div class=\"box-image\" >\n\t\t\t\t\t\t<div class=\"\" >\n\t\t\t\t<img loading=\"lazy\" decoding=\"async\" width=\"1012\" height=\"1012\" src=\"https:\/\/static.formar.net\/wp-content\/uploads\/2020\/12\/22153635\/Immagini-di-prodotto-x-Amazon-36.png\" class=\"attachment- size-\" alt=\"\" \/>\t\t\t\t\t\t\t\t\t\t\t<\/div>\n\t\t\t\t\t<\/div>\n\n\t\t<div class=\"box-text text-center\" >\n\t\t\t<div class=\"box-text-inner\">\n\t\t\t\t\n\t<div id=\"text-1748649903\" class=\"text\">\n\t\t\n<p>Branco<br \/>\n\t\t\n<style>\n#text-1748649903 {\n  font-size: 1.5rem;\n}\n<\/style>\n\t<\/div>\n\t\n\t\t\t<\/div>\n\t\t<\/div>\n\t<\/div>\n\t\n\t<div class=\"img has-hover x md-x lg-x y md-y lg-y\" id=\"image_797767358\">\n\t\t<a class=\"\" href=\"https:\/\/formar.shop\/wp-content\/uploads\/2022\/10\/68_BIANCO_O_A.jpg\" >\t\t\t\t\t\t<div class=\"img-inner dark\" >\n\t\t\t\t\t\t\t\t\t\n\t\t\t\t\t<\/div>\n\t\t\t\t\t\t<\/a>\t\t\n<style>\n#image_797767358 {\n  width: 50%;\n}\n<\/style>\n\t<\/div>\n\t\n\t\t<\/div>\n\t\t\t\t\t<\/div>\n\n\t\n\n\t<div id=\"col-2060086158\" class=\"col medium-6 small-6 large-6\"  >\n\t\t\t\t<div class=\"col-inner text-center\"  >\n\t\t\t\n\t\t\t\n\t<div class=\"box has-hover   has-hover box-text-bottom\" >\n\n\t\t<div class=\"box-image\" >\n\t\t\t\t\t\t<div class=\"\" >\n\t\t\t\t<img loading=\"lazy\" decoding=\"async\" width=\"1012\" height=\"1012\" src=\"https:\/\/static.formar.net\/wp-content\/uploads\/2020\/12\/04123949\/Immagini-di-prodotto-x-Amazon-42.png\" class=\"attachment- size-\" alt=\"\" \/>\t\t\t\t\t\t\t\t\t\t\t<\/div>\n\t\t\t\t\t<\/div>\n\n\t\t<div class=\"box-text text-center\" >\n\t\t\t<div class=\"box-text-inner\">\n\t\t\t\t\n\t<div id=\"text-252020366\" class=\"text\">\n\t\t\n<p>Preto<br \/>\n\t\t\n<style>\n#text-252020366 {\n  font-size: 1.5rem;\n}\n<\/style>\n\t<\/div>\n\t\n\t\t\t<\/div>\n\t\t<\/div>\n\t<\/div>\n\t\n\t<div class=\"img has-hover x md-x lg-x y md-y lg-y\" id=\"image_1351214816\">\n\t\t<a class=\"\" href=\"https:\/\/formar.shop\/wp-content\/uploads\/2022\/10\/03_ROVERE_O.jpg\" >\t\t\t\t\t\t<div class=\"img-inner dark\" >\n\t\t\t\t\t\t\t\t\t\n\t\t\t\t\t<\/div>\n\t\t\t\t\t\t<\/a>\t\t\n<style>\n#image_1351214816 {\n  width: 50%;\n}\n<\/style>\n\t<\/div>\n\t\n\t\t<\/div>\n\t\t\t\t\t<\/div>\n\n\t\n<\/div>\n<h3>CUIDADOS E MANUTEN\u00c7\u00c3O:<\/h3>\n<p>Testa primeiro a compatibilidade dos produtos de limpeza numa \u00e1rea n\u00e3o vis\u00edvel.<br \/>\nNunca utilizes produtos de limpeza ou de polimento com part\u00edculas abrasivas ou desengordurantes.<br \/>\nLimpa sempre com um pano h\u00famido e seca.<\/p>\n\t\t<\/div>\n\n\t\t\n<style>\n#section_257997800 {\n  padding-top: 30px;\n  padding-bottom: 30px;\n}\n<\/style>\n\t<\/section>\n\t\n\n\t<section class=\"section\" id=\"section_1164253680\">\n\t\t<div class=\"section-bg fill\" >\n\t\t\t\t\t\t\t\t\t\n\t\t\t\n\n\t\t<\/div>\n\n\t\t\n\n\t\t<div class=\"section-content relative\">\n\t\t\t\n<div class=\"is-divider divider clearfix\" style=\"max-width:1000px;\"><\/div>\n<div class=\"row row-solid\"  id=\"row-1561551328\">\n\n\t<div id=\"col-1264338082\" class=\"col medium-3 small-12 large-3\"  >\n\t\t\t\t<div class=\"col-inner\"  >\n\t\t\t\n\t\t\t\n\n\t\t<div class=\"icon-box featured-box icon-box-center text-center\"  >\n\t\t\t\t\t<div class=\"icon-box-img\" style=\"width: 50px\">\n\t\t\t\t<div class=\"icon\">\n\t\t\t\t\t<div class=\"icon-inner\" >\n\t\t\t\t\t\t<img loading=\"lazy\" decoding=\"async\" width=\"128\" height=\"128\" src=\"https:\/\/static.formar.net\/wp-content\/uploads\/sites\/1\/2022\/10\/02111131\/2703076-128-1-1.png\" class=\"attachment-medium size-medium\" alt=\"\" srcset=\"https:\/\/static.formar.net\/wp-content\/uploads\/sites\/1\/2022\/10\/02111131\/2703076-128-1-1.png 128w, https:\/\/static.formar.net\/wp-content\/uploads\/sites\/1\/2022\/10\/02111131\/2703076-128-1-1-80x80.png 80w, https:\/\/static.formar.net\/wp-content\/uploads\/sites\/1\/2022\/10\/02111131\/2703076-128-1-1-100x100.png 100w, https:\/\/static.formar.net\/wp-content\/uploads\/sites\/1\/2022\/10\/02111131\/2703076-128-1-1-50x50.png 50w\" sizes=\"auto, (max-width: 128px) 100vw, 128px\" \/>\t\t\t\t\t<\/div>\n\t\t\t\t<\/div>\n\t\t\t<\/div>\n\t\t\t\t<div class=\"icon-box-text last-reset\">\n\t\t\t\t\t\t\t\t\t\n<h3>Servi\u00e7o de apoio ao cliente sempre dispon\u00edvel<\/h3>\n<p>Podes contactar-nos atrav\u00e9s do WhatsApp:  <a href=\"https:\/\/api.whatsapp.com\/send\/?phone=390715906063&amp;text&amp;type=phone_number&amp;app_absent=0\">+39 071 5906063<\/a><\/p>\n<p>Encomendas por telefone: <a href=\"tel:+39800122267\">800 122 267<\/a><\/p>\n\t\t<\/div>\n\t<\/div>\n\t\n\t\n\t\t<\/div>\n\t\t\t\t\t<\/div>\n\n\t\n\n\t<div id=\"col-2061610295\" class=\"col medium-3 small-12 large-3\"  >\n\t\t\t\t<div class=\"col-inner\"  >\n\t\t\t\n\t\t\t\n\n\t\t<div class=\"icon-box featured-box icon-box-center text-center\"  >\n\t\t\t\t\t<div class=\"icon-box-img\" style=\"width: 50px\">\n\t\t\t\t<div class=\"icon\">\n\t\t\t\t\t<div class=\"icon-inner\" >\n\t\t\t\t\t\t<img loading=\"lazy\" decoding=\"async\" width=\"256\" height=\"256\" src=\"https:\/\/static.formar.net\/wp-content\/uploads\/sites\/1\/2022\/11\/02111117\/Icona-carta-di-credito.png\" class=\"attachment-medium size-medium\" alt=\"\" srcset=\"https:\/\/static.formar.net\/wp-content\/uploads\/sites\/1\/2022\/11\/02111117\/Icona-carta-di-credito.png 256w, https:\/\/static.formar.net\/wp-content\/uploads\/sites\/1\/2022\/11\/02111117\/Icona-carta-di-credito-80x80.png 80w, https:\/\/static.formar.net\/wp-content\/uploads\/sites\/1\/2022\/11\/02111117\/Icona-carta-di-credito-100x100.png 100w, https:\/\/static.formar.net\/wp-content\/uploads\/sites\/1\/2022\/11\/02111117\/Icona-carta-di-credito-50x50.png 50w\" sizes=\"auto, (max-width: 256px) 100vw, 256px\" \/>\t\t\t\t\t<\/div>\n\t\t\t\t<\/div>\n\t\t\t<\/div>\n\t\t\t\t<div class=\"icon-box-text last-reset\">\n\t\t\t\t\t\t\t\t\t\n<h3>Escolhe a forma de pagamento<\/h3>\n<p>Pagamento via Paypal, cart\u00e3o de cr\u00e9dito, dinheiro ou cart\u00e3o de d\u00e9bito (no local) e contra-reembolso<\/p>\n\t\t<\/div>\n\t<\/div>\n\t\n\t\n\t\t<\/div>\n\t\t\t\t\t<\/div>\n\n\t\n\n\t<div id=\"col-1000705098\" class=\"col medium-3 small-12 large-3\"  >\n\t\t\t\t<div class=\"col-inner\"  >\n\t\t\t\n\t\t\t\n\n\t\t<div class=\"icon-box featured-box icon-box-center text-center\"  >\n\t\t\t\t\t<div class=\"icon-box-img\" style=\"width: 50px\">\n\t\t\t\t<div class=\"icon\">\n\t\t\t\t\t<div class=\"icon-inner\" >\n\t\t\t\t\t\t<img loading=\"lazy\" decoding=\"async\" width=\"128\" height=\"128\" src=\"https:\/\/static.formar.net\/wp-content\/uploads\/sites\/1\/2022\/10\/02111130\/3669335-128-1.png\" class=\"attachment-medium size-medium\" alt=\"\" srcset=\"https:\/\/static.formar.net\/wp-content\/uploads\/sites\/1\/2022\/10\/02111130\/3669335-128-1.png 128w, https:\/\/static.formar.net\/wp-content\/uploads\/sites\/1\/2022\/10\/02111130\/3669335-128-1-80x80.png 80w, https:\/\/static.formar.net\/wp-content\/uploads\/sites\/1\/2022\/10\/02111130\/3669335-128-1-100x100.png 100w, https:\/\/static.formar.net\/wp-content\/uploads\/sites\/1\/2022\/10\/02111130\/3669335-128-1-50x50.png 50w\" sizes=\"auto, (max-width: 128px) 100vw, 128px\" \/>\t\t\t\t\t<\/div>\n\t\t\t\t<\/div>\n\t\t\t<\/div>\n\t\t\t\t<div class=\"icon-box-text last-reset\">\n\t\t\t\t\t\t\t\t\t\n<h3>Devolu\u00e7\u00e3o f\u00e1cil e sem preocupa\u00e7\u00f5es<\/h3>\n<p>Em caso de problemas, organizamos a recolha diretamente no teu endere\u00e7o.<a href=\"https:\/\/formar.shop\/regole-sulla-restituzione\/\">(Mais pormenores<\/a>).<\/p>\n\t\t<\/div>\n\t<\/div>\n\t\n\t\n\t\t<\/div>\n\t\t\t\t\t<\/div>\n\n\t\n\n\t<div id=\"col-1505659015\" class=\"col medium-3 small-12 large-3\"  >\n\t\t\t\t<div class=\"col-inner\"  >\n\t\t\t\n\t\t\t\n\n\t\t<div class=\"icon-box featured-box icon-box-center text-center\"  >\n\t\t\t\t\t<div class=\"icon-box-img\" style=\"width: 50px\">\n\t\t\t\t<div class=\"icon\">\n\t\t\t\t\t<div class=\"icon-inner\" >\n\t\t\t\t\t\t<img loading=\"lazy\" decoding=\"async\" width=\"128\" height=\"128\" src=\"https:\/\/static.formar.net\/wp-content\/uploads\/sites\/1\/2022\/10\/02111130\/5959201-128-1.png\" class=\"attachment-medium size-medium\" alt=\"\" srcset=\"https:\/\/static.formar.net\/wp-content\/uploads\/sites\/1\/2022\/10\/02111130\/5959201-128-1.png 128w, https:\/\/static.formar.net\/wp-content\/uploads\/sites\/1\/2022\/10\/02111130\/5959201-128-1-80x80.png 80w, https:\/\/static.formar.net\/wp-content\/uploads\/sites\/1\/2022\/10\/02111130\/5959201-128-1-100x100.png 100w, https:\/\/static.formar.net\/wp-content\/uploads\/sites\/1\/2022\/10\/02111130\/5959201-128-1-50x50.png 50w\" sizes=\"auto, (max-width: 128px) 100vw, 128px\" \/>\t\t\t\t\t<\/div>\n\t\t\t\t<\/div>\n\t\t\t<\/div>\n\t\t\t\t<div class=\"icon-box-text last-reset\">\n\t\t\t\t\t\t\t\t\t\n<h3>Garantia do fabricante e pe\u00e7as de substitui\u00e7\u00e3o<\/h3>\n<p>Todos os nossos produtos t\u00eam a nossa garantia. Para muitos produtos, garantimos pe\u00e7as sobresselentes durante o mesmo per\u00edodo.<\/p>\n\t\t<\/div>\n\t<\/div>\n\t\n\t\n\t\t<\/div>\n\t\t\t\t\t<\/div>\n\n\t\n\n<style>\n#row-1561551328 > .col > .col-inner {\n  padding: 20px 20px 20px 20px;\n}\n<\/style>\n<\/div>\n\t\t<\/div>\n\n\t\t\n<style>\n#section_1164253680 {\n  padding-top: 30px;\n  padding-bottom: 30px;\n}\n<\/style>\n\t<\/section>\n\t\n","protected":false},"excerpt":{"rendered":"<p>A caixa de parede suspensa foi concebida e desenhada pelo designer italiano MARIO MAZZER para mobilar qualquer parede.<br \/>\n\u00c9 f\u00e1cil de posicionar e pode ser montada separadamente ou criada em diferentes composi\u00e7\u00f5es com outros elementos.<br \/>\nO polipropileno branco r\u00edgido de que \u00e9 feita facilita a sua limpeza.  <\/p>\n","protected":false},"featured_media":46785,"template":"","meta":{"_joinchat":[]},"product_brand":[],"product_cat":[1954,2023],"product_tag":[2024],"class_list":{"0":"post-46780","1":"product","2":"type-product","3":"status-publish","4":"has-post-thumbnail","6":"product_cat-casa-pt-pt","7":"product_cat-prateleiras-e-contentores","8":"product_tag-contentor-de-parede","10":"first","11":"instock","12":"taxable","13":"shipping-taxable","14":"purchasable","15":"product-type-variable","16":"has-default-attributes"},"yoast_head":"<!-- This site is optimized with the Yoast SEO plugin v27.3 - https:\/\/yoast.com\/product\/yoast-seo-wordpress\/ -->\n<title>Recipiente de parede - Pendurado - Formar.shop<\/title>\n<meta name=\"robots\" content=\"index, follow, max-snippet:-1, max-image-preview:large, max-video-preview:-1\" \/>\n<link rel=\"canonical\" href=\"https:\/\/formar.shop\/pt-pt\/prodotto\/recipiente-de-parede-pendurado\/\" \/>\n<script type=\"application\/ld+json\" class=\"yoast-schema-graph\">{\"@context\":\"https:\\\/\\\/schema.org\",\"@graph\":[{\"@type\":\"WebPage\",\"@id\":\"https:\\\/\\\/formar.shop\\\/pt-pt\\\/prodotto\\\/recipiente-de-parede-pendurado\\\/\",\"url\":\"https:\\\/\\\/formar.shop\\\/pt-pt\\\/prodotto\\\/recipiente-de-parede-pendurado\\\/\",\"name\":\"Recipiente de parede - Pendurado - Formar.shop\",\"isPartOf\":{\"@id\":\"https:\\\/\\\/formar.shop\\\/pt-pt\\\/#website\"},\"primaryImageOfPage\":{\"@id\":\"https:\\\/\\\/formar.shop\\\/pt-pt\\\/prodotto\\\/recipiente-de-parede-pendurado\\\/#primaryimage\"},\"image\":{\"@id\":\"https:\\\/\\\/formar.shop\\\/pt-pt\\\/prodotto\\\/recipiente-de-parede-pendurado\\\/#primaryimage\"},\"thumbnailUrl\":\"https:\\\/\\\/static.formar.net\\\/wp-content\\\/uploads\\\/2020\\\/12\\\/22153635\\\/Immagini-di-prodotto-x-Amazon-36.png\",\"datePublished\":\"2025-01-18T20:31:54+00:00\",\"dateModified\":\"2025-01-18T20:32:04+00:00\",\"breadcrumb\":{\"@id\":\"https:\\\/\\\/formar.shop\\\/pt-pt\\\/prodotto\\\/recipiente-de-parede-pendurado\\\/#breadcrumb\"},\"inLanguage\":\"pt-PT\",\"potentialAction\":[{\"@type\":\"ReadAction\",\"target\":[\"https:\\\/\\\/formar.shop\\\/pt-pt\\\/prodotto\\\/recipiente-de-parede-pendurado\\\/\"]}]},{\"@type\":\"ImageObject\",\"inLanguage\":\"pt-PT\",\"@id\":\"https:\\\/\\\/formar.shop\\\/pt-pt\\\/prodotto\\\/recipiente-de-parede-pendurado\\\/#primaryimage\",\"url\":\"https:\\\/\\\/static.formar.net\\\/wp-content\\\/uploads\\\/2020\\\/12\\\/22153635\\\/Immagini-di-prodotto-x-Amazon-36.png\",\"contentUrl\":\"https:\\\/\\\/static.formar.net\\\/wp-content\\\/uploads\\\/2020\\\/12\\\/22153635\\\/Immagini-di-prodotto-x-Amazon-36.png\",\"width\":1012,\"height\":1012},{\"@type\":\"BreadcrumbList\",\"@id\":\"https:\\\/\\\/formar.shop\\\/pt-pt\\\/prodotto\\\/recipiente-de-parede-pendurado\\\/#breadcrumb\",\"itemListElement\":[{\"@type\":\"ListItem\",\"position\":1,\"name\":\"Home\",\"item\":\"https:\\\/\\\/formar.shop\\\/pt-pt\\\/rascunho-automatico\\\/\"},{\"@type\":\"ListItem\",\"position\":2,\"name\":\"Compra\",\"item\":\"https:\\\/\\\/formar.shop\\\/pt-pt\\\/compra\\\/\"},{\"@type\":\"ListItem\",\"position\":3,\"name\":\"Recipiente de parede &#8211; Pendurado\"}]},{\"@type\":\"WebSite\",\"@id\":\"https:\\\/\\\/formar.shop\\\/pt-pt\\\/#website\",\"url\":\"https:\\\/\\\/formar.shop\\\/pt-pt\\\/\",\"name\":\"Formar.shop\",\"description\":\"Soluzioni espresse con stile\",\"potentialAction\":[{\"@type\":\"SearchAction\",\"target\":{\"@type\":\"EntryPoint\",\"urlTemplate\":\"https:\\\/\\\/formar.shop\\\/pt-pt\\\/?s={search_term_string}\"},\"query-input\":{\"@type\":\"PropertyValueSpecification\",\"valueRequired\":true,\"valueName\":\"search_term_string\"}}],\"inLanguage\":\"pt-PT\"}]}<\/script>\n<!-- \/ Yoast SEO plugin. -->","yoast_head_json":{"title":"Recipiente de parede - Pendurado - Formar.shop","robots":{"index":"index","follow":"follow","max-snippet":"max-snippet:-1","max-image-preview":"max-image-preview:large","max-video-preview":"max-video-preview:-1"},"canonical":"https:\/\/formar.shop\/pt-pt\/prodotto\/recipiente-de-parede-pendurado\/","schema":{"@context":"https:\/\/schema.org","@graph":[{"@type":"WebPage","@id":"https:\/\/formar.shop\/pt-pt\/prodotto\/recipiente-de-parede-pendurado\/","url":"https:\/\/formar.shop\/pt-pt\/prodotto\/recipiente-de-parede-pendurado\/","name":"Recipiente de parede - Pendurado - Formar.shop","isPartOf":{"@id":"https:\/\/formar.shop\/pt-pt\/#website"},"primaryImageOfPage":{"@id":"https:\/\/formar.shop\/pt-pt\/prodotto\/recipiente-de-parede-pendurado\/#primaryimage"},"image":{"@id":"https:\/\/formar.shop\/pt-pt\/prodotto\/recipiente-de-parede-pendurado\/#primaryimage"},"thumbnailUrl":"https:\/\/static.formar.net\/wp-content\/uploads\/2020\/12\/22153635\/Immagini-di-prodotto-x-Amazon-36.png","datePublished":"2025-01-18T20:31:54+00:00","dateModified":"2025-01-18T20:32:04+00:00","breadcrumb":{"@id":"https:\/\/formar.shop\/pt-pt\/prodotto\/recipiente-de-parede-pendurado\/#breadcrumb"},"inLanguage":"pt-PT","potentialAction":[{"@type":"ReadAction","target":["https:\/\/formar.shop\/pt-pt\/prodotto\/recipiente-de-parede-pendurado\/"]}]},{"@type":"ImageObject","inLanguage":"pt-PT","@id":"https:\/\/formar.shop\/pt-pt\/prodotto\/recipiente-de-parede-pendurado\/#primaryimage","url":"https:\/\/static.formar.net\/wp-content\/uploads\/2020\/12\/22153635\/Immagini-di-prodotto-x-Amazon-36.png","contentUrl":"https:\/\/static.formar.net\/wp-content\/uploads\/2020\/12\/22153635\/Immagini-di-prodotto-x-Amazon-36.png","width":1012,"height":1012},{"@type":"BreadcrumbList","@id":"https:\/\/formar.shop\/pt-pt\/prodotto\/recipiente-de-parede-pendurado\/#breadcrumb","itemListElement":[{"@type":"ListItem","position":1,"name":"Home","item":"https:\/\/formar.shop\/pt-pt\/rascunho-automatico\/"},{"@type":"ListItem","position":2,"name":"Compra","item":"https:\/\/formar.shop\/pt-pt\/compra\/"},{"@type":"ListItem","position":3,"name":"Recipiente de parede &#8211; Pendurado"}]},{"@type":"WebSite","@id":"https:\/\/formar.shop\/pt-pt\/#website","url":"https:\/\/formar.shop\/pt-pt\/","name":"Formar.shop","description":"Soluzioni espresse con stile","potentialAction":[{"@type":"SearchAction","target":{"@type":"EntryPoint","urlTemplate":"https:\/\/formar.shop\/pt-pt\/?s={search_term_string}"},"query-input":{"@type":"PropertyValueSpecification","valueRequired":true,"valueName":"search_term_string"}}],"inLanguage":"pt-PT"}]}},"_links":{"self":[{"href":"https:\/\/formar.shop\/pt-pt\/wp-json\/wp\/v2\/product\/46780","targetHints":{"allow":["GET"]}}],"collection":[{"href":"https:\/\/formar.shop\/pt-pt\/wp-json\/wp\/v2\/product"}],"about":[{"href":"https:\/\/formar.shop\/pt-pt\/wp-json\/wp\/v2\/types\/product"}],"wp:featuredmedia":[{"embeddable":true,"href":"https:\/\/formar.shop\/pt-pt\/wp-json\/wp\/v2\/media\/46785"}],"wp:attachment":[{"href":"https:\/\/formar.shop\/pt-pt\/wp-json\/wp\/v2\/media?parent=46780"}],"wp:term":[{"taxonomy":"product_brand","embeddable":true,"href":"https:\/\/formar.shop\/pt-pt\/wp-json\/wp\/v2\/product_brand?post=46780"},{"taxonomy":"product_cat","embeddable":true,"href":"https:\/\/formar.shop\/pt-pt\/wp-json\/wp\/v2\/product_cat?post=46780"},{"taxonomy":"product_tag","embeddable":true,"href":"https:\/\/formar.shop\/pt-pt\/wp-json\/wp\/v2\/product_tag?post=46780"}],"curies":[{"name":"wp","href":"https:\/\/api.w.org\/{rel}","templated":true}]}}