{"id":46575,"date":"2025-01-18T21:31:23","date_gmt":"2025-01-18T20:31:23","guid":{"rendered":"https:\/\/formar.shop\/prodotto\/cadeira-bud-cadeira-09\/"},"modified":"2025-01-18T21:31:40","modified_gmt":"2025-01-18T20:31:40","slug":"cadeira-bud-cadeira-09","status":"publish","type":"product","link":"https:\/\/formar.shop\/pt-pt\/prodotto\/cadeira-bud-cadeira-09\/","title":{"rendered":"Cadeira &#8211; Bud Cadeira 09"},"content":{"rendered":"<div class=\"slider-wrapper relative\" id=\"slider-616418864\" >\n    <div class=\"slider slider-nav-circle slider-nav-large slider-nav-dark slider-style-normal\"\n        data-flickity-options='{\n            \"cellAlign\": \"center\",\n            \"imagesLoaded\": true,\n            \"lazyLoad\": 1,\n            \"freeScroll\": false,\n            \"wrapAround\": true,\n            \"autoPlay\": 6000,\n            \"pauseAutoPlayOnHover\" : true,\n            \"prevNextButtons\": true,\n            \"contain\" : true,\n            \"adaptiveHeight\" : true,\n            \"dragThreshold\" : 10,\n            \"percentPosition\": true,\n            \"pageDots\": true,\n            \"rightToLeft\": false,\n            \"draggable\": true,\n            \"selectedAttraction\": 0.1,\n            \"parallax\" : 0,\n            \"friction\": 0.6        }'\n        >\n        \n\t<div class=\"img has-hover x md-x lg-x y md-y lg-y\" id=\"image_866749980\">\n\t\t\t\t\t\t\t\t<div class=\"img-inner dark\" >\n\t\t\t<img loading=\"lazy\" decoding=\"async\" width=\"1012\" height=\"1012\" src=\"https:\/\/static.formar.net\/wp-content\/uploads\/2020\/12\/22164407\/Immagini-di-prodotto-x-Amazon-28.png\" class=\"attachment-large size-large\" alt=\"\" \/>\t\t\t\t\t\t\n\t\t\t\t\t<\/div>\n\t\t\t\t\t\t\t\t\n<style>\n#image_866749980 {\n  width: 100%;\n}\n<\/style>\n\t<\/div>\n\t\n\t<div class=\"img has-hover x md-x lg-x y md-y lg-y\" id=\"image_2043509676\">\n\t\t\t\t\t\t\t\t<div class=\"img-inner dark\" >\n\t\t\t<img loading=\"lazy\" decoding=\"async\" width=\"1012\" height=\"1012\" src=\"https:\/\/static.formar.net\/wp-content\/uploads\/2020\/12\/22164335\/Immagini-di-prodotto-x-Amazon-26.png\" class=\"attachment-large size-large\" alt=\"\" \/>\t\t\t\t\t\t\n\t\t\t\t\t<\/div>\n\t\t\t\t\t\t\t\t\n<style>\n#image_2043509676 {\n  width: 100%;\n}\n<\/style>\n\t<\/div>\n\t\n\t<div class=\"img has-hover x md-x lg-x y md-y lg-y\" id=\"image_661060341\">\n\t\t\t\t\t\t\t\t<div class=\"img-inner dark\" >\n\t\t\t<img loading=\"lazy\" decoding=\"async\" width=\"908\" height=\"1030\" src=\"https:\/\/static.formar.net\/wp-content\/uploads\/sites\/1\/2022\/11\/02111047\/bud-chair_laterale-908x1030.jpg\" class=\"attachment-large size-large\" alt=\"\" srcset=\"https:\/\/static.formar.net\/wp-content\/uploads\/sites\/1\/2022\/11\/02111047\/bud-chair_laterale-908x1030.jpg 908w, https:\/\/static.formar.net\/wp-content\/uploads\/sites\/1\/2022\/11\/02111047\/bud-chair_laterale-264x300.jpg 264w, https:\/\/static.formar.net\/wp-content\/uploads\/sites\/1\/2022\/11\/02111047\/bud-chair_laterale-768x871.jpg 768w, https:\/\/static.formar.net\/wp-content\/uploads\/sites\/1\/2022\/11\/02111047\/bud-chair_laterale-1354x1536.jpg 1354w, https:\/\/static.formar.net\/wp-content\/uploads\/sites\/1\/2022\/11\/02111047\/bud-chair_laterale-1805x2048.jpg 1805w, https:\/\/static.formar.net\/wp-content\/uploads\/sites\/1\/2022\/11\/02111047\/bud-chair_laterale-510x579.jpg 510w, https:\/\/static.formar.net\/wp-content\/uploads\/sites\/1\/2022\/11\/02111047\/bud-chair_laterale-1200x1362.jpg 1200w, https:\/\/static.formar.net\/wp-content\/uploads\/sites\/1\/2022\/11\/02111047\/bud-chair_laterale-600x681.jpg 600w\" sizes=\"auto, (max-width: 908px) 100vw, 908px\" \/>\t\t\t\t\t\t\n\t\t\t\t\t<\/div>\n\t\t\t\t\t\t\t\t\n<style>\n#image_661060341 {\n  width: 100%;\n}\n<\/style>\n\t<\/div>\n\t\n\t<div class=\"img has-hover x md-x lg-x y md-y lg-y\" id=\"image_1356077264\">\n\t\t\t\t\t\t\t\t<div class=\"img-inner dark\" >\n\t\t\t<img loading=\"lazy\" decoding=\"async\" width=\"930\" height=\"1030\" src=\"https:\/\/static.formar.net\/wp-content\/uploads\/sites\/1\/2022\/11\/02111045\/bud-chair_dietro-930x1030.jpg\" class=\"attachment-large size-large\" alt=\"\" srcset=\"https:\/\/static.formar.net\/wp-content\/uploads\/sites\/1\/2022\/11\/02111045\/bud-chair_dietro-930x1030.jpg 930w, https:\/\/static.formar.net\/wp-content\/uploads\/sites\/1\/2022\/11\/02111045\/bud-chair_dietro-271x300.jpg 271w, https:\/\/static.formar.net\/wp-content\/uploads\/sites\/1\/2022\/11\/02111045\/bud-chair_dietro-768x851.jpg 768w, https:\/\/static.formar.net\/wp-content\/uploads\/sites\/1\/2022\/11\/02111045\/bud-chair_dietro-1387x1536.jpg 1387w, https:\/\/static.formar.net\/wp-content\/uploads\/sites\/1\/2022\/11\/02111045\/bud-chair_dietro-1849x2048.jpg 1849w, https:\/\/static.formar.net\/wp-content\/uploads\/sites\/1\/2022\/11\/02111045\/bud-chair_dietro-510x565.jpg 510w, https:\/\/static.formar.net\/wp-content\/uploads\/sites\/1\/2022\/11\/02111045\/bud-chair_dietro-1200x1329.jpg 1200w, https:\/\/static.formar.net\/wp-content\/uploads\/sites\/1\/2022\/11\/02111045\/bud-chair_dietro-600x665.jpg 600w\" sizes=\"auto, (max-width: 930px) 100vw, 930px\" \/>\t\t\t\t\t\t\n\t\t\t\t\t<\/div>\n\t\t\t\t\t\t\t\t\n<style>\n#image_1356077264 {\n  width: 100%;\n}\n<\/style>\n\t<\/div>\n\t\n     <\/div>\n\n     <div class=\"loading-spin dark large centered\"><\/div>\n\n\t<\/div>\n\n\n<h3>CADEIRA BUD 09<\/h3>\n<p>Uma cadeira <strong>elegante<\/strong> e <strong>requintada<\/strong>, combina com qualquer tipo de mobili\u00e1rio e \u00e9 perfeita para a cozinha, sala de estar, quarto, escrit\u00f3rio e sala de espera. A Bud Chair 09 \u00e9 um must have em casa ou no escrit\u00f3rio, pelo seu estilo simples e elegante. Para al\u00e9m de ser esteticamente agrad\u00e1vel, a cadeira \u00e9 confort\u00e1vel e tamb\u00e9m perfeita como pe\u00e7a de mobili\u00e1rio.<br \/>\nO assento em polipropileno \u00e9 <strong>ergon\u00f3mico<\/strong>, muito <strong>dur\u00e1vel<\/strong> e est\u00e1 dispon\u00edvel em duas belas variantes de cor, branco e azul for\u00e7a a\u00e9rea, para satisfazer todos os gostos e exig\u00eancias. A estrutura \u00e9 em metal cromado para ambas as variantes de cor.<\/p>\n<h3 class=\"av-special-heading-tag \">DESENHO DO PRODUTO<\/h3>\n<p>Foi concebido e desenhado pelo designer Chen Zhiyi, diretor de design da empresa Morikawa Furniture.<br \/>\nZhiyi ganhou um pr\u00e9mio de prest\u00edgio na Exposi\u00e7\u00e3o Internacional de Mobili\u00e1rio de Xangai e desempenha um papel importante no panorama global do design de interiores.<br \/>\n&#8220;Simplicidade, moda e prote\u00e7\u00e3o ambiental&#8221; \u00e9 a filosofia subjacente ao seu trabalho. <\/p>\n<h3 class=\"av-special-heading-tag \">PRODUTO CERTIFICADO<\/h3>\n<p>O produto foi submetido ao <strong>teste UNI<\/strong> da SGS.<\/p>\n<h3 class=\"av-special-heading-tag \">DIMENS\u00d5ES DO PRODUTO<\/h3>\n<p>O produto mede: &#8211; 53 cm de comprimento &#8211; 61,5 cm de profundidade &#8211; 80 cm de altura A altura do assento mede 45,5 cm do ch\u00e3o.<\/p>\n<div class=\"info-block\">\n<h3 class=\"av-special-heading-tag \">DISPON\u00cdVEL EM DUAS VARIANTES DE COR<\/h3>\n<\/div>\n\n\t<section class=\"section\" id=\"section_1596476266\">\n\t\t<div class=\"section-bg fill\" >\n\t\t\t\t\t\t\t\t\t\n\t\t\t\n\n\t\t<\/div>\n\n\t\t\n\n\t\t<div class=\"section-content relative\">\n\t\t\t\n<div class=\"row\"  id=\"row-93909280\">\n\n\t<div id=\"col-1453884883\" class=\"col medium-6 small-6 large-6\"  >\n\t\t\t\t<div class=\"col-inner text-center\"  >\n\t\t\t\n\t\t\t\n\t<div class=\"box has-hover   has-hover box-text-bottom\" >\n\n\t\t<div class=\"box-image\" >\n\t\t\t\t\t\t<div class=\"\" >\n\t\t\t\t<img loading=\"lazy\" decoding=\"async\" width=\"1012\" height=\"1012\" src=\"https:\/\/static.formar.net\/wp-content\/uploads\/2020\/12\/22164407\/Immagini-di-prodotto-x-Amazon-28.png\" class=\"attachment- size-\" alt=\"\" \/>\t\t\t\t\t\t\t\t\t\t\t<\/div>\n\t\t\t\t\t<\/div>\n\n\t\t<div class=\"box-text text-center\" >\n\t\t\t<div class=\"box-text-inner\">\n\t\t\t\t\n\t<div id=\"text-2745560398\" class=\"text\">\n\t\t\n<p>Branco<br \/>\n\t\t\n<style>\n#text-2745560398 {\n  font-size: 1.5rem;\n}\n<\/style>\n\t<\/div>\n\t\n\t\t\t<\/div>\n\t\t<\/div>\n\t<\/div>\n\t\n\t<div class=\"img has-hover x md-x lg-x y md-y lg-y\" id=\"image_100123980\">\n\t\t<a class=\"\" href=\"https:\/\/formar.shop\/wp-content\/uploads\/2022\/10\/68_BIANCO_O_A.jpg\" >\t\t\t\t\t\t<div class=\"img-inner dark\" >\n\t\t\t\t\t\t\t\t\t\n\t\t\t\t\t<\/div>\n\t\t\t\t\t\t<\/a>\t\t\n<style>\n#image_100123980 {\n  width: 50%;\n}\n<\/style>\n\t<\/div>\n\t\n\t\t<\/div>\n\t\t\t\t\t<\/div>\n\n\t\n\n\t<div id=\"col-1229169325\" class=\"col medium-6 small-6 large-6\"  >\n\t\t\t\t<div class=\"col-inner text-center\"  >\n\t\t\t\n\t\t\t\n\t<div class=\"box has-hover   has-hover box-text-bottom\" >\n\n\t\t<div class=\"box-image\" >\n\t\t\t\t\t\t<div class=\"\" >\n\t\t\t\t<img loading=\"lazy\" decoding=\"async\" width=\"1012\" height=\"1012\" src=\"https:\/\/static.formar.net\/wp-content\/uploads\/2020\/12\/22164335\/Immagini-di-prodotto-x-Amazon-26.png\" class=\"attachment- size-\" alt=\"\" \/>\t\t\t\t\t\t\t\t\t\t\t<\/div>\n\t\t\t\t\t<\/div>\n\n\t\t<div class=\"box-text text-center\" >\n\t\t\t<div class=\"box-text-inner\">\n\t\t\t\t\n\t<div id=\"text-1508691391\" class=\"text\">\n\t\t\n<p>Azul Avio<br \/>\n\t\t\n<style>\n#text-1508691391 {\n  font-size: 1.5rem;\n}\n<\/style>\n\t<\/div>\n\t\n\t\t\t<\/div>\n\t\t<\/div>\n\t<\/div>\n\t\n\t<div class=\"img has-hover x md-x lg-x y md-y lg-y\" id=\"image_2002970606\">\n\t\t<a class=\"\" href=\"https:\/\/formar.shop\/wp-content\/uploads\/2022\/10\/03_ROVERE_O.jpg\" >\t\t\t\t\t\t<div class=\"img-inner dark\" >\n\t\t\t\t\t\t\t\t\t\n\t\t\t\t\t<\/div>\n\t\t\t\t\t\t<\/a>\t\t\n<style>\n#image_2002970606 {\n  width: 50%;\n}\n<\/style>\n\t<\/div>\n\t\n\t\t<\/div>\n\t\t\t\t\t<\/div>\n\n\t\n<\/div>\n<h3>CUIDADOS E MANUTEN\u00c7\u00c3O:<\/h3>\n<p>Testa primeiro a compatibilidade dos produtos de limpeza numa \u00e1rea n\u00e3o vis\u00edvel.<br \/>\nNunca utilizes produtos de limpeza ou de polimento com part\u00edculas abrasivas ou desengordurantes.<br \/>\nLimpa sempre com um pano h\u00famido e seca.<\/p>\n\t\t<\/div>\n\n\t\t\n<style>\n#section_1596476266 {\n  padding-top: 30px;\n  padding-bottom: 30px;\n}\n<\/style>\n\t<\/section>\n\t\n\n\t<section class=\"section\" id=\"section_1371204698\">\n\t\t<div class=\"section-bg fill\" >\n\t\t\t\t\t\t\t\t\t\n\t\t\t\n\n\t\t<\/div>\n\n\t\t\n\n\t\t<div class=\"section-content relative\">\n\t\t\t\n<div class=\"is-divider divider clearfix\" style=\"max-width:1000px;\"><\/div>\n<div class=\"row row-solid\"  id=\"row-35176286\">\n\n\t<div id=\"col-191450862\" class=\"col medium-3 small-12 large-3\"  >\n\t\t\t\t<div class=\"col-inner\"  >\n\t\t\t\n\t\t\t\n\n\t\t<div class=\"icon-box featured-box icon-box-center text-center\"  >\n\t\t\t\t\t<div class=\"icon-box-img\" style=\"width: 50px\">\n\t\t\t\t<div class=\"icon\">\n\t\t\t\t\t<div class=\"icon-inner\" >\n\t\t\t\t\t\t<img loading=\"lazy\" decoding=\"async\" width=\"128\" height=\"128\" src=\"https:\/\/static.formar.net\/wp-content\/uploads\/sites\/1\/2022\/10\/02111131\/2703076-128-1-1.png\" class=\"attachment-medium size-medium\" alt=\"\" srcset=\"https:\/\/static.formar.net\/wp-content\/uploads\/sites\/1\/2022\/10\/02111131\/2703076-128-1-1.png 128w, https:\/\/static.formar.net\/wp-content\/uploads\/sites\/1\/2022\/10\/02111131\/2703076-128-1-1-80x80.png 80w, https:\/\/static.formar.net\/wp-content\/uploads\/sites\/1\/2022\/10\/02111131\/2703076-128-1-1-100x100.png 100w, https:\/\/static.formar.net\/wp-content\/uploads\/sites\/1\/2022\/10\/02111131\/2703076-128-1-1-50x50.png 50w\" sizes=\"auto, (max-width: 128px) 100vw, 128px\" \/>\t\t\t\t\t<\/div>\n\t\t\t\t<\/div>\n\t\t\t<\/div>\n\t\t\t\t<div class=\"icon-box-text last-reset\">\n\t\t\t\t\t\t\t\t\t\n<h3>Servi\u00e7o de apoio ao cliente sempre dispon\u00edvel<\/h3>\n<p>Podes contactar-nos atrav\u00e9s do WhatsApp:  <a href=\"https:\/\/api.whatsapp.com\/send\/?phone=390715906063&amp;text&amp;type=phone_number&amp;app_absent=0\">+39 071 5906063<\/a><\/p>\n<p>Encomendas por telefone: <a href=\"tel:+39800122267\">800 122 267<\/a><\/p>\n\t\t<\/div>\n\t<\/div>\n\t\n\t\n\t\t<\/div>\n\t\t\t\t\t<\/div>\n\n\t\n\n\t<div id=\"col-530137183\" class=\"col medium-3 small-12 large-3\"  >\n\t\t\t\t<div class=\"col-inner\"  >\n\t\t\t\n\t\t\t\n\n\t\t<div class=\"icon-box featured-box icon-box-center text-center\"  >\n\t\t\t\t\t<div class=\"icon-box-img\" style=\"width: 50px\">\n\t\t\t\t<div class=\"icon\">\n\t\t\t\t\t<div class=\"icon-inner\" >\n\t\t\t\t\t\t<img loading=\"lazy\" decoding=\"async\" width=\"256\" height=\"256\" src=\"https:\/\/static.formar.net\/wp-content\/uploads\/sites\/1\/2022\/11\/02111117\/Icona-carta-di-credito.png\" class=\"attachment-medium size-medium\" alt=\"\" srcset=\"https:\/\/static.formar.net\/wp-content\/uploads\/sites\/1\/2022\/11\/02111117\/Icona-carta-di-credito.png 256w, https:\/\/static.formar.net\/wp-content\/uploads\/sites\/1\/2022\/11\/02111117\/Icona-carta-di-credito-80x80.png 80w, https:\/\/static.formar.net\/wp-content\/uploads\/sites\/1\/2022\/11\/02111117\/Icona-carta-di-credito-100x100.png 100w, https:\/\/static.formar.net\/wp-content\/uploads\/sites\/1\/2022\/11\/02111117\/Icona-carta-di-credito-50x50.png 50w\" sizes=\"auto, (max-width: 256px) 100vw, 256px\" \/>\t\t\t\t\t<\/div>\n\t\t\t\t<\/div>\n\t\t\t<\/div>\n\t\t\t\t<div class=\"icon-box-text last-reset\">\n\t\t\t\t\t\t\t\t\t\n<h3>Escolhe a forma de pagamento<\/h3>\n<p>Pagamento via Paypal, cart\u00e3o de cr\u00e9dito, dinheiro ou cart\u00e3o de d\u00e9bito (no local) e contra-reembolso<\/p>\n\t\t<\/div>\n\t<\/div>\n\t\n\t\n\t\t<\/div>\n\t\t\t\t\t<\/div>\n\n\t\n\n\t<div id=\"col-2000752688\" class=\"col medium-3 small-12 large-3\"  >\n\t\t\t\t<div class=\"col-inner\"  >\n\t\t\t\n\t\t\t\n\n\t\t<div class=\"icon-box featured-box icon-box-center text-center\"  >\n\t\t\t\t\t<div class=\"icon-box-img\" style=\"width: 50px\">\n\t\t\t\t<div class=\"icon\">\n\t\t\t\t\t<div class=\"icon-inner\" >\n\t\t\t\t\t\t<img loading=\"lazy\" decoding=\"async\" width=\"128\" height=\"128\" src=\"https:\/\/static.formar.net\/wp-content\/uploads\/sites\/1\/2022\/10\/02111130\/3669335-128-1.png\" class=\"attachment-medium size-medium\" alt=\"\" srcset=\"https:\/\/static.formar.net\/wp-content\/uploads\/sites\/1\/2022\/10\/02111130\/3669335-128-1.png 128w, https:\/\/static.formar.net\/wp-content\/uploads\/sites\/1\/2022\/10\/02111130\/3669335-128-1-80x80.png 80w, https:\/\/static.formar.net\/wp-content\/uploads\/sites\/1\/2022\/10\/02111130\/3669335-128-1-100x100.png 100w, https:\/\/static.formar.net\/wp-content\/uploads\/sites\/1\/2022\/10\/02111130\/3669335-128-1-50x50.png 50w\" sizes=\"auto, (max-width: 128px) 100vw, 128px\" \/>\t\t\t\t\t<\/div>\n\t\t\t\t<\/div>\n\t\t\t<\/div>\n\t\t\t\t<div class=\"icon-box-text last-reset\">\n\t\t\t\t\t\t\t\t\t\n<h3>Devolu\u00e7\u00e3o f\u00e1cil e sem preocupa\u00e7\u00f5es<\/h3>\n<p>Em caso de problemas, organizamos a recolha diretamente no teu endere\u00e7o.<a href=\"https:\/\/formar.shop\/regole-sulla-restituzione\/\">(Mais pormenores<\/a>).<\/p>\n\t\t<\/div>\n\t<\/div>\n\t\n\t\n\t\t<\/div>\n\t\t\t\t\t<\/div>\n\n\t\n\n\t<div id=\"col-1703670758\" class=\"col medium-3 small-12 large-3\"  >\n\t\t\t\t<div class=\"col-inner\"  >\n\t\t\t\n\t\t\t\n\n\t\t<div class=\"icon-box featured-box icon-box-center text-center\"  >\n\t\t\t\t\t<div class=\"icon-box-img\" style=\"width: 50px\">\n\t\t\t\t<div class=\"icon\">\n\t\t\t\t\t<div class=\"icon-inner\" >\n\t\t\t\t\t\t<img loading=\"lazy\" decoding=\"async\" width=\"128\" height=\"128\" src=\"https:\/\/static.formar.net\/wp-content\/uploads\/sites\/1\/2022\/10\/02111130\/5959201-128-1.png\" class=\"attachment-medium size-medium\" alt=\"\" srcset=\"https:\/\/static.formar.net\/wp-content\/uploads\/sites\/1\/2022\/10\/02111130\/5959201-128-1.png 128w, https:\/\/static.formar.net\/wp-content\/uploads\/sites\/1\/2022\/10\/02111130\/5959201-128-1-80x80.png 80w, https:\/\/static.formar.net\/wp-content\/uploads\/sites\/1\/2022\/10\/02111130\/5959201-128-1-100x100.png 100w, https:\/\/static.formar.net\/wp-content\/uploads\/sites\/1\/2022\/10\/02111130\/5959201-128-1-50x50.png 50w\" sizes=\"auto, (max-width: 128px) 100vw, 128px\" \/>\t\t\t\t\t<\/div>\n\t\t\t\t<\/div>\n\t\t\t<\/div>\n\t\t\t\t<div class=\"icon-box-text last-reset\">\n\t\t\t\t\t\t\t\t\t\n<h3>Garantia do fabricante e pe\u00e7as de substitui\u00e7\u00e3o<\/h3>\n<p>Todos os nossos produtos t\u00eam a nossa garantia. Para muitos produtos, garantimos pe\u00e7as sobresselentes durante o mesmo per\u00edodo.<\/p>\n\t\t<\/div>\n\t<\/div>\n\t\n\t\n\t\t<\/div>\n\t\t\t\t\t<\/div>\n\n\t\n\n<style>\n#row-35176286 > .col > .col-inner {\n  padding: 20px 20px 20px 20px;\n}\n<\/style>\n<\/div>\n\t\t<\/div>\n\n\t\t\n<style>\n#section_1371204698 {\n  padding-top: 30px;\n  padding-bottom: 30px;\n}\n<\/style>\n\t<\/section>\n\t\n","protected":false},"excerpt":{"rendered":"<p>Concebida e desenhada pelo designer CHEN ZHIYI, esta cadeira elegante e requintada combina bem com qualquer tipo de mobili\u00e1rio.<br \/>\nA estrutura \u00e9 de metal cromado, enquanto o assento, de polipropileno, est\u00e1 dispon\u00edvel em duas cores: branco e azul for\u00e7a a\u00e9rea.<br \/>\nGra\u00e7as ao kit fornecido, a montagem \u00e9 r\u00e1pida e f\u00e1cil.  <\/p>\n","protected":false},"featured_media":46578,"template":"","meta":{"_joinchat":[]},"product_brand":[],"product_cat":[1957,1954],"product_tag":[1958],"class_list":{"0":"post-46575","1":"product","2":"type-product","3":"status-publish","4":"has-post-thumbnail","6":"product_cat-assentos","7":"product_cat-casa-pt-pt","8":"product_tag-cadeiras","10":"first","11":"instock","12":"taxable","13":"shipping-taxable","14":"purchasable","15":"product-type-variable"},"yoast_head":"<!-- This site is optimized with the Yoast SEO plugin v27.4 - https:\/\/yoast.com\/product\/yoast-seo-wordpress\/ -->\n<title>Cadeira - Bud Cadeira 09 - Formar.shop<\/title>\n<meta name=\"robots\" content=\"index, follow, max-snippet:-1, max-image-preview:large, max-video-preview:-1\" \/>\n<link rel=\"canonical\" href=\"https:\/\/formar.shop\/pt-pt\/prodotto\/cadeira-bud-cadeira-09\/\" \/>\n<script type=\"application\/ld+json\" class=\"yoast-schema-graph\">{\"@context\":\"https:\\\/\\\/schema.org\",\"@graph\":[{\"@type\":\"WebPage\",\"@id\":\"https:\\\/\\\/formar.shop\\\/pt-pt\\\/prodotto\\\/cadeira-bud-cadeira-09\\\/\",\"url\":\"https:\\\/\\\/formar.shop\\\/pt-pt\\\/prodotto\\\/cadeira-bud-cadeira-09\\\/\",\"name\":\"Cadeira - Bud Cadeira 09 - Formar.shop\",\"isPartOf\":{\"@id\":\"https:\\\/\\\/formar.shop\\\/pt-pt\\\/#website\"},\"primaryImageOfPage\":{\"@id\":\"https:\\\/\\\/formar.shop\\\/pt-pt\\\/prodotto\\\/cadeira-bud-cadeira-09\\\/#primaryimage\"},\"image\":{\"@id\":\"https:\\\/\\\/formar.shop\\\/pt-pt\\\/prodotto\\\/cadeira-bud-cadeira-09\\\/#primaryimage\"},\"thumbnailUrl\":\"https:\\\/\\\/static.formar.net\\\/wp-content\\\/uploads\\\/2020\\\/12\\\/22164335\\\/Immagini-di-prodotto-x-Amazon-26.png\",\"datePublished\":\"2025-01-18T20:31:23+00:00\",\"dateModified\":\"2025-01-18T20:31:40+00:00\",\"breadcrumb\":{\"@id\":\"https:\\\/\\\/formar.shop\\\/pt-pt\\\/prodotto\\\/cadeira-bud-cadeira-09\\\/#breadcrumb\"},\"inLanguage\":\"pt-PT\",\"potentialAction\":[{\"@type\":\"ReadAction\",\"target\":[\"https:\\\/\\\/formar.shop\\\/pt-pt\\\/prodotto\\\/cadeira-bud-cadeira-09\\\/\"]}]},{\"@type\":\"ImageObject\",\"inLanguage\":\"pt-PT\",\"@id\":\"https:\\\/\\\/formar.shop\\\/pt-pt\\\/prodotto\\\/cadeira-bud-cadeira-09\\\/#primaryimage\",\"url\":\"https:\\\/\\\/static.formar.net\\\/wp-content\\\/uploads\\\/2020\\\/12\\\/22164335\\\/Immagini-di-prodotto-x-Amazon-26.png\",\"contentUrl\":\"https:\\\/\\\/static.formar.net\\\/wp-content\\\/uploads\\\/2020\\\/12\\\/22164335\\\/Immagini-di-prodotto-x-Amazon-26.png\",\"width\":1012,\"height\":1012},{\"@type\":\"BreadcrumbList\",\"@id\":\"https:\\\/\\\/formar.shop\\\/pt-pt\\\/prodotto\\\/cadeira-bud-cadeira-09\\\/#breadcrumb\",\"itemListElement\":[{\"@type\":\"ListItem\",\"position\":1,\"name\":\"Home\",\"item\":\"https:\\\/\\\/formar.shop\\\/pt-pt\\\/rascunho-automatico\\\/\"},{\"@type\":\"ListItem\",\"position\":2,\"name\":\"Compra\",\"item\":\"https:\\\/\\\/formar.shop\\\/pt-pt\\\/compra\\\/\"},{\"@type\":\"ListItem\",\"position\":3,\"name\":\"Cadeira &#8211; Bud Cadeira 09\"}]},{\"@type\":\"WebSite\",\"@id\":\"https:\\\/\\\/formar.shop\\\/pt-pt\\\/#website\",\"url\":\"https:\\\/\\\/formar.shop\\\/pt-pt\\\/\",\"name\":\"Formar.shop\",\"description\":\"Soluzioni espresse con stile\",\"potentialAction\":[{\"@type\":\"SearchAction\",\"target\":{\"@type\":\"EntryPoint\",\"urlTemplate\":\"https:\\\/\\\/formar.shop\\\/pt-pt\\\/?s={search_term_string}\"},\"query-input\":{\"@type\":\"PropertyValueSpecification\",\"valueRequired\":true,\"valueName\":\"search_term_string\"}}],\"inLanguage\":\"pt-PT\"}]}<\/script>\n<!-- \/ Yoast SEO plugin. -->","yoast_head_json":{"title":"Cadeira - Bud Cadeira 09 - Formar.shop","robots":{"index":"index","follow":"follow","max-snippet":"max-snippet:-1","max-image-preview":"max-image-preview:large","max-video-preview":"max-video-preview:-1"},"canonical":"https:\/\/formar.shop\/pt-pt\/prodotto\/cadeira-bud-cadeira-09\/","schema":{"@context":"https:\/\/schema.org","@graph":[{"@type":"WebPage","@id":"https:\/\/formar.shop\/pt-pt\/prodotto\/cadeira-bud-cadeira-09\/","url":"https:\/\/formar.shop\/pt-pt\/prodotto\/cadeira-bud-cadeira-09\/","name":"Cadeira - Bud Cadeira 09 - Formar.shop","isPartOf":{"@id":"https:\/\/formar.shop\/pt-pt\/#website"},"primaryImageOfPage":{"@id":"https:\/\/formar.shop\/pt-pt\/prodotto\/cadeira-bud-cadeira-09\/#primaryimage"},"image":{"@id":"https:\/\/formar.shop\/pt-pt\/prodotto\/cadeira-bud-cadeira-09\/#primaryimage"},"thumbnailUrl":"https:\/\/static.formar.net\/wp-content\/uploads\/2020\/12\/22164335\/Immagini-di-prodotto-x-Amazon-26.png","datePublished":"2025-01-18T20:31:23+00:00","dateModified":"2025-01-18T20:31:40+00:00","breadcrumb":{"@id":"https:\/\/formar.shop\/pt-pt\/prodotto\/cadeira-bud-cadeira-09\/#breadcrumb"},"inLanguage":"pt-PT","potentialAction":[{"@type":"ReadAction","target":["https:\/\/formar.shop\/pt-pt\/prodotto\/cadeira-bud-cadeira-09\/"]}]},{"@type":"ImageObject","inLanguage":"pt-PT","@id":"https:\/\/formar.shop\/pt-pt\/prodotto\/cadeira-bud-cadeira-09\/#primaryimage","url":"https:\/\/static.formar.net\/wp-content\/uploads\/2020\/12\/22164335\/Immagini-di-prodotto-x-Amazon-26.png","contentUrl":"https:\/\/static.formar.net\/wp-content\/uploads\/2020\/12\/22164335\/Immagini-di-prodotto-x-Amazon-26.png","width":1012,"height":1012},{"@type":"BreadcrumbList","@id":"https:\/\/formar.shop\/pt-pt\/prodotto\/cadeira-bud-cadeira-09\/#breadcrumb","itemListElement":[{"@type":"ListItem","position":1,"name":"Home","item":"https:\/\/formar.shop\/pt-pt\/rascunho-automatico\/"},{"@type":"ListItem","position":2,"name":"Compra","item":"https:\/\/formar.shop\/pt-pt\/compra\/"},{"@type":"ListItem","position":3,"name":"Cadeira &#8211; Bud Cadeira 09"}]},{"@type":"WebSite","@id":"https:\/\/formar.shop\/pt-pt\/#website","url":"https:\/\/formar.shop\/pt-pt\/","name":"Formar.shop","description":"Soluzioni espresse con stile","potentialAction":[{"@type":"SearchAction","target":{"@type":"EntryPoint","urlTemplate":"https:\/\/formar.shop\/pt-pt\/?s={search_term_string}"},"query-input":{"@type":"PropertyValueSpecification","valueRequired":true,"valueName":"search_term_string"}}],"inLanguage":"pt-PT"}]}},"_links":{"self":[{"href":"https:\/\/formar.shop\/pt-pt\/wp-json\/wp\/v2\/product\/46575","targetHints":{"allow":["GET"]}}],"collection":[{"href":"https:\/\/formar.shop\/pt-pt\/wp-json\/wp\/v2\/product"}],"about":[{"href":"https:\/\/formar.shop\/pt-pt\/wp-json\/wp\/v2\/types\/product"}],"wp:featuredmedia":[{"embeddable":true,"href":"https:\/\/formar.shop\/pt-pt\/wp-json\/wp\/v2\/media\/46578"}],"wp:attachment":[{"href":"https:\/\/formar.shop\/pt-pt\/wp-json\/wp\/v2\/media?parent=46575"}],"wp:term":[{"taxonomy":"product_brand","embeddable":true,"href":"https:\/\/formar.shop\/pt-pt\/wp-json\/wp\/v2\/product_brand?post=46575"},{"taxonomy":"product_cat","embeddable":true,"href":"https:\/\/formar.shop\/pt-pt\/wp-json\/wp\/v2\/product_cat?post=46575"},{"taxonomy":"product_tag","embeddable":true,"href":"https:\/\/formar.shop\/pt-pt\/wp-json\/wp\/v2\/product_tag?post=46575"}],"curies":[{"name":"wp","href":"https:\/\/api.w.org\/{rel}","templated":true}]}}