{"id":49660,"date":"2025-01-19T08:54:41","date_gmt":"2025-01-19T07:54:41","guid":{"rendered":"https:\/\/formar.shop\/sobre-nos\/"},"modified":"2025-11-18T12:05:50","modified_gmt":"2025-11-18T11:05:50","slug":"sobre-nos","status":"publish","type":"page","link":"https:\/\/formar.shop\/pt-pt\/sobre-nos\/","title":{"rendered":"Sobre n\u00f3s"},"content":{"rendered":"\n<div class=\"row\"  id=\"row-1427537154\">\n\n\n\t<div id=\"col-1058723660\" class=\"col medium-11 small-12 large-12\"  >\n\t\t\t\t<div class=\"col-inner text-center\"  >\n\t\t\t\n\t\t\t\n\n\t<div id=\"text-1468322943\" class=\"text\">\n\t\t\n\n<h3><span style=\"font-size: 140%;\"><strong>QUEM SOMOS<\/strong><\/span><\/h3>\n<p><strong data-start=\"181\" data-end=\"196\">Formar.shop<\/strong> \u00e9 a loja online oficial da <strong data-start=\"225\" data-end=\"248\">Formar Contract Srl<\/strong>, uma empresa italiana sediada em Falconara Marittima (AN) especializada em mobili\u00e1rio para escrit\u00f3rios, gabinetes profissionais, espa\u00e7os p\u00fablicos e \u00e1reas contratuais. H\u00e1 mais de 20 anos que trabalhamos com paix\u00e3o e compet\u00eancia para oferecer solu\u00e7\u00f5es de mobili\u00e1rio funcionais, duradouras e com design contempor\u00e2neo. <\/p>\n<div>\n<p data-start=\"539\" data-end=\"752\">A nossa realidade nasce da experi\u00eancia no setor contratual, com o objetivo de trazer tamb\u00e9m para o online a qualidade e a fiabilidade que sempre nos distinguiram no trabalho com empresas, entidades p\u00fablicas e privadas.<\/p>\n<hr data-start=\"754\" data-end=\"757\">\n<h2><strong>O que nos distingue<\/strong><\/h2>\n<p data-start=\"1250\" data-end=\"1366\"><strong data-start=\"1250\" data-end=\"1277\">Experi\u00eancia e compet\u00eancia<\/strong>: uma longa hist\u00f3ria no setor contratual que se traduz em fiabilidade e profissionalismo.<\/p>\n<p data-start=\"1369\" data-end=\"1507\"><strong data-start=\"1369\" data-end=\"1388\">Cat\u00e1logo cuidado<\/strong>: selecionamos cuidadosamente os melhores produtos para mobili\u00e1rio profissional, focando-nos na ergonomia, est\u00e9tica e durabilidade.<\/p>\n<p data-start=\"1510\" data-end=\"1623\"><strong data-start=\"1510\" data-end=\"1539\">Assist\u00eancia personalizada<\/strong>: a nossa equipa est\u00e1 sempre dispon\u00edvel para aconselhamento e apoio pr\u00e9 e p\u00f3s-venda.<\/p>\n<p data-start=\"1626\" data-end=\"1752\"><strong data-start=\"1626\" data-end=\"1643\">Multicanalidade<\/strong>: al\u00e9m do site formar.shop, estamos tamb\u00e9m presentes nos principais marketplaces com a mesma qualidade e seriedade.<\/p>\n<p data-start=\"560\" data-end=\"744\">Atrav\u00e9s da nossa loja online, disponibilizamos uma vasta gama de produtos selecionados, combinando <strong data-start=\"665\" data-end=\"711\">experi\u00eancia t\u00e9cnica, paix\u00e3o pelo design<\/strong> e <strong data-start=\"714\" data-end=\"743\">aten\u00e7\u00e3o \u00e0 qualidade<\/strong>.<\/p>\n<hr data-start=\"746\" data-end=\"749\">\n<h2 data-start=\"751\" data-end=\"771\">A Nossa Miss\u00e3o<\/h2>\n<p data-start=\"813\" data-end=\"902\"><strong>Produtos de alta qualidade,<\/strong> tanto para mobili\u00e1rio profissional como para espa\u00e7os habitacionais.<\/p>\n<p data-start=\"905\" data-end=\"1004\"><strong>Design cuidado e funcional,<\/strong> com uma sele\u00e7\u00e3o orientada para o conforto, ergonomia e estilo.<\/p>\n<p data-start=\"1007\" data-end=\"1101\"><strong>Experi\u00eancia de compra intuitiva e segura,<\/strong> com assist\u00eancia ao cliente r\u00e1pida e competente.<\/p>\n<p data-start=\"1104\" data-end=\"1180\"><strong>Entrega r\u00e1pida e gratuita,<\/strong> para satisfazer todas as necessidades com efici\u00eancia.<\/p>\n<hr data-start=\"1574\" data-end=\"1577\">\n<h2 data-start=\"1579\" data-end=\"1599\">Os Nossos Produtos<\/h2>\n<p data-start=\"1601\" data-end=\"1630\"><strong data-start=\"1634\" data-end=\"1656\">Mobili\u00e1rio de escrit\u00f3rio<\/strong>: secret\u00e1rias, cadeiras, arm\u00e1rios, gavetas e mesas de reuni\u00e3o.<\/p>\n<p data-start=\"1720\" data-end=\"1809\"><strong data-start=\"1720\" data-end=\"1771\">Solu\u00e7\u00f5es para entidades p\u00fablicas e ambientes contratuais<\/strong>: bancos, estantes, m\u00f3veis de arquivo.<\/p>\n<p data-start=\"1812\" data-end=\"1951\"><strong data-start=\"1812\" data-end=\"1839\">Mobili\u00e1rio para casa<\/strong>: cadeiras, mesas, complementos, estantes e solu\u00e7\u00f5es de poupan\u00e7a de espa\u00e7o, sempre com um olhar atento ao design e \u00e0 praticidade.<\/p>\n<hr data-start=\"1953\" data-end=\"1956\">\n<h2 data-start=\"1958\" data-end=\"1977\">Os Nossos Clientes<\/h2>\n<p data-start=\"2005\" data-end=\"2031\">Empresas e profissionais<\/p>\n<p data-start=\"2034\" data-end=\"2067\">Entidades p\u00fablicas e administra\u00e7\u00f5es<\/p>\n<p data-start=\"2070\" data-end=\"2145\">Particulares \u00e0 procura de solu\u00e7\u00f5es de mobili\u00e1rio modernas e funcionais para casa<\/p>\n<hr data-start=\"2147\" data-end=\"2150\">\n<h2 data-start=\"2335\" data-end=\"2349\">Conclus\u00e3o<\/h2>\n<p data-start=\"2351\" data-end=\"2671\">Num mundo que muda rapidamente, acreditamos que a qualidade e a fiabilidade s\u00e3o valores imprescind\u00edveis. Com a <strong data-start=\"2462\" data-end=\"2477\">Formar.shop<\/strong>, n\u00e3o oferecemos apenas mobili\u00e1rio, mas verdadeiras <strong data-start=\"2523\" data-end=\"2564\">solu\u00e7\u00f5es de bem-estar e funcionalidade<\/strong> para o teu dia-a-dia, quer estejas a projetar um novo escrit\u00f3rio ou a tornar a tua casa mais acolhedora. <\/p>\n<p data-start=\"2673\" data-end=\"2821\">Escolher a Formar.shop significa confiar num parceiro s\u00f3lido, transparente e apaixonado, que coloca sempre as pessoas e as suas necessidades no centro.<\/p>\n<p data-start=\"2823\" data-end=\"2873\"><strong data-start=\"2823\" data-end=\"2873\">Formar.shop \u2013 Onde o teu espa\u00e7o ganha forma.<\/strong><\/p>\n<p> <\/p>\n<\/div>\n\t\t\n<style>\n#text-1468322943 {\n  text-align: left;\n}\n<\/style>\n\t<\/div>\n\t\n\n\t\t<\/div>\n\t\t\t\t\n<style>\n#col-1058723660 > .col-inner {\n  padding: 0px 0px 0px 0;\n}\n@media (min-width:550px) {\n  #col-1058723660 > .col-inner {\n    padding: 0px 0px 0px 0px;\n  }\n}\n<\/style>\n\t<\/div>\n\n\t\n\n\t<div id=\"col-1476084067\" class=\"col medium-12 small-12 large-12\"  >\n\t\t\t\t<div class=\"col-inner\"  >\n\t\t\t\n\t\t\t\n\n\n  <div class=\"banner has-hover\" id=\"banner-1031406296\">\n          <div class=\"banner-inner fill\">\n        <div class=\"banner-bg fill\" >\n            <img loading=\"lazy\" decoding=\"async\" width=\"1600\" height=\"1200\" src=\"https:\/\/static.formar.net\/wp-content\/uploads\/sites\/1\/2024\/07\/02110352\/Universal-Color-Mobile-420_AMBENTATA_4.jpg\" class=\"bg attachment-original size-original\" alt=\"\" \/>                                    \n                    <\/div>\n\t\t\n        <div class=\"banner-layers container\">\n            <div class=\"fill banner-link\"><\/div>            \n\n   <div id=\"text-box-2103616961\" class=\"text-box banner-layer x50 md-x50 lg-x50 y50 md-y50 lg-y50 res-text\">\n                                <div class=\"text-box-content text dark\">\n              \n              <div class=\"text-inner text-center\">\n                  \n\n\n              <\/div>\n           <\/div>\n                            \n<style>\n#text-box-2103616961 {\n  width: 60%;\n}\n#text-box-2103616961 .text-box-content {\n  font-size: 100%;\n}\n@media (min-width:550px) {\n  #text-box-2103616961 {\n    width: 60%;\n  }\n}\n<\/style>\n    <\/div>\n \n\n        <\/div>\n      <\/div>\n\n            \n<style>\n#banner-1031406296 {\n  padding-top: 300px;\n  background-color: rgb(255, 255, 255);\n}\n#banner-1031406296 .banner-bg img {\n  object-position: 52% 77%;\n}\n@media (min-width:550px) {\n  #banner-1031406296 {\n    padding-top: 500px;\n  }\n}\n@media (min-width:850px) {\n  #banner-1031406296 {\n    padding-top: 570px;\n  }\n}\n<\/style>\n  <\/div>\n\n\n\n\t\t<\/div>\n\t\t\t\t\n<style>\n#col-1476084067 > .col-inner {\n  margin: -100px 0px 0px 0px;\n}\n@media (min-width:550px) {\n  #col-1476084067 > .col-inner {\n    margin: -150px 0px 0px 0px;\n  }\n}\n@media (min-width:850px) {\n  #col-1476084067 > .col-inner {\n    margin: 0px 0px 0px 0px;\n  }\n}\n<\/style>\n\t<\/div>\n\n\t\n\n<\/div>\n<div class=\"is-divider divider clearfix\" style=\"max-width:1000px;\"><\/div>\n\n\n","protected":false},"excerpt":{"rendered":"","protected":false},"author":5,"featured_media":0,"parent":0,"menu_order":0,"comment_status":"closed","ping_status":"closed","template":"","meta":{"_joinchat":[],"footnotes":""},"class_list":["post-49660","page","type-page","status-publish","hentry"],"yoast_head":"<!-- This site is optimized with the Yoast SEO plugin v27.3 - https:\/\/yoast.com\/product\/yoast-seo-wordpress\/ -->\n<title>Sobre n\u00f3s - Formar.shop<\/title>\n<meta name=\"robots\" content=\"index, follow, max-snippet:-1, max-image-preview:large, max-video-preview:-1\" \/>\n<link rel=\"canonical\" href=\"https:\/\/formar.shop\/pt-pt\/sobre-nos\/\" \/>\n<script type=\"application\/ld+json\" class=\"yoast-schema-graph\">{\"@context\":\"https:\\\/\\\/schema.org\",\"@graph\":[{\"@type\":\"WebPage\",\"@id\":\"https:\\\/\\\/formar.shop\\\/pt-pt\\\/sobre-nos\\\/\",\"url\":\"https:\\\/\\\/formar.shop\\\/pt-pt\\\/sobre-nos\\\/\",\"name\":\"Sobre n\u00f3s - Formar.shop\",\"isPartOf\":{\"@id\":\"https:\\\/\\\/formar.shop\\\/pt-pt\\\/#website\"},\"datePublished\":\"2025-01-19T07:54:41+00:00\",\"dateModified\":\"2025-11-18T11:05:50+00:00\",\"breadcrumb\":{\"@id\":\"https:\\\/\\\/formar.shop\\\/pt-pt\\\/sobre-nos\\\/#breadcrumb\"},\"inLanguage\":\"pt-PT\",\"potentialAction\":[{\"@type\":\"ReadAction\",\"target\":[\"https:\\\/\\\/formar.shop\\\/pt-pt\\\/sobre-nos\\\/\"]}]},{\"@type\":\"BreadcrumbList\",\"@id\":\"https:\\\/\\\/formar.shop\\\/pt-pt\\\/sobre-nos\\\/#breadcrumb\",\"itemListElement\":[{\"@type\":\"ListItem\",\"position\":1,\"name\":\"Home\",\"item\":\"https:\\\/\\\/formar.shop\\\/pt-pt\\\/rascunho-automatico\\\/\"},{\"@type\":\"ListItem\",\"position\":2,\"name\":\"Sobre n\u00f3s\"}]},{\"@type\":\"WebSite\",\"@id\":\"https:\\\/\\\/formar.shop\\\/pt-pt\\\/#website\",\"url\":\"https:\\\/\\\/formar.shop\\\/pt-pt\\\/\",\"name\":\"Formar.shop\",\"description\":\"Soluzioni espresse con stile\",\"potentialAction\":[{\"@type\":\"SearchAction\",\"target\":{\"@type\":\"EntryPoint\",\"urlTemplate\":\"https:\\\/\\\/formar.shop\\\/pt-pt\\\/?s={search_term_string}\"},\"query-input\":{\"@type\":\"PropertyValueSpecification\",\"valueRequired\":true,\"valueName\":\"search_term_string\"}}],\"inLanguage\":\"pt-PT\"}]}<\/script>\n<!-- \/ Yoast SEO plugin. -->","yoast_head_json":{"title":"Sobre n\u00f3s - Formar.shop","robots":{"index":"index","follow":"follow","max-snippet":"max-snippet:-1","max-image-preview":"max-image-preview:large","max-video-preview":"max-video-preview:-1"},"canonical":"https:\/\/formar.shop\/pt-pt\/sobre-nos\/","schema":{"@context":"https:\/\/schema.org","@graph":[{"@type":"WebPage","@id":"https:\/\/formar.shop\/pt-pt\/sobre-nos\/","url":"https:\/\/formar.shop\/pt-pt\/sobre-nos\/","name":"Sobre n\u00f3s - Formar.shop","isPartOf":{"@id":"https:\/\/formar.shop\/pt-pt\/#website"},"datePublished":"2025-01-19T07:54:41+00:00","dateModified":"2025-11-18T11:05:50+00:00","breadcrumb":{"@id":"https:\/\/formar.shop\/pt-pt\/sobre-nos\/#breadcrumb"},"inLanguage":"pt-PT","potentialAction":[{"@type":"ReadAction","target":["https:\/\/formar.shop\/pt-pt\/sobre-nos\/"]}]},{"@type":"BreadcrumbList","@id":"https:\/\/formar.shop\/pt-pt\/sobre-nos\/#breadcrumb","itemListElement":[{"@type":"ListItem","position":1,"name":"Home","item":"https:\/\/formar.shop\/pt-pt\/rascunho-automatico\/"},{"@type":"ListItem","position":2,"name":"Sobre n\u00f3s"}]},{"@type":"WebSite","@id":"https:\/\/formar.shop\/pt-pt\/#website","url":"https:\/\/formar.shop\/pt-pt\/","name":"Formar.shop","description":"Soluzioni espresse con stile","potentialAction":[{"@type":"SearchAction","target":{"@type":"EntryPoint","urlTemplate":"https:\/\/formar.shop\/pt-pt\/?s={search_term_string}"},"query-input":{"@type":"PropertyValueSpecification","valueRequired":true,"valueName":"search_term_string"}}],"inLanguage":"pt-PT"}]}},"_links":{"self":[{"href":"https:\/\/formar.shop\/pt-pt\/wp-json\/wp\/v2\/pages\/49660","targetHints":{"allow":["GET"]}}],"collection":[{"href":"https:\/\/formar.shop\/pt-pt\/wp-json\/wp\/v2\/pages"}],"about":[{"href":"https:\/\/formar.shop\/pt-pt\/wp-json\/wp\/v2\/types\/page"}],"author":[{"embeddable":true,"href":"https:\/\/formar.shop\/pt-pt\/wp-json\/wp\/v2\/users\/5"}],"replies":[{"embeddable":true,"href":"https:\/\/formar.shop\/pt-pt\/wp-json\/wp\/v2\/comments?post=49660"}],"version-history":[{"count":2,"href":"https:\/\/formar.shop\/pt-pt\/wp-json\/wp\/v2\/pages\/49660\/revisions"}],"predecessor-version":[{"id":61905,"href":"https:\/\/formar.shop\/pt-pt\/wp-json\/wp\/v2\/pages\/49660\/revisions\/61905"}],"wp:attachment":[{"href":"https:\/\/formar.shop\/pt-pt\/wp-json\/wp\/v2\/media?parent=49660"}],"curies":[{"name":"wp","href":"https:\/\/api.w.org\/{rel}","templated":true}]}}