{"id":48556,"date":"2025-01-18T21:40:32","date_gmt":"2025-01-18T20:40:32","guid":{"rendered":"https:\/\/formar.shop\/guia-de-compra\/"},"modified":"2025-01-18T21:40:34","modified_gmt":"2025-01-18T20:40:34","slug":"guia-de-compra","status":"publish","type":"page","link":"https:\/\/formar.shop\/pt-pt\/guia-de-compra\/","title":{"rendered":"GUIA DE COMPRA"},"content":{"rendered":"\t<div id=\"text-2742508235\" class=\"text\">\n\t\t\n<p><strong>Termos e condi\u00e7\u00f5es<\/strong><\/p>\n<p>Formar.shop by Formar Contract permite a todos comprar os seus produtos online, atrav\u00e9s de um servi\u00e7o <strong>simples, c\u00f3modo e seguro<\/strong>.<\/p>\n<p>\u00c9 poss\u00edvel efetuar uma compra ap\u00f3s o registo ou como convidado, mas em ambos os casos \u00e9 necess\u00e1rio preencher todos os campos obrigat\u00f3rios.  <\/p>\n<p><strong>Todas as encomendas est\u00e3o sujeitas a confirma\u00e7\u00e3o<\/strong>.<\/p>\n<\/p>\n<p><strong>Registo<\/strong><\/p>\n<p>Ap\u00f3s o registo, que \u00e9 feito em poucos e simples passos, o novo cliente disp\u00f5e de um painel de controlo interno, onde pode introduzir o seu endere\u00e7o de entrega, permitindo que o sistema o memorize para agilizar a pr\u00f3xima compra, e gerir o carrinho de compras e a op\u00e7\u00e3o de compara\u00e7\u00e3o de produtos. Escolhe o produto, o tamanho e a cor pretendidos e, ap\u00f3s selecionar a quantidade desejada, adiciona-o ao carrinho de compras. Quando quiser prosseguir com a compra, entra no cesto, fazendo primeiro o login se estiver registado, e procede \u00e0 encomenda. Podes alterar ou remover os produtos escolhidos do carrinho de compras a qualquer momento.  <\/p>\n<\/p>\n<p><strong>Encomenda<\/strong><\/p>\n<p>Quando tiveres selecionado todos os produtos a comprar, procede \u00e0 encomenda. Se tiveres uma conta actualizada com dados e morada de envio, o processo de compra ser\u00e1 mais r\u00e1pido.<br \/>Caso contr\u00e1rio, introduz os dados necess\u00e1rios e prossegue com a encomenda. A encomenda s\u00f3 ser\u00e1 processada quando o pagamento do produto for recebido, dependendo do m\u00e9todo de pagamento escolhido.  <\/p>\n<\/p>\n<p><strong>O nosso servi\u00e7o de apoio ao cliente est\u00e1 \u00e0 tua disposi\u00e7\u00e3o.<\/strong><\/p>\n<p>Os nossos profissionais responder\u00e3o \u00e0s tuas perguntas sobre os nossos servi\u00e7os.<\/p>\n<p>N\u00e3o hesites em contactar-nos para qualquer informa\u00e7\u00e3o ou pedido de or\u00e7amento!  <\/p>\n<\/p>\n<p style=\"text-align: left;\"><strong>Formar Contract srl<\/strong><br \/><strong>Via del Consorzio 44<\/strong><br \/><strong>60015 | Falconara Marittima (AN)<\/strong><\/p>\n<p style=\"text-align: left;\"><a href=\"tel:800122267\">N\u00famero de telefone gratuito <\/a><a href=\"tel:800122267\">800 12 22 67<\/a><br \/><a href=\"tel:+390715906063\">Tel. 071 590.60.63<\/a><\/p>\n<p style=\"text-align: left;\">\n<p>Escrit\u00f3rio de vendas: <a href=\"mailto:info@formar-contract.it\">info@formar.net<\/a> Com\u00e9rcio eletr\u00f3nico:<a href=\"mailto:shop@formar.net\">shop@formar.net<\/a> PEC:<a href=\"mailto:info@pec.formar-contract.it\">info@pec.formar-contract.it<\/a><\/p>\n<p style=\"text-align: left;\">\n\t\t\n<style>\n#text-2742508235 {\n  color: rgb(0,0,0);\n}\n#text-2742508235 > * {\n  color: rgb(0,0,0);\n}\n<\/style>\n\t<\/div>\n\t\n","protected":false},"excerpt":{"rendered":"","protected":false},"author":6,"featured_media":0,"parent":0,"menu_order":0,"comment_status":"closed","ping_status":"closed","template":"","meta":{"_joinchat":[],"footnotes":""},"class_list":["post-48556","page","type-page","status-publish","hentry"],"yoast_head":"<!-- This site is optimized with the Yoast SEO plugin v27.4 - https:\/\/yoast.com\/product\/yoast-seo-wordpress\/ -->\n<title>GUIA DE COMPRA - Formar.shop<\/title>\n<meta name=\"robots\" content=\"index, follow, max-snippet:-1, max-image-preview:large, max-video-preview:-1\" \/>\n<link rel=\"canonical\" href=\"https:\/\/formar.shop\/pt-pt\/guia-de-compra\/\" \/>\n<script type=\"application\/ld+json\" class=\"yoast-schema-graph\">{\"@context\":\"https:\\\/\\\/schema.org\",\"@graph\":[{\"@type\":\"WebPage\",\"@id\":\"https:\\\/\\\/formar.shop\\\/pt-pt\\\/guia-de-compra\\\/\",\"url\":\"https:\\\/\\\/formar.shop\\\/pt-pt\\\/guia-de-compra\\\/\",\"name\":\"GUIA DE COMPRA - Formar.shop\",\"isPartOf\":{\"@id\":\"https:\\\/\\\/formar.shop\\\/pt-pt\\\/#website\"},\"datePublished\":\"2025-01-18T20:40:32+00:00\",\"dateModified\":\"2025-01-18T20:40:34+00:00\",\"breadcrumb\":{\"@id\":\"https:\\\/\\\/formar.shop\\\/pt-pt\\\/guia-de-compra\\\/#breadcrumb\"},\"inLanguage\":\"pt-PT\",\"potentialAction\":[{\"@type\":\"ReadAction\",\"target\":[\"https:\\\/\\\/formar.shop\\\/pt-pt\\\/guia-de-compra\\\/\"]}]},{\"@type\":\"BreadcrumbList\",\"@id\":\"https:\\\/\\\/formar.shop\\\/pt-pt\\\/guia-de-compra\\\/#breadcrumb\",\"itemListElement\":[{\"@type\":\"ListItem\",\"position\":1,\"name\":\"Home\",\"item\":\"https:\\\/\\\/formar.shop\\\/pt-pt\\\/rascunho-automatico\\\/\"},{\"@type\":\"ListItem\",\"position\":2,\"name\":\"GUIA DE COMPRA\"}]},{\"@type\":\"WebSite\",\"@id\":\"https:\\\/\\\/formar.shop\\\/pt-pt\\\/#website\",\"url\":\"https:\\\/\\\/formar.shop\\\/pt-pt\\\/\",\"name\":\"Formar.shop\",\"description\":\"Soluzioni espresse con stile\",\"potentialAction\":[{\"@type\":\"SearchAction\",\"target\":{\"@type\":\"EntryPoint\",\"urlTemplate\":\"https:\\\/\\\/formar.shop\\\/pt-pt\\\/?s={search_term_string}\"},\"query-input\":{\"@type\":\"PropertyValueSpecification\",\"valueRequired\":true,\"valueName\":\"search_term_string\"}}],\"inLanguage\":\"pt-PT\"}]}<\/script>\n<!-- \/ Yoast SEO plugin. -->","yoast_head_json":{"title":"GUIA DE COMPRA - Formar.shop","robots":{"index":"index","follow":"follow","max-snippet":"max-snippet:-1","max-image-preview":"max-image-preview:large","max-video-preview":"max-video-preview:-1"},"canonical":"https:\/\/formar.shop\/pt-pt\/guia-de-compra\/","schema":{"@context":"https:\/\/schema.org","@graph":[{"@type":"WebPage","@id":"https:\/\/formar.shop\/pt-pt\/guia-de-compra\/","url":"https:\/\/formar.shop\/pt-pt\/guia-de-compra\/","name":"GUIA DE COMPRA - Formar.shop","isPartOf":{"@id":"https:\/\/formar.shop\/pt-pt\/#website"},"datePublished":"2025-01-18T20:40:32+00:00","dateModified":"2025-01-18T20:40:34+00:00","breadcrumb":{"@id":"https:\/\/formar.shop\/pt-pt\/guia-de-compra\/#breadcrumb"},"inLanguage":"pt-PT","potentialAction":[{"@type":"ReadAction","target":["https:\/\/formar.shop\/pt-pt\/guia-de-compra\/"]}]},{"@type":"BreadcrumbList","@id":"https:\/\/formar.shop\/pt-pt\/guia-de-compra\/#breadcrumb","itemListElement":[{"@type":"ListItem","position":1,"name":"Home","item":"https:\/\/formar.shop\/pt-pt\/rascunho-automatico\/"},{"@type":"ListItem","position":2,"name":"GUIA DE COMPRA"}]},{"@type":"WebSite","@id":"https:\/\/formar.shop\/pt-pt\/#website","url":"https:\/\/formar.shop\/pt-pt\/","name":"Formar.shop","description":"Soluzioni espresse con stile","potentialAction":[{"@type":"SearchAction","target":{"@type":"EntryPoint","urlTemplate":"https:\/\/formar.shop\/pt-pt\/?s={search_term_string}"},"query-input":{"@type":"PropertyValueSpecification","valueRequired":true,"valueName":"search_term_string"}}],"inLanguage":"pt-PT"}]}},"_links":{"self":[{"href":"https:\/\/formar.shop\/pt-pt\/wp-json\/wp\/v2\/pages\/48556","targetHints":{"allow":["GET"]}}],"collection":[{"href":"https:\/\/formar.shop\/pt-pt\/wp-json\/wp\/v2\/pages"}],"about":[{"href":"https:\/\/formar.shop\/pt-pt\/wp-json\/wp\/v2\/types\/page"}],"author":[{"embeddable":true,"href":"https:\/\/formar.shop\/pt-pt\/wp-json\/wp\/v2\/users\/6"}],"replies":[{"embeddable":true,"href":"https:\/\/formar.shop\/pt-pt\/wp-json\/wp\/v2\/comments?post=48556"}],"version-history":[{"count":1,"href":"https:\/\/formar.shop\/pt-pt\/wp-json\/wp\/v2\/pages\/48556\/revisions"}],"predecessor-version":[{"id":48561,"href":"https:\/\/formar.shop\/pt-pt\/wp-json\/wp\/v2\/pages\/48556\/revisions\/48561"}],"wp:attachment":[{"href":"https:\/\/formar.shop\/pt-pt\/wp-json\/wp\/v2\/media?parent=48556"}],"curies":[{"name":"wp","href":"https:\/\/api.w.org\/{rel}","templated":true}]}}