{"id":48489,"date":"2025-01-18T21:40:15","date_gmt":"2025-01-18T20:40:15","guid":{"rendered":"https:\/\/formar.shop\/regras-de-regresso\/"},"modified":"2025-11-18T11:28:33","modified_gmt":"2025-11-18T10:28:33","slug":"regras-de-regresso","status":"publish","type":"page","link":"https:\/\/formar.shop\/pt-pt\/regras-de-regresso\/","title":{"rendered":"REGRAS DE REGRESSO"},"content":{"rendered":"\n<h3><span style=\"font-size: 140%;\"><strong>DEVOLU\u00c7\u00d5ES E ASSIST\u00caNCIA<\/strong><\/span><\/h3>\n<p> <\/p>\n<p><span style=\"font-size: 110%;\"><strong>\u00c9 poss\u00edvel devolver os bens adquiridos atrav\u00e9s de um procedimento simples e r\u00e1pido.<\/strong><\/span><\/p>\n<p>De acordo com a <em>Diretiva Europeia 2011\/83, implementada em It\u00e1lia pelo Decreto Legislativo de 3 de dezembro de 2013<\/em>, o comprador pode rescindir o contrato de compra sem necessariamente especificar o motivo da devolu\u00e7\u00e3o.<\/p>\n<p>O comprador que pretenda exercer o direito de retrata\u00e7\u00e3o dever\u00e1 comunicar a sua inten\u00e7\u00e3o \u00e0 Formar Contract por carta registada com aviso de rece\u00e7\u00e3o ou por <strong>Pec<\/strong>, <strong>no prazo de 14 dias \u00fateis<\/strong> a contar da data de entrega, juntando uma c\u00f3pia dos documentos de transporte, para os endere\u00e7os abaixo indicados.<\/p>\n<p><span style=\"font-size: 110%;\"><strong>O custo dos portes de devolu\u00e7\u00e3o \u00e9 da inteira responsabilidade do cliente.<\/strong><strong>ary do cliente.<\/strong><\/span><\/p>\n<p>A partir do momento em que a Formar Contract aceitar o pedido de devolu\u00e7\u00e3o, o comprador ter\u00e1 <strong>14 dias corridos para efetuar o envio da devolu\u00e7\u00e3o<\/strong>. Decorrido esse prazo, o comprador n\u00e3o poder\u00e1 mais beneficiar do direito de desist\u00eancia. <\/p>\n<p>Depois de obter a autoriza\u00e7\u00e3o de devolu\u00e7\u00e3o do operador, o comprador deve enviar o produto para<\/p>\n<p style=\"text-align: center;\"><span style=\"color: #000000;\"><strong>Formar Contract Srl<\/strong><\/span><\/p>\n<p style=\"text-align: center;\"><span style=\"color: #000000;\"><strong>Via del Consorzio 44<\/strong><\/span><\/p>\n<p style=\"text-align: center;\"><span style=\"color: #000000;\"><strong>60015 | Falconara Marittima (AN)<\/strong><\/span><\/p>\n<p style=\"text-align: center;\"><span style=\"color: #000000;\"><strong>info@pec.formar-contract.it<\/strong><\/span><\/p>\n<p>A Formar Contract proceder\u00e1 ao<strong> reembolso por transfer\u00eancia banc\u00e1ria no prazo de 14 dias \u00fateis ap\u00f3s<\/strong> a rece\u00e7\u00e3o dos bens devolvidos.<\/p>\n<p>O direito de retrata\u00e7\u00e3o caduca completamente se o produto devolvido n\u00e3o estiver intacto, ou seja, se n\u00e3o tiver a embalagem exterior e interior original, se estiver danificado ou mesmo parcialmente utilizado.<\/p>\n<p> <\/p>\n<p style=\"text-align: left;\"><strong>O nosso servi\u00e7o de apoio ao cliente est\u00e1 \u00e0 tua disposi\u00e7\u00e3o.  <\/strong><\/p>\n<p style=\"text-align: left;\">Para qualquer informa\u00e7\u00e3o ou pedido de or\u00e7amento n\u00e3o hesites em contactar-nos! Os nossos profissionais responder\u00e3o \u00e0s vossas solicita\u00e7\u00f5es relativas aos nossos servi\u00e7os: conce\u00e7\u00e3o, realiza\u00e7\u00e3o, entrega e montagem de mobili\u00e1rio para escrit\u00f3rios.<\/p>\n<div class=\"row align-center\"  id=\"row-560377559\">\n\n\n\t<div id=\"col-1652965673\" class=\"col small-12 large-12\"  >\n\t\t\t\t<div class=\"col-inner text-center\" style=\"background-color:rgb(244, 244, 244);\" >\n\t\t\t\n\t\t\t\n\n<h3>Ainda tens d\u00favidas?<\/h3>\n<p>Contacta-nos para mais informa\u00e7\u00f5es.<\/p>\n<a href=\"https:\/\/formar.shop\/pt-pt\/contacta-nos\/\" class=\"button primary\" >\n\t\t<span>Contacta-nos<\/span>\n\t<\/a>\n\n\n\n\t\t<\/div>\n\t\t\t\t\t<\/div>\n\n\t\n\n\n<style>\n#row-560377559 > .col > .col-inner {\n  padding: 40px 20px 40px 20px;\n  background-color: rgb(244, 244, 244);\n}\n@media (min-width:550px) {\n  #row-560377559 > .col > .col-inner {\n    padding: 40px 40px 40px 40px;\n  }\n}\n<\/style>\n<\/div>\n\n","protected":false},"excerpt":{"rendered":"","protected":false},"author":175,"featured_media":0,"parent":0,"menu_order":0,"comment_status":"closed","ping_status":"closed","template":"","meta":{"_joinchat":[],"footnotes":""},"class_list":["post-48489","page","type-page","status-publish","hentry"],"yoast_head":"<!-- This site is optimized with the Yoast SEO plugin v27.4 - https:\/\/yoast.com\/product\/yoast-seo-wordpress\/ -->\n<title>REGRAS DE REGRESSO - Formar.shop<\/title>\n<meta name=\"robots\" content=\"index, follow, max-snippet:-1, max-image-preview:large, max-video-preview:-1\" \/>\n<link rel=\"canonical\" href=\"https:\/\/formar.shop\/pt-pt\/regras-de-regresso\/\" \/>\n<script type=\"application\/ld+json\" class=\"yoast-schema-graph\">{\"@context\":\"https:\\\/\\\/schema.org\",\"@graph\":[{\"@type\":\"WebPage\",\"@id\":\"https:\\\/\\\/formar.shop\\\/pt-pt\\\/regras-de-regresso\\\/\",\"url\":\"https:\\\/\\\/formar.shop\\\/pt-pt\\\/regras-de-regresso\\\/\",\"name\":\"REGRAS DE REGRESSO - Formar.shop\",\"isPartOf\":{\"@id\":\"https:\\\/\\\/formar.shop\\\/pt-pt\\\/#website\"},\"datePublished\":\"2025-01-18T20:40:15+00:00\",\"dateModified\":\"2025-11-18T10:28:33+00:00\",\"breadcrumb\":{\"@id\":\"https:\\\/\\\/formar.shop\\\/pt-pt\\\/regras-de-regresso\\\/#breadcrumb\"},\"inLanguage\":\"pt-PT\",\"potentialAction\":[{\"@type\":\"ReadAction\",\"target\":[\"https:\\\/\\\/formar.shop\\\/pt-pt\\\/regras-de-regresso\\\/\"]}]},{\"@type\":\"BreadcrumbList\",\"@id\":\"https:\\\/\\\/formar.shop\\\/pt-pt\\\/regras-de-regresso\\\/#breadcrumb\",\"itemListElement\":[{\"@type\":\"ListItem\",\"position\":1,\"name\":\"Home\",\"item\":\"https:\\\/\\\/formar.shop\\\/pt-pt\\\/rascunho-automatico\\\/\"},{\"@type\":\"ListItem\",\"position\":2,\"name\":\"REGRAS DE REGRESSO\"}]},{\"@type\":\"WebSite\",\"@id\":\"https:\\\/\\\/formar.shop\\\/pt-pt\\\/#website\",\"url\":\"https:\\\/\\\/formar.shop\\\/pt-pt\\\/\",\"name\":\"Formar.shop\",\"description\":\"Soluzioni espresse con stile\",\"potentialAction\":[{\"@type\":\"SearchAction\",\"target\":{\"@type\":\"EntryPoint\",\"urlTemplate\":\"https:\\\/\\\/formar.shop\\\/pt-pt\\\/?s={search_term_string}\"},\"query-input\":{\"@type\":\"PropertyValueSpecification\",\"valueRequired\":true,\"valueName\":\"search_term_string\"}}],\"inLanguage\":\"pt-PT\"}]}<\/script>\n<!-- \/ Yoast SEO plugin. -->","yoast_head_json":{"title":"REGRAS DE REGRESSO - Formar.shop","robots":{"index":"index","follow":"follow","max-snippet":"max-snippet:-1","max-image-preview":"max-image-preview:large","max-video-preview":"max-video-preview:-1"},"canonical":"https:\/\/formar.shop\/pt-pt\/regras-de-regresso\/","schema":{"@context":"https:\/\/schema.org","@graph":[{"@type":"WebPage","@id":"https:\/\/formar.shop\/pt-pt\/regras-de-regresso\/","url":"https:\/\/formar.shop\/pt-pt\/regras-de-regresso\/","name":"REGRAS DE REGRESSO - Formar.shop","isPartOf":{"@id":"https:\/\/formar.shop\/pt-pt\/#website"},"datePublished":"2025-01-18T20:40:15+00:00","dateModified":"2025-11-18T10:28:33+00:00","breadcrumb":{"@id":"https:\/\/formar.shop\/pt-pt\/regras-de-regresso\/#breadcrumb"},"inLanguage":"pt-PT","potentialAction":[{"@type":"ReadAction","target":["https:\/\/formar.shop\/pt-pt\/regras-de-regresso\/"]}]},{"@type":"BreadcrumbList","@id":"https:\/\/formar.shop\/pt-pt\/regras-de-regresso\/#breadcrumb","itemListElement":[{"@type":"ListItem","position":1,"name":"Home","item":"https:\/\/formar.shop\/pt-pt\/rascunho-automatico\/"},{"@type":"ListItem","position":2,"name":"REGRAS DE REGRESSO"}]},{"@type":"WebSite","@id":"https:\/\/formar.shop\/pt-pt\/#website","url":"https:\/\/formar.shop\/pt-pt\/","name":"Formar.shop","description":"Soluzioni espresse con stile","potentialAction":[{"@type":"SearchAction","target":{"@type":"EntryPoint","urlTemplate":"https:\/\/formar.shop\/pt-pt\/?s={search_term_string}"},"query-input":{"@type":"PropertyValueSpecification","valueRequired":true,"valueName":"search_term_string"}}],"inLanguage":"pt-PT"}]}},"_links":{"self":[{"href":"https:\/\/formar.shop\/pt-pt\/wp-json\/wp\/v2\/pages\/48489","targetHints":{"allow":["GET"]}}],"collection":[{"href":"https:\/\/formar.shop\/pt-pt\/wp-json\/wp\/v2\/pages"}],"about":[{"href":"https:\/\/formar.shop\/pt-pt\/wp-json\/wp\/v2\/types\/page"}],"author":[{"embeddable":true,"href":"https:\/\/formar.shop\/pt-pt\/wp-json\/wp\/v2\/users\/175"}],"replies":[{"embeddable":true,"href":"https:\/\/formar.shop\/pt-pt\/wp-json\/wp\/v2\/comments?post=48489"}],"version-history":[{"count":11,"href":"https:\/\/formar.shop\/pt-pt\/wp-json\/wp\/v2\/pages\/48489\/revisions"}],"predecessor-version":[{"id":61852,"href":"https:\/\/formar.shop\/pt-pt\/wp-json\/wp\/v2\/pages\/48489\/revisions\/61852"}],"wp:attachment":[{"href":"https:\/\/formar.shop\/pt-pt\/wp-json\/wp\/v2\/media?parent=48489"}],"curies":[{"name":"wp","href":"https:\/\/api.w.org\/{rel}","templated":true}]}}