{"id":48454,"date":"2025-01-18T21:40:01","date_gmt":"2025-01-18T20:40:01","guid":{"rendered":"https:\/\/formar.shop\/custos-e-metodos-de-envio\/"},"modified":"2025-01-18T21:40:10","modified_gmt":"2025-01-18T20:40:10","slug":"custos-e-metodos-de-envio","status":"publish","type":"page","link":"https:\/\/formar.shop\/pt-pt\/custos-e-metodos-de-envio\/","title":{"rendered":"CUSTOS E M\u00c9TODOS DE ENVIO"},"content":{"rendered":"\n  <div class=\"banner has-hover\" id=\"banner-1584592456\">\n          <div class=\"banner-inner fill\">\n        <div class=\"banner-bg fill\" >\n                                                \n                    <\/div>\n\t\t\n        <div class=\"banner-layers container\">\n            <div class=\"fill banner-link\"><\/div>            \n   <div id=\"text-box-341329558\" class=\"text-box banner-layer x50 md-x50 lg-x50 y50 md-y50 lg-y50 res-text\">\n                     <div data-animate=\"flipInY\">           <div class=\"text-box-content text dark\">\n              \n              <div class=\"text-inner text-center\">\n                  \n<h3 style=\"text-align: center;\"><strong><span style=\"font-size: 115%; color: #000000;\"><em>I costi di spedizioni sono sempre gratuiti e inclusi per ogni tuo acquisto !<\/em><\/span><\/strong><\/h3>\n<div class=\"is-divider divider clearfix\" ><\/div>\n\t<div id=\"text-3667269397\" class=\"text\">\n\t\t\n<h1 class=\"h-large uppercase\"><strong><span style=\"font-size: 180%;\">N\u00c3O TENS CUSTOS DE ENVIO!<\/span><\/strong><\/h1>\n\t\t\n<style>\n#text-3667269397 {\n  font-size: 0.8rem;\n  line-height: 2.05;\n  color: rgb(0,0,0);\n}\n#text-3667269397 > * {\n  color: rgb(0,0,0);\n}\n<\/style>\n\t<\/div>\n\t\n              <\/div>\n           <\/div>\n       <\/div>                     \n<style>\n#text-box-341329558 {\n  width: 67%;\n}\n#text-box-341329558 .text-box-content {\n  font-size: 100%;\n}\n<\/style>\n    <\/div>\n \n        <\/div>\n      <\/div>\n\n            \n<style>\n#banner-1584592456 {\n  padding-top: 400px;\n}\n<\/style>\n  <\/div>\n\n\n<h4><span style=\"font-size: 110%;\"><strong><span style=\"font-size: 140%; color: #50b848;\"><span style=\"color: #808080;\">INSCRI\u00c7\u00c3O<\/span>  <\/span>    <\/strong><\/span><\/h4>\n<p>Ap\u00f3s o registo, que \u00e9 feito em poucos e simples passos, o novo cliente disp\u00f5e de um painel de controlo interno, onde pode introduzir o seu endere\u00e7o de entrega, permitindo que o sistema o memorize para agilizar a pr\u00f3xima compra, e gerir o carrinho de compras e a op\u00e7\u00e3o de compara\u00e7\u00e3o de produtos. Escolhe o produto, o tamanho e a cor pretendidos e, ap\u00f3s selecionar a quantidade desejada, adiciona-o ao carrinho de compras. Quando quiser prosseguir com a compra, entra no cesto, fazendo primeiro o login se estiver registado, e procede \u00e0 encomenda. Podes alterar ou remover os produtos escolhidos do carrinho de compras a qualquer momento.  <\/p>\n<h4><strong><span style=\"font-size: 110%;\"><span style=\"color: #808080;\"><span style=\"font-size: 140%;\">ORDEM<\/span> <\/span>                        <\/span><\/strong><\/h4>\n<p style=\"text-align: left;\">Quando tiveres selecionado todos os produtos a comprar, procede \u00e0 encomenda. Se tiveres uma conta actualizada com dados e morada de envio, o processo de compra ser\u00e1 mais r\u00e1pido.<br \/>Caso contr\u00e1rio, introduz os dados necess\u00e1rios e prossegue com a encomenda. A encomenda s\u00f3 ser\u00e1 processada quando o pagamento do produto for recebido, dependendo do m\u00e9todo de pagamento escolhido.  <\/p>\n<\/p>\n<h2 style=\"text-align: center;\"><span style=\"color: #808080;\"><strong>Os nossos parceiros de expedi\u00e7\u00e3o:<\/strong><\/span><\/h2>\n<\/p>\n<p><img loading=\"lazy\" decoding=\"async\" class=\"aligncenter wp-image-12578\" src=\"https:\/\/formar.shop\/wp-content\/uploads\/2022\/05\/brt.jpg\" alt=\"\" width=\"300\" height=\"163\" data-wp-pid=\"12578\"><\/p>\n<\/p>\n<p style=\"text-align: center;\"><img loading=\"lazy\" decoding=\"async\" class=\"\" src=\"https:\/\/s3-eu-west-1.amazonaws.com\/tpd\/logos\/5ea7e22c7a4aa40001deb02c\/0x0.png\" alt=\"FERCAM Group | L\u00ea as opini\u00f5es de servi\u00e7o de fercam.com\" width=\"303\" height=\"313\"><\/p>\n<\/p>\n<p style=\"text-align: center;\"><span style=\"color: #000000;\"><strong><em>A escolha do agente de expedi\u00e7\u00e3o \u00e9 feita automaticamente pelo nosso sistema, <\/em><\/strong><\/span><strong><em><span style=\"color: #000000;\">para garantir a m\u00e1xima rapidez de entrega!<\/span><\/em><\/strong><\/p>\n<\/p>\n<p style=\"text-align: center;\">\n<p>O nosso servi\u00e7o de apoio ao cliente est\u00e1 \u00e0 tua disposi\u00e7\u00e3o. Para qualquer informa\u00e7\u00e3o ou pedido de or\u00e7amento, n\u00e3o hesites em contactar-nos! Os nossos profissionais responder\u00e3o \u00e0s tuas perguntas sobre os nossos servi\u00e7os.<\/p>\n<a href=\"https:\/\/formar.shop\/contattaci\/\" class=\"button primary box-shadow-1 lowercase expand\" style=\"border-radius:10px;\">\n\t\t<span>Contacta-nos!<\/span>\n\t<\/a>\n\n","protected":false},"excerpt":{"rendered":"<p>INSCRI\u00c7\u00c3O Ap\u00f3s o registo, que \u00e9 feito em poucos e simples passos, o novo cliente disp\u00f5e de um painel de controlo interno, onde pode introduzir o seu endere\u00e7o de entrega, permitindo que o sistema o memorize para agilizar a pr\u00f3xima compra, e gerir o carrinho de compras e a op\u00e7\u00e3o de compara\u00e7\u00e3o de produtos. Escolhe [&#8230;]\n","protected":false},"author":175,"featured_media":0,"parent":0,"menu_order":0,"comment_status":"closed","ping_status":"closed","template":"","meta":{"_joinchat":[],"footnotes":""},"class_list":["post-48454","page","type-page","status-publish","hentry"],"yoast_head":"<!-- This site is optimized with the Yoast SEO plugin v27.5 - https:\/\/yoast.com\/product\/yoast-seo-wordpress\/ -->\n<title>CUSTOS E M\u00c9TODOS DE ENVIO - Formar.shop<\/title>\n<meta name=\"robots\" content=\"index, follow, max-snippet:-1, max-image-preview:large, max-video-preview:-1\" \/>\n<link rel=\"canonical\" href=\"https:\/\/formar.shop\/pt-pt\/custos-e-metodos-de-envio\/\" \/>\n<script type=\"application\/ld+json\" class=\"yoast-schema-graph\">{\"@context\":\"https:\\\/\\\/schema.org\",\"@graph\":[{\"@type\":\"WebPage\",\"@id\":\"https:\\\/\\\/formar.shop\\\/pt-pt\\\/custos-e-metodos-de-envio\\\/\",\"url\":\"https:\\\/\\\/formar.shop\\\/pt-pt\\\/custos-e-metodos-de-envio\\\/\",\"name\":\"CUSTOS E M\u00c9TODOS DE ENVIO - Formar.shop\",\"isPartOf\":{\"@id\":\"https:\\\/\\\/formar.shop\\\/pt-pt\\\/#website\"},\"primaryImageOfPage\":{\"@id\":\"https:\\\/\\\/formar.shop\\\/pt-pt\\\/custos-e-metodos-de-envio\\\/#primaryimage\"},\"image\":{\"@id\":\"https:\\\/\\\/formar.shop\\\/pt-pt\\\/custos-e-metodos-de-envio\\\/#primaryimage\"},\"thumbnailUrl\":\"https:\\\/\\\/formar.shop\\\/wp-content\\\/uploads\\\/2022\\\/05\\\/brt.jpg\",\"datePublished\":\"2025-01-18T20:40:01+00:00\",\"dateModified\":\"2025-01-18T20:40:10+00:00\",\"breadcrumb\":{\"@id\":\"https:\\\/\\\/formar.shop\\\/pt-pt\\\/custos-e-metodos-de-envio\\\/#breadcrumb\"},\"inLanguage\":\"pt-PT\",\"potentialAction\":[{\"@type\":\"ReadAction\",\"target\":[\"https:\\\/\\\/formar.shop\\\/pt-pt\\\/custos-e-metodos-de-envio\\\/\"]}]},{\"@type\":\"ImageObject\",\"inLanguage\":\"pt-PT\",\"@id\":\"https:\\\/\\\/formar.shop\\\/pt-pt\\\/custos-e-metodos-de-envio\\\/#primaryimage\",\"url\":\"https:\\\/\\\/formar.shop\\\/wp-content\\\/uploads\\\/2022\\\/05\\\/brt.jpg\",\"contentUrl\":\"https:\\\/\\\/formar.shop\\\/wp-content\\\/uploads\\\/2022\\\/05\\\/brt.jpg\"},{\"@type\":\"BreadcrumbList\",\"@id\":\"https:\\\/\\\/formar.shop\\\/pt-pt\\\/custos-e-metodos-de-envio\\\/#breadcrumb\",\"itemListElement\":[{\"@type\":\"ListItem\",\"position\":1,\"name\":\"Home\",\"item\":\"https:\\\/\\\/formar.shop\\\/pt-pt\\\/rascunho-automatico\\\/\"},{\"@type\":\"ListItem\",\"position\":2,\"name\":\"CUSTOS E M\u00c9TODOS DE ENVIO\"}]},{\"@type\":\"WebSite\",\"@id\":\"https:\\\/\\\/formar.shop\\\/pt-pt\\\/#website\",\"url\":\"https:\\\/\\\/formar.shop\\\/pt-pt\\\/\",\"name\":\"Formar.shop\",\"description\":\"Soluzioni espresse con stile\",\"potentialAction\":[{\"@type\":\"SearchAction\",\"target\":{\"@type\":\"EntryPoint\",\"urlTemplate\":\"https:\\\/\\\/formar.shop\\\/pt-pt\\\/?s={search_term_string}\"},\"query-input\":{\"@type\":\"PropertyValueSpecification\",\"valueRequired\":true,\"valueName\":\"search_term_string\"}}],\"inLanguage\":\"pt-PT\"}]}<\/script>\n<!-- \/ Yoast SEO plugin. -->","yoast_head_json":{"title":"CUSTOS E M\u00c9TODOS DE ENVIO - Formar.shop","robots":{"index":"index","follow":"follow","max-snippet":"max-snippet:-1","max-image-preview":"max-image-preview:large","max-video-preview":"max-video-preview:-1"},"canonical":"https:\/\/formar.shop\/pt-pt\/custos-e-metodos-de-envio\/","schema":{"@context":"https:\/\/schema.org","@graph":[{"@type":"WebPage","@id":"https:\/\/formar.shop\/pt-pt\/custos-e-metodos-de-envio\/","url":"https:\/\/formar.shop\/pt-pt\/custos-e-metodos-de-envio\/","name":"CUSTOS E M\u00c9TODOS DE ENVIO - Formar.shop","isPartOf":{"@id":"https:\/\/formar.shop\/pt-pt\/#website"},"primaryImageOfPage":{"@id":"https:\/\/formar.shop\/pt-pt\/custos-e-metodos-de-envio\/#primaryimage"},"image":{"@id":"https:\/\/formar.shop\/pt-pt\/custos-e-metodos-de-envio\/#primaryimage"},"thumbnailUrl":"https:\/\/formar.shop\/wp-content\/uploads\/2022\/05\/brt.jpg","datePublished":"2025-01-18T20:40:01+00:00","dateModified":"2025-01-18T20:40:10+00:00","breadcrumb":{"@id":"https:\/\/formar.shop\/pt-pt\/custos-e-metodos-de-envio\/#breadcrumb"},"inLanguage":"pt-PT","potentialAction":[{"@type":"ReadAction","target":["https:\/\/formar.shop\/pt-pt\/custos-e-metodos-de-envio\/"]}]},{"@type":"ImageObject","inLanguage":"pt-PT","@id":"https:\/\/formar.shop\/pt-pt\/custos-e-metodos-de-envio\/#primaryimage","url":"https:\/\/formar.shop\/wp-content\/uploads\/2022\/05\/brt.jpg","contentUrl":"https:\/\/formar.shop\/wp-content\/uploads\/2022\/05\/brt.jpg"},{"@type":"BreadcrumbList","@id":"https:\/\/formar.shop\/pt-pt\/custos-e-metodos-de-envio\/#breadcrumb","itemListElement":[{"@type":"ListItem","position":1,"name":"Home","item":"https:\/\/formar.shop\/pt-pt\/rascunho-automatico\/"},{"@type":"ListItem","position":2,"name":"CUSTOS E M\u00c9TODOS DE ENVIO"}]},{"@type":"WebSite","@id":"https:\/\/formar.shop\/pt-pt\/#website","url":"https:\/\/formar.shop\/pt-pt\/","name":"Formar.shop","description":"Soluzioni espresse con stile","potentialAction":[{"@type":"SearchAction","target":{"@type":"EntryPoint","urlTemplate":"https:\/\/formar.shop\/pt-pt\/?s={search_term_string}"},"query-input":{"@type":"PropertyValueSpecification","valueRequired":true,"valueName":"search_term_string"}}],"inLanguage":"pt-PT"}]}},"_links":{"self":[{"href":"https:\/\/formar.shop\/pt-pt\/wp-json\/wp\/v2\/pages\/48454","targetHints":{"allow":["GET"]}}],"collection":[{"href":"https:\/\/formar.shop\/pt-pt\/wp-json\/wp\/v2\/pages"}],"about":[{"href":"https:\/\/formar.shop\/pt-pt\/wp-json\/wp\/v2\/types\/page"}],"author":[{"embeddable":true,"href":"https:\/\/formar.shop\/pt-pt\/wp-json\/wp\/v2\/users\/175"}],"replies":[{"embeddable":true,"href":"https:\/\/formar.shop\/pt-pt\/wp-json\/wp\/v2\/comments?post=48454"}],"version-history":[{"count":1,"href":"https:\/\/formar.shop\/pt-pt\/wp-json\/wp\/v2\/pages\/48454\/revisions"}],"predecessor-version":[{"id":48455,"href":"https:\/\/formar.shop\/pt-pt\/wp-json\/wp\/v2\/pages\/48454\/revisions\/48455"}],"wp:attachment":[{"href":"https:\/\/formar.shop\/pt-pt\/wp-json\/wp\/v2\/media?parent=48454"}],"curies":[{"name":"wp","href":"https:\/\/api.w.org\/{rel}","templated":true}]}}