{"id":44871,"date":"2025-01-18T21:27:34","date_gmt":"2025-01-18T20:27:34","guid":{"rendered":"https:\/\/formar.shop\/prodotto\/sadzarka-drzewo-03\/"},"modified":"2025-01-18T21:27:47","modified_gmt":"2025-01-18T20:27:47","slug":"sadzarka-drzewo-03","status":"publish","type":"product","link":"https:\/\/formar.shop\/pl\/prodotto\/sadzarka-drzewo-03\/","title":{"rendered":"Sadzarka &#8211; Drzewo 03"},"content":{"rendered":"<div class=\"is-divider divider clearfix\" style=\"max-width:2000px;\"><\/div>\n<div class=\"slider-wrapper relative\" id=\"slider-1033521201\" >\n    <div class=\"slider slider-nav-circle slider-nav-large slider-nav-dark slider-style-normal\"\n        data-flickity-options='{\n            \"cellAlign\": \"center\",\n            \"imagesLoaded\": true,\n            \"lazyLoad\": 1,\n            \"freeScroll\": false,\n            \"wrapAround\": true,\n            \"autoPlay\": 6000,\n            \"pauseAutoPlayOnHover\" : true,\n            \"prevNextButtons\": true,\n            \"contain\" : true,\n            \"adaptiveHeight\" : true,\n            \"dragThreshold\" : 10,\n            \"percentPosition\": true,\n            \"pageDots\": true,\n            \"rightToLeft\": false,\n            \"draggable\": true,\n            \"selectedAttraction\": 0.1,\n            \"parallax\" : 0,\n            \"friction\": 0.6        }'\n        >\n        \n\t<div class=\"img has-hover x md-x lg-x y md-y lg-y\" id=\"image_1108564235\">\n\t\t\t\t\t\t\t\t<div class=\"img-inner dark\" >\n\t\t\t<img loading=\"lazy\" decoding=\"async\" width=\"1001\" height=\"1001\" src=\"https:\/\/static.formar.net\/wp-content\/uploads\/2020\/12\/22145235\/Immagini-di-prodotto-x-Amazon-03.png\" class=\"attachment-large size-large\" alt=\"\" \/>\t\t\t\t\t\t\n\t\t\t\t\t<\/div>\n\t\t\t\t\t\t\t\t\n<style>\n#image_1108564235 {\n  width: 100%;\n}\n<\/style>\n\t<\/div>\n\t\n\t<div class=\"img has-hover x md-x lg-x y md-y lg-y\" id=\"image_1589360378\">\n\t\t\t\t\t\t\t\t<div class=\"img-inner dark\" >\n\t\t\t<img loading=\"lazy\" decoding=\"async\" width=\"1001\" height=\"1001\" src=\"https:\/\/static.formar.net\/wp-content\/uploads\/2020\/12\/22145201\/Immagini-di-prodotto-x-Amazon-04.png\" class=\"attachment-large size-large\" alt=\"\" \/>\t\t\t\t\t\t\n\t\t\t\t\t<\/div>\n\t\t\t\t\t\t\t\t\n<style>\n#image_1589360378 {\n  width: 100%;\n}\n<\/style>\n\t<\/div>\n\t\n\t<div class=\"img has-hover x md-x lg-x y md-y lg-y\" id=\"image_1905618253\">\n\t\t\t\t\t\t\t\t<div class=\"img-inner dark\" >\n\t\t\t<img loading=\"lazy\" decoding=\"async\" width=\"1001\" height=\"1001\" src=\"https:\/\/static.formar.net\/wp-content\/uploads\/2020\/12\/22145117\/Immagini-di-prodotto-x-Amazon-01.png\" class=\"attachment-large size-large\" alt=\"\" \/>\t\t\t\t\t\t\n\t\t\t\t\t<\/div>\n\t\t\t\t\t\t\t\t\n<style>\n#image_1905618253 {\n  width: 100%;\n}\n<\/style>\n\t<\/div>\n\t\n     <\/div>\n\n     <div class=\"loading-spin dark large centered\"><\/div>\n\n\t<\/div>\n\n\n<div class=\"is-divider divider clearfix\" style=\"max-width:2000px;\"><\/div>\n<h3>SADZARKA &#8211; DRZEWO 03<\/h3>\n<p>Spraw, aby zielony zak\u0105tek Twojego domu, ogrodu, tarasu lub balkonu by\u0142 naprawd\u0119 wyj\u0105tkowy dzi\u0119ki <strong>designerskiej<\/strong> donicy.<br \/>\nIdealna do dekoracji <strong>przestrzeni zewn\u0119trznych<\/strong>, ale tak\u017ce <strong>wewn\u0119trznych<\/strong>.<br \/>\nSadzarka Tree 03 zaprojektowana przez Mario Mazzera jest idealna do dekoracji domu, biura, balkonu lub ogrodu kwiatami i ro\u015blinami.<br \/>\nMalowana metalowa konstrukcja jest bia\u0142a, a pojemniki s\u0105 dost\u0119pne w trzech <strong>pi\u0119knych wariantach kolorystycznych<\/strong>, aby zaspokoi\u0107 ka\u017cdy gust i wymagania. <\/p>\n<h3 class=\"av-special-heading-tag \">PROJEKT PRODUKTU<\/h3>\n<p>Zaprojektowany przez w\u0142oskiego projektanta Mario Mazzera, kt\u00f3ry uko\u0144czy\u0142 architektur\u0119 na Politechnice w Mediolanie w 1978 r. oraz wzornictwo przemys\u0142owe w Scuola Politecnica di Design w Mediolanie w 1979 roku.<br \/>\nTutaj szkoli\u0142 si\u0119 w latach 70-tych, wsp\u00f3\u0142pracuj\u0105c z mistrzami w\u0142oskiego designu, a w 1980 roku za\u0142o\u017cy\u0142 Mario Mazzer Architects w Conegliano Veneto. Wielokrotnie nagradzany, w 1996 roku otrzyma\u0142 wyr\u00f3\u017cnienie na ID Annual Design Review w Nowym Jorku. Pokazuj\u0105c swoje prace, wni\u00f3s\u0142 ogromny wk\u0142ad w promowanie popularno\u015bci w\u0142oskich produkt\u00f3w na ca\u0142ym \u015bwiecie.  <\/p>\n<h3 class=\"av-special-heading-tag \">MATERIA\u0141 WYSOKIEJ JAKO\u015aCI<\/h3>\n<p>Rama wykonana jest z malowanego na bia\u0142o metalu, podczas gdy pojemniki wykonane s\u0105 z wytrzyma\u0142ego <strong>bia\u0142ego<\/strong>, <strong>szarego<\/strong> lub <strong>limonkowego<\/strong> polipropylenu i maj\u0105 perforowan\u0105 podstaw\u0119, aby umo\u017cliwi\u0107 wydostawanie si\u0119 nadmiaru wody.<\/p>\n<h3>IDEALNY DO DEKORACJI WN\u0118TRZ I NA ZEWN\u0104TRZ<\/h3>\n<p>Kwiaciarnia Tree 03 jest idealnym wyborem do gustownej dekoracji <strong>wn\u0119trz<\/strong> i <strong>na zewn\u0105trz<\/strong>, a dzi\u0119ki <strong>czystemu<\/strong> i <strong>eleganckiemu<\/strong> wzornictwu estetycznie podkre\u015bla wszystkie pomieszczenia i konteksty, w kt\u00f3rych jest u\u017cywana.<\/p>\n<h3 id=\"h-finiture-di-qualit-e-made-in-italy\">WYMIARY PRODUKTU<\/h3>\n<p>Wymiary pojedynczej donicy: &#8211; 16,6 cm \u015brednicy &#8211; 26 cm wysoko\u015bci Maksymalne wymiary donicy: szer. 51,5 x g\u0142. 48 x wys. 91 cm<\/p>\n<h3>DOST\u0118PNY W TRZECH WARIANTACH KOLORYSTYCZNYCH<\/h3>\n\n\t<section class=\"section\" id=\"section_1732336108\">\n\t\t<div class=\"section-bg fill\" >\n\t\t\t\t\t\t\t\t\t\n\t\t\t\n\n\t\t<\/div>\n\n\t\t\n\n\t\t<div class=\"section-content relative\">\n\t\t\t\n<div class=\"row\"  id=\"row-169747132\">\n\n\t<div id=\"col-385873360\" class=\"col medium-4 small-6 large-4\"  >\n\t\t\t\t<div class=\"col-inner text-center\"  >\n\t\t\t\n\t\t\t\n\t<div class=\"img has-hover x md-x lg-x y md-y lg-y\" id=\"image_497713879\">\n\t\t<a class=\"\" href=\"https:\/\/formar.shop\/wp-content\/uploads\/2022\/10\/03_ROVERE_O.jpg\" >\t\t\t\t\t\t<div class=\"img-inner dark\" >\n\t\t\t\t\t\t\t\t\t\n\t\t\t\t\t<\/div>\n\t\t\t\t\t\t<\/a>\t\t\n<style>\n#image_497713879 {\n  width: 50%;\n}\n<\/style>\n\t<\/div>\n\t\n\t<div class=\"box has-hover   has-hover box-text-bottom\" >\n\n\t\t<div class=\"box-image\" >\n\t\t\t\t\t\t<div class=\"\" >\n\t\t\t\t<img loading=\"lazy\" decoding=\"async\" width=\"2560\" height=\"1707\" src=\"https:\/\/static.formar.net\/wp-content\/uploads\/sites\/1\/2022\/11\/02111044\/FP-01-per-web-1-scaled.jpg\" class=\"attachment- size-\" alt=\"\" srcset=\"https:\/\/static.formar.net\/wp-content\/uploads\/sites\/1\/2022\/11\/02111044\/FP-01-per-web-1-scaled.jpg 2560w, https:\/\/static.formar.net\/wp-content\/uploads\/sites\/1\/2022\/11\/02111044\/FP-01-per-web-1-300x200.jpg 300w, https:\/\/static.formar.net\/wp-content\/uploads\/sites\/1\/2022\/11\/02111044\/FP-01-per-web-1-1030x687.jpg 1030w, https:\/\/static.formar.net\/wp-content\/uploads\/sites\/1\/2022\/11\/02111044\/FP-01-per-web-1-768x512.jpg 768w, https:\/\/static.formar.net\/wp-content\/uploads\/sites\/1\/2022\/11\/02111044\/FP-01-per-web-1-1536x1024.jpg 1536w, https:\/\/static.formar.net\/wp-content\/uploads\/sites\/1\/2022\/11\/02111044\/FP-01-per-web-1-2048x1365.jpg 2048w, https:\/\/static.formar.net\/wp-content\/uploads\/sites\/1\/2022\/11\/02111044\/FP-01-per-web-1-510x340.jpg 510w, https:\/\/static.formar.net\/wp-content\/uploads\/sites\/1\/2022\/11\/02111044\/FP-01-per-web-1-1200x800.jpg 1200w, https:\/\/static.formar.net\/wp-content\/uploads\/sites\/1\/2022\/11\/02111044\/FP-01-per-web-1-600x400.jpg 600w\" sizes=\"auto, (max-width: 2560px) 100vw, 2560px\" \/>\t\t\t\t\t\t\t\t\t\t\t<\/div>\n\t\t\t\t\t<\/div>\n\n\t\t<div class=\"box-text text-center\" >\n\t\t\t<div class=\"box-text-inner\">\n\t\t\t\t\n\t<div id=\"text-3865456951\" class=\"text\">\n\t\t\n<p>Bia\u0142y<br \/>\n\t\t\n<style>\n#text-3865456951 {\n  font-size: 1.5rem;\n}\n<\/style>\n\t<\/div>\n\t\n\t\t\t<\/div>\n\t\t<\/div>\n\t<\/div>\n\t\n\t\t<\/div>\n\t\t\t\t\t<\/div>\n\n\t\n\n\t<div id=\"col-1537582470\" class=\"col medium-4 small-6 large-4\"  >\n\t\t\t\t<div class=\"col-inner text-center\"  >\n\t\t\t\n\t\t\t\n\t<div class=\"img has-hover x md-x lg-x y md-y lg-y\" id=\"image_1704150316\">\n\t\t<a class=\"\" href=\"https:\/\/formar.shop\/wp-content\/uploads\/2022\/10\/03_ROVERE_O.jpg\" >\t\t\t\t\t\t<div class=\"img-inner dark\" >\n\t\t\t\t\t\t\t\t\t\n\t\t\t\t\t<\/div>\n\t\t\t\t\t\t<\/a>\t\t\n<style>\n#image_1704150316 {\n  width: 50%;\n}\n<\/style>\n\t<\/div>\n\t\n\t<div class=\"box has-hover   has-hover box-text-bottom\" >\n\n\t\t<div class=\"box-image\" >\n\t\t\t\t\t\t<div class=\"\" >\n\t\t\t\t<img loading=\"lazy\" decoding=\"async\" width=\"2560\" height=\"1707\" src=\"https:\/\/static.formar.net\/wp-content\/uploads\/sites\/1\/2022\/11\/02111042\/FP-01-2-per-web-scaled.jpg\" class=\"attachment- size-\" alt=\"\" srcset=\"https:\/\/static.formar.net\/wp-content\/uploads\/sites\/1\/2022\/11\/02111042\/FP-01-2-per-web-scaled.jpg 2560w, https:\/\/static.formar.net\/wp-content\/uploads\/sites\/1\/2022\/11\/02111042\/FP-01-2-per-web-300x200.jpg 300w, https:\/\/static.formar.net\/wp-content\/uploads\/sites\/1\/2022\/11\/02111042\/FP-01-2-per-web-1030x687.jpg 1030w, https:\/\/static.formar.net\/wp-content\/uploads\/sites\/1\/2022\/11\/02111042\/FP-01-2-per-web-768x512.jpg 768w, https:\/\/static.formar.net\/wp-content\/uploads\/sites\/1\/2022\/11\/02111042\/FP-01-2-per-web-1536x1024.jpg 1536w, https:\/\/static.formar.net\/wp-content\/uploads\/sites\/1\/2022\/11\/02111042\/FP-01-2-per-web-2048x1365.jpg 2048w, https:\/\/static.formar.net\/wp-content\/uploads\/sites\/1\/2022\/11\/02111042\/FP-01-2-per-web-510x340.jpg 510w, https:\/\/static.formar.net\/wp-content\/uploads\/sites\/1\/2022\/11\/02111042\/FP-01-2-per-web-1200x800.jpg 1200w, https:\/\/static.formar.net\/wp-content\/uploads\/sites\/1\/2022\/11\/02111042\/FP-01-2-per-web-600x400.jpg 600w\" sizes=\"auto, (max-width: 2560px) 100vw, 2560px\" \/>\t\t\t\t\t\t\t\t\t\t\t<\/div>\n\t\t\t\t\t<\/div>\n\n\t\t<div class=\"box-text text-center\" >\n\t\t\t<div class=\"box-text-inner\">\n\t\t\t\t\n\t<div id=\"text-2322081209\" class=\"text\">\n\t\t\n<p>Limonka<br \/>\n\t\t\n<style>\n#text-2322081209 {\n  font-size: 1.5rem;\n}\n<\/style>\n\t<\/div>\n\t\n\t\t\t<\/div>\n\t\t<\/div>\n\t<\/div>\n\t\n\t\t<\/div>\n\t\t\t\t\t<\/div>\n\n\t\n\n\t<div id=\"col-1916093318\" class=\"col medium-4 small-6 large-4\"  >\n\t\t\t\t<div class=\"col-inner text-center\"  >\n\t\t\t\n\t\t\t\n\t<div class=\"img has-hover x md-x lg-x y md-y lg-y\" id=\"image_362257410\">\n\t\t<a class=\"\" href=\"https:\/\/formar.shop\/wp-content\/uploads\/2022\/10\/03_ROVERE_O.jpg\" >\t\t\t\t\t\t<div class=\"img-inner dark\" >\n\t\t\t\t\t\t\t\t\t\n\t\t\t\t\t<\/div>\n\t\t\t\t\t\t<\/a>\t\t\n<style>\n#image_362257410 {\n  width: 50%;\n}\n<\/style>\n\t<\/div>\n\t\n\t<div class=\"box has-hover   has-hover box-text-bottom\" >\n\n\t\t<div class=\"box-image\" >\n\t\t\t\t\t\t<div class=\"\" >\n\t\t\t\t<img loading=\"lazy\" decoding=\"async\" width=\"2560\" height=\"1707\" src=\"https:\/\/static.formar.net\/wp-content\/uploads\/sites\/1\/2022\/11\/02111043\/FP-01-3-per-web-scaled.jpg\" class=\"attachment- size-\" alt=\"\" srcset=\"https:\/\/static.formar.net\/wp-content\/uploads\/sites\/1\/2022\/11\/02111043\/FP-01-3-per-web-scaled.jpg 2560w, https:\/\/static.formar.net\/wp-content\/uploads\/sites\/1\/2022\/11\/02111043\/FP-01-3-per-web-300x200.jpg 300w, https:\/\/static.formar.net\/wp-content\/uploads\/sites\/1\/2022\/11\/02111043\/FP-01-3-per-web-1030x687.jpg 1030w, https:\/\/static.formar.net\/wp-content\/uploads\/sites\/1\/2022\/11\/02111043\/FP-01-3-per-web-768x512.jpg 768w, https:\/\/static.formar.net\/wp-content\/uploads\/sites\/1\/2022\/11\/02111043\/FP-01-3-per-web-1536x1024.jpg 1536w, https:\/\/static.formar.net\/wp-content\/uploads\/sites\/1\/2022\/11\/02111043\/FP-01-3-per-web-2048x1365.jpg 2048w, https:\/\/static.formar.net\/wp-content\/uploads\/sites\/1\/2022\/11\/02111043\/FP-01-3-per-web-510x340.jpg 510w, https:\/\/static.formar.net\/wp-content\/uploads\/sites\/1\/2022\/11\/02111043\/FP-01-3-per-web-1200x800.jpg 1200w, https:\/\/static.formar.net\/wp-content\/uploads\/sites\/1\/2022\/11\/02111043\/FP-01-3-per-web-600x400.jpg 600w\" sizes=\"auto, (max-width: 2560px) 100vw, 2560px\" \/>\t\t\t\t\t\t\t\t\t\t\t<\/div>\n\t\t\t\t\t<\/div>\n\n\t\t<div class=\"box-text text-center\" >\n\t\t\t<div class=\"box-text-inner\">\n\t\t\t\t\n\t<div id=\"text-1434735579\" class=\"text\">\n\t\t\n<p>Szary<br \/>\n\t\t\n<style>\n#text-1434735579 {\n  font-size: 1.5rem;\n}\n<\/style>\n\t<\/div>\n\t\n\t\t\t<\/div>\n\t\t<\/div>\n\t<\/div>\n\t\n\t\t<\/div>\n\t\t\t\t\t<\/div>\n\n\t\n<\/div>\n\t\t<\/div>\n\n\t\t\n<style>\n#section_1732336108 {\n  padding-top: 30px;\n  padding-bottom: 30px;\n}\n<\/style>\n\t<\/section>\n\t\n<h3>PIEL\u0118GNACJA I KONSERWACJA:<\/h3>\n<p>Konserwacja produktu jest prosta:<\/p>\n<ul>\n<li>W przypadku cz\u0119\u015bci polipropylenowej konieczne jest regularne czyszczenie czyst\u0105 szmatk\u0105 lub g\u0105bk\u0105 nas\u0105czon\u0105 letni\u0105 wod\u0105, unikaj\u0105c dotykania powierzchni ostrymi przedmiotami.<\/li>\n<li>metalow\u0105 cz\u0119\u015b\u0107 wystarczy przetrze\u0107 such\u0105 szmatk\u0105.<\/li>\n<\/ul>\n\n\t<section class=\"section\" id=\"section_673690256\">\n\t\t<div class=\"section-bg fill\" >\n\t\t\t\t\t\t\t\t\t\n\t\t\t\n\n\t\t<\/div>\n\n\t\t\n\n\t\t<div class=\"section-content relative\">\n\t\t\t\n<div class=\"is-divider divider clearfix\" style=\"max-width:1000px;\"><\/div>\n<div class=\"row row-solid\"  id=\"row-582673309\">\n\n\t<div id=\"col-1916648069\" class=\"col medium-3 small-12 large-3\"  >\n\t\t\t\t<div class=\"col-inner\"  >\n\t\t\t\n\t\t\t\n\n\t\t<div class=\"icon-box featured-box icon-box-center text-center\"  >\n\t\t\t\t\t<div class=\"icon-box-img\" style=\"width: 50px\">\n\t\t\t\t<div class=\"icon\">\n\t\t\t\t\t<div class=\"icon-inner\" >\n\t\t\t\t\t\t<img loading=\"lazy\" decoding=\"async\" width=\"128\" height=\"128\" src=\"https:\/\/static.formar.net\/wp-content\/uploads\/sites\/1\/2022\/10\/02111131\/2703076-128-1-1.png\" class=\"attachment-medium size-medium\" alt=\"\" srcset=\"https:\/\/static.formar.net\/wp-content\/uploads\/sites\/1\/2022\/10\/02111131\/2703076-128-1-1.png 128w, https:\/\/static.formar.net\/wp-content\/uploads\/sites\/1\/2022\/10\/02111131\/2703076-128-1-1-80x80.png 80w, https:\/\/static.formar.net\/wp-content\/uploads\/sites\/1\/2022\/10\/02111131\/2703076-128-1-1-100x100.png 100w, https:\/\/static.formar.net\/wp-content\/uploads\/sites\/1\/2022\/10\/02111131\/2703076-128-1-1-50x50.png 50w\" sizes=\"auto, (max-width: 128px) 100vw, 128px\" \/>\t\t\t\t\t<\/div>\n\t\t\t\t<\/div>\n\t\t\t<\/div>\n\t\t\t\t<div class=\"icon-box-text last-reset\">\n\t\t\t\t\t\t\t\t\t\n<h3>Obs\u0142uga klienta zawsze dost\u0119pna<\/h3>\n<p>Mo\u017cesz skontaktowa\u0107 si\u0119 z nami przez WhatsApp:  <a href=\"https:\/\/api.whatsapp.com\/send\/?phone=390715906063&amp;text&amp;type=phone_number&amp;app_absent=0\">+39 071 5906063<\/a><\/p>\n<p>Zam\u00f3wienia telefoniczne: <a href=\"tel:+39800122267\">800 122 267<\/a><\/p>\n\t\t<\/div>\n\t<\/div>\n\t\n\t\n\t\t<\/div>\n\t\t\t\t\t<\/div>\n\n\t\n\n\t<div id=\"col-118646467\" class=\"col medium-3 small-12 large-3\"  >\n\t\t\t\t<div class=\"col-inner\"  >\n\t\t\t\n\t\t\t\n\n\t\t<div class=\"icon-box featured-box icon-box-center text-center\"  >\n\t\t\t\t\t<div class=\"icon-box-img\" style=\"width: 50px\">\n\t\t\t\t<div class=\"icon\">\n\t\t\t\t\t<div class=\"icon-inner\" >\n\t\t\t\t\t\t<img loading=\"lazy\" decoding=\"async\" width=\"256\" height=\"256\" src=\"https:\/\/static.formar.net\/wp-content\/uploads\/sites\/1\/2022\/11\/02111117\/Icona-carta-di-credito.png\" class=\"attachment-medium size-medium\" alt=\"\" srcset=\"https:\/\/static.formar.net\/wp-content\/uploads\/sites\/1\/2022\/11\/02111117\/Icona-carta-di-credito.png 256w, https:\/\/static.formar.net\/wp-content\/uploads\/sites\/1\/2022\/11\/02111117\/Icona-carta-di-credito-80x80.png 80w, https:\/\/static.formar.net\/wp-content\/uploads\/sites\/1\/2022\/11\/02111117\/Icona-carta-di-credito-100x100.png 100w, https:\/\/static.formar.net\/wp-content\/uploads\/sites\/1\/2022\/11\/02111117\/Icona-carta-di-credito-50x50.png 50w\" sizes=\"auto, (max-width: 256px) 100vw, 256px\" \/>\t\t\t\t\t<\/div>\n\t\t\t\t<\/div>\n\t\t\t<\/div>\n\t\t\t\t<div class=\"icon-box-text last-reset\">\n\t\t\t\t\t\t\t\t\t\n<h3>Wybierz form\u0119 p\u0142atno\u015bci<\/h3>\n<p>P\u0142atno\u015b\u0107 za po\u015brednictwem Paypal, karty kredytowej, got\u00f3wki lub Bancomat (na miejscu) oraz za pobraniem.<\/p>\n\t\t<\/div>\n\t<\/div>\n\t\n\t\n\t\t<\/div>\n\t\t\t\t\t<\/div>\n\n\t\n\n\t<div id=\"col-62781985\" class=\"col medium-3 small-12 large-3\"  >\n\t\t\t\t<div class=\"col-inner\"  >\n\t\t\t\n\t\t\t\n\n\t\t<div class=\"icon-box featured-box icon-box-center text-center\"  >\n\t\t\t\t\t<div class=\"icon-box-img\" style=\"width: 50px\">\n\t\t\t\t<div class=\"icon\">\n\t\t\t\t\t<div class=\"icon-inner\" >\n\t\t\t\t\t\t<img loading=\"lazy\" decoding=\"async\" width=\"128\" height=\"128\" src=\"https:\/\/static.formar.net\/wp-content\/uploads\/sites\/1\/2022\/10\/02111130\/3669335-128-1.png\" class=\"attachment-medium size-medium\" alt=\"\" srcset=\"https:\/\/static.formar.net\/wp-content\/uploads\/sites\/1\/2022\/10\/02111130\/3669335-128-1.png 128w, https:\/\/static.formar.net\/wp-content\/uploads\/sites\/1\/2022\/10\/02111130\/3669335-128-1-80x80.png 80w, https:\/\/static.formar.net\/wp-content\/uploads\/sites\/1\/2022\/10\/02111130\/3669335-128-1-100x100.png 100w, https:\/\/static.formar.net\/wp-content\/uploads\/sites\/1\/2022\/10\/02111130\/3669335-128-1-50x50.png 50w\" sizes=\"auto, (max-width: 128px) 100vw, 128px\" \/>\t\t\t\t\t<\/div>\n\t\t\t\t<\/div>\n\t\t\t<\/div>\n\t\t\t\t<div class=\"icon-box-text last-reset\">\n\t\t\t\t\t\t\t\t\t\n<h3>\u0141atwy i beztroski zwrot<\/h3>\n<p>W razie problem\u00f3w organizujemy odbi\u00f3r bezpo\u015brednio pod wskazanym adresem.<a href=\"https:\/\/formar.shop\/pl\/zasady-dotyczace-zwrotu\/\">(Wi\u0119cej szczeg\u00f3\u0142\u00f3w<\/a>).<\/p>\n\t\t<\/div>\n\t<\/div>\n\t\n\t\n\t\t<\/div>\n\t\t\t\t\t<\/div>\n\n\t\n\n\t<div id=\"col-501797577\" class=\"col medium-3 small-12 large-3\"  >\n\t\t\t\t<div class=\"col-inner\"  >\n\t\t\t\n\t\t\t\n\n\t\t<div class=\"icon-box featured-box icon-box-center text-center\"  >\n\t\t\t\t\t<div class=\"icon-box-img\" style=\"width: 50px\">\n\t\t\t\t<div class=\"icon\">\n\t\t\t\t\t<div class=\"icon-inner\" >\n\t\t\t\t\t\t<img loading=\"lazy\" decoding=\"async\" width=\"128\" height=\"128\" src=\"https:\/\/static.formar.net\/wp-content\/uploads\/sites\/1\/2022\/10\/02111130\/5959201-128-1.png\" class=\"attachment-medium size-medium\" alt=\"\" srcset=\"https:\/\/static.formar.net\/wp-content\/uploads\/sites\/1\/2022\/10\/02111130\/5959201-128-1.png 128w, https:\/\/static.formar.net\/wp-content\/uploads\/sites\/1\/2022\/10\/02111130\/5959201-128-1-80x80.png 80w, https:\/\/static.formar.net\/wp-content\/uploads\/sites\/1\/2022\/10\/02111130\/5959201-128-1-100x100.png 100w, https:\/\/static.formar.net\/wp-content\/uploads\/sites\/1\/2022\/10\/02111130\/5959201-128-1-50x50.png 50w\" sizes=\"auto, (max-width: 128px) 100vw, 128px\" \/>\t\t\t\t\t<\/div>\n\t\t\t\t<\/div>\n\t\t\t<\/div>\n\t\t\t\t<div class=\"icon-box-text last-reset\">\n\t\t\t\t\t\t\t\t\t\n<h3>Gwarancja producenta i cz\u0119\u015bci zamienne<\/h3>\n<p>Wszystkie nasze produkty s\u0105 obj\u0119te gwarancj\u0105. W przypadku wielu produkt\u00f3w gwarantujemy cz\u0119\u015bci zamienne na ten sam okres.<\/p>\n\t\t<\/div>\n\t<\/div>\n\t\n\t\n\t\t<\/div>\n\t\t\t\t\t<\/div>\n\n\t\n\n<style>\n#row-582673309 > .col > .col-inner {\n  padding: 20px 20px 20px 20px;\n}\n<\/style>\n<\/div>\n\t\t<\/div>\n\n\t\t\n<style>\n#section_673690256 {\n  padding-top: 30px;\n  padding-bottom: 30px;\n}\n<\/style>\n\t<\/section>\n\t\n\n\t<section class=\"section\" id=\"section_854884797\">\n\t\t<div class=\"section-bg fill\" >\n\t\t\t\t\t\t\t\t\t\n\t\t\t\n\n\t\t<\/div>\n\n\t\t\n\n\t\t<div class=\"section-content relative\">\n\t\t\t\n\t\t<\/div>\n\n\t\t\n<style>\n#section_854884797 {\n  padding-top: 30px;\n  padding-bottom: 30px;\n}\n<\/style>\n\t<\/section>\n\t\n","protected":false},"excerpt":{"rendered":"<p>Zaprojektowana przez w\u0142oskiego projektanta MARIO MAZZERA donica Tree 03 sk\u0142ada si\u0119 z pomalowanej na bia\u0142o metalowej ramy i trzech polipropylenowych pojemnik\u00f3w dost\u0119pnych w trzech kolorach: bia\u0142ym, szarym i limonkowym.<br \/>\nPerforowana podstawa u\u0142atwia odprowadzanie nadmiaru wody, a dzi\u0119ki instrukcjom zawartym w opakowaniu monta\u017c jest szybki i \u0142atwy. <\/p>\n","protected":false},"featured_media":44876,"template":"","meta":{"_joinchat":[]},"product_brand":[],"product_cat":[1728,1590],"product_tag":[1729],"class_list":{"0":"post-44871","1":"product","2":"type-product","3":"status-publish","4":"has-post-thumbnail","6":"product_cat-sadzarki","7":"product_cat-strona-glowna","8":"product_tag-wazon","10":"first","11":"instock","12":"taxable","13":"shipping-taxable","14":"purchasable","15":"product-type-variable"},"yoast_head":"<!-- This site is optimized with the Yoast SEO plugin v27.4 - https:\/\/yoast.com\/product\/yoast-seo-wordpress\/ -->\n<title>Sadzarka - Drzewo 03 - Formar.shop<\/title>\n<meta name=\"robots\" content=\"index, follow, max-snippet:-1, max-image-preview:large, max-video-preview:-1\" \/>\n<link rel=\"canonical\" href=\"https:\/\/formar.shop\/pl\/prodotto\/sadzarka-drzewo-03\/\" \/>\n<script type=\"application\/ld+json\" class=\"yoast-schema-graph\">{\"@context\":\"https:\\\/\\\/schema.org\",\"@graph\":[{\"@type\":\"WebPage\",\"@id\":\"https:\\\/\\\/formar.shop\\\/pl\\\/prodotto\\\/sadzarka-drzewo-03\\\/\",\"url\":\"https:\\\/\\\/formar.shop\\\/pl\\\/prodotto\\\/sadzarka-drzewo-03\\\/\",\"name\":\"Sadzarka - Drzewo 03 - Formar.shop\",\"isPartOf\":{\"@id\":\"https:\\\/\\\/formar.shop\\\/pl\\\/#website\"},\"primaryImageOfPage\":{\"@id\":\"https:\\\/\\\/formar.shop\\\/pl\\\/prodotto\\\/sadzarka-drzewo-03\\\/#primaryimage\"},\"image\":{\"@id\":\"https:\\\/\\\/formar.shop\\\/pl\\\/prodotto\\\/sadzarka-drzewo-03\\\/#primaryimage\"},\"thumbnailUrl\":\"https:\\\/\\\/static.formar.net\\\/wp-content\\\/uploads\\\/2020\\\/12\\\/22160928\\\/Immagini-di-prodotto-x-Amazon-01-1.png\",\"datePublished\":\"2025-01-18T20:27:34+00:00\",\"dateModified\":\"2025-01-18T20:27:47+00:00\",\"breadcrumb\":{\"@id\":\"https:\\\/\\\/formar.shop\\\/pl\\\/prodotto\\\/sadzarka-drzewo-03\\\/#breadcrumb\"},\"inLanguage\":\"pl-PL\",\"potentialAction\":[{\"@type\":\"ReadAction\",\"target\":[\"https:\\\/\\\/formar.shop\\\/pl\\\/prodotto\\\/sadzarka-drzewo-03\\\/\"]}]},{\"@type\":\"ImageObject\",\"inLanguage\":\"pl-PL\",\"@id\":\"https:\\\/\\\/formar.shop\\\/pl\\\/prodotto\\\/sadzarka-drzewo-03\\\/#primaryimage\",\"url\":\"https:\\\/\\\/static.formar.net\\\/wp-content\\\/uploads\\\/2020\\\/12\\\/22160928\\\/Immagini-di-prodotto-x-Amazon-01-1.png\",\"contentUrl\":\"https:\\\/\\\/static.formar.net\\\/wp-content\\\/uploads\\\/2020\\\/12\\\/22160928\\\/Immagini-di-prodotto-x-Amazon-01-1.png\",\"width\":1001,\"height\":1001},{\"@type\":\"BreadcrumbList\",\"@id\":\"https:\\\/\\\/formar.shop\\\/pl\\\/prodotto\\\/sadzarka-drzewo-03\\\/#breadcrumb\",\"itemListElement\":[{\"@type\":\"ListItem\",\"position\":1,\"name\":\"Home\",\"item\":\"https:\\\/\\\/formar.shop\\\/pl\\\/auto-draft\\\/\"},{\"@type\":\"ListItem\",\"position\":2,\"name\":\"Sklep\",\"item\":\"https:\\\/\\\/formar.shop\\\/pl\\\/sklep\\\/\"},{\"@type\":\"ListItem\",\"position\":3,\"name\":\"Sadzarka &#8211; Drzewo 03\"}]},{\"@type\":\"WebSite\",\"@id\":\"https:\\\/\\\/formar.shop\\\/pl\\\/#website\",\"url\":\"https:\\\/\\\/formar.shop\\\/pl\\\/\",\"name\":\"Formar.shop\",\"description\":\"Soluzioni espresse con stile\",\"potentialAction\":[{\"@type\":\"SearchAction\",\"target\":{\"@type\":\"EntryPoint\",\"urlTemplate\":\"https:\\\/\\\/formar.shop\\\/pl\\\/?s={search_term_string}\"},\"query-input\":{\"@type\":\"PropertyValueSpecification\",\"valueRequired\":true,\"valueName\":\"search_term_string\"}}],\"inLanguage\":\"pl-PL\"}]}<\/script>\n<!-- \/ Yoast SEO plugin. -->","yoast_head_json":{"title":"Sadzarka - Drzewo 03 - Formar.shop","robots":{"index":"index","follow":"follow","max-snippet":"max-snippet:-1","max-image-preview":"max-image-preview:large","max-video-preview":"max-video-preview:-1"},"canonical":"https:\/\/formar.shop\/pl\/prodotto\/sadzarka-drzewo-03\/","schema":{"@context":"https:\/\/schema.org","@graph":[{"@type":"WebPage","@id":"https:\/\/formar.shop\/pl\/prodotto\/sadzarka-drzewo-03\/","url":"https:\/\/formar.shop\/pl\/prodotto\/sadzarka-drzewo-03\/","name":"Sadzarka - Drzewo 03 - Formar.shop","isPartOf":{"@id":"https:\/\/formar.shop\/pl\/#website"},"primaryImageOfPage":{"@id":"https:\/\/formar.shop\/pl\/prodotto\/sadzarka-drzewo-03\/#primaryimage"},"image":{"@id":"https:\/\/formar.shop\/pl\/prodotto\/sadzarka-drzewo-03\/#primaryimage"},"thumbnailUrl":"https:\/\/static.formar.net\/wp-content\/uploads\/2020\/12\/22160928\/Immagini-di-prodotto-x-Amazon-01-1.png","datePublished":"2025-01-18T20:27:34+00:00","dateModified":"2025-01-18T20:27:47+00:00","breadcrumb":{"@id":"https:\/\/formar.shop\/pl\/prodotto\/sadzarka-drzewo-03\/#breadcrumb"},"inLanguage":"pl-PL","potentialAction":[{"@type":"ReadAction","target":["https:\/\/formar.shop\/pl\/prodotto\/sadzarka-drzewo-03\/"]}]},{"@type":"ImageObject","inLanguage":"pl-PL","@id":"https:\/\/formar.shop\/pl\/prodotto\/sadzarka-drzewo-03\/#primaryimage","url":"https:\/\/static.formar.net\/wp-content\/uploads\/2020\/12\/22160928\/Immagini-di-prodotto-x-Amazon-01-1.png","contentUrl":"https:\/\/static.formar.net\/wp-content\/uploads\/2020\/12\/22160928\/Immagini-di-prodotto-x-Amazon-01-1.png","width":1001,"height":1001},{"@type":"BreadcrumbList","@id":"https:\/\/formar.shop\/pl\/prodotto\/sadzarka-drzewo-03\/#breadcrumb","itemListElement":[{"@type":"ListItem","position":1,"name":"Home","item":"https:\/\/formar.shop\/pl\/auto-draft\/"},{"@type":"ListItem","position":2,"name":"Sklep","item":"https:\/\/formar.shop\/pl\/sklep\/"},{"@type":"ListItem","position":3,"name":"Sadzarka &#8211; Drzewo 03"}]},{"@type":"WebSite","@id":"https:\/\/formar.shop\/pl\/#website","url":"https:\/\/formar.shop\/pl\/","name":"Formar.shop","description":"Soluzioni espresse con stile","potentialAction":[{"@type":"SearchAction","target":{"@type":"EntryPoint","urlTemplate":"https:\/\/formar.shop\/pl\/?s={search_term_string}"},"query-input":{"@type":"PropertyValueSpecification","valueRequired":true,"valueName":"search_term_string"}}],"inLanguage":"pl-PL"}]}},"_links":{"self":[{"href":"https:\/\/formar.shop\/pl\/wp-json\/wp\/v2\/product\/44871","targetHints":{"allow":["GET"]}}],"collection":[{"href":"https:\/\/formar.shop\/pl\/wp-json\/wp\/v2\/product"}],"about":[{"href":"https:\/\/formar.shop\/pl\/wp-json\/wp\/v2\/types\/product"}],"wp:featuredmedia":[{"embeddable":true,"href":"https:\/\/formar.shop\/pl\/wp-json\/wp\/v2\/media\/44876"}],"wp:attachment":[{"href":"https:\/\/formar.shop\/pl\/wp-json\/wp\/v2\/media?parent=44871"}],"wp:term":[{"taxonomy":"product_brand","embeddable":true,"href":"https:\/\/formar.shop\/pl\/wp-json\/wp\/v2\/product_brand?post=44871"},{"taxonomy":"product_cat","embeddable":true,"href":"https:\/\/formar.shop\/pl\/wp-json\/wp\/v2\/product_cat?post=44871"},{"taxonomy":"product_tag","embeddable":true,"href":"https:\/\/formar.shop\/pl\/wp-json\/wp\/v2\/product_tag?post=44871"}],"curies":[{"name":"wp","href":"https:\/\/api.w.org\/{rel}","templated":true}]}}