{"id":44824,"date":"2025-01-18T21:27:15","date_gmt":"2025-01-18T20:27:15","guid":{"rendered":"https:\/\/formar.shop\/prodotto\/pojemnik-scienny-wiszacy\/"},"modified":"2025-01-18T21:27:23","modified_gmt":"2025-01-18T20:27:23","slug":"pojemnik-scienny-wiszacy","status":"publish","type":"product","link":"https:\/\/formar.shop\/pl\/prodotto\/pojemnik-scienny-wiszacy\/","title":{"rendered":"Pojemnik \u015bcienny &#8211; wisz\u0105cy"},"content":{"rendered":"<div class=\"is-divider divider clearfix\" style=\"max-width:2000px;\"><\/div>\n<div class=\"slider-wrapper relative\" id=\"slider-565448262\" >\n    <div class=\"slider slider-nav-circle slider-nav-large slider-nav-dark slider-style-normal\"\n        data-flickity-options='{\n            \"cellAlign\": \"center\",\n            \"imagesLoaded\": true,\n            \"lazyLoad\": 1,\n            \"freeScroll\": false,\n            \"wrapAround\": true,\n            \"autoPlay\": 6000,\n            \"pauseAutoPlayOnHover\" : true,\n            \"prevNextButtons\": true,\n            \"contain\" : true,\n            \"adaptiveHeight\" : true,\n            \"dragThreshold\" : 10,\n            \"percentPosition\": true,\n            \"pageDots\": true,\n            \"rightToLeft\": false,\n            \"draggable\": true,\n            \"selectedAttraction\": 0.1,\n            \"parallax\" : 0,\n            \"friction\": 0.6        }'\n        >\n        \n\t<div class=\"img has-hover x md-x lg-x y md-y lg-y\" id=\"image_1416637141\">\n\t\t\t\t\t\t\t\t<div class=\"img-inner dark\" >\n\t\t\t<img loading=\"lazy\" decoding=\"async\" width=\"1012\" height=\"1012\" src=\"https:\/\/static.formar.net\/wp-content\/uploads\/2020\/12\/22153635\/Immagini-di-prodotto-x-Amazon-36.png\" class=\"attachment-large size-large\" alt=\"\" \/>\t\t\t\t\t\t\n\t\t\t\t\t<\/div>\n\t\t\t\t\t\t\t\t\n<style>\n#image_1416637141 {\n  width: 100%;\n}\n<\/style>\n\t<\/div>\n\t\n\t<div class=\"img has-hover x md-x lg-x y md-y lg-y\" id=\"image_467702629\">\n\t\t\t\t\t\t\t\t<div class=\"img-inner dark\" >\n\t\t\t<img loading=\"lazy\" decoding=\"async\" width=\"1001\" height=\"1001\" src=\"https:\/\/static.formar.net\/wp-content\/uploads\/2020\/12\/22153556\/Immagini-di-prodotto-x-Amazon-39-1.png\" class=\"attachment-large size-large\" alt=\"\" srcset=\"https:\/\/static.formar.net\/wp-content\/uploads\/2020\/12\/22153556\/Immagini-di-prodotto-x-Amazon-39-1.png 1001w, https:\/\/static.formar.net\/wp-content\/uploads\/2020\/12\/22153556\/Immagini-di-prodotto-x-Amazon-39-1-100x100.png 100w, https:\/\/static.formar.net\/wp-content\/uploads\/2020\/12\/22153556\/Immagini-di-prodotto-x-Amazon-39-1-510x510.png 510w, https:\/\/static.formar.net\/wp-content\/uploads\/2020\/12\/22153556\/Immagini-di-prodotto-x-Amazon-39-1-300x300.png 300w, https:\/\/static.formar.net\/wp-content\/uploads\/2020\/12\/22153556\/Immagini-di-prodotto-x-Amazon-39-1-80x80.png 80w, https:\/\/static.formar.net\/wp-content\/uploads\/2020\/12\/22153556\/Immagini-di-prodotto-x-Amazon-39-1-768x768.png 768w, https:\/\/static.formar.net\/wp-content\/uploads\/2020\/12\/22153556\/Immagini-di-prodotto-x-Amazon-39-1-36x36.png 36w, https:\/\/static.formar.net\/wp-content\/uploads\/2020\/12\/22153556\/Immagini-di-prodotto-x-Amazon-39-1-180x180.png 180w, https:\/\/static.formar.net\/wp-content\/uploads\/2020\/12\/22153556\/Immagini-di-prodotto-x-Amazon-39-1-705x705.png 705w, https:\/\/static.formar.net\/wp-content\/uploads\/2020\/12\/22153556\/Immagini-di-prodotto-x-Amazon-39-1-600x600.png 600w\" sizes=\"auto, (max-width: 1001px) 100vw, 1001px\" \/>\t\t\t\t\t\t\n\t\t\t\t\t<\/div>\n\t\t\t\t\t\t\t\t\n<style>\n#image_467702629 {\n  width: 100%;\n}\n<\/style>\n\t<\/div>\n\t\n\t<div class=\"img has-hover x md-x lg-x y md-y lg-y\" id=\"image_1283503297\">\n\t\t\t\t\t\t\t\t<div class=\"img-inner dark\" >\n\t\t\t<img loading=\"lazy\" decoding=\"async\" width=\"1012\" height=\"1012\" src=\"https:\/\/static.formar.net\/wp-content\/uploads\/2020\/12\/04123949\/Immagini-di-prodotto-x-Amazon-42.png\" class=\"attachment-large size-large\" alt=\"\" \/>\t\t\t\t\t\t\n\t\t\t\t\t<\/div>\n\t\t\t\t\t\t\t\t\n<style>\n#image_1283503297 {\n  width: 100%;\n}\n<\/style>\n\t<\/div>\n\t\n     <\/div>\n\n     <div class=\"loading-spin dark large centered\"><\/div>\n\n\t<\/div>\n\n\n<h3>WISZ\u0104CY &#8211; POJEMNIK MONTOWANY NA \u015aCIANIE<\/h3>\n<p>Wisz\u0105cy pojemnik \u015bcienny to idealne rozwi\u0105zanie do stylowego uporz\u0105dkowania wszystkich ma\u0142ych rzeczy, kt\u00f3re nie maj\u0105 okre\u015blonego miejsca.<br \/>\nPozwala inteligentnie zorganizowa\u0107 pomieszczenie i jest <strong>przydatny do przechowywania ma\u0142ych przedmiot\u00f3w<\/strong>.<br \/>\nJest dost\u0119pny w kolorze bia\u0142ym i czarnym, aby zaspokoi\u0107 ka\u017cdy gust i wymagania.<br \/>\nUwolnij swoj\u0105 wyobra\u017ani\u0119 i stw\u00f3rz, zgodnie ze swoim gustem, <strong>niestandardow\u0105 kompozycj\u0119<\/strong> z kilkoma pojemnikami obok siebie.<\/p>\n<h3 class=\"av-special-heading-tag \">PROJEKT PRODUKTU<\/h3>\n<p>Zosta\u0142 zaprojektowany przez w\u0142oskiego projektanta Mario Mazzera, kt\u00f3ry uko\u0144czy\u0142 architektur\u0119 na Politechnice w Mediolanie w 1978 r., a w 1979 r. uko\u0144czy\u0142 wzornictwo przemys\u0142owe w Scuola Politecnica di Design w Mediolanie.<br \/>\nTutaj szkoli\u0142 si\u0119 w latach 70-tych, wsp\u00f3\u0142pracuj\u0105c z mistrzami w\u0142oskiego designu, a w 1980 roku za\u0142o\u017cy\u0142 Mario Mazzer Architects w Conegliano Veneto. Wielokrotnie nagradzany, w 1996 roku otrzyma\u0142 wyr\u00f3\u017cnienie na ID Annual Design Review w Nowym Jorku. Pokazuj\u0105c swoje prace, wni\u00f3s\u0142 ogromny wk\u0142ad w promowanie popularno\u015bci w\u0142oskich produkt\u00f3w na ca\u0142ym \u015bwiecie.  <\/p>\n<h3 id=\"h-facilit-di-fissaggio-alle-pareti\">\u0141ATWE MOCOWANIE DO \u015aCIAN<\/h3>\n<p>Instalacja wisz\u0105cego pojemnika jest bardzo prosta, poniewa\u017c jest on dostarczany w stanie gotowym do powieszenia, wystarczy tylko przymocowa\u0107 go do \u015bciany.<br \/>\nJest <strong>lekki<\/strong>,<strong> sztywny<\/strong>, <strong>zajmuje ma\u0142o miejsca<\/strong> i pozwala na tworzenie kompozycji z kilkoma jednostkami, aby jeszcze bardziej zoptymalizowa\u0107 przestrze\u0144 i pomie\u015bci\u0107 przedmioty.<\/p>\n<h3 id=\"h-finiture-di-qualit-e-made-in-italy\">WYMIARY PRODUKTU<\/h3>\n<p>Wymiary produktu: &#8211; 40 cm d\u0142ugo\u015bci &#8211; 11,5 cm g\u0142\u0119boko\u015bci &#8211; 38,5 cm wysoko\u015bci<\/p>\n<h3>DOST\u0118PNY W DW\u00d3CH WARIANTACH KOLORYSTYCZNYCH<\/h3>\n<div class=\"info-block\">\n<div class=\"info full\"><\/div>\n<\/div>\n\n\t<section class=\"section\" id=\"section_1018323536\">\n\t\t<div class=\"section-bg fill\" >\n\t\t\t\t\t\t\t\t\t\n\t\t\t\n\n\t\t<\/div>\n\n\t\t\n\n\t\t<div class=\"section-content relative\">\n\t\t\t\n<div class=\"row\"  id=\"row-1311756446\">\n\n\t<div id=\"col-1082440237\" class=\"col medium-6 small-6 large-6\"  >\n\t\t\t\t<div class=\"col-inner text-center\"  >\n\t\t\t\n\t\t\t\n\t<div class=\"box has-hover   has-hover box-text-bottom\" >\n\n\t\t<div class=\"box-image\" >\n\t\t\t\t\t\t<div class=\"\" >\n\t\t\t\t<img loading=\"lazy\" decoding=\"async\" width=\"1012\" height=\"1012\" src=\"https:\/\/static.formar.net\/wp-content\/uploads\/2020\/12\/22153635\/Immagini-di-prodotto-x-Amazon-36.png\" class=\"attachment- size-\" alt=\"\" \/>\t\t\t\t\t\t\t\t\t\t\t<\/div>\n\t\t\t\t\t<\/div>\n\n\t\t<div class=\"box-text text-center\" >\n\t\t\t<div class=\"box-text-inner\">\n\t\t\t\t\n\t<div id=\"text-1419730731\" class=\"text\">\n\t\t\n<p>Bia\u0142y<br \/>\n\t\t\n<style>\n#text-1419730731 {\n  font-size: 1.5rem;\n}\n<\/style>\n\t<\/div>\n\t\n\t\t\t<\/div>\n\t\t<\/div>\n\t<\/div>\n\t\n\t<div class=\"img has-hover x md-x lg-x y md-y lg-y\" id=\"image_20759412\">\n\t\t<a class=\"\" href=\"https:\/\/formar.shop\/wp-content\/uploads\/2022\/10\/68_BIANCO_O_A.jpg\" >\t\t\t\t\t\t<div class=\"img-inner dark\" >\n\t\t\t\t\t\t\t\t\t\n\t\t\t\t\t<\/div>\n\t\t\t\t\t\t<\/a>\t\t\n<style>\n#image_20759412 {\n  width: 50%;\n}\n<\/style>\n\t<\/div>\n\t\n\t\t<\/div>\n\t\t\t\t\t<\/div>\n\n\t\n\n\t<div id=\"col-1018222420\" class=\"col medium-6 small-6 large-6\"  >\n\t\t\t\t<div class=\"col-inner text-center\"  >\n\t\t\t\n\t\t\t\n\t<div class=\"box has-hover   has-hover box-text-bottom\" >\n\n\t\t<div class=\"box-image\" >\n\t\t\t\t\t\t<div class=\"\" >\n\t\t\t\t<img loading=\"lazy\" decoding=\"async\" width=\"1012\" height=\"1012\" src=\"https:\/\/static.formar.net\/wp-content\/uploads\/2020\/12\/04123949\/Immagini-di-prodotto-x-Amazon-42.png\" class=\"attachment- size-\" alt=\"\" \/>\t\t\t\t\t\t\t\t\t\t\t<\/div>\n\t\t\t\t\t<\/div>\n\n\t\t<div class=\"box-text text-center\" >\n\t\t\t<div class=\"box-text-inner\">\n\t\t\t\t\n\t<div id=\"text-3587436355\" class=\"text\">\n\t\t\n<p>Czarny<br \/>\n\t\t\n<style>\n#text-3587436355 {\n  font-size: 1.5rem;\n}\n<\/style>\n\t<\/div>\n\t\n\t\t\t<\/div>\n\t\t<\/div>\n\t<\/div>\n\t\n\t<div class=\"img has-hover x md-x lg-x y md-y lg-y\" id=\"image_1535066974\">\n\t\t<a class=\"\" href=\"https:\/\/formar.shop\/wp-content\/uploads\/2022\/10\/03_ROVERE_O.jpg\" >\t\t\t\t\t\t<div class=\"img-inner dark\" >\n\t\t\t\t\t\t\t\t\t\n\t\t\t\t\t<\/div>\n\t\t\t\t\t\t<\/a>\t\t\n<style>\n#image_1535066974 {\n  width: 50%;\n}\n<\/style>\n\t<\/div>\n\t\n\t\t<\/div>\n\t\t\t\t\t<\/div>\n\n\t\n<\/div>\n<h3>PIEL\u0118GNACJA I KONSERWACJA:<\/h3>\n<p>\u015arodki czyszcz\u0105ce nale\u017cy najpierw przetestowa\u0107 pod k\u0105tem zgodno\u015bci na niewidocznym obszarze.<br \/>\nNigdy nie u\u017cywaj \u015brodk\u00f3w czyszcz\u0105cych lub poleruj\u0105cych zawieraj\u0105cych cz\u0105steczki \u015bcierne lub odt\u0142uszczaj\u0105ce.<br \/>\nZawsze wycieraj wilgotn\u0105 szmatk\u0105 i osuszaj.<\/p>\n\t\t<\/div>\n\n\t\t\n<style>\n#section_1018323536 {\n  padding-top: 30px;\n  padding-bottom: 30px;\n}\n<\/style>\n\t<\/section>\n\t\n\n\t<section class=\"section\" id=\"section_806053451\">\n\t\t<div class=\"section-bg fill\" >\n\t\t\t\t\t\t\t\t\t\n\t\t\t\n\n\t\t<\/div>\n\n\t\t\n\n\t\t<div class=\"section-content relative\">\n\t\t\t\n<div class=\"is-divider divider clearfix\" style=\"max-width:1000px;\"><\/div>\n<div class=\"row row-solid\"  id=\"row-991153618\">\n\n\t<div id=\"col-834332732\" class=\"col medium-3 small-12 large-3\"  >\n\t\t\t\t<div class=\"col-inner\"  >\n\t\t\t\n\t\t\t\n\n\t\t<div class=\"icon-box featured-box icon-box-center text-center\"  >\n\t\t\t\t\t<div class=\"icon-box-img\" style=\"width: 50px\">\n\t\t\t\t<div class=\"icon\">\n\t\t\t\t\t<div class=\"icon-inner\" >\n\t\t\t\t\t\t<img loading=\"lazy\" decoding=\"async\" width=\"128\" height=\"128\" src=\"https:\/\/static.formar.net\/wp-content\/uploads\/sites\/1\/2022\/10\/02111131\/2703076-128-1-1.png\" class=\"attachment-medium size-medium\" alt=\"\" srcset=\"https:\/\/static.formar.net\/wp-content\/uploads\/sites\/1\/2022\/10\/02111131\/2703076-128-1-1.png 128w, https:\/\/static.formar.net\/wp-content\/uploads\/sites\/1\/2022\/10\/02111131\/2703076-128-1-1-80x80.png 80w, https:\/\/static.formar.net\/wp-content\/uploads\/sites\/1\/2022\/10\/02111131\/2703076-128-1-1-100x100.png 100w, https:\/\/static.formar.net\/wp-content\/uploads\/sites\/1\/2022\/10\/02111131\/2703076-128-1-1-50x50.png 50w\" sizes=\"auto, (max-width: 128px) 100vw, 128px\" \/>\t\t\t\t\t<\/div>\n\t\t\t\t<\/div>\n\t\t\t<\/div>\n\t\t\t\t<div class=\"icon-box-text last-reset\">\n\t\t\t\t\t\t\t\t\t\n<h3>Obs\u0142uga klienta zawsze dost\u0119pna<\/h3>\n<p>Mo\u017cesz skontaktowa\u0107 si\u0119 z nami przez WhatsApp:  <a href=\"https:\/\/api.whatsapp.com\/send\/?phone=390715906063&amp;text&amp;type=phone_number&amp;app_absent=0\">+39 071 5906063<\/a><\/p>\n<p>Zam\u00f3wienia telefoniczne: <a href=\"tel:+39800122267\">800 122 267<\/a><\/p>\n\t\t<\/div>\n\t<\/div>\n\t\n\t\n\t\t<\/div>\n\t\t\t\t\t<\/div>\n\n\t\n\n\t<div id=\"col-1250213078\" class=\"col medium-3 small-12 large-3\"  >\n\t\t\t\t<div class=\"col-inner\"  >\n\t\t\t\n\t\t\t\n\n\t\t<div class=\"icon-box featured-box icon-box-center text-center\"  >\n\t\t\t\t\t<div class=\"icon-box-img\" style=\"width: 50px\">\n\t\t\t\t<div class=\"icon\">\n\t\t\t\t\t<div class=\"icon-inner\" >\n\t\t\t\t\t\t<img loading=\"lazy\" decoding=\"async\" width=\"256\" height=\"256\" src=\"https:\/\/static.formar.net\/wp-content\/uploads\/sites\/1\/2022\/11\/02111117\/Icona-carta-di-credito.png\" class=\"attachment-medium size-medium\" alt=\"\" srcset=\"https:\/\/static.formar.net\/wp-content\/uploads\/sites\/1\/2022\/11\/02111117\/Icona-carta-di-credito.png 256w, https:\/\/static.formar.net\/wp-content\/uploads\/sites\/1\/2022\/11\/02111117\/Icona-carta-di-credito-80x80.png 80w, https:\/\/static.formar.net\/wp-content\/uploads\/sites\/1\/2022\/11\/02111117\/Icona-carta-di-credito-100x100.png 100w, https:\/\/static.formar.net\/wp-content\/uploads\/sites\/1\/2022\/11\/02111117\/Icona-carta-di-credito-50x50.png 50w\" sizes=\"auto, (max-width: 256px) 100vw, 256px\" \/>\t\t\t\t\t<\/div>\n\t\t\t\t<\/div>\n\t\t\t<\/div>\n\t\t\t\t<div class=\"icon-box-text last-reset\">\n\t\t\t\t\t\t\t\t\t\n<h3>Wybierz form\u0119 p\u0142atno\u015bci<\/h3>\n<p>P\u0142atno\u015b\u0107 za po\u015brednictwem Paypal, karty kredytowej, got\u00f3wki lub Bancomat (na miejscu) oraz za pobraniem.<\/p>\n\t\t<\/div>\n\t<\/div>\n\t\n\t\n\t\t<\/div>\n\t\t\t\t\t<\/div>\n\n\t\n\n\t<div id=\"col-584036797\" class=\"col medium-3 small-12 large-3\"  >\n\t\t\t\t<div class=\"col-inner\"  >\n\t\t\t\n\t\t\t\n\n\t\t<div class=\"icon-box featured-box icon-box-center text-center\"  >\n\t\t\t\t\t<div class=\"icon-box-img\" style=\"width: 50px\">\n\t\t\t\t<div class=\"icon\">\n\t\t\t\t\t<div class=\"icon-inner\" >\n\t\t\t\t\t\t<img loading=\"lazy\" decoding=\"async\" width=\"128\" height=\"128\" src=\"https:\/\/static.formar.net\/wp-content\/uploads\/sites\/1\/2022\/10\/02111130\/3669335-128-1.png\" class=\"attachment-medium size-medium\" alt=\"\" srcset=\"https:\/\/static.formar.net\/wp-content\/uploads\/sites\/1\/2022\/10\/02111130\/3669335-128-1.png 128w, https:\/\/static.formar.net\/wp-content\/uploads\/sites\/1\/2022\/10\/02111130\/3669335-128-1-80x80.png 80w, https:\/\/static.formar.net\/wp-content\/uploads\/sites\/1\/2022\/10\/02111130\/3669335-128-1-100x100.png 100w, https:\/\/static.formar.net\/wp-content\/uploads\/sites\/1\/2022\/10\/02111130\/3669335-128-1-50x50.png 50w\" sizes=\"auto, (max-width: 128px) 100vw, 128px\" \/>\t\t\t\t\t<\/div>\n\t\t\t\t<\/div>\n\t\t\t<\/div>\n\t\t\t\t<div class=\"icon-box-text last-reset\">\n\t\t\t\t\t\t\t\t\t\n<h3>\u0141atwy i beztroski zwrot<\/h3>\n<p>W razie problem\u00f3w organizujemy odbi\u00f3r bezpo\u015brednio pod wskazanym adresem.<a href=\"https:\/\/formar.shop\/pl\/zasady-dotyczace-zwrotu\/\">(Wi\u0119cej szczeg\u00f3\u0142\u00f3w<\/a>).<\/p>\n\t\t<\/div>\n\t<\/div>\n\t\n\t\n\t\t<\/div>\n\t\t\t\t\t<\/div>\n\n\t\n\n\t<div id=\"col-1469349141\" class=\"col medium-3 small-12 large-3\"  >\n\t\t\t\t<div class=\"col-inner\"  >\n\t\t\t\n\t\t\t\n\n\t\t<div class=\"icon-box featured-box icon-box-center text-center\"  >\n\t\t\t\t\t<div class=\"icon-box-img\" style=\"width: 50px\">\n\t\t\t\t<div class=\"icon\">\n\t\t\t\t\t<div class=\"icon-inner\" >\n\t\t\t\t\t\t<img loading=\"lazy\" decoding=\"async\" width=\"128\" height=\"128\" src=\"https:\/\/static.formar.net\/wp-content\/uploads\/sites\/1\/2022\/10\/02111130\/5959201-128-1.png\" class=\"attachment-medium size-medium\" alt=\"\" srcset=\"https:\/\/static.formar.net\/wp-content\/uploads\/sites\/1\/2022\/10\/02111130\/5959201-128-1.png 128w, https:\/\/static.formar.net\/wp-content\/uploads\/sites\/1\/2022\/10\/02111130\/5959201-128-1-80x80.png 80w, https:\/\/static.formar.net\/wp-content\/uploads\/sites\/1\/2022\/10\/02111130\/5959201-128-1-100x100.png 100w, https:\/\/static.formar.net\/wp-content\/uploads\/sites\/1\/2022\/10\/02111130\/5959201-128-1-50x50.png 50w\" sizes=\"auto, (max-width: 128px) 100vw, 128px\" \/>\t\t\t\t\t<\/div>\n\t\t\t\t<\/div>\n\t\t\t<\/div>\n\t\t\t\t<div class=\"icon-box-text last-reset\">\n\t\t\t\t\t\t\t\t\t\n<h3>Gwarancja producenta i cz\u0119\u015bci zamienne<\/h3>\n<p>Wszystkie nasze produkty s\u0105 obj\u0119te gwarancj\u0105. W przypadku wielu produkt\u00f3w gwarantujemy cz\u0119\u015bci zamienne na ten sam okres.<\/p>\n\t\t<\/div>\n\t<\/div>\n\t\n\t\n\t\t<\/div>\n\t\t\t\t\t<\/div>\n\n\t\n\n<style>\n#row-991153618 > .col > .col-inner {\n  padding: 20px 20px 20px 20px;\n}\n<\/style>\n<\/div>\n\t\t<\/div>\n\n\t\t\n<style>\n#section_806053451 {\n  padding-top: 30px;\n  padding-bottom: 30px;\n}\n<\/style>\n\t<\/section>\n\t\n","protected":false},"excerpt":{"rendered":"<p>Wisz\u0105ca puszka \u015bcienna zosta\u0142a zaprojektowana przez w\u0142oskiego projektanta MARIO MAZZERA, aby umeblowa\u0107 ka\u017cd\u0105 \u015bcian\u0119.<br \/>\nJest \u0142atwy do ustawienia i mo\u017ce by\u0107 montowany oddzielnie lub tworzony w r\u00f3\u017cnych kompozycjach z innymi elementami.<br \/>\nSztywny bia\u0142y polipropylen, z kt\u00f3rego jest wykonany, u\u0142atwia czyszczenie.  <\/p>\n","protected":false},"featured_media":44825,"template":"","meta":{"_joinchat":[]},"product_brand":[],"product_cat":[1705,1590],"product_tag":[1706],"class_list":{"0":"post-44824","1":"product","2":"type-product","3":"status-publish","4":"has-post-thumbnail","6":"product_cat-polki-i-pojemniki","7":"product_cat-strona-glowna","8":"product_tag-pojemnik-nascienny","10":"first","11":"instock","12":"taxable","13":"shipping-taxable","14":"purchasable","15":"product-type-variable","16":"has-default-attributes"},"yoast_head":"<!-- This site is optimized with the Yoast SEO plugin v27.3 - https:\/\/yoast.com\/product\/yoast-seo-wordpress\/ -->\n<title>Pojemnik \u015bcienny - wisz\u0105cy - Formar.shop<\/title>\n<meta name=\"robots\" content=\"index, follow, max-snippet:-1, max-image-preview:large, max-video-preview:-1\" \/>\n<link rel=\"canonical\" href=\"https:\/\/formar.shop\/pl\/prodotto\/pojemnik-scienny-wiszacy\/\" \/>\n<script type=\"application\/ld+json\" class=\"yoast-schema-graph\">{\"@context\":\"https:\\\/\\\/schema.org\",\"@graph\":[{\"@type\":\"WebPage\",\"@id\":\"https:\\\/\\\/formar.shop\\\/pl\\\/prodotto\\\/pojemnik-scienny-wiszacy\\\/\",\"url\":\"https:\\\/\\\/formar.shop\\\/pl\\\/prodotto\\\/pojemnik-scienny-wiszacy\\\/\",\"name\":\"Pojemnik \u015bcienny - wisz\u0105cy - Formar.shop\",\"isPartOf\":{\"@id\":\"https:\\\/\\\/formar.shop\\\/pl\\\/#website\"},\"primaryImageOfPage\":{\"@id\":\"https:\\\/\\\/formar.shop\\\/pl\\\/prodotto\\\/pojemnik-scienny-wiszacy\\\/#primaryimage\"},\"image\":{\"@id\":\"https:\\\/\\\/formar.shop\\\/pl\\\/prodotto\\\/pojemnik-scienny-wiszacy\\\/#primaryimage\"},\"thumbnailUrl\":\"https:\\\/\\\/static.formar.net\\\/wp-content\\\/uploads\\\/2020\\\/12\\\/22153635\\\/Immagini-di-prodotto-x-Amazon-36.png\",\"datePublished\":\"2025-01-18T20:27:15+00:00\",\"dateModified\":\"2025-01-18T20:27:23+00:00\",\"breadcrumb\":{\"@id\":\"https:\\\/\\\/formar.shop\\\/pl\\\/prodotto\\\/pojemnik-scienny-wiszacy\\\/#breadcrumb\"},\"inLanguage\":\"pl-PL\",\"potentialAction\":[{\"@type\":\"ReadAction\",\"target\":[\"https:\\\/\\\/formar.shop\\\/pl\\\/prodotto\\\/pojemnik-scienny-wiszacy\\\/\"]}]},{\"@type\":\"ImageObject\",\"inLanguage\":\"pl-PL\",\"@id\":\"https:\\\/\\\/formar.shop\\\/pl\\\/prodotto\\\/pojemnik-scienny-wiszacy\\\/#primaryimage\",\"url\":\"https:\\\/\\\/static.formar.net\\\/wp-content\\\/uploads\\\/2020\\\/12\\\/22153635\\\/Immagini-di-prodotto-x-Amazon-36.png\",\"contentUrl\":\"https:\\\/\\\/static.formar.net\\\/wp-content\\\/uploads\\\/2020\\\/12\\\/22153635\\\/Immagini-di-prodotto-x-Amazon-36.png\",\"width\":1012,\"height\":1012},{\"@type\":\"BreadcrumbList\",\"@id\":\"https:\\\/\\\/formar.shop\\\/pl\\\/prodotto\\\/pojemnik-scienny-wiszacy\\\/#breadcrumb\",\"itemListElement\":[{\"@type\":\"ListItem\",\"position\":1,\"name\":\"Home\",\"item\":\"https:\\\/\\\/formar.shop\\\/pl\\\/auto-draft\\\/\"},{\"@type\":\"ListItem\",\"position\":2,\"name\":\"Sklep\",\"item\":\"https:\\\/\\\/formar.shop\\\/pl\\\/sklep\\\/\"},{\"@type\":\"ListItem\",\"position\":3,\"name\":\"Pojemnik \u015bcienny &#8211; wisz\u0105cy\"}]},{\"@type\":\"WebSite\",\"@id\":\"https:\\\/\\\/formar.shop\\\/pl\\\/#website\",\"url\":\"https:\\\/\\\/formar.shop\\\/pl\\\/\",\"name\":\"Formar.shop\",\"description\":\"Soluzioni espresse con stile\",\"potentialAction\":[{\"@type\":\"SearchAction\",\"target\":{\"@type\":\"EntryPoint\",\"urlTemplate\":\"https:\\\/\\\/formar.shop\\\/pl\\\/?s={search_term_string}\"},\"query-input\":{\"@type\":\"PropertyValueSpecification\",\"valueRequired\":true,\"valueName\":\"search_term_string\"}}],\"inLanguage\":\"pl-PL\"}]}<\/script>\n<!-- \/ Yoast SEO plugin. -->","yoast_head_json":{"title":"Pojemnik \u015bcienny - wisz\u0105cy - Formar.shop","robots":{"index":"index","follow":"follow","max-snippet":"max-snippet:-1","max-image-preview":"max-image-preview:large","max-video-preview":"max-video-preview:-1"},"canonical":"https:\/\/formar.shop\/pl\/prodotto\/pojemnik-scienny-wiszacy\/","schema":{"@context":"https:\/\/schema.org","@graph":[{"@type":"WebPage","@id":"https:\/\/formar.shop\/pl\/prodotto\/pojemnik-scienny-wiszacy\/","url":"https:\/\/formar.shop\/pl\/prodotto\/pojemnik-scienny-wiszacy\/","name":"Pojemnik \u015bcienny - wisz\u0105cy - Formar.shop","isPartOf":{"@id":"https:\/\/formar.shop\/pl\/#website"},"primaryImageOfPage":{"@id":"https:\/\/formar.shop\/pl\/prodotto\/pojemnik-scienny-wiszacy\/#primaryimage"},"image":{"@id":"https:\/\/formar.shop\/pl\/prodotto\/pojemnik-scienny-wiszacy\/#primaryimage"},"thumbnailUrl":"https:\/\/static.formar.net\/wp-content\/uploads\/2020\/12\/22153635\/Immagini-di-prodotto-x-Amazon-36.png","datePublished":"2025-01-18T20:27:15+00:00","dateModified":"2025-01-18T20:27:23+00:00","breadcrumb":{"@id":"https:\/\/formar.shop\/pl\/prodotto\/pojemnik-scienny-wiszacy\/#breadcrumb"},"inLanguage":"pl-PL","potentialAction":[{"@type":"ReadAction","target":["https:\/\/formar.shop\/pl\/prodotto\/pojemnik-scienny-wiszacy\/"]}]},{"@type":"ImageObject","inLanguage":"pl-PL","@id":"https:\/\/formar.shop\/pl\/prodotto\/pojemnik-scienny-wiszacy\/#primaryimage","url":"https:\/\/static.formar.net\/wp-content\/uploads\/2020\/12\/22153635\/Immagini-di-prodotto-x-Amazon-36.png","contentUrl":"https:\/\/static.formar.net\/wp-content\/uploads\/2020\/12\/22153635\/Immagini-di-prodotto-x-Amazon-36.png","width":1012,"height":1012},{"@type":"BreadcrumbList","@id":"https:\/\/formar.shop\/pl\/prodotto\/pojemnik-scienny-wiszacy\/#breadcrumb","itemListElement":[{"@type":"ListItem","position":1,"name":"Home","item":"https:\/\/formar.shop\/pl\/auto-draft\/"},{"@type":"ListItem","position":2,"name":"Sklep","item":"https:\/\/formar.shop\/pl\/sklep\/"},{"@type":"ListItem","position":3,"name":"Pojemnik \u015bcienny &#8211; wisz\u0105cy"}]},{"@type":"WebSite","@id":"https:\/\/formar.shop\/pl\/#website","url":"https:\/\/formar.shop\/pl\/","name":"Formar.shop","description":"Soluzioni espresse con stile","potentialAction":[{"@type":"SearchAction","target":{"@type":"EntryPoint","urlTemplate":"https:\/\/formar.shop\/pl\/?s={search_term_string}"},"query-input":{"@type":"PropertyValueSpecification","valueRequired":true,"valueName":"search_term_string"}}],"inLanguage":"pl-PL"}]}},"_links":{"self":[{"href":"https:\/\/formar.shop\/pl\/wp-json\/wp\/v2\/product\/44824","targetHints":{"allow":["GET"]}}],"collection":[{"href":"https:\/\/formar.shop\/pl\/wp-json\/wp\/v2\/product"}],"about":[{"href":"https:\/\/formar.shop\/pl\/wp-json\/wp\/v2\/types\/product"}],"wp:featuredmedia":[{"embeddable":true,"href":"https:\/\/formar.shop\/pl\/wp-json\/wp\/v2\/media\/44825"}],"wp:attachment":[{"href":"https:\/\/formar.shop\/pl\/wp-json\/wp\/v2\/media?parent=44824"}],"wp:term":[{"taxonomy":"product_brand","embeddable":true,"href":"https:\/\/formar.shop\/pl\/wp-json\/wp\/v2\/product_brand?post=44824"},{"taxonomy":"product_cat","embeddable":true,"href":"https:\/\/formar.shop\/pl\/wp-json\/wp\/v2\/product_cat?post=44824"},{"taxonomy":"product_tag","embeddable":true,"href":"https:\/\/formar.shop\/pl\/wp-json\/wp\/v2\/product_tag?post=44824"}],"curies":[{"name":"wp","href":"https:\/\/api.w.org\/{rel}","templated":true}]}}