{"id":44766,"date":"2025-01-18T21:26:49","date_gmt":"2025-01-18T20:26:49","guid":{"rendered":"https:\/\/formar.shop\/prodotto\/regal-schody\/"},"modified":"2025-01-18T21:27:04","modified_gmt":"2025-01-18T20:27:04","slug":"regal-schody","status":"publish","type":"product","link":"https:\/\/formar.shop\/pl\/prodotto\/regal-schody\/","title":{"rendered":"Rega\u0142 &#8211; Schody"},"content":{"rendered":"<div class=\"is-divider divider clearfix\" style=\"max-width:2000px;\"><\/div>\n<div class=\"slider-wrapper relative\" id=\"slider-1440582129\" >\n    <div class=\"slider slider-nav-circle slider-nav-large slider-nav-dark slider-style-normal\"\n        data-flickity-options='{\n            \"cellAlign\": \"center\",\n            \"imagesLoaded\": true,\n            \"lazyLoad\": 1,\n            \"freeScroll\": false,\n            \"wrapAround\": true,\n            \"autoPlay\": 6000,\n            \"pauseAutoPlayOnHover\" : true,\n            \"prevNextButtons\": true,\n            \"contain\" : true,\n            \"adaptiveHeight\" : true,\n            \"dragThreshold\" : 10,\n            \"percentPosition\": true,\n            \"pageDots\": true,\n            \"rightToLeft\": false,\n            \"draggable\": true,\n            \"selectedAttraction\": 0.1,\n            \"parallax\" : 0,\n            \"friction\": 0.6        }'\n        >\n        \n\t<div class=\"img has-hover x md-x lg-x y md-y lg-y\" id=\"image_1008507271\">\n\t\t\t\t\t\t\t\t<div class=\"img-inner dark\" >\n\t\t\t<img loading=\"lazy\" decoding=\"async\" width=\"1001\" height=\"1001\" src=\"https:\/\/static.formar.net\/wp-content\/uploads\/2020\/12\/04155230\/Immagini-di-prodotto-x-Amazon-17.png\" class=\"attachment-large size-large\" alt=\"\" \/>\t\t\t\t\t\t\n\t\t\t\t\t<\/div>\n\t\t\t\t\t\t\t\t\n<style>\n#image_1008507271 {\n  width: 100%;\n}\n<\/style>\n\t<\/div>\n\t\n\t<div class=\"img has-hover x md-x lg-x y md-y lg-y\" id=\"image_1786439825\">\n\t\t\t\t\t\t\t\t<div class=\"img-inner dark\" >\n\t\t\t<img loading=\"lazy\" decoding=\"async\" width=\"1001\" height=\"1001\" src=\"https:\/\/static.formar.net\/wp-content\/uploads\/2020\/12\/04155242\/Immagini-di-prodotto-x-Amazon-18.png\" class=\"attachment-large size-large\" alt=\"\" \/>\t\t\t\t\t\t\n\t\t\t\t\t<\/div>\n\t\t\t\t\t\t\t\t\n<style>\n#image_1786439825 {\n  width: 100%;\n}\n<\/style>\n\t<\/div>\n\t\n\t<div class=\"img has-hover x md-x lg-x y md-y lg-y\" id=\"image_69688844\">\n\t\t\t\t\t\t\t\t<div class=\"img-inner dark\" >\n\t\t\t<img loading=\"lazy\" decoding=\"async\" width=\"1001\" height=\"1001\" src=\"https:\/\/static.formar.net\/wp-content\/uploads\/2020\/12\/04155247\/Immagini-di-prodotto-x-Amazon-19.png\" class=\"attachment-large size-large\" alt=\"\" \/>\t\t\t\t\t\t\n\t\t\t\t\t<\/div>\n\t\t\t\t\t\t\t\t\n<style>\n#image_69688844 {\n  width: 100%;\n}\n<\/style>\n\t<\/div>\n\t\n\t<div class=\"img has-hover x md-x lg-x y md-y lg-y\" id=\"image_599677893\">\n\t\t\t\t\t\t\t\t<div class=\"img-inner dark\" >\n\t\t\t<img loading=\"lazy\" decoding=\"async\" width=\"1001\" height=\"1001\" src=\"https:\/\/static.formar.net\/wp-content\/uploads\/2020\/12\/22171519\/Immagini-di-prodotto-x-Amazon-16.png\" class=\"attachment-large size-large\" alt=\"\" \/>\t\t\t\t\t\t\n\t\t\t\t\t<\/div>\n\t\t\t\t\t\t\t\t\n<style>\n#image_599677893 {\n  width: 100%;\n}\n<\/style>\n\t<\/div>\n\t\n     <\/div>\n\n     <div class=\"loading-spin dark large centered\"><\/div>\n\n\t<\/div>\n\n\n<div class=\"is-divider divider clearfix\" style=\"max-width:2000px;\"><\/div>\n<h3>SCHODY &#8211; REGA\u0141<\/h3>\n<p>Rega\u0142 z 5 p\u00f3\u0142kami przydatny do maksymalnego wykorzystania wolnej przestrzeni i uporz\u0105dkowania pokoju <strong>w dobrym stylu<\/strong>.<\/p>\n<p class=\"a-spacing-mini\">Do malowania malarze u\u017cywaj\u0105 dw\u00f3ch schod\u00f3w rozstawionych od siebie i po\u0142\u0105czonych desk\u0105, umieszczon\u0105 na pewnej wysoko\u015bci, jako p\u00f3\u0142ka u\u0142atwiaj\u0105ca poruszanie si\u0119.<br \/>\nTa koncepcja zainspirowa\u0142a pomys\u0142 na pi\u0119kny rega\u0142 Staircase, <strong>designerski<\/strong> element meblowy, kt\u00f3ry doda odrobin\u0119 osobowo\u015bci do Twojego pokoju. <\/p>\n<p>Fajny system umo\u017cliwia, poprzez umieszczenie dodatkowego wspornika na dole,<strong> po\u0142\u0105czenie kilku rega\u0142\u00f3w razem<\/strong>, a tym samym zwi\u0119kszenie powierzchni p\u00f3\u0142ek.<\/p>\n<h3 class=\"av-special-heading-tag \">PROJEKT PRODUKTU<\/h3>\n<p>Zaprojektowany przez w\u0142oskiego projektanta Mario Mazzera, kt\u00f3ry uko\u0144czy\u0142 Architektur\u0119 na Politechnice w Mediolanie w 1978 roku i uko\u0144czy\u0142 Wzornictwo Przemys\u0142owe na Scuola Politecnica di Design w Mediolanie w 1979 roku.<br \/>\nTutaj szkoli\u0142 si\u0119 w latach 70-tych, pracuj\u0105c z mistrzami w\u0142oskiego designu, a w 1980 roku za\u0142o\u017cy\u0142 Mario Mazzer Architects w Conegliano Veneto.<br \/>\nWielokrotnie nagradzany, otrzyma\u0142 wyr\u00f3\u017cnienie na ID Annual Design Review w Nowym Jorku w 1996 roku.<br \/>\nWystawiaj\u0105c swoje prace, wni\u00f3s\u0142 ogromny wk\u0142ad w promowanie popularno\u015bci w\u0142oskich produkt\u00f3w na ca\u0142ym \u015bwiecie. <\/p>\n<h3>DBA\u0141O\u015a\u0106 O SZCZEG\u00d3\u0141Y<\/h3>\n<p>Rega\u0142 Staircase jest niezwykle przemy\u015blany pod wzgl\u0119dem detali i doboru materia\u0142\u00f3w.<br \/>\nSk\u0142ada si\u0119 z: <\/p>\n<ul>\n<li>Stojaki z <strong>litego <\/strong>drewna <strong>bukowego <\/strong>o wymiarach 4&#215;4 cm<\/li>\n<li>Nr 5 <strong>matowe lakierowane<\/strong> bia\u0142e p\u00f3\u0142ki MDF<\/li>\n<li><strong>Jasnoniebieskie<\/strong> z\u0142\u0105cza<\/li>\n<\/ul>\n<h3 class=\"av-special-heading-tag \">WYMIARY PRODUKTU<\/h3>\n<p>Wymiary produktu: &#8211; 100 cm d\u0142ugo\u015bci &#8211; 40 cm g\u0142\u0119boko\u015bci &#8211; 170 cm wysoko\u015bci<\/p>\n<h3>PIEL\u0118GNACJA I KONSERWACJA:<\/h3>\n<p>\u015arodki czyszcz\u0105ce nale\u017cy najpierw przetestowa\u0107 pod k\u0105tem zgodno\u015bci na niewidocznym obszarze.<br \/>\nNigdy nie u\u017cywaj \u015brodk\u00f3w czyszcz\u0105cych lub poleruj\u0105cych zawieraj\u0105cych cz\u0105steczki \u015bcierne lub odt\u0142uszczaj\u0105ce.<br \/>\nZawsze wycieraj wilgotn\u0105 szmatk\u0105 i osuszaj.<\/p>\n\n\t<section class=\"section\" id=\"section_67994016\">\n\t\t<div class=\"section-bg fill\" >\n\t\t\t\t\t\t\t\t\t\n\t\t\t\n\n\t\t<\/div>\n\n\t\t\n\n\t\t<div class=\"section-content relative\">\n\t\t\t\n<div class=\"is-divider divider clearfix\" style=\"max-width:1000px;\"><\/div>\n<div class=\"row row-solid\"  id=\"row-1319121098\">\n\n\t<div id=\"col-1835900205\" class=\"col medium-3 small-12 large-3\"  >\n\t\t\t\t<div class=\"col-inner\"  >\n\t\t\t\n\t\t\t\n\n\t\t<div class=\"icon-box featured-box icon-box-center text-center\"  >\n\t\t\t\t\t<div class=\"icon-box-img\" style=\"width: 50px\">\n\t\t\t\t<div class=\"icon\">\n\t\t\t\t\t<div class=\"icon-inner\" >\n\t\t\t\t\t\t<img loading=\"lazy\" decoding=\"async\" width=\"128\" height=\"128\" src=\"https:\/\/static.formar.net\/wp-content\/uploads\/sites\/1\/2022\/10\/02111131\/2703076-128-1-1.png\" class=\"attachment-medium size-medium\" alt=\"\" srcset=\"https:\/\/static.formar.net\/wp-content\/uploads\/sites\/1\/2022\/10\/02111131\/2703076-128-1-1.png 128w, https:\/\/static.formar.net\/wp-content\/uploads\/sites\/1\/2022\/10\/02111131\/2703076-128-1-1-80x80.png 80w, https:\/\/static.formar.net\/wp-content\/uploads\/sites\/1\/2022\/10\/02111131\/2703076-128-1-1-100x100.png 100w, https:\/\/static.formar.net\/wp-content\/uploads\/sites\/1\/2022\/10\/02111131\/2703076-128-1-1-50x50.png 50w\" sizes=\"auto, (max-width: 128px) 100vw, 128px\" \/>\t\t\t\t\t<\/div>\n\t\t\t\t<\/div>\n\t\t\t<\/div>\n\t\t\t\t<div class=\"icon-box-text last-reset\">\n\t\t\t\t\t\t\t\t\t\n<h3>Obs\u0142uga klienta zawsze dost\u0119pna<\/h3>\n<p>Mo\u017cesz skontaktowa\u0107 si\u0119 z nami przez WhatsApp:  <a href=\"https:\/\/api.whatsapp.com\/send\/?phone=390715906063&amp;text&amp;type=phone_number&amp;app_absent=0\">+39 071 5906063<\/a><\/p>\n<p>Zam\u00f3wienia telefoniczne: <a href=\"tel:+39800122267\">800 122 267<\/a><\/p>\n\t\t<\/div>\n\t<\/div>\n\t\n\t\n\t\t<\/div>\n\t\t\t\t\t<\/div>\n\n\t\n\n\t<div id=\"col-1565216871\" class=\"col medium-3 small-12 large-3\"  >\n\t\t\t\t<div class=\"col-inner\"  >\n\t\t\t\n\t\t\t\n\n\t\t<div class=\"icon-box featured-box icon-box-center text-center\"  >\n\t\t\t\t\t<div class=\"icon-box-img\" style=\"width: 50px\">\n\t\t\t\t<div class=\"icon\">\n\t\t\t\t\t<div class=\"icon-inner\" >\n\t\t\t\t\t\t<img loading=\"lazy\" decoding=\"async\" width=\"256\" height=\"256\" src=\"https:\/\/static.formar.net\/wp-content\/uploads\/sites\/1\/2022\/11\/02111117\/Icona-carta-di-credito.png\" class=\"attachment-medium size-medium\" alt=\"\" srcset=\"https:\/\/static.formar.net\/wp-content\/uploads\/sites\/1\/2022\/11\/02111117\/Icona-carta-di-credito.png 256w, https:\/\/static.formar.net\/wp-content\/uploads\/sites\/1\/2022\/11\/02111117\/Icona-carta-di-credito-80x80.png 80w, https:\/\/static.formar.net\/wp-content\/uploads\/sites\/1\/2022\/11\/02111117\/Icona-carta-di-credito-100x100.png 100w, https:\/\/static.formar.net\/wp-content\/uploads\/sites\/1\/2022\/11\/02111117\/Icona-carta-di-credito-50x50.png 50w\" sizes=\"auto, (max-width: 256px) 100vw, 256px\" \/>\t\t\t\t\t<\/div>\n\t\t\t\t<\/div>\n\t\t\t<\/div>\n\t\t\t\t<div class=\"icon-box-text last-reset\">\n\t\t\t\t\t\t\t\t\t\n<h3>Wybierz form\u0119 p\u0142atno\u015bci<\/h3>\n<p>P\u0142atno\u015b\u0107 za po\u015brednictwem Paypal, karty kredytowej, got\u00f3wki lub Bancomat (na miejscu) oraz za pobraniem.<\/p>\n\t\t<\/div>\n\t<\/div>\n\t\n\t\n\t\t<\/div>\n\t\t\t\t\t<\/div>\n\n\t\n\n\t<div id=\"col-683500398\" class=\"col medium-3 small-12 large-3\"  >\n\t\t\t\t<div class=\"col-inner\"  >\n\t\t\t\n\t\t\t\n\n\t\t<div class=\"icon-box featured-box icon-box-center text-center\"  >\n\t\t\t\t\t<div class=\"icon-box-img\" style=\"width: 50px\">\n\t\t\t\t<div class=\"icon\">\n\t\t\t\t\t<div class=\"icon-inner\" >\n\t\t\t\t\t\t<img loading=\"lazy\" decoding=\"async\" width=\"128\" height=\"128\" src=\"https:\/\/static.formar.net\/wp-content\/uploads\/sites\/1\/2022\/10\/02111130\/3669335-128-1.png\" class=\"attachment-medium size-medium\" alt=\"\" srcset=\"https:\/\/static.formar.net\/wp-content\/uploads\/sites\/1\/2022\/10\/02111130\/3669335-128-1.png 128w, https:\/\/static.formar.net\/wp-content\/uploads\/sites\/1\/2022\/10\/02111130\/3669335-128-1-80x80.png 80w, https:\/\/static.formar.net\/wp-content\/uploads\/sites\/1\/2022\/10\/02111130\/3669335-128-1-100x100.png 100w, https:\/\/static.formar.net\/wp-content\/uploads\/sites\/1\/2022\/10\/02111130\/3669335-128-1-50x50.png 50w\" sizes=\"auto, (max-width: 128px) 100vw, 128px\" \/>\t\t\t\t\t<\/div>\n\t\t\t\t<\/div>\n\t\t\t<\/div>\n\t\t\t\t<div class=\"icon-box-text last-reset\">\n\t\t\t\t\t\t\t\t\t\n<h3>\u0141atwy i beztroski zwrot<\/h3>\n<p>W razie problem\u00f3w organizujemy odbi\u00f3r bezpo\u015brednio pod wskazanym adresem.<a href=\"https:\/\/formar.shop\/pl\/zasady-dotyczace-zwrotu\/\">(Wi\u0119cej szczeg\u00f3\u0142\u00f3w<\/a>).<\/p>\n\t\t<\/div>\n\t<\/div>\n\t\n\t\n\t\t<\/div>\n\t\t\t\t\t<\/div>\n\n\t\n\n\t<div id=\"col-1258052777\" class=\"col medium-3 small-12 large-3\"  >\n\t\t\t\t<div class=\"col-inner\"  >\n\t\t\t\n\t\t\t\n\n\t\t<div class=\"icon-box featured-box icon-box-center text-center\"  >\n\t\t\t\t\t<div class=\"icon-box-img\" style=\"width: 50px\">\n\t\t\t\t<div class=\"icon\">\n\t\t\t\t\t<div class=\"icon-inner\" >\n\t\t\t\t\t\t<img loading=\"lazy\" decoding=\"async\" width=\"128\" height=\"128\" src=\"https:\/\/static.formar.net\/wp-content\/uploads\/sites\/1\/2022\/10\/02111130\/5959201-128-1.png\" class=\"attachment-medium size-medium\" alt=\"\" srcset=\"https:\/\/static.formar.net\/wp-content\/uploads\/sites\/1\/2022\/10\/02111130\/5959201-128-1.png 128w, https:\/\/static.formar.net\/wp-content\/uploads\/sites\/1\/2022\/10\/02111130\/5959201-128-1-80x80.png 80w, https:\/\/static.formar.net\/wp-content\/uploads\/sites\/1\/2022\/10\/02111130\/5959201-128-1-100x100.png 100w, https:\/\/static.formar.net\/wp-content\/uploads\/sites\/1\/2022\/10\/02111130\/5959201-128-1-50x50.png 50w\" sizes=\"auto, (max-width: 128px) 100vw, 128px\" \/>\t\t\t\t\t<\/div>\n\t\t\t\t<\/div>\n\t\t\t<\/div>\n\t\t\t\t<div class=\"icon-box-text last-reset\">\n\t\t\t\t\t\t\t\t\t\n<h3>Gwarancja producenta i cz\u0119\u015bci zamienne<\/h3>\n<p>Wszystkie nasze produkty s\u0105 obj\u0119te gwarancj\u0105. W przypadku wielu produkt\u00f3w gwarantujemy cz\u0119\u015bci zamienne na ten sam okres.<\/p>\n\t\t<\/div>\n\t<\/div>\n\t\n\t\n\t\t<\/div>\n\t\t\t\t\t<\/div>\n\n\t\n\n<style>\n#row-1319121098 > .col > .col-inner {\n  padding: 20px 20px 20px 20px;\n}\n<\/style>\n<\/div>\n\t\t<\/div>\n\n\t\t\n<style>\n#section_67994016 {\n  padding-top: 30px;\n  padding-bottom: 30px;\n}\n<\/style>\n\t<\/section>\n\t\n\n\t<section class=\"section\" id=\"section_309288296\">\n\t\t<div class=\"section-bg fill\" >\n\t\t\t\t\t\t\t\t\t\n\t\t\t\n\n\t\t<\/div>\n\n\t\t\n\n\t\t<div class=\"section-content relative\">\n\t\t\t\n\t\t<\/div>\n\n\t\t\n<style>\n#section_309288296 {\n  padding-top: 30px;\n  padding-bottom: 30px;\n}\n<\/style>\n\t<\/section>\n\t\n","protected":false},"excerpt":{"rendered":"<p>Zaprojektowany przez w\u0142oskiego projektanta MARIO MAZZERA, rega\u0142 Staircase czerpie inspiracj\u0119 z drabin u\u017cywanych przez malarzy do malowania.<br \/>\nG\u0142\u00f3wna konstrukcja wykonana jest z litego naturalnego drewna bukowego, a p\u00f3\u0142ki z matowej lakierowanej na bia\u0142o p\u0142yty MDF.<br \/>\nMonta\u017c jest szybki i \u0142atwy.  <\/p>\n","protected":false},"featured_media":44768,"template":"","meta":{"_joinchat":[]},"product_brand":[],"product_cat":[1663,1590],"product_tag":[1664],"class_list":{"0":"post-44766","1":"product","2":"type-product","3":"status-publish","4":"has-post-thumbnail","6":"product_cat-ksiegarnie","7":"product_cat-strona-glowna","8":"product_tag-ksiegarnie","10":"first","11":"instock","12":"sale","13":"taxable","14":"shipping-taxable","15":"purchasable","16":"product-type-simple"},"yoast_head":"<!-- This site is optimized with the Yoast SEO plugin v27.3 - https:\/\/yoast.com\/product\/yoast-seo-wordpress\/ -->\n<title>Rega\u0142 - Schody - Formar.shop<\/title>\n<meta name=\"robots\" content=\"index, follow, max-snippet:-1, max-image-preview:large, max-video-preview:-1\" \/>\n<link rel=\"canonical\" href=\"https:\/\/formar.shop\/pl\/prodotto\/regal-schody\/\" \/>\n<script type=\"application\/ld+json\" class=\"yoast-schema-graph\">{\"@context\":\"https:\\\/\\\/schema.org\",\"@graph\":[{\"@type\":\"WebPage\",\"@id\":\"https:\\\/\\\/formar.shop\\\/pl\\\/prodotto\\\/regal-schody\\\/\",\"url\":\"https:\\\/\\\/formar.shop\\\/pl\\\/prodotto\\\/regal-schody\\\/\",\"name\":\"Rega\u0142 - Schody - Formar.shop\",\"isPartOf\":{\"@id\":\"https:\\\/\\\/formar.shop\\\/pl\\\/#website\"},\"primaryImageOfPage\":{\"@id\":\"https:\\\/\\\/formar.shop\\\/pl\\\/prodotto\\\/regal-schody\\\/#primaryimage\"},\"image\":{\"@id\":\"https:\\\/\\\/formar.shop\\\/pl\\\/prodotto\\\/regal-schody\\\/#primaryimage\"},\"thumbnailUrl\":\"https:\\\/\\\/static.formar.net\\\/wp-content\\\/uploads\\\/2020\\\/12\\\/22171519\\\/Immagini-di-prodotto-x-Amazon-16.png\",\"datePublished\":\"2025-01-18T20:26:49+00:00\",\"dateModified\":\"2025-01-18T20:27:04+00:00\",\"breadcrumb\":{\"@id\":\"https:\\\/\\\/formar.shop\\\/pl\\\/prodotto\\\/regal-schody\\\/#breadcrumb\"},\"inLanguage\":\"pl-PL\",\"potentialAction\":[{\"@type\":\"ReadAction\",\"target\":[\"https:\\\/\\\/formar.shop\\\/pl\\\/prodotto\\\/regal-schody\\\/\"]}]},{\"@type\":\"ImageObject\",\"inLanguage\":\"pl-PL\",\"@id\":\"https:\\\/\\\/formar.shop\\\/pl\\\/prodotto\\\/regal-schody\\\/#primaryimage\",\"url\":\"https:\\\/\\\/static.formar.net\\\/wp-content\\\/uploads\\\/2020\\\/12\\\/22171519\\\/Immagini-di-prodotto-x-Amazon-16.png\",\"contentUrl\":\"https:\\\/\\\/static.formar.net\\\/wp-content\\\/uploads\\\/2020\\\/12\\\/22171519\\\/Immagini-di-prodotto-x-Amazon-16.png\",\"width\":1001,\"height\":1001},{\"@type\":\"BreadcrumbList\",\"@id\":\"https:\\\/\\\/formar.shop\\\/pl\\\/prodotto\\\/regal-schody\\\/#breadcrumb\",\"itemListElement\":[{\"@type\":\"ListItem\",\"position\":1,\"name\":\"Home\",\"item\":\"https:\\\/\\\/formar.shop\\\/pl\\\/auto-draft\\\/\"},{\"@type\":\"ListItem\",\"position\":2,\"name\":\"Sklep\",\"item\":\"https:\\\/\\\/formar.shop\\\/pl\\\/sklep\\\/\"},{\"@type\":\"ListItem\",\"position\":3,\"name\":\"Rega\u0142 &#8211; Schody\"}]},{\"@type\":\"WebSite\",\"@id\":\"https:\\\/\\\/formar.shop\\\/pl\\\/#website\",\"url\":\"https:\\\/\\\/formar.shop\\\/pl\\\/\",\"name\":\"Formar.shop\",\"description\":\"Soluzioni espresse con stile\",\"potentialAction\":[{\"@type\":\"SearchAction\",\"target\":{\"@type\":\"EntryPoint\",\"urlTemplate\":\"https:\\\/\\\/formar.shop\\\/pl\\\/?s={search_term_string}\"},\"query-input\":{\"@type\":\"PropertyValueSpecification\",\"valueRequired\":true,\"valueName\":\"search_term_string\"}}],\"inLanguage\":\"pl-PL\"}]}<\/script>\n<!-- \/ Yoast SEO plugin. -->","yoast_head_json":{"title":"Rega\u0142 - Schody - Formar.shop","robots":{"index":"index","follow":"follow","max-snippet":"max-snippet:-1","max-image-preview":"max-image-preview:large","max-video-preview":"max-video-preview:-1"},"canonical":"https:\/\/formar.shop\/pl\/prodotto\/regal-schody\/","schema":{"@context":"https:\/\/schema.org","@graph":[{"@type":"WebPage","@id":"https:\/\/formar.shop\/pl\/prodotto\/regal-schody\/","url":"https:\/\/formar.shop\/pl\/prodotto\/regal-schody\/","name":"Rega\u0142 - Schody - Formar.shop","isPartOf":{"@id":"https:\/\/formar.shop\/pl\/#website"},"primaryImageOfPage":{"@id":"https:\/\/formar.shop\/pl\/prodotto\/regal-schody\/#primaryimage"},"image":{"@id":"https:\/\/formar.shop\/pl\/prodotto\/regal-schody\/#primaryimage"},"thumbnailUrl":"https:\/\/static.formar.net\/wp-content\/uploads\/2020\/12\/22171519\/Immagini-di-prodotto-x-Amazon-16.png","datePublished":"2025-01-18T20:26:49+00:00","dateModified":"2025-01-18T20:27:04+00:00","breadcrumb":{"@id":"https:\/\/formar.shop\/pl\/prodotto\/regal-schody\/#breadcrumb"},"inLanguage":"pl-PL","potentialAction":[{"@type":"ReadAction","target":["https:\/\/formar.shop\/pl\/prodotto\/regal-schody\/"]}]},{"@type":"ImageObject","inLanguage":"pl-PL","@id":"https:\/\/formar.shop\/pl\/prodotto\/regal-schody\/#primaryimage","url":"https:\/\/static.formar.net\/wp-content\/uploads\/2020\/12\/22171519\/Immagini-di-prodotto-x-Amazon-16.png","contentUrl":"https:\/\/static.formar.net\/wp-content\/uploads\/2020\/12\/22171519\/Immagini-di-prodotto-x-Amazon-16.png","width":1001,"height":1001},{"@type":"BreadcrumbList","@id":"https:\/\/formar.shop\/pl\/prodotto\/regal-schody\/#breadcrumb","itemListElement":[{"@type":"ListItem","position":1,"name":"Home","item":"https:\/\/formar.shop\/pl\/auto-draft\/"},{"@type":"ListItem","position":2,"name":"Sklep","item":"https:\/\/formar.shop\/pl\/sklep\/"},{"@type":"ListItem","position":3,"name":"Rega\u0142 &#8211; Schody"}]},{"@type":"WebSite","@id":"https:\/\/formar.shop\/pl\/#website","url":"https:\/\/formar.shop\/pl\/","name":"Formar.shop","description":"Soluzioni espresse con stile","potentialAction":[{"@type":"SearchAction","target":{"@type":"EntryPoint","urlTemplate":"https:\/\/formar.shop\/pl\/?s={search_term_string}"},"query-input":{"@type":"PropertyValueSpecification","valueRequired":true,"valueName":"search_term_string"}}],"inLanguage":"pl-PL"}]}},"_links":{"self":[{"href":"https:\/\/formar.shop\/pl\/wp-json\/wp\/v2\/product\/44766","targetHints":{"allow":["GET"]}}],"collection":[{"href":"https:\/\/formar.shop\/pl\/wp-json\/wp\/v2\/product"}],"about":[{"href":"https:\/\/formar.shop\/pl\/wp-json\/wp\/v2\/types\/product"}],"wp:featuredmedia":[{"embeddable":true,"href":"https:\/\/formar.shop\/pl\/wp-json\/wp\/v2\/media\/44768"}],"wp:attachment":[{"href":"https:\/\/formar.shop\/pl\/wp-json\/wp\/v2\/media?parent=44766"}],"wp:term":[{"taxonomy":"product_brand","embeddable":true,"href":"https:\/\/formar.shop\/pl\/wp-json\/wp\/v2\/product_brand?post=44766"},{"taxonomy":"product_cat","embeddable":true,"href":"https:\/\/formar.shop\/pl\/wp-json\/wp\/v2\/product_cat?post=44766"},{"taxonomy":"product_tag","embeddable":true,"href":"https:\/\/formar.shop\/pl\/wp-json\/wp\/v2\/product_tag?post=44766"}],"curies":[{"name":"wp","href":"https:\/\/api.w.org\/{rel}","templated":true}]}}