{"id":44654,"date":"2025-01-18T21:25:59","date_gmt":"2025-01-18T20:25:59","guid":{"rendered":"https:\/\/formar.shop\/prodotto\/regal-na-ksiazki-stolik-cube-01\/"},"modified":"2025-01-18T21:26:13","modified_gmt":"2025-01-18T20:26:13","slug":"regal-na-ksiazki-stolik-cube-01","status":"publish","type":"product","link":"https:\/\/formar.shop\/pl\/prodotto\/regal-na-ksiazki-stolik-cube-01\/","title":{"rendered":"Rega\u0142 na ksi\u0105\u017cki &#8211; Stolik Cube 01"},"content":{"rendered":"<h2>STOLIK Z P\u00d3\u0141K\u0104 NA KSI\u0104\u017bKI 01<\/h2>\n<p>Ma\u0142y stolik lub rega\u0142, kt\u00f3ry zapewnia du\u017co miejsca do przechowywania na ma\u0142ej przestrzeni.<\/p>\n<h2 class=\"a-spacing-mini\">Stolik rega\u0142owy Cube Table 01 wniesie do Twojego domu osobowo\u015b\u0107, charakter i wyr\u00f3\u017cnienie.<\/h2>\n<p>Jego oryginalny, prosty i praktyczny design oferuje eleganck\u0105 r\u00f3wnowag\u0119 porz\u0105dku i pi\u0119kna w ka\u017cdym pomieszczeniu w domu. Idealny do umieszczania ksi\u0105\u017cek lub przedmiot\u00f3w dekoracyjnych. <\/p>\n<p>Podstawa jest bia\u0142a, a g\u00f3rna cz\u0119\u015b\u0107 jest dost\u0119pna w trzech pi\u0119knych wariantach: czerwonym, czarnym i szarym.<\/p>\n<h3 class=\"av-special-heading-tag \">PROJEKT PRODUKTU<\/h3>\n<p>Zosta\u0142 zaprojektowany przez w\u0142oskiego projektanta Mario Mazzera, kt\u00f3ry uko\u0144czy\u0142 architektur\u0119 na Politechnice w Mediolanie w 1978 r., a w 1979 r. uko\u0144czy\u0142 wzornictwo przemys\u0142owe w Scuola Politecnica di Design w Mediolanie.<br \/>Tutaj szkoli\u0142 si\u0119 w latach 70-tych, wsp\u00f3\u0142pracuj\u0105c z mistrzami w\u0142oskiego designu, a w 1980 roku za\u0142o\u017cy\u0142 Mario Mazzer Architects w Conegliano Veneto. Wielokrotnie nagradzany, w 1996 roku otrzyma\u0142 wyr\u00f3\u017cnienie na ID Annual Design Review w Nowym Jorku. Pokazuj\u0105c swoje prace, wni\u00f3s\u0142 ogromny wk\u0142ad w promowanie popularno\u015bci w\u0142oskich produkt\u00f3w na ca\u0142ym \u015bwiecie.  <\/p>\n<h3 class=\"av-special-heading-tag \">WYMIARY PRODUKTU<\/h3>\n<p>Indywidualna miara produktu:<\/p>\n<ul>\n<li>40 cm d\u0142ugo\u015bci<\/li>\n<li>40 cm g\u0142\u0119boko\u015bci<\/li>\n<li>33,5 cm wysoko\u015bci<\/li>\n<\/ul>\n<div class=\"is-divider divider clearfix\" style=\"max-width:1000px;\"><\/div>\n<div class=\"row\"  id=\"row-1493297853\">\n\n\t<div id=\"col-2110589642\" class=\"col small-12 large-12\"  >\n\t\t\t\t<div class=\"col-inner\"  >\n\t\t\t\n\t\t\t\n\n\t\t<div class=\"icon-box featured-box icon-box-left text-left\"  >\n\t\t\t\t\t<div class=\"icon-box-img\" style=\"width: 20px\">\n\t\t\t\t<div class=\"icon\">\n\t\t\t\t\t<div class=\"icon-inner\" >\n\t\t\t\t\t\t<img loading=\"lazy\" decoding=\"async\" width=\"300\" height=\"300\" src=\"https:\/\/static.formar.net\/wp-content\/uploads\/2022\/09\/20173538\/Icona-telefono-300x300.png\" class=\"attachment-medium size-medium\" alt=\"\" srcset=\"https:\/\/static.formar.net\/wp-content\/uploads\/2022\/09\/20173538\/Icona-telefono-300x300.png 300w, https:\/\/static.formar.net\/wp-content\/uploads\/2022\/09\/20173538\/Icona-telefono-80x80.png 80w, https:\/\/static.formar.net\/wp-content\/uploads\/2022\/09\/20173538\/Icona-telefono-510x510.png 510w, https:\/\/static.formar.net\/wp-content\/uploads\/2022\/09\/20173538\/Icona-telefono-100x100.png 100w, https:\/\/static.formar.net\/wp-content\/uploads\/2022\/09\/20173538\/Icona-telefono-50x50.png 50w, https:\/\/static.formar.net\/wp-content\/uploads\/2022\/09\/20173538\/Icona-telefono.png 512w\" sizes=\"auto, (max-width: 300px) 100vw, 300px\" \/>\t\t\t\t\t<\/div>\n\t\t\t\t<\/div>\n\t\t\t<\/div>\n\t\t\t\t<div class=\"icon-box-text last-reset\">\n\t\t\t\t\t\t\t\t\t\n<h3><span style=\"font-size: 75%;\">Zam\u00f3wienia telefoniczne: 800 122 267<\/span><\/h3>\n\t\t<\/div>\n\t<\/div>\n\t\n\t\n\n\t\t<div class=\"icon-box featured-box icon-box-left text-left\"  >\n\t\t\t\t\t<div class=\"icon-box-img\" style=\"width: 20px\">\n\t\t\t\t<div class=\"icon\">\n\t\t\t\t\t<div class=\"icon-inner\" >\n\t\t\t\t\t\t<img loading=\"lazy\" decoding=\"async\" width=\"300\" height=\"300\" src=\"https:\/\/static.formar.net\/wp-content\/uploads\/2022\/09\/20173537\/Icona-whatsapp-1-300x300.png\" class=\"attachment-medium size-medium\" alt=\"\" srcset=\"https:\/\/static.formar.net\/wp-content\/uploads\/2022\/09\/20173537\/Icona-whatsapp-1-300x300.png 300w, https:\/\/static.formar.net\/wp-content\/uploads\/2022\/09\/20173537\/Icona-whatsapp-1-80x80.png 80w, https:\/\/static.formar.net\/wp-content\/uploads\/2022\/09\/20173537\/Icona-whatsapp-1-510x510.png 510w, https:\/\/static.formar.net\/wp-content\/uploads\/2022\/09\/20173537\/Icona-whatsapp-1-100x100.png 100w, https:\/\/static.formar.net\/wp-content\/uploads\/2022\/09\/20173537\/Icona-whatsapp-1-50x50.png 50w, https:\/\/static.formar.net\/wp-content\/uploads\/2022\/09\/20173537\/Icona-whatsapp-1-600x600.png 600w, https:\/\/static.formar.net\/wp-content\/uploads\/2022\/09\/20173537\/Icona-whatsapp-1.png 720w\" sizes=\"auto, (max-width: 300px) 100vw, 300px\" \/>\t\t\t\t\t<\/div>\n\t\t\t\t<\/div>\n\t\t\t<\/div>\n\t\t\t\t<div class=\"icon-box-text last-reset\">\n\t\t\t\t\t\t\t\t\t\n<h3><span style=\"font-size: 75%;\">WhatsApp: <a href=\"https:\/\/api.whatsapp.com\/send\/?phone=390715906063&amp;text&amp;type=phone_number&amp;app_absent=0\">+39 071 5906063<\/a><\/span><\/h3>\n\t\t<\/div>\n\t<\/div>\n\t\n\t\n\n\t\t<div class=\"icon-box featured-box icon-box-left text-left\"  >\n\t\t\t\t\t<div class=\"icon-box-img\" style=\"width: 20px\">\n\t\t\t\t<div class=\"icon\">\n\t\t\t\t\t<div class=\"icon-inner\" >\n\t\t\t\t\t\t<img loading=\"lazy\" decoding=\"async\" width=\"300\" height=\"300\" src=\"https:\/\/static.formar.net\/wp-content\/uploads\/2022\/09\/20173537\/Icona-lucchetto-300x300.png\" class=\"attachment-medium size-medium\" alt=\"\" srcset=\"https:\/\/static.formar.net\/wp-content\/uploads\/2022\/09\/20173537\/Icona-lucchetto-300x300.png 300w, https:\/\/static.formar.net\/wp-content\/uploads\/2022\/09\/20173537\/Icona-lucchetto-80x80.png 80w, https:\/\/static.formar.net\/wp-content\/uploads\/2022\/09\/20173537\/Icona-lucchetto-100x100.png 100w, https:\/\/static.formar.net\/wp-content\/uploads\/2022\/09\/20173537\/Icona-lucchetto-50x50.png 50w, https:\/\/static.formar.net\/wp-content\/uploads\/2022\/09\/20173537\/Icona-lucchetto.png 500w\" sizes=\"auto, (max-width: 300px) 100vw, 300px\" \/>\t\t\t\t\t<\/div>\n\t\t\t\t<\/div>\n\t\t\t<\/div>\n\t\t\t\t<div class=\"icon-box-text last-reset\">\n\t\t\t\t\t\t\t\t\t\n<h3><span style=\"font-size: 75%;\">Bezpieczne p\u0142atno\u015bci z odszyfrowywaniem SSL<\/span><\/h3>\n\t\t<\/div>\n\t<\/div>\n\t\n\t\n\n\t\t<div class=\"icon-box featured-box icon-box-left text-left\"  >\n\t\t\t\t\t<div class=\"icon-box-img\" style=\"width: 20px\">\n\t\t\t\t<div class=\"icon\">\n\t\t\t\t\t<div class=\"icon-inner\" >\n\t\t\t\t\t\t<img loading=\"lazy\" decoding=\"async\" width=\"224\" height=\"224\" src=\"https:\/\/static.formar.net\/wp-content\/uploads\/sites\/1\/2022\/10\/02111142\/Icona-furgone.png\" class=\"attachment-medium size-medium\" alt=\"\" srcset=\"https:\/\/static.formar.net\/wp-content\/uploads\/sites\/1\/2022\/10\/02111142\/Icona-furgone.png 224w, https:\/\/static.formar.net\/wp-content\/uploads\/sites\/1\/2022\/10\/02111142\/Icona-furgone-80x80.png 80w, https:\/\/static.formar.net\/wp-content\/uploads\/sites\/1\/2022\/10\/02111142\/Icona-furgone-100x100.png 100w, https:\/\/static.formar.net\/wp-content\/uploads\/sites\/1\/2022\/10\/02111142\/Icona-furgone-50x50.png 50w\" sizes=\"auto, (max-width: 224px) 100vw, 224px\" \/>\t\t\t\t\t<\/div>\n\t\t\t\t<\/div>\n\t\t\t<\/div>\n\t\t\t\t<div class=\"icon-box-text last-reset\">\n\t\t\t\t\t\t\t\t\t\n<h3><span style=\"font-size: 75%;\">Zawsze bezp\u0142atna wysy\u0142ka<\/span><\/h3>\n\t\t<\/div>\n\t<\/div>\n\t\n\t\n\n\t\t<div class=\"icon-box featured-box icon-box-left text-left\"  >\n\t\t\t\t\t<div class=\"icon-box-img\" style=\"width: 20px\">\n\t\t\t\t<div class=\"icon\">\n\t\t\t\t\t<div class=\"icon-inner\" >\n\t\t\t\t\t\t<img loading=\"lazy\" decoding=\"async\" width=\"256\" height=\"256\" src=\"https:\/\/static.formar.net\/wp-content\/uploads\/sites\/1\/2022\/10\/02111142\/Icona-carta-di-credito.png\" class=\"attachment-medium size-medium\" alt=\"\" srcset=\"https:\/\/static.formar.net\/wp-content\/uploads\/sites\/1\/2022\/10\/02111142\/Icona-carta-di-credito.png 256w, https:\/\/static.formar.net\/wp-content\/uploads\/sites\/1\/2022\/10\/02111142\/Icona-carta-di-credito-80x80.png 80w, https:\/\/static.formar.net\/wp-content\/uploads\/sites\/1\/2022\/10\/02111142\/Icona-carta-di-credito-100x100.png 100w, https:\/\/static.formar.net\/wp-content\/uploads\/sites\/1\/2022\/10\/02111142\/Icona-carta-di-credito-50x50.png 50w\" sizes=\"auto, (max-width: 256px) 100vw, 256px\" \/>\t\t\t\t\t<\/div>\n\t\t\t\t<\/div>\n\t\t\t<\/div>\n\t\t\t\t<div class=\"icon-box-text last-reset\">\n\t\t\t\t\t\t\t\t\t\n<h3><span style=\"font-size: 75%;\"><a href=\"https:\/\/formar.shop\/pl\/metoda-platnosci\/\">P\u0142atno\u015b\u0107<\/a>: Paypal, karta kredytowa, got\u00f3wka lub Bancomat (na miejscu), p\u0142atno\u015b\u0107 przy odbiorze<\/span><\/h3>\n\t\t<\/div>\n\t<\/div>\n\t\n\t\n\n\t\t<div class=\"icon-box featured-box icon-box-left text-left\"  >\n\t\t\t\t<div class=\"icon-box-text last-reset\">\n\t\t\t\t\t\t\t\t\t\n<h3><span style=\"font-size: 15.12px;\">Gwarancja producenta<\/span><\/h3>\n\t\t<\/div>\n\t<\/div>\n\t\n\t\n\n\t\t<div class=\"icon-box featured-box icon-box-left text-left\"  >\n\t\t\t\t<div class=\"icon-box-text last-reset\">\n\t\t\t\t\t\t\t\t\t\n<h3><span style=\"font-size: 75%;\">Szybki i \u0142atwy zwrot.  <a href=\"https:\/\/formar.shop\/pl\/zasady-dotyczace-zwrotu\/\">Wi\u0119cej szczeg\u00f3\u0142\u00f3w<\/a><\/span><\/h3>\n\t\t<\/div>\n\t<\/div>\n\t\n\t\n\t\t<\/div>\n\t\t\t\t\t<\/div>\n\n\t\n<\/div>\n","protected":false},"excerpt":{"rendered":"<p>Zaprojektowany przez w\u0142oskiego projektanta MARIO MAZZERA, ten designerski stolik boczny nadaje si\u0119 do wyposa\u017cenia ka\u017cdego pomieszczenia.<br \/>\nSk\u0142ada si\u0119 z bia\u0142ej podstawy i blatu dost\u0119pnego w trzech kolorach: czerwonym, czarnym i szarym.<br \/>\nDzi\u0119ki do\u0142\u0105czonemu zestawowi monta\u017c jest szybki i \u0142atwy.  <\/p>\n","protected":false},"featured_media":44656,"template":"","meta":{"_joinchat":[]},"product_brand":[],"product_cat":[1591,1590],"product_tag":[1640,1639],"class_list":{"0":"post-44654","1":"product","2":"type-product","3":"status-publish","4":"has-post-thumbnail","6":"product_cat-stoly-i-stoliki-kawowe","7":"product_cat-strona-glowna","8":"product_tag-stoliki-kawowe","9":"product_tag-stoly","11":"first","12":"instock","13":"sale","14":"taxable","15":"shipping-taxable","16":"purchasable","17":"product-type-variable","18":"has-default-attributes"},"yoast_head":"<!-- This site is optimized with the Yoast SEO plugin v27.3 - https:\/\/yoast.com\/product\/yoast-seo-wordpress\/ -->\n<title>Rega\u0142 na ksi\u0105\u017cki - Stolik Cube 01 - Formar.shop<\/title>\n<meta name=\"robots\" content=\"index, follow, max-snippet:-1, max-image-preview:large, max-video-preview:-1\" \/>\n<link rel=\"canonical\" href=\"https:\/\/formar.shop\/pl\/prodotto\/regal-na-ksiazki-stolik-cube-01\/\" \/>\n<script type=\"application\/ld+json\" class=\"yoast-schema-graph\">{\"@context\":\"https:\\\/\\\/schema.org\",\"@graph\":[{\"@type\":\"WebPage\",\"@id\":\"https:\\\/\\\/formar.shop\\\/pl\\\/prodotto\\\/regal-na-ksiazki-stolik-cube-01\\\/\",\"url\":\"https:\\\/\\\/formar.shop\\\/pl\\\/prodotto\\\/regal-na-ksiazki-stolik-cube-01\\\/\",\"name\":\"Rega\u0142 na ksi\u0105\u017cki - Stolik Cube 01 - Formar.shop\",\"isPartOf\":{\"@id\":\"https:\\\/\\\/formar.shop\\\/pl\\\/#website\"},\"primaryImageOfPage\":{\"@id\":\"https:\\\/\\\/formar.shop\\\/pl\\\/prodotto\\\/regal-na-ksiazki-stolik-cube-01\\\/#primaryimage\"},\"image\":{\"@id\":\"https:\\\/\\\/formar.shop\\\/pl\\\/prodotto\\\/regal-na-ksiazki-stolik-cube-01\\\/#primaryimage\"},\"thumbnailUrl\":\"https:\\\/\\\/static.formar.net\\\/wp-content\\\/uploads\\\/2020\\\/12\\\/22191323\\\/Immagini-di-prodotto-x-Amazon-41.png\",\"datePublished\":\"2025-01-18T20:25:59+00:00\",\"dateModified\":\"2025-01-18T20:26:13+00:00\",\"breadcrumb\":{\"@id\":\"https:\\\/\\\/formar.shop\\\/pl\\\/prodotto\\\/regal-na-ksiazki-stolik-cube-01\\\/#breadcrumb\"},\"inLanguage\":\"pl-PL\",\"potentialAction\":[{\"@type\":\"ReadAction\",\"target\":[\"https:\\\/\\\/formar.shop\\\/pl\\\/prodotto\\\/regal-na-ksiazki-stolik-cube-01\\\/\"]}]},{\"@type\":\"ImageObject\",\"inLanguage\":\"pl-PL\",\"@id\":\"https:\\\/\\\/formar.shop\\\/pl\\\/prodotto\\\/regal-na-ksiazki-stolik-cube-01\\\/#primaryimage\",\"url\":\"https:\\\/\\\/static.formar.net\\\/wp-content\\\/uploads\\\/2020\\\/12\\\/22191323\\\/Immagini-di-prodotto-x-Amazon-41.png\",\"contentUrl\":\"https:\\\/\\\/static.formar.net\\\/wp-content\\\/uploads\\\/2020\\\/12\\\/22191323\\\/Immagini-di-prodotto-x-Amazon-41.png\",\"width\":1012,\"height\":1012},{\"@type\":\"BreadcrumbList\",\"@id\":\"https:\\\/\\\/formar.shop\\\/pl\\\/prodotto\\\/regal-na-ksiazki-stolik-cube-01\\\/#breadcrumb\",\"itemListElement\":[{\"@type\":\"ListItem\",\"position\":1,\"name\":\"Home\",\"item\":\"https:\\\/\\\/formar.shop\\\/pl\\\/auto-draft\\\/\"},{\"@type\":\"ListItem\",\"position\":2,\"name\":\"Sklep\",\"item\":\"https:\\\/\\\/formar.shop\\\/pl\\\/sklep\\\/\"},{\"@type\":\"ListItem\",\"position\":3,\"name\":\"Rega\u0142 na ksi\u0105\u017cki &#8211; Stolik Cube 01\"}]},{\"@type\":\"WebSite\",\"@id\":\"https:\\\/\\\/formar.shop\\\/pl\\\/#website\",\"url\":\"https:\\\/\\\/formar.shop\\\/pl\\\/\",\"name\":\"Formar.shop\",\"description\":\"Soluzioni espresse con stile\",\"potentialAction\":[{\"@type\":\"SearchAction\",\"target\":{\"@type\":\"EntryPoint\",\"urlTemplate\":\"https:\\\/\\\/formar.shop\\\/pl\\\/?s={search_term_string}\"},\"query-input\":{\"@type\":\"PropertyValueSpecification\",\"valueRequired\":true,\"valueName\":\"search_term_string\"}}],\"inLanguage\":\"pl-PL\"}]}<\/script>\n<!-- \/ Yoast SEO plugin. -->","yoast_head_json":{"title":"Rega\u0142 na ksi\u0105\u017cki - Stolik Cube 01 - Formar.shop","robots":{"index":"index","follow":"follow","max-snippet":"max-snippet:-1","max-image-preview":"max-image-preview:large","max-video-preview":"max-video-preview:-1"},"canonical":"https:\/\/formar.shop\/pl\/prodotto\/regal-na-ksiazki-stolik-cube-01\/","schema":{"@context":"https:\/\/schema.org","@graph":[{"@type":"WebPage","@id":"https:\/\/formar.shop\/pl\/prodotto\/regal-na-ksiazki-stolik-cube-01\/","url":"https:\/\/formar.shop\/pl\/prodotto\/regal-na-ksiazki-stolik-cube-01\/","name":"Rega\u0142 na ksi\u0105\u017cki - Stolik Cube 01 - Formar.shop","isPartOf":{"@id":"https:\/\/formar.shop\/pl\/#website"},"primaryImageOfPage":{"@id":"https:\/\/formar.shop\/pl\/prodotto\/regal-na-ksiazki-stolik-cube-01\/#primaryimage"},"image":{"@id":"https:\/\/formar.shop\/pl\/prodotto\/regal-na-ksiazki-stolik-cube-01\/#primaryimage"},"thumbnailUrl":"https:\/\/static.formar.net\/wp-content\/uploads\/2020\/12\/22191323\/Immagini-di-prodotto-x-Amazon-41.png","datePublished":"2025-01-18T20:25:59+00:00","dateModified":"2025-01-18T20:26:13+00:00","breadcrumb":{"@id":"https:\/\/formar.shop\/pl\/prodotto\/regal-na-ksiazki-stolik-cube-01\/#breadcrumb"},"inLanguage":"pl-PL","potentialAction":[{"@type":"ReadAction","target":["https:\/\/formar.shop\/pl\/prodotto\/regal-na-ksiazki-stolik-cube-01\/"]}]},{"@type":"ImageObject","inLanguage":"pl-PL","@id":"https:\/\/formar.shop\/pl\/prodotto\/regal-na-ksiazki-stolik-cube-01\/#primaryimage","url":"https:\/\/static.formar.net\/wp-content\/uploads\/2020\/12\/22191323\/Immagini-di-prodotto-x-Amazon-41.png","contentUrl":"https:\/\/static.formar.net\/wp-content\/uploads\/2020\/12\/22191323\/Immagini-di-prodotto-x-Amazon-41.png","width":1012,"height":1012},{"@type":"BreadcrumbList","@id":"https:\/\/formar.shop\/pl\/prodotto\/regal-na-ksiazki-stolik-cube-01\/#breadcrumb","itemListElement":[{"@type":"ListItem","position":1,"name":"Home","item":"https:\/\/formar.shop\/pl\/auto-draft\/"},{"@type":"ListItem","position":2,"name":"Sklep","item":"https:\/\/formar.shop\/pl\/sklep\/"},{"@type":"ListItem","position":3,"name":"Rega\u0142 na ksi\u0105\u017cki &#8211; Stolik Cube 01"}]},{"@type":"WebSite","@id":"https:\/\/formar.shop\/pl\/#website","url":"https:\/\/formar.shop\/pl\/","name":"Formar.shop","description":"Soluzioni espresse con stile","potentialAction":[{"@type":"SearchAction","target":{"@type":"EntryPoint","urlTemplate":"https:\/\/formar.shop\/pl\/?s={search_term_string}"},"query-input":{"@type":"PropertyValueSpecification","valueRequired":true,"valueName":"search_term_string"}}],"inLanguage":"pl-PL"}]}},"_links":{"self":[{"href":"https:\/\/formar.shop\/pl\/wp-json\/wp\/v2\/product\/44654","targetHints":{"allow":["GET"]}}],"collection":[{"href":"https:\/\/formar.shop\/pl\/wp-json\/wp\/v2\/product"}],"about":[{"href":"https:\/\/formar.shop\/pl\/wp-json\/wp\/v2\/types\/product"}],"wp:featuredmedia":[{"embeddable":true,"href":"https:\/\/formar.shop\/pl\/wp-json\/wp\/v2\/media\/44656"}],"wp:attachment":[{"href":"https:\/\/formar.shop\/pl\/wp-json\/wp\/v2\/media?parent=44654"}],"wp:term":[{"taxonomy":"product_brand","embeddable":true,"href":"https:\/\/formar.shop\/pl\/wp-json\/wp\/v2\/product_brand?post=44654"},{"taxonomy":"product_cat","embeddable":true,"href":"https:\/\/formar.shop\/pl\/wp-json\/wp\/v2\/product_cat?post=44654"},{"taxonomy":"product_tag","embeddable":true,"href":"https:\/\/formar.shop\/pl\/wp-json\/wp\/v2\/product_tag?post=44654"}],"curies":[{"name":"wp","href":"https:\/\/api.w.org\/{rel}","templated":true}]}}