{"id":43688,"date":"2025-01-18T21:19:47","date_gmt":"2025-01-18T20:19:47","guid":{"rendered":"https:\/\/formar.shop\/przewodnik-zakupowy\/"},"modified":"2025-01-18T21:19:51","modified_gmt":"2025-01-18T20:19:51","slug":"przewodnik-zakupowy","status":"publish","type":"page","link":"https:\/\/formar.shop\/pl\/przewodnik-zakupowy\/","title":{"rendered":"PRZEWODNIK ZAKUPOWY"},"content":{"rendered":"\t<div id=\"text-275755383\" class=\"text\">\n\t\t\n<p><strong>Zasady i warunki<\/strong><\/p>\n<p>Formar.shop by Formar Contract umo\u017cliwia ka\u017cdemu zakup produkt\u00f3w online, poprzez <strong>prost\u0105, wygodn\u0105 i bezpieczn\u0105<\/strong> us\u0142ug\u0119.<\/p>\n<p>Zakupu mo\u017cna dokona\u0107 po rejestracji lub jako go\u015b\u0107, ale w obu przypadkach konieczne jest wype\u0142nienie wszystkich wymaganych p\u00f3l.  <\/p>\n<p><strong>Wszystkie zam\u00f3wienia podlegaj\u0105 potwierdzeniu<\/strong>.<\/p>\n<\/p>\n<p><strong>Rejestracja<\/strong><\/p>\n<p>Po rejestracji, kt\u00f3ra zajmuje tylko kilka prostych krok\u00f3w, nowy klient ma do dyspozycji wewn\u0119trzny panel sterowania, w kt\u00f3rym mo\u017ce wprowadzi\u0107 sw\u00f3j adres wysy\u0142ki, umo\u017cliwiaj\u0105c systemowi zapami\u0119tanie go w celu przyspieszenia nast\u0119pnego zakupu, a tak\u017ce zarz\u0105dza\u0107 koszykiem i opcj\u0105 por\u00f3wnywania produkt\u00f3w. Wybierz produkt, rozmiar i kolor, kt\u00f3ry chcesz, a po wybraniu \u017c\u0105danej ilo\u015bci dodaj go do koszyka. Gdy chcesz kontynuowa\u0107 zakup, wejd\u017a do koszyka, loguj\u0105c si\u0119 najpierw, je\u015bli jeste\u015b zarejestrowany, i kontynuuj zam\u00f3wienie. W ka\u017cdej chwili mo\u017cna zmieni\u0107 lub usun\u0105\u0107 wybrane produkty z koszyka.  <\/p>\n<\/p>\n<p><strong>Zam\u00f3wienie<\/strong><\/p>\n<p>Po wybraniu wszystkich produkt\u00f3w do zakupu przejd\u017a do sk\u0142adania zam\u00f3wienia. Je\u015bli masz aktualne konto z danymi i adresem wysy\u0142ki, proces zakupu b\u0119dzie szybszy.<br \/>W przeciwnym razie wprowad\u017a wymagane dane i kontynuuj sk\u0142adanie zam\u00f3wienia. Zam\u00f3wienie zostanie przetworzone dopiero po otrzymaniu p\u0142atno\u015bci za produkt, w zale\u017cno\u015bci od wybranej metody p\u0142atno\u015bci.  <\/p>\n<\/p>\n<p><strong>Nasz Dzia\u0142 Obs\u0142ugi Klienta jest do Twojej dyspozycji.<\/strong><\/p>\n<p>Nasi specjali\u015bci odpowiedz\u0105 na pytania dotycz\u0105ce naszych us\u0142ug.<\/p>\n<p>Prosimy o kontakt w celu uzyskania informacji lub wyceny!  <\/p>\n<\/p>\n<p style=\"text-align: left;\"><strong>Formar Contract srl<\/strong><br \/><strong>Via del Consorzio 44<\/strong><br \/><strong>60015 | Falconara Marittima (AN)<\/strong><\/p>\n<p style=\"text-align: left;\"><a href=\"tel:800122267\">Bezp\u0142atny numer telefonu <\/a><a href=\"tel:800122267\">800 12 22 67<\/a><br \/><a href=\"tel:+390715906063\">Tel. 071 590 60 63<\/a><\/p>\n<p style=\"text-align: left;\">\n<p>Biuro sprzeda\u017cy: <a href=\"mailto:info@formar-contract.it\">info@formar.net<\/a> E-commerce:<a href=\"mailto:shop@formar.net\">shop@formar.net<\/a> PEC:<a href=\"mailto:info@pec.formar-contract.it\">info@pec.formar-contract.it<\/a><\/p>\n<p style=\"text-align: left;\">\n\t\t\n<style>\n#text-275755383 {\n  color: rgb(0,0,0);\n}\n#text-275755383 > * {\n  color: rgb(0,0,0);\n}\n<\/style>\n\t<\/div>\n\t\n","protected":false},"excerpt":{"rendered":"","protected":false},"author":6,"featured_media":0,"parent":0,"menu_order":0,"comment_status":"closed","ping_status":"closed","template":"","meta":{"_joinchat":[],"footnotes":""},"class_list":["post-43688","page","type-page","status-publish","hentry"],"yoast_head":"<!-- This site is optimized with the Yoast SEO plugin v27.4 - https:\/\/yoast.com\/product\/yoast-seo-wordpress\/ -->\n<title>PRZEWODNIK ZAKUPOWY - Formar.shop<\/title>\n<meta name=\"robots\" content=\"index, follow, max-snippet:-1, max-image-preview:large, max-video-preview:-1\" \/>\n<link rel=\"canonical\" href=\"https:\/\/formar.shop\/pl\/przewodnik-zakupowy\/\" \/>\n<script type=\"application\/ld+json\" class=\"yoast-schema-graph\">{\"@context\":\"https:\\\/\\\/schema.org\",\"@graph\":[{\"@type\":\"WebPage\",\"@id\":\"https:\\\/\\\/formar.shop\\\/pl\\\/przewodnik-zakupowy\\\/\",\"url\":\"https:\\\/\\\/formar.shop\\\/pl\\\/przewodnik-zakupowy\\\/\",\"name\":\"PRZEWODNIK ZAKUPOWY - Formar.shop\",\"isPartOf\":{\"@id\":\"https:\\\/\\\/formar.shop\\\/pl\\\/#website\"},\"datePublished\":\"2025-01-18T20:19:47+00:00\",\"dateModified\":\"2025-01-18T20:19:51+00:00\",\"breadcrumb\":{\"@id\":\"https:\\\/\\\/formar.shop\\\/pl\\\/przewodnik-zakupowy\\\/#breadcrumb\"},\"inLanguage\":\"pl-PL\",\"potentialAction\":[{\"@type\":\"ReadAction\",\"target\":[\"https:\\\/\\\/formar.shop\\\/pl\\\/przewodnik-zakupowy\\\/\"]}]},{\"@type\":\"BreadcrumbList\",\"@id\":\"https:\\\/\\\/formar.shop\\\/pl\\\/przewodnik-zakupowy\\\/#breadcrumb\",\"itemListElement\":[{\"@type\":\"ListItem\",\"position\":1,\"name\":\"Home\",\"item\":\"https:\\\/\\\/formar.shop\\\/pl\\\/auto-draft\\\/\"},{\"@type\":\"ListItem\",\"position\":2,\"name\":\"PRZEWODNIK ZAKUPOWY\"}]},{\"@type\":\"WebSite\",\"@id\":\"https:\\\/\\\/formar.shop\\\/pl\\\/#website\",\"url\":\"https:\\\/\\\/formar.shop\\\/pl\\\/\",\"name\":\"Formar.shop\",\"description\":\"Soluzioni espresse con stile\",\"potentialAction\":[{\"@type\":\"SearchAction\",\"target\":{\"@type\":\"EntryPoint\",\"urlTemplate\":\"https:\\\/\\\/formar.shop\\\/pl\\\/?s={search_term_string}\"},\"query-input\":{\"@type\":\"PropertyValueSpecification\",\"valueRequired\":true,\"valueName\":\"search_term_string\"}}],\"inLanguage\":\"pl-PL\"}]}<\/script>\n<!-- \/ Yoast SEO plugin. -->","yoast_head_json":{"title":"PRZEWODNIK ZAKUPOWY - Formar.shop","robots":{"index":"index","follow":"follow","max-snippet":"max-snippet:-1","max-image-preview":"max-image-preview:large","max-video-preview":"max-video-preview:-1"},"canonical":"https:\/\/formar.shop\/pl\/przewodnik-zakupowy\/","schema":{"@context":"https:\/\/schema.org","@graph":[{"@type":"WebPage","@id":"https:\/\/formar.shop\/pl\/przewodnik-zakupowy\/","url":"https:\/\/formar.shop\/pl\/przewodnik-zakupowy\/","name":"PRZEWODNIK ZAKUPOWY - Formar.shop","isPartOf":{"@id":"https:\/\/formar.shop\/pl\/#website"},"datePublished":"2025-01-18T20:19:47+00:00","dateModified":"2025-01-18T20:19:51+00:00","breadcrumb":{"@id":"https:\/\/formar.shop\/pl\/przewodnik-zakupowy\/#breadcrumb"},"inLanguage":"pl-PL","potentialAction":[{"@type":"ReadAction","target":["https:\/\/formar.shop\/pl\/przewodnik-zakupowy\/"]}]},{"@type":"BreadcrumbList","@id":"https:\/\/formar.shop\/pl\/przewodnik-zakupowy\/#breadcrumb","itemListElement":[{"@type":"ListItem","position":1,"name":"Home","item":"https:\/\/formar.shop\/pl\/auto-draft\/"},{"@type":"ListItem","position":2,"name":"PRZEWODNIK ZAKUPOWY"}]},{"@type":"WebSite","@id":"https:\/\/formar.shop\/pl\/#website","url":"https:\/\/formar.shop\/pl\/","name":"Formar.shop","description":"Soluzioni espresse con stile","potentialAction":[{"@type":"SearchAction","target":{"@type":"EntryPoint","urlTemplate":"https:\/\/formar.shop\/pl\/?s={search_term_string}"},"query-input":{"@type":"PropertyValueSpecification","valueRequired":true,"valueName":"search_term_string"}}],"inLanguage":"pl-PL"}]}},"_links":{"self":[{"href":"https:\/\/formar.shop\/pl\/wp-json\/wp\/v2\/pages\/43688","targetHints":{"allow":["GET"]}}],"collection":[{"href":"https:\/\/formar.shop\/pl\/wp-json\/wp\/v2\/pages"}],"about":[{"href":"https:\/\/formar.shop\/pl\/wp-json\/wp\/v2\/types\/page"}],"author":[{"embeddable":true,"href":"https:\/\/formar.shop\/pl\/wp-json\/wp\/v2\/users\/6"}],"replies":[{"embeddable":true,"href":"https:\/\/formar.shop\/pl\/wp-json\/wp\/v2\/comments?post=43688"}],"version-history":[{"count":8,"href":"https:\/\/formar.shop\/pl\/wp-json\/wp\/v2\/pages\/43688\/revisions"}],"predecessor-version":[{"id":43737,"href":"https:\/\/formar.shop\/pl\/wp-json\/wp\/v2\/pages\/43688\/revisions\/43737"}],"wp:attachment":[{"href":"https:\/\/formar.shop\/pl\/wp-json\/wp\/v2\/media?parent=43688"}],"curies":[{"name":"wp","href":"https:\/\/api.w.org\/{rel}","templated":true}]}}