{"id":43649,"date":"2025-01-18T21:19:38","date_gmt":"2025-01-18T20:19:38","guid":{"rendered":"https:\/\/formar.shop\/zasady-dotyczace-zwrotu\/"},"modified":"2025-11-18T11:28:33","modified_gmt":"2025-11-18T10:28:33","slug":"zasady-dotyczace-zwrotu","status":"publish","type":"page","link":"https:\/\/formar.shop\/pl\/zasady-dotyczace-zwrotu\/","title":{"rendered":"ZASADY DOTYCZ\u0104CE ZWROTU"},"content":{"rendered":"\n<h3><span style=\"font-size: 140%;\"><strong>ZWROTY I POMOC TECHNICZNA<\/strong><\/span><\/h3>\n<p> <\/p>\n<p><span style=\"font-size: 110%;\"><strong>Istnieje mo\u017cliwo\u015b\u0107 zwrotu zakupionych towar\u00f3w w prostej i szybkiej procedurze.<\/strong><\/span><\/p>\n<p>Zgodnie z <em>Dyrektyw\u0105 Europejsk\u0105 2011\/83, wdro\u017con\u0105 we W\u0142oszech Dekretem Ustawodawczym z dnia 3 grudnia 2013 r.<\/em>, kupuj\u0105cy mo\u017ce odst\u0105pi\u0107 od umowy kupna bez konieczno\u015bci podawania przyczyny zwrotu.<\/p>\n<p>Kupuj\u0105cy, kt\u00f3ry chce skorzysta\u0107 z prawa do odst\u0105pienia od umowy, powinien powiadomi\u0107 Formar Contract o swoim zamiarze listem poleconym za potwierdzeniem odbioru lub <strong>Pec<\/strong>, <strong>w ci\u0105gu 14 dni roboczych<\/strong> od daty dostawy, za\u0142\u0105czaj\u0105c kopi\u0119 dokument\u00f3w przewozowych, na adresy wskazane poni\u017cej.<\/p>\n<p><span style=\"font-size: 110%;\"><strong>Koszt przesy\u0142ki zwrotnej ponosi wy\u0142\u0105cznie Klient.<\/strong><strong>Klienta.<\/strong><\/span><\/p>\n<p>Od momentu zaakceptowania przez Formar Contract pro\u015bby o zwrot, kupuj\u0105cy ma <strong>14 dni kalendarzowych na wysy\u0142k\u0119 zwrotu<\/strong>. Po up\u0142ywie tego terminu kupuj\u0105cy nie b\u0119dzie m\u00f3g\u0142 skorzysta\u0107 z prawa do odst\u0105pienia od umowy. <\/p>\n<p>Po otrzymaniu upowa\u017cnienia do zwrotu od operatora, kupuj\u0105cy powinien wys\u0142a\u0107 produkt na adres<\/p>\n<p style=\"text-align: center;\"><span style=\"color: #000000;\"><strong>Formar Contract Srl<\/strong><\/span><\/p>\n<p style=\"text-align: center;\"><span style=\"color: #000000;\"><strong>Via del Consorzio 44<\/strong><\/span><\/p>\n<p style=\"text-align: center;\"><span style=\"color: #000000;\"><strong>60015 | Falconara Marittima (AN)<\/strong><\/span><\/p>\n<p style=\"text-align: center;\"><span style=\"color: #000000;\"><strong>info@pec.formar-contract.it<\/strong><\/span><\/p>\n<p>Formar Contract dokona<strong> zwrotu pieni\u0119dzy przelewem bankowym w ci\u0105gu 14 dni roboczych od<\/strong> otrzymania zwr\u00f3conego towaru.<\/p>\n<p>Prawo do odst\u0105pienia od umowy wygasa ca\u0142kowicie, je\u015bli zwracany produkt nie jest nienaruszony, tj. nie posiada oryginalnego opakowania zewn\u0119trznego i wewn\u0119trznego, jest uszkodzony lub nawet cz\u0119\u015bciowo u\u017cywany.<\/p>\n<p> <\/p>\n<p style=\"text-align: left;\"><strong>Nasz Dzia\u0142 Obs\u0142ugi Klienta jest do Twojej dyspozycji.  <\/strong><\/p>\n<p style=\"text-align: left;\">W przypadku jakichkolwiek pyta\u0144 lub pro\u015bby o wycen\u0119, nie wahaj si\u0119 z nami skontaktowa\u0107! Nasi specjali\u015bci odpowiedz\u0105 na Twoje pytania dotycz\u0105ce naszych us\u0142ug: projektowania, realizacji, dostawy i monta\u017cu mebli biurowych.<\/p>\n<div class=\"row align-center\"  id=\"row-2019033821\">\n\n\n\t<div id=\"col-1464808573\" class=\"col small-12 large-12\"  >\n\t\t\t\t<div class=\"col-inner text-center\" style=\"background-color:rgb(244, 244, 244);\" >\n\t\t\t\n\t\t\t\n\n<h3>Masz jeszcze jakie\u015b pytania?<\/h3>\n<p>Skontaktuj si\u0119 z nami, aby uzyska\u0107 wi\u0119cej informacji.<\/p>\n<a href=\"https:\/\/formar.shop\/pl\/skontaktuj-sie-z-nami\/\" class=\"button primary\" >\n\t\t<span>Skontaktuj si\u0119 z nami<\/span>\n\t<\/a>\n\n\n\n\t\t<\/div>\n\t\t\t\t\t<\/div>\n\n\t\n\n\n<style>\n#row-2019033821 > .col > .col-inner {\n  padding: 40px 20px 40px 20px;\n  background-color: rgb(244, 244, 244);\n}\n@media (min-width:550px) {\n  #row-2019033821 > .col > .col-inner {\n    padding: 40px 40px 40px 40px;\n  }\n}\n<\/style>\n<\/div>\n\n","protected":false},"excerpt":{"rendered":"","protected":false},"author":175,"featured_media":0,"parent":0,"menu_order":0,"comment_status":"closed","ping_status":"closed","template":"","meta":{"_joinchat":[],"footnotes":""},"class_list":["post-43649","page","type-page","status-publish","hentry"],"yoast_head":"<!-- This site is optimized with the Yoast SEO plugin v27.3 - https:\/\/yoast.com\/product\/yoast-seo-wordpress\/ -->\n<title>ZASADY DOTYCZ\u0104CE ZWROTU - Formar.shop<\/title>\n<meta name=\"robots\" content=\"index, follow, max-snippet:-1, max-image-preview:large, max-video-preview:-1\" \/>\n<link rel=\"canonical\" href=\"https:\/\/formar.shop\/pl\/zasady-dotyczace-zwrotu\/\" \/>\n<script type=\"application\/ld+json\" class=\"yoast-schema-graph\">{\"@context\":\"https:\\\/\\\/schema.org\",\"@graph\":[{\"@type\":\"WebPage\",\"@id\":\"https:\\\/\\\/formar.shop\\\/pl\\\/zasady-dotyczace-zwrotu\\\/\",\"url\":\"https:\\\/\\\/formar.shop\\\/pl\\\/zasady-dotyczace-zwrotu\\\/\",\"name\":\"ZASADY DOTYCZ\u0104CE ZWROTU - Formar.shop\",\"isPartOf\":{\"@id\":\"https:\\\/\\\/formar.shop\\\/pl\\\/#website\"},\"datePublished\":\"2025-01-18T20:19:38+00:00\",\"dateModified\":\"2025-11-18T10:28:33+00:00\",\"breadcrumb\":{\"@id\":\"https:\\\/\\\/formar.shop\\\/pl\\\/zasady-dotyczace-zwrotu\\\/#breadcrumb\"},\"inLanguage\":\"pl-PL\",\"potentialAction\":[{\"@type\":\"ReadAction\",\"target\":[\"https:\\\/\\\/formar.shop\\\/pl\\\/zasady-dotyczace-zwrotu\\\/\"]}]},{\"@type\":\"BreadcrumbList\",\"@id\":\"https:\\\/\\\/formar.shop\\\/pl\\\/zasady-dotyczace-zwrotu\\\/#breadcrumb\",\"itemListElement\":[{\"@type\":\"ListItem\",\"position\":1,\"name\":\"Home\",\"item\":\"https:\\\/\\\/formar.shop\\\/pl\\\/auto-draft\\\/\"},{\"@type\":\"ListItem\",\"position\":2,\"name\":\"ZASADY DOTYCZ\u0104CE ZWROTU\"}]},{\"@type\":\"WebSite\",\"@id\":\"https:\\\/\\\/formar.shop\\\/pl\\\/#website\",\"url\":\"https:\\\/\\\/formar.shop\\\/pl\\\/\",\"name\":\"Formar.shop\",\"description\":\"Soluzioni espresse con stile\",\"potentialAction\":[{\"@type\":\"SearchAction\",\"target\":{\"@type\":\"EntryPoint\",\"urlTemplate\":\"https:\\\/\\\/formar.shop\\\/pl\\\/?s={search_term_string}\"},\"query-input\":{\"@type\":\"PropertyValueSpecification\",\"valueRequired\":true,\"valueName\":\"search_term_string\"}}],\"inLanguage\":\"pl-PL\"}]}<\/script>\n<!-- \/ Yoast SEO plugin. -->","yoast_head_json":{"title":"ZASADY DOTYCZ\u0104CE ZWROTU - Formar.shop","robots":{"index":"index","follow":"follow","max-snippet":"max-snippet:-1","max-image-preview":"max-image-preview:large","max-video-preview":"max-video-preview:-1"},"canonical":"https:\/\/formar.shop\/pl\/zasady-dotyczace-zwrotu\/","schema":{"@context":"https:\/\/schema.org","@graph":[{"@type":"WebPage","@id":"https:\/\/formar.shop\/pl\/zasady-dotyczace-zwrotu\/","url":"https:\/\/formar.shop\/pl\/zasady-dotyczace-zwrotu\/","name":"ZASADY DOTYCZ\u0104CE ZWROTU - Formar.shop","isPartOf":{"@id":"https:\/\/formar.shop\/pl\/#website"},"datePublished":"2025-01-18T20:19:38+00:00","dateModified":"2025-11-18T10:28:33+00:00","breadcrumb":{"@id":"https:\/\/formar.shop\/pl\/zasady-dotyczace-zwrotu\/#breadcrumb"},"inLanguage":"pl-PL","potentialAction":[{"@type":"ReadAction","target":["https:\/\/formar.shop\/pl\/zasady-dotyczace-zwrotu\/"]}]},{"@type":"BreadcrumbList","@id":"https:\/\/formar.shop\/pl\/zasady-dotyczace-zwrotu\/#breadcrumb","itemListElement":[{"@type":"ListItem","position":1,"name":"Home","item":"https:\/\/formar.shop\/pl\/auto-draft\/"},{"@type":"ListItem","position":2,"name":"ZASADY DOTYCZ\u0104CE ZWROTU"}]},{"@type":"WebSite","@id":"https:\/\/formar.shop\/pl\/#website","url":"https:\/\/formar.shop\/pl\/","name":"Formar.shop","description":"Soluzioni espresse con stile","potentialAction":[{"@type":"SearchAction","target":{"@type":"EntryPoint","urlTemplate":"https:\/\/formar.shop\/pl\/?s={search_term_string}"},"query-input":{"@type":"PropertyValueSpecification","valueRequired":true,"valueName":"search_term_string"}}],"inLanguage":"pl-PL"}]}},"_links":{"self":[{"href":"https:\/\/formar.shop\/pl\/wp-json\/wp\/v2\/pages\/43649","targetHints":{"allow":["GET"]}}],"collection":[{"href":"https:\/\/formar.shop\/pl\/wp-json\/wp\/v2\/pages"}],"about":[{"href":"https:\/\/formar.shop\/pl\/wp-json\/wp\/v2\/types\/page"}],"author":[{"embeddable":true,"href":"https:\/\/formar.shop\/pl\/wp-json\/wp\/v2\/users\/175"}],"replies":[{"embeddable":true,"href":"https:\/\/formar.shop\/pl\/wp-json\/wp\/v2\/comments?post=43649"}],"version-history":[{"count":7,"href":"https:\/\/formar.shop\/pl\/wp-json\/wp\/v2\/pages\/43649\/revisions"}],"predecessor-version":[{"id":61853,"href":"https:\/\/formar.shop\/pl\/wp-json\/wp\/v2\/pages\/43649\/revisions\/61853"}],"wp:attachment":[{"href":"https:\/\/formar.shop\/pl\/wp-json\/wp\/v2\/media?parent=43649"}],"curies":[{"name":"wp","href":"https:\/\/api.w.org\/{rel}","templated":true}]}}