{"id":43580,"date":"2025-01-18T21:19:22","date_gmt":"2025-01-18T20:19:22","guid":{"rendered":"https:\/\/formar.shop\/koszty-i-metody-wysylki\/"},"modified":"2025-01-18T21:19:24","modified_gmt":"2025-01-18T20:19:24","slug":"koszty-i-metody-wysylki","status":"publish","type":"page","link":"https:\/\/formar.shop\/pl\/koszty-i-metody-wysylki\/","title":{"rendered":"KOSZTY I METODY WYSY\u0141KI"},"content":{"rendered":"\n  <div class=\"banner has-hover\" id=\"banner-1667270206\">\n          <div class=\"banner-inner fill\">\n        <div class=\"banner-bg fill\" >\n                                                \n                    <\/div>\n\t\t\n        <div class=\"banner-layers container\">\n            <div class=\"fill banner-link\"><\/div>            \n   <div id=\"text-box-939201766\" class=\"text-box banner-layer x50 md-x50 lg-x50 y50 md-y50 lg-y50 res-text\">\n                     <div data-animate=\"flipInY\">           <div class=\"text-box-content text dark\">\n              \n              <div class=\"text-inner text-center\">\n                  \n<h3 style=\"text-align: center;\"><strong><span style=\"font-size: 115%; color: #000000;\"><em>I costi di spedizioni sono sempre gratuiti e inclusi per ogni tuo acquisto !<\/em><\/span><\/strong><\/h3>\n<div class=\"is-divider divider clearfix\" ><\/div>\n\t<div id=\"text-512034231\" class=\"text\">\n\t\t\n<h1 class=\"h-large uppercase\"><strong><span style=\"font-size: 180%;\">ZERO KOSZT\u00d3W WYSY\u0141KI!<\/span><\/strong><\/h1>\n\t\t\n<style>\n#text-512034231 {\n  font-size: 0.8rem;\n  line-height: 2.05;\n  color: rgb(0,0,0);\n}\n#text-512034231 > * {\n  color: rgb(0,0,0);\n}\n<\/style>\n\t<\/div>\n\t\n              <\/div>\n           <\/div>\n       <\/div>                     \n<style>\n#text-box-939201766 {\n  width: 67%;\n}\n#text-box-939201766 .text-box-content {\n  font-size: 100%;\n}\n<\/style>\n    <\/div>\n \n        <\/div>\n      <\/div>\n\n            \n<style>\n#banner-1667270206 {\n  padding-top: 400px;\n}\n<\/style>\n  <\/div>\n\n\n<h4><span style=\"font-size: 110%;\"><strong><span style=\"font-size: 140%; color: #50b848;\"><span style=\"color: #808080;\">REJESTRACJA<\/span>  <\/span>    <\/strong><\/span><\/h4>\n<p>Po rejestracji, kt\u00f3ra zajmuje tylko kilka prostych krok\u00f3w, nowy klient ma do dyspozycji wewn\u0119trzny panel sterowania, w kt\u00f3rym mo\u017ce wprowadzi\u0107 sw\u00f3j adres wysy\u0142ki, umo\u017cliwiaj\u0105c systemowi zapami\u0119tanie go w celu przyspieszenia nast\u0119pnego zakupu, a tak\u017ce zarz\u0105dza\u0107 koszykiem i opcj\u0105 por\u00f3wnywania produkt\u00f3w. Wybierz produkt, rozmiar i kolor, kt\u00f3ry chcesz, a po wybraniu \u017c\u0105danej ilo\u015bci dodaj go do koszyka. Gdy chcesz kontynuowa\u0107 zakup, wejd\u017a do koszyka, loguj\u0105c si\u0119 najpierw, je\u015bli jeste\u015b zarejestrowany, i kontynuuj zam\u00f3wienie. W ka\u017cdej chwili mo\u017cna zmieni\u0107 lub usun\u0105\u0107 wybrane produkty z koszyka.  <\/p>\n<h4><strong><span style=\"font-size: 110%;\"><span style=\"color: #808080;\"><span style=\"font-size: 140%;\">ZAM\u00d3WIENIE<\/span> <\/span>                        <\/span><\/strong><\/h4>\n<p style=\"text-align: left;\">Po wybraniu wszystkich produkt\u00f3w do zakupu przejd\u017a do sk\u0142adania zam\u00f3wienia. Je\u015bli masz aktualne konto z danymi i adresem wysy\u0142ki, proces zakupu b\u0119dzie szybszy.<br \/>W przeciwnym razie wprowad\u017a wymagane dane i kontynuuj sk\u0142adanie zam\u00f3wienia. Zam\u00f3wienie zostanie przetworzone dopiero po otrzymaniu p\u0142atno\u015bci za produkt, w zale\u017cno\u015bci od wybranej metody p\u0142atno\u015bci.  <\/p>\n<\/p>\n<h2 style=\"text-align: center;\"><span style=\"color: #808080;\"><strong>Nasi partnerzy wysy\u0142kowi:<\/strong><\/span><\/h2>\n<\/p>\n<p><img loading=\"lazy\" decoding=\"async\" class=\"aligncenter wp-image-12578\" src=\"https:\/\/formar.shop\/wp-content\/uploads\/2022\/05\/brt.jpg\" alt=\"\" width=\"300\" height=\"163\" data-wp-pid=\"12578\"><\/p>\n<\/p>\n<p style=\"text-align: center;\"><img loading=\"lazy\" decoding=\"async\" class=\"\" src=\"https:\/\/s3-eu-west-1.amazonaws.com\/tpd\/logos\/5ea7e22c7a4aa40001deb02c\/0x0.png\" alt=\"FERCAM Group | Przeczytaj recenzje serwisu fercam.com\" width=\"303\" height=\"313\"><\/p>\n<\/p>\n<p style=\"text-align: center;\"><span style=\"color: #000000;\"><strong><em>Wyb\u00f3r spedytora jest automatycznie dokonywany przez nasz system, <\/em><\/strong><\/span><strong><em><span style=\"color: #000000;\">aby zagwarantowa\u0107 maksymaln\u0105 szybko\u015b\u0107 dostawy!<\/span><\/em><\/strong><\/p>\n<\/p>\n<p style=\"text-align: center;\">\n<p>Nasz Dzia\u0142 Obs\u0142ugi Klienta jest do Pa\u0144stwa dyspozycji. W celu uzyskania jakichkolwiek informacji lub pro\u015bby o wycen\u0119, prosimy o kontakt! Nasi specjali\u015bci odpowiedz\u0105 na Pa\u0144stwa pytania dotycz\u0105ce naszych us\u0142ug.<\/p>\n<a href=\"https:\/\/formar.shop\/pl\/skontaktuj-sie-z-nami\/\" class=\"button primary box-shadow-1 lowercase expand\" style=\"border-radius:10px;\">\n\t\t<span>Skontaktuj si\u0119 z nami!<\/span>\n\t<\/a>\n\n","protected":false},"excerpt":{"rendered":"<p>REJESTRACJA Po rejestracji, kt\u00f3ra zajmuje tylko kilka prostych krok\u00f3w, nowy klient ma do dyspozycji wewn\u0119trzny panel sterowania, w kt\u00f3rym mo\u017ce wprowadzi\u0107 sw\u00f3j adres wysy\u0142ki, umo\u017cliwiaj\u0105c systemowi zapami\u0119tanie go w celu przyspieszenia nast\u0119pnego zakupu, a tak\u017ce zarz\u0105dza\u0107 koszykiem i opcj\u0105 por\u00f3wnywania produkt\u00f3w. Wybierz produkt, rozmiar i kolor, kt\u00f3ry chcesz, a po wybraniu \u017c\u0105danej ilo\u015bci dodaj go [&#8230;]\n","protected":false},"author":175,"featured_media":0,"parent":0,"menu_order":0,"comment_status":"closed","ping_status":"closed","template":"","meta":{"_joinchat":[],"footnotes":""},"class_list":["post-43580","page","type-page","status-publish","hentry"],"yoast_head":"<!-- This site is optimized with the Yoast SEO plugin v27.5 - https:\/\/yoast.com\/product\/yoast-seo-wordpress\/ -->\n<title>KOSZTY I METODY WYSY\u0141KI - Formar.shop<\/title>\n<meta name=\"robots\" content=\"index, follow, max-snippet:-1, max-image-preview:large, max-video-preview:-1\" \/>\n<link rel=\"canonical\" href=\"https:\/\/formar.shop\/pl\/koszty-i-metody-wysylki\/\" \/>\n<script type=\"application\/ld+json\" class=\"yoast-schema-graph\">{\"@context\":\"https:\\\/\\\/schema.org\",\"@graph\":[{\"@type\":\"WebPage\",\"@id\":\"https:\\\/\\\/formar.shop\\\/pl\\\/koszty-i-metody-wysylki\\\/\",\"url\":\"https:\\\/\\\/formar.shop\\\/pl\\\/koszty-i-metody-wysylki\\\/\",\"name\":\"KOSZTY I METODY WYSY\u0141KI - Formar.shop\",\"isPartOf\":{\"@id\":\"https:\\\/\\\/formar.shop\\\/pl\\\/#website\"},\"primaryImageOfPage\":{\"@id\":\"https:\\\/\\\/formar.shop\\\/pl\\\/koszty-i-metody-wysylki\\\/#primaryimage\"},\"image\":{\"@id\":\"https:\\\/\\\/formar.shop\\\/pl\\\/koszty-i-metody-wysylki\\\/#primaryimage\"},\"thumbnailUrl\":\"https:\\\/\\\/formar.shop\\\/wp-content\\\/uploads\\\/2022\\\/05\\\/brt.jpg\",\"datePublished\":\"2025-01-18T20:19:22+00:00\",\"dateModified\":\"2025-01-18T20:19:24+00:00\",\"breadcrumb\":{\"@id\":\"https:\\\/\\\/formar.shop\\\/pl\\\/koszty-i-metody-wysylki\\\/#breadcrumb\"},\"inLanguage\":\"pl-PL\",\"potentialAction\":[{\"@type\":\"ReadAction\",\"target\":[\"https:\\\/\\\/formar.shop\\\/pl\\\/koszty-i-metody-wysylki\\\/\"]}]},{\"@type\":\"ImageObject\",\"inLanguage\":\"pl-PL\",\"@id\":\"https:\\\/\\\/formar.shop\\\/pl\\\/koszty-i-metody-wysylki\\\/#primaryimage\",\"url\":\"https:\\\/\\\/formar.shop\\\/wp-content\\\/uploads\\\/2022\\\/05\\\/brt.jpg\",\"contentUrl\":\"https:\\\/\\\/formar.shop\\\/wp-content\\\/uploads\\\/2022\\\/05\\\/brt.jpg\"},{\"@type\":\"BreadcrumbList\",\"@id\":\"https:\\\/\\\/formar.shop\\\/pl\\\/koszty-i-metody-wysylki\\\/#breadcrumb\",\"itemListElement\":[{\"@type\":\"ListItem\",\"position\":1,\"name\":\"Home\",\"item\":\"https:\\\/\\\/formar.shop\\\/pl\\\/auto-draft\\\/\"},{\"@type\":\"ListItem\",\"position\":2,\"name\":\"KOSZTY I METODY WYSY\u0141KI\"}]},{\"@type\":\"WebSite\",\"@id\":\"https:\\\/\\\/formar.shop\\\/pl\\\/#website\",\"url\":\"https:\\\/\\\/formar.shop\\\/pl\\\/\",\"name\":\"Formar.shop\",\"description\":\"Soluzioni espresse con stile\",\"potentialAction\":[{\"@type\":\"SearchAction\",\"target\":{\"@type\":\"EntryPoint\",\"urlTemplate\":\"https:\\\/\\\/formar.shop\\\/pl\\\/?s={search_term_string}\"},\"query-input\":{\"@type\":\"PropertyValueSpecification\",\"valueRequired\":true,\"valueName\":\"search_term_string\"}}],\"inLanguage\":\"pl-PL\"}]}<\/script>\n<!-- \/ Yoast SEO plugin. -->","yoast_head_json":{"title":"KOSZTY I METODY WYSY\u0141KI - Formar.shop","robots":{"index":"index","follow":"follow","max-snippet":"max-snippet:-1","max-image-preview":"max-image-preview:large","max-video-preview":"max-video-preview:-1"},"canonical":"https:\/\/formar.shop\/pl\/koszty-i-metody-wysylki\/","schema":{"@context":"https:\/\/schema.org","@graph":[{"@type":"WebPage","@id":"https:\/\/formar.shop\/pl\/koszty-i-metody-wysylki\/","url":"https:\/\/formar.shop\/pl\/koszty-i-metody-wysylki\/","name":"KOSZTY I METODY WYSY\u0141KI - Formar.shop","isPartOf":{"@id":"https:\/\/formar.shop\/pl\/#website"},"primaryImageOfPage":{"@id":"https:\/\/formar.shop\/pl\/koszty-i-metody-wysylki\/#primaryimage"},"image":{"@id":"https:\/\/formar.shop\/pl\/koszty-i-metody-wysylki\/#primaryimage"},"thumbnailUrl":"https:\/\/formar.shop\/wp-content\/uploads\/2022\/05\/brt.jpg","datePublished":"2025-01-18T20:19:22+00:00","dateModified":"2025-01-18T20:19:24+00:00","breadcrumb":{"@id":"https:\/\/formar.shop\/pl\/koszty-i-metody-wysylki\/#breadcrumb"},"inLanguage":"pl-PL","potentialAction":[{"@type":"ReadAction","target":["https:\/\/formar.shop\/pl\/koszty-i-metody-wysylki\/"]}]},{"@type":"ImageObject","inLanguage":"pl-PL","@id":"https:\/\/formar.shop\/pl\/koszty-i-metody-wysylki\/#primaryimage","url":"https:\/\/formar.shop\/wp-content\/uploads\/2022\/05\/brt.jpg","contentUrl":"https:\/\/formar.shop\/wp-content\/uploads\/2022\/05\/brt.jpg"},{"@type":"BreadcrumbList","@id":"https:\/\/formar.shop\/pl\/koszty-i-metody-wysylki\/#breadcrumb","itemListElement":[{"@type":"ListItem","position":1,"name":"Home","item":"https:\/\/formar.shop\/pl\/auto-draft\/"},{"@type":"ListItem","position":2,"name":"KOSZTY I METODY WYSY\u0141KI"}]},{"@type":"WebSite","@id":"https:\/\/formar.shop\/pl\/#website","url":"https:\/\/formar.shop\/pl\/","name":"Formar.shop","description":"Soluzioni espresse con stile","potentialAction":[{"@type":"SearchAction","target":{"@type":"EntryPoint","urlTemplate":"https:\/\/formar.shop\/pl\/?s={search_term_string}"},"query-input":{"@type":"PropertyValueSpecification","valueRequired":true,"valueName":"search_term_string"}}],"inLanguage":"pl-PL"}]}},"_links":{"self":[{"href":"https:\/\/formar.shop\/pl\/wp-json\/wp\/v2\/pages\/43580","targetHints":{"allow":["GET"]}}],"collection":[{"href":"https:\/\/formar.shop\/pl\/wp-json\/wp\/v2\/pages"}],"about":[{"href":"https:\/\/formar.shop\/pl\/wp-json\/wp\/v2\/types\/page"}],"author":[{"embeddable":true,"href":"https:\/\/formar.shop\/pl\/wp-json\/wp\/v2\/users\/175"}],"replies":[{"embeddable":true,"href":"https:\/\/formar.shop\/pl\/wp-json\/wp\/v2\/comments?post=43580"}],"version-history":[{"count":2,"href":"https:\/\/formar.shop\/pl\/wp-json\/wp\/v2\/pages\/43580\/revisions"}],"predecessor-version":[{"id":43586,"href":"https:\/\/formar.shop\/pl\/wp-json\/wp\/v2\/pages\/43580\/revisions\/43586"}],"wp:attachment":[{"href":"https:\/\/formar.shop\/pl\/wp-json\/wp\/v2\/media?parent=43580"}],"curies":[{"name":"wp","href":"https:\/\/api.w.org\/{rel}","templated":true}]}}