{"id":42469,"date":"2025-01-18T15:45:17","date_gmt":"2025-01-18T14:45:17","guid":{"rendered":"https:\/\/formar.shop\/sledzenie-zamowien\/"},"modified":"2025-01-18T15:45:18","modified_gmt":"2025-01-18T14:45:18","slug":"sledzenie-zamowien","status":"publish","type":"page","link":"https:\/\/formar.shop\/pl\/sledzenie-zamowien\/","title":{"rendered":"\u015aledzenie zam\u00f3wie\u0144"},"content":{"rendered":"\n[vc_row][vc_column]<div class=\"woocommerce\"><\/div>[\/vc_column][\/vc_row]\n","protected":false},"excerpt":{"rendered":"[vc_row][vc_column][\/vc_column][\/vc_row]\n","protected":false},"author":1,"featured_media":0,"parent":0,"menu_order":0,"comment_status":"closed","ping_status":"closed","template":"","meta":{"_joinchat":[],"footnotes":""},"class_list":["post-42469","page","type-page","status-publish","hentry"],"yoast_head":"<!-- This site is optimized with the Yoast SEO plugin v27.3 - https:\/\/yoast.com\/product\/yoast-seo-wordpress\/ -->\n<title>\u015aledzenie zam\u00f3wie\u0144 - Formar.shop<\/title>\n<meta name=\"robots\" content=\"index, follow, max-snippet:-1, max-image-preview:large, max-video-preview:-1\" \/>\n<link rel=\"canonical\" href=\"https:\/\/formar.shop\/pl\/sledzenie-zamowien\/\" \/>\n<script type=\"application\/ld+json\" class=\"yoast-schema-graph\">{\"@context\":\"https:\\\/\\\/schema.org\",\"@graph\":[{\"@type\":\"WebPage\",\"@id\":\"https:\\\/\\\/formar.shop\\\/pl\\\/sledzenie-zamowien\\\/\",\"url\":\"https:\\\/\\\/formar.shop\\\/pl\\\/sledzenie-zamowien\\\/\",\"name\":\"\u015aledzenie zam\u00f3wie\u0144 - Formar.shop\",\"isPartOf\":{\"@id\":\"https:\\\/\\\/formar.shop\\\/pl\\\/#website\"},\"datePublished\":\"2025-01-18T14:45:17+00:00\",\"dateModified\":\"2025-01-18T14:45:18+00:00\",\"breadcrumb\":{\"@id\":\"https:\\\/\\\/formar.shop\\\/pl\\\/sledzenie-zamowien\\\/#breadcrumb\"},\"inLanguage\":\"pl-PL\",\"potentialAction\":[{\"@type\":\"ReadAction\",\"target\":[\"https:\\\/\\\/formar.shop\\\/pl\\\/sledzenie-zamowien\\\/\"]}]},{\"@type\":\"BreadcrumbList\",\"@id\":\"https:\\\/\\\/formar.shop\\\/pl\\\/sledzenie-zamowien\\\/#breadcrumb\",\"itemListElement\":[{\"@type\":\"ListItem\",\"position\":1,\"name\":\"Home\",\"item\":\"https:\\\/\\\/formar.shop\\\/pl\\\/auto-draft\\\/\"},{\"@type\":\"ListItem\",\"position\":2,\"name\":\"\u015aledzenie zam\u00f3wie\u0144\"}]},{\"@type\":\"WebSite\",\"@id\":\"https:\\\/\\\/formar.shop\\\/pl\\\/#website\",\"url\":\"https:\\\/\\\/formar.shop\\\/pl\\\/\",\"name\":\"Formar.shop\",\"description\":\"Soluzioni espresse con stile\",\"potentialAction\":[{\"@type\":\"SearchAction\",\"target\":{\"@type\":\"EntryPoint\",\"urlTemplate\":\"https:\\\/\\\/formar.shop\\\/pl\\\/?s={search_term_string}\"},\"query-input\":{\"@type\":\"PropertyValueSpecification\",\"valueRequired\":true,\"valueName\":\"search_term_string\"}}],\"inLanguage\":\"pl-PL\"}]}<\/script>\n<!-- \/ Yoast SEO plugin. -->","yoast_head_json":{"title":"\u015aledzenie zam\u00f3wie\u0144 - Formar.shop","robots":{"index":"index","follow":"follow","max-snippet":"max-snippet:-1","max-image-preview":"max-image-preview:large","max-video-preview":"max-video-preview:-1"},"canonical":"https:\/\/formar.shop\/pl\/sledzenie-zamowien\/","schema":{"@context":"https:\/\/schema.org","@graph":[{"@type":"WebPage","@id":"https:\/\/formar.shop\/pl\/sledzenie-zamowien\/","url":"https:\/\/formar.shop\/pl\/sledzenie-zamowien\/","name":"\u015aledzenie zam\u00f3wie\u0144 - Formar.shop","isPartOf":{"@id":"https:\/\/formar.shop\/pl\/#website"},"datePublished":"2025-01-18T14:45:17+00:00","dateModified":"2025-01-18T14:45:18+00:00","breadcrumb":{"@id":"https:\/\/formar.shop\/pl\/sledzenie-zamowien\/#breadcrumb"},"inLanguage":"pl-PL","potentialAction":[{"@type":"ReadAction","target":["https:\/\/formar.shop\/pl\/sledzenie-zamowien\/"]}]},{"@type":"BreadcrumbList","@id":"https:\/\/formar.shop\/pl\/sledzenie-zamowien\/#breadcrumb","itemListElement":[{"@type":"ListItem","position":1,"name":"Home","item":"https:\/\/formar.shop\/pl\/auto-draft\/"},{"@type":"ListItem","position":2,"name":"\u015aledzenie zam\u00f3wie\u0144"}]},{"@type":"WebSite","@id":"https:\/\/formar.shop\/pl\/#website","url":"https:\/\/formar.shop\/pl\/","name":"Formar.shop","description":"Soluzioni espresse con stile","potentialAction":[{"@type":"SearchAction","target":{"@type":"EntryPoint","urlTemplate":"https:\/\/formar.shop\/pl\/?s={search_term_string}"},"query-input":{"@type":"PropertyValueSpecification","valueRequired":true,"valueName":"search_term_string"}}],"inLanguage":"pl-PL"}]}},"_links":{"self":[{"href":"https:\/\/formar.shop\/pl\/wp-json\/wp\/v2\/pages\/42469","targetHints":{"allow":["GET"]}}],"collection":[{"href":"https:\/\/formar.shop\/pl\/wp-json\/wp\/v2\/pages"}],"about":[{"href":"https:\/\/formar.shop\/pl\/wp-json\/wp\/v2\/types\/page"}],"author":[{"embeddable":true,"href":"https:\/\/formar.shop\/pl\/wp-json\/wp\/v2\/users\/1"}],"replies":[{"embeddable":true,"href":"https:\/\/formar.shop\/pl\/wp-json\/wp\/v2\/comments?post=42469"}],"version-history":[{"count":1,"href":"https:\/\/formar.shop\/pl\/wp-json\/wp\/v2\/pages\/42469\/revisions"}],"predecessor-version":[{"id":42470,"href":"https:\/\/formar.shop\/pl\/wp-json\/wp\/v2\/pages\/42469\/revisions\/42470"}],"wp:attachment":[{"href":"https:\/\/formar.shop\/pl\/wp-json\/wp\/v2\/media?parent=42469"}],"curies":[{"name":"wp","href":"https:\/\/api.w.org\/{rel}","templated":true}]}}