{"id":42381,"date":"2025-01-18T15:42:43","date_gmt":"2025-01-18T14:42:43","guid":{"rendered":"https:\/\/formar.shop\/themencode-pdf-viewer-do-not-delete\/"},"modified":"2025-01-18T15:42:44","modified_gmt":"2025-01-18T14:42:44","slug":"themencode-pdf-viewer-do-not-delete","status":"publish","type":"page","link":"https:\/\/formar.shop\/pl\/themencode-pdf-viewer-do-not-delete\/","title":{"rendered":"ThemeNcode PDF Viewer  [Do not Delete]"},"content":{"rendered":"\nTa strona s\u0142u\u017cy do wy\u015bwietlania plik\u00f3w PDF.\n","protected":false},"excerpt":{"rendered":"<p>Ta strona s\u0142u\u017cy do wy\u015bwietlania plik\u00f3w PDF.<\/p>\n","protected":false},"author":1,"featured_media":0,"parent":0,"menu_order":0,"comment_status":"closed","ping_status":"closed","template":"","meta":{"_joinchat":[],"footnotes":""},"class_list":["post-42381","page","type-page","status-publish","hentry"],"yoast_head":"<!-- This site is optimized with the Yoast SEO plugin v27.3 - https:\/\/yoast.com\/product\/yoast-seo-wordpress\/ -->\n<title>ThemeNcode PDF Viewer [Do not Delete] - Formar.shop<\/title>\n<meta name=\"robots\" content=\"index, follow, max-snippet:-1, max-image-preview:large, max-video-preview:-1\" \/>\n<link rel=\"canonical\" href=\"https:\/\/formar.shop\/pl\/themencode-pdf-viewer-do-not-delete\/\" \/>\n<script type=\"application\/ld+json\" class=\"yoast-schema-graph\">{\"@context\":\"https:\\\/\\\/schema.org\",\"@graph\":[{\"@type\":\"WebPage\",\"@id\":\"https:\\\/\\\/formar.shop\\\/pl\\\/themencode-pdf-viewer-do-not-delete\\\/\",\"url\":\"https:\\\/\\\/formar.shop\\\/pl\\\/themencode-pdf-viewer-do-not-delete\\\/\",\"name\":\"ThemeNcode PDF Viewer [Do not Delete] - Formar.shop\",\"isPartOf\":{\"@id\":\"https:\\\/\\\/formar.shop\\\/pl\\\/#website\"},\"datePublished\":\"2025-01-18T14:42:43+00:00\",\"dateModified\":\"2025-01-18T14:42:44+00:00\",\"breadcrumb\":{\"@id\":\"https:\\\/\\\/formar.shop\\\/pl\\\/themencode-pdf-viewer-do-not-delete\\\/#breadcrumb\"},\"inLanguage\":\"pl-PL\",\"potentialAction\":[{\"@type\":\"ReadAction\",\"target\":[\"https:\\\/\\\/formar.shop\\\/pl\\\/themencode-pdf-viewer-do-not-delete\\\/\"]}]},{\"@type\":\"BreadcrumbList\",\"@id\":\"https:\\\/\\\/formar.shop\\\/pl\\\/themencode-pdf-viewer-do-not-delete\\\/#breadcrumb\",\"itemListElement\":[{\"@type\":\"ListItem\",\"position\":1,\"name\":\"Home\",\"item\":\"https:\\\/\\\/formar.shop\\\/pl\\\/auto-draft\\\/\"},{\"@type\":\"ListItem\",\"position\":2,\"name\":\"ThemeNcode PDF Viewer [Do not Delete]\"}]},{\"@type\":\"WebSite\",\"@id\":\"https:\\\/\\\/formar.shop\\\/pl\\\/#website\",\"url\":\"https:\\\/\\\/formar.shop\\\/pl\\\/\",\"name\":\"Formar.shop\",\"description\":\"Soluzioni espresse con stile\",\"potentialAction\":[{\"@type\":\"SearchAction\",\"target\":{\"@type\":\"EntryPoint\",\"urlTemplate\":\"https:\\\/\\\/formar.shop\\\/pl\\\/?s={search_term_string}\"},\"query-input\":{\"@type\":\"PropertyValueSpecification\",\"valueRequired\":true,\"valueName\":\"search_term_string\"}}],\"inLanguage\":\"pl-PL\"}]}<\/script>\n<!-- \/ Yoast SEO plugin. -->","yoast_head_json":{"title":"ThemeNcode PDF Viewer [Do not Delete] - Formar.shop","robots":{"index":"index","follow":"follow","max-snippet":"max-snippet:-1","max-image-preview":"max-image-preview:large","max-video-preview":"max-video-preview:-1"},"canonical":"https:\/\/formar.shop\/pl\/themencode-pdf-viewer-do-not-delete\/","schema":{"@context":"https:\/\/schema.org","@graph":[{"@type":"WebPage","@id":"https:\/\/formar.shop\/pl\/themencode-pdf-viewer-do-not-delete\/","url":"https:\/\/formar.shop\/pl\/themencode-pdf-viewer-do-not-delete\/","name":"ThemeNcode PDF Viewer [Do not Delete] - Formar.shop","isPartOf":{"@id":"https:\/\/formar.shop\/pl\/#website"},"datePublished":"2025-01-18T14:42:43+00:00","dateModified":"2025-01-18T14:42:44+00:00","breadcrumb":{"@id":"https:\/\/formar.shop\/pl\/themencode-pdf-viewer-do-not-delete\/#breadcrumb"},"inLanguage":"pl-PL","potentialAction":[{"@type":"ReadAction","target":["https:\/\/formar.shop\/pl\/themencode-pdf-viewer-do-not-delete\/"]}]},{"@type":"BreadcrumbList","@id":"https:\/\/formar.shop\/pl\/themencode-pdf-viewer-do-not-delete\/#breadcrumb","itemListElement":[{"@type":"ListItem","position":1,"name":"Home","item":"https:\/\/formar.shop\/pl\/auto-draft\/"},{"@type":"ListItem","position":2,"name":"ThemeNcode PDF Viewer [Do not Delete]"}]},{"@type":"WebSite","@id":"https:\/\/formar.shop\/pl\/#website","url":"https:\/\/formar.shop\/pl\/","name":"Formar.shop","description":"Soluzioni espresse con stile","potentialAction":[{"@type":"SearchAction","target":{"@type":"EntryPoint","urlTemplate":"https:\/\/formar.shop\/pl\/?s={search_term_string}"},"query-input":{"@type":"PropertyValueSpecification","valueRequired":true,"valueName":"search_term_string"}}],"inLanguage":"pl-PL"}]}},"_links":{"self":[{"href":"https:\/\/formar.shop\/pl\/wp-json\/wp\/v2\/pages\/42381","targetHints":{"allow":["GET"]}}],"collection":[{"href":"https:\/\/formar.shop\/pl\/wp-json\/wp\/v2\/pages"}],"about":[{"href":"https:\/\/formar.shop\/pl\/wp-json\/wp\/v2\/types\/page"}],"author":[{"embeddable":true,"href":"https:\/\/formar.shop\/pl\/wp-json\/wp\/v2\/users\/1"}],"replies":[{"embeddable":true,"href":"https:\/\/formar.shop\/pl\/wp-json\/wp\/v2\/comments?post=42381"}],"version-history":[{"count":1,"href":"https:\/\/formar.shop\/pl\/wp-json\/wp\/v2\/pages\/42381\/revisions"}],"predecessor-version":[{"id":42383,"href":"https:\/\/formar.shop\/pl\/wp-json\/wp\/v2\/pages\/42381\/revisions\/42383"}],"wp:attachment":[{"href":"https:\/\/formar.shop\/pl\/wp-json\/wp\/v2\/media?parent=42381"}],"curies":[{"name":"wp","href":"https:\/\/api.w.org\/{rel}","templated":true}]}}