{"id":42177,"date":"2025-01-18T15:41:34","date_gmt":"2025-01-18T14:41:34","guid":{"rendered":"https:\/\/formar.shop\/o-nas\/"},"modified":"2025-11-18T12:05:50","modified_gmt":"2025-11-18T11:05:50","slug":"o-nas","status":"publish","type":"page","link":"https:\/\/formar.shop\/pl\/o-nas\/","title":{"rendered":"O nas"},"content":{"rendered":"\n<div class=\"row\"  id=\"row-1937227329\">\n\n\n\t<div id=\"col-2054642782\" class=\"col medium-11 small-12 large-12\"  >\n\t\t\t\t<div class=\"col-inner text-center\"  >\n\t\t\t\n\t\t\t\n\n\t<div id=\"text-3510480541\" class=\"text\">\n\t\t\n\n<h3><span style=\"font-size: 140%;\"><strong>O NAS<\/strong><\/span><\/h3>\n<p><strong data-start=\"181\" data-end=\"196\">Formar.shop<\/strong> to oficjalny e-commerce firmy <strong data-start=\"225\" data-end=\"248\">Formar Contract Srl<\/strong>, w\u0142oskiej firmy z siedzib\u0105 w Falconara Marittima (AN) specjalizuj\u0105cej si\u0119 w wyposa\u017ceniu biur, gabinet\u00f3w profesjonalnych, przestrzeni publicznych i obiekt\u00f3w komercyjnych. Od ponad 20 lat dzia\u0142amy z pasj\u0105 i kompetencj\u0105, oferuj\u0105c funkcjonalne, trwa\u0142e rozwi\u0105zania meblowe o wsp\u00f3\u0142czesnym designie. <\/p>\n<div>\n<p data-start=\"539\" data-end=\"752\">Nasza firma powsta\u0142a z do\u015bwiadczenia w sektorze komercyjnym, z celem przeniesienia do internetu jako\u015bci i niezawodno\u015bci, kt\u00f3re od zawsze wyr\u00f3\u017cniaj\u0105 nas w pracy z firmami, instytucjami publicznymi i prywatnymi.<\/p>\n<hr data-start=\"754\" data-end=\"757\">\n<h2><strong>Co nas wyr\u00f3\u017cnia<\/strong><\/h2>\n<p data-start=\"1250\" data-end=\"1366\"><strong data-start=\"1250\" data-end=\"1277\">Do\u015bwiadczenie i kompetencje<\/strong>: d\u0142uga historia w sektorze komercyjnym, kt\u00f3ra przek\u0142ada si\u0119 na niezawodno\u015b\u0107 i profesjonalizm.<\/p>\n<p data-start=\"1369\" data-end=\"1507\"><strong data-start=\"1369\" data-end=\"1388\">Starannie dobrany katalog<\/strong>: z uwag\u0105 wybieramy najlepsze produkty do wyposa\u017cenia profesjonalnego, stawiaj\u0105c na ergonomi\u0119, estetyk\u0119 i trwa\u0142o\u015b\u0107.<\/p>\n<p data-start=\"1510\" data-end=\"1623\"><strong data-start=\"1510\" data-end=\"1539\">Spersonalizowana obs\u0142uga<\/strong>: nasz zesp\u00f3\u0142 jest zawsze do dyspozycji, oferuj\u0105c porady i wsparcie przed i po sprzeda\u017cy.<\/p>\n<p data-start=\"1626\" data-end=\"1752\"><strong data-start=\"1626\" data-end=\"1643\">Wielokana\u0142owo\u015b\u0107<\/strong>: opr\u00f3cz strony formar.shop jeste\u015bmy obecni tak\u017ce w g\u0142\u00f3wnych marketplace&#8217;ach z t\u0105 sam\u0105 jako\u015bci\u0105 i rzetelno\u015bci\u0105.<\/p>\n<p data-start=\"560\" data-end=\"744\">Poprzez nasz sklep internetowy udost\u0119pniamy szeroki wyb\u00f3r wyselekcjonowanych produkt\u00f3w, \u0142\u0105cz\u0105c <strong data-start=\"665\" data-end=\"711\">do\u015bwiadczenie techniczne, pasj\u0119 do designu<\/strong> i <strong data-start=\"714\" data-end=\"743\">dba\u0142o\u015b\u0107 o jako\u015b\u0107<\/strong>.<\/p>\n<hr data-start=\"746\" data-end=\"749\">\n<h2 data-start=\"751\" data-end=\"771\">Nasza Misja<\/h2>\n<p data-start=\"813\" data-end=\"902\"><strong>Produkty wysokiej jako\u015bci,<\/strong> zar\u00f3wno do wyposa\u017cenia profesjonalnego, jak i przestrzeni mieszkalnych.<\/p>\n<p data-start=\"905\" data-end=\"1004\"><strong>Przemy\u015blany i funkcjonalny design,<\/strong> z selekcj\u0105 ukierunkowan\u0105 na komfort, ergonomi\u0119 i styl.<\/p>\n<p data-start=\"1007\" data-end=\"1101\"><strong>Intuicyjne i bezpieczne do\u015bwiadczenie zakupowe,<\/strong> z szybk\u0105 i kompetentn\u0105 obs\u0142ug\u0105 klienta.<\/p>\n<p data-start=\"1104\" data-end=\"1180\"><strong>Szybka i darmowa dostawa,<\/strong> \u017ceby efektywnie zaspokoi\u0107 ka\u017cd\u0105 potrzeb\u0119.<\/p>\n<hr data-start=\"1574\" data-end=\"1577\">\n<h2 data-start=\"1579\" data-end=\"1599\">Nasze Produkty<\/h2>\n<p data-start=\"1601\" data-end=\"1630\"><strong data-start=\"1634\" data-end=\"1656\">Meble biurowe<\/strong>: biurka, krzes\u0142a, szafy, szafki z szufladami i sto\u0142y konferencyjne.<\/p>\n<p data-start=\"1720\" data-end=\"1809\"><strong data-start=\"1720\" data-end=\"1771\">Rozwi\u0105zania dla instytucji publicznych i obiekt\u00f3w komercyjnych<\/strong>: \u0142awki, rega\u0142y, meble archiwalne.<\/p>\n<p data-start=\"1812\" data-end=\"1951\"><strong data-start=\"1812\" data-end=\"1839\">Wyposa\u017cenie domu<\/strong>: krzes\u0142a, sto\u0142y, dodatki, rega\u0142y i rozwi\u0105zania oszcz\u0119dzaj\u0105ce miejsce, zawsze z dba\u0142o\u015bci\u0105 o design i praktyczno\u015b\u0107.<\/p>\n<hr data-start=\"1953\" data-end=\"1956\">\n<h2 data-start=\"1958\" data-end=\"1977\">Nasi Klienci<\/h2>\n<p data-start=\"2005\" data-end=\"2031\">Firmy i profesjonali\u015bci<\/p>\n<p data-start=\"2034\" data-end=\"2067\">Instytucje publiczne i administracja<\/p>\n<p data-start=\"2070\" data-end=\"2145\">Osoby prywatne poszukuj\u0105ce nowoczesnych i funkcjonalnych rozwi\u0105za\u0144 meblowych do domu<\/p>\n<hr data-start=\"2147\" data-end=\"2150\">\n<h2 data-start=\"2335\" data-end=\"2349\">Podsumowanie<\/h2>\n<p data-start=\"2351\" data-end=\"2671\">W \u015bwiecie, kt\u00f3ry szybko si\u0119 zmienia, wierzymy, \u017ce jako\u015b\u0107 i niezawodno\u015b\u0107 to warto\u015bci niezb\u0119dne. Z <strong data-start=\"2462\" data-end=\"2477\">Formar.shop<\/strong> nie oferujemy tylko mebli, ale prawdziwe <strong data-start=\"2523\" data-end=\"2564\">rozwi\u0105zania zapewniaj\u0105ce komfort i funkcjonalno\u015b\u0107<\/strong> w codzienno\u015bci, niezale\u017cnie od tego, czy projektujesz nowe biuro, czy chcesz uczyni\u0107 sw\u00f3j dom bardziej przytulnym. <\/p>\n<p data-start=\"2673\" data-end=\"2821\">Wyb\u00f3r Formar.shop oznacza zaufanie solidnemu, transparentnemu i pe\u0142nemu pasji partnerowi, kt\u00f3ry zawsze stawia ludzi i ich potrzeby w centrum uwagi.<\/p>\n<p data-start=\"2823\" data-end=\"2873\"><strong data-start=\"2823\" data-end=\"2873\">Formar.shop \u2013 Gdzie twoja przestrze\u0144 nabiera kszta\u0142tu.<\/strong><\/p>\n<p> <\/p>\n<\/div>\n\t\t\n<style>\n#text-3510480541 {\n  text-align: left;\n}\n<\/style>\n\t<\/div>\n\t\n\n\t\t<\/div>\n\t\t\t\t\n<style>\n#col-2054642782 > .col-inner {\n  padding: 0px 0px 0px 0;\n}\n@media (min-width:550px) {\n  #col-2054642782 > .col-inner {\n    padding: 0px 0px 0px 0px;\n  }\n}\n<\/style>\n\t<\/div>\n\n\t\n\n\t<div id=\"col-528913975\" class=\"col medium-12 small-12 large-12\"  >\n\t\t\t\t<div class=\"col-inner\"  >\n\t\t\t\n\t\t\t\n\n\n  <div class=\"banner has-hover\" id=\"banner-1604475596\">\n          <div class=\"banner-inner fill\">\n        <div class=\"banner-bg fill\" >\n            <img loading=\"lazy\" decoding=\"async\" width=\"1600\" height=\"1200\" src=\"https:\/\/static.formar.net\/wp-content\/uploads\/sites\/1\/2024\/07\/02110352\/Universal-Color-Mobile-420_AMBENTATA_4.jpg\" class=\"bg attachment-original size-original\" alt=\"\" \/>                                    \n                    <\/div>\n\t\t\n        <div class=\"banner-layers container\">\n            <div class=\"fill banner-link\"><\/div>            \n\n   <div id=\"text-box-972283652\" class=\"text-box banner-layer x50 md-x50 lg-x50 y50 md-y50 lg-y50 res-text\">\n                                <div class=\"text-box-content text dark\">\n              \n              <div class=\"text-inner text-center\">\n                  \n\n\n              <\/div>\n           <\/div>\n                            \n<style>\n#text-box-972283652 {\n  width: 60%;\n}\n#text-box-972283652 .text-box-content {\n  font-size: 100%;\n}\n@media (min-width:550px) {\n  #text-box-972283652 {\n    width: 60%;\n  }\n}\n<\/style>\n    <\/div>\n \n\n        <\/div>\n      <\/div>\n\n            \n<style>\n#banner-1604475596 {\n  padding-top: 300px;\n  background-color: rgb(255, 255, 255);\n}\n#banner-1604475596 .banner-bg img {\n  object-position: 52% 77%;\n}\n@media (min-width:550px) {\n  #banner-1604475596 {\n    padding-top: 500px;\n  }\n}\n@media (min-width:850px) {\n  #banner-1604475596 {\n    padding-top: 570px;\n  }\n}\n<\/style>\n  <\/div>\n\n\n\n\t\t<\/div>\n\t\t\t\t\n<style>\n#col-528913975 > .col-inner {\n  margin: -100px 0px 0px 0px;\n}\n@media (min-width:550px) {\n  #col-528913975 > .col-inner {\n    margin: -150px 0px 0px 0px;\n  }\n}\n@media (min-width:850px) {\n  #col-528913975 > .col-inner {\n    margin: 0px 0px 0px 0px;\n  }\n}\n<\/style>\n\t<\/div>\n\n\t\n\n<\/div>\n<div class=\"is-divider divider clearfix\" style=\"max-width:1000px;\"><\/div>\n\n\n","protected":false},"excerpt":{"rendered":"","protected":false},"author":5,"featured_media":0,"parent":0,"menu_order":0,"comment_status":"closed","ping_status":"closed","template":"","meta":{"_joinchat":[],"footnotes":""},"class_list":["post-42177","page","type-page","status-publish","hentry"],"yoast_head":"<!-- This site is optimized with the Yoast SEO plugin v27.3 - https:\/\/yoast.com\/product\/yoast-seo-wordpress\/ -->\n<title>O nas - Formar.shop<\/title>\n<meta name=\"robots\" content=\"index, follow, max-snippet:-1, max-image-preview:large, max-video-preview:-1\" \/>\n<link rel=\"canonical\" href=\"https:\/\/formar.shop\/pl\/o-nas\/\" \/>\n<script type=\"application\/ld+json\" class=\"yoast-schema-graph\">{\"@context\":\"https:\\\/\\\/schema.org\",\"@graph\":[{\"@type\":\"WebPage\",\"@id\":\"https:\\\/\\\/formar.shop\\\/pl\\\/o-nas\\\/\",\"url\":\"https:\\\/\\\/formar.shop\\\/pl\\\/o-nas\\\/\",\"name\":\"O nas - Formar.shop\",\"isPartOf\":{\"@id\":\"https:\\\/\\\/formar.shop\\\/pl\\\/#website\"},\"datePublished\":\"2025-01-18T14:41:34+00:00\",\"dateModified\":\"2025-11-18T11:05:50+00:00\",\"breadcrumb\":{\"@id\":\"https:\\\/\\\/formar.shop\\\/pl\\\/o-nas\\\/#breadcrumb\"},\"inLanguage\":\"pl-PL\",\"potentialAction\":[{\"@type\":\"ReadAction\",\"target\":[\"https:\\\/\\\/formar.shop\\\/pl\\\/o-nas\\\/\"]}]},{\"@type\":\"BreadcrumbList\",\"@id\":\"https:\\\/\\\/formar.shop\\\/pl\\\/o-nas\\\/#breadcrumb\",\"itemListElement\":[{\"@type\":\"ListItem\",\"position\":1,\"name\":\"Home\",\"item\":\"https:\\\/\\\/formar.shop\\\/pl\\\/auto-draft\\\/\"},{\"@type\":\"ListItem\",\"position\":2,\"name\":\"O nas\"}]},{\"@type\":\"WebSite\",\"@id\":\"https:\\\/\\\/formar.shop\\\/pl\\\/#website\",\"url\":\"https:\\\/\\\/formar.shop\\\/pl\\\/\",\"name\":\"Formar.shop\",\"description\":\"Soluzioni espresse con stile\",\"potentialAction\":[{\"@type\":\"SearchAction\",\"target\":{\"@type\":\"EntryPoint\",\"urlTemplate\":\"https:\\\/\\\/formar.shop\\\/pl\\\/?s={search_term_string}\"},\"query-input\":{\"@type\":\"PropertyValueSpecification\",\"valueRequired\":true,\"valueName\":\"search_term_string\"}}],\"inLanguage\":\"pl-PL\"}]}<\/script>\n<!-- \/ Yoast SEO plugin. -->","yoast_head_json":{"title":"O nas - Formar.shop","robots":{"index":"index","follow":"follow","max-snippet":"max-snippet:-1","max-image-preview":"max-image-preview:large","max-video-preview":"max-video-preview:-1"},"canonical":"https:\/\/formar.shop\/pl\/o-nas\/","schema":{"@context":"https:\/\/schema.org","@graph":[{"@type":"WebPage","@id":"https:\/\/formar.shop\/pl\/o-nas\/","url":"https:\/\/formar.shop\/pl\/o-nas\/","name":"O nas - Formar.shop","isPartOf":{"@id":"https:\/\/formar.shop\/pl\/#website"},"datePublished":"2025-01-18T14:41:34+00:00","dateModified":"2025-11-18T11:05:50+00:00","breadcrumb":{"@id":"https:\/\/formar.shop\/pl\/o-nas\/#breadcrumb"},"inLanguage":"pl-PL","potentialAction":[{"@type":"ReadAction","target":["https:\/\/formar.shop\/pl\/o-nas\/"]}]},{"@type":"BreadcrumbList","@id":"https:\/\/formar.shop\/pl\/o-nas\/#breadcrumb","itemListElement":[{"@type":"ListItem","position":1,"name":"Home","item":"https:\/\/formar.shop\/pl\/auto-draft\/"},{"@type":"ListItem","position":2,"name":"O nas"}]},{"@type":"WebSite","@id":"https:\/\/formar.shop\/pl\/#website","url":"https:\/\/formar.shop\/pl\/","name":"Formar.shop","description":"Soluzioni espresse con stile","potentialAction":[{"@type":"SearchAction","target":{"@type":"EntryPoint","urlTemplate":"https:\/\/formar.shop\/pl\/?s={search_term_string}"},"query-input":{"@type":"PropertyValueSpecification","valueRequired":true,"valueName":"search_term_string"}}],"inLanguage":"pl-PL"}]}},"_links":{"self":[{"href":"https:\/\/formar.shop\/pl\/wp-json\/wp\/v2\/pages\/42177","targetHints":{"allow":["GET"]}}],"collection":[{"href":"https:\/\/formar.shop\/pl\/wp-json\/wp\/v2\/pages"}],"about":[{"href":"https:\/\/formar.shop\/pl\/wp-json\/wp\/v2\/types\/page"}],"author":[{"embeddable":true,"href":"https:\/\/formar.shop\/pl\/wp-json\/wp\/v2\/users\/5"}],"replies":[{"embeddable":true,"href":"https:\/\/formar.shop\/pl\/wp-json\/wp\/v2\/comments?post=42177"}],"version-history":[{"count":9,"href":"https:\/\/formar.shop\/pl\/wp-json\/wp\/v2\/pages\/42177\/revisions"}],"predecessor-version":[{"id":61907,"href":"https:\/\/formar.shop\/pl\/wp-json\/wp\/v2\/pages\/42177\/revisions\/61907"}],"wp:attachment":[{"href":"https:\/\/formar.shop\/pl\/wp-json\/wp\/v2\/media?parent=42177"}],"curies":[{"name":"wp","href":"https:\/\/api.w.org\/{rel}","templated":true}]}}