{"id":42081,"date":"2025-01-18T15:40:51","date_gmt":"2025-01-18T14:40:51","guid":{"rendered":"https:\/\/formar.shop\/realizacja-mebli\/"},"modified":"2025-01-18T15:41:13","modified_gmt":"2025-01-18T14:41:13","slug":"realizacja-mebli","status":"publish","type":"page","link":"https:\/\/formar.shop\/pl\/nasze-uslugi\/realizacja-mebli\/","title":{"rendered":"Realizacja mebli"},"content":{"rendered":"\n[av_section min_height=&#8221;&#8221; min_height_px=&#8221;500px&#8221; padding=&#8221;default&#8221; shadow=&#8221;no-border-styling&#8221; bottom_border=&#8221;no-border-styling&#8221; bottom_border_diagonal_color=&#8221;#333333&#8243; bottom_border_diagonal_direction=&#8221;&#8221; bottom_border_style=&#8221;&#8221; custom_arrow_bg=&#8221;&#8221; id=&#8221;&#8221; color=&#8221;main_color&#8221; background=&#8221;bg_color&#8221; custom_bg=&#8221;#ffffff&#8221; background_gradient_color1=&#8221;&#8221; background_gradient_color2=&#8221;&#8221; background_gradient_direction=&#8221;vertical&#8221; src=&#8221;&#8221; attachment=&#8221;&#8221; attachment_size=&#8221;&#8221; attach=&#8221;scroll&#8221; position=&#8221;top left&#8221; repeat=&#8221;no-repeat&#8221; video=&#8221;&#8221; video_ratio=&#8221;16:9&#8243; overlay_opacity=&#8221;0.5&#8243; overlay_color=&#8221;&#8221; overlay_pattern=&#8221;&#8221; overlay_custom_pattern=&#8221;&#8221; av_element_hidden_in_editor=&#8221;0&#8243; av_uid=&#8221;av-jj21ix0a&#8221; custom_class=&#8221;&#8221;]\n[av_heading tag=&#8221;h3&#8243; padding=&#8221;0&#8243; heading=&#8221;Realizzazione Arredi&#8221; color=&#8221;&#8221; style=&#8221;blockquote modern-quote modern-centered&#8221; custom_font=&#8221;&#8221; size=&#8221;60&#8243; subheading_active=&#8221;&#8221; subheading_size=&#8221;15&#8243; custom_class=&#8221;&#8221; admin_preview_bg=&#8221;&#8221; av-desktop-hide=&#8221;&#8221; av-medium-hide=&#8221;&#8221; av-small-hide=&#8221;&#8221; av-mini-hide=&#8221;&#8221; av-medium-font-size-title=&#8221;&#8221; av-small-font-size-title=&#8221;&#8221; av-mini-font-size-title=&#8221;&#8221; av-medium-font-size=&#8221;&#8221; av-small-font-size=&#8221;&#8221; av-mini-font-size=&#8221;&#8221; margin=&#8221;&#8221; av_uid=&#8221;av-g7x7x&#8221;]\nPoznaj lepiej\n[\/av_heading]\n\n[av_hr class=&#8221;custom&#8221; height=&#8221;50&#8243; shadow=&#8221;no-shadow&#8221; position=&#8221;center&#8221; custom_border=&#8221;av-border-fat&#8221; custom_width=&#8221;100px&#8221; custom_border_color=&#8221;#fab300&#8243; custom_margin_top=&#8221;0px&#8221; custom_margin_bottom=&#8221;30px&#8221; icon_select=&#8221;no&#8221; custom_icon_color=&#8221;&#8221; icon=&#8221;ue808&#8243; font=&#8221;entypo-fontello&#8221; av_uid=&#8221;av-jj21opc3&#8243; custom_class=&#8221;&#8221; admin_preview_bg=&#8221;&#8221;]\n\n[av_textblock size=&#8221;&#8221; font_color=&#8221;&#8221; color=&#8221;&#8221; av-medium-font-size=&#8221;&#8221; av-small-font-size=&#8221;&#8221; av-mini-font-size=&#8221;&#8221; av_uid=&#8221;av-jj19v7g1&#8243; custom_class=&#8221;&#8221; admin_preview_bg=&#8221;&#8221;]\n<p style=\"text-align: center;\">W oparciu o plany naszego dzia\u0142u projektowego, nasi <strong>rzemie\u015blnicy<\/strong> produkuj\u0105 <strong>meble na zam\u00f3wienie<\/strong>, takie jak sto\u0142y konferencyjne, szafy na dokumenty, biurka, siedziska, meble do przechowywania, stacje robocze, lady recepcyjne, akcesoria i dodatki.<\/p>\n[\/av_textblock]\n\n[av_hr class=&#8221;invisible&#8221; height=&#8221;40&#8243; shadow=&#8221;no-shadow&#8221; position=&#8221;center&#8221; custom_border=&#8221;av-border-fat&#8221; custom_width=&#8221;100px&#8221; custom_border_color=&#8221;#fab300&#8243; custom_margin_top=&#8221;0px&#8221; custom_margin_bottom=&#8221;30px&#8221; icon_select=&#8221;no&#8221; custom_icon_color=&#8221;&#8221; icon=&#8221;ue808&#8243; font=&#8221;entypo-fontello&#8221; av_uid=&#8221;av-jj21opc3&#8243; custom_class=&#8221;&#8221; admin_preview_bg=&#8221;&#8221;]\n\n[av_three_fifth first min_height=&#8221;av-equal-height-column&#8221; vertical_alignment=&#8221;av-align-top&#8221; space=&#8221;&#8221; margin=&#8221;0px&#8221; margin_sync=&#8221;true&#8221; link=&#8221;&#8221; linktarget=&#8221;&#8221; link_hover=&#8221;&#8221; padding=&#8221;0px&#8221; padding_sync=&#8221;true&#8221; border=&#8221;&#8221; border_color=&#8221;&#8221; radius=&#8221;0px&#8221; radius_sync=&#8221;true&#8221; background=&#8221;bg_color&#8221; background_color=&#8221;&#8221; background_gradient_color1=&#8221;&#8221; background_gradient_color2=&#8221;&#8221; background_gradient_direction=&#8221;vertical&#8221; src=&#8221;&#8221; attachment=&#8221;&#8221; attachment_size=&#8221;&#8221; background_position=&#8221;top left&#8221; background_repeat=&#8221;no-repeat&#8221; animation=&#8221;right-to-left&#8221; mobile_breaking=&#8221;&#8221; mobile_display=&#8221;&#8221; av_uid=&#8221;av-3zzjgv&#8221; custom_class=&#8221;&#8221;]\n\n[av_image src=&#8221;https:\/\/formar-contract.it\/wp-content\/uploads\/2018\/07\/servizi-formar-contract-realizzazione-arredi.jpg&#8221; attachment=&#8221;3505&#8243; attachment_size=&#8221;full&#8221; align=&#8221;center&#8221; styling=&#8221;no-styling&#8221; hover=&#8221;av-hover-grow&#8221; link=&#8221;&#8221; target=&#8221;&#8221; caption=&#8221;&#8221; font_size=&#8221;&#8221; appearance=&#8221;&#8221; overlay_opacity=&#8221;0.4&#8243; overlay_color=&#8221;#000000&#8243; overlay_text_color=&#8221;#ffffff&#8221; copyright=&#8221;&#8221; animation=&#8221;pop-up&#8221; av_uid=&#8221;av-jj1b1i4h&#8221; custom_class=&#8221;&#8221; admin_preview_bg=&#8221;&#8221;][\/av_image]\n\n[\/av_three_fifth][av_two_fifth min_height=&#8221;av-equal-height-column&#8221; vertical_alignment=&#8221;av-align-top&#8221; space=&#8221;&#8221; margin=&#8221;0px&#8221; margin_sync=&#8221;true&#8221; link=&#8221;&#8221; linktarget=&#8221;&#8221; link_hover=&#8221;&#8221; padding=&#8221;0px&#8221; padding_sync=&#8221;true&#8221; border=&#8221;&#8221; border_color=&#8221;&#8221; radius=&#8221;0px&#8221; radius_sync=&#8221;true&#8221; background=&#8221;bg_color&#8221; background_color=&#8221;&#8221; background_gradient_color1=&#8221;&#8221; background_gradient_color2=&#8221;&#8221; background_gradient_direction=&#8221;vertical&#8221; src=&#8221;https:\/\/formar-contract.it\/wp-content\/uploads\/2018\/06\/cit2.png&#8221; attachment=&#8221;3300&#8243; attachment_size=&#8221;full&#8221; background_position=&#8221;bottom right&#8221; background_repeat=&#8221;no-repeat&#8221; animation=&#8221;&#8221; mobile_breaking=&#8221;&#8221; mobile_display=&#8221;&#8221; av_uid=&#8221;av-5g7wdb&#8221; custom_class=&#8221;&#8221;]\n\n[av_heading tag=&#8221;h3&#8243; padding=&#8221;0&#8243; heading=&#8221;I nostri artigiani realizzano arredi su misura sulla base delle indicazioni dell\u2019ufficio progettazione&#8221; color=&#8221;&#8221; style=&#8221;blockquote modern-quote&#8221; custom_font=&#8221;&#8221; size=&#8221;36&#8243; subheading_active=&#8221;&#8221; subheading_size=&#8221;15&#8243; custom_class=&#8221;&#8221; admin_preview_bg=&#8221;&#8221; av-desktop-hide=&#8221;&#8221; av-medium-hide=&#8221;&#8221; av-small-hide=&#8221;&#8221; av-mini-hide=&#8221;&#8221; av-medium-font-size-title=&#8221;&#8221; av-small-font-size-title=&#8221;&#8221; av-mini-font-size-title=&#8221;&#8221; av-medium-font-size=&#8221;&#8221; av-small-font-size=&#8221;&#8221; av-mini-font-size=&#8221;&#8221; margin=&#8221;&#8221; av_uid=&#8221;av-2udk65&#8243;][\/av_heading]\n\n[\/av_two_fifth]\n[\/av_section]\n\n[av_section min_height=&#8221;&#8221; min_height_px=&#8221;500px&#8221; padding=&#8221;default&#8221; shadow=&#8221;no-border-styling&#8221; bottom_border=&#8221;no-border-styling&#8221; bottom_border_diagonal_color=&#8221;#333333&#8243; bottom_border_diagonal_direction=&#8221;&#8221; bottom_border_style=&#8221;&#8221; custom_arrow_bg=&#8221;&#8221; id=&#8221;&#8221; color=&#8221;main_color&#8221; background=&#8221;bg_gradient&#8221; custom_bg=&#8221;&#8221; background_gradient_color1=&#8221;#fab300&#8243; background_gradient_color2=&#8221;#f7c100&#8243; background_gradient_direction=&#8221;diagonal_tb&#8221; src=&#8221;&#8221; attachment=&#8221;&#8221; attachment_size=&#8221;&#8221; attach=&#8221;scroll&#8221; position=&#8221;top left&#8221; repeat=&#8221;no-repeat&#8221; video=&#8221;&#8221; video_ratio=&#8221;16:9&#8243; overlay_opacity=&#8221;0.5&#8243; overlay_color=&#8221;&#8221; overlay_pattern=&#8221;&#8221; overlay_custom_pattern=&#8221;&#8221; av_element_hidden_in_editor=&#8221;0&#8243; av_uid=&#8221;av-97digt&#8221; custom_class=&#8221;&#8221;]\n[av_one_fifth first min_height=&#8221;av-equal-height-column&#8221; vertical_alignment=&#8221;av-align-middle&#8221; space=&#8221;no_margin&#8221; margin=&#8221;0px&#8221; margin_sync=&#8221;true&#8221; link=&#8221;&#8221; linktarget=&#8221;&#8221; link_hover=&#8221;&#8221; padding=&#8221;0px&#8221; padding_sync=&#8221;true&#8221; border=&#8221;&#8221; border_color=&#8221;&#8221; radius=&#8221;0px&#8221; radius_sync=&#8221;true&#8221; background=&#8221;bg_color&#8221; background_color=&#8221;&#8221; background_gradient_color1=&#8221;&#8221; background_gradient_color2=&#8221;&#8221; background_gradient_direction=&#8221;vertical&#8221; src=&#8221;&#8221; attachment=&#8221;&#8221; attachment_size=&#8221;&#8221; background_position=&#8221;top left&#8221; background_repeat=&#8221;no-repeat&#8221; animation=&#8221;&#8221; mobile_breaking=&#8221;&#8221; mobile_display=&#8221;&#8221; av_uid=&#8221;av-86lkfh&#8221; custom_class=&#8221;&#8221;]\n\n[av_font_icon icon=&#8221;ue854&#8243; font=&#8221;entypo-fontello&#8221; style=&#8221;border&#8221; caption=&#8221;&#8221; link=&#8221;page,3516&#8243; linktarget=&#8221;&#8221; size=&#8221;60px&#8221; position=&#8221;center&#8221; color=&#8221;#ffffff&#8221; av_uid=&#8221;av-jj23v1yv&#8221; custom_class=&#8221;&#8221; admin_preview_bg=&#8221;&#8221;][\/av_font_icon]\n\n[\/av_one_fifth][av_three_fifth min_height=&#8221;&#8221; vertical_alignment=&#8221;av-align-top&#8221; space=&#8221;&#8221; margin=&#8221;0px&#8221; margin_sync=&#8221;true&#8221; link=&#8221;&#8221; linktarget=&#8221;&#8221; link_hover=&#8221;&#8221; padding=&#8221;0px,20px,0px,0px&#8221; border=&#8221;&#8221; border_color=&#8221;&#8221; radius=&#8221;0px&#8221; radius_sync=&#8221;true&#8221; background=&#8221;bg_color&#8221; background_color=&#8221;&#8221; background_gradient_color1=&#8221;&#8221; background_gradient_color2=&#8221;&#8221; background_gradient_direction=&#8221;vertical&#8221; src=&#8221;&#8221; attachment=&#8221;&#8221; attachment_size=&#8221;&#8221; background_position=&#8221;top left&#8221; background_repeat=&#8221;no-repeat&#8221; animation=&#8221;&#8221; mobile_breaking=&#8221;&#8221; mobile_display=&#8221;&#8221; av_uid=&#8221;av-69i7od&#8221; custom_class=&#8221;&#8221;]\n\n[av_heading tag=&#8221;h3&#8243; padding=&#8221;0&#8243; heading=&#8221;Contattaci&#8221; color=&#8221;custom-color-heading&#8221; style=&#8221;blockquote modern-quote&#8221; custom_font=&#8221;#020202&#8243; size=&#8221;28&#8243; subheading_active=&#8221;&#8221; subheading_size=&#8221;15&#8243; custom_class=&#8221;&#8221; admin_preview_bg=&#8221;&#8221; av-desktop-hide=&#8221;&#8221; av-medium-hide=&#8221;&#8221; av-small-hide=&#8221;&#8221; av-mini-hide=&#8221;&#8221; av-medium-font-size-title=&#8221;&#8221; av-small-font-size-title=&#8221;&#8221; av-mini-font-size-title=&#8221;&#8221; av-medium-font-size=&#8221;&#8221; av-small-font-size=&#8221;&#8221; av-mini-font-size=&#8221;&#8221; margin=&#8221;&#8221;]\nFormar Contract jest r\u00f3wnie\u017c\n[\/av_heading]\n\n[av_textblock size=&#8221;17&#8243; font_color=&#8221;custom&#8221; color=&#8221;#020202&#8243; av-medium-font-size=&#8221;&#8221; av-small-font-size=&#8221;&#8221; av-mini-font-size=&#8221;&#8221; av_uid=&#8221;av-jj23wau4&#8243; custom_class=&#8221;&#8221; admin_preview_bg=&#8221;&#8221;]\n<strong>Nasz Dzia\u0142 Obs\u0142ugi Klienta jest do Twojej dyspozycji.  <\/strong>W celu uzyskania informacji lub zapytania o wycen\u0119, prosimy o kontakt! Nasi specjali\u015bci odpowiedz\u0105 na pytania dotycz\u0105ce naszych us\u0142ug: projektowania, realizacji, dostawy i monta\u017cu mebli biurowych. \n[\/av_textblock]\n\n[\/av_three_fifth][av_one_fifth min_height=&#8221;&#8221; vertical_alignment=&#8221;&#8221; space=&#8221;&#8221; custom_margin=&#8221;&#8221; margin=&#8221;0px&#8221; link=&#8221;&#8221; linktarget=&#8221;&#8221; link_hover=&#8221;&#8221; padding=&#8221;0px&#8221; border=&#8221;&#8221; border_color=&#8221;&#8221; radius=&#8221;0px&#8221; background=&#8221;bg_color&#8221; background_color=&#8221;&#8221; background_gradient_color1=&#8221;&#8221; background_gradient_color2=&#8221;&#8221; background_gradient_direction=&#8221;vertical&#8221; src=&#8221;&#8221; background_position=&#8221;top left&#8221; background_repeat=&#8221;no-repeat&#8221; animation=&#8221;&#8221; mobile_breaking=&#8221;&#8221; mobile_display=&#8221;&#8221; av_uid=&#8221;av-4qrmbh&#8221;]\n\n[av_button_big label=&#8221;ZAPIS&#8221; description_pos=&#8221;below&#8221; link=&#8221;page,3516&#8243; link_target=&#8221;&#8221; icon_select=&#8221;yes-left-icon&#8221; icon=&#8221;ue805&#8243; font=&#8221;entypo-fontello&#8221; custom_font=&#8221;&#8221; color=&#8221;theme-color-subtle&#8221; custom_bg=&#8221;#444444&#8243; color_hover=&#8221;theme-color-subtle&#8221; custom_bg_hover=&#8221;#444444&#8243; av_uid=&#8221;av-2p4q7x&#8221; custom_class=&#8221;&#8221; admin_preview_bg=&#8221;&#8221;][\/av_button_big]\n\n[av_hr class=&#8221;invisible&#8221; height=&#8221;20&#8243; shadow=&#8221;no-shadow&#8221; position=&#8221;center&#8221; custom_border=&#8221;av-border-thin&#8221; custom_width=&#8221;50px&#8221; custom_border_color=&#8221;&#8221; custom_margin_top=&#8221;30px&#8221; custom_margin_bottom=&#8221;30px&#8221; icon_select=&#8221;yes&#8221; custom_icon_color=&#8221;&#8221; icon=&#8221;ue808&#8243; font=&#8221;entypo-fontello&#8221; av_uid=&#8221;av-jj24q137&#8243; custom_class=&#8221;&#8221; admin_preview_bg=&#8221;&#8221;]\n\n[av_button_big label=&#8221;ZADZWO\u0143 DO NAS&#8221; description_pos=&#8221;below&#8221; link=&#8221;manually,tel:+390715906063&#8243; link_target=&#8221;_blank&#8221; icon_select=&#8221;yes-left-icon&#8221; icon=&#8221;ue854&#8243; font=&#8221;entypo-fontello&#8221; custom_font=&#8221;&#8221; color=&#8221;theme-color-subtle&#8221; custom_bg=&#8221;#444444&#8243; color_hover=&#8221;theme-color-subtle&#8221; custom_bg_hover=&#8221;#444444&#8243; av_uid=&#8221;av-2p4q7x&#8221; custom_class=&#8221;&#8221; admin_preview_bg=&#8221;&#8221;][\/av_button_big]\n\n[\/av_one_fifth]\n[\/av_section]\n","protected":false},"excerpt":{"rendered":"[av_section min_height=&#8221;&#8221; min_height_px=&#8221;500px&#8221; padding=&#8221;default&#8221; shadow=&#8221;no-border-styling&#8221; bottom_border=&#8221;no-border-styling&#8221; bottom_border_diagonal_color=&#8221;#333333&#8243; bottom_border_diagonal_direction=&#8221;&#8221; bottom_border_style=&#8221;&#8221; custom_arrow_bg=&#8221;&#8221; id=&#8221;&#8221; color=&#8221;main_color&#8221; background=&#8221;bg_color&#8221; custom_bg=&#8221;#ffffff&#8221; background_gradient_color1=&#8221;&#8221; background_gradient_color2=&#8221;&#8221; background_gradient_direction=&#8221;vertical&#8221; src=&#8221;&#8221; attachment=&#8221;&#8221; attachment_size=&#8221;&#8221; attach=&#8221;scroll&#8221; position=&#8221;top left&#8221; repeat=&#8221;no-repeat&#8221; video=&#8221;&#8221; video_ratio=&#8221;16:9&#8243; overlay_opacity=&#8221;0.5&#8243; overlay_color=&#8221;&#8221; overlay_pattern=&#8221;&#8221; overlay_custom_pattern=&#8221;&#8221; av_element_hidden_in_editor=&#8221;0&#8243; av_uid=&#8221;av-jj21ix0a&#8221; custom_class=&#8221;&#8221;] [av_heading tag=&#8221;h3&#8243; padding=&#8221;0&#8243; heading=&#8221;Realizzazione Arredi&#8221; color=&#8221;&#8221; style=&#8221;blockquote modern-quote modern-centered&#8221; custom_font=&#8221;&#8221; size=&#8221;60&#8243; subheading_active=&#8221;&#8221; subheading_size=&#8221;15&#8243; custom_class=&#8221;&#8221; admin_preview_bg=&#8221;&#8221; av-desktop-hide=&#8221;&#8221; av-medium-hide=&#8221;&#8221; av-small-hide=&#8221;&#8221; av-mini-hide=&#8221;&#8221; av-medium-font-size-title=&#8221;&#8221; av-small-font-size-title=&#8221;&#8221; av-mini-font-size-title=&#8221;&#8221; [&#8230;]\n","protected":false},"author":5,"featured_media":0,"parent":42130,"menu_order":0,"comment_status":"closed","ping_status":"closed","template":"","meta":{"_joinchat":[],"footnotes":""},"class_list":["post-42081","page","type-page","status-publish","hentry"],"yoast_head":"<!-- This site is optimized with the Yoast SEO plugin v27.4 - https:\/\/yoast.com\/product\/yoast-seo-wordpress\/ -->\n<title>Realizacja mebli - Formar.shop<\/title>\n<meta name=\"robots\" content=\"index, follow, max-snippet:-1, max-image-preview:large, max-video-preview:-1\" \/>\n<link rel=\"canonical\" href=\"https:\/\/formar.shop\/pl\/nasze-uslugi\/realizacja-mebli\/\" \/>\n<script type=\"application\/ld+json\" class=\"yoast-schema-graph\">{\"@context\":\"https:\\\/\\\/schema.org\",\"@graph\":[{\"@type\":\"WebPage\",\"@id\":\"https:\\\/\\\/formar.shop\\\/pl\\\/nasze-uslugi\\\/realizacja-mebli\\\/\",\"url\":\"https:\\\/\\\/formar.shop\\\/pl\\\/nasze-uslugi\\\/realizacja-mebli\\\/\",\"name\":\"Realizacja mebli - Formar.shop\",\"isPartOf\":{\"@id\":\"https:\\\/\\\/formar.shop\\\/pl\\\/#website\"},\"datePublished\":\"2025-01-18T14:40:51+00:00\",\"dateModified\":\"2025-01-18T14:41:13+00:00\",\"breadcrumb\":{\"@id\":\"https:\\\/\\\/formar.shop\\\/pl\\\/nasze-uslugi\\\/realizacja-mebli\\\/#breadcrumb\"},\"inLanguage\":\"pl-PL\",\"potentialAction\":[{\"@type\":\"ReadAction\",\"target\":[\"https:\\\/\\\/formar.shop\\\/pl\\\/nasze-uslugi\\\/realizacja-mebli\\\/\"]}]},{\"@type\":\"BreadcrumbList\",\"@id\":\"https:\\\/\\\/formar.shop\\\/pl\\\/nasze-uslugi\\\/realizacja-mebli\\\/#breadcrumb\",\"itemListElement\":[{\"@type\":\"ListItem\",\"position\":1,\"name\":\"Home\",\"item\":\"https:\\\/\\\/formar.shop\\\/pl\\\/auto-draft\\\/\"},{\"@type\":\"ListItem\",\"position\":2,\"name\":\"Nasze us\u0142ugi\",\"item\":\"https:\\\/\\\/formar.shop\\\/pl\\\/nasze-uslugi\\\/\"},{\"@type\":\"ListItem\",\"position\":3,\"name\":\"Realizacja mebli\"}]},{\"@type\":\"WebSite\",\"@id\":\"https:\\\/\\\/formar.shop\\\/pl\\\/#website\",\"url\":\"https:\\\/\\\/formar.shop\\\/pl\\\/\",\"name\":\"Formar.shop\",\"description\":\"Soluzioni espresse con stile\",\"potentialAction\":[{\"@type\":\"SearchAction\",\"target\":{\"@type\":\"EntryPoint\",\"urlTemplate\":\"https:\\\/\\\/formar.shop\\\/pl\\\/?s={search_term_string}\"},\"query-input\":{\"@type\":\"PropertyValueSpecification\",\"valueRequired\":true,\"valueName\":\"search_term_string\"}}],\"inLanguage\":\"pl-PL\"}]}<\/script>\n<!-- \/ Yoast SEO plugin. -->","yoast_head_json":{"title":"Realizacja mebli - Formar.shop","robots":{"index":"index","follow":"follow","max-snippet":"max-snippet:-1","max-image-preview":"max-image-preview:large","max-video-preview":"max-video-preview:-1"},"canonical":"https:\/\/formar.shop\/pl\/nasze-uslugi\/realizacja-mebli\/","schema":{"@context":"https:\/\/schema.org","@graph":[{"@type":"WebPage","@id":"https:\/\/formar.shop\/pl\/nasze-uslugi\/realizacja-mebli\/","url":"https:\/\/formar.shop\/pl\/nasze-uslugi\/realizacja-mebli\/","name":"Realizacja mebli - Formar.shop","isPartOf":{"@id":"https:\/\/formar.shop\/pl\/#website"},"datePublished":"2025-01-18T14:40:51+00:00","dateModified":"2025-01-18T14:41:13+00:00","breadcrumb":{"@id":"https:\/\/formar.shop\/pl\/nasze-uslugi\/realizacja-mebli\/#breadcrumb"},"inLanguage":"pl-PL","potentialAction":[{"@type":"ReadAction","target":["https:\/\/formar.shop\/pl\/nasze-uslugi\/realizacja-mebli\/"]}]},{"@type":"BreadcrumbList","@id":"https:\/\/formar.shop\/pl\/nasze-uslugi\/realizacja-mebli\/#breadcrumb","itemListElement":[{"@type":"ListItem","position":1,"name":"Home","item":"https:\/\/formar.shop\/pl\/auto-draft\/"},{"@type":"ListItem","position":2,"name":"Nasze us\u0142ugi","item":"https:\/\/formar.shop\/pl\/nasze-uslugi\/"},{"@type":"ListItem","position":3,"name":"Realizacja mebli"}]},{"@type":"WebSite","@id":"https:\/\/formar.shop\/pl\/#website","url":"https:\/\/formar.shop\/pl\/","name":"Formar.shop","description":"Soluzioni espresse con stile","potentialAction":[{"@type":"SearchAction","target":{"@type":"EntryPoint","urlTemplate":"https:\/\/formar.shop\/pl\/?s={search_term_string}"},"query-input":{"@type":"PropertyValueSpecification","valueRequired":true,"valueName":"search_term_string"}}],"inLanguage":"pl-PL"}]}},"_links":{"self":[{"href":"https:\/\/formar.shop\/pl\/wp-json\/wp\/v2\/pages\/42081","targetHints":{"allow":["GET"]}}],"collection":[{"href":"https:\/\/formar.shop\/pl\/wp-json\/wp\/v2\/pages"}],"about":[{"href":"https:\/\/formar.shop\/pl\/wp-json\/wp\/v2\/types\/page"}],"author":[{"embeddable":true,"href":"https:\/\/formar.shop\/pl\/wp-json\/wp\/v2\/users\/5"}],"replies":[{"embeddable":true,"href":"https:\/\/formar.shop\/pl\/wp-json\/wp\/v2\/comments?post=42081"}],"version-history":[{"count":1,"href":"https:\/\/formar.shop\/pl\/wp-json\/wp\/v2\/pages\/42081\/revisions"}],"predecessor-version":[{"id":42083,"href":"https:\/\/formar.shop\/pl\/wp-json\/wp\/v2\/pages\/42081\/revisions\/42083"}],"up":[{"embeddable":true,"href":"https:\/\/formar.shop\/pl\/wp-json\/wp\/v2\/pages\/42130"}],"wp:attachment":[{"href":"https:\/\/formar.shop\/pl\/wp-json\/wp\/v2\/media?parent=42081"}],"curies":[{"name":"wp","href":"https:\/\/api.w.org\/{rel}","templated":true}]}}