{"id":48265,"date":"2025-01-18T21:38:27","date_gmt":"2025-01-18T20:38:27","guid":{"rendered":"https:\/\/formar.shop\/prodotto\/konsollbord-spider\/"},"modified":"2025-01-18T21:38:35","modified_gmt":"2025-01-18T20:38:35","slug":"konsollbord-spider","status":"publish","type":"product","link":"https:\/\/formar.shop\/no\/prodotto\/konsollbord-spider\/","title":{"rendered":"Konsollbord &#8211; Spider"},"content":{"rendered":"<div class=\"slider-wrapper relative\" id=\"slider-149912298\" >\n    <div class=\"slider slider-nav-circle slider-nav-large slider-nav-dark slider-style-normal\"\n        data-flickity-options='{\n            \"cellAlign\": \"center\",\n            \"imagesLoaded\": true,\n            \"lazyLoad\": 1,\n            \"freeScroll\": false,\n            \"wrapAround\": true,\n            \"autoPlay\": 6000,\n            \"pauseAutoPlayOnHover\" : true,\n            \"prevNextButtons\": true,\n            \"contain\" : true,\n            \"adaptiveHeight\" : true,\n            \"dragThreshold\" : 10,\n            \"percentPosition\": true,\n            \"pageDots\": true,\n            \"rightToLeft\": false,\n            \"draggable\": true,\n            \"selectedAttraction\": 0.1,\n            \"parallax\" : 0,\n            \"friction\": 0.6        }'\n        >\n        \n\t<div class=\"img has-hover x md-x lg-x y md-y lg-y\" id=\"image_1220246255\">\n\t\t\t\t\t\t\t\t<div class=\"img-inner dark\" >\n\t\t\t<img loading=\"lazy\" decoding=\"async\" width=\"775\" height=\"1030\" src=\"https:\/\/static.formar.net\/wp-content\/uploads\/2020\/12\/11164238\/Immagini-x-shop-04.png\" class=\"attachment-large size-large\" alt=\"\" srcset=\"https:\/\/static.formar.net\/wp-content\/uploads\/2020\/12\/11164238\/Immagini-x-shop-04.png 1071w, https:\/\/static.formar.net\/wp-content\/uploads\/2020\/12\/11164238\/Immagini-x-shop-04-510x678.png 510w\" sizes=\"auto, (max-width: 775px) 100vw, 775px\" \/>\t\t\t\t\t\t\n\t\t\t\t\t<\/div>\n\t\t\t\t\t\t\t\t\n<style>\n#image_1220246255 {\n  width: 100%;\n}\n<\/style>\n\t<\/div>\n\t\n\t<div class=\"img has-hover x md-x lg-x y md-y lg-y\" id=\"image_777016842\">\n\t\t\t\t\t\t\t\t<div class=\"img-inner dark\" >\n\t\t\t<img loading=\"lazy\" decoding=\"async\" width=\"1001\" height=\"1001\" src=\"https:\/\/static.formar.net\/wp-content\/uploads\/2020\/12\/04172716\/Immagini-di-prodotto-x-Amazon-07.png\" class=\"attachment-large size-large\" alt=\"\" \/>\t\t\t\t\t\t\n\t\t\t\t\t<\/div>\n\t\t\t\t\t\t\t\t\n<style>\n#image_777016842 {\n  width: 100%;\n}\n<\/style>\n\t<\/div>\n\t\n\t<div class=\"img has-hover x md-x lg-x y md-y lg-y\" id=\"image_1718087983\">\n\t\t\t\t\t\t\t\t<div class=\"img-inner dark\" >\n\t\t\t<img loading=\"lazy\" decoding=\"async\" width=\"1020\" height=\"680\" src=\"https:\/\/static.formar.net\/wp-content\/uploads\/sites\/1\/2022\/11\/02111040\/Spider-Consolle_12per-web-1030x687.jpg\" class=\"attachment-large size-large\" alt=\"\" srcset=\"https:\/\/static.formar.net\/wp-content\/uploads\/sites\/1\/2022\/11\/02111040\/Spider-Consolle_12per-web-1030x687.jpg 1030w, https:\/\/static.formar.net\/wp-content\/uploads\/sites\/1\/2022\/11\/02111040\/Spider-Consolle_12per-web-300x200.jpg 300w, https:\/\/static.formar.net\/wp-content\/uploads\/sites\/1\/2022\/11\/02111040\/Spider-Consolle_12per-web-768x512.jpg 768w, https:\/\/static.formar.net\/wp-content\/uploads\/sites\/1\/2022\/11\/02111040\/Spider-Consolle_12per-web-1536x1024.jpg 1536w, https:\/\/static.formar.net\/wp-content\/uploads\/sites\/1\/2022\/11\/02111040\/Spider-Consolle_12per-web-2048x1365.jpg 2048w, https:\/\/static.formar.net\/wp-content\/uploads\/sites\/1\/2022\/11\/02111040\/Spider-Consolle_12per-web-510x340.jpg 510w, https:\/\/static.formar.net\/wp-content\/uploads\/sites\/1\/2022\/11\/02111040\/Spider-Consolle_12per-web-1200x800.jpg 1200w, https:\/\/static.formar.net\/wp-content\/uploads\/sites\/1\/2022\/11\/02111040\/Spider-Consolle_12per-web-600x400.jpg 600w\" sizes=\"auto, (max-width: 1020px) 100vw, 1020px\" \/>\t\t\t\t\t\t\n\t\t\t\t\t<\/div>\n\t\t\t\t\t\t\t\t\n<style>\n#image_1718087983 {\n  width: 100%;\n}\n<\/style>\n\t<\/div>\n\t\n\t<div class=\"img has-hover x md-x lg-x y md-y lg-y\" id=\"image_2118435480\">\n\t\t\t\t\t\t\t\t<div class=\"img-inner dark\" >\n\t\t\t<img loading=\"lazy\" decoding=\"async\" width=\"2560\" height=\"1707\" src=\"https:\/\/static.formar.net\/wp-content\/uploads\/sites\/1\/2022\/11\/02111039\/Spider-Consolle_19-per-web-scaled.jpg\" class=\"attachment-original size-original\" alt=\"\" srcset=\"https:\/\/static.formar.net\/wp-content\/uploads\/sites\/1\/2022\/11\/02111039\/Spider-Consolle_19-per-web-scaled.jpg 2560w, https:\/\/static.formar.net\/wp-content\/uploads\/sites\/1\/2022\/11\/02111039\/Spider-Consolle_19-per-web-300x200.jpg 300w, https:\/\/static.formar.net\/wp-content\/uploads\/sites\/1\/2022\/11\/02111039\/Spider-Consolle_19-per-web-1030x687.jpg 1030w, https:\/\/static.formar.net\/wp-content\/uploads\/sites\/1\/2022\/11\/02111039\/Spider-Consolle_19-per-web-768x512.jpg 768w, https:\/\/static.formar.net\/wp-content\/uploads\/sites\/1\/2022\/11\/02111039\/Spider-Consolle_19-per-web-1536x1024.jpg 1536w, https:\/\/static.formar.net\/wp-content\/uploads\/sites\/1\/2022\/11\/02111039\/Spider-Consolle_19-per-web-2048x1365.jpg 2048w, https:\/\/static.formar.net\/wp-content\/uploads\/sites\/1\/2022\/11\/02111039\/Spider-Consolle_19-per-web-510x340.jpg 510w, https:\/\/static.formar.net\/wp-content\/uploads\/sites\/1\/2022\/11\/02111039\/Spider-Consolle_19-per-web-1200x800.jpg 1200w, https:\/\/static.formar.net\/wp-content\/uploads\/sites\/1\/2022\/11\/02111039\/Spider-Consolle_19-per-web-600x400.jpg 600w\" sizes=\"auto, (max-width: 2560px) 100vw, 2560px\" \/>\t\t\t\t\t\t\n\t\t\t\t\t<\/div>\n\t\t\t\t\t\t\t\t\n<style>\n#image_2118435480 {\n  width: 100%;\n}\n<\/style>\n\t<\/div>\n\t\n     <\/div>\n\n     <div class=\"loading-spin dark large centered\"><\/div>\n\n\t<\/div>\n\n\n<h3>BORD &#8211; SPIDER<\/h3>\n<p>Moderne, praktisk, innovativt og funksjonelt, l\u00f8sningen for m\u00f8blering av hjemmet eller kontoret.<br \/>\nTakket v\u00e6re den spesielle <strong>strukturen med hylle<\/strong> er dette konsollbordet ogs\u00e5 perfekt for dem som har behov for \u00e5 jobbe hjemmefra.<br \/>\nKonsollbordet Spider har en naturlig touch og elegante linjer, og er <strong>komfortabelt<\/strong> og <strong>romslig<\/strong> takket v\u00e6re den andre hyllen med svarte skillevegger.<br \/>\nDette m\u00f8belet passer lett inn i et arbeidsrom, en stue, et soverom eller et hvilket som helst annet hjemmemilj\u00f8.<\/p>\n<h3 class=\"av-special-heading-tag \">DESIGN PRODUKT<\/h3>\n<p>Det er designet av designeren Chen Zhiyi, designdirekt\u00f8r for Morikawa Furniture.<br \/>\nZhiyi vant en prestisjefylt pris p\u00e5 Shanghai International Furniture Exhibition og spiller en viktig rolle p\u00e5 den globale interi\u00f8rdesignscenen.<br \/>\n&laquo;Enkelhet, mote og milj\u00f8vern&raquo; er filosofien bak arbeidet hans. <\/p>\n<h3 id=\"h-materiali-di-qualit\">KVALITETSMATERIALER<\/h3>\n<p>Materialvalget og sansen for detaljer gj\u00f8r Spider konsollbord til et m\u00f8bel med enkle linjer og h\u00f8y kvalitet.<br \/>\nBena er i<strong> massivt b\u00f8ketre<\/strong> med en naturlig finish, platene i hvit <strong>MDF<\/strong> og skj\u00f8ten mellom de to platene i svart polypropylen. <\/p>\n<h3 class=\"av-special-heading-tag \">PRODUKTDIMENSJONER<\/h3>\n<p>Konsollbordet Spider er den perfekte l\u00f8sningen hvis du er p\u00e5 utkikk etter et bord som gir deg mulighet til \u00e5 optimalisere plassen takket v\u00e6re dimensjonene som gj\u00f8r at det ogs\u00e5 egner seg hjemme til <strong>smart arbeid<\/strong> eller som <strong>databord<\/strong>.<\/p>\n<p>Produktet m\u00e5ler: &#8211; 120 cm i lengden &#8211; 70 cm i dybden &#8211; 75 cm i h\u00f8yden<\/p>\n<h3>STELL OG VEDLIKEHOLD:<\/h3>\n<p>Test f\u00f8rst om rengj\u00f8ringsmidlene er kompatible p\u00e5 et ikke-synlig omr\u00e5de.<br \/>\nBruk aldri rengj\u00f8rings- eller poleringsmidler med slipende eller avfettende partikler.<br \/>\nT\u00f8rk alltid av med en fuktig klut og t\u00f8rk etter.<\/p>\n\n\t<section class=\"section\" id=\"section_329186733\">\n\t\t<div class=\"section-bg fill\" >\n\t\t\t\t\t\t\t\t\t\n\t\t\t\n\n\t\t<\/div>\n\n\t\t\n\n\t\t<div class=\"section-content relative\">\n\t\t\t\n<div class=\"is-divider divider clearfix\" style=\"max-width:1000px;\"><\/div>\n<div class=\"row row-solid\"  id=\"row-1669677307\">\n\n\t<div id=\"col-169050922\" class=\"col medium-3 small-12 large-3\"  >\n\t\t\t\t<div class=\"col-inner\"  >\n\t\t\t\n\t\t\t\n\n\t\t<div class=\"icon-box featured-box icon-box-center text-center\"  >\n\t\t\t\t\t<div class=\"icon-box-img\" style=\"width: 50px\">\n\t\t\t\t<div class=\"icon\">\n\t\t\t\t\t<div class=\"icon-inner\" >\n\t\t\t\t\t\t<img loading=\"lazy\" decoding=\"async\" width=\"128\" height=\"128\" src=\"https:\/\/static.formar.net\/wp-content\/uploads\/sites\/1\/2022\/10\/02111131\/2703076-128-1-1.png\" class=\"attachment-medium size-medium\" alt=\"\" srcset=\"https:\/\/static.formar.net\/wp-content\/uploads\/sites\/1\/2022\/10\/02111131\/2703076-128-1-1.png 128w, https:\/\/static.formar.net\/wp-content\/uploads\/sites\/1\/2022\/10\/02111131\/2703076-128-1-1-80x80.png 80w, https:\/\/static.formar.net\/wp-content\/uploads\/sites\/1\/2022\/10\/02111131\/2703076-128-1-1-100x100.png 100w, https:\/\/static.formar.net\/wp-content\/uploads\/sites\/1\/2022\/10\/02111131\/2703076-128-1-1-50x50.png 50w\" sizes=\"auto, (max-width: 128px) 100vw, 128px\" \/>\t\t\t\t\t<\/div>\n\t\t\t\t<\/div>\n\t\t\t<\/div>\n\t\t\t\t<div class=\"icon-box-text last-reset\">\n\t\t\t\t\t\t\t\t\t\n<h3>Alltid tilgjengelig kundeservice<\/h3>\n<p>Du kan n\u00e5 oss via WhatsApp:  <a href=\"https:\/\/api.whatsapp.com\/send\/?phone=390715906063&amp;text&amp;type=phone_number&amp;app_absent=0\">+39 071 5906063<\/a><\/p>\n<p>Bestillinger per telefon: <a href=\"tel:+39800122267\">800 122 267<\/a><\/p>\n\t\t<\/div>\n\t<\/div>\n\t\n\t\n\t\t<\/div>\n\t\t\t\t\t<\/div>\n\n\t\n\n\t<div id=\"col-1773109959\" class=\"col medium-3 small-12 large-3\"  >\n\t\t\t\t<div class=\"col-inner\"  >\n\t\t\t\n\t\t\t\n\n\t\t<div class=\"icon-box featured-box icon-box-center text-center\"  >\n\t\t\t\t\t<div class=\"icon-box-img\" style=\"width: 50px\">\n\t\t\t\t<div class=\"icon\">\n\t\t\t\t\t<div class=\"icon-inner\" >\n\t\t\t\t\t\t<img loading=\"lazy\" decoding=\"async\" width=\"256\" height=\"256\" src=\"https:\/\/static.formar.net\/wp-content\/uploads\/sites\/1\/2022\/11\/02111117\/Icona-carta-di-credito.png\" class=\"attachment-medium size-medium\" alt=\"\" srcset=\"https:\/\/static.formar.net\/wp-content\/uploads\/sites\/1\/2022\/11\/02111117\/Icona-carta-di-credito.png 256w, https:\/\/static.formar.net\/wp-content\/uploads\/sites\/1\/2022\/11\/02111117\/Icona-carta-di-credito-80x80.png 80w, https:\/\/static.formar.net\/wp-content\/uploads\/sites\/1\/2022\/11\/02111117\/Icona-carta-di-credito-100x100.png 100w, https:\/\/static.formar.net\/wp-content\/uploads\/sites\/1\/2022\/11\/02111117\/Icona-carta-di-credito-50x50.png 50w\" sizes=\"auto, (max-width: 256px) 100vw, 256px\" \/>\t\t\t\t\t<\/div>\n\t\t\t\t<\/div>\n\t\t\t<\/div>\n\t\t\t\t<div class=\"icon-box-text last-reset\">\n\t\t\t\t\t\t\t\t\t\n<h3>Velg betalingsm\u00e5te<\/h3>\n<p>Betaling via Paypal, kredittkort, kontanter eller debetkort (p\u00e5 stedet) og kontant ved levering<\/p>\n\t\t<\/div>\n\t<\/div>\n\t\n\t\n\t\t<\/div>\n\t\t\t\t\t<\/div>\n\n\t\n\n\t<div id=\"col-489256704\" class=\"col medium-3 small-12 large-3\"  >\n\t\t\t\t<div class=\"col-inner\"  >\n\t\t\t\n\t\t\t\n\n\t\t<div class=\"icon-box featured-box icon-box-center text-center\"  >\n\t\t\t\t\t<div class=\"icon-box-img\" style=\"width: 50px\">\n\t\t\t\t<div class=\"icon\">\n\t\t\t\t\t<div class=\"icon-inner\" >\n\t\t\t\t\t\t<img loading=\"lazy\" decoding=\"async\" width=\"128\" height=\"128\" src=\"https:\/\/static.formar.net\/wp-content\/uploads\/sites\/1\/2022\/10\/02111130\/3669335-128-1.png\" class=\"attachment-medium size-medium\" alt=\"\" srcset=\"https:\/\/static.formar.net\/wp-content\/uploads\/sites\/1\/2022\/10\/02111130\/3669335-128-1.png 128w, https:\/\/static.formar.net\/wp-content\/uploads\/sites\/1\/2022\/10\/02111130\/3669335-128-1-80x80.png 80w, https:\/\/static.formar.net\/wp-content\/uploads\/sites\/1\/2022\/10\/02111130\/3669335-128-1-100x100.png 100w, https:\/\/static.formar.net\/wp-content\/uploads\/sites\/1\/2022\/10\/02111130\/3669335-128-1-50x50.png 50w\" sizes=\"auto, (max-width: 128px) 100vw, 128px\" \/>\t\t\t\t\t<\/div>\n\t\t\t\t<\/div>\n\t\t\t<\/div>\n\t\t\t\t<div class=\"icon-box-text last-reset\">\n\t\t\t\t\t\t\t\t\t\n<h3>Enkel og bekymringsfri retur<\/h3>\n<p>Ved problemer organiserer vi henting direkte p\u00e5 adressen din.<a href=\"https:\/\/formar.shop\/regole-sulla-restituzione\/\">(Flere detaljer)<\/a>.<\/p>\n\t\t<\/div>\n\t<\/div>\n\t\n\t\n\t\t<\/div>\n\t\t\t\t\t<\/div>\n\n\t\n\n\t<div id=\"col-434898169\" class=\"col medium-3 small-12 large-3\"  >\n\t\t\t\t<div class=\"col-inner\"  >\n\t\t\t\n\t\t\t\n\n\t\t<div class=\"icon-box featured-box icon-box-center text-center\"  >\n\t\t\t\t\t<div class=\"icon-box-img\" style=\"width: 50px\">\n\t\t\t\t<div class=\"icon\">\n\t\t\t\t\t<div class=\"icon-inner\" >\n\t\t\t\t\t\t<img loading=\"lazy\" decoding=\"async\" width=\"128\" height=\"128\" src=\"https:\/\/static.formar.net\/wp-content\/uploads\/sites\/1\/2022\/10\/02111130\/5959201-128-1.png\" class=\"attachment-medium size-medium\" alt=\"\" srcset=\"https:\/\/static.formar.net\/wp-content\/uploads\/sites\/1\/2022\/10\/02111130\/5959201-128-1.png 128w, https:\/\/static.formar.net\/wp-content\/uploads\/sites\/1\/2022\/10\/02111130\/5959201-128-1-80x80.png 80w, https:\/\/static.formar.net\/wp-content\/uploads\/sites\/1\/2022\/10\/02111130\/5959201-128-1-100x100.png 100w, https:\/\/static.formar.net\/wp-content\/uploads\/sites\/1\/2022\/10\/02111130\/5959201-128-1-50x50.png 50w\" sizes=\"auto, (max-width: 128px) 100vw, 128px\" \/>\t\t\t\t\t<\/div>\n\t\t\t\t<\/div>\n\t\t\t<\/div>\n\t\t\t\t<div class=\"icon-box-text last-reset\">\n\t\t\t\t\t\t\t\t\t\n<h3>Produsentens garanti og reservedeler<\/h3>\n<p>Alle v\u00e5re produkter leveres med v\u00e5r garanti. For mange produkter garanterer vi reservedeler i samme periode.<\/p>\n\t\t<\/div>\n\t<\/div>\n\t\n\t\n\t\t<\/div>\n\t\t\t\t\t<\/div>\n\n\t\n\n<style>\n#row-1669677307 > .col > .col-inner {\n  padding: 20px 20px 20px 20px;\n}\n<\/style>\n<\/div>\n\t\t<\/div>\n\n\t\t\n<style>\n#section_329186733 {\n  padding-top: 30px;\n  padding-bottom: 30px;\n}\n<\/style>\n\t<\/section>\n\t\n","protected":false},"excerpt":{"rendered":"<p>Konsollbordet Spider er utviklet og designet av designeren CHEN ZHIYI, og er perfekt som skrivebord og hjemmekontor.<br \/>\nFinishen er ekstremt n\u00f8yaktig takket v\u00e6re valget av kvalitetsmaterialer: naturlig massivt b\u00f8ketre til bena, hvit MDF til hyllene og svart MDF til sammenf\u00f8yningsdelene.<br \/>\nMonteringen er rask og enkel.  <\/p>\n","protected":false},"featured_media":48267,"template":"","meta":{"_joinchat":[]},"product_brand":[],"product_cat":[2334,1940],"product_tag":[],"class_list":{"0":"post-48265","1":"product","2":"type-product","3":"status-publish","4":"has-post-thumbnail","6":"product_cat-bord-og-salongbord","7":"product_cat-hjem-no","9":"first","10":"instock","11":"taxable","12":"shipping-taxable","13":"purchasable","14":"product-type-simple"},"yoast_head":"<!-- This site is optimized with the Yoast SEO plugin v27.3 - https:\/\/yoast.com\/product\/yoast-seo-wordpress\/ -->\n<title>Konsollbord - Spider - Formar.shop<\/title>\n<meta name=\"robots\" content=\"index, follow, max-snippet:-1, max-image-preview:large, max-video-preview:-1\" \/>\n<link rel=\"canonical\" href=\"https:\/\/formar.shop\/no\/prodotto\/konsollbord-spider\/\" \/>\n<script type=\"application\/ld+json\" class=\"yoast-schema-graph\">{\"@context\":\"https:\\\/\\\/schema.org\",\"@graph\":[{\"@type\":\"WebPage\",\"@id\":\"https:\\\/\\\/formar.shop\\\/no\\\/prodotto\\\/konsollbord-spider\\\/\",\"url\":\"https:\\\/\\\/formar.shop\\\/no\\\/prodotto\\\/konsollbord-spider\\\/\",\"name\":\"Konsollbord - Spider - Formar.shop\",\"isPartOf\":{\"@id\":\"https:\\\/\\\/formar.shop\\\/no\\\/#website\"},\"primaryImageOfPage\":{\"@id\":\"https:\\\/\\\/formar.shop\\\/no\\\/prodotto\\\/konsollbord-spider\\\/#primaryimage\"},\"image\":{\"@id\":\"https:\\\/\\\/formar.shop\\\/no\\\/prodotto\\\/konsollbord-spider\\\/#primaryimage\"},\"thumbnailUrl\":\"https:\\\/\\\/static.formar.net\\\/wp-content\\\/uploads\\\/2020\\\/12\\\/04172727\\\/Immagini-di-prodotto-x-Amazon-08.png\",\"datePublished\":\"2025-01-18T20:38:27+00:00\",\"dateModified\":\"2025-01-18T20:38:35+00:00\",\"breadcrumb\":{\"@id\":\"https:\\\/\\\/formar.shop\\\/no\\\/prodotto\\\/konsollbord-spider\\\/#breadcrumb\"},\"inLanguage\":\"nb-NO\",\"potentialAction\":[{\"@type\":\"ReadAction\",\"target\":[\"https:\\\/\\\/formar.shop\\\/no\\\/prodotto\\\/konsollbord-spider\\\/\"]}]},{\"@type\":\"ImageObject\",\"inLanguage\":\"nb-NO\",\"@id\":\"https:\\\/\\\/formar.shop\\\/no\\\/prodotto\\\/konsollbord-spider\\\/#primaryimage\",\"url\":\"https:\\\/\\\/static.formar.net\\\/wp-content\\\/uploads\\\/2020\\\/12\\\/04172727\\\/Immagini-di-prodotto-x-Amazon-08.png\",\"contentUrl\":\"https:\\\/\\\/static.formar.net\\\/wp-content\\\/uploads\\\/2020\\\/12\\\/04172727\\\/Immagini-di-prodotto-x-Amazon-08.png\",\"width\":1001,\"height\":1001},{\"@type\":\"BreadcrumbList\",\"@id\":\"https:\\\/\\\/formar.shop\\\/no\\\/prodotto\\\/konsollbord-spider\\\/#breadcrumb\",\"itemListElement\":[{\"@type\":\"ListItem\",\"position\":1,\"name\":\"Home\",\"item\":\"https:\\\/\\\/formar.shop\\\/no\\\/auto-draft\\\/\"},{\"@type\":\"ListItem\",\"position\":2,\"name\":\"Butikk\",\"item\":\"https:\\\/\\\/formar.shop\\\/no\\\/butikk\\\/\"},{\"@type\":\"ListItem\",\"position\":3,\"name\":\"Konsollbord &#8211; Spider\"}]},{\"@type\":\"WebSite\",\"@id\":\"https:\\\/\\\/formar.shop\\\/no\\\/#website\",\"url\":\"https:\\\/\\\/formar.shop\\\/no\\\/\",\"name\":\"Formar.shop\",\"description\":\"Soluzioni espresse con stile\",\"potentialAction\":[{\"@type\":\"SearchAction\",\"target\":{\"@type\":\"EntryPoint\",\"urlTemplate\":\"https:\\\/\\\/formar.shop\\\/no\\\/?s={search_term_string}\"},\"query-input\":{\"@type\":\"PropertyValueSpecification\",\"valueRequired\":true,\"valueName\":\"search_term_string\"}}],\"inLanguage\":\"nb-NO\"}]}<\/script>\n<!-- \/ Yoast SEO plugin. -->","yoast_head_json":{"title":"Konsollbord - Spider - Formar.shop","robots":{"index":"index","follow":"follow","max-snippet":"max-snippet:-1","max-image-preview":"max-image-preview:large","max-video-preview":"max-video-preview:-1"},"canonical":"https:\/\/formar.shop\/no\/prodotto\/konsollbord-spider\/","schema":{"@context":"https:\/\/schema.org","@graph":[{"@type":"WebPage","@id":"https:\/\/formar.shop\/no\/prodotto\/konsollbord-spider\/","url":"https:\/\/formar.shop\/no\/prodotto\/konsollbord-spider\/","name":"Konsollbord - Spider - Formar.shop","isPartOf":{"@id":"https:\/\/formar.shop\/no\/#website"},"primaryImageOfPage":{"@id":"https:\/\/formar.shop\/no\/prodotto\/konsollbord-spider\/#primaryimage"},"image":{"@id":"https:\/\/formar.shop\/no\/prodotto\/konsollbord-spider\/#primaryimage"},"thumbnailUrl":"https:\/\/static.formar.net\/wp-content\/uploads\/2020\/12\/04172727\/Immagini-di-prodotto-x-Amazon-08.png","datePublished":"2025-01-18T20:38:27+00:00","dateModified":"2025-01-18T20:38:35+00:00","breadcrumb":{"@id":"https:\/\/formar.shop\/no\/prodotto\/konsollbord-spider\/#breadcrumb"},"inLanguage":"nb-NO","potentialAction":[{"@type":"ReadAction","target":["https:\/\/formar.shop\/no\/prodotto\/konsollbord-spider\/"]}]},{"@type":"ImageObject","inLanguage":"nb-NO","@id":"https:\/\/formar.shop\/no\/prodotto\/konsollbord-spider\/#primaryimage","url":"https:\/\/static.formar.net\/wp-content\/uploads\/2020\/12\/04172727\/Immagini-di-prodotto-x-Amazon-08.png","contentUrl":"https:\/\/static.formar.net\/wp-content\/uploads\/2020\/12\/04172727\/Immagini-di-prodotto-x-Amazon-08.png","width":1001,"height":1001},{"@type":"BreadcrumbList","@id":"https:\/\/formar.shop\/no\/prodotto\/konsollbord-spider\/#breadcrumb","itemListElement":[{"@type":"ListItem","position":1,"name":"Home","item":"https:\/\/formar.shop\/no\/auto-draft\/"},{"@type":"ListItem","position":2,"name":"Butikk","item":"https:\/\/formar.shop\/no\/butikk\/"},{"@type":"ListItem","position":3,"name":"Konsollbord &#8211; Spider"}]},{"@type":"WebSite","@id":"https:\/\/formar.shop\/no\/#website","url":"https:\/\/formar.shop\/no\/","name":"Formar.shop","description":"Soluzioni espresse con stile","potentialAction":[{"@type":"SearchAction","target":{"@type":"EntryPoint","urlTemplate":"https:\/\/formar.shop\/no\/?s={search_term_string}"},"query-input":{"@type":"PropertyValueSpecification","valueRequired":true,"valueName":"search_term_string"}}],"inLanguage":"nb-NO"}]}},"_links":{"self":[{"href":"https:\/\/formar.shop\/no\/wp-json\/wp\/v2\/product\/48265","targetHints":{"allow":["GET"]}}],"collection":[{"href":"https:\/\/formar.shop\/no\/wp-json\/wp\/v2\/product"}],"about":[{"href":"https:\/\/formar.shop\/no\/wp-json\/wp\/v2\/types\/product"}],"wp:featuredmedia":[{"embeddable":true,"href":"https:\/\/formar.shop\/no\/wp-json\/wp\/v2\/media\/48267"}],"wp:attachment":[{"href":"https:\/\/formar.shop\/no\/wp-json\/wp\/v2\/media?parent=48265"}],"wp:term":[{"taxonomy":"product_brand","embeddable":true,"href":"https:\/\/formar.shop\/no\/wp-json\/wp\/v2\/product_brand?post=48265"},{"taxonomy":"product_cat","embeddable":true,"href":"https:\/\/formar.shop\/no\/wp-json\/wp\/v2\/product_cat?post=48265"},{"taxonomy":"product_tag","embeddable":true,"href":"https:\/\/formar.shop\/no\/wp-json\/wp\/v2\/product_tag?post=48265"}],"curies":[{"name":"wp","href":"https:\/\/api.w.org\/{rel}","templated":true}]}}