{"id":49628,"date":"2025-01-19T08:54:37","date_gmt":"2025-01-19T07:54:37","guid":{"rendered":"https:\/\/formar.shop\/om-oss\/"},"modified":"2025-11-18T12:05:50","modified_gmt":"2025-11-18T11:05:50","slug":"om-oss","status":"publish","type":"page","link":"https:\/\/formar.shop\/no\/om-oss\/","title":{"rendered":"Om oss"},"content":{"rendered":"\n<div class=\"row\"  id=\"row-26815938\">\n\n\n\t<div id=\"col-117583545\" class=\"col medium-11 small-12 large-12\"  >\n\t\t\t\t<div class=\"col-inner text-center\"  >\n\t\t\t\n\t\t\t\n\n\t<div id=\"text-237895319\" class=\"text\">\n\t\t\n\n<h3><span style=\"font-size: 140%;\"><strong>OM OSS<\/strong><\/span><\/h3>\n<p><strong data-start=\"181\" data-end=\"196\">Formar.shop<\/strong> er den offisielle nettbutikken til <strong data-start=\"225\" data-end=\"248\">Formar Contract Srl<\/strong>, et italiensk selskap basert i Falconara Marittima (AN) som spesialiserer seg p\u00e5 m\u00f8bler for kontorer, profesjonelle studioer, offentlige rom og kontraktsmilj\u00f8er. I over 20 \u00e5r har vi jobbet med lidenskap og kompetanse for \u00e5 tilby funksjonelle, varige m\u00f8bell\u00f8sninger med moderne design. <\/p>\n<div>\n<p data-start=\"539\" data-end=\"752\">V\u00e5r virksomhet springer ut fra erfaring i kontraktssektoren, med m\u00e5l om \u00e5 bringe den samme kvaliteten og p\u00e5liteligheten som alltid har kjennetegnet v\u00e5rt arbeid med bedrifter, offentlige og private enheter, ogs\u00e5 til netthandel.<\/p>\n<hr data-start=\"754\" data-end=\"757\">\n<h2><strong>Hva som skiller oss ut<\/strong><\/h2>\n<p data-start=\"1250\" data-end=\"1366\"><strong data-start=\"1250\" data-end=\"1277\">Erfaring og kompetanse<\/strong>: en lang historie i kontraktssektoren som oversettes til p\u00e5litelighet og profesjonalitet.<\/p>\n<p data-start=\"1369\" data-end=\"1507\"><strong data-start=\"1369\" data-end=\"1388\">N\u00f8ye utvalgt katalog<\/strong>: vi velger omhyggelig de beste produktene for profesjonelle m\u00f8bler, med fokus p\u00e5 ergonomi, estetikk og holdbarhet.<\/p>\n<p data-start=\"1510\" data-end=\"1623\"><strong data-start=\"1510\" data-end=\"1539\">Personlig assistanse<\/strong>: v\u00e5rt team er alltid tilgjengelig for r\u00e5d og st\u00f8tte f\u00f8r og etter salg.<\/p>\n<p data-start=\"1626\" data-end=\"1752\"><strong data-start=\"1626\" data-end=\"1643\">Multikanal<\/strong>: i tillegg til formar.shop-nettstedet, er vi ogs\u00e5 til stede p\u00e5 de viktigste markedsplassene med samme kvalitet og seri\u00f8sitet.<\/p>\n<p data-start=\"560\" data-end=\"744\">Gjennom v\u00e5r nettbutikk tilbyr vi et bredt utvalg av utvalgte produkter, som kombinerer <strong data-start=\"665\" data-end=\"711\">teknisk erfaring, lidenskap for design<\/strong> og <strong data-start=\"714\" data-end=\"743\">fokus p\u00e5 kvalitet<\/strong>.<\/p>\n<hr data-start=\"746\" data-end=\"749\">\n<h2 data-start=\"751\" data-end=\"771\">V\u00e5r misjon<\/h2>\n<p data-start=\"813\" data-end=\"902\"><strong>Produkter av h\u00f8y kvalitet,<\/strong> b\u00e5de for profesjonelle m\u00f8bler og boligrom.<\/p>\n<p data-start=\"905\" data-end=\"1004\"><strong>Velpleiet og funksjonelt design,<\/strong> med et utvalg orientert mot komfort, ergonomi og stil.<\/p>\n<p data-start=\"1007\" data-end=\"1101\"><strong>Intuitiv og sikker kj\u00f8psopplevelse,<\/strong> med rask og kompetent kundeservice.<\/p>\n<p data-start=\"1104\" data-end=\"1180\"><strong>Rask og gratis levering,<\/strong> for \u00e5 tilfredsstille alle behov effektivt.<\/p>\n<hr data-start=\"1574\" data-end=\"1577\">\n<h2 data-start=\"1579\" data-end=\"1599\">V\u00e5re produkter<\/h2>\n<p data-start=\"1601\" data-end=\"1630\"><strong data-start=\"1634\" data-end=\"1656\">Kontorm\u00f8bler<\/strong>: skrivebord, stoler, skap, skuffeseksjoner og m\u00f8tebord.<\/p>\n<p data-start=\"1720\" data-end=\"1809\"><strong data-start=\"1720\" data-end=\"1771\">L\u00f8sninger for offentlige enheter og kontraktsmilj\u00f8er<\/strong>: benker, bokhyller, arkivm\u00f8bler.<\/p>\n<p data-start=\"1812\" data-end=\"1951\"><strong data-start=\"1812\" data-end=\"1839\">Hjemmem\u00f8bler<\/strong>: stoler, bord, tilbeh\u00f8r, bokhyller og plassbesparende l\u00f8sninger, alltid med fokus p\u00e5 design og funksjonalitet.<\/p>\n<hr data-start=\"1953\" data-end=\"1956\">\n<h2 data-start=\"1958\" data-end=\"1977\">V\u00e5re kunder<\/h2>\n<p data-start=\"2005\" data-end=\"2031\">Bedrifter og fagfolk<\/p>\n<p data-start=\"2034\" data-end=\"2067\">Offentlige enheter og administrasjoner<\/p>\n<p data-start=\"2070\" data-end=\"2145\">Privatpersoner som s\u00f8ker moderne og funksjonelle m\u00f8bell\u00f8sninger for hjemmet<\/p>\n<hr data-start=\"2147\" data-end=\"2150\">\n<h2 data-start=\"2335\" data-end=\"2349\">Konklusjon<\/h2>\n<p data-start=\"2351\" data-end=\"2671\">I en verden som endrer seg raskt, tror vi at kvalitet og p\u00e5litelighet er essensielle verdier. Med <strong data-start=\"2462\" data-end=\"2477\">Formar.shop<\/strong> tilbyr vi ikke bare m\u00f8bler, men ekte <strong data-start=\"2523\" data-end=\"2564\">l\u00f8sninger for velv\u00e6re og funksjonalitet<\/strong> for din hverdag, enten du planlegger et nytt kontor eller gj\u00f8r hjemmet ditt mer innbydende. <\/p>\n<p data-start=\"2673\" data-end=\"2821\">\u00c5 velge Formar.shop betyr \u00e5 stole p\u00e5 en solid, transparent og lidenskapelig partner som alltid setter mennesker og deres behov i sentrum.<\/p>\n<p data-start=\"2823\" data-end=\"2873\"><strong data-start=\"2823\" data-end=\"2873\">Formar.shop \u2013 Der ditt rom tar form.<\/strong><\/p>\n<p> <\/p>\n<\/div>\n\t\t\n<style>\n#text-237895319 {\n  text-align: left;\n}\n<\/style>\n\t<\/div>\n\t\n\n\t\t<\/div>\n\t\t\t\t\n<style>\n#col-117583545 > .col-inner {\n  padding: 0px 0px 0px 0;\n}\n@media (min-width:550px) {\n  #col-117583545 > .col-inner {\n    padding: 0px 0px 0px 0px;\n  }\n}\n<\/style>\n\t<\/div>\n\n\t\n\n\t<div id=\"col-817844603\" class=\"col medium-12 small-12 large-12\"  >\n\t\t\t\t<div class=\"col-inner\"  >\n\t\t\t\n\t\t\t\n\n\n  <div class=\"banner has-hover\" id=\"banner-610735643\">\n          <div class=\"banner-inner fill\">\n        <div class=\"banner-bg fill\" >\n            <img loading=\"lazy\" decoding=\"async\" width=\"1600\" height=\"1200\" src=\"https:\/\/static.formar.net\/wp-content\/uploads\/sites\/1\/2024\/07\/02110352\/Universal-Color-Mobile-420_AMBENTATA_4.jpg\" class=\"bg attachment-original size-original\" alt=\"\" \/>                                    \n                    <\/div>\n\t\t\n        <div class=\"banner-layers container\">\n            <div class=\"fill banner-link\"><\/div>            \n\n   <div id=\"text-box-1372675321\" class=\"text-box banner-layer x50 md-x50 lg-x50 y50 md-y50 lg-y50 res-text\">\n                                <div class=\"text-box-content text dark\">\n              \n              <div class=\"text-inner text-center\">\n                  \n\n\n              <\/div>\n           <\/div>\n                            \n<style>\n#text-box-1372675321 {\n  width: 60%;\n}\n#text-box-1372675321 .text-box-content {\n  font-size: 100%;\n}\n@media (min-width:550px) {\n  #text-box-1372675321 {\n    width: 60%;\n  }\n}\n<\/style>\n    <\/div>\n \n\n        <\/div>\n      <\/div>\n\n            \n<style>\n#banner-610735643 {\n  padding-top: 300px;\n  background-color: rgb(255, 255, 255);\n}\n#banner-610735643 .banner-bg img {\n  object-position: 52% 77%;\n}\n@media (min-width:550px) {\n  #banner-610735643 {\n    padding-top: 500px;\n  }\n}\n@media (min-width:850px) {\n  #banner-610735643 {\n    padding-top: 570px;\n  }\n}\n<\/style>\n  <\/div>\n\n\n\n\t\t<\/div>\n\t\t\t\t\n<style>\n#col-817844603 > .col-inner {\n  margin: -100px 0px 0px 0px;\n}\n@media (min-width:550px) {\n  #col-817844603 > .col-inner {\n    margin: -150px 0px 0px 0px;\n  }\n}\n@media (min-width:850px) {\n  #col-817844603 > .col-inner {\n    margin: 0px 0px 0px 0px;\n  }\n}\n<\/style>\n\t<\/div>\n\n\t\n\n<\/div>\n<div class=\"is-divider divider clearfix\" style=\"max-width:1000px;\"><\/div>\n\n\n","protected":false},"excerpt":{"rendered":"","protected":false},"author":5,"featured_media":0,"parent":0,"menu_order":0,"comment_status":"closed","ping_status":"closed","template":"","meta":{"_joinchat":[],"footnotes":""},"class_list":["post-49628","page","type-page","status-publish","hentry"],"yoast_head":"<!-- This site is optimized with the Yoast SEO plugin v27.3 - https:\/\/yoast.com\/product\/yoast-seo-wordpress\/ -->\n<title>Om oss - Formar.shop<\/title>\n<meta name=\"robots\" content=\"index, follow, max-snippet:-1, max-image-preview:large, max-video-preview:-1\" \/>\n<link rel=\"canonical\" href=\"https:\/\/formar.shop\/no\/om-oss\/\" \/>\n<script type=\"application\/ld+json\" class=\"yoast-schema-graph\">{\"@context\":\"https:\\\/\\\/schema.org\",\"@graph\":[{\"@type\":\"WebPage\",\"@id\":\"https:\\\/\\\/formar.shop\\\/no\\\/om-oss\\\/\",\"url\":\"https:\\\/\\\/formar.shop\\\/no\\\/om-oss\\\/\",\"name\":\"Om oss - Formar.shop\",\"isPartOf\":{\"@id\":\"https:\\\/\\\/formar.shop\\\/no\\\/#website\"},\"datePublished\":\"2025-01-19T07:54:37+00:00\",\"dateModified\":\"2025-11-18T11:05:50+00:00\",\"breadcrumb\":{\"@id\":\"https:\\\/\\\/formar.shop\\\/no\\\/om-oss\\\/#breadcrumb\"},\"inLanguage\":\"nb-NO\",\"potentialAction\":[{\"@type\":\"ReadAction\",\"target\":[\"https:\\\/\\\/formar.shop\\\/no\\\/om-oss\\\/\"]}]},{\"@type\":\"BreadcrumbList\",\"@id\":\"https:\\\/\\\/formar.shop\\\/no\\\/om-oss\\\/#breadcrumb\",\"itemListElement\":[{\"@type\":\"ListItem\",\"position\":1,\"name\":\"Home\",\"item\":\"https:\\\/\\\/formar.shop\\\/no\\\/auto-draft\\\/\"},{\"@type\":\"ListItem\",\"position\":2,\"name\":\"Om oss\"}]},{\"@type\":\"WebSite\",\"@id\":\"https:\\\/\\\/formar.shop\\\/no\\\/#website\",\"url\":\"https:\\\/\\\/formar.shop\\\/no\\\/\",\"name\":\"Formar.shop\",\"description\":\"Soluzioni espresse con stile\",\"potentialAction\":[{\"@type\":\"SearchAction\",\"target\":{\"@type\":\"EntryPoint\",\"urlTemplate\":\"https:\\\/\\\/formar.shop\\\/no\\\/?s={search_term_string}\"},\"query-input\":{\"@type\":\"PropertyValueSpecification\",\"valueRequired\":true,\"valueName\":\"search_term_string\"}}],\"inLanguage\":\"nb-NO\"}]}<\/script>\n<!-- \/ Yoast SEO plugin. -->","yoast_head_json":{"title":"Om oss - Formar.shop","robots":{"index":"index","follow":"follow","max-snippet":"max-snippet:-1","max-image-preview":"max-image-preview:large","max-video-preview":"max-video-preview:-1"},"canonical":"https:\/\/formar.shop\/no\/om-oss\/","schema":{"@context":"https:\/\/schema.org","@graph":[{"@type":"WebPage","@id":"https:\/\/formar.shop\/no\/om-oss\/","url":"https:\/\/formar.shop\/no\/om-oss\/","name":"Om oss - Formar.shop","isPartOf":{"@id":"https:\/\/formar.shop\/no\/#website"},"datePublished":"2025-01-19T07:54:37+00:00","dateModified":"2025-11-18T11:05:50+00:00","breadcrumb":{"@id":"https:\/\/formar.shop\/no\/om-oss\/#breadcrumb"},"inLanguage":"nb-NO","potentialAction":[{"@type":"ReadAction","target":["https:\/\/formar.shop\/no\/om-oss\/"]}]},{"@type":"BreadcrumbList","@id":"https:\/\/formar.shop\/no\/om-oss\/#breadcrumb","itemListElement":[{"@type":"ListItem","position":1,"name":"Home","item":"https:\/\/formar.shop\/no\/auto-draft\/"},{"@type":"ListItem","position":2,"name":"Om oss"}]},{"@type":"WebSite","@id":"https:\/\/formar.shop\/no\/#website","url":"https:\/\/formar.shop\/no\/","name":"Formar.shop","description":"Soluzioni espresse con stile","potentialAction":[{"@type":"SearchAction","target":{"@type":"EntryPoint","urlTemplate":"https:\/\/formar.shop\/no\/?s={search_term_string}"},"query-input":{"@type":"PropertyValueSpecification","valueRequired":true,"valueName":"search_term_string"}}],"inLanguage":"nb-NO"}]}},"_links":{"self":[{"href":"https:\/\/formar.shop\/no\/wp-json\/wp\/v2\/pages\/49628","targetHints":{"allow":["GET"]}}],"collection":[{"href":"https:\/\/formar.shop\/no\/wp-json\/wp\/v2\/pages"}],"about":[{"href":"https:\/\/formar.shop\/no\/wp-json\/wp\/v2\/types\/page"}],"author":[{"embeddable":true,"href":"https:\/\/formar.shop\/no\/wp-json\/wp\/v2\/users\/5"}],"replies":[{"embeddable":true,"href":"https:\/\/formar.shop\/no\/wp-json\/wp\/v2\/comments?post=49628"}],"version-history":[{"count":11,"href":"https:\/\/formar.shop\/no\/wp-json\/wp\/v2\/pages\/49628\/revisions"}],"predecessor-version":[{"id":61909,"href":"https:\/\/formar.shop\/no\/wp-json\/wp\/v2\/pages\/49628\/revisions\/61909"}],"wp:attachment":[{"href":"https:\/\/formar.shop\/no\/wp-json\/wp\/v2\/media?parent=49628"}],"curies":[{"name":"wp","href":"https:\/\/api.w.org\/{rel}","templated":true}]}}