{"id":49622,"date":"2025-01-19T08:54:31","date_gmt":"2025-01-19T07:54:31","guid":{"rendered":"https:\/\/formar.shop\/referanser\/"},"modified":"2025-01-19T08:54:37","modified_gmt":"2025-01-19T07:54:37","slug":"referanser","status":"publish","type":"page","link":"https:\/\/formar.shop\/no\/om-oss\/referanser\/","title":{"rendered":"Referanser"},"content":{"rendered":"\n[av_section min_height=&raquo;&raquo; min_height_px=&raquo;500px&raquo; padding=&raquo;default&raquo; shadow=&raquo;no-border-styling&raquo; bottom_border=&raquo;no-border-styling&raquo; bottom_border_diagonal_color=&raquo;#333333&#8243; bottom_border_diagonal_direction=&raquo;&raquo; bottom_border_style=&raquo;&raquo; custom_arrow_bg=&raquo;&raquo; id=&raquo;&raquo; color=&raquo;main_color&raquo; background=&raquo;bg_color&raquo; custom_bg=&raquo;#ffffff&raquo; background_gradient_color1=&raquo;&raquo; background_gradient_color2=&raquo;&raquo; background_gradient_direction=&raquo;vertical&raquo; src=&raquo;&raquo; attachment=&raquo;&raquo; attachment_size=&raquo;&raquo; attach=&raquo;scroll&raquo; position=&raquo;top left&raquo; repeat=&raquo;no-repeat&raquo; video=&raquo;&raquo; video_ratio=&raquo;16:9&#8243; overlay_opacity=&raquo;0.5&#8243; overlay_color=&raquo;&raquo; overlay_pattern=&raquo;&raquo; overlay_custom_pattern=&raquo;&raquo; av_element_hidden_in_editor=&raquo;0&#8243; av_uid=&raquo;av-jj21ix0a&raquo; custom_class=&raquo;&raquo;]\n\n[av_heading heading=&raquo;Referenze&raquo; tag=&raquo;h3&#8243; link_apply=&raquo;&raquo; link=&raquo;&raquo; link_target=&raquo;&raquo; style=&raquo;blockquote modern-quote modern-centered&raquo; size=&raquo;60&#8243; subheading_active=&raquo;&raquo; subheading_size=&raquo;15&#8243; margin=&raquo;&raquo; padding=&raquo;0&#8243; color=&raquo;&raquo; custom_font=&raquo;&raquo; custom_class=&raquo;&raquo; admin_preview_bg=&raquo;&raquo; av-desktop-hide=&raquo;&raquo; av-medium-hide=&raquo;&raquo; av-small-hide=&raquo;&raquo; av-mini-hide=&raquo;&raquo; av-medium-font-size-title=&raquo;&raquo; av-small-font-size-title=&raquo;&raquo; av-mini-font-size-title=&raquo;&raquo; av-medium-font-size=&raquo;&raquo; av-small-font-size=&raquo;&raquo; av-mini-font-size=&raquo;&raquo;]\nBli bedre kjent\n[\/av_heading]\n\n[av_hr class=&raquo;custom&raquo; height=&raquo;50&#8243; shadow=&raquo;no-shadow&raquo; position=&raquo;center&raquo; custom_border=&raquo;av-border-fat&raquo; custom_width=&raquo;100px&raquo; custom_border_color=&raquo;#fab300&#8243; custom_margin_top=&raquo;0px&raquo; custom_margin_bottom=&raquo;30px&raquo; icon_select=&raquo;no&raquo; custom_icon_color=&raquo;&raquo; icon=&raquo;ue808&#8243; font=&raquo;entypo-fontello&raquo; av_uid=&raquo;av-jj21opc3&#8243; custom_class=&raquo;&raquo; admin_preview_bg=&raquo;&raquo;]\n\n[av_two_fifth first min_height=&raquo;av-equal-height-column&raquo; vertical_alignment=&raquo;av-align-top&raquo; space=&raquo;&raquo; margin=&raquo;0px&raquo; margin_sync=&raquo;true&raquo; row_boxshadow_color=&raquo;&raquo; row_boxshadow_width=&raquo;10&#8243; link=&raquo;&raquo; linktarget=&raquo;&raquo; link_hover=&raquo;&raquo; padding=&raquo;0px&raquo; padding_sync=&raquo;true&raquo; highlight_size=&raquo;1.1&#8243; border=&raquo;&raquo; border_color=&raquo;&raquo; radius=&raquo;0px&raquo; radius_sync=&raquo;true&raquo; column_boxshadow_color=&raquo;&raquo; column_boxshadow_width=&raquo;10&#8243; background=&raquo;bg_color&raquo; background_color=&raquo;&raquo; background_gradient_color1=&raquo;&raquo; background_gradient_color2=&raquo;&raquo; background_gradient_direction=&raquo;vertical&raquo; src=&raquo;https:\/\/formar-contract.it\/wp-content\/uploads\/2018\/06\/cit2.png&raquo; attachment=&raquo;3300&#8243; attachment_size=&raquo;full&raquo; background_position=&raquo;bottom right&raquo; background_repeat=&raquo;no-repeat&raquo; animation=&raquo;&raquo; mobile_breaking=&raquo;av-break-at-tablet&raquo; mobile_display=&raquo;&raquo; av_uid=&raquo;av-5g7wdb&raquo; custom_class=&raquo;&raquo;]\n\n[av_heading heading=&raquo;La nostra squadra ha seguito le seguenti realt\u00e0, afferenti al settore privato e pubblico, e ha potuto realizzare per loro spazi di lavoro.&raquo; tag=&raquo;h3&#8243; link_apply=&raquo;&raquo; link=&raquo;&raquo; link_target=&raquo;&raquo; style=&raquo;blockquote modern-quote&raquo; size=&raquo;36&#8243; subheading_active=&raquo;&raquo; subheading_size=&raquo;15&#8243; margin=&raquo;&raquo; padding=&raquo;0&#8243; color=&raquo;&raquo; custom_font=&raquo;&raquo; custom_class=&raquo;&raquo; admin_preview_bg=&raquo;&raquo; av-desktop-hide=&raquo;&raquo; av-medium-hide=&raquo;&raquo; av-small-hide=&raquo;&raquo; av-mini-hide=&raquo;&raquo; av-medium-font-size-title=&raquo;&raquo; av-small-font-size-title=&raquo;&raquo; av-mini-font-size-title=&raquo;&raquo; av-medium-font-size=&raquo;&raquo; av-small-font-size=&raquo;&raquo; av-mini-font-size=&raquo;&raquo;][\/av_heading]\n\n[\/av_two_fifth][av_three_fifth min_height=&raquo;av-equal-height-column&raquo; vertical_alignment=&raquo;av-align-top&raquo; space=&raquo;&raquo; margin=&raquo;0px&raquo; margin_sync=&raquo;true&raquo; row_boxshadow_color=&raquo;&raquo; row_boxshadow_width=&raquo;10&#8243; link=&raquo;&raquo; linktarget=&raquo;&raquo; link_hover=&raquo;&raquo; padding=&raquo;0px&raquo; padding_sync=&raquo;true&raquo; highlight_size=&raquo;1.1&#8243; border=&raquo;&raquo; border_color=&raquo;&raquo; radius=&raquo;0px&raquo; radius_sync=&raquo;true&raquo; column_boxshadow_color=&raquo;&raquo; column_boxshadow_width=&raquo;10&#8243; background=&raquo;bg_color&raquo; background_color=&raquo;&raquo; background_gradient_color1=&raquo;&raquo; background_gradient_color2=&raquo;&raquo; background_gradient_direction=&raquo;vertical&raquo; src=&raquo;&raquo; attachment=&raquo;&raquo; attachment_size=&raquo;&raquo; background_position=&raquo;top left&raquo; background_repeat=&raquo;no-repeat&raquo; animation=&raquo;right-to-left&raquo; mobile_breaking=&raquo;&raquo; mobile_display=&raquo;&raquo; av_uid=&raquo;av-3zzjgv&raquo; custom_class=&raquo;referenze&raquo;]\n\n[av_postslider link=&raquo;category,203&#8243; wc_prod_visible=&raquo;&raquo; prod_order_by=&raquo;&raquo; prod_order=&raquo;&raquo; columns=&raquo;2&#8243; items=&raquo;-1&#8243; offset=&raquo;0&#8243; contents=&raquo;title_read_more&raquo; preview_mode=&raquo;custom&raquo; image_size=&raquo;gallery&raquo; autoplay=&raquo;yes&raquo; interval=&raquo;7&#8243; av_uid=&raquo;av-jshjr3el&raquo; custom_class=&raquo;&raquo;]\n\n[\/av_three_fifth][\/av_section][av_section min_height=&raquo;&raquo; min_height_px=&raquo;500px&raquo; padding=&raquo;huge&raquo; shadow=&raquo;shadow&raquo; bottom_border=&raquo;no-border-styling&raquo; bottom_border_diagonal_color=&raquo;#333333&#8243; bottom_border_diagonal_direction=&raquo;&raquo; bottom_border_style=&raquo;&raquo; custom_arrow_bg=&raquo;&raquo; id=&raquo;&raquo; color=&raquo;main_color&raquo; background=&raquo;bg_color&raquo; custom_bg=&raquo;&raquo; background_gradient_color1=&raquo;&raquo; background_gradient_color2=&raquo;&raquo; background_gradient_direction=&raquo;vertical&raquo; src=&raquo;https:\/\/formar-contract.it\/wp-content\/uploads\/2018\/07\/formar-contact-chi-siamo.jpg&raquo; attachment=&raquo;3364&#8243; attachment_size=&raquo;full&raquo; attach=&raquo;parallax&raquo; position=&raquo;center center&raquo; repeat=&raquo;no-repeat&raquo; video=&raquo;&raquo; video_ratio=&raquo;16:9&#8243; overlay_enable=&raquo;aviaTBoverlay_enable&raquo; overlay_opacity=&raquo;0.4&#8243; overlay_color=&raquo;#ffffff&raquo; overlay_pattern=&raquo;&raquo; overlay_custom_pattern=&raquo;&raquo; av_element_hidden_in_editor=&raquo;0&#8243; av_uid=&raquo;av-jj19wtow&raquo; custom_class=&raquo;clienti&raquo;]\n[av_heading tag=&raquo;h3&#8243; padding=&raquo;0&#8243; heading=&raquo;Clienti&raquo; color=&raquo;&raquo; style=&raquo;blockquote modern-quote modern-centered&raquo; custom_font=&raquo;&raquo; size=&raquo;60&#8243; subheading_active=&raquo;&raquo; subheading_size=&raquo;15&#8243; custom_class=&raquo;&raquo; admin_preview_bg=&raquo;&raquo; av-desktop-hide=&raquo;&raquo; av-medium-hide=&raquo;&raquo; av-small-hide=&raquo;&raquo; av-mini-hide=&raquo;&raquo; av-medium-font-size-title=&raquo;&raquo; av-small-font-size-title=&raquo;&raquo; av-mini-font-size-title=&raquo;&raquo; av-medium-font-size=&raquo;&raquo; av-small-font-size=&raquo;&raquo; av-mini-font-size=&raquo;&raquo; margin=&raquo;&raquo; av_uid=&raquo;av-1ydxs4&#8243;]\nBli bedre kjent\n[\/av_heading]\n\n[av_hr class=&raquo;custom&raquo; height=&raquo;50&#8243; shadow=&raquo;no-shadow&raquo; position=&raquo;center&raquo; custom_border=&raquo;av-border-fat&raquo; custom_width=&raquo;100px&raquo; custom_border_color=&raquo;#fab300&#8243; custom_margin_top=&raquo;0px&raquo; custom_margin_bottom=&raquo;30px&raquo; icon_select=&raquo;no&raquo; custom_icon_color=&raquo;&raquo; icon=&raquo;ue808&#8243; font=&raquo;entypo-fontello&raquo; av_uid=&raquo;av-jj21opc3&#8243; custom_class=&raquo;&raquo; admin_preview_bg=&raquo;&raquo;]\n\n[av_portfolio categories=&raquo;148&#8243; columns=&raquo;5&#8243; one_column_template=&raquo;special&raquo; items=&raquo;5&#8243; contents=&raquo;title&raquo; preview_mode=&raquo;custom&raquo; image_size=&raquo;no scaling&raquo; linking=&raquo;ajax&raquo; sort=&raquo;no&raquo; paginate=&raquo;no&raquo; query_orderby=&raquo;date&raquo; query_order=&raquo;ASC&raquo; av-medium-columns=&raquo;&raquo; av-small-columns=&raquo;&raquo; av-mini-columns=&raquo;&raquo; av_uid=&raquo;av-jj2sxdh1&#8243; custom_class=&raquo;&raquo;]\n[\/av_section]\n\n[av_section min_height=&raquo;&raquo; min_height_px=&raquo;500px&raquo; padding=&raquo;default&raquo; shadow=&raquo;no-border-styling&raquo; bottom_border=&raquo;no-border-styling&raquo; bottom_border_diagonal_color=&raquo;#333333&#8243; bottom_border_diagonal_direction=&raquo;&raquo; bottom_border_style=&raquo;&raquo; custom_arrow_bg=&raquo;&raquo; id=&raquo;&raquo; color=&raquo;main_color&raquo; background=&raquo;bg_gradient&raquo; custom_bg=&raquo;&raquo; background_gradient_color1=&raquo;#fab300&#8243; background_gradient_color2=&raquo;#f7c100&#8243; background_gradient_direction=&raquo;diagonal_tb&raquo; src=&raquo;&raquo; attachment=&raquo;&raquo; attachment_size=&raquo;&raquo; attach=&raquo;scroll&raquo; position=&raquo;top left&raquo; repeat=&raquo;no-repeat&raquo; video=&raquo;&raquo; video_ratio=&raquo;16:9&#8243; overlay_opacity=&raquo;0.5&#8243; overlay_color=&raquo;&raquo; overlay_pattern=&raquo;&raquo; overlay_custom_pattern=&raquo;&raquo; av_element_hidden_in_editor=&raquo;0&#8243; av_uid=&raquo;av-97digt&raquo; custom_class=&raquo;&raquo;]\n[av_one_fifth first min_height=&raquo;av-equal-height-column&raquo; vertical_alignment=&raquo;av-align-middle&raquo; space=&raquo;no_margin&raquo; margin=&raquo;0px&raquo; margin_sync=&raquo;true&raquo; link=&raquo;&raquo; linktarget=&raquo;&raquo; link_hover=&raquo;&raquo; padding=&raquo;0px&raquo; padding_sync=&raquo;true&raquo; border=&raquo;&raquo; border_color=&raquo;&raquo; radius=&raquo;0px&raquo; radius_sync=&raquo;true&raquo; background=&raquo;bg_color&raquo; background_color=&raquo;&raquo; background_gradient_color1=&raquo;&raquo; background_gradient_color2=&raquo;&raquo; background_gradient_direction=&raquo;vertical&raquo; src=&raquo;&raquo; attachment=&raquo;&raquo; attachment_size=&raquo;&raquo; background_position=&raquo;top left&raquo; background_repeat=&raquo;no-repeat&raquo; animation=&raquo;&raquo; mobile_breaking=&raquo;&raquo; mobile_display=&raquo;&raquo; av_uid=&raquo;av-86lkfh&raquo; custom_class=&raquo;&raquo;]\n\n[av_font_icon icon=&raquo;ue854&#8243; font=&raquo;entypo-fontello&raquo; style=&raquo;border&raquo; caption=&raquo;&raquo; link=&raquo;page,3516&#8243; linktarget=&raquo;&raquo; size=&raquo;60px&raquo; position=&raquo;center&raquo; color=&raquo;#ffffff&raquo; av_uid=&raquo;av-jj23v1yv&raquo; custom_class=&raquo;&raquo; admin_preview_bg=&raquo;&raquo;][\/av_font_icon]\n\n[\/av_one_fifth][av_three_fifth min_height=&raquo;&raquo; vertical_alignment=&raquo;av-align-top&raquo; space=&raquo;&raquo; margin=&raquo;0px&raquo; margin_sync=&raquo;true&raquo; link=&raquo;&raquo; linktarget=&raquo;&raquo; link_hover=&raquo;&raquo; padding=&raquo;0px,20px,0px,0px&raquo; border=&raquo;&raquo; border_color=&raquo;&raquo; radius=&raquo;0px&raquo; radius_sync=&raquo;true&raquo; background=&raquo;bg_color&raquo; background_color=&raquo;&raquo; background_gradient_color1=&raquo;&raquo; background_gradient_color2=&raquo;&raquo; background_gradient_direction=&raquo;vertical&raquo; src=&raquo;&raquo; attachment=&raquo;&raquo; attachment_size=&raquo;&raquo; background_position=&raquo;top left&raquo; background_repeat=&raquo;no-repeat&raquo; animation=&raquo;&raquo; mobile_breaking=&raquo;&raquo; mobile_display=&raquo;&raquo; av_uid=&raquo;av-69i7od&raquo; custom_class=&raquo;&raquo;]\n\n[av_heading tag=&raquo;h3&#8243; padding=&raquo;0&#8243; heading=&raquo;Contattaci&raquo; color=&raquo;custom-color-heading&raquo; style=&raquo;blockquote modern-quote&raquo; custom_font=&raquo;#020202&#8243; size=&raquo;28&#8243; subheading_active=&raquo;&raquo; subheading_size=&raquo;15&#8243; custom_class=&raquo;&raquo; admin_preview_bg=&raquo;&raquo; av-desktop-hide=&raquo;&raquo; av-medium-hide=&raquo;&raquo; av-small-hide=&raquo;&raquo; av-mini-hide=&raquo;&raquo; av-medium-font-size-title=&raquo;&raquo; av-small-font-size-title=&raquo;&raquo; av-mini-font-size-title=&raquo;&raquo; av-medium-font-size=&raquo;&raquo; av-small-font-size=&raquo;&raquo; av-mini-font-size=&raquo;&raquo; margin=&raquo;&raquo; av_uid=&raquo;av-22loqs&raquo;]\nFormar Contract er ogs\u00e5\n[\/av_heading]\n\n[av_textblock size=&raquo;17&#8243; font_color=&raquo;custom&raquo; color=&raquo;#020202&#8243; av-medium-font-size=&raquo;&raquo; av-small-font-size=&raquo;&raquo; av-mini-font-size=&raquo;&raquo; av_uid=&raquo;av-jj23wau4&#8243; custom_class=&raquo;&raquo; admin_preview_bg=&raquo;&raquo;]\n<strong>V\u00e5r kundeservice st\u00e5r til din disposisjon.  <\/strong>Ikke n\u00f8l med \u00e5 kontakte oss for informasjon eller tilbud! V\u00e5re fagfolk vil svare p\u00e5 dine sp\u00f8rsm\u00e5l om v\u00e5re tjenester: design, realisering, levering og montering av kontorm\u00f8bler. \n[\/av_textblock]\n\n[\/av_three_fifth][av_one_fifth min_height=&raquo;&raquo; vertical_alignment=&raquo;&raquo; space=&raquo;&raquo; custom_margin=&raquo;&raquo; margin=&raquo;0px&raquo; link=&raquo;&raquo; linktarget=&raquo;&raquo; link_hover=&raquo;&raquo; padding=&raquo;0px&raquo; border=&raquo;&raquo; border_color=&raquo;&raquo; radius=&raquo;0px&raquo; background=&raquo;bg_color&raquo; background_color=&raquo;&raquo; background_gradient_color1=&raquo;&raquo; background_gradient_color2=&raquo;&raquo; background_gradient_direction=&raquo;vertical&raquo; src=&raquo;&raquo; background_position=&raquo;top left&raquo; background_repeat=&raquo;no-repeat&raquo; animation=&raquo;&raquo; mobile_breaking=&raquo;&raquo; mobile_display=&raquo;&raquo; av_uid=&raquo;av-4qrmbh&raquo;]\n\n[av_button_big label=&raquo;SKRIV&raquo; description_pos=&raquo;below&raquo; link=&raquo;page,3516&#8243; link_target=&raquo;&raquo; icon_select=&raquo;yes-left-icon&raquo; icon=&raquo;ue805&#8243; font=&raquo;entypo-fontello&raquo; custom_font=&raquo;&raquo; color=&raquo;theme-color-subtle&raquo; custom_bg=&raquo;#444444&#8243; color_hover=&raquo;theme-color-subtle&raquo; custom_bg_hover=&raquo;#444444&#8243; av_uid=&raquo;av-2p4q7x&raquo; custom_class=&raquo;&raquo; admin_preview_bg=&raquo;&raquo;][\/av_button_big]\n\n[av_hr class=&raquo;invisible&raquo; height=&raquo;20&#8243; shadow=&raquo;no-shadow&raquo; position=&raquo;center&raquo; custom_border=&raquo;av-border-thin&raquo; custom_width=&raquo;50px&raquo; custom_border_color=&raquo;&raquo; custom_margin_top=&raquo;30px&raquo; custom_margin_bottom=&raquo;30px&raquo; icon_select=&raquo;yes&raquo; custom_icon_color=&raquo;&raquo; icon=&raquo;ue808&#8243; font=&raquo;entypo-fontello&raquo; av_uid=&raquo;av-jj24q137&#8243; custom_class=&raquo;&raquo; admin_preview_bg=&raquo;&raquo;]\n\n[av_button_big label=&raquo;RING OSS&raquo; description_pos=&raquo;below&raquo; link=&raquo;manually,tel:+390715906063&#8243; link_target=&raquo;_blank&raquo; icon_select=&raquo;yes-left-icon&raquo; icon=&raquo;ue854&#8243; font=&raquo;entypo-fontello&raquo; custom_font=&raquo;&raquo; color=&raquo;theme-color-subtle&raquo; custom_bg=&raquo;#444444&#8243; color_hover=&raquo;theme-color-subtle&raquo; custom_bg_hover=&raquo;#444444&#8243; av_uid=&raquo;av-2p4q7x&raquo; custom_class=&raquo;&raquo; admin_preview_bg=&raquo;&raquo;][\/av_button_big]\n\n[\/av_one_fifth]\n[\/av_section]\n","protected":false},"excerpt":{"rendered":"[av_section min_height=&raquo;&raquo; min_height_px=&raquo;500px&raquo; padding=&raquo;default&raquo; shadow=&raquo;no-border-styling&raquo; bottom_border=&raquo;no-border-styling&raquo; bottom_border_diagonal_color=&raquo;#333333&#8243; bottom_border_diagonal_direction=&raquo;&raquo; bottom_border_style=&raquo;&raquo; custom_arrow_bg=&raquo;&raquo; id=&raquo;&raquo; color=&raquo;main_color&raquo; background=&raquo;bg_color&raquo; custom_bg=&raquo;#ffffff&raquo; background_gradient_color1=&raquo;&raquo; background_gradient_color2=&raquo;&raquo; background_gradient_direction=&raquo;vertical&raquo; src=&raquo;&raquo; attachment=&raquo;&raquo; attachment_size=&raquo;&raquo; attach=&raquo;scroll&raquo; position=&raquo;top left&raquo; repeat=&raquo;no-repeat&raquo; video=&raquo;&raquo; video_ratio=&raquo;16:9&#8243; overlay_opacity=&raquo;0.5&#8243; overlay_color=&raquo;&raquo; overlay_pattern=&raquo;&raquo; overlay_custom_pattern=&raquo;&raquo; av_element_hidden_in_editor=&raquo;0&#8243; av_uid=&raquo;av-jj21ix0a&raquo; custom_class=&raquo;&raquo;] [av_heading heading=&raquo;Referenze&raquo; tag=&raquo;h3&#8243; link_apply=&raquo;&raquo; link=&raquo;&raquo; link_target=&raquo;&raquo; style=&raquo;blockquote modern-quote modern-centered&raquo; size=&raquo;60&#8243; subheading_active=&raquo;&raquo; subheading_size=&raquo;15&#8243; margin=&raquo;&raquo; padding=&raquo;0&#8243; color=&raquo;&raquo; custom_font=&raquo;&raquo; custom_class=&raquo;&raquo; admin_preview_bg=&raquo;&raquo; av-desktop-hide=&raquo;&raquo; av-medium-hide=&raquo;&raquo; av-small-hide=&raquo;&raquo; av-mini-hide=&raquo;&raquo; [&#8230;]\n","protected":false},"author":5,"featured_media":0,"parent":49628,"menu_order":0,"comment_status":"closed","ping_status":"closed","template":"","meta":{"_joinchat":[],"footnotes":""},"class_list":["post-49622","page","type-page","status-publish","hentry"],"yoast_head":"<!-- This site is optimized with the Yoast SEO plugin v27.4 - https:\/\/yoast.com\/product\/yoast-seo-wordpress\/ -->\n<title>Referanser - Formar.shop<\/title>\n<meta name=\"robots\" content=\"index, follow, max-snippet:-1, max-image-preview:large, max-video-preview:-1\" \/>\n<link rel=\"canonical\" href=\"https:\/\/formar.shop\/no\/om-oss\/referanser\/\" \/>\n<script type=\"application\/ld+json\" class=\"yoast-schema-graph\">{\"@context\":\"https:\\\/\\\/schema.org\",\"@graph\":[{\"@type\":\"WebPage\",\"@id\":\"https:\\\/\\\/formar.shop\\\/no\\\/om-oss\\\/referanser\\\/\",\"url\":\"https:\\\/\\\/formar.shop\\\/no\\\/om-oss\\\/referanser\\\/\",\"name\":\"Referanser - Formar.shop\",\"isPartOf\":{\"@id\":\"https:\\\/\\\/formar.shop\\\/no\\\/#website\"},\"datePublished\":\"2025-01-19T07:54:31+00:00\",\"dateModified\":\"2025-01-19T07:54:37+00:00\",\"breadcrumb\":{\"@id\":\"https:\\\/\\\/formar.shop\\\/no\\\/om-oss\\\/referanser\\\/#breadcrumb\"},\"inLanguage\":\"nb-NO\",\"potentialAction\":[{\"@type\":\"ReadAction\",\"target\":[\"https:\\\/\\\/formar.shop\\\/no\\\/om-oss\\\/referanser\\\/\"]}]},{\"@type\":\"BreadcrumbList\",\"@id\":\"https:\\\/\\\/formar.shop\\\/no\\\/om-oss\\\/referanser\\\/#breadcrumb\",\"itemListElement\":[{\"@type\":\"ListItem\",\"position\":1,\"name\":\"Home\",\"item\":\"https:\\\/\\\/formar.shop\\\/no\\\/auto-draft\\\/\"},{\"@type\":\"ListItem\",\"position\":2,\"name\":\"Om oss\",\"item\":\"https:\\\/\\\/formar.shop\\\/no\\\/om-oss\\\/\"},{\"@type\":\"ListItem\",\"position\":3,\"name\":\"Referanser\"}]},{\"@type\":\"WebSite\",\"@id\":\"https:\\\/\\\/formar.shop\\\/no\\\/#website\",\"url\":\"https:\\\/\\\/formar.shop\\\/no\\\/\",\"name\":\"Formar.shop\",\"description\":\"Soluzioni espresse con stile\",\"potentialAction\":[{\"@type\":\"SearchAction\",\"target\":{\"@type\":\"EntryPoint\",\"urlTemplate\":\"https:\\\/\\\/formar.shop\\\/no\\\/?s={search_term_string}\"},\"query-input\":{\"@type\":\"PropertyValueSpecification\",\"valueRequired\":true,\"valueName\":\"search_term_string\"}}],\"inLanguage\":\"nb-NO\"}]}<\/script>\n<!-- \/ Yoast SEO plugin. -->","yoast_head_json":{"title":"Referanser - Formar.shop","robots":{"index":"index","follow":"follow","max-snippet":"max-snippet:-1","max-image-preview":"max-image-preview:large","max-video-preview":"max-video-preview:-1"},"canonical":"https:\/\/formar.shop\/no\/om-oss\/referanser\/","schema":{"@context":"https:\/\/schema.org","@graph":[{"@type":"WebPage","@id":"https:\/\/formar.shop\/no\/om-oss\/referanser\/","url":"https:\/\/formar.shop\/no\/om-oss\/referanser\/","name":"Referanser - Formar.shop","isPartOf":{"@id":"https:\/\/formar.shop\/no\/#website"},"datePublished":"2025-01-19T07:54:31+00:00","dateModified":"2025-01-19T07:54:37+00:00","breadcrumb":{"@id":"https:\/\/formar.shop\/no\/om-oss\/referanser\/#breadcrumb"},"inLanguage":"nb-NO","potentialAction":[{"@type":"ReadAction","target":["https:\/\/formar.shop\/no\/om-oss\/referanser\/"]}]},{"@type":"BreadcrumbList","@id":"https:\/\/formar.shop\/no\/om-oss\/referanser\/#breadcrumb","itemListElement":[{"@type":"ListItem","position":1,"name":"Home","item":"https:\/\/formar.shop\/no\/auto-draft\/"},{"@type":"ListItem","position":2,"name":"Om oss","item":"https:\/\/formar.shop\/no\/om-oss\/"},{"@type":"ListItem","position":3,"name":"Referanser"}]},{"@type":"WebSite","@id":"https:\/\/formar.shop\/no\/#website","url":"https:\/\/formar.shop\/no\/","name":"Formar.shop","description":"Soluzioni espresse con stile","potentialAction":[{"@type":"SearchAction","target":{"@type":"EntryPoint","urlTemplate":"https:\/\/formar.shop\/no\/?s={search_term_string}"},"query-input":{"@type":"PropertyValueSpecification","valueRequired":true,"valueName":"search_term_string"}}],"inLanguage":"nb-NO"}]}},"_links":{"self":[{"href":"https:\/\/formar.shop\/no\/wp-json\/wp\/v2\/pages\/49622","targetHints":{"allow":["GET"]}}],"collection":[{"href":"https:\/\/formar.shop\/no\/wp-json\/wp\/v2\/pages"}],"about":[{"href":"https:\/\/formar.shop\/no\/wp-json\/wp\/v2\/types\/page"}],"author":[{"embeddable":true,"href":"https:\/\/formar.shop\/no\/wp-json\/wp\/v2\/users\/5"}],"replies":[{"embeddable":true,"href":"https:\/\/formar.shop\/no\/wp-json\/wp\/v2\/comments?post=49622"}],"version-history":[{"count":1,"href":"https:\/\/formar.shop\/no\/wp-json\/wp\/v2\/pages\/49622\/revisions"}],"predecessor-version":[{"id":49623,"href":"https:\/\/formar.shop\/no\/wp-json\/wp\/v2\/pages\/49622\/revisions\/49623"}],"up":[{"embeddable":true,"href":"https:\/\/formar.shop\/no\/wp-json\/wp\/v2\/pages\/49628"}],"wp:attachment":[{"href":"https:\/\/formar.shop\/no\/wp-json\/wp\/v2\/media?parent=49622"}],"curies":[{"name":"wp","href":"https:\/\/api.w.org\/{rel}","templated":true}]}}