{"id":49430,"date":"2025-01-19T08:53:25","date_gmt":"2025-01-19T07:53:25","guid":{"rendered":"https:\/\/formar.shop\/bestillingsmottak-hva-skal-jeg-gjore\/"},"modified":"2025-01-19T08:53:28","modified_gmt":"2025-01-19T07:53:28","slug":"bestillingsmottak-hva-skal-jeg-gjore","status":"publish","type":"page","link":"https:\/\/formar.shop\/no\/bestillingsmottak-hva-skal-jeg-gjore\/","title":{"rendered":"BESTILLINGSMOTTAK: hva skal jeg gj\u00f8re?"},"content":{"rendered":"<p>Kj\u00e6re kunde,<\/p>\n<p>For \u00e5 sikre at kj\u00f8pet ditt kommer frem i perfekt stand, har vi alltid brukt profesjonelle budfirmaer. Men noen ganger kan det skje at pakkene eller pakkene med bestilte varer ikke kommer frem i sin opprinnelige tilstand og ikke blir h\u00e5ndtert med samme forsiktighet som vi vanligvis bruker. Av denne grunn ber vi deg ta en rask titt p\u00e5 p\u00e5minnelsen nedenfor:<\/p>\n<ul>\n<li><span style=\"background-color: #ffff00;\">Kontroller alltid at antallet mottatte kolli stemmer overens med antallet kolli som er angitt i transportdokumentet.<\/span><\/li>\n<li><span style=\"background-color: #ffff00;\">Kontroller alltid at emballasjen er perfekt, enten det er en pall eller l\u00f8se pakker.<\/span><\/li>\n<\/ul>\n<p><strong><span style=\"color: #ed1c24; font-size: 120%;\"><em>Ved kvantitative eller kvalitative avvik vil leveransen kun bli akseptert ved at f\u00f8lgende anmerkning f\u00f8res p\u00e5 kvitteringen:<\/em><\/span><\/strong><\/p>\n<p style=\"text-align: center;\"><span style=\"background-color: #ffff00;\">SPECIFIC RESERVE\u00b9 og en beskrivelse av avvikene som er funnet.<\/span><br \/><span style=\"background-color: #ffff00;\">utheving p\u00e5 POD\/palmare av avvikene som er funnet<\/span><\/p>\n<p>(NB: generiske forbehold som &laquo;ikke-konforme varer&raquo; eller &laquo;kontrollreserve&raquo; anses ikke som gyldige)<\/p>\n<p><strong><em>Gi oss beskjed umiddelbart via e-post (shop@formar-contract.it) med angivelse av avviket som er funnet i leveransen og bildet av kvitteringen utstedt av kureren som angir den spesifikke reservasjonen du har signert.<\/em><\/strong><\/p>\n<p><span style=\"background-color: #ffff00;\"><strong><span style=\"font-size: 105%; background-color: #ffff00;\">I M P O R T A N T !!!<\/span><\/strong><\/span><\/p>\n<p><span style=\"color: #ed1c24;\">Signer med <span style=\"font-size: 95%;\"><strong>Spesifikt forbehold<\/strong><\/span> betyr at mottakeren forbeholder seg retten til \u00e5 kontrollere varens integritet, med mulighet for regress mot transport\u00f8ren i tilfelle skade.<\/span><\/p>\n<p>\u00b9 <strong><em>Klikk p\u00e5 knappen nedenfor, s\u00e5 finner du en pdf-fil som viser hvordan du setter ordlyden Spesifikk reserve og en generisk beskrivelse av avviket.<\/em><\/strong><\/p>\n<p>Takk for samarbeidet og tilgjengeligheten!<br \/>Teamet til Formar Contract Srl<\/p>\n<a href=\"https:\/\/formar.shop\/wp-content\/uploads\/2022\/04\/riserva-di-controllo-Formar-Shop.pdf\" target=\"_blank\" class=\"button primary\" rel=\"noopener\" style=\"border-radius:10px;\">\n\t\t<span>Reserve Specific_Pod<\/span>\n\t<i class=\"icon-user\" aria-hidden=\"true\"><\/i><\/a>\n\n","protected":false},"excerpt":{"rendered":"<p>Kj\u00e6re kunde, For \u00e5 sikre at kj\u00f8pet ditt kommer frem i perfekt stand, har vi alltid brukt profesjonelle budfirmaer. Men noen ganger kan det skje at pakkene eller pakkene med bestilte varer ikke kommer frem i sin opprinnelige tilstand og ikke blir h\u00e5ndtert med samme forsiktighet som vi vanligvis bruker. Av denne grunn ber vi [&#8230;]\n","protected":false},"author":175,"featured_media":0,"parent":0,"menu_order":0,"comment_status":"closed","ping_status":"closed","template":"","meta":{"_joinchat":[],"footnotes":""},"class_list":["post-49430","page","type-page","status-publish","hentry"],"yoast_head":"<!-- This site is optimized with the Yoast SEO plugin v27.4 - https:\/\/yoast.com\/product\/yoast-seo-wordpress\/ -->\n<title>BESTILLINGSMOTTAK: hva skal jeg gj\u00f8re? - Formar.shop<\/title>\n<meta name=\"robots\" content=\"index, follow, max-snippet:-1, max-image-preview:large, max-video-preview:-1\" \/>\n<link rel=\"canonical\" href=\"https:\/\/formar.shop\/no\/bestillingsmottak-hva-skal-jeg-gjore\/\" \/>\n<script type=\"application\/ld+json\" class=\"yoast-schema-graph\">{\"@context\":\"https:\\\/\\\/schema.org\",\"@graph\":[{\"@type\":\"WebPage\",\"@id\":\"https:\\\/\\\/formar.shop\\\/no\\\/bestillingsmottak-hva-skal-jeg-gjore\\\/\",\"url\":\"https:\\\/\\\/formar.shop\\\/no\\\/bestillingsmottak-hva-skal-jeg-gjore\\\/\",\"name\":\"BESTILLINGSMOTTAK: hva skal jeg gj\u00f8re? - Formar.shop\",\"isPartOf\":{\"@id\":\"https:\\\/\\\/formar.shop\\\/no\\\/#website\"},\"datePublished\":\"2025-01-19T07:53:25+00:00\",\"dateModified\":\"2025-01-19T07:53:28+00:00\",\"breadcrumb\":{\"@id\":\"https:\\\/\\\/formar.shop\\\/no\\\/bestillingsmottak-hva-skal-jeg-gjore\\\/#breadcrumb\"},\"inLanguage\":\"nb-NO\",\"potentialAction\":[{\"@type\":\"ReadAction\",\"target\":[\"https:\\\/\\\/formar.shop\\\/no\\\/bestillingsmottak-hva-skal-jeg-gjore\\\/\"]}]},{\"@type\":\"BreadcrumbList\",\"@id\":\"https:\\\/\\\/formar.shop\\\/no\\\/bestillingsmottak-hva-skal-jeg-gjore\\\/#breadcrumb\",\"itemListElement\":[{\"@type\":\"ListItem\",\"position\":1,\"name\":\"Home\",\"item\":\"https:\\\/\\\/formar.shop\\\/no\\\/auto-draft\\\/\"},{\"@type\":\"ListItem\",\"position\":2,\"name\":\"BESTILLINGSMOTTAK: hva skal jeg gj\u00f8re?\"}]},{\"@type\":\"WebSite\",\"@id\":\"https:\\\/\\\/formar.shop\\\/no\\\/#website\",\"url\":\"https:\\\/\\\/formar.shop\\\/no\\\/\",\"name\":\"Formar.shop\",\"description\":\"Soluzioni espresse con stile\",\"potentialAction\":[{\"@type\":\"SearchAction\",\"target\":{\"@type\":\"EntryPoint\",\"urlTemplate\":\"https:\\\/\\\/formar.shop\\\/no\\\/?s={search_term_string}\"},\"query-input\":{\"@type\":\"PropertyValueSpecification\",\"valueRequired\":true,\"valueName\":\"search_term_string\"}}],\"inLanguage\":\"nb-NO\"}]}<\/script>\n<!-- \/ Yoast SEO plugin. -->","yoast_head_json":{"title":"BESTILLINGSMOTTAK: hva skal jeg gj\u00f8re? - Formar.shop","robots":{"index":"index","follow":"follow","max-snippet":"max-snippet:-1","max-image-preview":"max-image-preview:large","max-video-preview":"max-video-preview:-1"},"canonical":"https:\/\/formar.shop\/no\/bestillingsmottak-hva-skal-jeg-gjore\/","schema":{"@context":"https:\/\/schema.org","@graph":[{"@type":"WebPage","@id":"https:\/\/formar.shop\/no\/bestillingsmottak-hva-skal-jeg-gjore\/","url":"https:\/\/formar.shop\/no\/bestillingsmottak-hva-skal-jeg-gjore\/","name":"BESTILLINGSMOTTAK: hva skal jeg gj\u00f8re? - Formar.shop","isPartOf":{"@id":"https:\/\/formar.shop\/no\/#website"},"datePublished":"2025-01-19T07:53:25+00:00","dateModified":"2025-01-19T07:53:28+00:00","breadcrumb":{"@id":"https:\/\/formar.shop\/no\/bestillingsmottak-hva-skal-jeg-gjore\/#breadcrumb"},"inLanguage":"nb-NO","potentialAction":[{"@type":"ReadAction","target":["https:\/\/formar.shop\/no\/bestillingsmottak-hva-skal-jeg-gjore\/"]}]},{"@type":"BreadcrumbList","@id":"https:\/\/formar.shop\/no\/bestillingsmottak-hva-skal-jeg-gjore\/#breadcrumb","itemListElement":[{"@type":"ListItem","position":1,"name":"Home","item":"https:\/\/formar.shop\/no\/auto-draft\/"},{"@type":"ListItem","position":2,"name":"BESTILLINGSMOTTAK: hva skal jeg gj\u00f8re?"}]},{"@type":"WebSite","@id":"https:\/\/formar.shop\/no\/#website","url":"https:\/\/formar.shop\/no\/","name":"Formar.shop","description":"Soluzioni espresse con stile","potentialAction":[{"@type":"SearchAction","target":{"@type":"EntryPoint","urlTemplate":"https:\/\/formar.shop\/no\/?s={search_term_string}"},"query-input":{"@type":"PropertyValueSpecification","valueRequired":true,"valueName":"search_term_string"}}],"inLanguage":"nb-NO"}]}},"_links":{"self":[{"href":"https:\/\/formar.shop\/no\/wp-json\/wp\/v2\/pages\/49430","targetHints":{"allow":["GET"]}}],"collection":[{"href":"https:\/\/formar.shop\/no\/wp-json\/wp\/v2\/pages"}],"about":[{"href":"https:\/\/formar.shop\/no\/wp-json\/wp\/v2\/types\/page"}],"author":[{"embeddable":true,"href":"https:\/\/formar.shop\/no\/wp-json\/wp\/v2\/users\/175"}],"replies":[{"embeddable":true,"href":"https:\/\/formar.shop\/no\/wp-json\/wp\/v2\/comments?post=49430"}],"version-history":[{"count":11,"href":"https:\/\/formar.shop\/no\/wp-json\/wp\/v2\/pages\/49430\/revisions"}],"predecessor-version":[{"id":49497,"href":"https:\/\/formar.shop\/no\/wp-json\/wp\/v2\/pages\/49430\/revisions\/49497"}],"wp:attachment":[{"href":"https:\/\/formar.shop\/no\/wp-json\/wp\/v2\/media?parent=49430"}],"curies":[{"name":"wp","href":"https:\/\/api.w.org\/{rel}","templated":true}]}}