{"id":48645,"date":"2025-01-18T21:41:15","date_gmt":"2025-01-18T20:41:15","guid":{"rendered":"https:\/\/formar.shop\/nyheter\/"},"modified":"2025-01-18T21:41:16","modified_gmt":"2025-01-18T20:41:16","slug":"nyheter","status":"publish","type":"page","link":"https:\/\/formar.shop\/no\/nyheter\/","title":{"rendered":"Nyheter"},"content":{"rendered":"\n[av_section min_height=&raquo;&raquo; min_height_px=&raquo;500px&raquo; padding=&raquo;default&raquo; shadow=&raquo;no-border-styling&raquo; bottom_border=&raquo;no-border-styling&raquo; bottom_border_diagonal_color=&raquo;#333333&#8243; bottom_border_diagonal_direction=&raquo;&raquo; bottom_border_style=&raquo;&raquo; custom_arrow_bg=&raquo;&raquo; id=&raquo;&raquo; color=&raquo;main_color&raquo; background=&raquo;bg_color&raquo; custom_bg=&raquo;#fafafa&raquo; background_gradient_color1=&raquo;&raquo; background_gradient_color2=&raquo;&raquo; background_gradient_direction=&raquo;vertical&raquo; src=&raquo;&raquo; attachment=&raquo;&raquo; attachment_size=&raquo;&raquo; attach=&raquo;scroll&raquo; position=&raquo;top left&raquo; repeat=&raquo;no-repeat&raquo; video=&raquo;&raquo; video_ratio=&raquo;16:9&#8243; overlay_opacity=&raquo;0.5&#8243; overlay_color=&raquo;&raquo; overlay_pattern=&raquo;&raquo; overlay_custom_pattern=&raquo;&raquo; av_element_hidden_in_editor=&raquo;0&#8243; av_uid=&raquo;av-jj21ix0a&raquo; custom_class=&raquo;&raquo;]\n\n[av_heading tag=&raquo;h3&#8243; padding=&raquo;0&#8243; heading=&raquo;News&raquo; color=&raquo;&raquo; style=&raquo;blockquote modern-quote modern-centered&raquo; custom_font=&raquo;&raquo; size=&raquo;60&#8243; subheading_active=&raquo;&raquo; subheading_size=&raquo;15&#8243; custom_class=&raquo;&raquo; admin_preview_bg=&raquo;&raquo; av-desktop-hide=&raquo;&raquo; av-medium-hide=&raquo;&raquo; av-small-hide=&raquo;&raquo; av-mini-hide=&raquo;&raquo; av-medium-font-size-title=&raquo;&raquo; av-small-font-size-title=&raquo;&raquo; av-mini-font-size-title=&raquo;&raquo; av-medium-font-size=&raquo;&raquo; av-small-font-size=&raquo;&raquo; av-mini-font-size=&raquo;&raquo; margin=&raquo;&raquo;]\nBli bedre kjent\n[\/av_heading]\n\n[av_hr class=&raquo;custom&raquo; height=&raquo;50&#8243; shadow=&raquo;no-shadow&raquo; position=&raquo;center&raquo; custom_border=&raquo;av-border-fat&raquo; custom_width=&raquo;100px&raquo; custom_border_color=&raquo;#fab300&#8243; custom_margin_top=&raquo;0px&raquo; custom_margin_bottom=&raquo;50px&raquo; icon_select=&raquo;no&raquo; custom_icon_color=&raquo;&raquo; icon=&raquo;ue808&#8243; font=&raquo;entypo-fontello&raquo; av_uid=&raquo;av-jj21opc3&#8243; custom_class=&raquo;&raquo; admin_preview_bg=&raquo;&raquo;]\n\n[av_blog blog_type=&raquo;posts&raquo; categories=&raquo;150&#8243; link=&raquo;category&raquo; blog_style=&raquo;blog-grid&raquo; columns=&raquo;3&#8243; contents=&raquo;excerpt_read_more&raquo; content_length=&raquo;content&raquo; preview_mode=&raquo;custom&raquo; image_size=&raquo;magazine&raquo; items=&raquo;9&#8243; offset=&raquo;0&#8243; paginate=&raquo;yes&raquo; conditional=&raquo;&raquo; av_uid=&raquo;av-jjjtxaeb&raquo; custom_class=&raquo;news&raquo;]\n\n[\/av_section][av_section min_height=&raquo;&raquo; min_height_px=&raquo;500px&raquo; padding=&raquo;default&raquo; shadow=&raquo;no-border-styling&raquo; bottom_border=&raquo;no-border-styling&raquo; bottom_border_diagonal_color=&raquo;#333333&#8243; bottom_border_diagonal_direction=&raquo;&raquo; bottom_border_style=&raquo;&raquo; custom_arrow_bg=&raquo;&raquo; id=&raquo;&raquo; color=&raquo;main_color&raquo; background=&raquo;bg_gradient&raquo; custom_bg=&raquo;&raquo; background_gradient_color1=&raquo;#fab300&#8243; background_gradient_color2=&raquo;#f7c100&#8243; background_gradient_direction=&raquo;diagonal_tb&raquo; src=&raquo;&raquo; attachment=&raquo;&raquo; attachment_size=&raquo;&raquo; attach=&raquo;scroll&raquo; position=&raquo;top left&raquo; repeat=&raquo;no-repeat&raquo; video=&raquo;&raquo; video_ratio=&raquo;16:9&#8243; overlay_opacity=&raquo;0.5&#8243; overlay_color=&raquo;&raquo; overlay_pattern=&raquo;&raquo; overlay_custom_pattern=&raquo;&raquo; av_element_hidden_in_editor=&raquo;0&#8243; av_uid=&raquo;av-97digt&raquo; custom_class=&raquo;&raquo;]\n[av_one_fifth first min_height=&raquo;av-equal-height-column&raquo; vertical_alignment=&raquo;av-align-middle&raquo; space=&raquo;no_margin&raquo; margin=&raquo;0px&raquo; margin_sync=&raquo;true&raquo; link=&raquo;&raquo; linktarget=&raquo;&raquo; link_hover=&raquo;&raquo; padding=&raquo;0px&raquo; padding_sync=&raquo;true&raquo; border=&raquo;&raquo; border_color=&raquo;&raquo; radius=&raquo;0px&raquo; radius_sync=&raquo;true&raquo; background=&raquo;bg_color&raquo; background_color=&raquo;&raquo; background_gradient_color1=&raquo;&raquo; background_gradient_color2=&raquo;&raquo; background_gradient_direction=&raquo;vertical&raquo; src=&raquo;&raquo; attachment=&raquo;&raquo; attachment_size=&raquo;&raquo; background_position=&raquo;top left&raquo; background_repeat=&raquo;no-repeat&raquo; animation=&raquo;&raquo; mobile_breaking=&raquo;&raquo; mobile_display=&raquo;&raquo; av_uid=&raquo;av-86lkfh&raquo; custom_class=&raquo;&raquo;]\n\n[av_font_icon icon=&raquo;ue854&#8243; font=&raquo;entypo-fontello&raquo; style=&raquo;border&raquo; caption=&raquo;&raquo; link=&raquo;page,946&#8243; linktarget=&raquo;&raquo; size=&raquo;60px&raquo; position=&raquo;right&raquo; color=&raquo;#ffffff&raquo; av_uid=&raquo;av-jj23v1yv&raquo; custom_class=&raquo;&raquo; admin_preview_bg=&raquo;&raquo;][\/av_font_icon]\n\n[\/av_one_fifth][av_three_fifth min_height=&raquo;&raquo; vertical_alignment=&raquo;av-align-top&raquo; space=&raquo;&raquo; margin=&raquo;0px&raquo; margin_sync=&raquo;true&raquo; link=&raquo;&raquo; linktarget=&raquo;&raquo; link_hover=&raquo;&raquo; padding=&raquo;0px,20px,0px,20px&raquo; border=&raquo;&raquo; border_color=&raquo;&raquo; radius=&raquo;0px&raquo; radius_sync=&raquo;true&raquo; background=&raquo;bg_color&raquo; background_color=&raquo;&raquo; background_gradient_color1=&raquo;&raquo; background_gradient_color2=&raquo;&raquo; background_gradient_direction=&raquo;vertical&raquo; src=&raquo;&raquo; attachment=&raquo;&raquo; attachment_size=&raquo;&raquo; background_position=&raquo;top left&raquo; background_repeat=&raquo;no-repeat&raquo; animation=&raquo;&raquo; mobile_breaking=&raquo;&raquo; mobile_display=&raquo;&raquo; av_uid=&raquo;av-69i7od&raquo; custom_class=&raquo;&raquo;]\n\n[av_heading tag=&raquo;h3&#8243; padding=&raquo;0&#8243; heading=&raquo;Contattaci&raquo; color=&raquo;custom-color-heading&raquo; style=&raquo;blockquote modern-quote&raquo; custom_font=&raquo;#020202&#8243; size=&raquo;28&#8243; subheading_active=&raquo;&raquo; subheading_size=&raquo;15&#8243; custom_class=&raquo;&raquo; admin_preview_bg=&raquo;&raquo; av-desktop-hide=&raquo;&raquo; av-medium-hide=&raquo;&raquo; av-small-hide=&raquo;&raquo; av-mini-hide=&raquo;&raquo; av-medium-font-size-title=&raquo;&raquo; av-small-font-size-title=&raquo;&raquo; av-mini-font-size-title=&raquo;&raquo; av-medium-font-size=&raquo;&raquo; av-small-font-size=&raquo;&raquo; av-mini-font-size=&raquo;&raquo; margin=&raquo;&raquo; av_uid=&raquo;av-1wspjh&raquo;]\nFormar Contract er ogs\u00e5\n[\/av_heading]\n\n[av_textblock size=&raquo;17&#8243; font_color=&raquo;custom&raquo; color=&raquo;#020202&#8243; av-medium-font-size=&raquo;&raquo; av-small-font-size=&raquo;&raquo; av-mini-font-size=&raquo;&raquo; av_uid=&raquo;av-jj23wau4&#8243; custom_class=&raquo;&raquo; admin_preview_bg=&raquo;&raquo;]\n<strong>V\u00e5r kundeservice st\u00e5r til din disposisjon.  <\/strong>Ikke n\u00f8l med \u00e5 kontakte oss for informasjon eller tilbud! V\u00e5re fagfolk vil svare p\u00e5 dine sp\u00f8rsm\u00e5l om v\u00e5re tjenester: design, realisering, levering og montering av kontorm\u00f8bler. \n[\/av_textblock]\n\n[\/av_three_fifth][av_one_fifth min_height=&raquo;&raquo; vertical_alignment=&raquo;&raquo; space=&raquo;&raquo; custom_margin=&raquo;&raquo; margin=&raquo;0px&raquo; link=&raquo;&raquo; linktarget=&raquo;&raquo; link_hover=&raquo;&raquo; padding=&raquo;0px&raquo; border=&raquo;&raquo; border_color=&raquo;&raquo; radius=&raquo;0px&raquo; background=&raquo;bg_color&raquo; background_color=&raquo;&raquo; background_gradient_color1=&raquo;&raquo; background_gradient_color2=&raquo;&raquo; background_gradient_direction=&raquo;vertical&raquo; src=&raquo;&raquo; background_position=&raquo;top left&raquo; background_repeat=&raquo;no-repeat&raquo; animation=&raquo;&raquo; mobile_breaking=&raquo;&raquo; mobile_display=&raquo;&raquo; av_uid=&raquo;av-4qrmbh&raquo;]\n\n[av_button_big label=&raquo;SKRIV&raquo; description_pos=&raquo;below&raquo; link=&raquo;page,946&#8243; link_target=&raquo;&raquo; icon_select=&raquo;yes-left-icon&raquo; icon=&raquo;ue805&#8243; font=&raquo;entypo-fontello&raquo; custom_font=&raquo;&raquo; color=&raquo;theme-color-subtle&raquo; custom_bg=&raquo;#444444&#8243; color_hover=&raquo;theme-color-subtle&raquo; custom_bg_hover=&raquo;#444444&#8243; av_uid=&raquo;av-2p4q7x&raquo; custom_class=&raquo;&raquo; admin_preview_bg=&raquo;&raquo;][\/av_button_big]\n\n[av_hr class=&raquo;invisible&raquo; height=&raquo;20&#8243; shadow=&raquo;no-shadow&raquo; position=&raquo;center&raquo; custom_border=&raquo;av-border-thin&raquo; custom_width=&raquo;50px&raquo; custom_border_color=&raquo;&raquo; custom_margin_top=&raquo;30px&raquo; custom_margin_bottom=&raquo;30px&raquo; icon_select=&raquo;yes&raquo; custom_icon_color=&raquo;&raquo; icon=&raquo;ue808&#8243; font=&raquo;entypo-fontello&raquo; av_uid=&raquo;av-jj24q137&#8243; custom_class=&raquo;&raquo; admin_preview_bg=&raquo;&raquo;]\n\n[av_button_big label=&raquo;TELEFONI&raquo; description_pos=&raquo;below&raquo; link=&raquo;manually,TEL:+390715906063&#8243; link_target=&raquo;_blank&raquo; icon_select=&raquo;yes-left-icon&raquo; icon=&raquo;ue854&#8243; font=&raquo;entypo-fontello&raquo; custom_font=&raquo;&raquo; color=&raquo;theme-color-subtle&raquo; custom_bg=&raquo;#444444&#8243; color_hover=&raquo;theme-color-subtle&raquo; custom_bg_hover=&raquo;#444444&#8243; av_uid=&raquo;av-2p4q7x&raquo; custom_class=&raquo;&raquo; admin_preview_bg=&raquo;&raquo;][\/av_button_big]\n\n[\/av_one_fifth]\n[\/av_section]\n","protected":false},"excerpt":{"rendered":"[av_section min_height=&raquo;&raquo; min_height_px=&raquo;500px&raquo; padding=&raquo;default&raquo; shadow=&raquo;no-border-styling&raquo; bottom_border=&raquo;no-border-styling&raquo; bottom_border_diagonal_color=&raquo;#333333&#8243; bottom_border_diagonal_direction=&raquo;&raquo; bottom_border_style=&raquo;&raquo; custom_arrow_bg=&raquo;&raquo; id=&raquo;&raquo; color=&raquo;main_color&raquo; background=&raquo;bg_color&raquo; custom_bg=&raquo;#fafafa&raquo; background_gradient_color1=&raquo;&raquo; background_gradient_color2=&raquo;&raquo; background_gradient_direction=&raquo;vertical&raquo; src=&raquo;&raquo; attachment=&raquo;&raquo; attachment_size=&raquo;&raquo; attach=&raquo;scroll&raquo; position=&raquo;top left&raquo; repeat=&raquo;no-repeat&raquo; video=&raquo;&raquo; video_ratio=&raquo;16:9&#8243; overlay_opacity=&raquo;0.5&#8243; overlay_color=&raquo;&raquo; overlay_pattern=&raquo;&raquo; overlay_custom_pattern=&raquo;&raquo; av_element_hidden_in_editor=&raquo;0&#8243; av_uid=&raquo;av-jj21ix0a&raquo; custom_class=&raquo;&raquo;] [av_heading tag=&raquo;h3&#8243; padding=&raquo;0&#8243; heading=&raquo;News&raquo; color=&raquo;&raquo; style=&raquo;blockquote modern-quote modern-centered&raquo; custom_font=&raquo;&raquo; size=&raquo;60&#8243; subheading_active=&raquo;&raquo; subheading_size=&raquo;15&#8243; custom_class=&raquo;&raquo; admin_preview_bg=&raquo;&raquo; av-desktop-hide=&raquo;&raquo; av-medium-hide=&raquo;&raquo; av-small-hide=&raquo;&raquo; av-mini-hide=&raquo;&raquo; av-medium-font-size-title=&raquo;&raquo; av-small-font-size-title=&raquo;&raquo; av-mini-font-size-title=&raquo;&raquo; av-medium-font-size=&raquo;&raquo; [&#8230;]\n","protected":false},"author":5,"featured_media":0,"parent":0,"menu_order":0,"comment_status":"closed","ping_status":"closed","template":"","meta":{"_joinchat":[],"footnotes":""},"class_list":["post-48645","page","type-page","status-publish","hentry"],"yoast_head":"<!-- This site is optimized with the Yoast SEO plugin v27.3 - https:\/\/yoast.com\/product\/yoast-seo-wordpress\/ -->\n<title>Nyheter - Formar.shop<\/title>\n<meta name=\"robots\" content=\"index, follow, max-snippet:-1, max-image-preview:large, max-video-preview:-1\" \/>\n<link rel=\"canonical\" href=\"https:\/\/formar.shop\/no\/nyheter\/\" \/>\n<script type=\"application\/ld+json\" class=\"yoast-schema-graph\">{\"@context\":\"https:\\\/\\\/schema.org\",\"@graph\":[{\"@type\":\"WebPage\",\"@id\":\"https:\\\/\\\/formar.shop\\\/no\\\/nyheter\\\/\",\"url\":\"https:\\\/\\\/formar.shop\\\/no\\\/nyheter\\\/\",\"name\":\"Nyheter - Formar.shop\",\"isPartOf\":{\"@id\":\"https:\\\/\\\/formar.shop\\\/no\\\/#website\"},\"datePublished\":\"2025-01-18T20:41:15+00:00\",\"dateModified\":\"2025-01-18T20:41:16+00:00\",\"breadcrumb\":{\"@id\":\"https:\\\/\\\/formar.shop\\\/no\\\/nyheter\\\/#breadcrumb\"},\"inLanguage\":\"nb-NO\",\"potentialAction\":[{\"@type\":\"ReadAction\",\"target\":[\"https:\\\/\\\/formar.shop\\\/no\\\/nyheter\\\/\"]}]},{\"@type\":\"BreadcrumbList\",\"@id\":\"https:\\\/\\\/formar.shop\\\/no\\\/nyheter\\\/#breadcrumb\",\"itemListElement\":[{\"@type\":\"ListItem\",\"position\":1,\"name\":\"Home\",\"item\":\"https:\\\/\\\/formar.shop\\\/no\\\/auto-draft\\\/\"},{\"@type\":\"ListItem\",\"position\":2,\"name\":\"Nyheter\"}]},{\"@type\":\"WebSite\",\"@id\":\"https:\\\/\\\/formar.shop\\\/no\\\/#website\",\"url\":\"https:\\\/\\\/formar.shop\\\/no\\\/\",\"name\":\"Formar.shop\",\"description\":\"Soluzioni espresse con stile\",\"potentialAction\":[{\"@type\":\"SearchAction\",\"target\":{\"@type\":\"EntryPoint\",\"urlTemplate\":\"https:\\\/\\\/formar.shop\\\/no\\\/?s={search_term_string}\"},\"query-input\":{\"@type\":\"PropertyValueSpecification\",\"valueRequired\":true,\"valueName\":\"search_term_string\"}}],\"inLanguage\":\"nb-NO\"}]}<\/script>\n<!-- \/ Yoast SEO plugin. -->","yoast_head_json":{"title":"Nyheter - Formar.shop","robots":{"index":"index","follow":"follow","max-snippet":"max-snippet:-1","max-image-preview":"max-image-preview:large","max-video-preview":"max-video-preview:-1"},"canonical":"https:\/\/formar.shop\/no\/nyheter\/","schema":{"@context":"https:\/\/schema.org","@graph":[{"@type":"WebPage","@id":"https:\/\/formar.shop\/no\/nyheter\/","url":"https:\/\/formar.shop\/no\/nyheter\/","name":"Nyheter - Formar.shop","isPartOf":{"@id":"https:\/\/formar.shop\/no\/#website"},"datePublished":"2025-01-18T20:41:15+00:00","dateModified":"2025-01-18T20:41:16+00:00","breadcrumb":{"@id":"https:\/\/formar.shop\/no\/nyheter\/#breadcrumb"},"inLanguage":"nb-NO","potentialAction":[{"@type":"ReadAction","target":["https:\/\/formar.shop\/no\/nyheter\/"]}]},{"@type":"BreadcrumbList","@id":"https:\/\/formar.shop\/no\/nyheter\/#breadcrumb","itemListElement":[{"@type":"ListItem","position":1,"name":"Home","item":"https:\/\/formar.shop\/no\/auto-draft\/"},{"@type":"ListItem","position":2,"name":"Nyheter"}]},{"@type":"WebSite","@id":"https:\/\/formar.shop\/no\/#website","url":"https:\/\/formar.shop\/no\/","name":"Formar.shop","description":"Soluzioni espresse con stile","potentialAction":[{"@type":"SearchAction","target":{"@type":"EntryPoint","urlTemplate":"https:\/\/formar.shop\/no\/?s={search_term_string}"},"query-input":{"@type":"PropertyValueSpecification","valueRequired":true,"valueName":"search_term_string"}}],"inLanguage":"nb-NO"}]}},"_links":{"self":[{"href":"https:\/\/formar.shop\/no\/wp-json\/wp\/v2\/pages\/48645","targetHints":{"allow":["GET"]}}],"collection":[{"href":"https:\/\/formar.shop\/no\/wp-json\/wp\/v2\/pages"}],"about":[{"href":"https:\/\/formar.shop\/no\/wp-json\/wp\/v2\/types\/page"}],"author":[{"embeddable":true,"href":"https:\/\/formar.shop\/no\/wp-json\/wp\/v2\/users\/5"}],"replies":[{"embeddable":true,"href":"https:\/\/formar.shop\/no\/wp-json\/wp\/v2\/comments?post=48645"}],"version-history":[{"count":1,"href":"https:\/\/formar.shop\/no\/wp-json\/wp\/v2\/pages\/48645\/revisions"}],"predecessor-version":[{"id":48646,"href":"https:\/\/formar.shop\/no\/wp-json\/wp\/v2\/pages\/48645\/revisions\/48646"}],"wp:attachment":[{"href":"https:\/\/formar.shop\/no\/wp-json\/wp\/v2\/media?parent=48645"}],"curies":[{"name":"wp","href":"https:\/\/api.w.org\/{rel}","templated":true}]}}