{"id":48570,"date":"2025-01-18T21:40:33","date_gmt":"2025-01-18T20:40:33","guid":{"rendered":"https:\/\/formar.shop\/kjopsguide\/"},"modified":"2025-01-18T21:40:34","modified_gmt":"2025-01-18T20:40:34","slug":"kjopsguide","status":"publish","type":"page","link":"https:\/\/formar.shop\/no\/kjopsguide\/","title":{"rendered":"KJ\u00d8PSGUIDE"},"content":{"rendered":"\t<div id=\"text-139694072\" class=\"text\">\n\t\t\n<p><strong>Vilk\u00e5r og betingelser<\/strong><\/p>\n<p>Formar.shop by Formar Contract gj\u00f8r det mulig for alle \u00e5 kj\u00f8pe produktene deres p\u00e5 nettet, gjennom en <strong>enkel, praktisk og sikker<\/strong> tjeneste.<\/p>\n<p>Det er mulig \u00e5 foreta et kj\u00f8p etter registrering eller som gjest, men i begge tilfeller er det n\u00f8dvendig \u00e5 fylle ut alle obligatoriske felt.  <\/p>\n<p><strong>Alle bestillinger m\u00e5 bekreftes<\/strong>.<\/p>\n<\/p>\n<p><strong>Registrering<\/strong><\/p>\n<p>Etter registreringen, som tar bare noen f\u00e5 enkle trinn, har den nye kunden et internt kontrollpanel, der de kan legge inn leveringsadressen sin, slik at systemet kan huske den for \u00e5 fremskynde neste kj\u00f8p, og administrere handlekurven og produktsammenligningsalternativet. Velg produktet, st\u00f8rrelsen og fargen de \u00f8nsker, og etter \u00e5 ha valgt \u00f8nsket antall, legg det i handlekurven. N\u00e5r du vil fortsette med kj\u00f8pet, g\u00e5r du inn i handlekurven, logger inn f\u00f8rst hvis du er registrert, og fortsetter med bestillingen. Du kan n\u00e5r som helst endre eller fjerne de valgte produktene fra handlekurven.  <\/p>\n<\/p>\n<p><strong>Bestilling<\/strong><\/p>\n<p>N\u00e5r du har valgt alle produktene du \u00f8nsker \u00e5 kj\u00f8pe, kan du fortsette med bestillingen. Hvis du har en oppdatert konto med data og leveringsadresse, vil kj\u00f8psprosessen g\u00e5 raskere.<br \/>Hvis ikke, legger du inn de n\u00f8dvendige opplysningene og fortsetter med bestillingen. Bestillingen blir f\u00f8rst behandlet n\u00e5r betalingen for produktet er mottatt, avhengig av hvilken betalingsm\u00e5te du har valgt.  <\/p>\n<\/p>\n<p><strong>V\u00e5r kundeservice st\u00e5r til din disposisjon.<\/strong><\/p>\n<p>V\u00e5re fagfolk vil svare p\u00e5 dine sp\u00f8rsm\u00e5l om v\u00e5re tjenester.<\/p>\n<p>Ikke n\u00f8l med \u00e5 kontakte oss for informasjon eller tilbudsforesp\u00f8rsler!  <\/p>\n<\/p>\n<p style=\"text-align: left;\"><strong>Formar Contract srl<\/strong><br \/><strong>Via del Consorzio 44<\/strong><br \/><strong>60015 | Falconara Marittima (AN)<\/strong><\/p>\n<p style=\"text-align: left;\"><a href=\"tel:800122267\">Gratis telefonnummer <\/a><a href=\"tel:800122267\">800 12 22 67<\/a><br \/><a href=\"tel:+390715906063\">Tlf. 071 590.60.63<\/a><\/p>\n<p style=\"text-align: left;\">\n<p>Salgskontor: <a href=\"mailto:info@formar-contract.it\">info@formar.net<\/a> E-handel:<a href=\"mailto:shop@formar.net\">shop@formar.net<\/a> PEC:<a href=\"mailto:info@pec.formar-contract.it\">info@pec.formar-contract.it<\/a><\/p>\n<p style=\"text-align: left;\">\n\t\t\n<style>\n#text-139694072 {\n  color: rgb(0,0,0);\n}\n#text-139694072 > * {\n  color: rgb(0,0,0);\n}\n<\/style>\n\t<\/div>\n\t\n","protected":false},"excerpt":{"rendered":"","protected":false},"author":6,"featured_media":0,"parent":0,"menu_order":0,"comment_status":"closed","ping_status":"closed","template":"","meta":{"_joinchat":[],"footnotes":""},"class_list":["post-48570","page","type-page","status-publish","hentry"],"yoast_head":"<!-- This site is optimized with the Yoast SEO plugin v27.3 - https:\/\/yoast.com\/product\/yoast-seo-wordpress\/ -->\n<title>KJ\u00d8PSGUIDE - Formar.shop<\/title>\n<meta name=\"robots\" content=\"index, follow, max-snippet:-1, max-image-preview:large, max-video-preview:-1\" \/>\n<link rel=\"canonical\" href=\"https:\/\/formar.shop\/no\/kjopsguide\/\" \/>\n<script type=\"application\/ld+json\" class=\"yoast-schema-graph\">{\"@context\":\"https:\\\/\\\/schema.org\",\"@graph\":[{\"@type\":\"WebPage\",\"@id\":\"https:\\\/\\\/formar.shop\\\/no\\\/kjopsguide\\\/\",\"url\":\"https:\\\/\\\/formar.shop\\\/no\\\/kjopsguide\\\/\",\"name\":\"KJ\u00d8PSGUIDE - Formar.shop\",\"isPartOf\":{\"@id\":\"https:\\\/\\\/formar.shop\\\/no\\\/#website\"},\"datePublished\":\"2025-01-18T20:40:33+00:00\",\"dateModified\":\"2025-01-18T20:40:34+00:00\",\"breadcrumb\":{\"@id\":\"https:\\\/\\\/formar.shop\\\/no\\\/kjopsguide\\\/#breadcrumb\"},\"inLanguage\":\"nb-NO\",\"potentialAction\":[{\"@type\":\"ReadAction\",\"target\":[\"https:\\\/\\\/formar.shop\\\/no\\\/kjopsguide\\\/\"]}]},{\"@type\":\"BreadcrumbList\",\"@id\":\"https:\\\/\\\/formar.shop\\\/no\\\/kjopsguide\\\/#breadcrumb\",\"itemListElement\":[{\"@type\":\"ListItem\",\"position\":1,\"name\":\"Home\",\"item\":\"https:\\\/\\\/formar.shop\\\/no\\\/auto-draft\\\/\"},{\"@type\":\"ListItem\",\"position\":2,\"name\":\"KJ\u00d8PSGUIDE\"}]},{\"@type\":\"WebSite\",\"@id\":\"https:\\\/\\\/formar.shop\\\/no\\\/#website\",\"url\":\"https:\\\/\\\/formar.shop\\\/no\\\/\",\"name\":\"Formar.shop\",\"description\":\"Soluzioni espresse con stile\",\"potentialAction\":[{\"@type\":\"SearchAction\",\"target\":{\"@type\":\"EntryPoint\",\"urlTemplate\":\"https:\\\/\\\/formar.shop\\\/no\\\/?s={search_term_string}\"},\"query-input\":{\"@type\":\"PropertyValueSpecification\",\"valueRequired\":true,\"valueName\":\"search_term_string\"}}],\"inLanguage\":\"nb-NO\"}]}<\/script>\n<!-- \/ Yoast SEO plugin. -->","yoast_head_json":{"title":"KJ\u00d8PSGUIDE - Formar.shop","robots":{"index":"index","follow":"follow","max-snippet":"max-snippet:-1","max-image-preview":"max-image-preview:large","max-video-preview":"max-video-preview:-1"},"canonical":"https:\/\/formar.shop\/no\/kjopsguide\/","schema":{"@context":"https:\/\/schema.org","@graph":[{"@type":"WebPage","@id":"https:\/\/formar.shop\/no\/kjopsguide\/","url":"https:\/\/formar.shop\/no\/kjopsguide\/","name":"KJ\u00d8PSGUIDE - Formar.shop","isPartOf":{"@id":"https:\/\/formar.shop\/no\/#website"},"datePublished":"2025-01-18T20:40:33+00:00","dateModified":"2025-01-18T20:40:34+00:00","breadcrumb":{"@id":"https:\/\/formar.shop\/no\/kjopsguide\/#breadcrumb"},"inLanguage":"nb-NO","potentialAction":[{"@type":"ReadAction","target":["https:\/\/formar.shop\/no\/kjopsguide\/"]}]},{"@type":"BreadcrumbList","@id":"https:\/\/formar.shop\/no\/kjopsguide\/#breadcrumb","itemListElement":[{"@type":"ListItem","position":1,"name":"Home","item":"https:\/\/formar.shop\/no\/auto-draft\/"},{"@type":"ListItem","position":2,"name":"KJ\u00d8PSGUIDE"}]},{"@type":"WebSite","@id":"https:\/\/formar.shop\/no\/#website","url":"https:\/\/formar.shop\/no\/","name":"Formar.shop","description":"Soluzioni espresse con stile","potentialAction":[{"@type":"SearchAction","target":{"@type":"EntryPoint","urlTemplate":"https:\/\/formar.shop\/no\/?s={search_term_string}"},"query-input":{"@type":"PropertyValueSpecification","valueRequired":true,"valueName":"search_term_string"}}],"inLanguage":"nb-NO"}]}},"_links":{"self":[{"href":"https:\/\/formar.shop\/no\/wp-json\/wp\/v2\/pages\/48570","targetHints":{"allow":["GET"]}}],"collection":[{"href":"https:\/\/formar.shop\/no\/wp-json\/wp\/v2\/pages"}],"about":[{"href":"https:\/\/formar.shop\/no\/wp-json\/wp\/v2\/types\/page"}],"author":[{"embeddable":true,"href":"https:\/\/formar.shop\/no\/wp-json\/wp\/v2\/users\/6"}],"replies":[{"embeddable":true,"href":"https:\/\/formar.shop\/no\/wp-json\/wp\/v2\/comments?post=48570"}],"version-history":[{"count":1,"href":"https:\/\/formar.shop\/no\/wp-json\/wp\/v2\/pages\/48570\/revisions"}],"predecessor-version":[{"id":48576,"href":"https:\/\/formar.shop\/no\/wp-json\/wp\/v2\/pages\/48570\/revisions\/48576"}],"wp:attachment":[{"href":"https:\/\/formar.shop\/no\/wp-json\/wp\/v2\/media?parent=48570"}],"curies":[{"name":"wp","href":"https:\/\/api.w.org\/{rel}","templated":true}]}}