{"id":48493,"date":"2025-01-18T21:40:16","date_gmt":"2025-01-18T20:40:16","guid":{"rendered":"https:\/\/formar.shop\/regler-om-retur\/"},"modified":"2025-11-18T11:28:33","modified_gmt":"2025-11-18T10:28:33","slug":"regler-om-retur","status":"publish","type":"page","link":"https:\/\/formar.shop\/no\/regler-om-retur\/","title":{"rendered":"REGLER OM RETUR"},"content":{"rendered":"\n<h3><span style=\"font-size: 140%;\"><strong>RETUR OG KUNDESERVICE<\/strong><\/span><\/h3>\n<p> <\/p>\n<p><span style=\"font-size: 110%;\"><strong>Det er mulig \u00e5 returnere kj\u00f8pte varer p\u00e5 en enkel og rask m\u00e5te.<\/strong><\/span><\/p>\n<p>I henhold til <em>EU-direktiv 2011\/83, implementert i Italia ved lovdekret av 3. desember 2013<\/em>, kan kj\u00f8peren trekke seg fra kj\u00f8pekontrakten uten n\u00f8dvendigvis \u00e5 spesifisere \u00e5rsaken til returen.<\/p>\n<p>Kj\u00f8peren som \u00f8nsker \u00e5 benytte seg av angreretten, skal underrette Formar Contract om dette per rekommandert brev med kvittering for mottak eller per <strong>Pec<\/strong>, <strong>innen 14 virkedager<\/strong> fra leveringsdatoen, vedlagt en kopi av transportdokumentene, til adressene som er angitt nedenfor.<\/p>\n<p><span style=\"font-size: 110%;\"><strong>Kostnader for returfrakt er helt og holdent Kundens ansvar.<\/strong><strong>kundens ansvar.<\/strong><\/span><\/p>\n<p>Fra det \u00f8yeblikket Formar Contract har akseptert returforesp\u00f8rselen, har kj\u00f8peren <strong>14 kalenderdager til \u00e5 sende returen<\/strong>. Etter denne fristen kan kj\u00f8peren ikke lenger benytte seg av angrerettigheten. <\/p>\n<p>Etter \u00e5 ha f\u00e5tt returtillatelse fra operat\u00f8ren, skal kj\u00f8peren sende produktet til<\/p>\n<p style=\"text-align: center;\"><span style=\"color: #000000;\"><strong>Formar Contract Srl<\/strong><\/span><\/p>\n<p style=\"text-align: center;\"><span style=\"color: #000000;\"><strong>Via del Consorzio 44<\/strong><\/span><\/p>\n<p style=\"text-align: center;\"><span style=\"color: #000000;\"><strong>60015 | Falconara Marittima (AN)<\/strong><\/span><\/p>\n<p style=\"text-align: center;\"><span style=\"color: #000000;\"><strong>info@pec.formar-contract.it<\/strong><\/span><\/p>\n<p>Formar Contract vil foreta<strong> tilbakebetalingen via bankoverf\u00f8ring innen 14 virkedager etter<\/strong> mottak av de returnerte varene.<\/p>\n<p>Angreretten bortfaller helt dersom den returnerte varen ikke er intakt, dvs. mangler original ytter- og inneremballasje, er skadet eller bare delvis brukt.<\/p>\n<p> <\/p>\n<p style=\"text-align: left;\"><strong>V\u00e5r kundeservice st\u00e5r til din disposisjon.  <\/strong><\/p>\n<p style=\"text-align: left;\">For informasjon eller foresp\u00f8rsel om pristilbud, ikke n\u00f8l med \u00e5 kontakte oss! V\u00e5re fagfolk vil svare p\u00e5 foresp\u00f8rslene dine ang\u00e5ende v\u00e5re tjenester: planlegging, realisering, levering og montering av kontorm\u00f8bler.<\/p>\n<div class=\"row align-center\"  id=\"row-1911566264\">\n\n\n\t<div id=\"col-1104032741\" class=\"col small-12 large-12\"  >\n\t\t\t\t<div class=\"col-inner text-center\" style=\"background-color:rgb(244, 244, 244);\" >\n\t\t\t\n\t\t\t\n\n<h3>Har du fortsatt sp\u00f8rsm\u00e5l?<\/h3>\n<p>Kontakt oss for mer informasjon.<\/p>\n<a href=\"https:\/\/formar.shop\/no\/kontakt-oss\/\" class=\"button primary\" >\n\t\t<span>Kontakt oss<\/span>\n\t<\/a>\n\n\n\n\t\t<\/div>\n\t\t\t\t\t<\/div>\n\n\t\n\n\n<style>\n#row-1911566264 > .col > .col-inner {\n  padding: 40px 20px 40px 20px;\n  background-color: rgb(244, 244, 244);\n}\n@media (min-width:550px) {\n  #row-1911566264 > .col > .col-inner {\n    padding: 40px 40px 40px 40px;\n  }\n}\n<\/style>\n<\/div>\n\n","protected":false},"excerpt":{"rendered":"","protected":false},"author":175,"featured_media":0,"parent":0,"menu_order":0,"comment_status":"closed","ping_status":"closed","template":"","meta":{"_joinchat":[],"footnotes":""},"class_list":["post-48493","page","type-page","status-publish","hentry"],"yoast_head":"<!-- This site is optimized with the Yoast SEO plugin v27.3 - https:\/\/yoast.com\/product\/yoast-seo-wordpress\/ -->\n<title>REGLER OM RETUR - Formar.shop<\/title>\n<meta name=\"robots\" content=\"index, follow, max-snippet:-1, max-image-preview:large, max-video-preview:-1\" \/>\n<link rel=\"canonical\" href=\"https:\/\/formar.shop\/no\/regler-om-retur\/\" \/>\n<script type=\"application\/ld+json\" class=\"yoast-schema-graph\">{\"@context\":\"https:\\\/\\\/schema.org\",\"@graph\":[{\"@type\":\"WebPage\",\"@id\":\"https:\\\/\\\/formar.shop\\\/no\\\/regler-om-retur\\\/\",\"url\":\"https:\\\/\\\/formar.shop\\\/no\\\/regler-om-retur\\\/\",\"name\":\"REGLER OM RETUR - Formar.shop\",\"isPartOf\":{\"@id\":\"https:\\\/\\\/formar.shop\\\/no\\\/#website\"},\"datePublished\":\"2025-01-18T20:40:16+00:00\",\"dateModified\":\"2025-11-18T10:28:33+00:00\",\"breadcrumb\":{\"@id\":\"https:\\\/\\\/formar.shop\\\/no\\\/regler-om-retur\\\/#breadcrumb\"},\"inLanguage\":\"nb-NO\",\"potentialAction\":[{\"@type\":\"ReadAction\",\"target\":[\"https:\\\/\\\/formar.shop\\\/no\\\/regler-om-retur\\\/\"]}]},{\"@type\":\"BreadcrumbList\",\"@id\":\"https:\\\/\\\/formar.shop\\\/no\\\/regler-om-retur\\\/#breadcrumb\",\"itemListElement\":[{\"@type\":\"ListItem\",\"position\":1,\"name\":\"Home\",\"item\":\"https:\\\/\\\/formar.shop\\\/no\\\/auto-draft\\\/\"},{\"@type\":\"ListItem\",\"position\":2,\"name\":\"REGLER OM RETUR\"}]},{\"@type\":\"WebSite\",\"@id\":\"https:\\\/\\\/formar.shop\\\/no\\\/#website\",\"url\":\"https:\\\/\\\/formar.shop\\\/no\\\/\",\"name\":\"Formar.shop\",\"description\":\"Soluzioni espresse con stile\",\"potentialAction\":[{\"@type\":\"SearchAction\",\"target\":{\"@type\":\"EntryPoint\",\"urlTemplate\":\"https:\\\/\\\/formar.shop\\\/no\\\/?s={search_term_string}\"},\"query-input\":{\"@type\":\"PropertyValueSpecification\",\"valueRequired\":true,\"valueName\":\"search_term_string\"}}],\"inLanguage\":\"nb-NO\"}]}<\/script>\n<!-- \/ Yoast SEO plugin. -->","yoast_head_json":{"title":"REGLER OM RETUR - Formar.shop","robots":{"index":"index","follow":"follow","max-snippet":"max-snippet:-1","max-image-preview":"max-image-preview:large","max-video-preview":"max-video-preview:-1"},"canonical":"https:\/\/formar.shop\/no\/regler-om-retur\/","schema":{"@context":"https:\/\/schema.org","@graph":[{"@type":"WebPage","@id":"https:\/\/formar.shop\/no\/regler-om-retur\/","url":"https:\/\/formar.shop\/no\/regler-om-retur\/","name":"REGLER OM RETUR - Formar.shop","isPartOf":{"@id":"https:\/\/formar.shop\/no\/#website"},"datePublished":"2025-01-18T20:40:16+00:00","dateModified":"2025-11-18T10:28:33+00:00","breadcrumb":{"@id":"https:\/\/formar.shop\/no\/regler-om-retur\/#breadcrumb"},"inLanguage":"nb-NO","potentialAction":[{"@type":"ReadAction","target":["https:\/\/formar.shop\/no\/regler-om-retur\/"]}]},{"@type":"BreadcrumbList","@id":"https:\/\/formar.shop\/no\/regler-om-retur\/#breadcrumb","itemListElement":[{"@type":"ListItem","position":1,"name":"Home","item":"https:\/\/formar.shop\/no\/auto-draft\/"},{"@type":"ListItem","position":2,"name":"REGLER OM RETUR"}]},{"@type":"WebSite","@id":"https:\/\/formar.shop\/no\/#website","url":"https:\/\/formar.shop\/no\/","name":"Formar.shop","description":"Soluzioni espresse con stile","potentialAction":[{"@type":"SearchAction","target":{"@type":"EntryPoint","urlTemplate":"https:\/\/formar.shop\/no\/?s={search_term_string}"},"query-input":{"@type":"PropertyValueSpecification","valueRequired":true,"valueName":"search_term_string"}}],"inLanguage":"nb-NO"}]}},"_links":{"self":[{"href":"https:\/\/formar.shop\/no\/wp-json\/wp\/v2\/pages\/48493","targetHints":{"allow":["GET"]}}],"collection":[{"href":"https:\/\/formar.shop\/no\/wp-json\/wp\/v2\/pages"}],"about":[{"href":"https:\/\/formar.shop\/no\/wp-json\/wp\/v2\/types\/page"}],"author":[{"embeddable":true,"href":"https:\/\/formar.shop\/no\/wp-json\/wp\/v2\/users\/175"}],"replies":[{"embeddable":true,"href":"https:\/\/formar.shop\/no\/wp-json\/wp\/v2\/comments?post=48493"}],"version-history":[{"count":9,"href":"https:\/\/formar.shop\/no\/wp-json\/wp\/v2\/pages\/48493\/revisions"}],"predecessor-version":[{"id":61854,"href":"https:\/\/formar.shop\/no\/wp-json\/wp\/v2\/pages\/48493\/revisions\/61854"}],"wp:attachment":[{"href":"https:\/\/formar.shop\/no\/wp-json\/wp\/v2\/media?parent=48493"}],"curies":[{"name":"wp","href":"https:\/\/api.w.org\/{rel}","templated":true}]}}