{"id":48461,"date":"2025-01-18T21:40:02","date_gmt":"2025-01-18T20:40:02","guid":{"rendered":"https:\/\/formar.shop\/kostnader-og-fraktmetoder\/"},"modified":"2025-01-18T21:40:10","modified_gmt":"2025-01-18T20:40:10","slug":"kostnader-og-fraktmetoder","status":"publish","type":"page","link":"https:\/\/formar.shop\/no\/kostnader-og-fraktmetoder\/","title":{"rendered":"KOSTNADER OG FRAKTMETODER"},"content":{"rendered":"\n  <div class=\"banner has-hover\" id=\"banner-1966399159\">\n          <div class=\"banner-inner fill\">\n        <div class=\"banner-bg fill\" >\n                                                \n                    <\/div>\n\t\t\n        <div class=\"banner-layers container\">\n            <div class=\"fill banner-link\"><\/div>            \n   <div id=\"text-box-990424872\" class=\"text-box banner-layer x50 md-x50 lg-x50 y50 md-y50 lg-y50 res-text\">\n                     <div data-animate=\"flipInY\">           <div class=\"text-box-content text dark\">\n              \n              <div class=\"text-inner text-center\">\n                  \n<h3 style=\"text-align: center;\"><strong><span style=\"font-size: 115%; color: #000000;\"><em>I costi di spedizioni sono sempre gratuiti e inclusi per ogni tuo acquisto !<\/em><\/span><\/strong><\/h3>\n<div class=\"is-divider divider clearfix\" ><\/div>\n\t<div id=\"text-1236650336\" class=\"text\">\n\t\t\n<h1 class=\"h-large uppercase\"><strong><span style=\"font-size: 180%;\">NULL FRAKTKOSTNADER!<\/span><\/strong><\/h1>\n\t\t\n<style>\n#text-1236650336 {\n  font-size: 0.8rem;\n  line-height: 2.05;\n  color: rgb(0,0,0);\n}\n#text-1236650336 > * {\n  color: rgb(0,0,0);\n}\n<\/style>\n\t<\/div>\n\t\n              <\/div>\n           <\/div>\n       <\/div>                     \n<style>\n#text-box-990424872 {\n  width: 67%;\n}\n#text-box-990424872 .text-box-content {\n  font-size: 100%;\n}\n<\/style>\n    <\/div>\n \n        <\/div>\n      <\/div>\n\n            \n<style>\n#banner-1966399159 {\n  padding-top: 400px;\n}\n<\/style>\n  <\/div>\n\n\n<h4><span style=\"font-size: 110%;\"><strong><span style=\"font-size: 140%; color: #50b848;\"><span style=\"color: #808080;\">REGISTRERING<\/span>  <\/span>    <\/strong><\/span><\/h4>\n<p>Etter registreringen, som tar bare noen f\u00e5 enkle trinn, har den nye kunden et internt kontrollpanel, der de kan legge inn leveringsadressen sin, slik at systemet kan huske den for \u00e5 fremskynde neste kj\u00f8p, og administrere handlekurven og produktsammenligningsalternativet. Velg produktet, st\u00f8rrelsen og fargen de \u00f8nsker, og etter \u00e5 ha valgt \u00f8nsket antall, legg det i handlekurven. N\u00e5r du vil fortsette med kj\u00f8pet, g\u00e5r du inn i handlekurven, logger inn f\u00f8rst hvis du er registrert, og fortsetter med bestillingen. Du kan n\u00e5r som helst endre eller fjerne de valgte produktene fra handlekurven.  <\/p>\n<h4><strong><span style=\"font-size: 110%;\"><span style=\"color: #808080;\"><span style=\"font-size: 140%;\">BESTILLING<\/span> <\/span>                        <\/span><\/strong><\/h4>\n<p style=\"text-align: left;\">N\u00e5r du har valgt alle produktene du \u00f8nsker \u00e5 kj\u00f8pe, kan du fortsette med bestillingen. Hvis du har en oppdatert konto med data og leveringsadresse, vil kj\u00f8psprosessen g\u00e5 raskere.<br \/>Hvis ikke, legger du inn de n\u00f8dvendige opplysningene og fortsetter med bestillingen. Bestillingen blir f\u00f8rst behandlet n\u00e5r betalingen for produktet er mottatt, avhengig av hvilken betalingsm\u00e5te du har valgt.  <\/p>\n<\/p>\n<h2 style=\"text-align: center;\"><span style=\"color: #808080;\"><strong>V\u00e5re fraktpartnere:<\/strong><\/span><\/h2>\n<\/p>\n<p><img loading=\"lazy\" decoding=\"async\" class=\"aligncenter wp-image-12578\" src=\"https:\/\/formar.shop\/wp-content\/uploads\/2022\/05\/brt.jpg\" alt=\"\" width=\"300\" height=\"163\" data-wp-pid=\"12578\"><\/p>\n<\/p>\n<p style=\"text-align: center;\"><img loading=\"lazy\" decoding=\"async\" class=\"\" src=\"https:\/\/s3-eu-west-1.amazonaws.com\/tpd\/logos\/5ea7e22c7a4aa40001deb02c\/0x0.png\" alt=\"FERCAM Group | Les anmeldelser av fercam.com-tjenester\" width=\"303\" height=\"313\"><\/p>\n<\/p>\n<p style=\"text-align: center;\"><span style=\"color: #000000;\"><strong><em>Valget av spedit\u00f8r gj\u00f8res automatisk av systemet v\u00e5rt, <\/em><\/strong><\/span><strong><em><span style=\"color: #000000;\">for \u00e5 garantere maksimal leveringshastighet!<\/span><\/em><\/strong><\/p>\n<\/p>\n<p style=\"text-align: center;\">\n<p>V\u00e5r kundeservice st\u00e5r til din disposisjon. Ikke n\u00f8l med \u00e5 kontakte oss for \u00e5 f\u00e5 informasjon eller be om et tilbud! V\u00e5re fagfolk vil svare p\u00e5 dine sp\u00f8rsm\u00e5l om v\u00e5re tjenester.<\/p>\n<a href=\"https:\/\/formar.shop\/contattaci\/\" class=\"button primary box-shadow-1 lowercase expand\" style=\"border-radius:10px;\">\n\t\t<span>Kontakt oss!<\/span>\n\t<\/a>\n\n","protected":false},"excerpt":{"rendered":"<p>REGISTRERING Etter registreringen, som tar bare noen f\u00e5 enkle trinn, har den nye kunden et internt kontrollpanel, der de kan legge inn leveringsadressen sin, slik at systemet kan huske den for \u00e5 fremskynde neste kj\u00f8p, og administrere handlekurven og produktsammenligningsalternativet. Velg produktet, st\u00f8rrelsen og fargen de \u00f8nsker, og etter \u00e5 ha valgt \u00f8nsket antall, legg [&#8230;]\n","protected":false},"author":175,"featured_media":0,"parent":0,"menu_order":0,"comment_status":"closed","ping_status":"closed","template":"","meta":{"_joinchat":[],"footnotes":""},"class_list":["post-48461","page","type-page","status-publish","hentry"],"yoast_head":"<!-- This site is optimized with the Yoast SEO plugin v27.5 - https:\/\/yoast.com\/product\/yoast-seo-wordpress\/ -->\n<title>KOSTNADER OG FRAKTMETODER - Formar.shop<\/title>\n<meta name=\"robots\" content=\"index, follow, max-snippet:-1, max-image-preview:large, max-video-preview:-1\" \/>\n<link rel=\"canonical\" href=\"https:\/\/formar.shop\/no\/kostnader-og-fraktmetoder\/\" \/>\n<script type=\"application\/ld+json\" class=\"yoast-schema-graph\">{\"@context\":\"https:\\\/\\\/schema.org\",\"@graph\":[{\"@type\":\"WebPage\",\"@id\":\"https:\\\/\\\/formar.shop\\\/no\\\/kostnader-og-fraktmetoder\\\/\",\"url\":\"https:\\\/\\\/formar.shop\\\/no\\\/kostnader-og-fraktmetoder\\\/\",\"name\":\"KOSTNADER OG FRAKTMETODER - Formar.shop\",\"isPartOf\":{\"@id\":\"https:\\\/\\\/formar.shop\\\/no\\\/#website\"},\"primaryImageOfPage\":{\"@id\":\"https:\\\/\\\/formar.shop\\\/no\\\/kostnader-og-fraktmetoder\\\/#primaryimage\"},\"image\":{\"@id\":\"https:\\\/\\\/formar.shop\\\/no\\\/kostnader-og-fraktmetoder\\\/#primaryimage\"},\"thumbnailUrl\":\"https:\\\/\\\/formar.shop\\\/wp-content\\\/uploads\\\/2022\\\/05\\\/brt.jpg\",\"datePublished\":\"2025-01-18T20:40:02+00:00\",\"dateModified\":\"2025-01-18T20:40:10+00:00\",\"breadcrumb\":{\"@id\":\"https:\\\/\\\/formar.shop\\\/no\\\/kostnader-og-fraktmetoder\\\/#breadcrumb\"},\"inLanguage\":\"nb-NO\",\"potentialAction\":[{\"@type\":\"ReadAction\",\"target\":[\"https:\\\/\\\/formar.shop\\\/no\\\/kostnader-og-fraktmetoder\\\/\"]}]},{\"@type\":\"ImageObject\",\"inLanguage\":\"nb-NO\",\"@id\":\"https:\\\/\\\/formar.shop\\\/no\\\/kostnader-og-fraktmetoder\\\/#primaryimage\",\"url\":\"https:\\\/\\\/formar.shop\\\/wp-content\\\/uploads\\\/2022\\\/05\\\/brt.jpg\",\"contentUrl\":\"https:\\\/\\\/formar.shop\\\/wp-content\\\/uploads\\\/2022\\\/05\\\/brt.jpg\"},{\"@type\":\"BreadcrumbList\",\"@id\":\"https:\\\/\\\/formar.shop\\\/no\\\/kostnader-og-fraktmetoder\\\/#breadcrumb\",\"itemListElement\":[{\"@type\":\"ListItem\",\"position\":1,\"name\":\"Home\",\"item\":\"https:\\\/\\\/formar.shop\\\/no\\\/auto-draft\\\/\"},{\"@type\":\"ListItem\",\"position\":2,\"name\":\"KOSTNADER OG FRAKTMETODER\"}]},{\"@type\":\"WebSite\",\"@id\":\"https:\\\/\\\/formar.shop\\\/no\\\/#website\",\"url\":\"https:\\\/\\\/formar.shop\\\/no\\\/\",\"name\":\"Formar.shop\",\"description\":\"Soluzioni espresse con stile\",\"potentialAction\":[{\"@type\":\"SearchAction\",\"target\":{\"@type\":\"EntryPoint\",\"urlTemplate\":\"https:\\\/\\\/formar.shop\\\/no\\\/?s={search_term_string}\"},\"query-input\":{\"@type\":\"PropertyValueSpecification\",\"valueRequired\":true,\"valueName\":\"search_term_string\"}}],\"inLanguage\":\"nb-NO\"}]}<\/script>\n<!-- \/ Yoast SEO plugin. -->","yoast_head_json":{"title":"KOSTNADER OG FRAKTMETODER - Formar.shop","robots":{"index":"index","follow":"follow","max-snippet":"max-snippet:-1","max-image-preview":"max-image-preview:large","max-video-preview":"max-video-preview:-1"},"canonical":"https:\/\/formar.shop\/no\/kostnader-og-fraktmetoder\/","schema":{"@context":"https:\/\/schema.org","@graph":[{"@type":"WebPage","@id":"https:\/\/formar.shop\/no\/kostnader-og-fraktmetoder\/","url":"https:\/\/formar.shop\/no\/kostnader-og-fraktmetoder\/","name":"KOSTNADER OG FRAKTMETODER - Formar.shop","isPartOf":{"@id":"https:\/\/formar.shop\/no\/#website"},"primaryImageOfPage":{"@id":"https:\/\/formar.shop\/no\/kostnader-og-fraktmetoder\/#primaryimage"},"image":{"@id":"https:\/\/formar.shop\/no\/kostnader-og-fraktmetoder\/#primaryimage"},"thumbnailUrl":"https:\/\/formar.shop\/wp-content\/uploads\/2022\/05\/brt.jpg","datePublished":"2025-01-18T20:40:02+00:00","dateModified":"2025-01-18T20:40:10+00:00","breadcrumb":{"@id":"https:\/\/formar.shop\/no\/kostnader-og-fraktmetoder\/#breadcrumb"},"inLanguage":"nb-NO","potentialAction":[{"@type":"ReadAction","target":["https:\/\/formar.shop\/no\/kostnader-og-fraktmetoder\/"]}]},{"@type":"ImageObject","inLanguage":"nb-NO","@id":"https:\/\/formar.shop\/no\/kostnader-og-fraktmetoder\/#primaryimage","url":"https:\/\/formar.shop\/wp-content\/uploads\/2022\/05\/brt.jpg","contentUrl":"https:\/\/formar.shop\/wp-content\/uploads\/2022\/05\/brt.jpg"},{"@type":"BreadcrumbList","@id":"https:\/\/formar.shop\/no\/kostnader-og-fraktmetoder\/#breadcrumb","itemListElement":[{"@type":"ListItem","position":1,"name":"Home","item":"https:\/\/formar.shop\/no\/auto-draft\/"},{"@type":"ListItem","position":2,"name":"KOSTNADER OG FRAKTMETODER"}]},{"@type":"WebSite","@id":"https:\/\/formar.shop\/no\/#website","url":"https:\/\/formar.shop\/no\/","name":"Formar.shop","description":"Soluzioni espresse con stile","potentialAction":[{"@type":"SearchAction","target":{"@type":"EntryPoint","urlTemplate":"https:\/\/formar.shop\/no\/?s={search_term_string}"},"query-input":{"@type":"PropertyValueSpecification","valueRequired":true,"valueName":"search_term_string"}}],"inLanguage":"nb-NO"}]}},"_links":{"self":[{"href":"https:\/\/formar.shop\/no\/wp-json\/wp\/v2\/pages\/48461","targetHints":{"allow":["GET"]}}],"collection":[{"href":"https:\/\/formar.shop\/no\/wp-json\/wp\/v2\/pages"}],"about":[{"href":"https:\/\/formar.shop\/no\/wp-json\/wp\/v2\/types\/page"}],"author":[{"embeddable":true,"href":"https:\/\/formar.shop\/no\/wp-json\/wp\/v2\/users\/175"}],"replies":[{"embeddable":true,"href":"https:\/\/formar.shop\/no\/wp-json\/wp\/v2\/comments?post=48461"}],"version-history":[{"count":1,"href":"https:\/\/formar.shop\/no\/wp-json\/wp\/v2\/pages\/48461\/revisions"}],"predecessor-version":[{"id":48462,"href":"https:\/\/formar.shop\/no\/wp-json\/wp\/v2\/pages\/48461\/revisions\/48462"}],"wp:attachment":[{"href":"https:\/\/formar.shop\/no\/wp-json\/wp\/v2\/media?parent=48461"}],"curies":[{"name":"wp","href":"https:\/\/api.w.org\/{rel}","templated":true}]}}