{"id":48169,"date":"2022-05-31T19:21:33","date_gmt":"2025-01-18T20:37:52","guid":{"rendered":"https:\/\/formar.shop\/prodotto\/solina-galds\/"},"modified":"2025-11-18T11:27:54","modified_gmt":"2025-11-18T10:27:54","slug":"solina-galds","status":"publish","type":"product","link":"https:\/\/formar.shop\/lv\/prodotto\/solina-galds\/","title":{"rendered":"Soli\u0146a galds"},"content":{"rendered":"\t<div id=\"gap-2044043429\" class=\"gap-element clearfix\" style=\"display:block; height:auto;\">\n\t\t\n<style>\n#gap-2044043429 {\n  padding-top: 30px;\n}\n<\/style>\n\t<\/div>\n\t\n\t<div id=\"text-4093747755\" class=\"text\">\n\t\t\n<h3 style=\"text-align: center;\"><span style=\"color: #333333;\">Gaid\u012b\u0161anas istabas galds<\/span><\/h3>\n\t\t\n<style>\n#text-4093747755 {\n  font-size: 2rem;\n  line-height: 1;\n  text-align: center;\n  color: rgb(133, 215, 130);\n}\n#text-4093747755 > * {\n  color: rgb(133, 215, 130);\n}\n@media (min-width:550px) {\n  #text-4093747755 {\n    line-height: 0.75;\n  }\n}\n<\/style>\n\t<\/div>\n\t\n<div class=\"row\"  id=\"row-832991866\">\n\n\t<div id=\"col-243315196\" class=\"col small-12 large-12\"  >\n\t\t\t\t<div class=\"col-inner\"  >\n\t\t\t\n\t\t\t\n\n\t<section class=\"section dark\" id=\"section_2068517188\">\n\t\t<div class=\"section-bg fill\" >\n\t\t\t\t\t\t\t\t\t\n\t\t\t\n\n\t\t<\/div>\n\n\t\t\n\n\t\t<div class=\"section-content relative\">\n\t\t\t\n<div class=\"row align-center\"  id=\"row-281597736\">\n\n\t<div id=\"col-787944112\" class=\"col medium-9 small-12 large-6\"  >\n\t\t\t\t<div class=\"col-inner text-center\"  >\n\t\t\t\n\t\t\t\n\t\t<\/div>\n\t\t\t\t\t<\/div>\n\n\t\n<\/div>\n\t\t<\/div>\n\n\t\t\n<style>\n#section_2068517188 {\n  padding-top: 27px;\n  padding-bottom: 27px;\n  min-height: 400px;\n}\n#section_2068517188 .section-bg img {\n  object-position: 38% 61%;\n}\n@media (min-width:550px) {\n  #section_2068517188 {\n    min-height: 500px;\n  }\n}\n<\/style>\n\t<\/section>\n\t\n<div class=\"row\"  id=\"row-1125333401\">\n\n\t<div id=\"col-397195542\" class=\"col medium-6 small-12 large-6\"  >\n\t\t\t\t<div class=\"col-inner\"  >\n\t\t\t\n\t\t\t\n\t<div id=\"text-1217313528\" class=\"text\">\n\t\t\n<h3><span style=\"color: #333333;\">Mikro perfor\u0113ta t\u0113rauda loksne<\/span><\/h3>\n\t\t\n<style>\n#text-1217313528 {\n  font-size: 1rem;\n  line-height: 0.75;\n  text-align: center;\n  color: rgb(133, 215, 130);\n}\n#text-1217313528 > * {\n  color: rgb(133, 215, 130);\n}\n<\/style>\n\t<\/div>\n\t\n\n\t<section class=\"section dark\" id=\"section_741950983\">\n\t\t<div class=\"section-bg fill\" >\n\t\t\t<img loading=\"lazy\" decoding=\"async\" width=\"1024\" height=\"683\" src=\"https:\/\/static.formar.net\/wp-content\/uploads\/2022\/03\/20173643\/IMG_0323.jpg\" class=\"bg attachment- size-\" alt=\"\" \/>\t\t\t\t\t\t\n\t\t\t\n\n\t\t<\/div>\n\n\t\t\n\n\t\t<div class=\"section-content relative\">\n\t\t\t\n\t<div id=\"gap-1326290438\" class=\"gap-element clearfix\" style=\"display:block; height:auto;\">\n\t\t\n<style>\n#gap-1326290438 {\n  padding-top: 40px;\n}\n<\/style>\n\t<\/div>\n\t\n<div class=\"row\"  id=\"row-504548242\">\n\n\t<div id=\"col-392652034\" class=\"col small-12 large-12\"  >\n\t\t\t\t<div class=\"col-inner text-center\"  >\n\t\t\t\n\t\t\t\n\t<div id=\"gap-564612164\" class=\"gap-element clearfix\" style=\"display:block; height:auto;\">\n\t\t\n<style>\n#gap-564612164 {\n  padding-top: 10px;\n}\n<\/style>\n\t<\/div>\n\t\n\t\t<\/div>\n\t\t\t\t\t<\/div>\n\n\t\n<\/div>\n\t\t<\/div>\n\n\t\t\n<style>\n#section_741950983 {\n  padding-top: 0px;\n  padding-bottom: 0px;\n  min-height: 200px;\n}\n#section_741950983 .section-bg img {\n  object-position: 66% 84%;\n}\n@media (min-width:550px) {\n  #section_741950983 {\n    min-height: 275px;\n  }\n}\n<\/style>\n\t<\/section>\n\t\n\t\t<\/div>\n\t\t\t\t\t<\/div>\n\n\t\n\n\t<div id=\"col-873814338\" class=\"col medium-6 small-12 large-6\"  >\n\t\t\t\t<div class=\"col-inner text-center\"  >\n\t\t\t\n\t\t\t\n\t<div id=\"text-1276634155\" class=\"text\">\n\t\t\n<h3><span style=\"color: #333333;\">Profil\u0113tas malas<\/span><\/h3>\n\t\t\n<style>\n#text-1276634155 {\n  font-size: 1rem;\n  line-height: 0.75;\n  text-align: center;\n  color: rgb(133, 215, 130);\n}\n#text-1276634155 > * {\n  color: rgb(133, 215, 130);\n}\n<\/style>\n\t<\/div>\n\t\n\n\t<section class=\"section dark\" id=\"section_44954505\">\n\t\t<div class=\"section-bg fill\" >\n\t\t\t<img loading=\"lazy\" decoding=\"async\" width=\"1280\" height=\"730\" src=\"https:\/\/static.formar.net\/wp-content\/uploads\/2022\/03\/20173643\/photo_2022-03-16_19-17-54.jpg\" class=\"bg attachment- size-\" alt=\"\" \/>\t\t\t\t\t\t\n\t\t\t\n\n\t\t<\/div>\n\n\t\t\n\n\t\t<div class=\"section-content relative\">\n\t\t\t\n\t<div id=\"gap-830444114\" class=\"gap-element clearfix\" style=\"display:block; height:auto;\">\n\t\t\n<style>\n#gap-830444114 {\n  padding-top: 40px;\n}\n<\/style>\n\t<\/div>\n\t\n<div class=\"row\"  id=\"row-650435454\">\n\n\t<div id=\"col-400604208\" class=\"col small-12 large-12\"  >\n\t\t\t\t<div class=\"col-inner text-center\"  >\n\t\t\t\n\t\t\t\n\t<div id=\"gap-2083513829\" class=\"gap-element clearfix\" style=\"display:block; height:auto;\">\n\t\t\n<style>\n#gap-2083513829 {\n  padding-top: 10px;\n}\n<\/style>\n\t<\/div>\n\t\n\t\t<\/div>\n\t\t\t\t\t<\/div>\n\n\t\n<\/div>\n\t\t<\/div>\n\n\t\t\n<style>\n#section_44954505 {\n  padding-top: 0px;\n  padding-bottom: 0px;\n  min-height: 200px;\n}\n#section_44954505 .section-bg img {\n  object-position: 66% 84%;\n}\n@media (min-width:550px) {\n  #section_44954505 {\n    min-height: 275px;\n  }\n}\n<\/style>\n\t<\/section>\n\t\n\t\t<\/div>\n\t\t\t\t\t<\/div>\n\n\t\n<\/div>\n\t\t<\/div>\n\t\t\t\t\t<\/div>\n\n\t\n<\/div>\n\n\t\t<div class=\"icon-box featured-box icon-box-top text-left\"  >\n\t\t\t\t<div class=\"icon-box-text last-reset\">\n\t\t\t\t\t\t\t\t\t\n<h3>Funkcijas<\/h3>\n<ul>\n<li><strong>Piln\u012bgi met\u0101lisks<\/strong>.<\/li>\n<li>Izgatavots no t\u0101diem pa\u0161iem materi\u0101liem un t\u0101da pa\u0161a biezuma k\u0101 2, 3, 4 un 5 s\u0113dvietu s\u0113dek\u013ci.<\/li>\n<li>Izgatavots no <strong>t\u0113rauda<\/strong>, materi\u0101la, kas nodro\u0161ina maksim\u0101lu iztur\u012bbu un ilgm\u016b\u017e\u012bbu, kas ir b\u016btiski \u0161\u0101da veida galdam. T\u0113rauds patie\u0161\u0101m nodro\u0161ina ilg\u0101ku kalpo\u0161anas laiku un iztur\u012bbu pret lieto\u0161anu. <\/li>\n<li>Atbalsta da\u013ca no perfor\u0113ta un kr\u0101sota t\u0113rauda, t\u0101pat k\u0101 s\u0113dek\u013ci. S\u0101nu profili no hrom\u0113ta t\u0113rauda. <\/li>\n<li>Gaid\u012b\u0161anas galdi\u0146u var uzst\u0101d\u012bt jebkur\u0101 v\u0113lamaj\u0101 poz\u012bcij\u0101 s\u0113dvietas viet\u0101 uz 2, 3, 4 un 5 s\u0113dvietu soliem.<\/li>\n<li>Jebkur\u0101 laik\u0101 b\u016bs iesp\u0113jams nomain\u012bt galdu pret s\u0113dekli, kas iek\u013cauts standarta apr\u012bkojum\u0101.<\/li>\n<li>Aug\u0161da\u013cas izm\u0113ri cm W52x45P<\/li>\n<li>Svars kg 2,5<\/li>\n<\/ul>\n\t<div id=\"gap-1291346754\" class=\"gap-element clearfix\" style=\"display:block; height:auto;\">\n\t\t\n<style>\n#gap-1291346754 {\n  padding-top: 50px;\n}\n<\/style>\n\t<\/div>\n\t\n<p>KOP\u0160ANA UN APKOPE:<\/p>\n<p>Met\u0101la t\u012br\u012b\u0161anai izmantojiet m\u012bkstu, mitru dr\u0101nu. Nelietojiet abraz\u012bvas s\u016bk\u013cus vai abraz\u012bvus l\u012bdzek\u013cus ar jebk\u0101da veida \u0161\u0137\u012bdin\u0101t\u0101jiem, jo tie var saboj\u0101t virsmu.<\/p>\n\t\t<\/div>\n\t<\/div>\n\t\n\t\n\n\t<section class=\"section\" id=\"section_552241167\">\n\t\t<div class=\"section-bg fill\" >\n\t\t\t\t\t\t\t\t\t\n\t\t\t\n\n\t\t<\/div>\n\n\t\t\n\n\t\t<div class=\"section-content relative\">\n\t\t\t\n<div class=\"is-divider divider clearfix\" style=\"max-width:1000px;\"><\/div>\n<div class=\"row row-solid\"  id=\"row-1973937868\">\n\n\t<div id=\"col-739211227\" class=\"col medium-3 small-12 large-3\"  >\n\t\t\t\t<div class=\"col-inner\"  >\n\t\t\t\n\t\t\t\n\n\t\t<div class=\"icon-box featured-box icon-box-center text-center\"  >\n\t\t\t\t\t<div class=\"icon-box-img\" style=\"width: 50px\">\n\t\t\t\t<div class=\"icon\">\n\t\t\t\t\t<div class=\"icon-inner\" >\n\t\t\t\t\t\t<img loading=\"lazy\" decoding=\"async\" width=\"128\" height=\"128\" src=\"https:\/\/static.formar.net\/wp-content\/uploads\/sites\/1\/2022\/10\/02111131\/2703076-128-1-1.png\" class=\"attachment-medium size-medium\" alt=\"\" srcset=\"https:\/\/static.formar.net\/wp-content\/uploads\/sites\/1\/2022\/10\/02111131\/2703076-128-1-1.png 128w, https:\/\/static.formar.net\/wp-content\/uploads\/sites\/1\/2022\/10\/02111131\/2703076-128-1-1-80x80.png 80w, https:\/\/static.formar.net\/wp-content\/uploads\/sites\/1\/2022\/10\/02111131\/2703076-128-1-1-100x100.png 100w, https:\/\/static.formar.net\/wp-content\/uploads\/sites\/1\/2022\/10\/02111131\/2703076-128-1-1-50x50.png 50w\" sizes=\"auto, (max-width: 128px) 100vw, 128px\" \/>\t\t\t\t\t<\/div>\n\t\t\t\t<\/div>\n\t\t\t<\/div>\n\t\t\t\t<div class=\"icon-box-text last-reset\">\n\t\t\t\t\t\t\t\t\t\n<h3>Klientu apkalpo\u0161anas dienests vienm\u0113r pieejams<\/h3>\n<p>J\u016bs varat sazin\u0101ties ar mums, izmantojot WhatsApp:  <a href=\"https:\/\/api.whatsapp.com\/send\/?phone=390715906063&amp;text&amp;type=phone_number&amp;app_absent=0\">+39 071 5906063<\/a><\/p>\n<p>Pas\u016bt\u012bjumi pa t\u0101lruni: <a href=\"tel:+39800122267\">800 122 267<\/a><\/p>\n\t\t<\/div>\n\t<\/div>\n\t\n\t\n\t\t<\/div>\n\t\t\t\t\t<\/div>\n\n\t\n\n\t<div id=\"col-364818815\" class=\"col medium-3 small-12 large-3\"  >\n\t\t\t\t<div class=\"col-inner\"  >\n\t\t\t\n\t\t\t\n\n\t\t<div class=\"icon-box featured-box icon-box-center text-center\"  >\n\t\t\t\t\t<div class=\"icon-box-img\" style=\"width: 50px\">\n\t\t\t\t<div class=\"icon\">\n\t\t\t\t\t<div class=\"icon-inner\" >\n\t\t\t\t\t\t<img loading=\"lazy\" decoding=\"async\" width=\"256\" height=\"256\" src=\"https:\/\/static.formar.net\/wp-content\/uploads\/sites\/1\/2022\/11\/02111117\/Icona-carta-di-credito.png\" class=\"attachment-medium size-medium\" alt=\"\" srcset=\"https:\/\/static.formar.net\/wp-content\/uploads\/sites\/1\/2022\/11\/02111117\/Icona-carta-di-credito.png 256w, https:\/\/static.formar.net\/wp-content\/uploads\/sites\/1\/2022\/11\/02111117\/Icona-carta-di-credito-80x80.png 80w, https:\/\/static.formar.net\/wp-content\/uploads\/sites\/1\/2022\/11\/02111117\/Icona-carta-di-credito-100x100.png 100w, https:\/\/static.formar.net\/wp-content\/uploads\/sites\/1\/2022\/11\/02111117\/Icona-carta-di-credito-50x50.png 50w\" sizes=\"auto, (max-width: 256px) 100vw, 256px\" \/>\t\t\t\t\t<\/div>\n\t\t\t\t<\/div>\n\t\t\t<\/div>\n\t\t\t\t<div class=\"icon-box-text last-reset\">\n\t\t\t\t\t\t\t\t\t\n<h3>Izv\u0113lieties maks\u0101juma veidu<\/h3>\n<p>Maks\u0101jums ar Paypal, kred\u012btkarti, skaidru naudu vai debetkarti (uz vietas) un skaidr\u0101 naud\u0101 p\u0113c pieg\u0101des<\/p>\n\t\t<\/div>\n\t<\/div>\n\t\n\t\n\t\t<\/div>\n\t\t\t\t\t<\/div>\n\n\t\n\n\t<div id=\"col-1894109945\" class=\"col medium-3 small-12 large-3\"  >\n\t\t\t\t<div class=\"col-inner\"  >\n\t\t\t\n\t\t\t\n\n\t\t<div class=\"icon-box featured-box icon-box-center text-center\"  >\n\t\t\t\t\t<div class=\"icon-box-img\" style=\"width: 50px\">\n\t\t\t\t<div class=\"icon\">\n\t\t\t\t\t<div class=\"icon-inner\" >\n\t\t\t\t\t\t<img loading=\"lazy\" decoding=\"async\" width=\"128\" height=\"128\" src=\"https:\/\/static.formar.net\/wp-content\/uploads\/sites\/1\/2022\/10\/02111130\/3669335-128-1.png\" class=\"attachment-medium size-medium\" alt=\"\" srcset=\"https:\/\/static.formar.net\/wp-content\/uploads\/sites\/1\/2022\/10\/02111130\/3669335-128-1.png 128w, https:\/\/static.formar.net\/wp-content\/uploads\/sites\/1\/2022\/10\/02111130\/3669335-128-1-80x80.png 80w, https:\/\/static.formar.net\/wp-content\/uploads\/sites\/1\/2022\/10\/02111130\/3669335-128-1-100x100.png 100w, https:\/\/static.formar.net\/wp-content\/uploads\/sites\/1\/2022\/10\/02111130\/3669335-128-1-50x50.png 50w\" sizes=\"auto, (max-width: 128px) 100vw, 128px\" \/>\t\t\t\t\t<\/div>\n\t\t\t\t<\/div>\n\t\t\t<\/div>\n\t\t\t\t<div class=\"icon-box-text last-reset\">\n\t\t\t\t\t\t\t\t\t\n<h3>Viegla un bezr\u016bp\u012bga atgrie\u0161an\u0101s<\/h3>\n<p>Ja rodas probl\u0113mas, m\u0113s organiz\u0113jam sav\u0101k\u0161anu tie\u0161i j\u016bsu adres\u0113.<a href=\"https:\/\/formar.shop\/lv\/atgriesanas-noteikumi\/\">(S\u012bk\u0101ka inform\u0101cija)<\/a>.<\/p>\n\t\t<\/div>\n\t<\/div>\n\t\n\t\n\t\t<\/div>\n\t\t\t\t\t<\/div>\n\n\t\n\n\t<div id=\"col-846268952\" class=\"col medium-3 small-12 large-3\"  >\n\t\t\t\t<div class=\"col-inner\"  >\n\t\t\t\n\t\t\t\n\n\t\t<div class=\"icon-box featured-box icon-box-center text-center\"  >\n\t\t\t\t\t<div class=\"icon-box-img\" style=\"width: 50px\">\n\t\t\t\t<div class=\"icon\">\n\t\t\t\t\t<div class=\"icon-inner\" >\n\t\t\t\t\t\t<img loading=\"lazy\" decoding=\"async\" width=\"128\" height=\"128\" src=\"https:\/\/static.formar.net\/wp-content\/uploads\/sites\/1\/2022\/10\/02111130\/5959201-128-1.png\" class=\"attachment-medium size-medium\" alt=\"\" srcset=\"https:\/\/static.formar.net\/wp-content\/uploads\/sites\/1\/2022\/10\/02111130\/5959201-128-1.png 128w, https:\/\/static.formar.net\/wp-content\/uploads\/sites\/1\/2022\/10\/02111130\/5959201-128-1-80x80.png 80w, https:\/\/static.formar.net\/wp-content\/uploads\/sites\/1\/2022\/10\/02111130\/5959201-128-1-100x100.png 100w, https:\/\/static.formar.net\/wp-content\/uploads\/sites\/1\/2022\/10\/02111130\/5959201-128-1-50x50.png 50w\" sizes=\"auto, (max-width: 128px) 100vw, 128px\" \/>\t\t\t\t\t<\/div>\n\t\t\t\t<\/div>\n\t\t\t<\/div>\n\t\t\t\t<div class=\"icon-box-text last-reset\">\n\t\t\t\t\t\t\t\t\t\n<h3>Ra\u017eot\u0101ja garantija un rezerves da\u013cas<\/h3>\n<p>Visiem m\u016bsu produktiem ir m\u016bsu garantija. Daudziem produktiem m\u0113s garant\u0113jam rezerves da\u013cas uz t\u0101du pa\u0161u laiku.<\/p>\n\t\t<\/div>\n\t<\/div>\n\t\n\t\n\t\t<\/div>\n\t\t\t\t\t<\/div>\n\n\t\n\n<style>\n#row-1973937868 > .col > .col-inner {\n  padding: 20px 20px 20px 20px;\n}\n<\/style>\n<\/div>\n\t\t<\/div>\n\n\t\t\n<style>\n#section_552241167 {\n  padding-top: 30px;\n  padding-bottom: 30px;\n}\n<\/style>\n\t<\/section>\n\t\n","protected":false},"excerpt":{"rendered":"","protected":false},"featured_media":51669,"template":"","meta":{"_joinchat":[]},"product_brand":[],"product_cat":[2093,2203],"product_tag":[],"class_list":{"0":"post-48169","1":"product","2":"type-product","3":"status-publish","4":"has-post-thumbnail","6":"product_cat-birojs","7":"product_cat-gaidisanas-telpas-sedvietas","9":"first","10":"instock","11":"taxable","12":"shipping-taxable","13":"purchasable","14":"product-type-simple"},"yoast_head":"<!-- This site is optimized with the Yoast SEO plugin v27.3 - https:\/\/yoast.com\/product\/yoast-seo-wordpress\/ -->\n<title>Soli\u0146a galds - Formar.shop<\/title>\n<meta name=\"robots\" content=\"index, follow, max-snippet:-1, max-image-preview:large, max-video-preview:-1\" \/>\n<link rel=\"canonical\" href=\"https:\/\/formar.shop\/lv\/prodotto\/solina-galds\/\" \/>\n<script type=\"application\/ld+json\" class=\"yoast-schema-graph\">{\"@context\":\"https:\\\/\\\/schema.org\",\"@graph\":[{\"@type\":\"WebPage\",\"@id\":\"https:\\\/\\\/formar.shop\\\/lv\\\/prodotto\\\/solina-galds\\\/\",\"url\":\"https:\\\/\\\/formar.shop\\\/lv\\\/prodotto\\\/solina-galds\\\/\",\"name\":\"Soli\u0146a galds - Formar.shop\",\"isPartOf\":{\"@id\":\"https:\\\/\\\/formar.shop\\\/lv\\\/#website\"},\"primaryImageOfPage\":{\"@id\":\"https:\\\/\\\/formar.shop\\\/lv\\\/prodotto\\\/solina-galds\\\/#primaryimage\"},\"image\":{\"@id\":\"https:\\\/\\\/formar.shop\\\/lv\\\/prodotto\\\/solina-galds\\\/#primaryimage\"},\"thumbnailUrl\":\"https:\\\/\\\/static.formar.net\\\/wp-content\\\/uploads\\\/sites\\\/1\\\/2022\\\/05\\\/20144943\\\/tavolino_scontornato.png\",\"datePublished\":\"2025-01-18T20:37:52+00:00\",\"dateModified\":\"2025-11-18T10:27:54+00:00\",\"breadcrumb\":{\"@id\":\"https:\\\/\\\/formar.shop\\\/lv\\\/prodotto\\\/solina-galds\\\/#breadcrumb\"},\"inLanguage\":\"lv-LV\",\"potentialAction\":[{\"@type\":\"ReadAction\",\"target\":[\"https:\\\/\\\/formar.shop\\\/lv\\\/prodotto\\\/solina-galds\\\/\"]}]},{\"@type\":\"ImageObject\",\"inLanguage\":\"lv-LV\",\"@id\":\"https:\\\/\\\/formar.shop\\\/lv\\\/prodotto\\\/solina-galds\\\/#primaryimage\",\"url\":\"https:\\\/\\\/static.formar.net\\\/wp-content\\\/uploads\\\/sites\\\/1\\\/2022\\\/05\\\/20144943\\\/tavolino_scontornato.png\",\"contentUrl\":\"https:\\\/\\\/static.formar.net\\\/wp-content\\\/uploads\\\/sites\\\/1\\\/2022\\\/05\\\/20144943\\\/tavolino_scontornato.png\",\"width\":894,\"height\":894},{\"@type\":\"BreadcrumbList\",\"@id\":\"https:\\\/\\\/formar.shop\\\/lv\\\/prodotto\\\/solina-galds\\\/#breadcrumb\",\"itemListElement\":[{\"@type\":\"ListItem\",\"position\":1,\"name\":\"Home\",\"item\":\"https:\\\/\\\/formar.shop\\\/lv\\\/automatiskais-projekts\\\/\"},{\"@type\":\"ListItem\",\"position\":2,\"name\":\"Veikals\",\"item\":\"https:\\\/\\\/formar.shop\\\/lv\\\/veikals\\\/\"},{\"@type\":\"ListItem\",\"position\":3,\"name\":\"Soli\u0146a galds\"}]},{\"@type\":\"WebSite\",\"@id\":\"https:\\\/\\\/formar.shop\\\/lv\\\/#website\",\"url\":\"https:\\\/\\\/formar.shop\\\/lv\\\/\",\"name\":\"Formar.shop\",\"description\":\"Soluzioni espresse con stile\",\"potentialAction\":[{\"@type\":\"SearchAction\",\"target\":{\"@type\":\"EntryPoint\",\"urlTemplate\":\"https:\\\/\\\/formar.shop\\\/lv\\\/?s={search_term_string}\"},\"query-input\":{\"@type\":\"PropertyValueSpecification\",\"valueRequired\":true,\"valueName\":\"search_term_string\"}}],\"inLanguage\":\"lv-LV\"}]}<\/script>\n<!-- \/ Yoast SEO plugin. -->","yoast_head_json":{"title":"Soli\u0146a galds - Formar.shop","robots":{"index":"index","follow":"follow","max-snippet":"max-snippet:-1","max-image-preview":"max-image-preview:large","max-video-preview":"max-video-preview:-1"},"canonical":"https:\/\/formar.shop\/lv\/prodotto\/solina-galds\/","schema":{"@context":"https:\/\/schema.org","@graph":[{"@type":"WebPage","@id":"https:\/\/formar.shop\/lv\/prodotto\/solina-galds\/","url":"https:\/\/formar.shop\/lv\/prodotto\/solina-galds\/","name":"Soli\u0146a galds - Formar.shop","isPartOf":{"@id":"https:\/\/formar.shop\/lv\/#website"},"primaryImageOfPage":{"@id":"https:\/\/formar.shop\/lv\/prodotto\/solina-galds\/#primaryimage"},"image":{"@id":"https:\/\/formar.shop\/lv\/prodotto\/solina-galds\/#primaryimage"},"thumbnailUrl":"https:\/\/static.formar.net\/wp-content\/uploads\/sites\/1\/2022\/05\/20144943\/tavolino_scontornato.png","datePublished":"2025-01-18T20:37:52+00:00","dateModified":"2025-11-18T10:27:54+00:00","breadcrumb":{"@id":"https:\/\/formar.shop\/lv\/prodotto\/solina-galds\/#breadcrumb"},"inLanguage":"lv-LV","potentialAction":[{"@type":"ReadAction","target":["https:\/\/formar.shop\/lv\/prodotto\/solina-galds\/"]}]},{"@type":"ImageObject","inLanguage":"lv-LV","@id":"https:\/\/formar.shop\/lv\/prodotto\/solina-galds\/#primaryimage","url":"https:\/\/static.formar.net\/wp-content\/uploads\/sites\/1\/2022\/05\/20144943\/tavolino_scontornato.png","contentUrl":"https:\/\/static.formar.net\/wp-content\/uploads\/sites\/1\/2022\/05\/20144943\/tavolino_scontornato.png","width":894,"height":894},{"@type":"BreadcrumbList","@id":"https:\/\/formar.shop\/lv\/prodotto\/solina-galds\/#breadcrumb","itemListElement":[{"@type":"ListItem","position":1,"name":"Home","item":"https:\/\/formar.shop\/lv\/automatiskais-projekts\/"},{"@type":"ListItem","position":2,"name":"Veikals","item":"https:\/\/formar.shop\/lv\/veikals\/"},{"@type":"ListItem","position":3,"name":"Soli\u0146a galds"}]},{"@type":"WebSite","@id":"https:\/\/formar.shop\/lv\/#website","url":"https:\/\/formar.shop\/lv\/","name":"Formar.shop","description":"Soluzioni espresse con stile","potentialAction":[{"@type":"SearchAction","target":{"@type":"EntryPoint","urlTemplate":"https:\/\/formar.shop\/lv\/?s={search_term_string}"},"query-input":{"@type":"PropertyValueSpecification","valueRequired":true,"valueName":"search_term_string"}}],"inLanguage":"lv-LV"}]}},"_links":{"self":[{"href":"https:\/\/formar.shop\/lv\/wp-json\/wp\/v2\/product\/48169","targetHints":{"allow":["GET"]}}],"collection":[{"href":"https:\/\/formar.shop\/lv\/wp-json\/wp\/v2\/product"}],"about":[{"href":"https:\/\/formar.shop\/lv\/wp-json\/wp\/v2\/types\/product"}],"wp:featuredmedia":[{"embeddable":true,"href":"https:\/\/formar.shop\/lv\/wp-json\/wp\/v2\/media\/51669"}],"wp:attachment":[{"href":"https:\/\/formar.shop\/lv\/wp-json\/wp\/v2\/media?parent=48169"}],"wp:term":[{"taxonomy":"product_brand","embeddable":true,"href":"https:\/\/formar.shop\/lv\/wp-json\/wp\/v2\/product_brand?post=48169"},{"taxonomy":"product_cat","embeddable":true,"href":"https:\/\/formar.shop\/lv\/wp-json\/wp\/v2\/product_cat?post=48169"},{"taxonomy":"product_tag","embeddable":true,"href":"https:\/\/formar.shop\/lv\/wp-json\/wp\/v2\/product_tag?post=48169"}],"curies":[{"name":"wp","href":"https:\/\/api.w.org\/{rel}","templated":true}]}}