{"id":48128,"date":"2022-10-01T17:52:49","date_gmt":"2025-01-18T20:37:36","guid":{"rendered":"https:\/\/formar.shop\/prodotto\/paris-polsteretu-sedekla-un-atzveltnes-spilvenu-solam\/"},"modified":"2025-11-18T10:41:42","modified_gmt":"2025-11-18T09:41:42","slug":"paris-polsteretu-sedekla-un-atzveltnes-spilvenu-solam","status":"publish","type":"product","link":"https:\/\/formar.shop\/lv\/prodotto\/paris-polsteretu-sedekla-un-atzveltnes-spilvenu-solam\/","title":{"rendered":"P\u0101ris polster\u0113tu s\u0113dek\u013ca un atzveltnes spilvenu solam"},"content":{"rendered":"\t<div id=\"gap-271803110\" class=\"gap-element clearfix\" style=\"display:block; height:auto;\">\n\t\t\n<style>\n#gap-271803110 {\n  padding-top: 30px;\n}\n<\/style>\n\t<\/div>\n\t\n\t<div id=\"text-3973608515\" class=\"text\">\n\t\t\n<h3><span style=\"color: #3b3b00;\">P\u0101ris spilvenu, kas pild\u012bti ar 1\/IM klases ugunsdro\u0161u eko\u0101du<\/span><\/h3>\n<\/p>\n\t\t\n<style>\n#text-3973608515 {\n  font-size: 1.9rem;\n  line-height: 1;\n  text-align: center;\n  color: #85d782;\n}\n#text-3973608515 > * {\n  color: #85d782;\n}\n@media (min-width:550px) {\n  #text-3973608515 {\n    line-height: 0.75;\n  }\n}\n<\/style>\n\t<\/div>\n\t\n<div class=\"row\"  id=\"row-1473056480\">\n\n\t<div id=\"col-837770860\" class=\"col small-12 large-12\"  >\n\t\t\t\t<div class=\"col-inner text-left\"  >\n\t\t\t\n\t\t\t\n\n\t<section class=\"section\" id=\"section_170965026\">\n\t\t<div class=\"section-bg fill\" >\n\t\t\t\t\t\t\t\t\t\n\t\t\t\n\t<div class=\"is-border\"\n\t\tstyle=\"border-width:0px 0px 0px 0px;margin:0px 0px 0px 0px;\">\n\t<\/div>\n\n\t\t<\/div>\n\n\t\t\n\n\t\t<div class=\"section-content relative\">\n\t\t\t\n<div class=\"row row-large row-full-width align-right\"  id=\"row-167180288\">\n\n\t<div id=\"col-283236886\" class=\"col medium-5 small-12 large-5\"  >\n\t\t\t\t<div class=\"col-inner\"  >\n\t\t\t\n\t\t\t\n\t<div class=\"img has-hover x md-x lg-x y md-y lg-y\" id=\"image_2021739699\">\n\t\t\t\t\t\t\t\t<div class=\"img-inner dark\" >\n\t\t\t<img loading=\"lazy\" decoding=\"async\" width=\"974\" height=\"1030\" src=\"https:\/\/static.formar.net\/wp-content\/uploads\/sites\/1\/2023\/08\/02110703\/Sedile-Imbottito-per-panche-acciaio_Insiem-Sfuocato_coppia--974x1030.jpg\" class=\"attachment-large size-large\" alt=\"\" srcset=\"https:\/\/static.formar.net\/wp-content\/uploads\/sites\/1\/2023\/08\/02110703\/Sedile-Imbottito-per-panche-acciaio_Insiem-Sfuocato_coppia--974x1030.jpg 974w, https:\/\/static.formar.net\/wp-content\/uploads\/sites\/1\/2023\/08\/02110703\/Sedile-Imbottito-per-panche-acciaio_Insiem-Sfuocato_coppia--284x300.jpg 284w, https:\/\/static.formar.net\/wp-content\/uploads\/sites\/1\/2023\/08\/02110703\/Sedile-Imbottito-per-panche-acciaio_Insiem-Sfuocato_coppia--768x812.jpg 768w, https:\/\/static.formar.net\/wp-content\/uploads\/sites\/1\/2023\/08\/02110703\/Sedile-Imbottito-per-panche-acciaio_Insiem-Sfuocato_coppia--1453x1536.jpg 1453w, https:\/\/static.formar.net\/wp-content\/uploads\/sites\/1\/2023\/08\/02110703\/Sedile-Imbottito-per-panche-acciaio_Insiem-Sfuocato_coppia--1937x2048.jpg 1937w, https:\/\/static.formar.net\/wp-content\/uploads\/sites\/1\/2023\/08\/02110703\/Sedile-Imbottito-per-panche-acciaio_Insiem-Sfuocato_coppia--510x539.jpg 510w\" sizes=\"auto, (max-width: 974px) 100vw, 974px\" \/>\t\t\t\t\t\t\n\t\t\t\t\t<\/div>\n\t\t\t\t\t\t\t\t\n<style>\n#image_2021739699 {\n  width: 100%;\n}\n<\/style>\n\t<\/div>\n\t\n\t\t<\/div>\n\t\t\t\t\t<\/div>\n\n\t\n\n\t<div id=\"col-1399095856\" class=\"col medium-7 small-12 large-7\"  >\n\t\t\t\t<div class=\"col-inner\"  >\n\t\t\t\n\t\t\t\n<h3><span style=\"color: #808080;\">Funkcijas  <\/span><\/h3>\n<ul>\n<li><span style=\"color: #808080;\">Atbalsts no 12 mm bieza liekta sapl\u0101k\u0161\u0146a, kas pild\u012bts ar nedeform\u0113jamu putu materi\u0101lu un p\u0101rkl\u0101ts ar <strong>ugunsdro\u0161u eko\u0101du<\/strong> <strong>1\/IM klases<\/strong><\/span><\/li>\n<li><span style=\"color: #808080;\">Spilveni ar skr\u016bv\u0113m ir piestiprin\u0101ti pie 2, 3, 4 un 5 s\u0113dvietu solu s\u0113dek\u013ca un atzveltnes.<\/span><\/li>\n<li><span style=\"color: #808080;\">Sl\u012bp\u0113tas malas<\/span><\/li>\n<li><span style=\"color: #808080;\">P\u0101rdod pa p\u0101riem (1 uz atzveltnes 1 uz s\u0113dek\u013ca)<\/span><\/li>\n<li><span style=\"color: #808080;\">Izm\u0113ri cm G 47 x D 38 x A 4<\/span><\/li>\n<li><span style=\"color: #808080;\">Viena spilvena svars 1 kg (2 kg p\u0101rim)<\/span><\/li>\n<li><span style=\"color: #808080;\">Piem\u0113rots visiem Formar veikala stenda mode\u013ciem<\/span><\/li>\n<\/ul>\n\t\t<\/div>\n\t\t\t\t\t<\/div>\n\n\t\n<\/p>\n<\/div>\n\t\t<\/div>\n\n\t\t\n<style>\n#section_170965026 {\n  padding-top: 0px;\n  padding-bottom: 0px;\n  margin-bottom: 0px;\n  min-height: 400px;\n}\n@media (min-width:550px) {\n  #section_170965026 {\n    min-height: 0px;\n  }\n}\n<\/style>\n\t<\/section>\n\t\n<p>KOP\u0160ANA UN APKOPE:<\/p>\n<p>Noslaukiet ar silt\u0101 \u016bden\u012b un neitr\u0101l\u0101 l\u012bdzekl\u012b samitrin\u0101tu dr\u0101nu.<\/p>\n\t\t<\/div>\n\t\t\t\t\t<\/div>\n\n\t\n<\/div>\n<\/p>\n\n\t<section class=\"section\" id=\"section_1858902629\">\n\t\t<div class=\"section-bg fill\" >\n\t\t\t\t\t\t\t\t\t\n\t\t\t\n\n\t\t<\/div>\n\n\t\t\n\n\t\t<div class=\"section-content relative\">\n\t\t\t\n<div class=\"is-divider divider clearfix\" style=\"max-width:1000px;\"><\/div>\n<div class=\"row row-solid\"  id=\"row-1614823014\">\n\n\t<div id=\"col-1749867870\" class=\"col medium-3 small-12 large-3\"  >\n\t\t\t\t<div class=\"col-inner\"  >\n\t\t\t\n\t\t\t\n\n\t\t<div class=\"icon-box featured-box icon-box-center text-center\"  >\n\t\t\t\t\t<div class=\"icon-box-img\" style=\"width: 50px\">\n\t\t\t\t<div class=\"icon\">\n\t\t\t\t\t<div class=\"icon-inner\" >\n\t\t\t\t\t\t<img loading=\"lazy\" decoding=\"async\" width=\"128\" height=\"128\" src=\"https:\/\/static.formar.net\/wp-content\/uploads\/sites\/1\/2022\/10\/02111131\/2703076-128-1-1.png\" class=\"attachment-medium size-medium\" alt=\"\" srcset=\"https:\/\/static.formar.net\/wp-content\/uploads\/sites\/1\/2022\/10\/02111131\/2703076-128-1-1.png 128w, https:\/\/static.formar.net\/wp-content\/uploads\/sites\/1\/2022\/10\/02111131\/2703076-128-1-1-80x80.png 80w, https:\/\/static.formar.net\/wp-content\/uploads\/sites\/1\/2022\/10\/02111131\/2703076-128-1-1-100x100.png 100w, https:\/\/static.formar.net\/wp-content\/uploads\/sites\/1\/2022\/10\/02111131\/2703076-128-1-1-50x50.png 50w\" sizes=\"auto, (max-width: 128px) 100vw, 128px\" \/>\t\t\t\t\t<\/div>\n\t\t\t\t<\/div>\n\t\t\t<\/div>\n\t\t\t\t<div class=\"icon-box-text last-reset\">\n\t\t\t\t\t\t\t\t\t\n<h3>Klientu apkalpo\u0161anas dienests vienm\u0113r pieejams<\/h3>\n<p>J\u016bs varat sazin\u0101ties ar mums, izmantojot WhatsApp: <a href=\"https:\/\/api.whatsapp.com\/send\/?phone=390715906063&amp;text&amp;type=phone_number&amp;app_absent=0\">+39 071 5906063<\/a><\/p>\n<p>Pas\u016bt\u012bjumi pa t\u0101lruni: <a href=\"tel:+39800122267\">800 122 267<\/a><\/p>\n\t\t<\/div>\n\t<\/div>\n\t\n\t\n\t\t<\/div>\n\t\t\t\t\t<\/div>\n\n\t\n<\/p>\n\n\t<div id=\"col-252816298\" class=\"col medium-3 small-12 large-3\"  >\n\t\t\t\t<div class=\"col-inner\"  >\n\t\t\t\n\t\t\t\n\n\t\t<div class=\"icon-box featured-box icon-box-center text-center\"  >\n\t\t\t\t\t<div class=\"icon-box-img\" style=\"width: 50px\">\n\t\t\t\t<div class=\"icon\">\n\t\t\t\t\t<div class=\"icon-inner\" >\n\t\t\t\t\t\t<img loading=\"lazy\" decoding=\"async\" width=\"256\" height=\"256\" src=\"https:\/\/static.formar.net\/wp-content\/uploads\/sites\/1\/2022\/11\/02111117\/Icona-carta-di-credito.png\" class=\"attachment-medium size-medium\" alt=\"\" srcset=\"https:\/\/static.formar.net\/wp-content\/uploads\/sites\/1\/2022\/11\/02111117\/Icona-carta-di-credito.png 256w, https:\/\/static.formar.net\/wp-content\/uploads\/sites\/1\/2022\/11\/02111117\/Icona-carta-di-credito-80x80.png 80w, https:\/\/static.formar.net\/wp-content\/uploads\/sites\/1\/2022\/11\/02111117\/Icona-carta-di-credito-100x100.png 100w, https:\/\/static.formar.net\/wp-content\/uploads\/sites\/1\/2022\/11\/02111117\/Icona-carta-di-credito-50x50.png 50w\" sizes=\"auto, (max-width: 256px) 100vw, 256px\" \/>\t\t\t\t\t<\/div>\n\t\t\t\t<\/div>\n\t\t\t<\/div>\n\t\t\t\t<div class=\"icon-box-text last-reset\">\n\t\t\t\t\t\t\t\t\t\n<h3>Izv\u0113lieties maks\u0101juma veidu<\/h3>\n<p>Maks\u0101jums ar Paypal, kred\u012btkarti, skaidru naudu vai debetkarti (uz vietas) un skaidr\u0101 naud\u0101 p\u0113c pieg\u0101des<\/p>\n\t\t<\/div>\n\t<\/div>\n\t\n\t\n\t\t<\/div>\n\t\t\t\t\t<\/div>\n\n\t\n<\/p>\n\n\t<div id=\"col-1278384977\" class=\"col medium-3 small-12 large-3\"  >\n\t\t\t\t<div class=\"col-inner\"  >\n\t\t\t\n\t\t\t\n\n\t\t<div class=\"icon-box featured-box icon-box-center text-center\"  >\n\t\t\t\t\t<div class=\"icon-box-img\" style=\"width: 50px\">\n\t\t\t\t<div class=\"icon\">\n\t\t\t\t\t<div class=\"icon-inner\" >\n\t\t\t\t\t\t<img loading=\"lazy\" decoding=\"async\" width=\"128\" height=\"128\" src=\"https:\/\/static.formar.net\/wp-content\/uploads\/sites\/1\/2022\/10\/02111130\/3669335-128-1.png\" class=\"attachment-medium size-medium\" alt=\"\" srcset=\"https:\/\/static.formar.net\/wp-content\/uploads\/sites\/1\/2022\/10\/02111130\/3669335-128-1.png 128w, https:\/\/static.formar.net\/wp-content\/uploads\/sites\/1\/2022\/10\/02111130\/3669335-128-1-80x80.png 80w, https:\/\/static.formar.net\/wp-content\/uploads\/sites\/1\/2022\/10\/02111130\/3669335-128-1-100x100.png 100w, https:\/\/static.formar.net\/wp-content\/uploads\/sites\/1\/2022\/10\/02111130\/3669335-128-1-50x50.png 50w\" sizes=\"auto, (max-width: 128px) 100vw, 128px\" \/>\t\t\t\t\t<\/div>\n\t\t\t\t<\/div>\n\t\t\t<\/div>\n\t\t\t\t<div class=\"icon-box-text last-reset\">\n\t\t\t\t\t\t\t\t\t\n<h3>Viegla un bezr\u016bp\u012bga atgrie\u0161an\u0101s<\/h3>\n<p>Ja rodas probl\u0113mas, m\u0113s organiz\u0113jam sav\u0101k\u0161anu tie\u0161i j\u016bsu adres\u0113.<a href=\"https:\/\/formar.shop\/lv\/atgriesanas-noteikumi\/\">(S\u012bk\u0101ka inform\u0101cija)<\/a>.<\/p>\n\t\t<\/div>\n\t<\/div>\n\t\n\t\n\t\t<\/div>\n\t\t\t\t\t<\/div>\n\n\t\n<\/p>\n\n\t<div id=\"col-1543467396\" class=\"col medium-3 small-12 large-3\"  >\n\t\t\t\t<div class=\"col-inner\"  >\n\t\t\t\n\t\t\t\n\n\t\t<div class=\"icon-box featured-box icon-box-center text-center\"  >\n\t\t\t\t\t<div class=\"icon-box-img\" style=\"width: 50px\">\n\t\t\t\t<div class=\"icon\">\n\t\t\t\t\t<div class=\"icon-inner\" >\n\t\t\t\t\t\t<img loading=\"lazy\" decoding=\"async\" width=\"128\" height=\"128\" src=\"https:\/\/static.formar.net\/wp-content\/uploads\/sites\/1\/2022\/10\/02111130\/5959201-128-1.png\" class=\"attachment-medium size-medium\" alt=\"\" srcset=\"https:\/\/static.formar.net\/wp-content\/uploads\/sites\/1\/2022\/10\/02111130\/5959201-128-1.png 128w, https:\/\/static.formar.net\/wp-content\/uploads\/sites\/1\/2022\/10\/02111130\/5959201-128-1-80x80.png 80w, https:\/\/static.formar.net\/wp-content\/uploads\/sites\/1\/2022\/10\/02111130\/5959201-128-1-100x100.png 100w, https:\/\/static.formar.net\/wp-content\/uploads\/sites\/1\/2022\/10\/02111130\/5959201-128-1-50x50.png 50w\" sizes=\"auto, (max-width: 128px) 100vw, 128px\" \/>\t\t\t\t\t<\/div>\n\t\t\t\t<\/div>\n\t\t\t<\/div>\n\t\t\t\t<div class=\"icon-box-text last-reset\">\n\t\t\t\t\t\t\t\t\t\n<h3>Ra\u017eot\u0101ja garantija un rezerves da\u013cas<\/h3>\n<p>Visiem m\u016bsu produktiem ir m\u016bsu garantija. Daudziem produktiem m\u0113s garant\u0113jam rezerves da\u013cas uz t\u0101du pa\u0161u laiku. <\/p>\n\t\t<\/div>\n\t<\/div>\n\t\n\t\n\t\t<\/div>\n\t\t\t\t\t<\/div>\n\n\t\n\n<style>\n#row-1614823014 > .col > .col-inner {\n  padding: 20px 20px 20px 20px;\n}\n<\/style>\n<\/div>\n\t\t<\/div>\n\n\t\t\n<style>\n#section_1858902629 {\n  padding-top: 30px;\n  padding-bottom: 30px;\n}\n<\/style>\n\t<\/section>\n\t\n","protected":false},"excerpt":{"rendered":"<p>Atbalsts no 12 mm bieza liekta sapl\u0101k\u0161\u0146a, kas pild\u012bts ar nedeform\u0113jamu putu materi\u0101lu un p\u0101rkl\u0101ts ar 1\/IM klases ugunsdro\u0161u eko\u0101du. Spilveni ar skr\u016bv\u0113m tiek piestiprin\u0101ti pie divviet\u012bgu, tr\u012bsviet\u012bgu, \u010detrviet\u012bgu un piecviet\u012bgu solu s\u0113dek\u013ciem un atzveltn\u0113m. Noapa\u013cotas malas. P\u0101rdod pa p\u0101riem (1 atzveltnei, 1 s\u0113deklim)<br \/>Piel\u0101gojams visiem Formar Shop solu mode\u013ciem.   <\/p>\n","protected":false},"featured_media":51611,"template":"","meta":{"_joinchat":[]},"product_brand":[],"product_cat":[2093,2203],"product_tag":[],"class_list":{"0":"post-48128","1":"product","2":"type-product","3":"status-publish","4":"has-post-thumbnail","6":"product_cat-birojs","7":"product_cat-gaidisanas-telpas-sedvietas","9":"first","10":"instock","11":"taxable","12":"shipping-taxable","13":"purchasable","14":"product-type-variable","15":"has-default-attributes"},"yoast_head":"<!-- This site is optimized with the Yoast SEO plugin v27.4 - https:\/\/yoast.com\/product\/yoast-seo-wordpress\/ -->\n<title>P\u0101ris polster\u0113tu s\u0113dek\u013ca un atzveltnes spilvenu solam - Formar.shop<\/title>\n<meta name=\"description\" content=\"Balsts izgatavots no 12 mm bieza izliekta sapl\u0101k\u0161\u0146a, polster\u0113ts ar necaurlaid\u012bg\u0101m put\u0101m un apvilkts ar melnu ugunsdro\u0161u m\u0101ksl\u012bgo \u0101du. Spilveni ar skr\u016bv\u0113m ir piestiprin\u0101ti pie 2, 3, 4 un 5 s\u0113dvietu solu s\u0113dek\u013ca un atzveltnes. Sl\u012bp\u0113tas malas. P\u0101rdod pa p\u0101riem (1 uz atzveltnes 1 uz s\u0113dek\u013ca)Piem\u0113rots visiem Formar Shop solu mode\u013ciem.\" \/>\n<meta name=\"robots\" content=\"index, follow, max-snippet:-1, max-image-preview:large, max-video-preview:-1\" \/>\n<link rel=\"canonical\" href=\"https:\/\/formar.shop\/lv\/prodotto\/paris-polsteretu-sedekla-un-atzveltnes-spilvenu-solam\/\" \/>\n<script type=\"application\/ld+json\" class=\"yoast-schema-graph\">{\"@context\":\"https:\\\/\\\/schema.org\",\"@graph\":[{\"@type\":\"WebPage\",\"@id\":\"https:\\\/\\\/formar.shop\\\/lv\\\/prodotto\\\/paris-polsteretu-sedekla-un-atzveltnes-spilvenu-solam\\\/\",\"url\":\"https:\\\/\\\/formar.shop\\\/lv\\\/prodotto\\\/paris-polsteretu-sedekla-un-atzveltnes-spilvenu-solam\\\/\",\"name\":\"P\u0101ris polster\u0113tu s\u0113dek\u013ca un atzveltnes spilvenu solam - Formar.shop\",\"isPartOf\":{\"@id\":\"https:\\\/\\\/formar.shop\\\/lv\\\/#website\"},\"primaryImageOfPage\":{\"@id\":\"https:\\\/\\\/formar.shop\\\/lv\\\/prodotto\\\/paris-polsteretu-sedekla-un-atzveltnes-spilvenu-solam\\\/#primaryimage\"},\"image\":{\"@id\":\"https:\\\/\\\/formar.shop\\\/lv\\\/prodotto\\\/paris-polsteretu-sedekla-un-atzveltnes-spilvenu-solam\\\/#primaryimage\"},\"thumbnailUrl\":\"https:\\\/\\\/static.formar.net\\\/wp-content\\\/uploads\\\/sites\\\/1\\\/2022\\\/10\\\/20143243\\\/Sedile-Imbottito-per-panche-acciaio_Insiem-Sfuocato_coppia-_scontornata.png\",\"datePublished\":\"2025-01-18T20:37:36+00:00\",\"dateModified\":\"2025-11-18T09:41:42+00:00\",\"description\":\"Balsts izgatavots no 12 mm bieza izliekta sapl\u0101k\u0161\u0146a, polster\u0113ts ar necaurlaid\u012bg\u0101m put\u0101m un apvilkts ar melnu ugunsdro\u0161u m\u0101ksl\u012bgo \u0101du. Spilveni ar skr\u016bv\u0113m ir piestiprin\u0101ti pie 2, 3, 4 un 5 s\u0113dvietu solu s\u0113dek\u013ca un atzveltnes. Sl\u012bp\u0113tas malas. P\u0101rdod pa p\u0101riem (1 uz atzveltnes 1 uz s\u0113dek\u013ca)Piem\u0113rots visiem Formar Shop solu mode\u013ciem.\",\"breadcrumb\":{\"@id\":\"https:\\\/\\\/formar.shop\\\/lv\\\/prodotto\\\/paris-polsteretu-sedekla-un-atzveltnes-spilvenu-solam\\\/#breadcrumb\"},\"inLanguage\":\"lv-LV\",\"potentialAction\":[{\"@type\":\"ReadAction\",\"target\":[\"https:\\\/\\\/formar.shop\\\/lv\\\/prodotto\\\/paris-polsteretu-sedekla-un-atzveltnes-spilvenu-solam\\\/\"]}]},{\"@type\":\"ImageObject\",\"inLanguage\":\"lv-LV\",\"@id\":\"https:\\\/\\\/formar.shop\\\/lv\\\/prodotto\\\/paris-polsteretu-sedekla-un-atzveltnes-spilvenu-solam\\\/#primaryimage\",\"url\":\"https:\\\/\\\/static.formar.net\\\/wp-content\\\/uploads\\\/sites\\\/1\\\/2022\\\/10\\\/20143243\\\/Sedile-Imbottito-per-panche-acciaio_Insiem-Sfuocato_coppia-_scontornata.png\",\"contentUrl\":\"https:\\\/\\\/static.formar.net\\\/wp-content\\\/uploads\\\/sites\\\/1\\\/2022\\\/10\\\/20143243\\\/Sedile-Imbottito-per-panche-acciaio_Insiem-Sfuocato_coppia-_scontornata.png\",\"width\":894,\"height\":894},{\"@type\":\"BreadcrumbList\",\"@id\":\"https:\\\/\\\/formar.shop\\\/lv\\\/prodotto\\\/paris-polsteretu-sedekla-un-atzveltnes-spilvenu-solam\\\/#breadcrumb\",\"itemListElement\":[{\"@type\":\"ListItem\",\"position\":1,\"name\":\"Home\",\"item\":\"https:\\\/\\\/formar.shop\\\/lv\\\/automatiskais-projekts\\\/\"},{\"@type\":\"ListItem\",\"position\":2,\"name\":\"Veikals\",\"item\":\"https:\\\/\\\/formar.shop\\\/lv\\\/veikals\\\/\"},{\"@type\":\"ListItem\",\"position\":3,\"name\":\"P\u0101ris polster\u0113tu s\u0113dek\u013ca un atzveltnes spilvenu solam\"}]},{\"@type\":\"WebSite\",\"@id\":\"https:\\\/\\\/formar.shop\\\/lv\\\/#website\",\"url\":\"https:\\\/\\\/formar.shop\\\/lv\\\/\",\"name\":\"Formar.shop\",\"description\":\"Soluzioni espresse con stile\",\"potentialAction\":[{\"@type\":\"SearchAction\",\"target\":{\"@type\":\"EntryPoint\",\"urlTemplate\":\"https:\\\/\\\/formar.shop\\\/lv\\\/?s={search_term_string}\"},\"query-input\":{\"@type\":\"PropertyValueSpecification\",\"valueRequired\":true,\"valueName\":\"search_term_string\"}}],\"inLanguage\":\"lv-LV\"}]}<\/script>\n<!-- \/ Yoast SEO plugin. -->","yoast_head_json":{"title":"P\u0101ris polster\u0113tu s\u0113dek\u013ca un atzveltnes spilvenu solam - Formar.shop","description":"Balsts izgatavots no 12 mm bieza izliekta sapl\u0101k\u0161\u0146a, polster\u0113ts ar necaurlaid\u012bg\u0101m put\u0101m un apvilkts ar melnu ugunsdro\u0161u m\u0101ksl\u012bgo \u0101du. Spilveni ar skr\u016bv\u0113m ir piestiprin\u0101ti pie 2, 3, 4 un 5 s\u0113dvietu solu s\u0113dek\u013ca un atzveltnes. Sl\u012bp\u0113tas malas. P\u0101rdod pa p\u0101riem (1 uz atzveltnes 1 uz s\u0113dek\u013ca)Piem\u0113rots visiem Formar Shop solu mode\u013ciem.","robots":{"index":"index","follow":"follow","max-snippet":"max-snippet:-1","max-image-preview":"max-image-preview:large","max-video-preview":"max-video-preview:-1"},"canonical":"https:\/\/formar.shop\/lv\/prodotto\/paris-polsteretu-sedekla-un-atzveltnes-spilvenu-solam\/","schema":{"@context":"https:\/\/schema.org","@graph":[{"@type":"WebPage","@id":"https:\/\/formar.shop\/lv\/prodotto\/paris-polsteretu-sedekla-un-atzveltnes-spilvenu-solam\/","url":"https:\/\/formar.shop\/lv\/prodotto\/paris-polsteretu-sedekla-un-atzveltnes-spilvenu-solam\/","name":"P\u0101ris polster\u0113tu s\u0113dek\u013ca un atzveltnes spilvenu solam - Formar.shop","isPartOf":{"@id":"https:\/\/formar.shop\/lv\/#website"},"primaryImageOfPage":{"@id":"https:\/\/formar.shop\/lv\/prodotto\/paris-polsteretu-sedekla-un-atzveltnes-spilvenu-solam\/#primaryimage"},"image":{"@id":"https:\/\/formar.shop\/lv\/prodotto\/paris-polsteretu-sedekla-un-atzveltnes-spilvenu-solam\/#primaryimage"},"thumbnailUrl":"https:\/\/static.formar.net\/wp-content\/uploads\/sites\/1\/2022\/10\/20143243\/Sedile-Imbottito-per-panche-acciaio_Insiem-Sfuocato_coppia-_scontornata.png","datePublished":"2025-01-18T20:37:36+00:00","dateModified":"2025-11-18T09:41:42+00:00","description":"Balsts izgatavots no 12 mm bieza izliekta sapl\u0101k\u0161\u0146a, polster\u0113ts ar necaurlaid\u012bg\u0101m put\u0101m un apvilkts ar melnu ugunsdro\u0161u m\u0101ksl\u012bgo \u0101du. Spilveni ar skr\u016bv\u0113m ir piestiprin\u0101ti pie 2, 3, 4 un 5 s\u0113dvietu solu s\u0113dek\u013ca un atzveltnes. Sl\u012bp\u0113tas malas. P\u0101rdod pa p\u0101riem (1 uz atzveltnes 1 uz s\u0113dek\u013ca)Piem\u0113rots visiem Formar Shop solu mode\u013ciem.","breadcrumb":{"@id":"https:\/\/formar.shop\/lv\/prodotto\/paris-polsteretu-sedekla-un-atzveltnes-spilvenu-solam\/#breadcrumb"},"inLanguage":"lv-LV","potentialAction":[{"@type":"ReadAction","target":["https:\/\/formar.shop\/lv\/prodotto\/paris-polsteretu-sedekla-un-atzveltnes-spilvenu-solam\/"]}]},{"@type":"ImageObject","inLanguage":"lv-LV","@id":"https:\/\/formar.shop\/lv\/prodotto\/paris-polsteretu-sedekla-un-atzveltnes-spilvenu-solam\/#primaryimage","url":"https:\/\/static.formar.net\/wp-content\/uploads\/sites\/1\/2022\/10\/20143243\/Sedile-Imbottito-per-panche-acciaio_Insiem-Sfuocato_coppia-_scontornata.png","contentUrl":"https:\/\/static.formar.net\/wp-content\/uploads\/sites\/1\/2022\/10\/20143243\/Sedile-Imbottito-per-panche-acciaio_Insiem-Sfuocato_coppia-_scontornata.png","width":894,"height":894},{"@type":"BreadcrumbList","@id":"https:\/\/formar.shop\/lv\/prodotto\/paris-polsteretu-sedekla-un-atzveltnes-spilvenu-solam\/#breadcrumb","itemListElement":[{"@type":"ListItem","position":1,"name":"Home","item":"https:\/\/formar.shop\/lv\/automatiskais-projekts\/"},{"@type":"ListItem","position":2,"name":"Veikals","item":"https:\/\/formar.shop\/lv\/veikals\/"},{"@type":"ListItem","position":3,"name":"P\u0101ris polster\u0113tu s\u0113dek\u013ca un atzveltnes spilvenu solam"}]},{"@type":"WebSite","@id":"https:\/\/formar.shop\/lv\/#website","url":"https:\/\/formar.shop\/lv\/","name":"Formar.shop","description":"Soluzioni espresse con stile","potentialAction":[{"@type":"SearchAction","target":{"@type":"EntryPoint","urlTemplate":"https:\/\/formar.shop\/lv\/?s={search_term_string}"},"query-input":{"@type":"PropertyValueSpecification","valueRequired":true,"valueName":"search_term_string"}}],"inLanguage":"lv-LV"}]}},"_links":{"self":[{"href":"https:\/\/formar.shop\/lv\/wp-json\/wp\/v2\/product\/48128","targetHints":{"allow":["GET"]}}],"collection":[{"href":"https:\/\/formar.shop\/lv\/wp-json\/wp\/v2\/product"}],"about":[{"href":"https:\/\/formar.shop\/lv\/wp-json\/wp\/v2\/types\/product"}],"wp:featuredmedia":[{"embeddable":true,"href":"https:\/\/formar.shop\/lv\/wp-json\/wp\/v2\/media\/51611"}],"wp:attachment":[{"href":"https:\/\/formar.shop\/lv\/wp-json\/wp\/v2\/media?parent=48128"}],"wp:term":[{"taxonomy":"product_brand","embeddable":true,"href":"https:\/\/formar.shop\/lv\/wp-json\/wp\/v2\/product_brand?post=48128"},{"taxonomy":"product_cat","embeddable":true,"href":"https:\/\/formar.shop\/lv\/wp-json\/wp\/v2\/product_cat?post=48128"},{"taxonomy":"product_tag","embeddable":true,"href":"https:\/\/formar.shop\/lv\/wp-json\/wp\/v2\/product_tag?post=48128"}],"curies":[{"name":"wp","href":"https:\/\/api.w.org\/{rel}","templated":true}]}}