{"id":46865,"date":"2025-01-18T21:32:42","date_gmt":"2025-01-18T20:32:42","guid":{"rendered":"https:\/\/formar.shop\/prodotto\/uzglabasanas-plaukts-sunu-siena\/"},"modified":"2025-01-18T21:32:55","modified_gmt":"2025-01-18T20:32:55","slug":"uzglabasanas-plaukts-sunu-siena","status":"publish","type":"product","link":"https:\/\/formar.shop\/lv\/prodotto\/uzglabasanas-plaukts-sunu-siena\/","title":{"rendered":"Uzglab\u0101\u0161anas plaukts &#8211; \u0161\u016bnu siena"},"content":{"rendered":"<div class=\"is-divider divider clearfix\" style=\"max-width:2000px;\"><\/div>\n<div class=\"slider-wrapper relative\" id=\"slider-455527831\" >\n    <div class=\"slider slider-nav-circle slider-nav-large slider-nav-dark slider-style-normal\"\n        data-flickity-options='{\n            \"cellAlign\": \"center\",\n            \"imagesLoaded\": true,\n            \"lazyLoad\": 1,\n            \"freeScroll\": false,\n            \"wrapAround\": true,\n            \"autoPlay\": 6000,\n            \"pauseAutoPlayOnHover\" : true,\n            \"prevNextButtons\": true,\n            \"contain\" : true,\n            \"adaptiveHeight\" : true,\n            \"dragThreshold\" : 10,\n            \"percentPosition\": true,\n            \"pageDots\": true,\n            \"rightToLeft\": false,\n            \"draggable\": true,\n            \"selectedAttraction\": 0.1,\n            \"parallax\" : 0,\n            \"friction\": 0.6        }'\n        >\n        \n\t<div class=\"img has-hover x md-x lg-x y md-y lg-y\" id=\"image_1717571899\">\n\t\t\t\t\t\t\t\t<div class=\"img-inner dark\" >\n\t\t\t\t\t\t\t\t\t\n\t\t\t\t\t<\/div>\n\t\t\t\t\t\t\t\t\n<style>\n#image_1717571899 {\n  width: 100%;\n}\n<\/style>\n\t<\/div>\n\t\n\t<div class=\"img has-hover x md-x lg-x y md-y lg-y\" id=\"image_996097384\">\n\t\t\t\t\t\t\t\t<div class=\"img-inner dark\" >\n\t\t\t<img loading=\"lazy\" decoding=\"async\" width=\"1012\" height=\"1012\" src=\"https:\/\/static.formar.net\/wp-content\/uploads\/2020\/12\/22152448\/Immagini-di-prodotto-x-Amazon-23.png\" class=\"attachment-large size-large\" alt=\"\" srcset=\"https:\/\/static.formar.net\/wp-content\/uploads\/2020\/12\/22152448\/Immagini-di-prodotto-x-Amazon-23.png 1012w, https:\/\/static.formar.net\/wp-content\/uploads\/2020\/12\/22152448\/Immagini-di-prodotto-x-Amazon-23-100x100.png 100w, https:\/\/static.formar.net\/wp-content\/uploads\/2020\/12\/22152448\/Immagini-di-prodotto-x-Amazon-23-510x510.png 510w, https:\/\/static.formar.net\/wp-content\/uploads\/2020\/12\/22152448\/Immagini-di-prodotto-x-Amazon-23-300x300.png 300w, https:\/\/static.formar.net\/wp-content\/uploads\/2020\/12\/22152448\/Immagini-di-prodotto-x-Amazon-23-80x80.png 80w, https:\/\/static.formar.net\/wp-content\/uploads\/2020\/12\/22152448\/Immagini-di-prodotto-x-Amazon-23-768x768.png 768w, https:\/\/static.formar.net\/wp-content\/uploads\/2020\/12\/22152448\/Immagini-di-prodotto-x-Amazon-23-36x36.png 36w, https:\/\/static.formar.net\/wp-content\/uploads\/2020\/12\/22152448\/Immagini-di-prodotto-x-Amazon-23-180x180.png 180w, https:\/\/static.formar.net\/wp-content\/uploads\/2020\/12\/22152448\/Immagini-di-prodotto-x-Amazon-23-705x705.png 705w, https:\/\/static.formar.net\/wp-content\/uploads\/2020\/12\/22152448\/Immagini-di-prodotto-x-Amazon-23-600x600.png 600w\" sizes=\"auto, (max-width: 1012px) 100vw, 1012px\" \/>\t\t\t\t\t\t\n\t\t\t\t\t<\/div>\n\t\t\t\t\t\t\t\t\n<style>\n#image_996097384 {\n  width: 100%;\n}\n<\/style>\n\t<\/div>\n\t\n     <\/div>\n\n     <div class=\"loading-spin dark large centered\"><\/div>\n\n\t<\/div>\n\n\n<h3>\u0160\u016aNAS SIENA &#8211; GLAB\u0100\u0160ANAS PLAUKTS<\/h3>\n<p>Mekl\u0113jat iespaid\u012bgu m\u0113be\u013cu risin\u0101jumu, kas apvieno praktiskumu un dizainu?<br \/>\nCell Wall sienas plaukts ir piem\u0113rots visu veidu vid\u0113m.<br \/>\n <strong>Vienk\u0101r\u0161a<\/strong>, <strong>moderna <\/strong>m\u0113bele, kas izgatavota no iztur\u012bga balta polipropil\u0113na.<br \/>\n\u013baujiet va\u013cu savai izt\u0113lei un izveidojiet <strong>piel\u0101gotu kompoz\u012bciju<\/strong>, novietojot vair\u0101kus Cell Wall plauktus vienu otram blakus, lai izst\u0101d\u012btu to, kas jums vislab\u0101k pat\u012bk. <\/p>\n<h3 class=\"av-special-heading-tag \">DIZAINA PRODUKTS<\/h3>\n<p>To ir iecer\u0113jis un projekt\u0113jis it\u0101\u013cu dizainers Mario Mazzers, kur\u0161 1978. gad\u0101 pabeidza arhitekt\u016bras studijas Mil\u0101nas Politehnikum\u0101 un 1979. gad\u0101 &#8211; r\u016bpniecisk\u0101 dizaina studijas Mil\u0101nas Dizaina augstskol\u0101 (Scuola Politecnica di Design).<br \/>\n\u0160eit vi\u0146\u0161 70. gados sta\u017e\u0113j\u0101s, sadarbojoties ar it\u0101\u013cu dizaina meistariem, un 1980. gad\u0101 Konegliano Veneto pils\u0113t\u0101 nodibin\u0101ja arhitektu biroju Mario Mazzer Architects. 1996. gad\u0101 vi\u0146\u0161 ieguva godalgotu vietu ID Annual Design Review \u0145ujork\u0101, kas bija vair\u0101kk\u0101rt\u0113js apbalvojumu laure\u0101ts. Izst\u0101dot savus darbus, vi\u0146\u0161 ir devis lielu ieguld\u012bjumu it\u0101\u013cu izstr\u0101d\u0101jumu popularit\u0101tes veicin\u0101\u0161an\u0101 vis\u0101 pasaul\u0113.  <\/p>\n<h3 class=\"av-special-heading-tag \">VIEGLA PIESTIPRIN\u0100\u0160ANA PIE SIEN\u0100M<\/h3>\n<p>Cell Wall uzglab\u0101\u0161anas plaukts tiks pieg\u0101d\u0101ts <strong>jau samont\u0113ts<\/strong> un gatavs piestiprin\u0101\u0161anai pie sienas.<br \/>\nTas ir viegls, <strong>neaiz\u0146em daudz vietas,<\/strong> un, kombin\u0113jot ar vair\u0101k\u0101m vien\u012bb\u0101m, var izveidot vienk\u0101r\u0161u un minim\u0101listisku gr\u0101matu plauktu.<\/p>\n<h3 id=\"h-finiture-di-qualit-e-made-in-italy\">PRODUKTA IZM\u0112RI<\/h3>\n<p>Izstr\u0101d\u0101juma izm\u0113ri: &#8211; 44 cm gar\u0161 &#8211; 21,5 cm dzi\u013c\u0161 &#8211; 44 cm augsts.<\/p>\n<h3>KOP\u0160ANA UN APKOPE:<\/h3>\n<p>L\u016bdzu, vispirms p\u0101rbaudiet t\u012br\u012b\u0161anas l\u012bdzek\u013cu sader\u012bbu uz neredzamas vietas.<br \/>\nNekad nelietojiet t\u012br\u012b\u0161anas vai pul\u0113\u0161anas l\u012bdzek\u013cus ar abraz\u012bv\u0101m vai attaukojo\u0161\u0101m da\u013ci\u0146\u0101m.<br \/>\nVienm\u0113r noslaukiet ar mitru dr\u0101nu un nosusiniet.<\/p>\n\n\t<section class=\"section\" id=\"section_1491825615\">\n\t\t<div class=\"section-bg fill\" >\n\t\t\t\t\t\t\t\t\t\n\t\t\t\n\n\t\t<\/div>\n\n\t\t\n\n\t\t<div class=\"section-content relative\">\n\t\t\t\n<div class=\"is-divider divider clearfix\" style=\"max-width:1000px;\"><\/div>\n<div class=\"row row-solid\"  id=\"row-298404878\">\n\n\t<div id=\"col-1508731484\" class=\"col medium-3 small-12 large-3\"  >\n\t\t\t\t<div class=\"col-inner\"  >\n\t\t\t\n\t\t\t\n\n\t\t<div class=\"icon-box featured-box icon-box-center text-center\"  >\n\t\t\t\t\t<div class=\"icon-box-img\" style=\"width: 50px\">\n\t\t\t\t<div class=\"icon\">\n\t\t\t\t\t<div class=\"icon-inner\" >\n\t\t\t\t\t\t<img loading=\"lazy\" decoding=\"async\" width=\"128\" height=\"128\" src=\"https:\/\/static.formar.net\/wp-content\/uploads\/sites\/1\/2022\/10\/02111131\/2703076-128-1-1.png\" class=\"attachment-medium size-medium\" alt=\"\" srcset=\"https:\/\/static.formar.net\/wp-content\/uploads\/sites\/1\/2022\/10\/02111131\/2703076-128-1-1.png 128w, https:\/\/static.formar.net\/wp-content\/uploads\/sites\/1\/2022\/10\/02111131\/2703076-128-1-1-80x80.png 80w, https:\/\/static.formar.net\/wp-content\/uploads\/sites\/1\/2022\/10\/02111131\/2703076-128-1-1-100x100.png 100w, https:\/\/static.formar.net\/wp-content\/uploads\/sites\/1\/2022\/10\/02111131\/2703076-128-1-1-50x50.png 50w\" sizes=\"auto, (max-width: 128px) 100vw, 128px\" \/>\t\t\t\t\t<\/div>\n\t\t\t\t<\/div>\n\t\t\t<\/div>\n\t\t\t\t<div class=\"icon-box-text last-reset\">\n\t\t\t\t\t\t\t\t\t\n<h3>Klientu apkalpo\u0161anas dienests vienm\u0113r pieejams<\/h3>\n<p>J\u016bs varat sazin\u0101ties ar mums, izmantojot WhatsApp:  <a href=\"https:\/\/api.whatsapp.com\/send\/?phone=390715906063&amp;text&amp;type=phone_number&amp;app_absent=0\">+39 071 5906063<\/a><\/p>\n<p>Pas\u016bt\u012bjumi pa t\u0101lruni: <a href=\"tel:+39800122267\">800 122 267<\/a><\/p>\n\t\t<\/div>\n\t<\/div>\n\t\n\t\n\t\t<\/div>\n\t\t\t\t\t<\/div>\n\n\t\n\n\t<div id=\"col-475408320\" class=\"col medium-3 small-12 large-3\"  >\n\t\t\t\t<div class=\"col-inner\"  >\n\t\t\t\n\t\t\t\n\n\t\t<div class=\"icon-box featured-box icon-box-center text-center\"  >\n\t\t\t\t\t<div class=\"icon-box-img\" style=\"width: 50px\">\n\t\t\t\t<div class=\"icon\">\n\t\t\t\t\t<div class=\"icon-inner\" >\n\t\t\t\t\t\t<img loading=\"lazy\" decoding=\"async\" width=\"256\" height=\"256\" src=\"https:\/\/static.formar.net\/wp-content\/uploads\/sites\/1\/2022\/11\/02111117\/Icona-carta-di-credito.png\" class=\"attachment-medium size-medium\" alt=\"\" srcset=\"https:\/\/static.formar.net\/wp-content\/uploads\/sites\/1\/2022\/11\/02111117\/Icona-carta-di-credito.png 256w, https:\/\/static.formar.net\/wp-content\/uploads\/sites\/1\/2022\/11\/02111117\/Icona-carta-di-credito-80x80.png 80w, https:\/\/static.formar.net\/wp-content\/uploads\/sites\/1\/2022\/11\/02111117\/Icona-carta-di-credito-100x100.png 100w, https:\/\/static.formar.net\/wp-content\/uploads\/sites\/1\/2022\/11\/02111117\/Icona-carta-di-credito-50x50.png 50w\" sizes=\"auto, (max-width: 256px) 100vw, 256px\" \/>\t\t\t\t\t<\/div>\n\t\t\t\t<\/div>\n\t\t\t<\/div>\n\t\t\t\t<div class=\"icon-box-text last-reset\">\n\t\t\t\t\t\t\t\t\t\n<h3>Izv\u0113lieties maks\u0101juma veidu<\/h3>\n<p>Maks\u0101jums ar Paypal, kred\u012btkarti, skaidru naudu vai debetkarti (uz vietas) un skaidr\u0101 naud\u0101 p\u0113c pieg\u0101des<\/p>\n\t\t<\/div>\n\t<\/div>\n\t\n\t\n\t\t<\/div>\n\t\t\t\t\t<\/div>\n\n\t\n\n\t<div id=\"col-852558116\" class=\"col medium-3 small-12 large-3\"  >\n\t\t\t\t<div class=\"col-inner\"  >\n\t\t\t\n\t\t\t\n\n\t\t<div class=\"icon-box featured-box icon-box-center text-center\"  >\n\t\t\t\t\t<div class=\"icon-box-img\" style=\"width: 50px\">\n\t\t\t\t<div class=\"icon\">\n\t\t\t\t\t<div class=\"icon-inner\" >\n\t\t\t\t\t\t<img loading=\"lazy\" decoding=\"async\" width=\"128\" height=\"128\" src=\"https:\/\/static.formar.net\/wp-content\/uploads\/sites\/1\/2022\/10\/02111130\/3669335-128-1.png\" class=\"attachment-medium size-medium\" alt=\"\" srcset=\"https:\/\/static.formar.net\/wp-content\/uploads\/sites\/1\/2022\/10\/02111130\/3669335-128-1.png 128w, https:\/\/static.formar.net\/wp-content\/uploads\/sites\/1\/2022\/10\/02111130\/3669335-128-1-80x80.png 80w, https:\/\/static.formar.net\/wp-content\/uploads\/sites\/1\/2022\/10\/02111130\/3669335-128-1-100x100.png 100w, https:\/\/static.formar.net\/wp-content\/uploads\/sites\/1\/2022\/10\/02111130\/3669335-128-1-50x50.png 50w\" sizes=\"auto, (max-width: 128px) 100vw, 128px\" \/>\t\t\t\t\t<\/div>\n\t\t\t\t<\/div>\n\t\t\t<\/div>\n\t\t\t\t<div class=\"icon-box-text last-reset\">\n\t\t\t\t\t\t\t\t\t\n<h3>Viegla un bezr\u016bp\u012bga atgrie\u0161an\u0101s<\/h3>\n<p>Ja rodas probl\u0113mas, m\u0113s organiz\u0113jam sav\u0101k\u0161anu tie\u0161i j\u016bsu adres\u0113.<a href=\"https:\/\/formar.shop\/regole-sulla-restituzione\/\">(S\u012bk\u0101ka inform\u0101cija)<\/a>.<\/p>\n\t\t<\/div>\n\t<\/div>\n\t\n\t\n\t\t<\/div>\n\t\t\t\t\t<\/div>\n\n\t\n\n\t<div id=\"col-1658931630\" class=\"col medium-3 small-12 large-3\"  >\n\t\t\t\t<div class=\"col-inner\"  >\n\t\t\t\n\t\t\t\n\n\t\t<div class=\"icon-box featured-box icon-box-center text-center\"  >\n\t\t\t\t\t<div class=\"icon-box-img\" style=\"width: 50px\">\n\t\t\t\t<div class=\"icon\">\n\t\t\t\t\t<div class=\"icon-inner\" >\n\t\t\t\t\t\t<img loading=\"lazy\" decoding=\"async\" width=\"128\" height=\"128\" src=\"https:\/\/static.formar.net\/wp-content\/uploads\/sites\/1\/2022\/10\/02111130\/5959201-128-1.png\" class=\"attachment-medium size-medium\" alt=\"\" srcset=\"https:\/\/static.formar.net\/wp-content\/uploads\/sites\/1\/2022\/10\/02111130\/5959201-128-1.png 128w, https:\/\/static.formar.net\/wp-content\/uploads\/sites\/1\/2022\/10\/02111130\/5959201-128-1-80x80.png 80w, https:\/\/static.formar.net\/wp-content\/uploads\/sites\/1\/2022\/10\/02111130\/5959201-128-1-100x100.png 100w, https:\/\/static.formar.net\/wp-content\/uploads\/sites\/1\/2022\/10\/02111130\/5959201-128-1-50x50.png 50w\" sizes=\"auto, (max-width: 128px) 100vw, 128px\" \/>\t\t\t\t\t<\/div>\n\t\t\t\t<\/div>\n\t\t\t<\/div>\n\t\t\t\t<div class=\"icon-box-text last-reset\">\n\t\t\t\t\t\t\t\t\t\n<h3>Ra\u017eot\u0101ja garantija un rezerves da\u013cas<\/h3>\n<p>Visiem m\u016bsu produktiem ir m\u016bsu garantija. Daudziem produktiem m\u0113s garant\u0113jam rezerves da\u013cas uz t\u0101du pa\u0161u laiku.<\/p>\n\t\t<\/div>\n\t<\/div>\n\t\n\t\n\t\t<\/div>\n\t\t\t\t\t<\/div>\n\n\t\n\n<style>\n#row-298404878 > .col > .col-inner {\n  padding: 20px 20px 20px 20px;\n}\n<\/style>\n<\/div>\n\t\t<\/div>\n\n\t\t\n<style>\n#section_1491825615 {\n  padding-top: 30px;\n  padding-bottom: 30px;\n}\n<\/style>\n\t<\/section>\n\t\n","protected":false},"excerpt":{"rendered":"<p>Cell Wall uzglab\u0101\u0161anas plaukts ir izgatavots no balta polipropil\u0113na, un tam ir vienk\u0101r\u0161a, m\u016bsdien\u012bga est\u0113tiska l\u012bnija.<br \/>\nTo ir izstr\u0101d\u0101jis un projekt\u0113jis it\u0101\u013cu dizainers Mario Mazzers, lai ar gaumi iek\u0101rtotu jebkuru telpu.<br \/>\nTas ir ietilp\u012bgs un iztur\u012bgs, ide\u0101li piem\u0113rots priek\u0161metu, nelielu augu, gr\u0101matu un mapju glab\u0101\u0161anai.<br \/>\nTo ir viegli novietot, un to var salikt atsevi\u0161\u0137i vai veidot da\u017e\u0101das kompoz\u012bcijas ar citiem elementiem.<br \/>\nT\u0101 minim\u0101lisma stils pie\u0161\u0137irs j\u016bsu sien\u0101m papildu akcentu.    <\/p>\n","protected":false},"featured_media":46867,"template":"","meta":{"_joinchat":[]},"product_brand":[],"product_cat":[2003,1951],"product_tag":[2005],"class_list":{"0":"post-46865","1":"product","2":"type-product","3":"status-publish","4":"has-post-thumbnail","6":"product_cat-plaukti-un-konteineri","7":"product_cat-sakums","8":"product_tag-pie-sienas-stiprinams-konteiners","10":"first","11":"instock","12":"taxable","13":"shipping-taxable","14":"purchasable","15":"product-type-simple"},"yoast_head":"<!-- This site is optimized with the Yoast SEO plugin v27.3 - https:\/\/yoast.com\/product\/yoast-seo-wordpress\/ -->\n<title>Uzglab\u0101\u0161anas plaukts - \u0161\u016bnu siena - Formar.shop<\/title>\n<meta name=\"robots\" content=\"index, follow, max-snippet:-1, max-image-preview:large, max-video-preview:-1\" \/>\n<link rel=\"canonical\" href=\"https:\/\/formar.shop\/lv\/prodotto\/uzglabasanas-plaukts-sunu-siena\/\" \/>\n<script type=\"application\/ld+json\" class=\"yoast-schema-graph\">{\"@context\":\"https:\\\/\\\/schema.org\",\"@graph\":[{\"@type\":\"WebPage\",\"@id\":\"https:\\\/\\\/formar.shop\\\/lv\\\/prodotto\\\/uzglabasanas-plaukts-sunu-siena\\\/\",\"url\":\"https:\\\/\\\/formar.shop\\\/lv\\\/prodotto\\\/uzglabasanas-plaukts-sunu-siena\\\/\",\"name\":\"Uzglab\u0101\u0161anas plaukts - \u0161\u016bnu siena - Formar.shop\",\"isPartOf\":{\"@id\":\"https:\\\/\\\/formar.shop\\\/lv\\\/#website\"},\"primaryImageOfPage\":{\"@id\":\"https:\\\/\\\/formar.shop\\\/lv\\\/prodotto\\\/uzglabasanas-plaukts-sunu-siena\\\/#primaryimage\"},\"image\":{\"@id\":\"https:\\\/\\\/formar.shop\\\/lv\\\/prodotto\\\/uzglabasanas-plaukts-sunu-siena\\\/#primaryimage\"},\"thumbnailUrl\":\"https:\\\/\\\/static.formar.net\\\/wp-content\\\/uploads\\\/2020\\\/12\\\/19150623\\\/campus.png\",\"datePublished\":\"2025-01-18T20:32:42+00:00\",\"dateModified\":\"2025-01-18T20:32:55+00:00\",\"breadcrumb\":{\"@id\":\"https:\\\/\\\/formar.shop\\\/lv\\\/prodotto\\\/uzglabasanas-plaukts-sunu-siena\\\/#breadcrumb\"},\"inLanguage\":\"lv-LV\",\"potentialAction\":[{\"@type\":\"ReadAction\",\"target\":[\"https:\\\/\\\/formar.shop\\\/lv\\\/prodotto\\\/uzglabasanas-plaukts-sunu-siena\\\/\"]}]},{\"@type\":\"ImageObject\",\"inLanguage\":\"lv-LV\",\"@id\":\"https:\\\/\\\/formar.shop\\\/lv\\\/prodotto\\\/uzglabasanas-plaukts-sunu-siena\\\/#primaryimage\",\"url\":\"https:\\\/\\\/static.formar.net\\\/wp-content\\\/uploads\\\/2020\\\/12\\\/19150623\\\/campus.png\",\"contentUrl\":\"https:\\\/\\\/static.formar.net\\\/wp-content\\\/uploads\\\/2020\\\/12\\\/19150623\\\/campus.png\",\"width\":1024,\"height\":768},{\"@type\":\"BreadcrumbList\",\"@id\":\"https:\\\/\\\/formar.shop\\\/lv\\\/prodotto\\\/uzglabasanas-plaukts-sunu-siena\\\/#breadcrumb\",\"itemListElement\":[{\"@type\":\"ListItem\",\"position\":1,\"name\":\"Home\",\"item\":\"https:\\\/\\\/formar.shop\\\/lv\\\/automatiskais-projekts\\\/\"},{\"@type\":\"ListItem\",\"position\":2,\"name\":\"Veikals\",\"item\":\"https:\\\/\\\/formar.shop\\\/lv\\\/veikals\\\/\"},{\"@type\":\"ListItem\",\"position\":3,\"name\":\"Uzglab\u0101\u0161anas plaukts &#8211; \u0161\u016bnu siena\"}]},{\"@type\":\"WebSite\",\"@id\":\"https:\\\/\\\/formar.shop\\\/lv\\\/#website\",\"url\":\"https:\\\/\\\/formar.shop\\\/lv\\\/\",\"name\":\"Formar.shop\",\"description\":\"Soluzioni espresse con stile\",\"potentialAction\":[{\"@type\":\"SearchAction\",\"target\":{\"@type\":\"EntryPoint\",\"urlTemplate\":\"https:\\\/\\\/formar.shop\\\/lv\\\/?s={search_term_string}\"},\"query-input\":{\"@type\":\"PropertyValueSpecification\",\"valueRequired\":true,\"valueName\":\"search_term_string\"}}],\"inLanguage\":\"lv-LV\"}]}<\/script>\n<!-- \/ Yoast SEO plugin. -->","yoast_head_json":{"title":"Uzglab\u0101\u0161anas plaukts - \u0161\u016bnu siena - Formar.shop","robots":{"index":"index","follow":"follow","max-snippet":"max-snippet:-1","max-image-preview":"max-image-preview:large","max-video-preview":"max-video-preview:-1"},"canonical":"https:\/\/formar.shop\/lv\/prodotto\/uzglabasanas-plaukts-sunu-siena\/","schema":{"@context":"https:\/\/schema.org","@graph":[{"@type":"WebPage","@id":"https:\/\/formar.shop\/lv\/prodotto\/uzglabasanas-plaukts-sunu-siena\/","url":"https:\/\/formar.shop\/lv\/prodotto\/uzglabasanas-plaukts-sunu-siena\/","name":"Uzglab\u0101\u0161anas plaukts - \u0161\u016bnu siena - Formar.shop","isPartOf":{"@id":"https:\/\/formar.shop\/lv\/#website"},"primaryImageOfPage":{"@id":"https:\/\/formar.shop\/lv\/prodotto\/uzglabasanas-plaukts-sunu-siena\/#primaryimage"},"image":{"@id":"https:\/\/formar.shop\/lv\/prodotto\/uzglabasanas-plaukts-sunu-siena\/#primaryimage"},"thumbnailUrl":"https:\/\/static.formar.net\/wp-content\/uploads\/2020\/12\/19150623\/campus.png","datePublished":"2025-01-18T20:32:42+00:00","dateModified":"2025-01-18T20:32:55+00:00","breadcrumb":{"@id":"https:\/\/formar.shop\/lv\/prodotto\/uzglabasanas-plaukts-sunu-siena\/#breadcrumb"},"inLanguage":"lv-LV","potentialAction":[{"@type":"ReadAction","target":["https:\/\/formar.shop\/lv\/prodotto\/uzglabasanas-plaukts-sunu-siena\/"]}]},{"@type":"ImageObject","inLanguage":"lv-LV","@id":"https:\/\/formar.shop\/lv\/prodotto\/uzglabasanas-plaukts-sunu-siena\/#primaryimage","url":"https:\/\/static.formar.net\/wp-content\/uploads\/2020\/12\/19150623\/campus.png","contentUrl":"https:\/\/static.formar.net\/wp-content\/uploads\/2020\/12\/19150623\/campus.png","width":1024,"height":768},{"@type":"BreadcrumbList","@id":"https:\/\/formar.shop\/lv\/prodotto\/uzglabasanas-plaukts-sunu-siena\/#breadcrumb","itemListElement":[{"@type":"ListItem","position":1,"name":"Home","item":"https:\/\/formar.shop\/lv\/automatiskais-projekts\/"},{"@type":"ListItem","position":2,"name":"Veikals","item":"https:\/\/formar.shop\/lv\/veikals\/"},{"@type":"ListItem","position":3,"name":"Uzglab\u0101\u0161anas plaukts &#8211; \u0161\u016bnu siena"}]},{"@type":"WebSite","@id":"https:\/\/formar.shop\/lv\/#website","url":"https:\/\/formar.shop\/lv\/","name":"Formar.shop","description":"Soluzioni espresse con stile","potentialAction":[{"@type":"SearchAction","target":{"@type":"EntryPoint","urlTemplate":"https:\/\/formar.shop\/lv\/?s={search_term_string}"},"query-input":{"@type":"PropertyValueSpecification","valueRequired":true,"valueName":"search_term_string"}}],"inLanguage":"lv-LV"}]}},"_links":{"self":[{"href":"https:\/\/formar.shop\/lv\/wp-json\/wp\/v2\/product\/46865","targetHints":{"allow":["GET"]}}],"collection":[{"href":"https:\/\/formar.shop\/lv\/wp-json\/wp\/v2\/product"}],"about":[{"href":"https:\/\/formar.shop\/lv\/wp-json\/wp\/v2\/types\/product"}],"wp:featuredmedia":[{"embeddable":true,"href":"https:\/\/formar.shop\/lv\/wp-json\/wp\/v2\/media\/46867"}],"wp:attachment":[{"href":"https:\/\/formar.shop\/lv\/wp-json\/wp\/v2\/media?parent=46865"}],"wp:term":[{"taxonomy":"product_brand","embeddable":true,"href":"https:\/\/formar.shop\/lv\/wp-json\/wp\/v2\/product_brand?post=46865"},{"taxonomy":"product_cat","embeddable":true,"href":"https:\/\/formar.shop\/lv\/wp-json\/wp\/v2\/product_cat?post=46865"},{"taxonomy":"product_tag","embeddable":true,"href":"https:\/\/formar.shop\/lv\/wp-json\/wp\/v2\/product_tag?post=46865"}],"curies":[{"name":"wp","href":"https:\/\/api.w.org\/{rel}","templated":true}]}}