{"id":46590,"date":"2025-01-18T21:31:28","date_gmt":"2025-01-18T20:31:28","guid":{"rendered":"https:\/\/formar.shop\/prodotto\/kresls-bud-kresls-09\/"},"modified":"2025-01-18T21:31:41","modified_gmt":"2025-01-18T20:31:41","slug":"kresls-bud-kresls-09","status":"publish","type":"product","link":"https:\/\/formar.shop\/lv\/prodotto\/kresls-bud-kresls-09\/","title":{"rendered":"Kr\u0113sls &#8211; Bud Kr\u0113sls 09"},"content":{"rendered":"<div class=\"slider-wrapper relative\" id=\"slider-1830927403\" >\n    <div class=\"slider slider-nav-circle slider-nav-large slider-nav-dark slider-style-normal\"\n        data-flickity-options='{\n            \"cellAlign\": \"center\",\n            \"imagesLoaded\": true,\n            \"lazyLoad\": 1,\n            \"freeScroll\": false,\n            \"wrapAround\": true,\n            \"autoPlay\": 6000,\n            \"pauseAutoPlayOnHover\" : true,\n            \"prevNextButtons\": true,\n            \"contain\" : true,\n            \"adaptiveHeight\" : true,\n            \"dragThreshold\" : 10,\n            \"percentPosition\": true,\n            \"pageDots\": true,\n            \"rightToLeft\": false,\n            \"draggable\": true,\n            \"selectedAttraction\": 0.1,\n            \"parallax\" : 0,\n            \"friction\": 0.6        }'\n        >\n        \n\t<div class=\"img has-hover x md-x lg-x y md-y lg-y\" id=\"image_483738525\">\n\t\t\t\t\t\t\t\t<div class=\"img-inner dark\" >\n\t\t\t<img loading=\"lazy\" decoding=\"async\" width=\"1012\" height=\"1012\" src=\"https:\/\/static.formar.net\/wp-content\/uploads\/2020\/12\/22164407\/Immagini-di-prodotto-x-Amazon-28.png\" class=\"attachment-large size-large\" alt=\"\" \/>\t\t\t\t\t\t\n\t\t\t\t\t<\/div>\n\t\t\t\t\t\t\t\t\n<style>\n#image_483738525 {\n  width: 100%;\n}\n<\/style>\n\t<\/div>\n\t\n\t<div class=\"img has-hover x md-x lg-x y md-y lg-y\" id=\"image_254553908\">\n\t\t\t\t\t\t\t\t<div class=\"img-inner dark\" >\n\t\t\t<img loading=\"lazy\" decoding=\"async\" width=\"1012\" height=\"1012\" src=\"https:\/\/static.formar.net\/wp-content\/uploads\/2020\/12\/22164335\/Immagini-di-prodotto-x-Amazon-26.png\" class=\"attachment-large size-large\" alt=\"\" \/>\t\t\t\t\t\t\n\t\t\t\t\t<\/div>\n\t\t\t\t\t\t\t\t\n<style>\n#image_254553908 {\n  width: 100%;\n}\n<\/style>\n\t<\/div>\n\t\n\t<div class=\"img has-hover x md-x lg-x y md-y lg-y\" id=\"image_266043964\">\n\t\t\t\t\t\t\t\t<div class=\"img-inner dark\" >\n\t\t\t<img loading=\"lazy\" decoding=\"async\" width=\"908\" height=\"1030\" src=\"https:\/\/static.formar.net\/wp-content\/uploads\/sites\/1\/2022\/11\/02111047\/bud-chair_laterale-908x1030.jpg\" class=\"attachment-large size-large\" alt=\"\" srcset=\"https:\/\/static.formar.net\/wp-content\/uploads\/sites\/1\/2022\/11\/02111047\/bud-chair_laterale-908x1030.jpg 908w, https:\/\/static.formar.net\/wp-content\/uploads\/sites\/1\/2022\/11\/02111047\/bud-chair_laterale-264x300.jpg 264w, https:\/\/static.formar.net\/wp-content\/uploads\/sites\/1\/2022\/11\/02111047\/bud-chair_laterale-768x871.jpg 768w, https:\/\/static.formar.net\/wp-content\/uploads\/sites\/1\/2022\/11\/02111047\/bud-chair_laterale-1354x1536.jpg 1354w, https:\/\/static.formar.net\/wp-content\/uploads\/sites\/1\/2022\/11\/02111047\/bud-chair_laterale-1805x2048.jpg 1805w, https:\/\/static.formar.net\/wp-content\/uploads\/sites\/1\/2022\/11\/02111047\/bud-chair_laterale-510x579.jpg 510w, https:\/\/static.formar.net\/wp-content\/uploads\/sites\/1\/2022\/11\/02111047\/bud-chair_laterale-1200x1362.jpg 1200w, https:\/\/static.formar.net\/wp-content\/uploads\/sites\/1\/2022\/11\/02111047\/bud-chair_laterale-600x681.jpg 600w\" sizes=\"auto, (max-width: 908px) 100vw, 908px\" \/>\t\t\t\t\t\t\n\t\t\t\t\t<\/div>\n\t\t\t\t\t\t\t\t\n<style>\n#image_266043964 {\n  width: 100%;\n}\n<\/style>\n\t<\/div>\n\t\n\t<div class=\"img has-hover x md-x lg-x y md-y lg-y\" id=\"image_1157721203\">\n\t\t\t\t\t\t\t\t<div class=\"img-inner dark\" >\n\t\t\t<img loading=\"lazy\" decoding=\"async\" width=\"930\" height=\"1030\" src=\"https:\/\/static.formar.net\/wp-content\/uploads\/sites\/1\/2022\/11\/02111045\/bud-chair_dietro-930x1030.jpg\" class=\"attachment-large size-large\" alt=\"\" srcset=\"https:\/\/static.formar.net\/wp-content\/uploads\/sites\/1\/2022\/11\/02111045\/bud-chair_dietro-930x1030.jpg 930w, https:\/\/static.formar.net\/wp-content\/uploads\/sites\/1\/2022\/11\/02111045\/bud-chair_dietro-271x300.jpg 271w, https:\/\/static.formar.net\/wp-content\/uploads\/sites\/1\/2022\/11\/02111045\/bud-chair_dietro-768x851.jpg 768w, https:\/\/static.formar.net\/wp-content\/uploads\/sites\/1\/2022\/11\/02111045\/bud-chair_dietro-1387x1536.jpg 1387w, https:\/\/static.formar.net\/wp-content\/uploads\/sites\/1\/2022\/11\/02111045\/bud-chair_dietro-1849x2048.jpg 1849w, https:\/\/static.formar.net\/wp-content\/uploads\/sites\/1\/2022\/11\/02111045\/bud-chair_dietro-510x565.jpg 510w, https:\/\/static.formar.net\/wp-content\/uploads\/sites\/1\/2022\/11\/02111045\/bud-chair_dietro-1200x1329.jpg 1200w, https:\/\/static.formar.net\/wp-content\/uploads\/sites\/1\/2022\/11\/02111045\/bud-chair_dietro-600x665.jpg 600w\" sizes=\"auto, (max-width: 930px) 100vw, 930px\" \/>\t\t\t\t\t\t\n\t\t\t\t\t<\/div>\n\t\t\t\t\t\t\t\t\n<style>\n#image_1157721203 {\n  width: 100%;\n}\n<\/style>\n\t<\/div>\n\t\n     <\/div>\n\n     <div class=\"loading-spin dark large centered\"><\/div>\n\n\t<\/div>\n\n\n<h3>BUD CHAIR 09<\/h3>\n<p><strong>Elegants<\/strong> un <strong>izsmalcin\u0101ts<\/strong> kr\u0113sls, kas sader ar jebkura veida m\u0113bel\u0113m un ir lieliski piem\u0113rots virtuvei, viesistabai, gu\u013camistabai, kabinetam un uzgaid\u0101majam kabinetam. Kr\u0113sls Bud Chair 09 ir oblig\u0101ti nepiecie\u0161ams m\u0101j\u0101s vai kabinet\u0101, jo tas ir vienk\u0101r\u0161s, bet elegants stils. Kr\u0113sls ir ne tikai est\u0113tiski pievilc\u012bgs, bet ar\u012b \u0113rts un lieliski piem\u0113rots k\u0101 m\u0113bele.<br \/>\nPolipropil\u0113na s\u0113deklis ir <strong>ergonomisks<\/strong>, \u013coti <strong>iztur\u012bgs<\/strong> un pieejams divos skaistos kr\u0101su variantos &#8211; balt\u0101 un gaisa sp\u0113ku zil\u0101 -, lai apmierin\u0101tu ikvienu gaumi un pras\u012bbas. Abu kr\u0101su variantu r\u0101mis ir hrom\u0113ta met\u0101la.<\/p>\n<h3 class=\"av-special-heading-tag \">DIZAINA PRODUKTS<\/h3>\n<p>To ir izstr\u0101d\u0101jis un projekt\u0113jis dizainers \u010cens \u010ciji (Chen Zhiyi), dizaina direktors uz\u0146\u0113mum\u0101 Morikawa Furniture.<br \/>\nZhiyi ir ieguvis presti\u017eu apbalvojumu \u0160anhajas Starptautiskaj\u0101 m\u0113be\u013cu izst\u0101d\u0113 un ie\u0146em noz\u012bm\u012bgu vietu pasaules interjera dizaina ain\u0101.<br \/>\nVi\u0146a darba filozofija ir &#8220;vienk\u0101r\u0161\u012bba, mode un vides aizsardz\u012bba&#8221;. <\/p>\n<h3 class=\"av-special-heading-tag \">SERTIFIC\u0112TS PRODUKTS<\/h3>\n<p>Produktam ir veikta <strong>UNI test\u0113\u0161ana<\/strong> SGS.<\/p>\n<h3 class=\"av-special-heading-tag \">PRODUKTA IZM\u0112RI<\/h3>\n<p>Izstr\u0101d\u0101juma izm\u0113ri: &#8211; 53 cm garums &#8211; 61,5 cm dzi\u013cums &#8211; 80 cm augstums S\u0113dek\u013ca augstums ir 45,5 cm no gr\u012bdas.<\/p>\n<div class=\"info-block\">\n<h3 class=\"av-special-heading-tag \">PIEEJAMS DIVOS KR\u0100SU VARIANTOS<\/h3>\n<\/div>\n\n\t<section class=\"section\" id=\"section_1881367730\">\n\t\t<div class=\"section-bg fill\" >\n\t\t\t\t\t\t\t\t\t\n\t\t\t\n\n\t\t<\/div>\n\n\t\t\n\n\t\t<div class=\"section-content relative\">\n\t\t\t\n<div class=\"row\"  id=\"row-199858473\">\n\n\t<div id=\"col-105938536\" class=\"col medium-6 small-6 large-6\"  >\n\t\t\t\t<div class=\"col-inner text-center\"  >\n\t\t\t\n\t\t\t\n\t<div class=\"box has-hover   has-hover box-text-bottom\" >\n\n\t\t<div class=\"box-image\" >\n\t\t\t\t\t\t<div class=\"\" >\n\t\t\t\t<img loading=\"lazy\" decoding=\"async\" width=\"1012\" height=\"1012\" src=\"https:\/\/static.formar.net\/wp-content\/uploads\/2020\/12\/22164407\/Immagini-di-prodotto-x-Amazon-28.png\" class=\"attachment- size-\" alt=\"\" \/>\t\t\t\t\t\t\t\t\t\t\t<\/div>\n\t\t\t\t\t<\/div>\n\n\t\t<div class=\"box-text text-center\" >\n\t\t\t<div class=\"box-text-inner\">\n\t\t\t\t\n\t<div id=\"text-1429899951\" class=\"text\">\n\t\t\n<p>White<br \/>\n\t\t\n<style>\n#text-1429899951 {\n  font-size: 1.5rem;\n}\n<\/style>\n\t<\/div>\n\t\n\t\t\t<\/div>\n\t\t<\/div>\n\t<\/div>\n\t\n\t<div class=\"img has-hover x md-x lg-x y md-y lg-y\" id=\"image_1813454134\">\n\t\t<a class=\"\" href=\"https:\/\/formar.shop\/wp-content\/uploads\/2022\/10\/68_BIANCO_O_A.jpg\" >\t\t\t\t\t\t<div class=\"img-inner dark\" >\n\t\t\t\t\t\t\t\t\t\n\t\t\t\t\t<\/div>\n\t\t\t\t\t\t<\/a>\t\t\n<style>\n#image_1813454134 {\n  width: 50%;\n}\n<\/style>\n\t<\/div>\n\t\n\t\t<\/div>\n\t\t\t\t\t<\/div>\n\n\t\n\n\t<div id=\"col-37986409\" class=\"col medium-6 small-6 large-6\"  >\n\t\t\t\t<div class=\"col-inner text-center\"  >\n\t\t\t\n\t\t\t\n\t<div class=\"box has-hover   has-hover box-text-bottom\" >\n\n\t\t<div class=\"box-image\" >\n\t\t\t\t\t\t<div class=\"\" >\n\t\t\t\t<img loading=\"lazy\" decoding=\"async\" width=\"1012\" height=\"1012\" src=\"https:\/\/static.formar.net\/wp-content\/uploads\/2020\/12\/22164335\/Immagini-di-prodotto-x-Amazon-26.png\" class=\"attachment- size-\" alt=\"\" \/>\t\t\t\t\t\t\t\t\t\t\t<\/div>\n\t\t\t\t\t<\/div>\n\n\t\t<div class=\"box-text text-center\" >\n\t\t\t<div class=\"box-text-inner\">\n\t\t\t\t\n\t<div id=\"text-1011042903\" class=\"text\">\n\t\t\n<p>Avio zilais<br \/>\n\t\t\n<style>\n#text-1011042903 {\n  font-size: 1.5rem;\n}\n<\/style>\n\t<\/div>\n\t\n\t\t\t<\/div>\n\t\t<\/div>\n\t<\/div>\n\t\n\t<div class=\"img has-hover x md-x lg-x y md-y lg-y\" id=\"image_186570672\">\n\t\t<a class=\"\" href=\"https:\/\/formar.shop\/wp-content\/uploads\/2022\/10\/03_ROVERE_O.jpg\" >\t\t\t\t\t\t<div class=\"img-inner dark\" >\n\t\t\t\t\t\t\t\t\t\n\t\t\t\t\t<\/div>\n\t\t\t\t\t\t<\/a>\t\t\n<style>\n#image_186570672 {\n  width: 50%;\n}\n<\/style>\n\t<\/div>\n\t\n\t\t<\/div>\n\t\t\t\t\t<\/div>\n\n\t\n<\/div>\n<h3>KOP\u0160ANA UN APKOPE:<\/h3>\n<p>L\u016bdzu, vispirms p\u0101rbaudiet t\u012br\u012b\u0161anas l\u012bdzek\u013cu sader\u012bbu uz neredzamas vietas.<br \/>\nNekad nelietojiet t\u012br\u012b\u0161anas vai pul\u0113\u0161anas l\u012bdzek\u013cus ar abraz\u012bv\u0101m vai attaukojo\u0161\u0101m da\u013ci\u0146\u0101m.<br \/>\nVienm\u0113r noslaukiet ar mitru dr\u0101nu un nosusiniet.<\/p>\n\t\t<\/div>\n\n\t\t\n<style>\n#section_1881367730 {\n  padding-top: 30px;\n  padding-bottom: 30px;\n}\n<\/style>\n\t<\/section>\n\t\n\n\t<section class=\"section\" id=\"section_787601835\">\n\t\t<div class=\"section-bg fill\" >\n\t\t\t\t\t\t\t\t\t\n\t\t\t\n\n\t\t<\/div>\n\n\t\t\n\n\t\t<div class=\"section-content relative\">\n\t\t\t\n<div class=\"is-divider divider clearfix\" style=\"max-width:1000px;\"><\/div>\n<div class=\"row row-solid\"  id=\"row-685038559\">\n\n\t<div id=\"col-95333767\" class=\"col medium-3 small-12 large-3\"  >\n\t\t\t\t<div class=\"col-inner\"  >\n\t\t\t\n\t\t\t\n\n\t\t<div class=\"icon-box featured-box icon-box-center text-center\"  >\n\t\t\t\t\t<div class=\"icon-box-img\" style=\"width: 50px\">\n\t\t\t\t<div class=\"icon\">\n\t\t\t\t\t<div class=\"icon-inner\" >\n\t\t\t\t\t\t<img loading=\"lazy\" decoding=\"async\" width=\"128\" height=\"128\" src=\"https:\/\/static.formar.net\/wp-content\/uploads\/sites\/1\/2022\/10\/02111131\/2703076-128-1-1.png\" class=\"attachment-medium size-medium\" alt=\"\" srcset=\"https:\/\/static.formar.net\/wp-content\/uploads\/sites\/1\/2022\/10\/02111131\/2703076-128-1-1.png 128w, https:\/\/static.formar.net\/wp-content\/uploads\/sites\/1\/2022\/10\/02111131\/2703076-128-1-1-80x80.png 80w, https:\/\/static.formar.net\/wp-content\/uploads\/sites\/1\/2022\/10\/02111131\/2703076-128-1-1-100x100.png 100w, https:\/\/static.formar.net\/wp-content\/uploads\/sites\/1\/2022\/10\/02111131\/2703076-128-1-1-50x50.png 50w\" sizes=\"auto, (max-width: 128px) 100vw, 128px\" \/>\t\t\t\t\t<\/div>\n\t\t\t\t<\/div>\n\t\t\t<\/div>\n\t\t\t\t<div class=\"icon-box-text last-reset\">\n\t\t\t\t\t\t\t\t\t\n<h3>Klientu apkalpo\u0161anas dienests vienm\u0113r pieejams<\/h3>\n<p>J\u016bs varat sazin\u0101ties ar mums, izmantojot WhatsApp:  <a href=\"https:\/\/api.whatsapp.com\/send\/?phone=390715906063&amp;text&amp;type=phone_number&amp;app_absent=0\">+39 071 5906063<\/a><\/p>\n<p>Pas\u016bt\u012bjumi pa t\u0101lruni: <a href=\"tel:+39800122267\">800 122 267<\/a><\/p>\n\t\t<\/div>\n\t<\/div>\n\t\n\t\n\t\t<\/div>\n\t\t\t\t\t<\/div>\n\n\t\n\n\t<div id=\"col-291811563\" class=\"col medium-3 small-12 large-3\"  >\n\t\t\t\t<div class=\"col-inner\"  >\n\t\t\t\n\t\t\t\n\n\t\t<div class=\"icon-box featured-box icon-box-center text-center\"  >\n\t\t\t\t\t<div class=\"icon-box-img\" style=\"width: 50px\">\n\t\t\t\t<div class=\"icon\">\n\t\t\t\t\t<div class=\"icon-inner\" >\n\t\t\t\t\t\t<img loading=\"lazy\" decoding=\"async\" width=\"256\" height=\"256\" src=\"https:\/\/static.formar.net\/wp-content\/uploads\/sites\/1\/2022\/11\/02111117\/Icona-carta-di-credito.png\" class=\"attachment-medium size-medium\" alt=\"\" srcset=\"https:\/\/static.formar.net\/wp-content\/uploads\/sites\/1\/2022\/11\/02111117\/Icona-carta-di-credito.png 256w, https:\/\/static.formar.net\/wp-content\/uploads\/sites\/1\/2022\/11\/02111117\/Icona-carta-di-credito-80x80.png 80w, https:\/\/static.formar.net\/wp-content\/uploads\/sites\/1\/2022\/11\/02111117\/Icona-carta-di-credito-100x100.png 100w, https:\/\/static.formar.net\/wp-content\/uploads\/sites\/1\/2022\/11\/02111117\/Icona-carta-di-credito-50x50.png 50w\" sizes=\"auto, (max-width: 256px) 100vw, 256px\" \/>\t\t\t\t\t<\/div>\n\t\t\t\t<\/div>\n\t\t\t<\/div>\n\t\t\t\t<div class=\"icon-box-text last-reset\">\n\t\t\t\t\t\t\t\t\t\n<h3>Izv\u0113lieties maks\u0101juma veidu<\/h3>\n<p>Maks\u0101jums ar Paypal, kred\u012btkarti, skaidru naudu vai debetkarti (uz vietas) un skaidr\u0101 naud\u0101 p\u0113c pieg\u0101des<\/p>\n\t\t<\/div>\n\t<\/div>\n\t\n\t\n\t\t<\/div>\n\t\t\t\t\t<\/div>\n\n\t\n\n\t<div id=\"col-622530011\" class=\"col medium-3 small-12 large-3\"  >\n\t\t\t\t<div class=\"col-inner\"  >\n\t\t\t\n\t\t\t\n\n\t\t<div class=\"icon-box featured-box icon-box-center text-center\"  >\n\t\t\t\t\t<div class=\"icon-box-img\" style=\"width: 50px\">\n\t\t\t\t<div class=\"icon\">\n\t\t\t\t\t<div class=\"icon-inner\" >\n\t\t\t\t\t\t<img loading=\"lazy\" decoding=\"async\" width=\"128\" height=\"128\" src=\"https:\/\/static.formar.net\/wp-content\/uploads\/sites\/1\/2022\/10\/02111130\/3669335-128-1.png\" class=\"attachment-medium size-medium\" alt=\"\" srcset=\"https:\/\/static.formar.net\/wp-content\/uploads\/sites\/1\/2022\/10\/02111130\/3669335-128-1.png 128w, https:\/\/static.formar.net\/wp-content\/uploads\/sites\/1\/2022\/10\/02111130\/3669335-128-1-80x80.png 80w, https:\/\/static.formar.net\/wp-content\/uploads\/sites\/1\/2022\/10\/02111130\/3669335-128-1-100x100.png 100w, https:\/\/static.formar.net\/wp-content\/uploads\/sites\/1\/2022\/10\/02111130\/3669335-128-1-50x50.png 50w\" sizes=\"auto, (max-width: 128px) 100vw, 128px\" \/>\t\t\t\t\t<\/div>\n\t\t\t\t<\/div>\n\t\t\t<\/div>\n\t\t\t\t<div class=\"icon-box-text last-reset\">\n\t\t\t\t\t\t\t\t\t\n<h3>Viegla un bezr\u016bp\u012bga atgrie\u0161an\u0101s<\/h3>\n<p>Ja rodas probl\u0113mas, m\u0113s organiz\u0113jam sav\u0101k\u0161anu tie\u0161i j\u016bsu adres\u0113.<a href=\"https:\/\/formar.shop\/regole-sulla-restituzione\/\">(S\u012bk\u0101ka inform\u0101cija)<\/a>.<\/p>\n\t\t<\/div>\n\t<\/div>\n\t\n\t\n\t\t<\/div>\n\t\t\t\t\t<\/div>\n\n\t\n\n\t<div id=\"col-1702161025\" class=\"col medium-3 small-12 large-3\"  >\n\t\t\t\t<div class=\"col-inner\"  >\n\t\t\t\n\t\t\t\n\n\t\t<div class=\"icon-box featured-box icon-box-center text-center\"  >\n\t\t\t\t\t<div class=\"icon-box-img\" style=\"width: 50px\">\n\t\t\t\t<div class=\"icon\">\n\t\t\t\t\t<div class=\"icon-inner\" >\n\t\t\t\t\t\t<img loading=\"lazy\" decoding=\"async\" width=\"128\" height=\"128\" src=\"https:\/\/static.formar.net\/wp-content\/uploads\/sites\/1\/2022\/10\/02111130\/5959201-128-1.png\" class=\"attachment-medium size-medium\" alt=\"\" srcset=\"https:\/\/static.formar.net\/wp-content\/uploads\/sites\/1\/2022\/10\/02111130\/5959201-128-1.png 128w, https:\/\/static.formar.net\/wp-content\/uploads\/sites\/1\/2022\/10\/02111130\/5959201-128-1-80x80.png 80w, https:\/\/static.formar.net\/wp-content\/uploads\/sites\/1\/2022\/10\/02111130\/5959201-128-1-100x100.png 100w, https:\/\/static.formar.net\/wp-content\/uploads\/sites\/1\/2022\/10\/02111130\/5959201-128-1-50x50.png 50w\" sizes=\"auto, (max-width: 128px) 100vw, 128px\" \/>\t\t\t\t\t<\/div>\n\t\t\t\t<\/div>\n\t\t\t<\/div>\n\t\t\t\t<div class=\"icon-box-text last-reset\">\n\t\t\t\t\t\t\t\t\t\n<h3>Ra\u017eot\u0101ja garantija un rezerves da\u013cas<\/h3>\n<p>Visiem m\u016bsu produktiem ir m\u016bsu garantija. Daudziem produktiem m\u0113s garant\u0113jam rezerves da\u013cas uz t\u0101du pa\u0161u laiku.<\/p>\n\t\t<\/div>\n\t<\/div>\n\t\n\t\n\t\t<\/div>\n\t\t\t\t\t<\/div>\n\n\t\n\n<style>\n#row-685038559 > .col > .col-inner {\n  padding: 20px 20px 20px 20px;\n}\n<\/style>\n<\/div>\n\t\t<\/div>\n\n\t\t\n<style>\n#section_787601835 {\n  padding-top: 30px;\n  padding-bottom: 30px;\n}\n<\/style>\n\t<\/section>\n\t\n","protected":false},"excerpt":{"rendered":"<p>Dizainera CHEN ZHIYI izstr\u0101d\u0101tais un dizain\u0113tais elegantais un izsmalcin\u0101tais kr\u0113sls lieliski sader ar jebkura veida m\u0113bel\u0113m.<br \/>\nR\u0101mis ir izgatavots no hrom\u0113ta met\u0101la, bet s\u0113deklis, kas izgatavots no polipropil\u0113na, ir pieejams div\u0101s kr\u0101s\u0101s: balt\u0101 un gaisa sp\u0113ku zil\u0101.<br \/>\nPateicoties komplekt\u0101 iek\u013cautajam komplektam, mont\u0101\u017ea ir \u0101tra un vienk\u0101r\u0161a.  <\/p>\n","protected":false},"featured_media":46592,"template":"","meta":{"_joinchat":[]},"product_brand":[],"product_cat":[1951,1976],"product_tag":[1977],"class_list":{"0":"post-46590","1":"product","2":"type-product","3":"status-publish","4":"has-post-thumbnail","6":"product_cat-sakums","7":"product_cat-sedvietas","8":"product_tag-kresli","10":"first","11":"instock","12":"taxable","13":"shipping-taxable","14":"purchasable","15":"product-type-variable"},"yoast_head":"<!-- This site is optimized with the Yoast SEO plugin v27.4 - https:\/\/yoast.com\/product\/yoast-seo-wordpress\/ -->\n<title>Kr\u0113sls - Bud Kr\u0113sls 09 - Formar.shop<\/title>\n<meta name=\"robots\" content=\"index, follow, max-snippet:-1, max-image-preview:large, max-video-preview:-1\" \/>\n<link rel=\"canonical\" href=\"https:\/\/formar.shop\/lv\/prodotto\/kresls-bud-kresls-09\/\" \/>\n<script type=\"application\/ld+json\" class=\"yoast-schema-graph\">{\"@context\":\"https:\\\/\\\/schema.org\",\"@graph\":[{\"@type\":\"WebPage\",\"@id\":\"https:\\\/\\\/formar.shop\\\/lv\\\/prodotto\\\/kresls-bud-kresls-09\\\/\",\"url\":\"https:\\\/\\\/formar.shop\\\/lv\\\/prodotto\\\/kresls-bud-kresls-09\\\/\",\"name\":\"Kr\u0113sls - Bud Kr\u0113sls 09 - Formar.shop\",\"isPartOf\":{\"@id\":\"https:\\\/\\\/formar.shop\\\/lv\\\/#website\"},\"primaryImageOfPage\":{\"@id\":\"https:\\\/\\\/formar.shop\\\/lv\\\/prodotto\\\/kresls-bud-kresls-09\\\/#primaryimage\"},\"image\":{\"@id\":\"https:\\\/\\\/formar.shop\\\/lv\\\/prodotto\\\/kresls-bud-kresls-09\\\/#primaryimage\"},\"thumbnailUrl\":\"https:\\\/\\\/static.formar.net\\\/wp-content\\\/uploads\\\/2020\\\/12\\\/22164335\\\/Immagini-di-prodotto-x-Amazon-26.png\",\"datePublished\":\"2025-01-18T20:31:28+00:00\",\"dateModified\":\"2025-01-18T20:31:41+00:00\",\"breadcrumb\":{\"@id\":\"https:\\\/\\\/formar.shop\\\/lv\\\/prodotto\\\/kresls-bud-kresls-09\\\/#breadcrumb\"},\"inLanguage\":\"lv-LV\",\"potentialAction\":[{\"@type\":\"ReadAction\",\"target\":[\"https:\\\/\\\/formar.shop\\\/lv\\\/prodotto\\\/kresls-bud-kresls-09\\\/\"]}]},{\"@type\":\"ImageObject\",\"inLanguage\":\"lv-LV\",\"@id\":\"https:\\\/\\\/formar.shop\\\/lv\\\/prodotto\\\/kresls-bud-kresls-09\\\/#primaryimage\",\"url\":\"https:\\\/\\\/static.formar.net\\\/wp-content\\\/uploads\\\/2020\\\/12\\\/22164335\\\/Immagini-di-prodotto-x-Amazon-26.png\",\"contentUrl\":\"https:\\\/\\\/static.formar.net\\\/wp-content\\\/uploads\\\/2020\\\/12\\\/22164335\\\/Immagini-di-prodotto-x-Amazon-26.png\",\"width\":1012,\"height\":1012},{\"@type\":\"BreadcrumbList\",\"@id\":\"https:\\\/\\\/formar.shop\\\/lv\\\/prodotto\\\/kresls-bud-kresls-09\\\/#breadcrumb\",\"itemListElement\":[{\"@type\":\"ListItem\",\"position\":1,\"name\":\"Home\",\"item\":\"https:\\\/\\\/formar.shop\\\/lv\\\/automatiskais-projekts\\\/\"},{\"@type\":\"ListItem\",\"position\":2,\"name\":\"Veikals\",\"item\":\"https:\\\/\\\/formar.shop\\\/lv\\\/veikals\\\/\"},{\"@type\":\"ListItem\",\"position\":3,\"name\":\"Kr\u0113sls &#8211; Bud Kr\u0113sls 09\"}]},{\"@type\":\"WebSite\",\"@id\":\"https:\\\/\\\/formar.shop\\\/lv\\\/#website\",\"url\":\"https:\\\/\\\/formar.shop\\\/lv\\\/\",\"name\":\"Formar.shop\",\"description\":\"Soluzioni espresse con stile\",\"potentialAction\":[{\"@type\":\"SearchAction\",\"target\":{\"@type\":\"EntryPoint\",\"urlTemplate\":\"https:\\\/\\\/formar.shop\\\/lv\\\/?s={search_term_string}\"},\"query-input\":{\"@type\":\"PropertyValueSpecification\",\"valueRequired\":true,\"valueName\":\"search_term_string\"}}],\"inLanguage\":\"lv-LV\"}]}<\/script>\n<!-- \/ Yoast SEO plugin. -->","yoast_head_json":{"title":"Kr\u0113sls - Bud Kr\u0113sls 09 - Formar.shop","robots":{"index":"index","follow":"follow","max-snippet":"max-snippet:-1","max-image-preview":"max-image-preview:large","max-video-preview":"max-video-preview:-1"},"canonical":"https:\/\/formar.shop\/lv\/prodotto\/kresls-bud-kresls-09\/","schema":{"@context":"https:\/\/schema.org","@graph":[{"@type":"WebPage","@id":"https:\/\/formar.shop\/lv\/prodotto\/kresls-bud-kresls-09\/","url":"https:\/\/formar.shop\/lv\/prodotto\/kresls-bud-kresls-09\/","name":"Kr\u0113sls - Bud Kr\u0113sls 09 - Formar.shop","isPartOf":{"@id":"https:\/\/formar.shop\/lv\/#website"},"primaryImageOfPage":{"@id":"https:\/\/formar.shop\/lv\/prodotto\/kresls-bud-kresls-09\/#primaryimage"},"image":{"@id":"https:\/\/formar.shop\/lv\/prodotto\/kresls-bud-kresls-09\/#primaryimage"},"thumbnailUrl":"https:\/\/static.formar.net\/wp-content\/uploads\/2020\/12\/22164335\/Immagini-di-prodotto-x-Amazon-26.png","datePublished":"2025-01-18T20:31:28+00:00","dateModified":"2025-01-18T20:31:41+00:00","breadcrumb":{"@id":"https:\/\/formar.shop\/lv\/prodotto\/kresls-bud-kresls-09\/#breadcrumb"},"inLanguage":"lv-LV","potentialAction":[{"@type":"ReadAction","target":["https:\/\/formar.shop\/lv\/prodotto\/kresls-bud-kresls-09\/"]}]},{"@type":"ImageObject","inLanguage":"lv-LV","@id":"https:\/\/formar.shop\/lv\/prodotto\/kresls-bud-kresls-09\/#primaryimage","url":"https:\/\/static.formar.net\/wp-content\/uploads\/2020\/12\/22164335\/Immagini-di-prodotto-x-Amazon-26.png","contentUrl":"https:\/\/static.formar.net\/wp-content\/uploads\/2020\/12\/22164335\/Immagini-di-prodotto-x-Amazon-26.png","width":1012,"height":1012},{"@type":"BreadcrumbList","@id":"https:\/\/formar.shop\/lv\/prodotto\/kresls-bud-kresls-09\/#breadcrumb","itemListElement":[{"@type":"ListItem","position":1,"name":"Home","item":"https:\/\/formar.shop\/lv\/automatiskais-projekts\/"},{"@type":"ListItem","position":2,"name":"Veikals","item":"https:\/\/formar.shop\/lv\/veikals\/"},{"@type":"ListItem","position":3,"name":"Kr\u0113sls &#8211; Bud Kr\u0113sls 09"}]},{"@type":"WebSite","@id":"https:\/\/formar.shop\/lv\/#website","url":"https:\/\/formar.shop\/lv\/","name":"Formar.shop","description":"Soluzioni espresse con stile","potentialAction":[{"@type":"SearchAction","target":{"@type":"EntryPoint","urlTemplate":"https:\/\/formar.shop\/lv\/?s={search_term_string}"},"query-input":{"@type":"PropertyValueSpecification","valueRequired":true,"valueName":"search_term_string"}}],"inLanguage":"lv-LV"}]}},"_links":{"self":[{"href":"https:\/\/formar.shop\/lv\/wp-json\/wp\/v2\/product\/46590","targetHints":{"allow":["GET"]}}],"collection":[{"href":"https:\/\/formar.shop\/lv\/wp-json\/wp\/v2\/product"}],"about":[{"href":"https:\/\/formar.shop\/lv\/wp-json\/wp\/v2\/types\/product"}],"wp:featuredmedia":[{"embeddable":true,"href":"https:\/\/formar.shop\/lv\/wp-json\/wp\/v2\/media\/46592"}],"wp:attachment":[{"href":"https:\/\/formar.shop\/lv\/wp-json\/wp\/v2\/media?parent=46590"}],"wp:term":[{"taxonomy":"product_brand","embeddable":true,"href":"https:\/\/formar.shop\/lv\/wp-json\/wp\/v2\/product_brand?post=46590"},{"taxonomy":"product_cat","embeddable":true,"href":"https:\/\/formar.shop\/lv\/wp-json\/wp\/v2\/product_cat?post=46590"},{"taxonomy":"product_tag","embeddable":true,"href":"https:\/\/formar.shop\/lv\/wp-json\/wp\/v2\/product_tag?post=46590"}],"curies":[{"name":"wp","href":"https:\/\/api.w.org\/{rel}","templated":true}]}}