{"id":49746,"date":"2025-01-19T08:55:27","date_gmt":"2025-01-19T07:55:27","guid":{"rendered":"https:\/\/formar.shop\/pasutijumu-izsekosana\/"},"modified":"2025-01-19T08:55:30","modified_gmt":"2025-01-19T07:55:30","slug":"pasutijumu-izsekosana","status":"publish","type":"page","link":"https:\/\/formar.shop\/lv\/pasutijumu-izsekosana\/","title":{"rendered":"Pas\u016bt\u012bjumu izseko\u0161ana"},"content":{"rendered":"\n[vc_row][vc_column]<div class=\"woocommerce\"><\/div>[\/vc_column][\/vc_row]\n","protected":false},"excerpt":{"rendered":"[vc_row][vc_column][\/vc_column][\/vc_row]\n","protected":false},"author":1,"featured_media":0,"parent":0,"menu_order":0,"comment_status":"closed","ping_status":"closed","template":"","meta":{"_joinchat":[],"footnotes":""},"class_list":["post-49746","page","type-page","status-publish","hentry"],"yoast_head":"<!-- This site is optimized with the Yoast SEO plugin v27.3 - https:\/\/yoast.com\/product\/yoast-seo-wordpress\/ -->\n<title>Pas\u016bt\u012bjumu izseko\u0161ana - Formar.shop<\/title>\n<meta name=\"robots\" content=\"index, follow, max-snippet:-1, max-image-preview:large, max-video-preview:-1\" \/>\n<link rel=\"canonical\" href=\"https:\/\/formar.shop\/lv\/pasutijumu-izsekosana\/\" \/>\n<script type=\"application\/ld+json\" class=\"yoast-schema-graph\">{\"@context\":\"https:\\\/\\\/schema.org\",\"@graph\":[{\"@type\":\"WebPage\",\"@id\":\"https:\\\/\\\/formar.shop\\\/lv\\\/pasutijumu-izsekosana\\\/\",\"url\":\"https:\\\/\\\/formar.shop\\\/lv\\\/pasutijumu-izsekosana\\\/\",\"name\":\"Pas\u016bt\u012bjumu izseko\u0161ana - Formar.shop\",\"isPartOf\":{\"@id\":\"https:\\\/\\\/formar.shop\\\/lv\\\/#website\"},\"datePublished\":\"2025-01-19T07:55:27+00:00\",\"dateModified\":\"2025-01-19T07:55:30+00:00\",\"breadcrumb\":{\"@id\":\"https:\\\/\\\/formar.shop\\\/lv\\\/pasutijumu-izsekosana\\\/#breadcrumb\"},\"inLanguage\":\"lv-LV\",\"potentialAction\":[{\"@type\":\"ReadAction\",\"target\":[\"https:\\\/\\\/formar.shop\\\/lv\\\/pasutijumu-izsekosana\\\/\"]}]},{\"@type\":\"BreadcrumbList\",\"@id\":\"https:\\\/\\\/formar.shop\\\/lv\\\/pasutijumu-izsekosana\\\/#breadcrumb\",\"itemListElement\":[{\"@type\":\"ListItem\",\"position\":1,\"name\":\"Home\",\"item\":\"https:\\\/\\\/formar.shop\\\/lv\\\/automatiskais-projekts\\\/\"},{\"@type\":\"ListItem\",\"position\":2,\"name\":\"Pas\u016bt\u012bjumu izseko\u0161ana\"}]},{\"@type\":\"WebSite\",\"@id\":\"https:\\\/\\\/formar.shop\\\/lv\\\/#website\",\"url\":\"https:\\\/\\\/formar.shop\\\/lv\\\/\",\"name\":\"Formar.shop\",\"description\":\"Soluzioni espresse con stile\",\"potentialAction\":[{\"@type\":\"SearchAction\",\"target\":{\"@type\":\"EntryPoint\",\"urlTemplate\":\"https:\\\/\\\/formar.shop\\\/lv\\\/?s={search_term_string}\"},\"query-input\":{\"@type\":\"PropertyValueSpecification\",\"valueRequired\":true,\"valueName\":\"search_term_string\"}}],\"inLanguage\":\"lv-LV\"}]}<\/script>\n<!-- \/ Yoast SEO plugin. -->","yoast_head_json":{"title":"Pas\u016bt\u012bjumu izseko\u0161ana - Formar.shop","robots":{"index":"index","follow":"follow","max-snippet":"max-snippet:-1","max-image-preview":"max-image-preview:large","max-video-preview":"max-video-preview:-1"},"canonical":"https:\/\/formar.shop\/lv\/pasutijumu-izsekosana\/","schema":{"@context":"https:\/\/schema.org","@graph":[{"@type":"WebPage","@id":"https:\/\/formar.shop\/lv\/pasutijumu-izsekosana\/","url":"https:\/\/formar.shop\/lv\/pasutijumu-izsekosana\/","name":"Pas\u016bt\u012bjumu izseko\u0161ana - Formar.shop","isPartOf":{"@id":"https:\/\/formar.shop\/lv\/#website"},"datePublished":"2025-01-19T07:55:27+00:00","dateModified":"2025-01-19T07:55:30+00:00","breadcrumb":{"@id":"https:\/\/formar.shop\/lv\/pasutijumu-izsekosana\/#breadcrumb"},"inLanguage":"lv-LV","potentialAction":[{"@type":"ReadAction","target":["https:\/\/formar.shop\/lv\/pasutijumu-izsekosana\/"]}]},{"@type":"BreadcrumbList","@id":"https:\/\/formar.shop\/lv\/pasutijumu-izsekosana\/#breadcrumb","itemListElement":[{"@type":"ListItem","position":1,"name":"Home","item":"https:\/\/formar.shop\/lv\/automatiskais-projekts\/"},{"@type":"ListItem","position":2,"name":"Pas\u016bt\u012bjumu izseko\u0161ana"}]},{"@type":"WebSite","@id":"https:\/\/formar.shop\/lv\/#website","url":"https:\/\/formar.shop\/lv\/","name":"Formar.shop","description":"Soluzioni espresse con stile","potentialAction":[{"@type":"SearchAction","target":{"@type":"EntryPoint","urlTemplate":"https:\/\/formar.shop\/lv\/?s={search_term_string}"},"query-input":{"@type":"PropertyValueSpecification","valueRequired":true,"valueName":"search_term_string"}}],"inLanguage":"lv-LV"}]}},"_links":{"self":[{"href":"https:\/\/formar.shop\/lv\/wp-json\/wp\/v2\/pages\/49746","targetHints":{"allow":["GET"]}}],"collection":[{"href":"https:\/\/formar.shop\/lv\/wp-json\/wp\/v2\/pages"}],"about":[{"href":"https:\/\/formar.shop\/lv\/wp-json\/wp\/v2\/types\/page"}],"author":[{"embeddable":true,"href":"https:\/\/formar.shop\/lv\/wp-json\/wp\/v2\/users\/1"}],"replies":[{"embeddable":true,"href":"https:\/\/formar.shop\/lv\/wp-json\/wp\/v2\/comments?post=49746"}],"version-history":[{"count":1,"href":"https:\/\/formar.shop\/lv\/wp-json\/wp\/v2\/pages\/49746\/revisions"}],"predecessor-version":[{"id":49748,"href":"https:\/\/formar.shop\/lv\/wp-json\/wp\/v2\/pages\/49746\/revisions\/49748"}],"wp:attachment":[{"href":"https:\/\/formar.shop\/lv\/wp-json\/wp\/v2\/media?parent=49746"}],"curies":[{"name":"wp","href":"https:\/\/api.w.org\/{rel}","templated":true}]}}